{"id":246477,"date":"2023-05-10T04:13:16","date_gmt":"2023-05-10T02:13:16","guid":{"rendered":"https:\/\/nueva.ledsolintel.com\/product\/pantalla-estanca-led-jx-atex-20w-de-roblan\/"},"modified":"2023-05-10T04:13:16","modified_gmt":"2023-05-10T02:13:16","slug":"pantalla-estanca-led-jx-atex-20w-de-roblan","status":"publish","type":"product","link":"https:\/\/ledsolintel.com\/fr\/produit-2\/pantalla-estanca-led-jx-atex-20w-de-roblan\/","title":{"rendered":"Roblan JX ATEX 20W Afficheur LED \u00e9tanche JX ATEX 20W"},"content":{"rendered":"<p>Roblan JX ATEX 20W Afficheur LED \u00e9tanche JX ATEX 20W<\/p>\n<p>\u00a0<\/p>\n<p>Les luminaires \u00e9tanches JX ATEX avec LED int\u00e9gr\u00e9e sont certifi\u00e9s pour les environnements class\u00e9s ATEX\/IECEx. Le bo\u00eetier est fabriqu\u00e9 en aluminium sans cuivre avec un traitement d'oxydation anodique, un mat\u00e9riau solide et rigide avec une protection \u00e9lev\u00e9e contre la corrosion et l'usure et une bonne isolation thermique.\u00a0<\/p>\n<p>Il peut \u00eatre utilis\u00e9 dans les zones d'atmosph\u00e8re explosive Zone 1 et 21, Zone 2 et 22. Il convient aux environnements ext\u00e9rieurs hostiles et corrosifs.<\/p>\n<p>\u00a0<\/p>\n<ul>\n<li>Puissance : 20 W<\/li>\n<li>Tension : 100-240 V, 50\/60 Hz<\/li>\n<li>PF &gt; 0,95<\/li>\n<li>Luminance : 2000 lm<\/li>\n<li>CCT :<\/li>\n<ul>\n<li>4000 K<\/li>\n<li>6000 K<\/li>\n<\/ul>\n<li>Optique : 120\u00ba.<\/li>\n<li>Dur\u00e9e de vie : 50 000 h<\/li>\n<li>Marquage ATEX : II 2GD Ex d e IIC T6 Gb \/ DIP A21 TA,T6 IP66<\/li>\n<li>Protection IP66<\/li>\n<li>Protection IK09<\/li>\n<li>Dimensiones: 600 x 116 x 40 mm<\/li>\n<\/ul>","protected":false},"excerpt":{"rendered":"<p>Afficheur \u00e9tanche Roblan JX ATEX. LED int\u00e9gr\u00e9e. Protection contre la corrosion, la poussi\u00e8re, l'humidit\u00e9 et l'explosion. Pour l'\u00e9clairage industriel en atmosph\u00e8re explosive.<\/p>","protected":false},"featured_media":246476,"template":"","meta":[],"product_brand":[99355],"product_cat":[99639,99877,99577,99687],"product_tag":[],"class_list":{"0":"post-246477","1":"product","2":"type-product","3":"status-publish","4":"has-post-thumbnail","6":"product_brand-roblan","7":"product_cat-luminarias-led-atex","8":"product_cat-pantallas-estancas","9":"product_cat-iluminacion-industrial-y-comercial","10":"product_cat-tubos-pantallas-estancas-regletas-lineales-led","11":"pa_cct-4000k","12":"pa_cct-6000k","15":"instock","16":"taxable","17":"shipping-taxable","18":"purchasable","19":"product-type-variable","20":"has-default-attributes"},"yoast_head":"<!-- This site is optimized with the Yoast SEO plugin v26.6 - https:\/\/yoast.com\/wordpress\/plugins\/seo\/ -->\n<title>Pantalla estanca LED JX ATEX 20W de Roblan<\/title>\n<meta name=\"description\" content=\"Pantalla estanca JX ATEX de Roblan. LED integrado. Protecci\u00f3n contra corrosi\u00f3n, polvo, humedad y explosiones. iluminaci\u00f3n industrial en atm\u00f3sferas explosivas\" \/>\n<meta name=\"robots\" content=\"index, follow, max-snippet:-1, max-image-preview:large, max-video-preview:-1\" \/>\n<link rel=\"canonical\" href=\"https:\/\/ledsolintel.com\/fr\/produit-2\/pantalla-estanca-led-jx-atex-20w-de-roblan\/\" \/>\n<meta property=\"og:locale\" content=\"fr_FR\" \/>\n<meta property=\"og:type\" content=\"article\" \/>\n<meta property=\"og:title\" content=\"Pantalla estanca LED JX ATEX 20W de Roblan\" \/>\n<meta property=\"og:description\" content=\"Pantalla estanca JX ATEX de Roblan. LED integrado. Protecci\u00f3n contra corrosi\u00f3n, polvo, humedad y explosiones. iluminaci\u00f3n industrial en atm\u00f3sferas explosivas\" \/>\n<meta property=\"og:url\" content=\"https:\/\/ledsolintel.com\/fr\/produit-2\/pantalla-estanca-led-jx-atex-20w-de-roblan\/\" \/>\n<meta property=\"og:site_name\" content=\"Ledsolintel\" \/>\n<meta property=\"article:publisher\" content=\"http:\/\/www.facebook.com\/webmenaje\" \/>\n<meta property=\"og:image\" content=\"https:\/\/ledsolintel.com\/wp-content\/uploads\/2023\/05\/20474-Pantalla-estanca-LED-JX-ATEX-20W-de-Roblan.jpg\" \/>\n\t<meta property=\"og:image:width\" content=\"1\" \/>\n\t<meta property=\"og:image:height\" content=\"1\" \/>\n\t<meta property=\"og:image:type\" content=\"image\/jpeg\" \/>\n<meta name=\"twitter:card\" content=\"summary_large_image\" \/>\n<meta name=\"twitter:site\" content=\"@webmenaje\" \/>\n<meta name=\"twitter:label1\" content=\"Dur\u00e9e de lecture estim\u00e9e\" \/>\n\t<meta name=\"twitter:data1\" content=\"1 minute\" \/>\n<script type=\"application\/ld+json\" class=\"yoast-schema-graph\">{\"@context\":\"https:\/\/schema.org\",\"@graph\":[{\"@type\":\"WebPage\",\"@id\":\"https:\/\/ledsolintel.com\/product\/pantalla-estanca-led-jx-atex-20w-de-roblan\/\",\"url\":\"https:\/\/ledsolintel.com\/product\/pantalla-estanca-led-jx-atex-20w-de-roblan\/\",\"name\":\"Pantalla estanca LED JX ATEX 20W de Roblan\",\"isPartOf\":{\"@id\":\"https:\/\/ledsolintel.com\/#website\"},\"primaryImageOfPage\":{\"@id\":\"https:\/\/ledsolintel.com\/product\/pantalla-estanca-led-jx-atex-20w-de-roblan\/#primaryimage\"},\"image\":{\"@id\":\"https:\/\/ledsolintel.com\/product\/pantalla-estanca-led-jx-atex-20w-de-roblan\/#primaryimage\"},\"thumbnailUrl\":\"https:\/\/ledsolintel.com\/wp-content\/uploads\/2023\/05\/20474-Pantalla-estanca-LED-JX-ATEX-20W-de-Roblan.jpg\",\"datePublished\":\"2023-05-10T02:13:16+00:00\",\"description\":\"Pantalla estanca JX ATEX de Roblan. LED integrado. Protecci\u00f3n contra corrosi\u00f3n, polvo, humedad y explosiones. iluminaci\u00f3n industrial en atm\u00f3sferas explosivas\",\"breadcrumb\":{\"@id\":\"https:\/\/ledsolintel.com\/product\/pantalla-estanca-led-jx-atex-20w-de-roblan\/#breadcrumb\"},\"inLanguage\":\"fr-FR\",\"potentialAction\":[{\"@type\":\"ReadAction\",\"target\":[\"https:\/\/ledsolintel.com\/product\/pantalla-estanca-led-jx-atex-20w-de-roblan\/\"]}]},{\"@type\":\"ImageObject\",\"inLanguage\":\"fr-FR\",\"@id\":\"https:\/\/ledsolintel.com\/product\/pantalla-estanca-led-jx-atex-20w-de-roblan\/#primaryimage\",\"url\":\"https:\/\/ledsolintel.com\/wp-content\/uploads\/2023\/05\/20474-Pantalla-estanca-LED-JX-ATEX-20W-de-Roblan.jpg\",\"contentUrl\":\"https:\/\/ledsolintel.com\/wp-content\/uploads\/2023\/05\/20474-Pantalla-estanca-LED-JX-ATEX-20W-de-Roblan.jpg\",\"caption\":\"Pantalla estanca LED JX ATEX 20W de Roblan\"},{\"@type\":\"BreadcrumbList\",\"@id\":\"https:\/\/ledsolintel.com\/product\/pantalla-estanca-led-jx-atex-20w-de-roblan\/#breadcrumb\",\"itemListElement\":[{\"@type\":\"ListItem\",\"position\":1,\"name\":\"Portada\",\"item\":\"https:\/\/ledsolintel.com\/fr\/\"},{\"@type\":\"ListItem\",\"position\":2,\"name\":\"Tienda\",\"item\":\"https:\/\/ledsolintel.com\/tienda\/\"},{\"@type\":\"ListItem\",\"position\":3,\"name\":\"Pantalla estanca LED JX ATEX 20W de Roblan\"}]},{\"@type\":\"WebSite\",\"@id\":\"https:\/\/ledsolintel.com\/#website\",\"url\":\"https:\/\/ledsolintel.com\/\",\"name\":\"Webmenaje\",\"description\":\"Tienda de bombillas y l\u00e1mparas LED para profesionales\",\"publisher\":{\"@id\":\"https:\/\/ledsolintel.com\/#organization\"},\"potentialAction\":[{\"@type\":\"SearchAction\",\"target\":{\"@type\":\"EntryPoint\",\"urlTemplate\":\"https:\/\/ledsolintel.com\/?s={search_term_string}\"},\"query-input\":{\"@type\":\"PropertyValueSpecification\",\"valueRequired\":true,\"valueName\":\"search_term_string\"}}],\"inLanguage\":\"fr-FR\"},{\"@type\":\"Organization\",\"@id\":\"https:\/\/ledsolintel.com\/#organization\",\"name\":\"Solintel Noroeste, S.L.\",\"url\":\"https:\/\/ledsolintel.com\/\",\"logo\":{\"@type\":\"ImageObject\",\"inLanguage\":\"fr-FR\",\"@id\":\"https:\/\/ledsolintel.com\/#\/schema\/logo\/image\/\",\"url\":\"https:\/\/ledsolintel.com\/wp-content\/uploads\/2024\/11\/webmenaje-logo-1508269066.jpg\",\"contentUrl\":\"https:\/\/ledsolintel.com\/wp-content\/uploads\/2024\/11\/webmenaje-logo-1508269066.jpg\",\"width\":370,\"height\":90,\"caption\":\"Solintel Noroeste, S.L.\"},\"image\":{\"@id\":\"https:\/\/ledsolintel.com\/#\/schema\/logo\/image\/\"},\"sameAs\":[\"http:\/\/www.facebook.com\/webmenaje\",\"https:\/\/x.com\/webmenaje\",\"https:\/\/www.youtube.com\/channel\/UCX2KoVoeCG4LocZjUc6LmSQ\",\"http:\/\/www.pinterest.com\/webmenaje\"]}]}<\/script>\n<!-- \/ Yoast SEO plugin. -->","yoast_head_json":{"title":"Roblan JX ATEX 20W Afficheur LED \u00e9tanche JX ATEX 20W","description":"Pantalla estanca JX ATEX de Roblan. LED integrado. Protecci\u00f3n contra corrosi\u00f3n, polvo, humedad y explosiones. iluminaci\u00f3n industrial en atm\u00f3sferas explosivas","robots":{"index":"index","follow":"follow","max-snippet":"max-snippet:-1","max-image-preview":"max-image-preview:large","max-video-preview":"max-video-preview:-1"},"canonical":"https:\/\/ledsolintel.com\/fr\/produit-2\/pantalla-estanca-led-jx-atex-20w-de-roblan\/","og_locale":"fr_FR","og_type":"article","og_title":"Pantalla estanca LED JX ATEX 20W de Roblan","og_description":"Pantalla estanca JX ATEX de Roblan. LED integrado. Protecci\u00f3n contra corrosi\u00f3n, polvo, humedad y explosiones. iluminaci\u00f3n industrial en atm\u00f3sferas explosivas","og_url":"https:\/\/ledsolintel.com\/fr\/produit-2\/pantalla-estanca-led-jx-atex-20w-de-roblan\/","og_site_name":"Ledsolintel","article_publisher":"http:\/\/www.facebook.com\/webmenaje","og_image":[{"url":"https:\/\/ledsolintel.com\/wp-content\/uploads\/2023\/05\/20474-Pantalla-estanca-LED-JX-ATEX-20W-de-Roblan.jpg","width":1,"height":1,"type":"image\/jpeg"}],"twitter_card":"summary_large_image","twitter_site":"@webmenaje","twitter_misc":{"Dur\u00e9e de lecture estim\u00e9e":"1 minute"},"schema":{"@context":"https:\/\/schema.org","@graph":[{"@type":"WebPage","@id":"https:\/\/ledsolintel.com\/product\/pantalla-estanca-led-jx-atex-20w-de-roblan\/","url":"https:\/\/ledsolintel.com\/product\/pantalla-estanca-led-jx-atex-20w-de-roblan\/","name":"Roblan JX ATEX 20W Afficheur LED \u00e9tanche JX ATEX 20W","isPartOf":{"@id":"https:\/\/ledsolintel.com\/#website"},"primaryImageOfPage":{"@id":"https:\/\/ledsolintel.com\/product\/pantalla-estanca-led-jx-atex-20w-de-roblan\/#primaryimage"},"image":{"@id":"https:\/\/ledsolintel.com\/product\/pantalla-estanca-led-jx-atex-20w-de-roblan\/#primaryimage"},"thumbnailUrl":"https:\/\/ledsolintel.com\/wp-content\/uploads\/2023\/05\/20474-Pantalla-estanca-LED-JX-ATEX-20W-de-Roblan.jpg","datePublished":"2023-05-10T02:13:16+00:00","description":"Pantalla estanca JX ATEX de Roblan. LED integrado. Protecci\u00f3n contra corrosi\u00f3n, polvo, humedad y explosiones. iluminaci\u00f3n industrial en atm\u00f3sferas explosivas","breadcrumb":{"@id":"https:\/\/ledsolintel.com\/product\/pantalla-estanca-led-jx-atex-20w-de-roblan\/#breadcrumb"},"inLanguage":"fr-FR","potentialAction":[{"@type":"ReadAction","target":["https:\/\/ledsolintel.com\/product\/pantalla-estanca-led-jx-atex-20w-de-roblan\/"]}]},{"@type":"ImageObject","inLanguage":"fr-FR","@id":"https:\/\/ledsolintel.com\/product\/pantalla-estanca-led-jx-atex-20w-de-roblan\/#primaryimage","url":"https:\/\/ledsolintel.com\/wp-content\/uploads\/2023\/05\/20474-Pantalla-estanca-LED-JX-ATEX-20W-de-Roblan.jpg","contentUrl":"https:\/\/ledsolintel.com\/wp-content\/uploads\/2023\/05\/20474-Pantalla-estanca-LED-JX-ATEX-20W-de-Roblan.jpg","caption":"Pantalla estanca LED JX ATEX 20W de Roblan"},{"@type":"BreadcrumbList","@id":"https:\/\/ledsolintel.com\/product\/pantalla-estanca-led-jx-atex-20w-de-roblan\/#breadcrumb","itemListElement":[{"@type":"ListItem","position":1,"name":"Portada","item":"https:\/\/ledsolintel.com\/fr\/"},{"@type":"ListItem","position":2,"name":"Tienda","item":"https:\/\/ledsolintel.com\/tienda\/"},{"@type":"ListItem","position":3,"name":"Pantalla estanca LED JX ATEX 20W de Roblan"}]},{"@type":"WebSite","@id":"https:\/\/ledsolintel.com\/#website","url":"https:\/\/ledsolintel.com\/","name":"Webmenaje","description":"Magasin d'ampoules et de lampes LED pour les professionnels","publisher":{"@id":"https:\/\/ledsolintel.com\/#organization"},"potentialAction":[{"@type":"SearchAction","target":{"@type":"EntryPoint","urlTemplate":"https:\/\/ledsolintel.com\/?s={search_term_string}"},"query-input":{"@type":"PropertyValueSpecification","valueRequired":true,"valueName":"search_term_string"}}],"inLanguage":"fr-FR"},{"@type":"Organization","@id":"https:\/\/ledsolintel.com\/#organization","name":"Solintel Noroeste, S.L.","url":"https:\/\/ledsolintel.com\/","logo":{"@type":"ImageObject","inLanguage":"fr-FR","@id":"https:\/\/ledsolintel.com\/#\/schema\/logo\/image\/","url":"https:\/\/ledsolintel.com\/wp-content\/uploads\/2024\/11\/webmenaje-logo-1508269066.jpg","contentUrl":"https:\/\/ledsolintel.com\/wp-content\/uploads\/2024\/11\/webmenaje-logo-1508269066.jpg","width":370,"height":90,"caption":"Solintel Noroeste, S.L."},"image":{"@id":"https:\/\/ledsolintel.com\/#\/schema\/logo\/image\/"},"sameAs":["http:\/\/www.facebook.com\/webmenaje","https:\/\/x.com\/webmenaje","https:\/\/www.youtube.com\/channel\/UCX2KoVoeCG4LocZjUc6LmSQ","http:\/\/www.pinterest.com\/webmenaje"]}]}},"_links":{"self":[{"href":"https:\/\/ledsolintel.com\/fr\/wp-json\/wp\/v2\/product\/246477","targetHints":{"allow":["GET"]}}],"collection":[{"href":"https:\/\/ledsolintel.com\/fr\/wp-json\/wp\/v2\/product"}],"about":[{"href":"https:\/\/ledsolintel.com\/fr\/wp-json\/wp\/v2\/types\/product"}],"version-history":[{"count":0,"href":"https:\/\/ledsolintel.com\/fr\/wp-json\/wp\/v2\/product\/246477\/revisions"}],"wp:featuredmedia":[{"embeddable":true,"href":"https:\/\/ledsolintel.com\/fr\/wp-json\/wp\/v2\/media\/246476"}],"wp:attachment":[{"href":"https:\/\/ledsolintel.com\/fr\/wp-json\/wp\/v2\/media?parent=246477"}],"wp:term":[{"taxonomy":"product_brand","embeddable":true,"href":"https:\/\/ledsolintel.com\/fr\/wp-json\/wp\/v2\/product_brand?post=246477"},{"taxonomy":"product_cat","embeddable":true,"href":"https:\/\/ledsolintel.com\/fr\/wp-json\/wp\/v2\/product_cat?post=246477"},{"taxonomy":"product_tag","embeddable":true,"href":"https:\/\/ledsolintel.com\/fr\/wp-json\/wp\/v2\/product_tag?post=246477"}],"curies":[{"name":"wp","href":"https:\/\/api.w.org\/{rel}","templated":true}]}}