{"id":246475,"date":"2023-05-09T13:21:46","date_gmt":"2023-05-09T11:21:46","guid":{"rendered":"https:\/\/nueva.ledsolintel.com\/product\/pantalla-estanca-jx-atex-t8-120-cm-de-roblan\/"},"modified":"2023-05-09T13:21:46","modified_gmt":"2023-05-09T11:21:46","slug":"pantalla-estanca-jx-atex-t8-120-cm-de-roblan","status":"publish","type":"product","link":"https:\/\/ledsolintel.com\/fr\/produit-2\/pantalla-estanca-jx-atex-t8-120-cm-de-roblan\/","title":{"rendered":"Roblan JX ATEX T8 120 cm abat-jour \u00e9tanche JX ATEX T8 120 cm"},"content":{"rendered":"<p>Bo\u00eetier \u00e9tanche Roblan JX ATEX T8<\/p>\n<p>\u00a0<\/p>\n<div class=\"elementor-element elementor-element-9b032bc elementor-widget elementor-widget-woocommerce-product-content\" data-id=\"9b032bc\" data-element_type=\"widget\" data-widget_type=\"woocommerce-product-content.default\">\n<div class=\"elementor-widget-container\">\n<p>Le luminaire \u00e9tanche JX ATEX T8, approuv\u00e9 pour les environnements class\u00e9s ATEX\/IECEx, est prot\u00e9g\u00e9 par un bo\u00eetier en GRP (plastique renforc\u00e9 de verre), un mat\u00e9riau l\u00e9ger et r\u00e9sistant, rigide, avec une bonne r\u00e9sistance \u00e0 la corrosion et \u00e0 l'usure et une bonne isolation thermique. Il int\u00e8gre un dispositif de verrouillage antid\u00e9flagrant avec arr\u00eat automatique en cas d'ouverture du bo\u00eetier. Diffuseur en polycarbonate antireflet et protection contre la poussi\u00e8re, l'humidit\u00e9 et les explosions. Convient pour une utilisation dans les zones d'atmosph\u00e8re explosive Zone 1 et 21, Zone 2 et 22. Convient pour les environnements ext\u00e9rieurs hostiles et corrosifs.<\/p>\n<p>Le tube n'est pas inclus.<\/p>\n<p>\u00a0<\/p>\n<ul>\n<li>Protection IP66<\/li>\n<li>Protection IK09<\/li>\n<li>Marquage ATEX : II 2GD Ex d e IIC T6 Gb \/ DIP A21 TA,T6 IP66<\/li>\n<li>Dimensions : 120 x 1380 x 208 mm<\/li>\n<\/ul><\/div>\n<\/p><\/div>","protected":false},"excerpt":{"rendered":"<p>Bouclier \u00e9tanche Roblan JX ATEX T8. Plastique renforc\u00e9 de verre, protection contre la corrosion, la poussi\u00e8re, l'humidit\u00e9 et l'explosion. Syst\u00e8me d'arr\u00eat automatique \u00e0 l'ouverture du bo\u00eetier.<\/p>","protected":false},"featured_media":246474,"template":"","meta":[],"product_brand":[99355],"product_cat":[99639,99877,99577,99687],"product_tag":[],"class_list":{"0":"post-246475","1":"product","2":"type-product","3":"status-publish","4":"has-post-thumbnail","6":"product_brand-roblan","7":"product_cat-luminarias-led-atex","8":"product_cat-pantallas-estancas","9":"product_cat-iluminacion-industrial-y-comercial","10":"product_cat-tubos-pantallas-estancas-regletas-lineales-led","13":"instock","14":"taxable","15":"shipping-taxable","16":"purchasable","17":"product-type-simple"},"yoast_head":"<!-- This site is optimized with the Yoast SEO plugin v26.6 - https:\/\/yoast.com\/wordpress\/plugins\/seo\/ -->\n<title>Pantalla estanca JX ATEX T8 120 cm de Roblan<\/title>\n<meta name=\"description\" content=\"Pantalla estanca JX ATEX T8 de Roblan. Pl\u00e1stico reforzado con vidrio, protecci\u00f3n contra corrosi\u00f3n, polvo, humedad y explosiones. Iluminaci\u00f3n entornos explosivos\" \/>\n<meta name=\"robots\" content=\"index, follow, max-snippet:-1, max-image-preview:large, max-video-preview:-1\" \/>\n<link rel=\"canonical\" href=\"https:\/\/ledsolintel.com\/fr\/produit-2\/pantalla-estanca-jx-atex-t8-120-cm-de-roblan\/\" \/>\n<meta property=\"og:locale\" content=\"fr_FR\" \/>\n<meta property=\"og:type\" content=\"article\" \/>\n<meta property=\"og:title\" content=\"Pantalla estanca JX ATEX T8 120 cm de Roblan\" \/>\n<meta property=\"og:description\" content=\"Pantalla estanca JX ATEX T8 de Roblan. Pl\u00e1stico reforzado con vidrio, protecci\u00f3n contra corrosi\u00f3n, polvo, humedad y explosiones. Iluminaci\u00f3n entornos explosivos\" \/>\n<meta property=\"og:url\" content=\"https:\/\/ledsolintel.com\/fr\/produit-2\/pantalla-estanca-jx-atex-t8-120-cm-de-roblan\/\" \/>\n<meta property=\"og:site_name\" content=\"Ledsolintel\" \/>\n<meta property=\"article:publisher\" content=\"http:\/\/www.facebook.com\/webmenaje\" \/>\n<meta property=\"og:image\" content=\"https:\/\/ledsolintel.com\/wp-content\/uploads\/2023\/05\/20473-Pantalla-estanca-JX-ATEX-T8-60-cm-de-Roblan.jpg\" \/>\n\t<meta property=\"og:image:width\" content=\"1\" \/>\n\t<meta property=\"og:image:height\" content=\"1\" \/>\n\t<meta property=\"og:image:type\" content=\"image\/jpeg\" \/>\n<meta name=\"twitter:card\" content=\"summary_large_image\" \/>\n<meta name=\"twitter:site\" content=\"@webmenaje\" \/>\n<meta name=\"twitter:label1\" content=\"Dur\u00e9e de lecture estim\u00e9e\" \/>\n\t<meta name=\"twitter:data1\" content=\"1 minute\" \/>\n<script type=\"application\/ld+json\" class=\"yoast-schema-graph\">{\"@context\":\"https:\/\/schema.org\",\"@graph\":[{\"@type\":\"WebPage\",\"@id\":\"https:\/\/ledsolintel.com\/product\/pantalla-estanca-jx-atex-t8-120-cm-de-roblan\/\",\"url\":\"https:\/\/ledsolintel.com\/product\/pantalla-estanca-jx-atex-t8-120-cm-de-roblan\/\",\"name\":\"Pantalla estanca JX ATEX T8 120 cm de Roblan\",\"isPartOf\":{\"@id\":\"https:\/\/ledsolintel.com\/#website\"},\"primaryImageOfPage\":{\"@id\":\"https:\/\/ledsolintel.com\/product\/pantalla-estanca-jx-atex-t8-120-cm-de-roblan\/#primaryimage\"},\"image\":{\"@id\":\"https:\/\/ledsolintel.com\/product\/pantalla-estanca-jx-atex-t8-120-cm-de-roblan\/#primaryimage\"},\"thumbnailUrl\":\"https:\/\/ledsolintel.com\/wp-content\/uploads\/2023\/05\/20473-Pantalla-estanca-JX-ATEX-T8-60-cm-de-Roblan.jpg\",\"datePublished\":\"2023-05-09T11:21:46+00:00\",\"description\":\"Pantalla estanca JX ATEX T8 de Roblan. Pl\u00e1stico reforzado con vidrio, protecci\u00f3n contra corrosi\u00f3n, polvo, humedad y explosiones. Iluminaci\u00f3n entornos explosivos\",\"breadcrumb\":{\"@id\":\"https:\/\/ledsolintel.com\/product\/pantalla-estanca-jx-atex-t8-120-cm-de-roblan\/#breadcrumb\"},\"inLanguage\":\"fr-FR\",\"potentialAction\":[{\"@type\":\"ReadAction\",\"target\":[\"https:\/\/ledsolintel.com\/product\/pantalla-estanca-jx-atex-t8-120-cm-de-roblan\/\"]}]},{\"@type\":\"ImageObject\",\"inLanguage\":\"fr-FR\",\"@id\":\"https:\/\/ledsolintel.com\/product\/pantalla-estanca-jx-atex-t8-120-cm-de-roblan\/#primaryimage\",\"url\":\"https:\/\/ledsolintel.com\/wp-content\/uploads\/2023\/05\/20473-Pantalla-estanca-JX-ATEX-T8-60-cm-de-Roblan.jpg\",\"contentUrl\":\"https:\/\/ledsolintel.com\/wp-content\/uploads\/2023\/05\/20473-Pantalla-estanca-JX-ATEX-T8-60-cm-de-Roblan.jpg\",\"caption\":\"Pantalla estanca JX ATEX T8 60 cm de Roblan\"},{\"@type\":\"BreadcrumbList\",\"@id\":\"https:\/\/ledsolintel.com\/product\/pantalla-estanca-jx-atex-t8-120-cm-de-roblan\/#breadcrumb\",\"itemListElement\":[{\"@type\":\"ListItem\",\"position\":1,\"name\":\"Portada\",\"item\":\"https:\/\/ledsolintel.com\/fr\/\"},{\"@type\":\"ListItem\",\"position\":2,\"name\":\"Tienda\",\"item\":\"https:\/\/ledsolintel.com\/tienda\/\"},{\"@type\":\"ListItem\",\"position\":3,\"name\":\"Pantalla estanca JX ATEX T8 120 cm de Roblan\"}]},{\"@type\":\"WebSite\",\"@id\":\"https:\/\/ledsolintel.com\/#website\",\"url\":\"https:\/\/ledsolintel.com\/\",\"name\":\"Webmenaje\",\"description\":\"Tienda de bombillas y l\u00e1mparas LED para profesionales\",\"publisher\":{\"@id\":\"https:\/\/ledsolintel.com\/#organization\"},\"potentialAction\":[{\"@type\":\"SearchAction\",\"target\":{\"@type\":\"EntryPoint\",\"urlTemplate\":\"https:\/\/ledsolintel.com\/?s={search_term_string}\"},\"query-input\":{\"@type\":\"PropertyValueSpecification\",\"valueRequired\":true,\"valueName\":\"search_term_string\"}}],\"inLanguage\":\"fr-FR\"},{\"@type\":\"Organization\",\"@id\":\"https:\/\/ledsolintel.com\/#organization\",\"name\":\"Solintel Noroeste, S.L.\",\"url\":\"https:\/\/ledsolintel.com\/\",\"logo\":{\"@type\":\"ImageObject\",\"inLanguage\":\"fr-FR\",\"@id\":\"https:\/\/ledsolintel.com\/#\/schema\/logo\/image\/\",\"url\":\"https:\/\/ledsolintel.com\/wp-content\/uploads\/2024\/11\/webmenaje-logo-1508269066.jpg\",\"contentUrl\":\"https:\/\/ledsolintel.com\/wp-content\/uploads\/2024\/11\/webmenaje-logo-1508269066.jpg\",\"width\":370,\"height\":90,\"caption\":\"Solintel Noroeste, S.L.\"},\"image\":{\"@id\":\"https:\/\/ledsolintel.com\/#\/schema\/logo\/image\/\"},\"sameAs\":[\"http:\/\/www.facebook.com\/webmenaje\",\"https:\/\/x.com\/webmenaje\",\"https:\/\/www.youtube.com\/channel\/UCX2KoVoeCG4LocZjUc6LmSQ\",\"http:\/\/www.pinterest.com\/webmenaje\"]}]}<\/script>\n<!-- \/ Yoast SEO plugin. -->","yoast_head_json":{"title":"Roblan JX ATEX T8 120 cm abat-jour \u00e9tanche JX ATEX T8 120 cm","description":"Pantalla estanca JX ATEX T8 de Roblan. Pl\u00e1stico reforzado con vidrio, protecci\u00f3n contra corrosi\u00f3n, polvo, humedad y explosiones. Iluminaci\u00f3n entornos explosivos","robots":{"index":"index","follow":"follow","max-snippet":"max-snippet:-1","max-image-preview":"max-image-preview:large","max-video-preview":"max-video-preview:-1"},"canonical":"https:\/\/ledsolintel.com\/fr\/produit-2\/pantalla-estanca-jx-atex-t8-120-cm-de-roblan\/","og_locale":"fr_FR","og_type":"article","og_title":"Pantalla estanca JX ATEX T8 120 cm de Roblan","og_description":"Pantalla estanca JX ATEX T8 de Roblan. Pl\u00e1stico reforzado con vidrio, protecci\u00f3n contra corrosi\u00f3n, polvo, humedad y explosiones. Iluminaci\u00f3n entornos explosivos","og_url":"https:\/\/ledsolintel.com\/fr\/produit-2\/pantalla-estanca-jx-atex-t8-120-cm-de-roblan\/","og_site_name":"Ledsolintel","article_publisher":"http:\/\/www.facebook.com\/webmenaje","og_image":[{"url":"https:\/\/ledsolintel.com\/wp-content\/uploads\/2023\/05\/20473-Pantalla-estanca-JX-ATEX-T8-60-cm-de-Roblan.jpg","width":1,"height":1,"type":"image\/jpeg"}],"twitter_card":"summary_large_image","twitter_site":"@webmenaje","twitter_misc":{"Dur\u00e9e de lecture estim\u00e9e":"1 minute"},"schema":{"@context":"https:\/\/schema.org","@graph":[{"@type":"WebPage","@id":"https:\/\/ledsolintel.com\/product\/pantalla-estanca-jx-atex-t8-120-cm-de-roblan\/","url":"https:\/\/ledsolintel.com\/product\/pantalla-estanca-jx-atex-t8-120-cm-de-roblan\/","name":"Roblan JX ATEX T8 120 cm abat-jour \u00e9tanche JX ATEX T8 120 cm","isPartOf":{"@id":"https:\/\/ledsolintel.com\/#website"},"primaryImageOfPage":{"@id":"https:\/\/ledsolintel.com\/product\/pantalla-estanca-jx-atex-t8-120-cm-de-roblan\/#primaryimage"},"image":{"@id":"https:\/\/ledsolintel.com\/product\/pantalla-estanca-jx-atex-t8-120-cm-de-roblan\/#primaryimage"},"thumbnailUrl":"https:\/\/ledsolintel.com\/wp-content\/uploads\/2023\/05\/20473-Pantalla-estanca-JX-ATEX-T8-60-cm-de-Roblan.jpg","datePublished":"2023-05-09T11:21:46+00:00","description":"Pantalla estanca JX ATEX T8 de Roblan. Pl\u00e1stico reforzado con vidrio, protecci\u00f3n contra corrosi\u00f3n, polvo, humedad y explosiones. Iluminaci\u00f3n entornos explosivos","breadcrumb":{"@id":"https:\/\/ledsolintel.com\/product\/pantalla-estanca-jx-atex-t8-120-cm-de-roblan\/#breadcrumb"},"inLanguage":"fr-FR","potentialAction":[{"@type":"ReadAction","target":["https:\/\/ledsolintel.com\/product\/pantalla-estanca-jx-atex-t8-120-cm-de-roblan\/"]}]},{"@type":"ImageObject","inLanguage":"fr-FR","@id":"https:\/\/ledsolintel.com\/product\/pantalla-estanca-jx-atex-t8-120-cm-de-roblan\/#primaryimage","url":"https:\/\/ledsolintel.com\/wp-content\/uploads\/2023\/05\/20473-Pantalla-estanca-JX-ATEX-T8-60-cm-de-Roblan.jpg","contentUrl":"https:\/\/ledsolintel.com\/wp-content\/uploads\/2023\/05\/20473-Pantalla-estanca-JX-ATEX-T8-60-cm-de-Roblan.jpg","caption":"Pantalla estanca JX ATEX T8 60 cm de Roblan"},{"@type":"BreadcrumbList","@id":"https:\/\/ledsolintel.com\/product\/pantalla-estanca-jx-atex-t8-120-cm-de-roblan\/#breadcrumb","itemListElement":[{"@type":"ListItem","position":1,"name":"Portada","item":"https:\/\/ledsolintel.com\/fr\/"},{"@type":"ListItem","position":2,"name":"Tienda","item":"https:\/\/ledsolintel.com\/tienda\/"},{"@type":"ListItem","position":3,"name":"Pantalla estanca JX ATEX T8 120 cm de Roblan"}]},{"@type":"WebSite","@id":"https:\/\/ledsolintel.com\/#website","url":"https:\/\/ledsolintel.com\/","name":"Webmenaje","description":"Magasin d'ampoules et de lampes LED pour les professionnels","publisher":{"@id":"https:\/\/ledsolintel.com\/#organization"},"potentialAction":[{"@type":"SearchAction","target":{"@type":"EntryPoint","urlTemplate":"https:\/\/ledsolintel.com\/?s={search_term_string}"},"query-input":{"@type":"PropertyValueSpecification","valueRequired":true,"valueName":"search_term_string"}}],"inLanguage":"fr-FR"},{"@type":"Organization","@id":"https:\/\/ledsolintel.com\/#organization","name":"Solintel Noroeste, S.L.","url":"https:\/\/ledsolintel.com\/","logo":{"@type":"ImageObject","inLanguage":"fr-FR","@id":"https:\/\/ledsolintel.com\/#\/schema\/logo\/image\/","url":"https:\/\/ledsolintel.com\/wp-content\/uploads\/2024\/11\/webmenaje-logo-1508269066.jpg","contentUrl":"https:\/\/ledsolintel.com\/wp-content\/uploads\/2024\/11\/webmenaje-logo-1508269066.jpg","width":370,"height":90,"caption":"Solintel Noroeste, S.L."},"image":{"@id":"https:\/\/ledsolintel.com\/#\/schema\/logo\/image\/"},"sameAs":["http:\/\/www.facebook.com\/webmenaje","https:\/\/x.com\/webmenaje","https:\/\/www.youtube.com\/channel\/UCX2KoVoeCG4LocZjUc6LmSQ","http:\/\/www.pinterest.com\/webmenaje"]}]}},"_links":{"self":[{"href":"https:\/\/ledsolintel.com\/fr\/wp-json\/wp\/v2\/product\/246475","targetHints":{"allow":["GET"]}}],"collection":[{"href":"https:\/\/ledsolintel.com\/fr\/wp-json\/wp\/v2\/product"}],"about":[{"href":"https:\/\/ledsolintel.com\/fr\/wp-json\/wp\/v2\/types\/product"}],"version-history":[{"count":0,"href":"https:\/\/ledsolintel.com\/fr\/wp-json\/wp\/v2\/product\/246475\/revisions"}],"wp:featuredmedia":[{"embeddable":true,"href":"https:\/\/ledsolintel.com\/fr\/wp-json\/wp\/v2\/media\/246474"}],"wp:attachment":[{"href":"https:\/\/ledsolintel.com\/fr\/wp-json\/wp\/v2\/media?parent=246475"}],"wp:term":[{"taxonomy":"product_brand","embeddable":true,"href":"https:\/\/ledsolintel.com\/fr\/wp-json\/wp\/v2\/product_brand?post=246475"},{"taxonomy":"product_cat","embeddable":true,"href":"https:\/\/ledsolintel.com\/fr\/wp-json\/wp\/v2\/product_cat?post=246475"},{"taxonomy":"product_tag","embeddable":true,"href":"https:\/\/ledsolintel.com\/fr\/wp-json\/wp\/v2\/product_tag?post=246475"}],"curies":[{"name":"wp","href":"https:\/\/api.w.org\/{rel}","templated":true}]}}