{"id":246467,"date":"2023-05-08T17:22:02","date_gmt":"2023-05-08T15:22:02","guid":{"rendered":"https:\/\/nueva.ledsolintel.com\/product\/lineal-led-set-a-30w-angulo-95-dimmable-de-roblan\/"},"modified":"2023-05-08T17:22:02","modified_gmt":"2023-05-08T15:22:02","slug":"lineal-led-set-a-30w-angulo-95-dimmable-de-roblan","status":"publish","type":"product","link":"https:\/\/ledsolintel.com\/fr\/produit-2\/lineal-led-set-a-30w-angulo-95-dimmable-de-roblan\/","title":{"rendered":"Roblan LED Linear SET A 30W angle 95\u00ba dimmable"},"content":{"rendered":"<p>Roblan LED Linear SET A 30W angle 95\u00ba dimmable<\/p>\n<p>\u00a0<\/p>\n<p>Le syst\u00e8me lin\u00e9aire SET de Roblan offre une lumi\u00e8re continue et uniforme, sp\u00e9cialement con\u00e7ue pour l'\u00e9clairage commercial et les espaces de travail, des bureaux aux entrep\u00f4ts. Sa structure en alliage d'aluminium est con\u00e7ue pour faciliter l'installation, la maintenance et le remplacement, ainsi que la connexion des modules entre eux afin d'optimiser l'adaptation \u00e0 l'espace.<\/p>\n<p>Le syst\u00e8me SET comprend des capuchons sans vis et des ajusteurs thermiques qui s'adaptent \u00e0 la dilatation et \u00e0 la contraction des diffuseurs acryliques afin d'\u00e9viter les fuites de lumi\u00e8re au niveau des joints. Puissance variable de 0 \u00e0 10 V.<\/p>\n<p>\u00a0<\/p>\n<h3>Caract\u00e9ristiques techniques<\/h3>\n<p>\u00a0<\/p>\n<ul>\n<li>Puissance : 30 W<\/li>\n<li>Tension : 220-240 V, 50-60 Hz<\/li>\n<li>Luminosit\u00e9 : 3000 lm<\/li>\n<li>Optique : 95<\/li>\n<li>IRC &gt; 90<\/li>\n<li>PF &gt; 0,9<\/li>\n<li>Variable de 0 \u00e0 10 V<\/li>\n<li>Dur\u00e9e de vie : 50 000 h<\/li>\n<li>IP20<\/li>\n<li>Dimensions : 580 (chaque bras) x 82 x 62 mm<\/li>\n<li>Montage : encastr\u00e9, en saillie, suspendu<\/li>\n<\/ul>","protected":false},"excerpt":{"rendered":"<p>Roblan SET Un syst\u00e8me lin\u00e9aire. Lumi\u00e8re continue, installation simple avec possibilit\u00e9 de combinaisons multiples. \u00c9clairage commercial et d'espaces de travail.<\/p>","protected":false},"featured_media":246465,"template":"","meta":[],"product_brand":[99355],"product_cat":[99577,99663],"product_tag":[],"class_list":{"0":"post-246467","1":"product","2":"type-product","3":"status-publish","4":"has-post-thumbnail","6":"product_brand-roblan","7":"product_cat-iluminacion-industrial-y-comercial","8":"product_cat-sistemas-lineales-led","9":"pa_acabado-blanco","10":"pa_acabado-negro","11":"pa_cct-3000k","12":"pa_cct-4000k","15":"instock","16":"taxable","17":"shipping-taxable","18":"purchasable","19":"product-type-variable","20":"has-default-attributes"},"yoast_head":"<!-- This site is optimized with the Yoast SEO plugin v26.6 - https:\/\/yoast.com\/wordpress\/plugins\/seo\/ -->\n<title>Lineal LED SET A 30W \u00e1ngulo 95\u00ba dimmable de Roblan<\/title>\n<meta name=\"description\" content=\"Sistema lineal SET A de Roblan. Luz continua, instalaci\u00f3n sencilla con posibilidad de m\u00faltiples combinaciones. Iluminaci\u00f3n comercial y de espacios de trabajo.\" \/>\n<meta name=\"robots\" content=\"index, follow, max-snippet:-1, max-image-preview:large, max-video-preview:-1\" \/>\n<link rel=\"canonical\" href=\"https:\/\/ledsolintel.com\/fr\/produit-2\/lineal-led-set-a-30w-angulo-95-dimmable-de-roblan\/\" \/>\n<meta property=\"og:locale\" content=\"fr_FR\" \/>\n<meta property=\"og:type\" content=\"article\" \/>\n<meta property=\"og:title\" content=\"Lineal LED SET A 30W \u00e1ngulo 95\u00ba dimmable de Roblan\" \/>\n<meta property=\"og:description\" content=\"Sistema lineal SET A de Roblan. Luz continua, instalaci\u00f3n sencilla con posibilidad de m\u00faltiples combinaciones. Iluminaci\u00f3n comercial y de espacios de trabajo.\" \/>\n<meta property=\"og:url\" content=\"https:\/\/ledsolintel.com\/fr\/produit-2\/lineal-led-set-a-30w-angulo-95-dimmable-de-roblan\/\" \/>\n<meta property=\"og:site_name\" content=\"Ledsolintel\" \/>\n<meta property=\"article:publisher\" content=\"http:\/\/www.facebook.com\/webmenaje\" \/>\n<meta property=\"og:image\" content=\"https:\/\/ledsolintel.com\/wp-content\/uploads\/2023\/05\/20469-Lineal-LED-SET-A-30W-angulo-95o-dimmable-de-Roblan.jpg\" \/>\n\t<meta property=\"og:image:width\" content=\"1\" \/>\n\t<meta property=\"og:image:height\" content=\"1\" \/>\n\t<meta property=\"og:image:type\" content=\"image\/jpeg\" \/>\n<meta name=\"twitter:card\" content=\"summary_large_image\" \/>\n<meta name=\"twitter:site\" content=\"@webmenaje\" \/>\n<meta name=\"twitter:label1\" content=\"Dur\u00e9e de lecture estim\u00e9e\" \/>\n\t<meta name=\"twitter:data1\" content=\"1 minute\" \/>\n<script type=\"application\/ld+json\" class=\"yoast-schema-graph\">{\"@context\":\"https:\/\/schema.org\",\"@graph\":[{\"@type\":\"WebPage\",\"@id\":\"https:\/\/ledsolintel.com\/product\/lineal-led-set-a-30w-angulo-95-dimmable-de-roblan\/\",\"url\":\"https:\/\/ledsolintel.com\/product\/lineal-led-set-a-30w-angulo-95-dimmable-de-roblan\/\",\"name\":\"Lineal LED SET A 30W \u00e1ngulo 95\u00ba dimmable de Roblan\",\"isPartOf\":{\"@id\":\"https:\/\/ledsolintel.com\/#website\"},\"primaryImageOfPage\":{\"@id\":\"https:\/\/ledsolintel.com\/product\/lineal-led-set-a-30w-angulo-95-dimmable-de-roblan\/#primaryimage\"},\"image\":{\"@id\":\"https:\/\/ledsolintel.com\/product\/lineal-led-set-a-30w-angulo-95-dimmable-de-roblan\/#primaryimage\"},\"thumbnailUrl\":\"https:\/\/ledsolintel.com\/wp-content\/uploads\/2023\/05\/20469-Lineal-LED-SET-A-30W-angulo-95o-dimmable-de-Roblan.jpg\",\"datePublished\":\"2023-05-08T15:22:02+00:00\",\"description\":\"Sistema lineal SET A de Roblan. Luz continua, instalaci\u00f3n sencilla con posibilidad de m\u00faltiples combinaciones. Iluminaci\u00f3n comercial y de espacios de trabajo.\",\"breadcrumb\":{\"@id\":\"https:\/\/ledsolintel.com\/product\/lineal-led-set-a-30w-angulo-95-dimmable-de-roblan\/#breadcrumb\"},\"inLanguage\":\"fr-FR\",\"potentialAction\":[{\"@type\":\"ReadAction\",\"target\":[\"https:\/\/ledsolintel.com\/product\/lineal-led-set-a-30w-angulo-95-dimmable-de-roblan\/\"]}]},{\"@type\":\"ImageObject\",\"inLanguage\":\"fr-FR\",\"@id\":\"https:\/\/ledsolintel.com\/product\/lineal-led-set-a-30w-angulo-95-dimmable-de-roblan\/#primaryimage\",\"url\":\"https:\/\/ledsolintel.com\/wp-content\/uploads\/2023\/05\/20469-Lineal-LED-SET-A-30W-angulo-95o-dimmable-de-Roblan.jpg\",\"contentUrl\":\"https:\/\/ledsolintel.com\/wp-content\/uploads\/2023\/05\/20469-Lineal-LED-SET-A-30W-angulo-95o-dimmable-de-Roblan.jpg\",\"caption\":\"Lineal LED SET A 30W \u00e1ngulo 95\u00ba dimmable de Roblan\"},{\"@type\":\"BreadcrumbList\",\"@id\":\"https:\/\/ledsolintel.com\/product\/lineal-led-set-a-30w-angulo-95-dimmable-de-roblan\/#breadcrumb\",\"itemListElement\":[{\"@type\":\"ListItem\",\"position\":1,\"name\":\"Portada\",\"item\":\"https:\/\/ledsolintel.com\/fr\/\"},{\"@type\":\"ListItem\",\"position\":2,\"name\":\"Tienda\",\"item\":\"https:\/\/ledsolintel.com\/tienda\/\"},{\"@type\":\"ListItem\",\"position\":3,\"name\":\"Lineal LED SET A 30W \u00e1ngulo 95\u00ba dimmable de Roblan\"}]},{\"@type\":\"WebSite\",\"@id\":\"https:\/\/ledsolintel.com\/#website\",\"url\":\"https:\/\/ledsolintel.com\/\",\"name\":\"Webmenaje\",\"description\":\"Tienda de bombillas y l\u00e1mparas LED para profesionales\",\"publisher\":{\"@id\":\"https:\/\/ledsolintel.com\/#organization\"},\"potentialAction\":[{\"@type\":\"SearchAction\",\"target\":{\"@type\":\"EntryPoint\",\"urlTemplate\":\"https:\/\/ledsolintel.com\/?s={search_term_string}\"},\"query-input\":{\"@type\":\"PropertyValueSpecification\",\"valueRequired\":true,\"valueName\":\"search_term_string\"}}],\"inLanguage\":\"fr-FR\"},{\"@type\":\"Organization\",\"@id\":\"https:\/\/ledsolintel.com\/#organization\",\"name\":\"Solintel Noroeste, S.L.\",\"url\":\"https:\/\/ledsolintel.com\/\",\"logo\":{\"@type\":\"ImageObject\",\"inLanguage\":\"fr-FR\",\"@id\":\"https:\/\/ledsolintel.com\/#\/schema\/logo\/image\/\",\"url\":\"https:\/\/ledsolintel.com\/wp-content\/uploads\/2024\/11\/webmenaje-logo-1508269066.jpg\",\"contentUrl\":\"https:\/\/ledsolintel.com\/wp-content\/uploads\/2024\/11\/webmenaje-logo-1508269066.jpg\",\"width\":370,\"height\":90,\"caption\":\"Solintel Noroeste, S.L.\"},\"image\":{\"@id\":\"https:\/\/ledsolintel.com\/#\/schema\/logo\/image\/\"},\"sameAs\":[\"http:\/\/www.facebook.com\/webmenaje\",\"https:\/\/x.com\/webmenaje\",\"https:\/\/www.youtube.com\/channel\/UCX2KoVoeCG4LocZjUc6LmSQ\",\"http:\/\/www.pinterest.com\/webmenaje\"]}]}<\/script>\n<!-- \/ Yoast SEO plugin. -->","yoast_head_json":{"title":"Roblan LED Linear SET A 30W angle 95\u00ba dimmable","description":"Roblan SET Un syst\u00e8me lin\u00e9aire. Lumi\u00e8re continue, installation simple avec possibilit\u00e9 de combinaisons multiples. \u00c9clairage commercial et d'espaces de travail.","robots":{"index":"index","follow":"follow","max-snippet":"max-snippet:-1","max-image-preview":"max-image-preview:large","max-video-preview":"max-video-preview:-1"},"canonical":"https:\/\/ledsolintel.com\/fr\/produit-2\/lineal-led-set-a-30w-angulo-95-dimmable-de-roblan\/","og_locale":"fr_FR","og_type":"article","og_title":"Lineal LED SET A 30W \u00e1ngulo 95\u00ba dimmable de Roblan","og_description":"Sistema lineal SET A de Roblan. Luz continua, instalaci\u00f3n sencilla con posibilidad de m\u00faltiples combinaciones. Iluminaci\u00f3n comercial y de espacios de trabajo.","og_url":"https:\/\/ledsolintel.com\/fr\/produit-2\/lineal-led-set-a-30w-angulo-95-dimmable-de-roblan\/","og_site_name":"Ledsolintel","article_publisher":"http:\/\/www.facebook.com\/webmenaje","og_image":[{"url":"https:\/\/ledsolintel.com\/wp-content\/uploads\/2023\/05\/20469-Lineal-LED-SET-A-30W-angulo-95o-dimmable-de-Roblan.jpg","width":1,"height":1,"type":"image\/jpeg"}],"twitter_card":"summary_large_image","twitter_site":"@webmenaje","twitter_misc":{"Dur\u00e9e de lecture estim\u00e9e":"1 minute"},"schema":{"@context":"https:\/\/schema.org","@graph":[{"@type":"WebPage","@id":"https:\/\/ledsolintel.com\/product\/lineal-led-set-a-30w-angulo-95-dimmable-de-roblan\/","url":"https:\/\/ledsolintel.com\/product\/lineal-led-set-a-30w-angulo-95-dimmable-de-roblan\/","name":"Roblan LED Linear SET A 30W angle 95\u00ba dimmable","isPartOf":{"@id":"https:\/\/ledsolintel.com\/#website"},"primaryImageOfPage":{"@id":"https:\/\/ledsolintel.com\/product\/lineal-led-set-a-30w-angulo-95-dimmable-de-roblan\/#primaryimage"},"image":{"@id":"https:\/\/ledsolintel.com\/product\/lineal-led-set-a-30w-angulo-95-dimmable-de-roblan\/#primaryimage"},"thumbnailUrl":"https:\/\/ledsolintel.com\/wp-content\/uploads\/2023\/05\/20469-Lineal-LED-SET-A-30W-angulo-95o-dimmable-de-Roblan.jpg","datePublished":"2023-05-08T15:22:02+00:00","description":"Roblan SET Un syst\u00e8me lin\u00e9aire. Lumi\u00e8re continue, installation simple avec possibilit\u00e9 de combinaisons multiples. \u00c9clairage commercial et d'espaces de travail.","breadcrumb":{"@id":"https:\/\/ledsolintel.com\/product\/lineal-led-set-a-30w-angulo-95-dimmable-de-roblan\/#breadcrumb"},"inLanguage":"fr-FR","potentialAction":[{"@type":"ReadAction","target":["https:\/\/ledsolintel.com\/product\/lineal-led-set-a-30w-angulo-95-dimmable-de-roblan\/"]}]},{"@type":"ImageObject","inLanguage":"fr-FR","@id":"https:\/\/ledsolintel.com\/product\/lineal-led-set-a-30w-angulo-95-dimmable-de-roblan\/#primaryimage","url":"https:\/\/ledsolintel.com\/wp-content\/uploads\/2023\/05\/20469-Lineal-LED-SET-A-30W-angulo-95o-dimmable-de-Roblan.jpg","contentUrl":"https:\/\/ledsolintel.com\/wp-content\/uploads\/2023\/05\/20469-Lineal-LED-SET-A-30W-angulo-95o-dimmable-de-Roblan.jpg","caption":"Lineal LED SET A 30W \u00e1ngulo 95\u00ba dimmable de Roblan"},{"@type":"BreadcrumbList","@id":"https:\/\/ledsolintel.com\/product\/lineal-led-set-a-30w-angulo-95-dimmable-de-roblan\/#breadcrumb","itemListElement":[{"@type":"ListItem","position":1,"name":"Portada","item":"https:\/\/ledsolintel.com\/fr\/"},{"@type":"ListItem","position":2,"name":"Tienda","item":"https:\/\/ledsolintel.com\/tienda\/"},{"@type":"ListItem","position":3,"name":"Lineal LED SET A 30W \u00e1ngulo 95\u00ba dimmable de Roblan"}]},{"@type":"WebSite","@id":"https:\/\/ledsolintel.com\/#website","url":"https:\/\/ledsolintel.com\/","name":"Webmenaje","description":"Magasin d'ampoules et de lampes LED pour les professionnels","publisher":{"@id":"https:\/\/ledsolintel.com\/#organization"},"potentialAction":[{"@type":"SearchAction","target":{"@type":"EntryPoint","urlTemplate":"https:\/\/ledsolintel.com\/?s={search_term_string}"},"query-input":{"@type":"PropertyValueSpecification","valueRequired":true,"valueName":"search_term_string"}}],"inLanguage":"fr-FR"},{"@type":"Organization","@id":"https:\/\/ledsolintel.com\/#organization","name":"Solintel Noroeste, S.L.","url":"https:\/\/ledsolintel.com\/","logo":{"@type":"ImageObject","inLanguage":"fr-FR","@id":"https:\/\/ledsolintel.com\/#\/schema\/logo\/image\/","url":"https:\/\/ledsolintel.com\/wp-content\/uploads\/2024\/11\/webmenaje-logo-1508269066.jpg","contentUrl":"https:\/\/ledsolintel.com\/wp-content\/uploads\/2024\/11\/webmenaje-logo-1508269066.jpg","width":370,"height":90,"caption":"Solintel Noroeste, S.L."},"image":{"@id":"https:\/\/ledsolintel.com\/#\/schema\/logo\/image\/"},"sameAs":["http:\/\/www.facebook.com\/webmenaje","https:\/\/x.com\/webmenaje","https:\/\/www.youtube.com\/channel\/UCX2KoVoeCG4LocZjUc6LmSQ","http:\/\/www.pinterest.com\/webmenaje"]}]}},"_links":{"self":[{"href":"https:\/\/ledsolintel.com\/fr\/wp-json\/wp\/v2\/product\/246467","targetHints":{"allow":["GET"]}}],"collection":[{"href":"https:\/\/ledsolintel.com\/fr\/wp-json\/wp\/v2\/product"}],"about":[{"href":"https:\/\/ledsolintel.com\/fr\/wp-json\/wp\/v2\/types\/product"}],"version-history":[{"count":0,"href":"https:\/\/ledsolintel.com\/fr\/wp-json\/wp\/v2\/product\/246467\/revisions"}],"wp:featuredmedia":[{"embeddable":true,"href":"https:\/\/ledsolintel.com\/fr\/wp-json\/wp\/v2\/media\/246465"}],"wp:attachment":[{"href":"https:\/\/ledsolintel.com\/fr\/wp-json\/wp\/v2\/media?parent=246467"}],"wp:term":[{"taxonomy":"product_brand","embeddable":true,"href":"https:\/\/ledsolintel.com\/fr\/wp-json\/wp\/v2\/product_brand?post=246467"},{"taxonomy":"product_cat","embeddable":true,"href":"https:\/\/ledsolintel.com\/fr\/wp-json\/wp\/v2\/product_cat?post=246467"},{"taxonomy":"product_tag","embeddable":true,"href":"https:\/\/ledsolintel.com\/fr\/wp-json\/wp\/v2\/product_tag?post=246467"}],"curies":[{"name":"wp","href":"https:\/\/api.w.org\/{rel}","templated":true}]}}