{"id":246385,"date":"2023-04-28T12:34:25","date_gmt":"2023-04-28T10:34:25","guid":{"rendered":"https:\/\/nueva.ledsolintel.com\/product\/campana-led-armor-atex-100w-de-roblan\/"},"modified":"2023-04-28T12:34:25","modified_gmt":"2023-04-28T10:34:25","slug":"campana-led-armor-atex-100w-de-roblan","status":"publish","type":"product","link":"https:\/\/ledsolintel.com\/fr\/produit-2\/campana-led-armor-atex-100w-de-roblan\/","title":{"rendered":"LED ARMOR ATEX 100W Roblan LED ARMOR ATEX hood"},"content":{"rendered":"<h1>Campana LED ARMOR ATEX de Roblan<\/h1>\n<h3>\u00a0<\/h3>\n<div class=\"elementor-element elementor-element-9b032bc elementor-widget elementor-widget-woocommerce-product-content\" data-id=\"9b032bc\" data-element_type=\"widget\" data-widget_type=\"woocommerce-product-content.default\">\n<div class=\"elementor-widget-container\">\n<p>Approuv\u00e9e pour les environnements ATEX\/IECEx, la hotte Roblan ARMOR LED est con\u00e7ue pour \u00eatre install\u00e9e dans des lieux o\u00f9 des gaz, des vapeurs et des liquides inflammables, des poussi\u00e8res combustibles et\/ou des fibres inflammables sont pr\u00e9sents ou susceptibles d'\u00eatre pr\u00e9sents.<\/p>\n<p>La hotte ARMOR est prot\u00e9g\u00e9e par un bo\u00eetier en alliage d'aluminium moul\u00e9 sous pression et antid\u00e9flagrant et en verre tremp\u00e9 - incorporant une conception de convection d'air de haute qualit\u00e9 pour une conductivit\u00e9 thermique \u00e9lev\u00e9e et une dissipation rapide de la chaleur, afin de prolonger sa dur\u00e9e de vie.<\/p>\n<p>Il peut \u00eatre utilis\u00e9 dans les zones d'atmosph\u00e8re explosive Zone 1 et 21, Zone 2 et 22. Il convient aux environnements ext\u00e9rieurs hostiles et corrosifs.<\/p>\n<p>Le luminaire LED est \u00e9quip\u00e9 d'un support en U pour le montage sur les murs ou les surfaces planes.<\/p>\n<p>\u00a0<\/p>\n<\/p><\/div>\n<\/p><\/div>\n<h3>LED ARMOR ATEX\u00a0100W de Roblan<\/h3>\n<ul>\n<li>Puissance : 100 W<\/li>\n<li>Tension : 100 - 277 V<\/li>\n<li>Luminance : 13 000 - 14 000 lm<\/li>\n<li>CCT :<\/li>\n<ul>\n<li>3000 K<\/li>\n<li>6000 K<\/li>\n<\/ul>\n<li>Optique : 120\u00ba.<\/li>\n<li>Protection IP66<\/li>\n<li>Protection IK10<\/li>\n<li>Dur\u00e9e de vie moyenne : 70 000 heures<\/li>\n<li>IRC &gt; 80<\/li>\n<li>Facteur de puissance &gt; 0,95<\/li>\n<li>Dimensions : 214 x 340 mm<\/li>\n<li>Certification ATEX II 2G Ex db IIC T6 Gb \/ II 2D Ex tb IIIC Y(80\u00baC) Db<\/li>\n<\/ul>","protected":false},"excerpt":{"rendered":"<p>Cagoule LED ARMOR \u00e0 utiliser dans les lieux \u00e0 atmosph\u00e8re explosive, tels que les stations-service ou les usines avec des produits inflammables. Elle est \u00e9galement id\u00e9ale pour les grands espaces tels que les parkings, les entrep\u00f4ts ou les supermarch\u00e9s.<\/p>\n<p>Suspension ou installation en surface.<\/p>\n<p>Option r\u00e9glable.<\/p>\n<p>Dur\u00e9e de vie de 70 000 heures.<\/p>","protected":false},"featured_media":246384,"template":"","meta":[],"product_brand":[99355],"product_cat":[99611,99577,99639],"product_tag":[],"class_list":{"0":"post-246385","1":"product","2":"type-product","3":"status-publish","4":"has-post-thumbnail","6":"product_brand-roblan","7":"product_cat-campanas-industriales-led","8":"product_cat-iluminacion-industrial-y-comercial","9":"product_cat-luminarias-led-atex","10":"pa_cct-3000k","11":"pa_cct-6000k","14":"instock","15":"taxable","16":"shipping-taxable","17":"purchasable","18":"product-type-variable","19":"has-default-attributes"},"yoast_head":"<!-- This site is optimized with the Yoast SEO plugin v26.6 - https:\/\/yoast.com\/wordpress\/plugins\/seo\/ -->\n<title>Campana LED ARMOR ATEX 100W de Roblan<\/title>\n<meta name=\"description\" content=\"Campana LED ARMOR ATEX de Roblan iluminaci\u00f3n profesional en lugares con atm\u00f3sferas explosivas, como estaciones de servicio o f\u00e1bricas con productos inflamables\" \/>\n<meta name=\"robots\" content=\"index, follow, max-snippet:-1, max-image-preview:large, max-video-preview:-1\" \/>\n<link rel=\"canonical\" href=\"https:\/\/ledsolintel.com\/fr\/produit-2\/campana-led-armor-atex-100w-de-roblan\/\" \/>\n<meta property=\"og:locale\" content=\"fr_FR\" \/>\n<meta property=\"og:type\" content=\"article\" \/>\n<meta property=\"og:title\" content=\"Campana LED ARMOR ATEX 100W de Roblan\" \/>\n<meta property=\"og:description\" content=\"Campana LED ARMOR ATEX de Roblan iluminaci\u00f3n profesional en lugares con atm\u00f3sferas explosivas, como estaciones de servicio o f\u00e1bricas con productos inflamables\" \/>\n<meta property=\"og:url\" content=\"https:\/\/ledsolintel.com\/fr\/produit-2\/campana-led-armor-atex-100w-de-roblan\/\" \/>\n<meta property=\"og:site_name\" content=\"Ledsolintel\" \/>\n<meta property=\"article:publisher\" content=\"http:\/\/www.facebook.com\/webmenaje\" \/>\n<meta property=\"og:image\" content=\"https:\/\/ledsolintel.com\/wp-content\/uploads\/2023\/04\/20435-Campana-LED-ARMOR-ATEX-100W-de-Roblan.jpg\" \/>\n\t<meta property=\"og:image:width\" content=\"1\" \/>\n\t<meta property=\"og:image:height\" content=\"1\" \/>\n\t<meta property=\"og:image:type\" content=\"image\/jpeg\" \/>\n<meta name=\"twitter:card\" content=\"summary_large_image\" \/>\n<meta name=\"twitter:site\" content=\"@webmenaje\" \/>\n<meta name=\"twitter:label1\" content=\"Dur\u00e9e de lecture estim\u00e9e\" \/>\n\t<meta name=\"twitter:data1\" content=\"1 minute\" \/>\n<script type=\"application\/ld+json\" class=\"yoast-schema-graph\">{\"@context\":\"https:\/\/schema.org\",\"@graph\":[{\"@type\":\"WebPage\",\"@id\":\"https:\/\/ledsolintel.com\/product\/campana-led-armor-atex-100w-de-roblan\/\",\"url\":\"https:\/\/ledsolintel.com\/product\/campana-led-armor-atex-100w-de-roblan\/\",\"name\":\"Campana LED ARMOR ATEX 100W de Roblan\",\"isPartOf\":{\"@id\":\"https:\/\/ledsolintel.com\/#website\"},\"primaryImageOfPage\":{\"@id\":\"https:\/\/ledsolintel.com\/product\/campana-led-armor-atex-100w-de-roblan\/#primaryimage\"},\"image\":{\"@id\":\"https:\/\/ledsolintel.com\/product\/campana-led-armor-atex-100w-de-roblan\/#primaryimage\"},\"thumbnailUrl\":\"https:\/\/ledsolintel.com\/wp-content\/uploads\/2023\/04\/20435-Campana-LED-ARMOR-ATEX-100W-de-Roblan.jpg\",\"datePublished\":\"2023-04-28T10:34:25+00:00\",\"description\":\"Campana LED ARMOR ATEX de Roblan iluminaci\u00f3n profesional en lugares con atm\u00f3sferas explosivas, como estaciones de servicio o f\u00e1bricas con productos inflamables\",\"breadcrumb\":{\"@id\":\"https:\/\/ledsolintel.com\/product\/campana-led-armor-atex-100w-de-roblan\/#breadcrumb\"},\"inLanguage\":\"fr-FR\",\"potentialAction\":[{\"@type\":\"ReadAction\",\"target\":[\"https:\/\/ledsolintel.com\/product\/campana-led-armor-atex-100w-de-roblan\/\"]}]},{\"@type\":\"ImageObject\",\"inLanguage\":\"fr-FR\",\"@id\":\"https:\/\/ledsolintel.com\/product\/campana-led-armor-atex-100w-de-roblan\/#primaryimage\",\"url\":\"https:\/\/ledsolintel.com\/wp-content\/uploads\/2023\/04\/20435-Campana-LED-ARMOR-ATEX-100W-de-Roblan.jpg\",\"contentUrl\":\"https:\/\/ledsolintel.com\/wp-content\/uploads\/2023\/04\/20435-Campana-LED-ARMOR-ATEX-100W-de-Roblan.jpg\",\"caption\":\"Campana LED ARMOR ATEX 100W de Roblan\"},{\"@type\":\"BreadcrumbList\",\"@id\":\"https:\/\/ledsolintel.com\/product\/campana-led-armor-atex-100w-de-roblan\/#breadcrumb\",\"itemListElement\":[{\"@type\":\"ListItem\",\"position\":1,\"name\":\"Portada\",\"item\":\"https:\/\/ledsolintel.com\/fr\/\"},{\"@type\":\"ListItem\",\"position\":2,\"name\":\"Tienda\",\"item\":\"https:\/\/ledsolintel.com\/tienda\/\"},{\"@type\":\"ListItem\",\"position\":3,\"name\":\"Campana LED ARMOR ATEX 100W de Roblan\"}]},{\"@type\":\"WebSite\",\"@id\":\"https:\/\/ledsolintel.com\/#website\",\"url\":\"https:\/\/ledsolintel.com\/\",\"name\":\"Webmenaje\",\"description\":\"Tienda de bombillas y l\u00e1mparas LED para profesionales\",\"publisher\":{\"@id\":\"https:\/\/ledsolintel.com\/#organization\"},\"potentialAction\":[{\"@type\":\"SearchAction\",\"target\":{\"@type\":\"EntryPoint\",\"urlTemplate\":\"https:\/\/ledsolintel.com\/?s={search_term_string}\"},\"query-input\":{\"@type\":\"PropertyValueSpecification\",\"valueRequired\":true,\"valueName\":\"search_term_string\"}}],\"inLanguage\":\"fr-FR\"},{\"@type\":\"Organization\",\"@id\":\"https:\/\/ledsolintel.com\/#organization\",\"name\":\"Solintel Noroeste, S.L.\",\"url\":\"https:\/\/ledsolintel.com\/\",\"logo\":{\"@type\":\"ImageObject\",\"inLanguage\":\"fr-FR\",\"@id\":\"https:\/\/ledsolintel.com\/#\/schema\/logo\/image\/\",\"url\":\"https:\/\/ledsolintel.com\/wp-content\/uploads\/2024\/11\/webmenaje-logo-1508269066.jpg\",\"contentUrl\":\"https:\/\/ledsolintel.com\/wp-content\/uploads\/2024\/11\/webmenaje-logo-1508269066.jpg\",\"width\":370,\"height\":90,\"caption\":\"Solintel Noroeste, S.L.\"},\"image\":{\"@id\":\"https:\/\/ledsolintel.com\/#\/schema\/logo\/image\/\"},\"sameAs\":[\"http:\/\/www.facebook.com\/webmenaje\",\"https:\/\/x.com\/webmenaje\",\"https:\/\/www.youtube.com\/channel\/UCX2KoVoeCG4LocZjUc6LmSQ\",\"http:\/\/www.pinterest.com\/webmenaje\"]}]}<\/script>\n<!-- \/ Yoast SEO plugin. -->","yoast_head_json":{"title":"LED ARMOR ATEX 100W Roblan LED ARMOR ATEX hood","description":"Campana LED ARMOR ATEX de Roblan iluminaci\u00f3n profesional en lugares con atm\u00f3sferas explosivas, como estaciones de servicio o f\u00e1bricas con productos inflamables","robots":{"index":"index","follow":"follow","max-snippet":"max-snippet:-1","max-image-preview":"max-image-preview:large","max-video-preview":"max-video-preview:-1"},"canonical":"https:\/\/ledsolintel.com\/fr\/produit-2\/campana-led-armor-atex-100w-de-roblan\/","og_locale":"fr_FR","og_type":"article","og_title":"Campana LED ARMOR ATEX 100W de Roblan","og_description":"Campana LED ARMOR ATEX de Roblan iluminaci\u00f3n profesional en lugares con atm\u00f3sferas explosivas, como estaciones de servicio o f\u00e1bricas con productos inflamables","og_url":"https:\/\/ledsolintel.com\/fr\/produit-2\/campana-led-armor-atex-100w-de-roblan\/","og_site_name":"Ledsolintel","article_publisher":"http:\/\/www.facebook.com\/webmenaje","og_image":[{"url":"https:\/\/ledsolintel.com\/wp-content\/uploads\/2023\/04\/20435-Campana-LED-ARMOR-ATEX-100W-de-Roblan.jpg","width":1,"height":1,"type":"image\/jpeg"}],"twitter_card":"summary_large_image","twitter_site":"@webmenaje","twitter_misc":{"Dur\u00e9e de lecture estim\u00e9e":"1 minute"},"schema":{"@context":"https:\/\/schema.org","@graph":[{"@type":"WebPage","@id":"https:\/\/ledsolintel.com\/product\/campana-led-armor-atex-100w-de-roblan\/","url":"https:\/\/ledsolintel.com\/product\/campana-led-armor-atex-100w-de-roblan\/","name":"LED ARMOR ATEX 100W Roblan LED ARMOR ATEX hood","isPartOf":{"@id":"https:\/\/ledsolintel.com\/#website"},"primaryImageOfPage":{"@id":"https:\/\/ledsolintel.com\/product\/campana-led-armor-atex-100w-de-roblan\/#primaryimage"},"image":{"@id":"https:\/\/ledsolintel.com\/product\/campana-led-armor-atex-100w-de-roblan\/#primaryimage"},"thumbnailUrl":"https:\/\/ledsolintel.com\/wp-content\/uploads\/2023\/04\/20435-Campana-LED-ARMOR-ATEX-100W-de-Roblan.jpg","datePublished":"2023-04-28T10:34:25+00:00","description":"Campana LED ARMOR ATEX de Roblan iluminaci\u00f3n profesional en lugares con atm\u00f3sferas explosivas, como estaciones de servicio o f\u00e1bricas con productos inflamables","breadcrumb":{"@id":"https:\/\/ledsolintel.com\/product\/campana-led-armor-atex-100w-de-roblan\/#breadcrumb"},"inLanguage":"fr-FR","potentialAction":[{"@type":"ReadAction","target":["https:\/\/ledsolintel.com\/product\/campana-led-armor-atex-100w-de-roblan\/"]}]},{"@type":"ImageObject","inLanguage":"fr-FR","@id":"https:\/\/ledsolintel.com\/product\/campana-led-armor-atex-100w-de-roblan\/#primaryimage","url":"https:\/\/ledsolintel.com\/wp-content\/uploads\/2023\/04\/20435-Campana-LED-ARMOR-ATEX-100W-de-Roblan.jpg","contentUrl":"https:\/\/ledsolintel.com\/wp-content\/uploads\/2023\/04\/20435-Campana-LED-ARMOR-ATEX-100W-de-Roblan.jpg","caption":"Campana LED ARMOR ATEX 100W de Roblan"},{"@type":"BreadcrumbList","@id":"https:\/\/ledsolintel.com\/product\/campana-led-armor-atex-100w-de-roblan\/#breadcrumb","itemListElement":[{"@type":"ListItem","position":1,"name":"Portada","item":"https:\/\/ledsolintel.com\/fr\/"},{"@type":"ListItem","position":2,"name":"Tienda","item":"https:\/\/ledsolintel.com\/tienda\/"},{"@type":"ListItem","position":3,"name":"Campana LED ARMOR ATEX 100W de Roblan"}]},{"@type":"WebSite","@id":"https:\/\/ledsolintel.com\/#website","url":"https:\/\/ledsolintel.com\/","name":"Webmenaje","description":"Magasin d'ampoules et de lampes LED pour les professionnels","publisher":{"@id":"https:\/\/ledsolintel.com\/#organization"},"potentialAction":[{"@type":"SearchAction","target":{"@type":"EntryPoint","urlTemplate":"https:\/\/ledsolintel.com\/?s={search_term_string}"},"query-input":{"@type":"PropertyValueSpecification","valueRequired":true,"valueName":"search_term_string"}}],"inLanguage":"fr-FR"},{"@type":"Organization","@id":"https:\/\/ledsolintel.com\/#organization","name":"Solintel Noroeste, S.L.","url":"https:\/\/ledsolintel.com\/","logo":{"@type":"ImageObject","inLanguage":"fr-FR","@id":"https:\/\/ledsolintel.com\/#\/schema\/logo\/image\/","url":"https:\/\/ledsolintel.com\/wp-content\/uploads\/2024\/11\/webmenaje-logo-1508269066.jpg","contentUrl":"https:\/\/ledsolintel.com\/wp-content\/uploads\/2024\/11\/webmenaje-logo-1508269066.jpg","width":370,"height":90,"caption":"Solintel Noroeste, S.L."},"image":{"@id":"https:\/\/ledsolintel.com\/#\/schema\/logo\/image\/"},"sameAs":["http:\/\/www.facebook.com\/webmenaje","https:\/\/x.com\/webmenaje","https:\/\/www.youtube.com\/channel\/UCX2KoVoeCG4LocZjUc6LmSQ","http:\/\/www.pinterest.com\/webmenaje"]}]}},"_links":{"self":[{"href":"https:\/\/ledsolintel.com\/fr\/wp-json\/wp\/v2\/product\/246385","targetHints":{"allow":["GET"]}}],"collection":[{"href":"https:\/\/ledsolintel.com\/fr\/wp-json\/wp\/v2\/product"}],"about":[{"href":"https:\/\/ledsolintel.com\/fr\/wp-json\/wp\/v2\/types\/product"}],"version-history":[{"count":0,"href":"https:\/\/ledsolintel.com\/fr\/wp-json\/wp\/v2\/product\/246385\/revisions"}],"wp:featuredmedia":[{"embeddable":true,"href":"https:\/\/ledsolintel.com\/fr\/wp-json\/wp\/v2\/media\/246384"}],"wp:attachment":[{"href":"https:\/\/ledsolintel.com\/fr\/wp-json\/wp\/v2\/media?parent=246385"}],"wp:term":[{"taxonomy":"product_brand","embeddable":true,"href":"https:\/\/ledsolintel.com\/fr\/wp-json\/wp\/v2\/product_brand?post=246385"},{"taxonomy":"product_cat","embeddable":true,"href":"https:\/\/ledsolintel.com\/fr\/wp-json\/wp\/v2\/product_cat?post=246385"},{"taxonomy":"product_tag","embeddable":true,"href":"https:\/\/ledsolintel.com\/fr\/wp-json\/wp\/v2\/product_tag?post=246385"}],"curies":[{"name":"wp","href":"https:\/\/api.w.org\/{rel}","templated":true}]}}