{"id":246343,"date":"2023-04-27T12:42:06","date_gmt":"2023-04-27T10:42:06","guid":{"rendered":"https:\/\/nueva.ledsolintel.com\/product\/proyector-industrial-led-arena-x-200w-de-roblan\/"},"modified":"2023-04-27T12:42:06","modified_gmt":"2023-04-27T10:42:06","slug":"projecteur-industriel-a-leds-arena-x-200w-de-roblan","status":"publish","type":"product","link":"https:\/\/ledsolintel.com\/fr\/produit-2\/projecteur-industriel-a-leds-arena-x-200w-de-roblan\/","title":{"rendered":"ROBLAN ARENA X 200W Projecteur industriel \u00e0 LED ARENA X 200W"},"content":{"rendered":"<h2>ROBLAN ARENA X 200W Projecteur industriel \u00e0 LED ARENA X 200W<\/h2>\n<p>\u00a0<\/p>\n<div class=\"elementor-element elementor-element-9b032bc elementor-widget elementor-widget-woocommerce-product-content\" data-id=\"9b032bc\" data-element_type=\"widget\" data-widget_type=\"woocommerce-product-content.default\">\n<div class=\"elementor-widget-container\">\n<p>Avec une efficacit\u00e9 lumineuse de 150 lm\/W, le projecteur ARENA X est puissant, flexible et facile \u00e0 installer. Il convient \u00e0 un large \u00e9ventail d'applications sportives, des installations sportives de classe mondiale aux terrains de loisirs, en passant par les entrep\u00f4ts et les espaces publics tels que les ports et les zones de transport.<\/p>\n<p> Sa conception modulaire offre une grande flexibilit\u00e9 optique et une construction modulaire permettant diverses combinaisons et configurations d'optiques, y compris la possibilit\u00e9 d'incliner chaque module LED afin de minimiser le nombre de luminaires requis dans une installation et de r\u00e9duire la tra\u00een\u00e9e a\u00e9rodynamique pour minimiser les contraintes m\u00e9caniques sur la structure de support. Chacune des sections s\u00e9par\u00e9es comprend une plaque d'engrenage avec une impression d'\u00e9chelle sur les deux c\u00f4t\u00e9s de la section pour aider pendant l'installation \u00e0 orienter la lumi\u00e8re au degr\u00e9 exact sp\u00e9cifi\u00e9 dans les projets d'\u00e9clairage.<\/p>\n<\/p><\/div>\n<\/p><\/div>\n<p>\u00a0<\/p>\n<h3>Caract\u00e9ristiques techniques<\/h3>\n<ul>\n<li>Puissance : 200 W<\/li>\n<li>Tension : 100-277 V AC<\/li>\n<li>CCT :<\/li>\n<ul>\n<li>4000 K<\/li>\n<li>5000 K<\/li>\n<\/ul>\n<li>Flux lumineux : 30 000 lm<\/li>\n<li>Angle d'ouverture : 60\u00ba Angle d'ouverture : 60\u00ba Angle d'ouverture : 60\u00ba Angle d'ouverture : 60\u00ba Angle d'ouverture : 60<\/li>\n<li>IRC &gt; 70<\/li>\n<li>PF &gt; 0,9<\/li>\n<li>Protection IP66<\/li>\n<li>Protection IK10<\/li>\n<li>Dur\u00e9e de vie : L70B50:200 000h @25\u00ba.<\/li>\n<li>Protection contre les surtensions : 10 kV<\/li>\n<li>Dimmable<\/li>\n<\/ul>","protected":false},"excerpt":{"rendered":"<p>Projecteur industriel \u00e0 LED ARENA X 200W de ROBLAN. Pour les stades, les ar\u00e8nes sportives, les zones de transport... Conception modulaire, avec des pi\u00e8ces manipulables individuellement.<\/p>","protected":false},"featured_media":246342,"template":"","meta":[],"product_brand":[99355],"product_cat":[99577,99653],"product_tag":[],"class_list":{"0":"post-246343","1":"product","2":"type-product","3":"status-publish","4":"has-post-thumbnail","6":"product_brand-roblan","7":"product_cat-iluminacion-industrial-y-comercial","8":"product_cat-proyectores-industriales-led","9":"pa_cct-4000k","10":"pa_cct-5000k","13":"instock","14":"taxable","15":"shipping-taxable","16":"purchasable","17":"product-type-variable","18":"has-default-attributes"},"yoast_head":"<!-- This site is optimized with the Yoast SEO plugin v26.6 - https:\/\/yoast.com\/wordpress\/plugins\/seo\/ -->\n<title>Proyector industrial LED ARENA X 200W de ROBLAN<\/title>\n<meta name=\"description\" content=\"Proyector industrial LED ARENA X 200W de ROBLAN. Para estadios, pistas deportivas, zonas de transporte... Dise\u00f1o modular, luz dimmable.\" \/>\n<meta name=\"robots\" content=\"index, follow, max-snippet:-1, max-image-preview:large, max-video-preview:-1\" \/>\n<link rel=\"canonical\" href=\"https:\/\/ledsolintel.com\/fr\/produit-2\/projecteur-industriel-a-leds-arena-x-200w-de-roblan\/\" \/>\n<meta property=\"og:locale\" content=\"fr_FR\" \/>\n<meta property=\"og:type\" content=\"article\" \/>\n<meta property=\"og:title\" content=\"Proyector industrial LED ARENA X 200W de ROBLAN\" \/>\n<meta property=\"og:description\" content=\"Proyector industrial LED ARENA X 200W de ROBLAN. Para estadios, pistas deportivas, zonas de transporte... Dise\u00f1o modular, luz dimmable.\" \/>\n<meta property=\"og:url\" content=\"https:\/\/ledsolintel.com\/fr\/produit-2\/projecteur-industriel-a-leds-arena-x-200w-de-roblan\/\" \/>\n<meta property=\"og:site_name\" content=\"Ledsolintel\" \/>\n<meta property=\"article:publisher\" content=\"http:\/\/www.facebook.com\/webmenaje\" \/>\n<meta property=\"og:image\" content=\"https:\/\/ledsolintel.com\/wp-content\/uploads\/2023\/04\/20415-Proyector-industrial-LED-ARENA-X-200W-de-ROBLAN.jpg\" \/>\n\t<meta property=\"og:image:width\" content=\"1\" \/>\n\t<meta property=\"og:image:height\" content=\"1\" \/>\n\t<meta property=\"og:image:type\" content=\"image\/jpeg\" \/>\n<meta name=\"twitter:card\" content=\"summary_large_image\" \/>\n<meta name=\"twitter:site\" content=\"@webmenaje\" \/>\n<meta name=\"twitter:label1\" content=\"Dur\u00e9e de lecture estim\u00e9e\" \/>\n\t<meta name=\"twitter:data1\" content=\"1 minute\" \/>\n<script type=\"application\/ld+json\" class=\"yoast-schema-graph\">{\"@context\":\"https:\/\/schema.org\",\"@graph\":[{\"@type\":\"WebPage\",\"@id\":\"https:\/\/ledsolintel.com\/product\/proyector-industrial-led-arena-x-200w-de-roblan\/\",\"url\":\"https:\/\/ledsolintel.com\/product\/proyector-industrial-led-arena-x-200w-de-roblan\/\",\"name\":\"Proyector industrial LED ARENA X 200W de ROBLAN\",\"isPartOf\":{\"@id\":\"https:\/\/ledsolintel.com\/#website\"},\"primaryImageOfPage\":{\"@id\":\"https:\/\/ledsolintel.com\/product\/proyector-industrial-led-arena-x-200w-de-roblan\/#primaryimage\"},\"image\":{\"@id\":\"https:\/\/ledsolintel.com\/product\/proyector-industrial-led-arena-x-200w-de-roblan\/#primaryimage\"},\"thumbnailUrl\":\"https:\/\/ledsolintel.com\/wp-content\/uploads\/2023\/04\/20415-Proyector-industrial-LED-ARENA-X-200W-de-ROBLAN.jpg\",\"datePublished\":\"2023-04-27T10:42:06+00:00\",\"description\":\"Proyector industrial LED ARENA X 200W de ROBLAN. Para estadios, pistas deportivas, zonas de transporte... Dise\u00f1o modular, luz dimmable.\",\"breadcrumb\":{\"@id\":\"https:\/\/ledsolintel.com\/product\/proyector-industrial-led-arena-x-200w-de-roblan\/#breadcrumb\"},\"inLanguage\":\"fr-FR\",\"potentialAction\":[{\"@type\":\"ReadAction\",\"target\":[\"https:\/\/ledsolintel.com\/product\/proyector-industrial-led-arena-x-200w-de-roblan\/\"]}]},{\"@type\":\"ImageObject\",\"inLanguage\":\"fr-FR\",\"@id\":\"https:\/\/ledsolintel.com\/product\/proyector-industrial-led-arena-x-200w-de-roblan\/#primaryimage\",\"url\":\"https:\/\/ledsolintel.com\/wp-content\/uploads\/2023\/04\/20415-Proyector-industrial-LED-ARENA-X-200W-de-ROBLAN.jpg\",\"contentUrl\":\"https:\/\/ledsolintel.com\/wp-content\/uploads\/2023\/04\/20415-Proyector-industrial-LED-ARENA-X-200W-de-ROBLAN.jpg\",\"caption\":\"Proyector industrial LED ARENA X 200W de ROBLAN\"},{\"@type\":\"BreadcrumbList\",\"@id\":\"https:\/\/ledsolintel.com\/product\/proyector-industrial-led-arena-x-200w-de-roblan\/#breadcrumb\",\"itemListElement\":[{\"@type\":\"ListItem\",\"position\":1,\"name\":\"Portada\",\"item\":\"https:\/\/ledsolintel.com\/fr\/\"},{\"@type\":\"ListItem\",\"position\":2,\"name\":\"Tienda\",\"item\":\"https:\/\/ledsolintel.com\/tienda\/\"},{\"@type\":\"ListItem\",\"position\":3,\"name\":\"Proyector industrial LED ARENA X 200W de ROBLAN\"}]},{\"@type\":\"WebSite\",\"@id\":\"https:\/\/ledsolintel.com\/#website\",\"url\":\"https:\/\/ledsolintel.com\/\",\"name\":\"Webmenaje\",\"description\":\"Tienda de bombillas y l\u00e1mparas LED para profesionales\",\"publisher\":{\"@id\":\"https:\/\/ledsolintel.com\/#organization\"},\"potentialAction\":[{\"@type\":\"SearchAction\",\"target\":{\"@type\":\"EntryPoint\",\"urlTemplate\":\"https:\/\/ledsolintel.com\/?s={search_term_string}\"},\"query-input\":{\"@type\":\"PropertyValueSpecification\",\"valueRequired\":true,\"valueName\":\"search_term_string\"}}],\"inLanguage\":\"fr-FR\"},{\"@type\":\"Organization\",\"@id\":\"https:\/\/ledsolintel.com\/#organization\",\"name\":\"Solintel Noroeste, S.L.\",\"url\":\"https:\/\/ledsolintel.com\/\",\"logo\":{\"@type\":\"ImageObject\",\"inLanguage\":\"fr-FR\",\"@id\":\"https:\/\/ledsolintel.com\/#\/schema\/logo\/image\/\",\"url\":\"https:\/\/ledsolintel.com\/wp-content\/uploads\/2024\/11\/webmenaje-logo-1508269066.jpg\",\"contentUrl\":\"https:\/\/ledsolintel.com\/wp-content\/uploads\/2024\/11\/webmenaje-logo-1508269066.jpg\",\"width\":370,\"height\":90,\"caption\":\"Solintel Noroeste, S.L.\"},\"image\":{\"@id\":\"https:\/\/ledsolintel.com\/#\/schema\/logo\/image\/\"},\"sameAs\":[\"http:\/\/www.facebook.com\/webmenaje\",\"https:\/\/x.com\/webmenaje\",\"https:\/\/www.youtube.com\/channel\/UCX2KoVoeCG4LocZjUc6LmSQ\",\"http:\/\/www.pinterest.com\/webmenaje\"]}]}<\/script>\n<!-- \/ Yoast SEO plugin. -->","yoast_head_json":{"title":"ROBLAN ARENA X 200W Projecteur industriel \u00e0 LED ARENA X 200W","description":"Projecteur industriel \u00e0 LED ARENA X 200W de ROBLAN. Pour les stades, les enceintes sportives, les zones de transport... Conception modulaire, lumi\u00e8re r\u00e9glable.","robots":{"index":"index","follow":"follow","max-snippet":"max-snippet:-1","max-image-preview":"max-image-preview:large","max-video-preview":"max-video-preview:-1"},"canonical":"https:\/\/ledsolintel.com\/fr\/produit-2\/projecteur-industriel-a-leds-arena-x-200w-de-roblan\/","og_locale":"fr_FR","og_type":"article","og_title":"Proyector industrial LED ARENA X 200W de ROBLAN","og_description":"Proyector industrial LED ARENA X 200W de ROBLAN. Para estadios, pistas deportivas, zonas de transporte... Dise\u00f1o modular, luz dimmable.","og_url":"https:\/\/ledsolintel.com\/fr\/produit-2\/projecteur-industriel-a-leds-arena-x-200w-de-roblan\/","og_site_name":"Ledsolintel","article_publisher":"http:\/\/www.facebook.com\/webmenaje","og_image":[{"url":"https:\/\/ledsolintel.com\/wp-content\/uploads\/2023\/04\/20415-Proyector-industrial-LED-ARENA-X-200W-de-ROBLAN.jpg","width":1,"height":1,"type":"image\/jpeg"}],"twitter_card":"summary_large_image","twitter_site":"@webmenaje","twitter_misc":{"Dur\u00e9e de lecture estim\u00e9e":"1 minute"},"schema":{"@context":"https:\/\/schema.org","@graph":[{"@type":"WebPage","@id":"https:\/\/ledsolintel.com\/product\/proyector-industrial-led-arena-x-200w-de-roblan\/","url":"https:\/\/ledsolintel.com\/product\/proyector-industrial-led-arena-x-200w-de-roblan\/","name":"ROBLAN ARENA X 200W Projecteur industriel \u00e0 LED ARENA X 200W","isPartOf":{"@id":"https:\/\/ledsolintel.com\/#website"},"primaryImageOfPage":{"@id":"https:\/\/ledsolintel.com\/product\/proyector-industrial-led-arena-x-200w-de-roblan\/#primaryimage"},"image":{"@id":"https:\/\/ledsolintel.com\/product\/proyector-industrial-led-arena-x-200w-de-roblan\/#primaryimage"},"thumbnailUrl":"https:\/\/ledsolintel.com\/wp-content\/uploads\/2023\/04\/20415-Proyector-industrial-LED-ARENA-X-200W-de-ROBLAN.jpg","datePublished":"2023-04-27T10:42:06+00:00","description":"Projecteur industriel \u00e0 LED ARENA X 200W de ROBLAN. Pour les stades, les enceintes sportives, les zones de transport... Conception modulaire, lumi\u00e8re r\u00e9glable.","breadcrumb":{"@id":"https:\/\/ledsolintel.com\/product\/proyector-industrial-led-arena-x-200w-de-roblan\/#breadcrumb"},"inLanguage":"fr-FR","potentialAction":[{"@type":"ReadAction","target":["https:\/\/ledsolintel.com\/product\/proyector-industrial-led-arena-x-200w-de-roblan\/"]}]},{"@type":"ImageObject","inLanguage":"fr-FR","@id":"https:\/\/ledsolintel.com\/product\/proyector-industrial-led-arena-x-200w-de-roblan\/#primaryimage","url":"https:\/\/ledsolintel.com\/wp-content\/uploads\/2023\/04\/20415-Proyector-industrial-LED-ARENA-X-200W-de-ROBLAN.jpg","contentUrl":"https:\/\/ledsolintel.com\/wp-content\/uploads\/2023\/04\/20415-Proyector-industrial-LED-ARENA-X-200W-de-ROBLAN.jpg","caption":"Proyector industrial LED ARENA X 200W de ROBLAN"},{"@type":"BreadcrumbList","@id":"https:\/\/ledsolintel.com\/product\/proyector-industrial-led-arena-x-200w-de-roblan\/#breadcrumb","itemListElement":[{"@type":"ListItem","position":1,"name":"Portada","item":"https:\/\/ledsolintel.com\/fr\/"},{"@type":"ListItem","position":2,"name":"Tienda","item":"https:\/\/ledsolintel.com\/tienda\/"},{"@type":"ListItem","position":3,"name":"Proyector industrial LED ARENA X 200W de ROBLAN"}]},{"@type":"WebSite","@id":"https:\/\/ledsolintel.com\/#website","url":"https:\/\/ledsolintel.com\/","name":"Webmenaje","description":"Magasin d'ampoules et de lampes LED pour les professionnels","publisher":{"@id":"https:\/\/ledsolintel.com\/#organization"},"potentialAction":[{"@type":"SearchAction","target":{"@type":"EntryPoint","urlTemplate":"https:\/\/ledsolintel.com\/?s={search_term_string}"},"query-input":{"@type":"PropertyValueSpecification","valueRequired":true,"valueName":"search_term_string"}}],"inLanguage":"fr-FR"},{"@type":"Organization","@id":"https:\/\/ledsolintel.com\/#organization","name":"Solintel Noroeste, S.L.","url":"https:\/\/ledsolintel.com\/","logo":{"@type":"ImageObject","inLanguage":"fr-FR","@id":"https:\/\/ledsolintel.com\/#\/schema\/logo\/image\/","url":"https:\/\/ledsolintel.com\/wp-content\/uploads\/2024\/11\/webmenaje-logo-1508269066.jpg","contentUrl":"https:\/\/ledsolintel.com\/wp-content\/uploads\/2024\/11\/webmenaje-logo-1508269066.jpg","width":370,"height":90,"caption":"Solintel Noroeste, S.L."},"image":{"@id":"https:\/\/ledsolintel.com\/#\/schema\/logo\/image\/"},"sameAs":["http:\/\/www.facebook.com\/webmenaje","https:\/\/x.com\/webmenaje","https:\/\/www.youtube.com\/channel\/UCX2KoVoeCG4LocZjUc6LmSQ","http:\/\/www.pinterest.com\/webmenaje"]}]}},"_links":{"self":[{"href":"https:\/\/ledsolintel.com\/fr\/wp-json\/wp\/v2\/product\/246343","targetHints":{"allow":["GET"]}}],"collection":[{"href":"https:\/\/ledsolintel.com\/fr\/wp-json\/wp\/v2\/product"}],"about":[{"href":"https:\/\/ledsolintel.com\/fr\/wp-json\/wp\/v2\/types\/product"}],"version-history":[{"count":0,"href":"https:\/\/ledsolintel.com\/fr\/wp-json\/wp\/v2\/product\/246343\/revisions"}],"wp:featuredmedia":[{"embeddable":true,"href":"https:\/\/ledsolintel.com\/fr\/wp-json\/wp\/v2\/media\/246342"}],"wp:attachment":[{"href":"https:\/\/ledsolintel.com\/fr\/wp-json\/wp\/v2\/media?parent=246343"}],"wp:term":[{"taxonomy":"product_brand","embeddable":true,"href":"https:\/\/ledsolintel.com\/fr\/wp-json\/wp\/v2\/product_brand?post=246343"},{"taxonomy":"product_cat","embeddable":true,"href":"https:\/\/ledsolintel.com\/fr\/wp-json\/wp\/v2\/product_cat?post=246343"},{"taxonomy":"product_tag","embeddable":true,"href":"https:\/\/ledsolintel.com\/fr\/wp-json\/wp\/v2\/product_tag?post=246343"}],"curies":[{"name":"wp","href":"https:\/\/api.w.org\/{rel}","templated":true}]}}