{"id":246331,"date":"2023-04-26T11:41:04","date_gmt":"2023-04-26T09:41:04","guid":{"rendered":"https:\/\/nueva.ledsolintel.com\/product\/campana-led-atex-sensor-para-estaciones-de-servicio-100-w-de-roblan\/"},"modified":"2023-04-26T11:41:04","modified_gmt":"2023-04-26T09:41:04","slug":"atex-sensor-led-hood-for-petrol-stations-100-w-by-roblan","status":"publish","type":"product","link":"https:\/\/ledsolintel.com\/fr\/produit-2\/atex-sensor-led-hood-for-petrol-stations-100-w-by-roblan\/","title":{"rendered":"Roblan ATEX SENSOR 100 W hotte LED pour stations-service"},"content":{"rendered":"<h3>Roblan ATEX SENSOR 100 W hotte LED pour stations-service<\/h3>\n<p>\u00a0<\/p>\n<ul>\n<li>Puissance : 100 W<\/li>\n<li>Tension : 100 - 277 V<\/li>\n<li>Luminance : 15 000 lm<\/li>\n<li>CCT : 5700 K<\/li>\n<li>Optique : 120\u00ba.<\/li>\n<li>Protection IP65<\/li>\n<li>Protection IK10<\/li>\n<li>Dur\u00e9e de vie moyenne : 54 000 heures<\/li>\n<li>IRC &gt; 80<\/li>\n<li>Facteur de puissance &gt; 0,95<\/li>\n<li>Dimensions : 111,5x430x430 mm<\/li>\n<li>Protection contre les surtensions jusqu'\u00e0 6 kV<\/li>\n<li>Certification ATEX II 2 G Ex IIC T4 Gb<\/li>\n<li>Chauffeur Meanwell<\/li>\n<li>Puces Lumileds<\/li>\n<\/ul>\n<p>\u00a0<\/p><\/p>","protected":false},"excerpt":{"rendered":"<p>Hotte LED destin\u00e9e \u00e0 \u00eatre utilis\u00e9e dans des lieux o\u00f9 l'atmosph\u00e8re est explosive, tels que les stations-service ou les usines utilisant des produits inflammables. Gr\u00e2ce \u00e0 sa grande efficacit\u00e9 \u00e9nerg\u00e9tique, elle est \u00e9galement parfaite pour les grands espaces tels que les parkings, les entrep\u00f4ts ou les supermarch\u00e9s.<\/p>\n<p>Prot\u00e9g\u00e9 contre les surtensions. Certifi\u00e9 ATEX.<\/p>\n<p>D\u00e9tecteur de mouvement<\/p>","protected":false},"featured_media":246330,"template":"","meta":[],"product_brand":[99355],"product_cat":[99611,99577,99639],"product_tag":[],"class_list":{"0":"post-246331","1":"product","2":"type-product","3":"status-publish","4":"has-post-thumbnail","6":"product_brand-roblan","7":"product_cat-campanas-industriales-led","8":"product_cat-iluminacion-industrial-y-comercial","9":"product_cat-luminarias-led-atex","12":"instock","13":"taxable","14":"shipping-taxable","15":"purchasable","16":"product-type-simple"},"yoast_head":"<!-- This site is optimized with the Yoast SEO plugin v27.4 - https:\/\/yoast.com\/product\/yoast-seo-wordpress\/ -->\n<title>Campana LED ATEX SENSOR para estaciones de servicio 100 W de Roblan<\/title>\n<meta name=\"description\" content=\"Campana industrial LED para uso en lugares con atm\u00f3sferas explosivas, como estaciones de servicio o f\u00e1bricas con productos inflamables. Sensor de movimiento\" \/>\n<meta name=\"robots\" content=\"index, follow, max-snippet:-1, max-image-preview:large, max-video-preview:-1\" \/>\n<link rel=\"canonical\" href=\"https:\/\/ledsolintel.com\/fr\/produit-2\/atex-sensor-led-hood-for-petrol-stations-100-w-by-roblan\/\" \/>\n<meta property=\"og:locale\" content=\"fr_FR\" \/>\n<meta property=\"og:type\" content=\"article\" \/>\n<meta property=\"og:title\" content=\"Campana LED ATEX SENSOR para estaciones de servicio 100 W de Roblan\" \/>\n<meta property=\"og:description\" content=\"Campana industrial LED para uso en lugares con atm\u00f3sferas explosivas, como estaciones de servicio o f\u00e1bricas con productos inflamables. Sensor de movimiento\" \/>\n<meta property=\"og:url\" content=\"https:\/\/ledsolintel.com\/fr\/produit-2\/atex-sensor-led-hood-for-petrol-stations-100-w-by-roblan\/\" \/>\n<meta property=\"og:site_name\" content=\"Ledsolintel\" \/>\n<meta property=\"article:publisher\" content=\"http:\/\/www.facebook.com\/webmenaje\" \/>\n<meta property=\"og:image\" content=\"https:\/\/ledsolintel.com\/wp-content\/uploads\/2023\/04\/20444-Campana-LED-ATEX-SENSOR-para-estaciones-de-servicio-100-W-de-Roblan.jpg\" \/>\n\t<meta property=\"og:image:width\" content=\"1\" \/>\n\t<meta property=\"og:image:height\" content=\"1\" \/>\n\t<meta property=\"og:image:type\" content=\"image\/jpeg\" \/>\n<meta name=\"twitter:card\" content=\"summary_large_image\" \/>\n<meta name=\"twitter:site\" content=\"@webmenaje\" \/>\n<script type=\"application\/ld+json\" class=\"yoast-schema-graph\">{\"@context\":\"https:\\\/\\\/schema.org\",\"@graph\":[{\"@type\":\"WebPage\",\"@id\":\"https:\\\/\\\/ledsolintel.com\\\/product\\\/campana-led-atex-sensor-para-estaciones-de-servicio-100-w-de-roblan\\\/\",\"url\":\"https:\\\/\\\/ledsolintel.com\\\/product\\\/campana-led-atex-sensor-para-estaciones-de-servicio-100-w-de-roblan\\\/\",\"name\":\"Campana LED ATEX SENSOR para estaciones de servicio 100 W de Roblan\",\"isPartOf\":{\"@id\":\"https:\\\/\\\/ledsolintel.com\\\/#website\"},\"primaryImageOfPage\":{\"@id\":\"https:\\\/\\\/ledsolintel.com\\\/product\\\/campana-led-atex-sensor-para-estaciones-de-servicio-100-w-de-roblan\\\/#primaryimage\"},\"image\":{\"@id\":\"https:\\\/\\\/ledsolintel.com\\\/product\\\/campana-led-atex-sensor-para-estaciones-de-servicio-100-w-de-roblan\\\/#primaryimage\"},\"thumbnailUrl\":\"https:\\\/\\\/ledsolintel.com\\\/wp-content\\\/uploads\\\/2023\\\/04\\\/20444-Campana-LED-ATEX-SENSOR-para-estaciones-de-servicio-100-W-de-Roblan.jpg\",\"datePublished\":\"2023-04-26T09:41:04+00:00\",\"description\":\"Campana industrial LED para uso en lugares con atm\u00f3sferas explosivas, como estaciones de servicio o f\u00e1bricas con productos inflamables. Sensor de movimiento\",\"breadcrumb\":{\"@id\":\"https:\\\/\\\/ledsolintel.com\\\/product\\\/campana-led-atex-sensor-para-estaciones-de-servicio-100-w-de-roblan\\\/#breadcrumb\"},\"inLanguage\":\"fr-FR\",\"potentialAction\":[{\"@type\":\"ReadAction\",\"target\":[\"https:\\\/\\\/ledsolintel.com\\\/product\\\/campana-led-atex-sensor-para-estaciones-de-servicio-100-w-de-roblan\\\/\"]}]},{\"@type\":\"ImageObject\",\"inLanguage\":\"fr-FR\",\"@id\":\"https:\\\/\\\/ledsolintel.com\\\/product\\\/campana-led-atex-sensor-para-estaciones-de-servicio-100-w-de-roblan\\\/#primaryimage\",\"url\":\"https:\\\/\\\/ledsolintel.com\\\/wp-content\\\/uploads\\\/2023\\\/04\\\/20444-Campana-LED-ATEX-SENSOR-para-estaciones-de-servicio-100-W-de-Roblan.jpg\",\"contentUrl\":\"https:\\\/\\\/ledsolintel.com\\\/wp-content\\\/uploads\\\/2023\\\/04\\\/20444-Campana-LED-ATEX-SENSOR-para-estaciones-de-servicio-100-W-de-Roblan.jpg\",\"caption\":\"Campana LED ATEX SENSOR para estaciones de servicio 100 W de Roblan\"},{\"@type\":\"BreadcrumbList\",\"@id\":\"https:\\\/\\\/ledsolintel.com\\\/product\\\/campana-led-atex-sensor-para-estaciones-de-servicio-100-w-de-roblan\\\/#breadcrumb\",\"itemListElement\":[{\"@type\":\"ListItem\",\"position\":1,\"name\":\"Portada\",\"item\":\"https:\\\/\\\/ledsolintel.com\\\/fr\\\/\"},{\"@type\":\"ListItem\",\"position\":2,\"name\":\"Tienda\",\"item\":\"https:\\\/\\\/ledsolintel.com\\\/tienda\\\/\"},{\"@type\":\"ListItem\",\"position\":3,\"name\":\"Campana LED ATEX SENSOR para estaciones de servicio 100 W de Roblan\"}]},{\"@type\":\"WebSite\",\"@id\":\"https:\\\/\\\/ledsolintel.com\\\/#website\",\"url\":\"https:\\\/\\\/ledsolintel.com\\\/\",\"name\":\"Webmenaje\",\"description\":\"Tienda de bombillas y l\u00e1mparas LED para profesionales\",\"publisher\":{\"@id\":\"https:\\\/\\\/ledsolintel.com\\\/#organization\"},\"potentialAction\":[{\"@type\":\"SearchAction\",\"target\":{\"@type\":\"EntryPoint\",\"urlTemplate\":\"https:\\\/\\\/ledsolintel.com\\\/?s={search_term_string}\"},\"query-input\":{\"@type\":\"PropertyValueSpecification\",\"valueRequired\":true,\"valueName\":\"search_term_string\"}}],\"inLanguage\":\"fr-FR\"},{\"@type\":\"Organization\",\"@id\":\"https:\\\/\\\/ledsolintel.com\\\/#organization\",\"name\":\"Solintel Noroeste, S.L.\",\"url\":\"https:\\\/\\\/ledsolintel.com\\\/\",\"logo\":{\"@type\":\"ImageObject\",\"inLanguage\":\"fr-FR\",\"@id\":\"https:\\\/\\\/ledsolintel.com\\\/#\\\/schema\\\/logo\\\/image\\\/\",\"url\":\"https:\\\/\\\/ledsolintel.com\\\/wp-content\\\/uploads\\\/2024\\\/11\\\/webmenaje-logo-1508269066.jpg\",\"contentUrl\":\"https:\\\/\\\/ledsolintel.com\\\/wp-content\\\/uploads\\\/2024\\\/11\\\/webmenaje-logo-1508269066.jpg\",\"width\":370,\"height\":90,\"caption\":\"Solintel Noroeste, S.L.\"},\"image\":{\"@id\":\"https:\\\/\\\/ledsolintel.com\\\/#\\\/schema\\\/logo\\\/image\\\/\"},\"sameAs\":[\"http:\\\/\\\/www.facebook.com\\\/webmenaje\",\"https:\\\/\\\/x.com\\\/webmenaje\",\"https:\\\/\\\/www.youtube.com\\\/channel\\\/UCX2KoVoeCG4LocZjUc6LmSQ\",\"http:\\\/\\\/www.pinterest.com\\\/webmenaje\"]}]}<\/script>\n<!-- \/ Yoast SEO plugin. -->","yoast_head_json":{"title":"Roblan ATEX SENSOR 100 W hotte LED pour stations-service","description":"Hotte industrielle \u00e0 LED pour une utilisation dans des lieux \u00e0 atmosph\u00e8re explosive, tels que les stations-service ou les usines avec des produits inflammables. D\u00e9tecteur de mouvement","robots":{"index":"index","follow":"follow","max-snippet":"max-snippet:-1","max-image-preview":"max-image-preview:large","max-video-preview":"max-video-preview:-1"},"canonical":"https:\/\/ledsolintel.com\/fr\/produit-2\/atex-sensor-led-hood-for-petrol-stations-100-w-by-roblan\/","og_locale":"fr_FR","og_type":"article","og_title":"Campana LED ATEX SENSOR para estaciones de servicio 100 W de Roblan","og_description":"Campana industrial LED para uso en lugares con atm\u00f3sferas explosivas, como estaciones de servicio o f\u00e1bricas con productos inflamables. Sensor de movimiento","og_url":"https:\/\/ledsolintel.com\/fr\/produit-2\/atex-sensor-led-hood-for-petrol-stations-100-w-by-roblan\/","og_site_name":"Ledsolintel","article_publisher":"http:\/\/www.facebook.com\/webmenaje","og_image":[{"url":"https:\/\/ledsolintel.com\/wp-content\/uploads\/2023\/04\/20444-Campana-LED-ATEX-SENSOR-para-estaciones-de-servicio-100-W-de-Roblan.jpg","width":1,"height":1,"type":"image\/jpeg"}],"twitter_card":"summary_large_image","twitter_site":"@webmenaje","schema":{"@context":"https:\/\/schema.org","@graph":[{"@type":"WebPage","@id":"https:\/\/ledsolintel.com\/product\/campana-led-atex-sensor-para-estaciones-de-servicio-100-w-de-roblan\/","url":"https:\/\/ledsolintel.com\/product\/campana-led-atex-sensor-para-estaciones-de-servicio-100-w-de-roblan\/","name":"Roblan ATEX SENSOR 100 W hotte LED pour stations-service","isPartOf":{"@id":"https:\/\/ledsolintel.com\/#website"},"primaryImageOfPage":{"@id":"https:\/\/ledsolintel.com\/product\/campana-led-atex-sensor-para-estaciones-de-servicio-100-w-de-roblan\/#primaryimage"},"image":{"@id":"https:\/\/ledsolintel.com\/product\/campana-led-atex-sensor-para-estaciones-de-servicio-100-w-de-roblan\/#primaryimage"},"thumbnailUrl":"https:\/\/ledsolintel.com\/wp-content\/uploads\/2023\/04\/20444-Campana-LED-ATEX-SENSOR-para-estaciones-de-servicio-100-W-de-Roblan.jpg","datePublished":"2023-04-26T09:41:04+00:00","description":"Hotte industrielle \u00e0 LED pour une utilisation dans des lieux \u00e0 atmosph\u00e8re explosive, tels que les stations-service ou les usines avec des produits inflammables. D\u00e9tecteur de mouvement","breadcrumb":{"@id":"https:\/\/ledsolintel.com\/product\/campana-led-atex-sensor-para-estaciones-de-servicio-100-w-de-roblan\/#breadcrumb"},"inLanguage":"fr-FR","potentialAction":[{"@type":"ReadAction","target":["https:\/\/ledsolintel.com\/product\/campana-led-atex-sensor-para-estaciones-de-servicio-100-w-de-roblan\/"]}]},{"@type":"ImageObject","inLanguage":"fr-FR","@id":"https:\/\/ledsolintel.com\/product\/campana-led-atex-sensor-para-estaciones-de-servicio-100-w-de-roblan\/#primaryimage","url":"https:\/\/ledsolintel.com\/wp-content\/uploads\/2023\/04\/20444-Campana-LED-ATEX-SENSOR-para-estaciones-de-servicio-100-W-de-Roblan.jpg","contentUrl":"https:\/\/ledsolintel.com\/wp-content\/uploads\/2023\/04\/20444-Campana-LED-ATEX-SENSOR-para-estaciones-de-servicio-100-W-de-Roblan.jpg","caption":"Campana LED ATEX SENSOR para estaciones de servicio 100 W de Roblan"},{"@type":"BreadcrumbList","@id":"https:\/\/ledsolintel.com\/product\/campana-led-atex-sensor-para-estaciones-de-servicio-100-w-de-roblan\/#breadcrumb","itemListElement":[{"@type":"ListItem","position":1,"name":"Portada","item":"https:\/\/ledsolintel.com\/fr\/"},{"@type":"ListItem","position":2,"name":"Tienda","item":"https:\/\/ledsolintel.com\/tienda\/"},{"@type":"ListItem","position":3,"name":"Campana LED ATEX SENSOR para estaciones de servicio 100 W de Roblan"}]},{"@type":"WebSite","@id":"https:\/\/ledsolintel.com\/#website","url":"https:\/\/ledsolintel.com\/","name":"Webmenaje","description":"Magasin d'ampoules et de lampes LED pour les professionnels","publisher":{"@id":"https:\/\/ledsolintel.com\/#organization"},"potentialAction":[{"@type":"SearchAction","target":{"@type":"EntryPoint","urlTemplate":"https:\/\/ledsolintel.com\/?s={search_term_string}"},"query-input":{"@type":"PropertyValueSpecification","valueRequired":true,"valueName":"search_term_string"}}],"inLanguage":"fr-FR"},{"@type":"Organization","@id":"https:\/\/ledsolintel.com\/#organization","name":"Solintel Noroeste, S.L.","url":"https:\/\/ledsolintel.com\/","logo":{"@type":"ImageObject","inLanguage":"fr-FR","@id":"https:\/\/ledsolintel.com\/#\/schema\/logo\/image\/","url":"https:\/\/ledsolintel.com\/wp-content\/uploads\/2024\/11\/webmenaje-logo-1508269066.jpg","contentUrl":"https:\/\/ledsolintel.com\/wp-content\/uploads\/2024\/11\/webmenaje-logo-1508269066.jpg","width":370,"height":90,"caption":"Solintel Noroeste, S.L."},"image":{"@id":"https:\/\/ledsolintel.com\/#\/schema\/logo\/image\/"},"sameAs":["http:\/\/www.facebook.com\/webmenaje","https:\/\/x.com\/webmenaje","https:\/\/www.youtube.com\/channel\/UCX2KoVoeCG4LocZjUc6LmSQ","http:\/\/www.pinterest.com\/webmenaje"]}]}},"_links":{"self":[{"href":"https:\/\/ledsolintel.com\/fr\/wp-json\/wp\/v2\/product\/246331","targetHints":{"allow":["GET"]}}],"collection":[{"href":"https:\/\/ledsolintel.com\/fr\/wp-json\/wp\/v2\/product"}],"about":[{"href":"https:\/\/ledsolintel.com\/fr\/wp-json\/wp\/v2\/types\/product"}],"version-history":[{"count":0,"href":"https:\/\/ledsolintel.com\/fr\/wp-json\/wp\/v2\/product\/246331\/revisions"}],"wp:featuredmedia":[{"embeddable":true,"href":"https:\/\/ledsolintel.com\/fr\/wp-json\/wp\/v2\/media\/246330"}],"wp:attachment":[{"href":"https:\/\/ledsolintel.com\/fr\/wp-json\/wp\/v2\/media?parent=246331"}],"wp:term":[{"taxonomy":"product_brand","embeddable":true,"href":"https:\/\/ledsolintel.com\/fr\/wp-json\/wp\/v2\/product_brand?post=246331"},{"taxonomy":"product_cat","embeddable":true,"href":"https:\/\/ledsolintel.com\/fr\/wp-json\/wp\/v2\/product_cat?post=246331"},{"taxonomy":"product_tag","embeddable":true,"href":"https:\/\/ledsolintel.com\/fr\/wp-json\/wp\/v2\/product_tag?post=246331"}],"curies":[{"name":"wp","href":"https:\/\/api.w.org\/{rel}","templated":true}]}}