{"id":246309,"date":"2023-04-25T17:57:37","date_gmt":"2023-04-25T15:57:37","guid":{"rendered":"https:\/\/nueva.ledsolintel.com\/product\/campana-led-para-zonas-limpias-mhl-nsf-80w-de-roblan-2\/"},"modified":"2023-04-25T17:57:37","modified_gmt":"2023-04-25T15:57:37","slug":"mhl-nsf-80w-roblan-2-clean-area-led-hood-for-clean-areas","status":"publish","type":"product","link":"https:\/\/ledsolintel.com\/fr\/produit-2\/mhl-nsf-80w-roblan-2-clean-area-led-hood-for-clean-areas\/","title":{"rendered":"Roblan MHL NSF 100W hotte \u00e0 LED dimmable pour espaces propres MHL NSF 100W"},"content":{"rendered":"<p>Roblan MHL NSF 100W LED Bell MHL 100W<\/p>\n<p>\u00a0<\/p>\n<div class=\"elementor-element elementor-element-9b032bc elementor-widget elementor-widget-woocommerce-product-content\" data-id=\"9b032bc\" data-element_type=\"widget\" data-widget_type=\"woocommerce-product-content.default\">\n<div class=\"elementor-widget-container\">\n<p>La hotte industrielle MHL NSF LED est sp\u00e9cialement con\u00e7ue pour \u00eatre utilis\u00e9e dans les entrep\u00f4ts et usines hygi\u00e9niques, les laboratoires, les zones de pr\u00e9paration et de stockage des aliments et autres zones propres. Son design incurv\u00e9 emp\u00eache l'accumulation d'humidit\u00e9 et de particules, ce qui la rend utile dans les zones de lavage.<\/p>\n<p>La hotte industrielle MHL NSF LED est construite sans verre pour \u00e9viter les risques de casse. Elle est r\u00e9sistante aux chocs, \u00e0 l'eau et \u00e0 la corrosion.<\/p>\n<p>\u00a0<\/p>\n<ul>\n<li>Puissance : 100 W<\/li>\n<li>Tension : 100-277 V, 50\/60 Hz<\/li>\n<li>Luminance : 15 500 lm<\/li>\n<li>CCT : 4000 K<\/li>\n<li>Optique : 90<\/li>\n<li>IRC &gt; 80<\/li>\n<li>Marquage ATEX : II 2G Ex db IIC T6 Gb \/ II 2D Ex tb IIICT(90\u00baC) DB IP66<\/li>\n<li>Protection IP66<\/li>\n<li>Protection IK10<\/li>\n<li>Garantie : 5 ans<\/li>\n<li>Dimensions : 172,5 x 125 x 346 mm<\/li>\n<li>Installation : suspendue<\/li>\n<li>Dimmable<\/li>\n<\/ul><\/div>\n<\/p><\/div>","protected":false},"excerpt":{"rendered":"<p>Hotte \u00e0 LED Roblan MHL NSF 100W. Facile \u00e0 nettoyer gr\u00e2ce \u00e0 sa forme incurv\u00e9e, pour les entrep\u00f4ts alimentaires, les laboratoires et autres zones o\u00f9 une hygi\u00e8ne \u00e9lev\u00e9e est requise.<\/p>","protected":false},"featured_media":246308,"template":"","meta":[],"product_brand":[99355],"product_cat":[99611,99577],"product_tag":[],"class_list":{"0":"post-246309","1":"product","2":"type-product","3":"status-publish","4":"has-post-thumbnail","6":"product_brand-roblan","7":"product_cat-campanas-industriales-led","8":"product_cat-iluminacion-industrial-y-comercial","11":"instock","12":"taxable","13":"shipping-taxable","14":"purchasable","15":"product-type-simple"},"yoast_head":"<!-- This site is optimized with the Yoast SEO plugin v26.6 - https:\/\/yoast.com\/wordpress\/plugins\/seo\/ -->\n<title>Campana LED para \u00e1reas limpias MHL NSF 80W de Roblan<\/title>\n<meta name=\"description\" content=\"Campana LED MHL NSF 80W de Roblan. F\u00e1cil de limpiar por su forma curva, para almacenes de alimentos, laboratorios y otras zonas donde se necesita mucha higiene.\" \/>\n<meta name=\"robots\" content=\"index, follow, max-snippet:-1, max-image-preview:large, max-video-preview:-1\" \/>\n<link rel=\"canonical\" href=\"https:\/\/ledsolintel.com\/fr\/produit-2\/mhl-nsf-80w-roblan-2-clean-area-led-hood-for-clean-areas\/\" \/>\n<meta property=\"og:locale\" content=\"fr_FR\" \/>\n<meta property=\"og:type\" content=\"article\" \/>\n<meta property=\"og:title\" content=\"Campana LED para \u00e1reas limpias MHL NSF 80W de Roblan\" \/>\n<meta property=\"og:description\" content=\"Campana LED MHL NSF 80W de Roblan. F\u00e1cil de limpiar por su forma curva, para almacenes de alimentos, laboratorios y otras zonas donde se necesita mucha higiene.\" \/>\n<meta property=\"og:url\" content=\"https:\/\/ledsolintel.com\/fr\/produit-2\/mhl-nsf-80w-roblan-2-clean-area-led-hood-for-clean-areas\/\" \/>\n<meta property=\"og:site_name\" content=\"Ledsolintel\" \/>\n<meta property=\"article:publisher\" content=\"http:\/\/www.facebook.com\/webmenaje\" \/>\n<meta property=\"og:image\" content=\"https:\/\/ledsolintel.com\/wp-content\/uploads\/2023\/04\/20405-Campana-LED-dimmable-para-areas-limpias-MHL-NSF-100W-de-Roblan.jpg\" \/>\n\t<meta property=\"og:image:width\" content=\"1\" \/>\n\t<meta property=\"og:image:height\" content=\"1\" \/>\n\t<meta property=\"og:image:type\" content=\"image\/jpeg\" \/>\n<meta name=\"twitter:card\" content=\"summary_large_image\" \/>\n<meta name=\"twitter:site\" content=\"@webmenaje\" \/>\n<meta name=\"twitter:label1\" content=\"Dur\u00e9e de lecture estim\u00e9e\" \/>\n\t<meta name=\"twitter:data1\" content=\"1 minute\" \/>\n<script type=\"application\/ld+json\" class=\"yoast-schema-graph\">{\"@context\":\"https:\/\/schema.org\",\"@graph\":[{\"@type\":\"WebPage\",\"@id\":\"https:\/\/ledsolintel.com\/product\/campana-led-para-zonas-limpias-mhl-nsf-80w-de-roblan-2\/\",\"url\":\"https:\/\/ledsolintel.com\/product\/campana-led-para-zonas-limpias-mhl-nsf-80w-de-roblan-2\/\",\"name\":\"Campana LED para \u00e1reas limpias MHL NSF 80W de Roblan\",\"isPartOf\":{\"@id\":\"https:\/\/ledsolintel.com\/#website\"},\"primaryImageOfPage\":{\"@id\":\"https:\/\/ledsolintel.com\/product\/campana-led-para-zonas-limpias-mhl-nsf-80w-de-roblan-2\/#primaryimage\"},\"image\":{\"@id\":\"https:\/\/ledsolintel.com\/product\/campana-led-para-zonas-limpias-mhl-nsf-80w-de-roblan-2\/#primaryimage\"},\"thumbnailUrl\":\"https:\/\/ledsolintel.com\/wp-content\/uploads\/2023\/04\/20405-Campana-LED-dimmable-para-areas-limpias-MHL-NSF-100W-de-Roblan.jpg\",\"datePublished\":\"2023-04-25T15:57:37+00:00\",\"description\":\"Campana LED MHL NSF 80W de Roblan. F\u00e1cil de limpiar por su forma curva, para almacenes de alimentos, laboratorios y otras zonas donde se necesita mucha higiene.\",\"breadcrumb\":{\"@id\":\"https:\/\/ledsolintel.com\/product\/campana-led-para-zonas-limpias-mhl-nsf-80w-de-roblan-2\/#breadcrumb\"},\"inLanguage\":\"fr-FR\",\"potentialAction\":[{\"@type\":\"ReadAction\",\"target\":[\"https:\/\/ledsolintel.com\/product\/campana-led-para-zonas-limpias-mhl-nsf-80w-de-roblan-2\/\"]}]},{\"@type\":\"ImageObject\",\"inLanguage\":\"fr-FR\",\"@id\":\"https:\/\/ledsolintel.com\/product\/campana-led-para-zonas-limpias-mhl-nsf-80w-de-roblan-2\/#primaryimage\",\"url\":\"https:\/\/ledsolintel.com\/wp-content\/uploads\/2023\/04\/20405-Campana-LED-dimmable-para-areas-limpias-MHL-NSF-100W-de-Roblan.jpg\",\"contentUrl\":\"https:\/\/ledsolintel.com\/wp-content\/uploads\/2023\/04\/20405-Campana-LED-dimmable-para-areas-limpias-MHL-NSF-100W-de-Roblan.jpg\",\"caption\":\"Campana LED dimmable para \u00e1reas limpias MHL NSF 100W de Roblan\"},{\"@type\":\"BreadcrumbList\",\"@id\":\"https:\/\/ledsolintel.com\/product\/campana-led-para-zonas-limpias-mhl-nsf-80w-de-roblan-2\/#breadcrumb\",\"itemListElement\":[{\"@type\":\"ListItem\",\"position\":1,\"name\":\"Portada\",\"item\":\"https:\/\/ledsolintel.com\/fr\/\"},{\"@type\":\"ListItem\",\"position\":2,\"name\":\"Tienda\",\"item\":\"https:\/\/ledsolintel.com\/tienda\/\"},{\"@type\":\"ListItem\",\"position\":3,\"name\":\"Campana LED dimmable para \u00e1reas limpias MHL NSF 100W de Roblan\"}]},{\"@type\":\"WebSite\",\"@id\":\"https:\/\/ledsolintel.com\/#website\",\"url\":\"https:\/\/ledsolintel.com\/\",\"name\":\"Webmenaje\",\"description\":\"Tienda de bombillas y l\u00e1mparas LED para profesionales\",\"publisher\":{\"@id\":\"https:\/\/ledsolintel.com\/#organization\"},\"potentialAction\":[{\"@type\":\"SearchAction\",\"target\":{\"@type\":\"EntryPoint\",\"urlTemplate\":\"https:\/\/ledsolintel.com\/?s={search_term_string}\"},\"query-input\":{\"@type\":\"PropertyValueSpecification\",\"valueRequired\":true,\"valueName\":\"search_term_string\"}}],\"inLanguage\":\"fr-FR\"},{\"@type\":\"Organization\",\"@id\":\"https:\/\/ledsolintel.com\/#organization\",\"name\":\"Solintel Noroeste, S.L.\",\"url\":\"https:\/\/ledsolintel.com\/\",\"logo\":{\"@type\":\"ImageObject\",\"inLanguage\":\"fr-FR\",\"@id\":\"https:\/\/ledsolintel.com\/#\/schema\/logo\/image\/\",\"url\":\"https:\/\/ledsolintel.com\/wp-content\/uploads\/2024\/11\/webmenaje-logo-1508269066.jpg\",\"contentUrl\":\"https:\/\/ledsolintel.com\/wp-content\/uploads\/2024\/11\/webmenaje-logo-1508269066.jpg\",\"width\":370,\"height\":90,\"caption\":\"Solintel Noroeste, S.L.\"},\"image\":{\"@id\":\"https:\/\/ledsolintel.com\/#\/schema\/logo\/image\/\"},\"sameAs\":[\"http:\/\/www.facebook.com\/webmenaje\",\"https:\/\/x.com\/webmenaje\",\"https:\/\/www.youtube.com\/channel\/UCX2KoVoeCG4LocZjUc6LmSQ\",\"http:\/\/www.pinterest.com\/webmenaje\"]}]}<\/script>\n<!-- \/ Yoast SEO plugin. -->","yoast_head_json":{"title":"Roblan MHL NSF 80W Hotte \u00e0 LED pour espaces propres MHL NSF 80W","description":"Hotte \u00e0 LED Roblan MHL NSF 80W. Facile \u00e0 nettoyer gr\u00e2ce \u00e0 sa forme incurv\u00e9e, pour les entrep\u00f4ts alimentaires, les laboratoires et autres zones o\u00f9 une hygi\u00e8ne \u00e9lev\u00e9e est requise.","robots":{"index":"index","follow":"follow","max-snippet":"max-snippet:-1","max-image-preview":"max-image-preview:large","max-video-preview":"max-video-preview:-1"},"canonical":"https:\/\/ledsolintel.com\/fr\/produit-2\/mhl-nsf-80w-roblan-2-clean-area-led-hood-for-clean-areas\/","og_locale":"fr_FR","og_type":"article","og_title":"Campana LED para \u00e1reas limpias MHL NSF 80W de Roblan","og_description":"Campana LED MHL NSF 80W de Roblan. F\u00e1cil de limpiar por su forma curva, para almacenes de alimentos, laboratorios y otras zonas donde se necesita mucha higiene.","og_url":"https:\/\/ledsolintel.com\/fr\/produit-2\/mhl-nsf-80w-roblan-2-clean-area-led-hood-for-clean-areas\/","og_site_name":"Ledsolintel","article_publisher":"http:\/\/www.facebook.com\/webmenaje","og_image":[{"url":"https:\/\/ledsolintel.com\/wp-content\/uploads\/2023\/04\/20405-Campana-LED-dimmable-para-areas-limpias-MHL-NSF-100W-de-Roblan.jpg","width":1,"height":1,"type":"image\/jpeg"}],"twitter_card":"summary_large_image","twitter_site":"@webmenaje","twitter_misc":{"Dur\u00e9e de lecture estim\u00e9e":"1 minute"},"schema":{"@context":"https:\/\/schema.org","@graph":[{"@type":"WebPage","@id":"https:\/\/ledsolintel.com\/product\/campana-led-para-zonas-limpias-mhl-nsf-80w-de-roblan-2\/","url":"https:\/\/ledsolintel.com\/product\/campana-led-para-zonas-limpias-mhl-nsf-80w-de-roblan-2\/","name":"Roblan MHL NSF 80W Hotte \u00e0 LED pour espaces propres MHL NSF 80W","isPartOf":{"@id":"https:\/\/ledsolintel.com\/#website"},"primaryImageOfPage":{"@id":"https:\/\/ledsolintel.com\/product\/campana-led-para-zonas-limpias-mhl-nsf-80w-de-roblan-2\/#primaryimage"},"image":{"@id":"https:\/\/ledsolintel.com\/product\/campana-led-para-zonas-limpias-mhl-nsf-80w-de-roblan-2\/#primaryimage"},"thumbnailUrl":"https:\/\/ledsolintel.com\/wp-content\/uploads\/2023\/04\/20405-Campana-LED-dimmable-para-areas-limpias-MHL-NSF-100W-de-Roblan.jpg","datePublished":"2023-04-25T15:57:37+00:00","description":"Hotte \u00e0 LED Roblan MHL NSF 80W. Facile \u00e0 nettoyer gr\u00e2ce \u00e0 sa forme incurv\u00e9e, pour les entrep\u00f4ts alimentaires, les laboratoires et autres zones o\u00f9 une hygi\u00e8ne \u00e9lev\u00e9e est requise.","breadcrumb":{"@id":"https:\/\/ledsolintel.com\/product\/campana-led-para-zonas-limpias-mhl-nsf-80w-de-roblan-2\/#breadcrumb"},"inLanguage":"fr-FR","potentialAction":[{"@type":"ReadAction","target":["https:\/\/ledsolintel.com\/product\/campana-led-para-zonas-limpias-mhl-nsf-80w-de-roblan-2\/"]}]},{"@type":"ImageObject","inLanguage":"fr-FR","@id":"https:\/\/ledsolintel.com\/product\/campana-led-para-zonas-limpias-mhl-nsf-80w-de-roblan-2\/#primaryimage","url":"https:\/\/ledsolintel.com\/wp-content\/uploads\/2023\/04\/20405-Campana-LED-dimmable-para-areas-limpias-MHL-NSF-100W-de-Roblan.jpg","contentUrl":"https:\/\/ledsolintel.com\/wp-content\/uploads\/2023\/04\/20405-Campana-LED-dimmable-para-areas-limpias-MHL-NSF-100W-de-Roblan.jpg","caption":"Campana LED dimmable para \u00e1reas limpias MHL NSF 100W de Roblan"},{"@type":"BreadcrumbList","@id":"https:\/\/ledsolintel.com\/product\/campana-led-para-zonas-limpias-mhl-nsf-80w-de-roblan-2\/#breadcrumb","itemListElement":[{"@type":"ListItem","position":1,"name":"Portada","item":"https:\/\/ledsolintel.com\/fr\/"},{"@type":"ListItem","position":2,"name":"Tienda","item":"https:\/\/ledsolintel.com\/tienda\/"},{"@type":"ListItem","position":3,"name":"Campana LED dimmable para \u00e1reas limpias MHL NSF 100W de Roblan"}]},{"@type":"WebSite","@id":"https:\/\/ledsolintel.com\/#website","url":"https:\/\/ledsolintel.com\/","name":"Webmenaje","description":"Magasin d'ampoules et de lampes LED pour les professionnels","publisher":{"@id":"https:\/\/ledsolintel.com\/#organization"},"potentialAction":[{"@type":"SearchAction","target":{"@type":"EntryPoint","urlTemplate":"https:\/\/ledsolintel.com\/?s={search_term_string}"},"query-input":{"@type":"PropertyValueSpecification","valueRequired":true,"valueName":"search_term_string"}}],"inLanguage":"fr-FR"},{"@type":"Organization","@id":"https:\/\/ledsolintel.com\/#organization","name":"Solintel Noroeste, S.L.","url":"https:\/\/ledsolintel.com\/","logo":{"@type":"ImageObject","inLanguage":"fr-FR","@id":"https:\/\/ledsolintel.com\/#\/schema\/logo\/image\/","url":"https:\/\/ledsolintel.com\/wp-content\/uploads\/2024\/11\/webmenaje-logo-1508269066.jpg","contentUrl":"https:\/\/ledsolintel.com\/wp-content\/uploads\/2024\/11\/webmenaje-logo-1508269066.jpg","width":370,"height":90,"caption":"Solintel Noroeste, S.L."},"image":{"@id":"https:\/\/ledsolintel.com\/#\/schema\/logo\/image\/"},"sameAs":["http:\/\/www.facebook.com\/webmenaje","https:\/\/x.com\/webmenaje","https:\/\/www.youtube.com\/channel\/UCX2KoVoeCG4LocZjUc6LmSQ","http:\/\/www.pinterest.com\/webmenaje"]}]}},"_links":{"self":[{"href":"https:\/\/ledsolintel.com\/fr\/wp-json\/wp\/v2\/product\/246309","targetHints":{"allow":["GET"]}}],"collection":[{"href":"https:\/\/ledsolintel.com\/fr\/wp-json\/wp\/v2\/product"}],"about":[{"href":"https:\/\/ledsolintel.com\/fr\/wp-json\/wp\/v2\/types\/product"}],"version-history":[{"count":0,"href":"https:\/\/ledsolintel.com\/fr\/wp-json\/wp\/v2\/product\/246309\/revisions"}],"wp:featuredmedia":[{"embeddable":true,"href":"https:\/\/ledsolintel.com\/fr\/wp-json\/wp\/v2\/media\/246308"}],"wp:attachment":[{"href":"https:\/\/ledsolintel.com\/fr\/wp-json\/wp\/v2\/media?parent=246309"}],"wp:term":[{"taxonomy":"product_brand","embeddable":true,"href":"https:\/\/ledsolintel.com\/fr\/wp-json\/wp\/v2\/product_brand?post=246309"},{"taxonomy":"product_cat","embeddable":true,"href":"https:\/\/ledsolintel.com\/fr\/wp-json\/wp\/v2\/product_cat?post=246309"},{"taxonomy":"product_tag","embeddable":true,"href":"https:\/\/ledsolintel.com\/fr\/wp-json\/wp\/v2\/product_tag?post=246309"}],"curies":[{"name":"wp","href":"https:\/\/api.w.org\/{rel}","templated":true}]}}