{"id":246303,"date":"2023-04-25T17:30:40","date_gmt":"2023-04-25T15:30:40","guid":{"rendered":"https:\/\/nueva.ledsolintel.com\/product\/lampara-vial-solar-u-sol-25w-de-roblan\/"},"modified":"2023-04-25T17:30:40","modified_gmt":"2023-04-25T15:30:40","slug":"lampe-de-route-solaire-u-sol-25w-de-roblan","status":"publish","type":"product","link":"https:\/\/ledsolintel.com\/fr\/produit-2\/lampe-de-route-solaire-u-sol-25w-de-roblan\/","title":{"rendered":"Roblan Feu de route solaire U SOL 25W"},"content":{"rendered":"<p>Roblan Feu de route solaire U SOL 25W<\/p>\n<p>\u00a0<\/p>\n<p>La lampe solaire U SOL de Roblan est destin\u00e9e \u00e0 l'\u00e9clairage des rues et des zones urbaines. Elle est \u00e9quip\u00e9e d'un panneau solaire en silicium monocristallin de forme ronde et tremp\u00e9e, d'une efficacit\u00e9 de conversion de 21% et d'une charge rapide, avec une dur\u00e9e de vie de plus de 20 ans. Le syst\u00e8me de gestion de la charge MPPT augmente l'efficacit\u00e9 de la charge de 20 \u00e0 30% par rapport \u00e0 la normale et \u00e9vite les pertes de basse tension. Chargement plus efficace par temps nuageux ou pluvieux. Puces LM80 SMD3030 haute performance. Conception unique avec r\u00e9flexion diffuse, anti-\u00e9blouissement, \u00e9clairage doux, confortable et chaleureux.<\/p>\n<p>Batterie LiFePO4 32700 \/ 6,4V \/ 6000mAh, avec protection contre la surcharge et la surd\u00e9charge, s\u00fbre et durable, cycle de charge et de d\u00e9charge de plus de 2000 fois avec option de remplacement pour promouvoir l'\u00e9conomie circulaire. Interrupteur cach\u00e9 avec commande \u00e0 une touche, facile \u00e0 utiliser.<\/p>\n<p>\u00a0<\/p>\n<ul>\n<li>Puissance : 25 W<\/li>\n<li>Batterie : 32700 \/ 6000 mAh \/ 12,8 V \/ 76,8 Wh<\/li>\n<li>Luminance : 2000 lm<\/li>\n<li>Optique : 360<\/li>\n<li>Protection IP65<\/li>\n<li>Protection IK08<\/li>\n<li>Autonomie : 36 h<\/li>\n<li>Temps de charge : 8 heures<\/li>\n<li>Garantie : 2 ans<\/li>\n<li>Dimensions : 183,9 x 500 mm<\/li>\n<li>Installation : 60 mm<\/li>\n<\/ul>","protected":false},"excerpt":{"rendered":"<p>Roblan U SOL 25W lampadaire solaire. Eclairage urbain et routier, lumi\u00e8re diffuse et accueillante. Facile \u00e0 installer, ne n\u00e9cessite pas d'\u00e9quipement sp\u00e9cialis\u00e9. \u00c9conomie d'\u00e9nergie 100%.<\/p>","protected":false},"featured_media":246302,"template":"","meta":[],"product_brand":[99355],"product_cat":[99579,99589],"product_tag":[],"class_list":{"0":"post-246303","1":"product","2":"type-product","3":"status-publish","4":"has-post-thumbnail","6":"product_brand-roblan","7":"product_cat-iluminacion-vial","8":"product_cat-lamparas-solares","9":"pa_cct-3000k","10":"pa_cct-4000k","13":"instock","14":"taxable","15":"shipping-taxable","16":"purchasable","17":"product-type-variable","18":"has-default-attributes"},"yoast_head":"<!-- This site is optimized with the Yoast SEO plugin v27.4 - https:\/\/yoast.com\/product\/yoast-seo-wordpress\/ -->\n<title>L\u00e1mpara vial solar U SOL 25W de Roblan - Ledsolintel<\/title>\n<meta name=\"description\" content=\"L\u00e1mpara vial solar U SOL 25W de Roblan. Iluminaci\u00f3n urbana y de caminos, luz difusa. F\u00e1cil de instalar, sin material especializado. 100% de ahorro energ\u00e9tico.\" \/>\n<meta name=\"robots\" content=\"index, follow, max-snippet:-1, max-image-preview:large, max-video-preview:-1\" \/>\n<link rel=\"canonical\" href=\"https:\/\/ledsolintel.com\/fr\/produit\/lampe-de-route-solaire-u-sol-25w-de-roblan\/\" \/>\n<meta property=\"og:locale\" content=\"fr_FR\" \/>\n<meta property=\"og:type\" content=\"article\" \/>\n<meta property=\"og:title\" content=\"L\u00e1mpara vial solar U SOL 25W de Roblan - Ledsolintel\" \/>\n<meta property=\"og:description\" content=\"L\u00e1mpara vial solar U SOL 25W de Roblan. Iluminaci\u00f3n urbana y de caminos, luz difusa. F\u00e1cil de instalar, sin material especializado. 100% de ahorro energ\u00e9tico.\" \/>\n<meta property=\"og:url\" content=\"https:\/\/ledsolintel.com\/fr\/produit\/lampe-de-route-solaire-u-sol-25w-de-roblan\/\" \/>\n<meta property=\"og:site_name\" content=\"Ledsolintel\" \/>\n<meta property=\"article:publisher\" content=\"http:\/\/www.facebook.com\/webmenaje\" \/>\n<meta property=\"og:image\" content=\"https:\/\/ledsolintel.com\/wp-content\/uploads\/2023\/04\/20386-Lampara-vial-solar-U-SOL-25W-de-Roblan.jpg\" \/>\n\t<meta property=\"og:image:width\" content=\"1\" \/>\n\t<meta property=\"og:image:height\" content=\"1\" \/>\n\t<meta property=\"og:image:type\" content=\"image\/jpeg\" \/>\n<meta name=\"twitter:card\" content=\"summary_large_image\" \/>\n<meta name=\"twitter:site\" content=\"@webmenaje\" \/>\n<meta name=\"twitter:label1\" content=\"Dur\u00e9e de lecture estim\u00e9e\" \/>\n\t<meta name=\"twitter:data1\" content=\"1 minute\" \/>\n<script type=\"application\/ld+json\" class=\"yoast-schema-graph\">{\"@context\":\"https:\\\/\\\/schema.org\",\"@graph\":[{\"@type\":\"WebPage\",\"@id\":\"https:\\\/\\\/ledsolintel.com\\\/en\\\/product\\\/lampara-vial-solar-u-sol-25w-de-roblan\\\/\",\"url\":\"https:\\\/\\\/ledsolintel.com\\\/en\\\/product\\\/lampara-vial-solar-u-sol-25w-de-roblan\\\/\",\"name\":\"L\u00e1mpara vial solar U SOL 25W de Roblan - Ledsolintel\",\"isPartOf\":{\"@id\":\"https:\\\/\\\/ledsolintel.com\\\/#website\"},\"primaryImageOfPage\":{\"@id\":\"https:\\\/\\\/ledsolintel.com\\\/en\\\/product\\\/lampara-vial-solar-u-sol-25w-de-roblan\\\/#primaryimage\"},\"image\":{\"@id\":\"https:\\\/\\\/ledsolintel.com\\\/en\\\/product\\\/lampara-vial-solar-u-sol-25w-de-roblan\\\/#primaryimage\"},\"thumbnailUrl\":\"https:\\\/\\\/ledsolintel.com\\\/wp-content\\\/uploads\\\/2023\\\/04\\\/20386-Lampara-vial-solar-U-SOL-25W-de-Roblan.jpg\",\"datePublished\":\"2023-04-25T15:30:40+00:00\",\"description\":\"L\u00e1mpara vial solar U SOL 25W de Roblan. Iluminaci\u00f3n urbana y de caminos, luz difusa. F\u00e1cil de instalar, sin material especializado. 100% de ahorro energ\u00e9tico.\",\"breadcrumb\":{\"@id\":\"https:\\\/\\\/ledsolintel.com\\\/en\\\/product\\\/lampara-vial-solar-u-sol-25w-de-roblan\\\/#breadcrumb\"},\"inLanguage\":\"fr-FR\",\"potentialAction\":[{\"@type\":\"ReadAction\",\"target\":[\"https:\\\/\\\/ledsolintel.com\\\/en\\\/product\\\/lampara-vial-solar-u-sol-25w-de-roblan\\\/\"]}]},{\"@type\":\"ImageObject\",\"inLanguage\":\"fr-FR\",\"@id\":\"https:\\\/\\\/ledsolintel.com\\\/en\\\/product\\\/lampara-vial-solar-u-sol-25w-de-roblan\\\/#primaryimage\",\"url\":\"https:\\\/\\\/ledsolintel.com\\\/wp-content\\\/uploads\\\/2023\\\/04\\\/20386-Lampara-vial-solar-U-SOL-25W-de-Roblan.jpg\",\"contentUrl\":\"https:\\\/\\\/ledsolintel.com\\\/wp-content\\\/uploads\\\/2023\\\/04\\\/20386-Lampara-vial-solar-U-SOL-25W-de-Roblan.jpg\",\"caption\":\"L\u00e1mpara vial solar U SOL 25W de Roblan\"},{\"@type\":\"BreadcrumbList\",\"@id\":\"https:\\\/\\\/ledsolintel.com\\\/en\\\/product\\\/lampara-vial-solar-u-sol-25w-de-roblan\\\/#breadcrumb\",\"itemListElement\":[{\"@type\":\"ListItem\",\"position\":1,\"name\":\"Portada\",\"item\":\"https:\\\/\\\/ledsolintel.com\\\/fr\\\/\"},{\"@type\":\"ListItem\",\"position\":2,\"name\":\"Tienda\",\"item\":\"https:\\\/\\\/ledsolintel.com\\\/tienda\\\/\"},{\"@type\":\"ListItem\",\"position\":3,\"name\":\"L\u00e1mpara vial solar U SOL 25W de Roblan\"}]},{\"@type\":\"WebSite\",\"@id\":\"https:\\\/\\\/ledsolintel.com\\\/#website\",\"url\":\"https:\\\/\\\/ledsolintel.com\\\/\",\"name\":\"Webmenaje\",\"description\":\"Tienda de bombillas y l\u00e1mparas LED para profesionales\",\"publisher\":{\"@id\":\"https:\\\/\\\/ledsolintel.com\\\/#organization\"},\"potentialAction\":[{\"@type\":\"SearchAction\",\"target\":{\"@type\":\"EntryPoint\",\"urlTemplate\":\"https:\\\/\\\/ledsolintel.com\\\/?s={search_term_string}\"},\"query-input\":{\"@type\":\"PropertyValueSpecification\",\"valueRequired\":true,\"valueName\":\"search_term_string\"}}],\"inLanguage\":\"fr-FR\"},{\"@type\":\"Organization\",\"@id\":\"https:\\\/\\\/ledsolintel.com\\\/#organization\",\"name\":\"Solintel Noroeste, S.L.\",\"url\":\"https:\\\/\\\/ledsolintel.com\\\/\",\"logo\":{\"@type\":\"ImageObject\",\"inLanguage\":\"fr-FR\",\"@id\":\"https:\\\/\\\/ledsolintel.com\\\/#\\\/schema\\\/logo\\\/image\\\/\",\"url\":\"https:\\\/\\\/ledsolintel.com\\\/wp-content\\\/uploads\\\/2024\\\/11\\\/webmenaje-logo-1508269066.jpg\",\"contentUrl\":\"https:\\\/\\\/ledsolintel.com\\\/wp-content\\\/uploads\\\/2024\\\/11\\\/webmenaje-logo-1508269066.jpg\",\"width\":370,\"height\":90,\"caption\":\"Solintel Noroeste, S.L.\"},\"image\":{\"@id\":\"https:\\\/\\\/ledsolintel.com\\\/#\\\/schema\\\/logo\\\/image\\\/\"},\"sameAs\":[\"http:\\\/\\\/www.facebook.com\\\/webmenaje\",\"https:\\\/\\\/x.com\\\/webmenaje\",\"https:\\\/\\\/www.youtube.com\\\/channel\\\/UCX2KoVoeCG4LocZjUc6LmSQ\",\"http:\\\/\\\/www.pinterest.com\\\/webmenaje\"]}]}<\/script>\n<!-- \/ Yoast SEO plugin. -->","yoast_head_json":{"title":"Roblan U SOL 25W lampadaire solaire - Ledsolintel","description":"Roblan U SOL 25W lampadaire solaire. Eclairage urbain et routier, lumi\u00e8re diffuse. Facile \u00e0 installer, sans \u00e9quipement sp\u00e9cialis\u00e9. \u00c9conomie d'\u00e9nergie 100%.","robots":{"index":"index","follow":"follow","max-snippet":"max-snippet:-1","max-image-preview":"max-image-preview:large","max-video-preview":"max-video-preview:-1"},"canonical":"https:\/\/ledsolintel.com\/fr\/produit\/lampe-de-route-solaire-u-sol-25w-de-roblan\/","og_locale":"fr_FR","og_type":"article","og_title":"L\u00e1mpara vial solar U SOL 25W de Roblan - Ledsolintel","og_description":"L\u00e1mpara vial solar U SOL 25W de Roblan. Iluminaci\u00f3n urbana y de caminos, luz difusa. F\u00e1cil de instalar, sin material especializado. 100% de ahorro energ\u00e9tico.","og_url":"https:\/\/ledsolintel.com\/fr\/produit\/lampe-de-route-solaire-u-sol-25w-de-roblan\/","og_site_name":"Ledsolintel","article_publisher":"http:\/\/www.facebook.com\/webmenaje","og_image":[{"url":"https:\/\/ledsolintel.com\/wp-content\/uploads\/2023\/04\/20386-Lampara-vial-solar-U-SOL-25W-de-Roblan.jpg","width":1,"height":1,"type":"image\/jpeg"}],"twitter_card":"summary_large_image","twitter_site":"@webmenaje","twitter_misc":{"Dur\u00e9e de lecture estim\u00e9e":"1 minute"},"schema":{"@context":"https:\/\/schema.org","@graph":[{"@type":"WebPage","@id":"https:\/\/ledsolintel.com\/en\/product\/lampara-vial-solar-u-sol-25w-de-roblan\/","url":"https:\/\/ledsolintel.com\/en\/product\/lampara-vial-solar-u-sol-25w-de-roblan\/","name":"Roblan U SOL 25W lampadaire solaire - Ledsolintel","isPartOf":{"@id":"https:\/\/ledsolintel.com\/#website"},"primaryImageOfPage":{"@id":"https:\/\/ledsolintel.com\/en\/product\/lampara-vial-solar-u-sol-25w-de-roblan\/#primaryimage"},"image":{"@id":"https:\/\/ledsolintel.com\/en\/product\/lampara-vial-solar-u-sol-25w-de-roblan\/#primaryimage"},"thumbnailUrl":"https:\/\/ledsolintel.com\/wp-content\/uploads\/2023\/04\/20386-Lampara-vial-solar-U-SOL-25W-de-Roblan.jpg","datePublished":"2023-04-25T15:30:40+00:00","description":"Roblan U SOL 25W lampadaire solaire. Eclairage urbain et routier, lumi\u00e8re diffuse. Facile \u00e0 installer, sans \u00e9quipement sp\u00e9cialis\u00e9. \u00c9conomie d'\u00e9nergie 100%.","breadcrumb":{"@id":"https:\/\/ledsolintel.com\/en\/product\/lampara-vial-solar-u-sol-25w-de-roblan\/#breadcrumb"},"inLanguage":"fr-FR","potentialAction":[{"@type":"ReadAction","target":["https:\/\/ledsolintel.com\/en\/product\/lampara-vial-solar-u-sol-25w-de-roblan\/"]}]},{"@type":"ImageObject","inLanguage":"fr-FR","@id":"https:\/\/ledsolintel.com\/en\/product\/lampara-vial-solar-u-sol-25w-de-roblan\/#primaryimage","url":"https:\/\/ledsolintel.com\/wp-content\/uploads\/2023\/04\/20386-Lampara-vial-solar-U-SOL-25W-de-Roblan.jpg","contentUrl":"https:\/\/ledsolintel.com\/wp-content\/uploads\/2023\/04\/20386-Lampara-vial-solar-U-SOL-25W-de-Roblan.jpg","caption":"L\u00e1mpara vial solar U SOL 25W de Roblan"},{"@type":"BreadcrumbList","@id":"https:\/\/ledsolintel.com\/en\/product\/lampara-vial-solar-u-sol-25w-de-roblan\/#breadcrumb","itemListElement":[{"@type":"ListItem","position":1,"name":"Portada","item":"https:\/\/ledsolintel.com\/fr\/"},{"@type":"ListItem","position":2,"name":"Tienda","item":"https:\/\/ledsolintel.com\/tienda\/"},{"@type":"ListItem","position":3,"name":"L\u00e1mpara vial solar U SOL 25W de Roblan"}]},{"@type":"WebSite","@id":"https:\/\/ledsolintel.com\/#website","url":"https:\/\/ledsolintel.com\/","name":"Webmenaje","description":"Magasin d'ampoules et de lampes LED pour les professionnels","publisher":{"@id":"https:\/\/ledsolintel.com\/#organization"},"potentialAction":[{"@type":"SearchAction","target":{"@type":"EntryPoint","urlTemplate":"https:\/\/ledsolintel.com\/?s={search_term_string}"},"query-input":{"@type":"PropertyValueSpecification","valueRequired":true,"valueName":"search_term_string"}}],"inLanguage":"fr-FR"},{"@type":"Organization","@id":"https:\/\/ledsolintel.com\/#organization","name":"Solintel Noroeste, S.L.","url":"https:\/\/ledsolintel.com\/","logo":{"@type":"ImageObject","inLanguage":"fr-FR","@id":"https:\/\/ledsolintel.com\/#\/schema\/logo\/image\/","url":"https:\/\/ledsolintel.com\/wp-content\/uploads\/2024\/11\/webmenaje-logo-1508269066.jpg","contentUrl":"https:\/\/ledsolintel.com\/wp-content\/uploads\/2024\/11\/webmenaje-logo-1508269066.jpg","width":370,"height":90,"caption":"Solintel Noroeste, S.L."},"image":{"@id":"https:\/\/ledsolintel.com\/#\/schema\/logo\/image\/"},"sameAs":["http:\/\/www.facebook.com\/webmenaje","https:\/\/x.com\/webmenaje","https:\/\/www.youtube.com\/channel\/UCX2KoVoeCG4LocZjUc6LmSQ","http:\/\/www.pinterest.com\/webmenaje"]}]}},"_links":{"self":[{"href":"https:\/\/ledsolintel.com\/fr\/wp-json\/wp\/v2\/product\/246303","targetHints":{"allow":["GET"]}}],"collection":[{"href":"https:\/\/ledsolintel.com\/fr\/wp-json\/wp\/v2\/product"}],"about":[{"href":"https:\/\/ledsolintel.com\/fr\/wp-json\/wp\/v2\/types\/product"}],"version-history":[{"count":0,"href":"https:\/\/ledsolintel.com\/fr\/wp-json\/wp\/v2\/product\/246303\/revisions"}],"wp:featuredmedia":[{"embeddable":true,"href":"https:\/\/ledsolintel.com\/fr\/wp-json\/wp\/v2\/media\/246302"}],"wp:attachment":[{"href":"https:\/\/ledsolintel.com\/fr\/wp-json\/wp\/v2\/media?parent=246303"}],"wp:term":[{"taxonomy":"product_brand","embeddable":true,"href":"https:\/\/ledsolintel.com\/fr\/wp-json\/wp\/v2\/product_brand?post=246303"},{"taxonomy":"product_cat","embeddable":true,"href":"https:\/\/ledsolintel.com\/fr\/wp-json\/wp\/v2\/product_cat?post=246303"},{"taxonomy":"product_tag","embeddable":true,"href":"https:\/\/ledsolintel.com\/fr\/wp-json\/wp\/v2\/product_tag?post=246303"}],"curies":[{"name":"wp","href":"https:\/\/api.w.org\/{rel}","templated":true}]}}