{"id":246263,"date":"2023-04-12T12:59:43","date_gmt":"2023-04-12T10:59:43","guid":{"rendered":"https:\/\/nueva.ledsolintel.com\/product\/aplique-led-maya-dimmable-de-faro-barcelona\/"},"modified":"2023-04-12T12:59:43","modified_gmt":"2023-04-12T10:59:43","slug":"maya-lampe-murale-led-dimmable-by-faro-barcelona","status":"publish","type":"product","link":"https:\/\/ledsolintel.com\/fr\/produit-2\/maya-lampe-murale-led-dimmable-by-faro-barcelona\/","title":{"rendered":"Applique LED MAYA dimmable by Faro Barcelona"},"content":{"rendered":"<p>MAYA LED applique murale par Faro Barcelona<\/p>\n<p>\u00a0<\/p>\n<ul>\n<li>Puissance : 8 W (avec variateur)<\/li>\n<li>Couleur de la lumi\u00e8re : 2700K<\/li>\n<li>Luminance : 580 lm<\/li>\n<li>Tension : 220-240V<\/li>\n<li>Protection IP20<\/li>\n<\/ul>","protected":false},"excerpt":{"rendered":"<p style=\"text-align: left;\">Applique MAYA LED de Faro Barcelona. Diffuseur arrondi pour une lumi\u00e8re chaude et douce. Peut \u00e9galement \u00eatre utilis\u00e9e comme lampe de table. Lumi\u00e8re dimmable gr\u00e2ce \u00e0 un potentiom\u00e8tre.<\/p>","protected":false},"featured_media":246259,"template":"","meta":[],"product_brand":[99359],"product_cat":[99903,99573,99649,99659],"product_tag":[],"class_list":{"0":"post-246263","1":"product","2":"type-product","3":"status-publish","4":"has-post-thumbnail","6":"product_brand-faro-barcelona","7":"product_cat-apliques-y-lamparas-de-techo-lamparas-de-pared","8":"product_cat-iluminacion-interior","9":"product_cat-lamparas-de-mesa-y-flexos","10":"product_cat-lamparas-de-pared","11":"pa_acabado-beige","12":"pa_acabado-negro","13":"pa_acabado-terracota","16":"instock","17":"taxable","18":"shipping-taxable","19":"purchasable","20":"product-type-variable","21":"has-default-attributes"},"yoast_head":"<!-- This site is optimized with the Yoast SEO plugin v26.6 - https:\/\/yoast.com\/wordpress\/plugins\/seo\/ -->\n<title>Aplique LED MAYA de Faro Barcelona<\/title>\n<meta name=\"description\" content=\"Aplique LED MAYA de Faro Barcelona. Difusor redondeado para una luz c\u00e1lida y suave. Puede utilizarse tambi\u00e9n como l\u00e1mpara de mesa. Luz dimmable\" \/>\n<meta name=\"robots\" content=\"index, follow, max-snippet:-1, max-image-preview:large, max-video-preview:-1\" \/>\n<link rel=\"canonical\" href=\"https:\/\/ledsolintel.com\/fr\/produit-2\/maya-lampe-murale-led-dimmable-by-faro-barcelona\/\" \/>\n<meta property=\"og:locale\" content=\"fr_FR\" \/>\n<meta property=\"og:type\" content=\"article\" \/>\n<meta property=\"og:title\" content=\"Aplique LED MAYA de Faro Barcelona\" \/>\n<meta property=\"og:description\" content=\"Aplique LED MAYA de Faro Barcelona. Difusor redondeado para una luz c\u00e1lida y suave. Puede utilizarse tambi\u00e9n como l\u00e1mpara de mesa. Luz dimmable\" \/>\n<meta property=\"og:url\" content=\"https:\/\/ledsolintel.com\/fr\/produit-2\/maya-lampe-murale-led-dimmable-by-faro-barcelona\/\" \/>\n<meta property=\"og:site_name\" content=\"Ledsolintel\" \/>\n<meta property=\"article:publisher\" content=\"http:\/\/www.facebook.com\/webmenaje\" \/>\n<meta property=\"og:image\" content=\"https:\/\/ledsolintel.com\/wp-content\/uploads\/2023\/04\/20335-Aplique-LED-MAYA-dimmable-de-Faro-Barcelona.jpg\" \/>\n\t<meta property=\"og:image:width\" content=\"1\" \/>\n\t<meta property=\"og:image:height\" content=\"1\" \/>\n\t<meta property=\"og:image:type\" content=\"image\/jpeg\" \/>\n<meta name=\"twitter:card\" content=\"summary_large_image\" \/>\n<meta name=\"twitter:site\" content=\"@webmenaje\" \/>\n<script type=\"application\/ld+json\" class=\"yoast-schema-graph\">{\"@context\":\"https:\/\/schema.org\",\"@graph\":[{\"@type\":\"WebPage\",\"@id\":\"https:\/\/ledsolintel.com\/product\/aplique-led-maya-dimmable-de-faro-barcelona\/\",\"url\":\"https:\/\/ledsolintel.com\/product\/aplique-led-maya-dimmable-de-faro-barcelona\/\",\"name\":\"Aplique LED MAYA de Faro Barcelona\",\"isPartOf\":{\"@id\":\"https:\/\/ledsolintel.com\/#website\"},\"primaryImageOfPage\":{\"@id\":\"https:\/\/ledsolintel.com\/product\/aplique-led-maya-dimmable-de-faro-barcelona\/#primaryimage\"},\"image\":{\"@id\":\"https:\/\/ledsolintel.com\/product\/aplique-led-maya-dimmable-de-faro-barcelona\/#primaryimage\"},\"thumbnailUrl\":\"https:\/\/ledsolintel.com\/wp-content\/uploads\/2023\/04\/20335-Aplique-LED-MAYA-dimmable-de-Faro-Barcelona.jpg\",\"datePublished\":\"2023-04-12T10:59:43+00:00\",\"description\":\"Aplique LED MAYA de Faro Barcelona. Difusor redondeado para una luz c\u00e1lida y suave. Puede utilizarse tambi\u00e9n como l\u00e1mpara de mesa. Luz dimmable\",\"breadcrumb\":{\"@id\":\"https:\/\/ledsolintel.com\/product\/aplique-led-maya-dimmable-de-faro-barcelona\/#breadcrumb\"},\"inLanguage\":\"fr-FR\",\"potentialAction\":[{\"@type\":\"ReadAction\",\"target\":[\"https:\/\/ledsolintel.com\/product\/aplique-led-maya-dimmable-de-faro-barcelona\/\"]}]},{\"@type\":\"ImageObject\",\"inLanguage\":\"fr-FR\",\"@id\":\"https:\/\/ledsolintel.com\/product\/aplique-led-maya-dimmable-de-faro-barcelona\/#primaryimage\",\"url\":\"https:\/\/ledsolintel.com\/wp-content\/uploads\/2023\/04\/20335-Aplique-LED-MAYA-dimmable-de-Faro-Barcelona.jpg\",\"contentUrl\":\"https:\/\/ledsolintel.com\/wp-content\/uploads\/2023\/04\/20335-Aplique-LED-MAYA-dimmable-de-Faro-Barcelona.jpg\",\"caption\":\"Aplique LED MAYA dimmable de Faro Barcelona\"},{\"@type\":\"BreadcrumbList\",\"@id\":\"https:\/\/ledsolintel.com\/product\/aplique-led-maya-dimmable-de-faro-barcelona\/#breadcrumb\",\"itemListElement\":[{\"@type\":\"ListItem\",\"position\":1,\"name\":\"Portada\",\"item\":\"https:\/\/ledsolintel.com\/fr\/\"},{\"@type\":\"ListItem\",\"position\":2,\"name\":\"Tienda\",\"item\":\"https:\/\/ledsolintel.com\/tienda\/\"},{\"@type\":\"ListItem\",\"position\":3,\"name\":\"Aplique LED MAYA dimmable de Faro Barcelona\"}]},{\"@type\":\"WebSite\",\"@id\":\"https:\/\/ledsolintel.com\/#website\",\"url\":\"https:\/\/ledsolintel.com\/\",\"name\":\"Webmenaje\",\"description\":\"Tienda de bombillas y l\u00e1mparas LED para profesionales\",\"publisher\":{\"@id\":\"https:\/\/ledsolintel.com\/#organization\"},\"potentialAction\":[{\"@type\":\"SearchAction\",\"target\":{\"@type\":\"EntryPoint\",\"urlTemplate\":\"https:\/\/ledsolintel.com\/?s={search_term_string}\"},\"query-input\":{\"@type\":\"PropertyValueSpecification\",\"valueRequired\":true,\"valueName\":\"search_term_string\"}}],\"inLanguage\":\"fr-FR\"},{\"@type\":\"Organization\",\"@id\":\"https:\/\/ledsolintel.com\/#organization\",\"name\":\"Solintel Noroeste, S.L.\",\"url\":\"https:\/\/ledsolintel.com\/\",\"logo\":{\"@type\":\"ImageObject\",\"inLanguage\":\"fr-FR\",\"@id\":\"https:\/\/ledsolintel.com\/#\/schema\/logo\/image\/\",\"url\":\"https:\/\/ledsolintel.com\/wp-content\/uploads\/2024\/11\/webmenaje-logo-1508269066.jpg\",\"contentUrl\":\"https:\/\/ledsolintel.com\/wp-content\/uploads\/2024\/11\/webmenaje-logo-1508269066.jpg\",\"width\":370,\"height\":90,\"caption\":\"Solintel Noroeste, S.L.\"},\"image\":{\"@id\":\"https:\/\/ledsolintel.com\/#\/schema\/logo\/image\/\"},\"sameAs\":[\"http:\/\/www.facebook.com\/webmenaje\",\"https:\/\/x.com\/webmenaje\",\"https:\/\/www.youtube.com\/channel\/UCX2KoVoeCG4LocZjUc6LmSQ\",\"http:\/\/www.pinterest.com\/webmenaje\"]}]}<\/script>\n<!-- \/ Yoast SEO plugin. -->","yoast_head_json":{"title":"MAYA LED applique murale par Faro Barcelona","description":"Applique MAYA LED de Faro Barcelona. Diffuseur arrondi pour une lumi\u00e8re chaude et douce. Peut \u00e9galement \u00eatre utilis\u00e9e comme lampe de table. Lumi\u00e8re graduable","robots":{"index":"index","follow":"follow","max-snippet":"max-snippet:-1","max-image-preview":"max-image-preview:large","max-video-preview":"max-video-preview:-1"},"canonical":"https:\/\/ledsolintel.com\/fr\/produit-2\/maya-lampe-murale-led-dimmable-by-faro-barcelona\/","og_locale":"fr_FR","og_type":"article","og_title":"Aplique LED MAYA de Faro Barcelona","og_description":"Aplique LED MAYA de Faro Barcelona. Difusor redondeado para una luz c\u00e1lida y suave. Puede utilizarse tambi\u00e9n como l\u00e1mpara de mesa. Luz dimmable","og_url":"https:\/\/ledsolintel.com\/fr\/produit-2\/maya-lampe-murale-led-dimmable-by-faro-barcelona\/","og_site_name":"Ledsolintel","article_publisher":"http:\/\/www.facebook.com\/webmenaje","og_image":[{"url":"https:\/\/ledsolintel.com\/wp-content\/uploads\/2023\/04\/20335-Aplique-LED-MAYA-dimmable-de-Faro-Barcelona.jpg","width":1,"height":1,"type":"image\/jpeg"}],"twitter_card":"summary_large_image","twitter_site":"@webmenaje","schema":{"@context":"https:\/\/schema.org","@graph":[{"@type":"WebPage","@id":"https:\/\/ledsolintel.com\/product\/aplique-led-maya-dimmable-de-faro-barcelona\/","url":"https:\/\/ledsolintel.com\/product\/aplique-led-maya-dimmable-de-faro-barcelona\/","name":"MAYA LED applique murale par Faro Barcelona","isPartOf":{"@id":"https:\/\/ledsolintel.com\/#website"},"primaryImageOfPage":{"@id":"https:\/\/ledsolintel.com\/product\/aplique-led-maya-dimmable-de-faro-barcelona\/#primaryimage"},"image":{"@id":"https:\/\/ledsolintel.com\/product\/aplique-led-maya-dimmable-de-faro-barcelona\/#primaryimage"},"thumbnailUrl":"https:\/\/ledsolintel.com\/wp-content\/uploads\/2023\/04\/20335-Aplique-LED-MAYA-dimmable-de-Faro-Barcelona.jpg","datePublished":"2023-04-12T10:59:43+00:00","description":"Applique MAYA LED de Faro Barcelona. Diffuseur arrondi pour une lumi\u00e8re chaude et douce. Peut \u00e9galement \u00eatre utilis\u00e9e comme lampe de table. Lumi\u00e8re graduable","breadcrumb":{"@id":"https:\/\/ledsolintel.com\/product\/aplique-led-maya-dimmable-de-faro-barcelona\/#breadcrumb"},"inLanguage":"fr-FR","potentialAction":[{"@type":"ReadAction","target":["https:\/\/ledsolintel.com\/product\/aplique-led-maya-dimmable-de-faro-barcelona\/"]}]},{"@type":"ImageObject","inLanguage":"fr-FR","@id":"https:\/\/ledsolintel.com\/product\/aplique-led-maya-dimmable-de-faro-barcelona\/#primaryimage","url":"https:\/\/ledsolintel.com\/wp-content\/uploads\/2023\/04\/20335-Aplique-LED-MAYA-dimmable-de-Faro-Barcelona.jpg","contentUrl":"https:\/\/ledsolintel.com\/wp-content\/uploads\/2023\/04\/20335-Aplique-LED-MAYA-dimmable-de-Faro-Barcelona.jpg","caption":"Aplique LED MAYA dimmable de Faro Barcelona"},{"@type":"BreadcrumbList","@id":"https:\/\/ledsolintel.com\/product\/aplique-led-maya-dimmable-de-faro-barcelona\/#breadcrumb","itemListElement":[{"@type":"ListItem","position":1,"name":"Portada","item":"https:\/\/ledsolintel.com\/fr\/"},{"@type":"ListItem","position":2,"name":"Tienda","item":"https:\/\/ledsolintel.com\/tienda\/"},{"@type":"ListItem","position":3,"name":"Aplique LED MAYA dimmable de Faro Barcelona"}]},{"@type":"WebSite","@id":"https:\/\/ledsolintel.com\/#website","url":"https:\/\/ledsolintel.com\/","name":"Webmenaje","description":"Magasin d'ampoules et de lampes LED pour les professionnels","publisher":{"@id":"https:\/\/ledsolintel.com\/#organization"},"potentialAction":[{"@type":"SearchAction","target":{"@type":"EntryPoint","urlTemplate":"https:\/\/ledsolintel.com\/?s={search_term_string}"},"query-input":{"@type":"PropertyValueSpecification","valueRequired":true,"valueName":"search_term_string"}}],"inLanguage":"fr-FR"},{"@type":"Organization","@id":"https:\/\/ledsolintel.com\/#organization","name":"Solintel Noroeste, S.L.","url":"https:\/\/ledsolintel.com\/","logo":{"@type":"ImageObject","inLanguage":"fr-FR","@id":"https:\/\/ledsolintel.com\/#\/schema\/logo\/image\/","url":"https:\/\/ledsolintel.com\/wp-content\/uploads\/2024\/11\/webmenaje-logo-1508269066.jpg","contentUrl":"https:\/\/ledsolintel.com\/wp-content\/uploads\/2024\/11\/webmenaje-logo-1508269066.jpg","width":370,"height":90,"caption":"Solintel Noroeste, S.L."},"image":{"@id":"https:\/\/ledsolintel.com\/#\/schema\/logo\/image\/"},"sameAs":["http:\/\/www.facebook.com\/webmenaje","https:\/\/x.com\/webmenaje","https:\/\/www.youtube.com\/channel\/UCX2KoVoeCG4LocZjUc6LmSQ","http:\/\/www.pinterest.com\/webmenaje"]}]}},"_links":{"self":[{"href":"https:\/\/ledsolintel.com\/fr\/wp-json\/wp\/v2\/product\/246263","targetHints":{"allow":["GET"]}}],"collection":[{"href":"https:\/\/ledsolintel.com\/fr\/wp-json\/wp\/v2\/product"}],"about":[{"href":"https:\/\/ledsolintel.com\/fr\/wp-json\/wp\/v2\/types\/product"}],"version-history":[{"count":0,"href":"https:\/\/ledsolintel.com\/fr\/wp-json\/wp\/v2\/product\/246263\/revisions"}],"wp:featuredmedia":[{"embeddable":true,"href":"https:\/\/ledsolintel.com\/fr\/wp-json\/wp\/v2\/media\/246259"}],"wp:attachment":[{"href":"https:\/\/ledsolintel.com\/fr\/wp-json\/wp\/v2\/media?parent=246263"}],"wp:term":[{"taxonomy":"product_brand","embeddable":true,"href":"https:\/\/ledsolintel.com\/fr\/wp-json\/wp\/v2\/product_brand?post=246263"},{"taxonomy":"product_cat","embeddable":true,"href":"https:\/\/ledsolintel.com\/fr\/wp-json\/wp\/v2\/product_cat?post=246263"},{"taxonomy":"product_tag","embeddable":true,"href":"https:\/\/ledsolintel.com\/fr\/wp-json\/wp\/v2\/product_tag?post=246263"}],"curies":[{"name":"wp","href":"https:\/\/api.w.org\/{rel}","templated":true}]}}