{"id":246253,"date":"2023-04-11T16:18:43","date_gmt":"2023-04-11T14:18:43","guid":{"rendered":"https:\/\/nueva.ledsolintel.com\/product\/lampara-mesa-led-anouk-cct-regulable-carga-induccion-de-faro-barcelona\/"},"modified":"2023-04-11T16:18:43","modified_gmt":"2023-04-11T14:18:43","slug":"lampara-mesa-led-anouk-cct-regulable-carga-induccion-de-faro-barcelona","status":"publish","type":"product","link":"https:\/\/ledsolintel.com\/fr\/produit-2\/lampara-mesa-led-anouk-cct-regulable-carga-induccion-de-faro-barcelona\/","title":{"rendered":"Lampe de table LED ANOUK CCT dimmable induction load by Faro Barcelona"},"content":{"rendered":"<p>Lampe de table LED ANOUK CCT dimmable induction load by Faro Barcelona<\/p>\n<p>\u00a0<\/p>\n<ul>\n<li>Puissance : 8 W<\/li>\n<li>Tension : 100-240 V - 50\/60 Hz<\/li>\n<li>CCT : 2700 - 6500 K (dimmable)<\/li>\n<li>Luminosit\u00e9 : 530 lm<\/li>\n<li>Optique : lumi\u00e8re ambiante<\/li>\n<li>Protection IP20<\/li>\n<li>Dimensions : 350 x 400 x 135 mm<\/li>\n<li>Induction et chargeur USB<\/li>\n<\/ul>","protected":false},"excerpt":{"rendered":"<p>Lampe de table ANOUK LED par Faro Barcelona. Puissance et temp\u00e9rature d'\u00e9clairage r\u00e9glables, chargeur \u00e0 induction et USB. Eclairage d\u00e9coratif pour l'int\u00e9rieur, id\u00e9al pour les h\u00f4tels et les chambres \u00e0 coucher.<\/p>","protected":false},"featured_media":246251,"template":"","meta":[],"product_brand":[99359],"product_cat":[99573,99649,99591,99595],"product_tag":[],"class_list":{"0":"post-246253","1":"product","2":"type-product","3":"status-publish","4":"has-post-thumbnail","6":"product_brand-faro-barcelona","7":"product_cat-iluminacion-interior","8":"product_cat-lamparas-de-mesa-y-flexos","9":"product_cat-lamparas-con-cargador","10":"product_cat-lamparas-con-color-de-luz-regulable","13":"instock","14":"taxable","15":"shipping-taxable","16":"purchasable","17":"product-type-simple"},"yoast_head":"<!-- This site is optimized with the Yoast SEO plugin v26.6 - https:\/\/yoast.com\/wordpress\/plugins\/seo\/ -->\n<title>L\u00e1mpara mesa LED ANOUK CCT regulable carga inducci\u00f3n de Faro Barcelona<\/title>\n<meta name=\"description\" content=\"L\u00e1mpara sobremesa LED ANOUK de Faro Barcelona. Potencia y temperatura de luz regulable, cargador de inducci\u00f3n y USB. Iluminaci\u00f3n decorativa para hoteles\" \/>\n<meta name=\"robots\" content=\"index, follow, max-snippet:-1, max-image-preview:large, max-video-preview:-1\" \/>\n<link rel=\"canonical\" href=\"https:\/\/ledsolintel.com\/fr\/produit-2\/lampara-mesa-led-anouk-cct-regulable-carga-induccion-de-faro-barcelona\/\" \/>\n<meta property=\"og:locale\" content=\"fr_FR\" \/>\n<meta property=\"og:type\" content=\"article\" \/>\n<meta property=\"og:title\" content=\"L\u00e1mpara mesa LED ANOUK CCT regulable carga inducci\u00f3n de Faro Barcelona\" \/>\n<meta property=\"og:description\" content=\"L\u00e1mpara sobremesa LED ANOUK de Faro Barcelona. Potencia y temperatura de luz regulable, cargador de inducci\u00f3n y USB. Iluminaci\u00f3n decorativa para hoteles\" \/>\n<meta property=\"og:url\" content=\"https:\/\/ledsolintel.com\/fr\/produit-2\/lampara-mesa-led-anouk-cct-regulable-carga-induccion-de-faro-barcelona\/\" \/>\n<meta property=\"og:site_name\" content=\"Ledsolintel\" \/>\n<meta property=\"article:publisher\" content=\"http:\/\/www.facebook.com\/webmenaje\" \/>\n<meta property=\"og:image\" content=\"https:\/\/ledsolintel.com\/wp-content\/uploads\/2023\/04\/20324-Lampara-sobremesa-LED-ANOUK-CCT-regulable-carga-induccion-de-Faro-Barcelona.jpg\" \/>\n\t<meta property=\"og:image:width\" content=\"1\" \/>\n\t<meta property=\"og:image:height\" content=\"1\" \/>\n\t<meta property=\"og:image:type\" content=\"image\/jpeg\" \/>\n<meta name=\"twitter:card\" content=\"summary_large_image\" \/>\n<meta name=\"twitter:site\" content=\"@webmenaje\" \/>\n<script type=\"application\/ld+json\" class=\"yoast-schema-graph\">{\"@context\":\"https:\/\/schema.org\",\"@graph\":[{\"@type\":\"WebPage\",\"@id\":\"https:\/\/ledsolintel.com\/product\/lampara-mesa-led-anouk-cct-regulable-carga-induccion-de-faro-barcelona\/\",\"url\":\"https:\/\/ledsolintel.com\/product\/lampara-mesa-led-anouk-cct-regulable-carga-induccion-de-faro-barcelona\/\",\"name\":\"L\u00e1mpara mesa LED ANOUK CCT regulable carga inducci\u00f3n de Faro Barcelona\",\"isPartOf\":{\"@id\":\"https:\/\/ledsolintel.com\/#website\"},\"primaryImageOfPage\":{\"@id\":\"https:\/\/ledsolintel.com\/product\/lampara-mesa-led-anouk-cct-regulable-carga-induccion-de-faro-barcelona\/#primaryimage\"},\"image\":{\"@id\":\"https:\/\/ledsolintel.com\/product\/lampara-mesa-led-anouk-cct-regulable-carga-induccion-de-faro-barcelona\/#primaryimage\"},\"thumbnailUrl\":\"https:\/\/ledsolintel.com\/wp-content\/uploads\/2023\/04\/20324-Lampara-sobremesa-LED-ANOUK-CCT-regulable-carga-induccion-de-Faro-Barcelona.jpg\",\"datePublished\":\"2023-04-11T14:18:43+00:00\",\"description\":\"L\u00e1mpara sobremesa LED ANOUK de Faro Barcelona. Potencia y temperatura de luz regulable, cargador de inducci\u00f3n y USB. Iluminaci\u00f3n decorativa para hoteles\",\"breadcrumb\":{\"@id\":\"https:\/\/ledsolintel.com\/product\/lampara-mesa-led-anouk-cct-regulable-carga-induccion-de-faro-barcelona\/#breadcrumb\"},\"inLanguage\":\"fr-FR\",\"potentialAction\":[{\"@type\":\"ReadAction\",\"target\":[\"https:\/\/ledsolintel.com\/product\/lampara-mesa-led-anouk-cct-regulable-carga-induccion-de-faro-barcelona\/\"]}]},{\"@type\":\"ImageObject\",\"inLanguage\":\"fr-FR\",\"@id\":\"https:\/\/ledsolintel.com\/product\/lampara-mesa-led-anouk-cct-regulable-carga-induccion-de-faro-barcelona\/#primaryimage\",\"url\":\"https:\/\/ledsolintel.com\/wp-content\/uploads\/2023\/04\/20324-Lampara-sobremesa-LED-ANOUK-CCT-regulable-carga-induccion-de-Faro-Barcelona.jpg\",\"contentUrl\":\"https:\/\/ledsolintel.com\/wp-content\/uploads\/2023\/04\/20324-Lampara-sobremesa-LED-ANOUK-CCT-regulable-carga-induccion-de-Faro-Barcelona.jpg\",\"caption\":\"L\u00e1mpara sobremesa LED ANOUK CCT regulable carga inducci\u00f3n de Faro Barcelona\"},{\"@type\":\"BreadcrumbList\",\"@id\":\"https:\/\/ledsolintel.com\/product\/lampara-mesa-led-anouk-cct-regulable-carga-induccion-de-faro-barcelona\/#breadcrumb\",\"itemListElement\":[{\"@type\":\"ListItem\",\"position\":1,\"name\":\"Portada\",\"item\":\"https:\/\/ledsolintel.com\/fr\/\"},{\"@type\":\"ListItem\",\"position\":2,\"name\":\"Tienda\",\"item\":\"https:\/\/ledsolintel.com\/tienda\/\"},{\"@type\":\"ListItem\",\"position\":3,\"name\":\"L\u00e1mpara sobremesa LED ANOUK CCT regulable carga inducci\u00f3n de Faro Barcelona\"}]},{\"@type\":\"WebSite\",\"@id\":\"https:\/\/ledsolintel.com\/#website\",\"url\":\"https:\/\/ledsolintel.com\/\",\"name\":\"Webmenaje\",\"description\":\"Tienda de bombillas y l\u00e1mparas LED para profesionales\",\"publisher\":{\"@id\":\"https:\/\/ledsolintel.com\/#organization\"},\"potentialAction\":[{\"@type\":\"SearchAction\",\"target\":{\"@type\":\"EntryPoint\",\"urlTemplate\":\"https:\/\/ledsolintel.com\/?s={search_term_string}\"},\"query-input\":{\"@type\":\"PropertyValueSpecification\",\"valueRequired\":true,\"valueName\":\"search_term_string\"}}],\"inLanguage\":\"fr-FR\"},{\"@type\":\"Organization\",\"@id\":\"https:\/\/ledsolintel.com\/#organization\",\"name\":\"Solintel Noroeste, S.L.\",\"url\":\"https:\/\/ledsolintel.com\/\",\"logo\":{\"@type\":\"ImageObject\",\"inLanguage\":\"fr-FR\",\"@id\":\"https:\/\/ledsolintel.com\/#\/schema\/logo\/image\/\",\"url\":\"https:\/\/ledsolintel.com\/wp-content\/uploads\/2024\/11\/webmenaje-logo-1508269066.jpg\",\"contentUrl\":\"https:\/\/ledsolintel.com\/wp-content\/uploads\/2024\/11\/webmenaje-logo-1508269066.jpg\",\"width\":370,\"height\":90,\"caption\":\"Solintel Noroeste, S.L.\"},\"image\":{\"@id\":\"https:\/\/ledsolintel.com\/#\/schema\/logo\/image\/\"},\"sameAs\":[\"http:\/\/www.facebook.com\/webmenaje\",\"https:\/\/x.com\/webmenaje\",\"https:\/\/www.youtube.com\/channel\/UCX2KoVoeCG4LocZjUc6LmSQ\",\"http:\/\/www.pinterest.com\/webmenaje\"]}]}<\/script>\n<!-- \/ Yoast SEO plugin. -->","yoast_head_json":{"title":"L\u00e1mpara mesa LED ANOUK CCT regulable carga inducci\u00f3n de Faro Barcelona","description":"L\u00e1mpara sobremesa LED ANOUK de Faro Barcelona. Potencia y temperatura de luz regulable, cargador de inducci\u00f3n y USB. Iluminaci\u00f3n decorativa para hoteles","robots":{"index":"index","follow":"follow","max-snippet":"max-snippet:-1","max-image-preview":"max-image-preview:large","max-video-preview":"max-video-preview:-1"},"canonical":"https:\/\/ledsolintel.com\/fr\/produit-2\/lampara-mesa-led-anouk-cct-regulable-carga-induccion-de-faro-barcelona\/","og_locale":"fr_FR","og_type":"article","og_title":"L\u00e1mpara mesa LED ANOUK CCT regulable carga inducci\u00f3n de Faro Barcelona","og_description":"L\u00e1mpara sobremesa LED ANOUK de Faro Barcelona. Potencia y temperatura de luz regulable, cargador de inducci\u00f3n y USB. Iluminaci\u00f3n decorativa para hoteles","og_url":"https:\/\/ledsolintel.com\/fr\/produit-2\/lampara-mesa-led-anouk-cct-regulable-carga-induccion-de-faro-barcelona\/","og_site_name":"Ledsolintel","article_publisher":"http:\/\/www.facebook.com\/webmenaje","og_image":[{"url":"https:\/\/ledsolintel.com\/wp-content\/uploads\/2023\/04\/20324-Lampara-sobremesa-LED-ANOUK-CCT-regulable-carga-induccion-de-Faro-Barcelona.jpg","width":1,"height":1,"type":"image\/jpeg"}],"twitter_card":"summary_large_image","twitter_site":"@webmenaje","schema":{"@context":"https:\/\/schema.org","@graph":[{"@type":"WebPage","@id":"https:\/\/ledsolintel.com\/product\/lampara-mesa-led-anouk-cct-regulable-carga-induccion-de-faro-barcelona\/","url":"https:\/\/ledsolintel.com\/product\/lampara-mesa-led-anouk-cct-regulable-carga-induccion-de-faro-barcelona\/","name":"L\u00e1mpara mesa LED ANOUK CCT regulable carga inducci\u00f3n de Faro Barcelona","isPartOf":{"@id":"https:\/\/ledsolintel.com\/#website"},"primaryImageOfPage":{"@id":"https:\/\/ledsolintel.com\/product\/lampara-mesa-led-anouk-cct-regulable-carga-induccion-de-faro-barcelona\/#primaryimage"},"image":{"@id":"https:\/\/ledsolintel.com\/product\/lampara-mesa-led-anouk-cct-regulable-carga-induccion-de-faro-barcelona\/#primaryimage"},"thumbnailUrl":"https:\/\/ledsolintel.com\/wp-content\/uploads\/2023\/04\/20324-Lampara-sobremesa-LED-ANOUK-CCT-regulable-carga-induccion-de-Faro-Barcelona.jpg","datePublished":"2023-04-11T14:18:43+00:00","description":"L\u00e1mpara sobremesa LED ANOUK de Faro Barcelona. Potencia y temperatura de luz regulable, cargador de inducci\u00f3n y USB. Iluminaci\u00f3n decorativa para hoteles","breadcrumb":{"@id":"https:\/\/ledsolintel.com\/product\/lampara-mesa-led-anouk-cct-regulable-carga-induccion-de-faro-barcelona\/#breadcrumb"},"inLanguage":"fr-FR","potentialAction":[{"@type":"ReadAction","target":["https:\/\/ledsolintel.com\/product\/lampara-mesa-led-anouk-cct-regulable-carga-induccion-de-faro-barcelona\/"]}]},{"@type":"ImageObject","inLanguage":"fr-FR","@id":"https:\/\/ledsolintel.com\/product\/lampara-mesa-led-anouk-cct-regulable-carga-induccion-de-faro-barcelona\/#primaryimage","url":"https:\/\/ledsolintel.com\/wp-content\/uploads\/2023\/04\/20324-Lampara-sobremesa-LED-ANOUK-CCT-regulable-carga-induccion-de-Faro-Barcelona.jpg","contentUrl":"https:\/\/ledsolintel.com\/wp-content\/uploads\/2023\/04\/20324-Lampara-sobremesa-LED-ANOUK-CCT-regulable-carga-induccion-de-Faro-Barcelona.jpg","caption":"L\u00e1mpara sobremesa LED ANOUK CCT regulable carga inducci\u00f3n de Faro Barcelona"},{"@type":"BreadcrumbList","@id":"https:\/\/ledsolintel.com\/product\/lampara-mesa-led-anouk-cct-regulable-carga-induccion-de-faro-barcelona\/#breadcrumb","itemListElement":[{"@type":"ListItem","position":1,"name":"Portada","item":"https:\/\/ledsolintel.com\/fr\/"},{"@type":"ListItem","position":2,"name":"Tienda","item":"https:\/\/ledsolintel.com\/tienda\/"},{"@type":"ListItem","position":3,"name":"L\u00e1mpara sobremesa LED ANOUK CCT regulable carga inducci\u00f3n de Faro Barcelona"}]},{"@type":"WebSite","@id":"https:\/\/ledsolintel.com\/#website","url":"https:\/\/ledsolintel.com\/","name":"Webmenaje","description":"Magasin d'ampoules et de lampes LED pour les professionnels","publisher":{"@id":"https:\/\/ledsolintel.com\/#organization"},"potentialAction":[{"@type":"SearchAction","target":{"@type":"EntryPoint","urlTemplate":"https:\/\/ledsolintel.com\/?s={search_term_string}"},"query-input":{"@type":"PropertyValueSpecification","valueRequired":true,"valueName":"search_term_string"}}],"inLanguage":"fr-FR"},{"@type":"Organization","@id":"https:\/\/ledsolintel.com\/#organization","name":"Solintel Noroeste, S.L.","url":"https:\/\/ledsolintel.com\/","logo":{"@type":"ImageObject","inLanguage":"fr-FR","@id":"https:\/\/ledsolintel.com\/#\/schema\/logo\/image\/","url":"https:\/\/ledsolintel.com\/wp-content\/uploads\/2024\/11\/webmenaje-logo-1508269066.jpg","contentUrl":"https:\/\/ledsolintel.com\/wp-content\/uploads\/2024\/11\/webmenaje-logo-1508269066.jpg","width":370,"height":90,"caption":"Solintel Noroeste, S.L."},"image":{"@id":"https:\/\/ledsolintel.com\/#\/schema\/logo\/image\/"},"sameAs":["http:\/\/www.facebook.com\/webmenaje","https:\/\/x.com\/webmenaje","https:\/\/www.youtube.com\/channel\/UCX2KoVoeCG4LocZjUc6LmSQ","http:\/\/www.pinterest.com\/webmenaje"]}]}},"_links":{"self":[{"href":"https:\/\/ledsolintel.com\/fr\/wp-json\/wp\/v2\/product\/246253","targetHints":{"allow":["GET"]}}],"collection":[{"href":"https:\/\/ledsolintel.com\/fr\/wp-json\/wp\/v2\/product"}],"about":[{"href":"https:\/\/ledsolintel.com\/fr\/wp-json\/wp\/v2\/types\/product"}],"version-history":[{"count":0,"href":"https:\/\/ledsolintel.com\/fr\/wp-json\/wp\/v2\/product\/246253\/revisions"}],"wp:featuredmedia":[{"embeddable":true,"href":"https:\/\/ledsolintel.com\/fr\/wp-json\/wp\/v2\/media\/246251"}],"wp:attachment":[{"href":"https:\/\/ledsolintel.com\/fr\/wp-json\/wp\/v2\/media?parent=246253"}],"wp:term":[{"taxonomy":"product_brand","embeddable":true,"href":"https:\/\/ledsolintel.com\/fr\/wp-json\/wp\/v2\/product_brand?post=246253"},{"taxonomy":"product_cat","embeddable":true,"href":"https:\/\/ledsolintel.com\/fr\/wp-json\/wp\/v2\/product_cat?post=246253"},{"taxonomy":"product_tag","embeddable":true,"href":"https:\/\/ledsolintel.com\/fr\/wp-json\/wp\/v2\/product_tag?post=246253"}],"curies":[{"name":"wp","href":"https:\/\/api.w.org\/{rel}","templated":true}]}}