{"id":246153,"date":"2023-02-08T18:21:21","date_gmt":"2023-02-08T17:21:21","guid":{"rendered":"https:\/\/nueva.ledsolintel.com\/product\/downlight-led-all-in-panel-25w-de-roblan\/"},"modified":"2023-02-08T18:21:21","modified_gmt":"2023-02-08T17:21:21","slug":"downlight-led-all-in-panel-25w-de-roblan","status":"publish","type":"product","link":"https:\/\/ledsolintel.com\/fr\/produit-2\/downlight-led-all-in-panel-25w-de-roblan\/","title":{"rendered":"Roblan LED Downlight ALL IN PANEL 25W"},"content":{"rendered":"<h3>Caract\u00e9ristiques :<\/h3>\n<\/p>\n<ul>\n<li>Puissance : 25 W<\/li>\n<li>Tension : 100-277 V<\/li>\n<li>CCT :<\/li>\n<ul>\n<li>3000 K<\/li>\n<li>4000 K<\/li>\n<li>6000 K<\/li>\n<\/ul>\n<li>Luminosit\u00e9 : 2550 lm<\/li>\n<li>Optique : 90<\/li>\n<li>Dur\u00e9e de vie : 55 000 h<\/li>\n<li>Protection IP44<\/li>\n<li>Protection IK3<\/li>\n<li>PF &gt; 0,5<\/li>\n<li>Dimensions : 244 x 94,5 mm<\/li>\n<\/ul>","protected":false},"excerpt":{"rendered":"<p>Roblan ALL IN PANEL 25W LED downlight. R\u00e9sistant \u00e0 la tension de cr\u00eate, angle ferm\u00e9 pour l'\u00e9clairage d'accentuation et l'\u00e9clairage de zones avec des exigences \u00e9lev\u00e9es en mati\u00e8re de lumi\u00e8re. Convient \u00e0 l'\u00e9clairage des salles de bains et des locaux commerciaux.<\/p>","protected":false},"featured_media":246150,"template":"","meta":[],"product_brand":[99355],"product_cat":[99697,99573,99679],"product_tag":[],"class_list":{"0":"post-246153","1":"product","2":"type-product","3":"status-publish","4":"has-post-thumbnail","6":"product_brand-roblan","7":"product_cat-downlights-de-empotrar","8":"product_cat-iluminacion-interior","9":"product_cat-lamparas-de-techo","10":"pa_cct-3000k","11":"pa_cct-4000k","12":"pa_cct-6000k","15":"instock","16":"taxable","17":"shipping-taxable","18":"purchasable","19":"product-type-variable","20":"has-default-attributes"},"yoast_head":"<!-- This site is optimized with the Yoast SEO plugin v26.6 - https:\/\/yoast.com\/wordpress\/plugins\/seo\/ -->\n<title>Downlight LED ALL IN PANEL 25W de Roblan<\/title>\n<meta name=\"description\" content=\"Downlight LED ALL IN PANEL 25W de Roblan. Resistente a los picos de voltaje, zonas con alta necesidad de luz. Iluminaci\u00f3n para ba\u00f1os, iluminaci\u00f3n comercial.\" \/>\n<meta name=\"robots\" content=\"index, follow, max-snippet:-1, max-image-preview:large, max-video-preview:-1\" \/>\n<link rel=\"canonical\" href=\"https:\/\/ledsolintel.com\/fr\/produit-2\/downlight-led-all-in-panel-25w-de-roblan\/\" \/>\n<meta property=\"og:locale\" content=\"fr_FR\" \/>\n<meta property=\"og:type\" content=\"article\" \/>\n<meta property=\"og:title\" content=\"Downlight LED ALL IN PANEL 25W de Roblan\" \/>\n<meta property=\"og:description\" content=\"Downlight LED ALL IN PANEL 25W de Roblan. Resistente a los picos de voltaje, zonas con alta necesidad de luz. Iluminaci\u00f3n para ba\u00f1os, iluminaci\u00f3n comercial.\" \/>\n<meta property=\"og:url\" content=\"https:\/\/ledsolintel.com\/fr\/produit-2\/downlight-led-all-in-panel-25w-de-roblan\/\" \/>\n<meta property=\"og:site_name\" content=\"Ledsolintel\" \/>\n<meta property=\"article:publisher\" content=\"http:\/\/www.facebook.com\/webmenaje\" \/>\n<meta property=\"og:image\" content=\"https:\/\/ledsolintel.com\/wp-content\/uploads\/2023\/02\/20215-Downlight-LED-ALL-IN-de-Roblan.jpg\" \/>\n\t<meta property=\"og:image:width\" content=\"1\" \/>\n\t<meta property=\"og:image:height\" content=\"1\" \/>\n\t<meta property=\"og:image:type\" content=\"image\/jpeg\" \/>\n<meta name=\"twitter:card\" content=\"summary_large_image\" \/>\n<meta name=\"twitter:site\" content=\"@webmenaje\" \/>\n<script type=\"application\/ld+json\" class=\"yoast-schema-graph\">{\"@context\":\"https:\/\/schema.org\",\"@graph\":[{\"@type\":\"WebPage\",\"@id\":\"https:\/\/ledsolintel.com\/product\/downlight-led-all-in-panel-25w-de-roblan\/\",\"url\":\"https:\/\/ledsolintel.com\/product\/downlight-led-all-in-panel-25w-de-roblan\/\",\"name\":\"Downlight LED ALL IN PANEL 25W de Roblan\",\"isPartOf\":{\"@id\":\"https:\/\/ledsolintel.com\/#website\"},\"primaryImageOfPage\":{\"@id\":\"https:\/\/ledsolintel.com\/product\/downlight-led-all-in-panel-25w-de-roblan\/#primaryimage\"},\"image\":{\"@id\":\"https:\/\/ledsolintel.com\/product\/downlight-led-all-in-panel-25w-de-roblan\/#primaryimage\"},\"thumbnailUrl\":\"https:\/\/ledsolintel.com\/wp-content\/uploads\/2023\/02\/20215-Downlight-LED-ALL-IN-de-Roblan.jpg\",\"datePublished\":\"2023-02-08T17:21:21+00:00\",\"description\":\"Downlight LED ALL IN PANEL 25W de Roblan. Resistente a los picos de voltaje, zonas con alta necesidad de luz. Iluminaci\u00f3n para ba\u00f1os, iluminaci\u00f3n comercial.\",\"breadcrumb\":{\"@id\":\"https:\/\/ledsolintel.com\/product\/downlight-led-all-in-panel-25w-de-roblan\/#breadcrumb\"},\"inLanguage\":\"fr-FR\",\"potentialAction\":[{\"@type\":\"ReadAction\",\"target\":[\"https:\/\/ledsolintel.com\/product\/downlight-led-all-in-panel-25w-de-roblan\/\"]}]},{\"@type\":\"ImageObject\",\"inLanguage\":\"fr-FR\",\"@id\":\"https:\/\/ledsolintel.com\/product\/downlight-led-all-in-panel-25w-de-roblan\/#primaryimage\",\"url\":\"https:\/\/ledsolintel.com\/wp-content\/uploads\/2023\/02\/20215-Downlight-LED-ALL-IN-de-Roblan.jpg\",\"contentUrl\":\"https:\/\/ledsolintel.com\/wp-content\/uploads\/2023\/02\/20215-Downlight-LED-ALL-IN-de-Roblan.jpg\",\"caption\":\"Downlight LED ALL IN de Roblan\"},{\"@type\":\"BreadcrumbList\",\"@id\":\"https:\/\/ledsolintel.com\/product\/downlight-led-all-in-panel-25w-de-roblan\/#breadcrumb\",\"itemListElement\":[{\"@type\":\"ListItem\",\"position\":1,\"name\":\"Portada\",\"item\":\"https:\/\/ledsolintel.com\/fr\/\"},{\"@type\":\"ListItem\",\"position\":2,\"name\":\"Tienda\",\"item\":\"https:\/\/ledsolintel.com\/tienda\/\"},{\"@type\":\"ListItem\",\"position\":3,\"name\":\"Downlight LED ALL IN PANEL 25W de Roblan\"}]},{\"@type\":\"WebSite\",\"@id\":\"https:\/\/ledsolintel.com\/#website\",\"url\":\"https:\/\/ledsolintel.com\/\",\"name\":\"Webmenaje\",\"description\":\"Tienda de bombillas y l\u00e1mparas LED para profesionales\",\"publisher\":{\"@id\":\"https:\/\/ledsolintel.com\/#organization\"},\"potentialAction\":[{\"@type\":\"SearchAction\",\"target\":{\"@type\":\"EntryPoint\",\"urlTemplate\":\"https:\/\/ledsolintel.com\/?s={search_term_string}\"},\"query-input\":{\"@type\":\"PropertyValueSpecification\",\"valueRequired\":true,\"valueName\":\"search_term_string\"}}],\"inLanguage\":\"fr-FR\"},{\"@type\":\"Organization\",\"@id\":\"https:\/\/ledsolintel.com\/#organization\",\"name\":\"Solintel Noroeste, S.L.\",\"url\":\"https:\/\/ledsolintel.com\/\",\"logo\":{\"@type\":\"ImageObject\",\"inLanguage\":\"fr-FR\",\"@id\":\"https:\/\/ledsolintel.com\/#\/schema\/logo\/image\/\",\"url\":\"https:\/\/ledsolintel.com\/wp-content\/uploads\/2024\/11\/webmenaje-logo-1508269066.jpg\",\"contentUrl\":\"https:\/\/ledsolintel.com\/wp-content\/uploads\/2024\/11\/webmenaje-logo-1508269066.jpg\",\"width\":370,\"height\":90,\"caption\":\"Solintel Noroeste, S.L.\"},\"image\":{\"@id\":\"https:\/\/ledsolintel.com\/#\/schema\/logo\/image\/\"},\"sameAs\":[\"http:\/\/www.facebook.com\/webmenaje\",\"https:\/\/x.com\/webmenaje\",\"https:\/\/www.youtube.com\/channel\/UCX2KoVoeCG4LocZjUc6LmSQ\",\"http:\/\/www.pinterest.com\/webmenaje\"]}]}<\/script>\n<!-- \/ Yoast SEO plugin. -->","yoast_head_json":{"title":"Roblan LED Downlight ALL IN PANEL 25W","description":"Downlight LED ALL IN PANEL 25W de Roblan. Resistente a los picos de voltaje, zonas con alta necesidad de luz. Iluminaci\u00f3n para ba\u00f1os, iluminaci\u00f3n comercial.","robots":{"index":"index","follow":"follow","max-snippet":"max-snippet:-1","max-image-preview":"max-image-preview:large","max-video-preview":"max-video-preview:-1"},"canonical":"https:\/\/ledsolintel.com\/fr\/produit-2\/downlight-led-all-in-panel-25w-de-roblan\/","og_locale":"fr_FR","og_type":"article","og_title":"Downlight LED ALL IN PANEL 25W de Roblan","og_description":"Downlight LED ALL IN PANEL 25W de Roblan. Resistente a los picos de voltaje, zonas con alta necesidad de luz. Iluminaci\u00f3n para ba\u00f1os, iluminaci\u00f3n comercial.","og_url":"https:\/\/ledsolintel.com\/fr\/produit-2\/downlight-led-all-in-panel-25w-de-roblan\/","og_site_name":"Ledsolintel","article_publisher":"http:\/\/www.facebook.com\/webmenaje","og_image":[{"url":"https:\/\/ledsolintel.com\/wp-content\/uploads\/2023\/02\/20215-Downlight-LED-ALL-IN-de-Roblan.jpg","width":1,"height":1,"type":"image\/jpeg"}],"twitter_card":"summary_large_image","twitter_site":"@webmenaje","schema":{"@context":"https:\/\/schema.org","@graph":[{"@type":"WebPage","@id":"https:\/\/ledsolintel.com\/product\/downlight-led-all-in-panel-25w-de-roblan\/","url":"https:\/\/ledsolintel.com\/product\/downlight-led-all-in-panel-25w-de-roblan\/","name":"Roblan LED Downlight ALL IN PANEL 25W","isPartOf":{"@id":"https:\/\/ledsolintel.com\/#website"},"primaryImageOfPage":{"@id":"https:\/\/ledsolintel.com\/product\/downlight-led-all-in-panel-25w-de-roblan\/#primaryimage"},"image":{"@id":"https:\/\/ledsolintel.com\/product\/downlight-led-all-in-panel-25w-de-roblan\/#primaryimage"},"thumbnailUrl":"https:\/\/ledsolintel.com\/wp-content\/uploads\/2023\/02\/20215-Downlight-LED-ALL-IN-de-Roblan.jpg","datePublished":"2023-02-08T17:21:21+00:00","description":"Downlight LED ALL IN PANEL 25W de Roblan. Resistente a los picos de voltaje, zonas con alta necesidad de luz. Iluminaci\u00f3n para ba\u00f1os, iluminaci\u00f3n comercial.","breadcrumb":{"@id":"https:\/\/ledsolintel.com\/product\/downlight-led-all-in-panel-25w-de-roblan\/#breadcrumb"},"inLanguage":"fr-FR","potentialAction":[{"@type":"ReadAction","target":["https:\/\/ledsolintel.com\/product\/downlight-led-all-in-panel-25w-de-roblan\/"]}]},{"@type":"ImageObject","inLanguage":"fr-FR","@id":"https:\/\/ledsolintel.com\/product\/downlight-led-all-in-panel-25w-de-roblan\/#primaryimage","url":"https:\/\/ledsolintel.com\/wp-content\/uploads\/2023\/02\/20215-Downlight-LED-ALL-IN-de-Roblan.jpg","contentUrl":"https:\/\/ledsolintel.com\/wp-content\/uploads\/2023\/02\/20215-Downlight-LED-ALL-IN-de-Roblan.jpg","caption":"Downlight LED ALL IN de Roblan"},{"@type":"BreadcrumbList","@id":"https:\/\/ledsolintel.com\/product\/downlight-led-all-in-panel-25w-de-roblan\/#breadcrumb","itemListElement":[{"@type":"ListItem","position":1,"name":"Portada","item":"https:\/\/ledsolintel.com\/fr\/"},{"@type":"ListItem","position":2,"name":"Tienda","item":"https:\/\/ledsolintel.com\/tienda\/"},{"@type":"ListItem","position":3,"name":"Downlight LED ALL IN PANEL 25W de Roblan"}]},{"@type":"WebSite","@id":"https:\/\/ledsolintel.com\/#website","url":"https:\/\/ledsolintel.com\/","name":"Webmenaje","description":"Magasin d'ampoules et de lampes LED pour les professionnels","publisher":{"@id":"https:\/\/ledsolintel.com\/#organization"},"potentialAction":[{"@type":"SearchAction","target":{"@type":"EntryPoint","urlTemplate":"https:\/\/ledsolintel.com\/?s={search_term_string}"},"query-input":{"@type":"PropertyValueSpecification","valueRequired":true,"valueName":"search_term_string"}}],"inLanguage":"fr-FR"},{"@type":"Organization","@id":"https:\/\/ledsolintel.com\/#organization","name":"Solintel Noroeste, S.L.","url":"https:\/\/ledsolintel.com\/","logo":{"@type":"ImageObject","inLanguage":"fr-FR","@id":"https:\/\/ledsolintel.com\/#\/schema\/logo\/image\/","url":"https:\/\/ledsolintel.com\/wp-content\/uploads\/2024\/11\/webmenaje-logo-1508269066.jpg","contentUrl":"https:\/\/ledsolintel.com\/wp-content\/uploads\/2024\/11\/webmenaje-logo-1508269066.jpg","width":370,"height":90,"caption":"Solintel Noroeste, S.L."},"image":{"@id":"https:\/\/ledsolintel.com\/#\/schema\/logo\/image\/"},"sameAs":["http:\/\/www.facebook.com\/webmenaje","https:\/\/x.com\/webmenaje","https:\/\/www.youtube.com\/channel\/UCX2KoVoeCG4LocZjUc6LmSQ","http:\/\/www.pinterest.com\/webmenaje"]}]}},"_links":{"self":[{"href":"https:\/\/ledsolintel.com\/fr\/wp-json\/wp\/v2\/product\/246153","targetHints":{"allow":["GET"]}}],"collection":[{"href":"https:\/\/ledsolintel.com\/fr\/wp-json\/wp\/v2\/product"}],"about":[{"href":"https:\/\/ledsolintel.com\/fr\/wp-json\/wp\/v2\/types\/product"}],"version-history":[{"count":0,"href":"https:\/\/ledsolintel.com\/fr\/wp-json\/wp\/v2\/product\/246153\/revisions"}],"wp:featuredmedia":[{"embeddable":true,"href":"https:\/\/ledsolintel.com\/fr\/wp-json\/wp\/v2\/media\/246150"}],"wp:attachment":[{"href":"https:\/\/ledsolintel.com\/fr\/wp-json\/wp\/v2\/media?parent=246153"}],"wp:term":[{"taxonomy":"product_brand","embeddable":true,"href":"https:\/\/ledsolintel.com\/fr\/wp-json\/wp\/v2\/product_brand?post=246153"},{"taxonomy":"product_cat","embeddable":true,"href":"https:\/\/ledsolintel.com\/fr\/wp-json\/wp\/v2\/product_cat?post=246153"},{"taxonomy":"product_tag","embeddable":true,"href":"https:\/\/ledsolintel.com\/fr\/wp-json\/wp\/v2\/product_tag?post=246153"}],"curies":[{"name":"wp","href":"https:\/\/api.w.org\/{rel}","templated":true}]}}