{"id":245887,"date":"2022-12-20T09:31:33","date_gmt":"2022-12-20T08:31:33","guid":{"rendered":"https:\/\/nueva.ledsolintel.com\/product\/aplique-lector-zanzibar-3w-de-mantra\/"},"modified":"2022-12-20T09:31:33","modified_gmt":"2022-12-20T08:31:33","slug":"aplique-lector-zanzibar-3w-de-mantra","status":"publish","type":"product","link":"https:\/\/ledsolintel.com\/fr\/produit-2\/aplique-lector-zanzibar-3w-de-mantra\/","title":{"rendered":"Mantra ZANZIBAR 3W applique murale lecteur"},"content":{"rendered":"<p>Mantra ZANZIBAR 3W applique murale lecteur<\/p>\n<p>\u00a0<\/p>\n<p>Puissance : 3 W<\/p>\n<p>Tension : 100-240 V \/ 50-60 Hz<\/p>\n<p>Luminosit\u00e9 : 210 lm<\/p>\n<p>CCT : 3000 K<\/p>\n<p>IRC &gt; 80<\/p>\n<p>Mat\u00e9riau : aluminium<\/p>\n<p>Dur\u00e9e de vie : 30 000 h<\/p>\n<p>Protection IP20<\/p>\n<p>Dimensions : 170 x 200 mm<\/p>","protected":false},"excerpt":{"rendered":"<p>Lampe murale Mantra ZANZIBAR 3W. Chargeur sans fil \u00e0 induction, id\u00e9al pour \u00e9conomiser de l'espace dans les chambres \u00e0 coucher et les chambres d'h\u00f4tel.<\/p>","protected":false},"featured_media":245884,"template":"","meta":[],"product_brand":[99385],"product_cat":[99573,99591,99887,99659],"product_tag":[],"class_list":{"0":"post-245887","1":"product","2":"type-product","3":"status-publish","4":"has-post-thumbnail","6":"product_brand-mantra","7":"product_cat-iluminacion-interior","8":"product_cat-lamparas-con-cargador","9":"product_cat-lamparas-de-lectura","10":"product_cat-lamparas-de-pared","11":"pa_acabado-blanco","12":"pa_acabado-negro","15":"instock","16":"taxable","17":"shipping-taxable","18":"purchasable","19":"product-type-variable","20":"has-default-attributes"},"yoast_head":"<!-- This site is optimized with the Yoast SEO plugin v27.4 - https:\/\/yoast.com\/product\/yoast-seo-wordpress\/ -->\n<title>Aplique lector ZANZIBAR 3W de Mantra<\/title>\n<meta name=\"description\" content=\"Aplique lector ZANZIBAR 3W de Mantra. Cargador inal\u00e1mbrico de inducci\u00f3n, ideal para ahorrar espacio en dormitorios y habitaciones de hotel.\" \/>\n<meta name=\"robots\" content=\"index, follow, max-snippet:-1, max-image-preview:large, max-video-preview:-1\" \/>\n<link rel=\"canonical\" href=\"https:\/\/ledsolintel.com\/fr\/produit-2\/aplique-lector-zanzibar-3w-de-mantra\/\" \/>\n<meta property=\"og:locale\" content=\"fr_FR\" \/>\n<meta property=\"og:type\" content=\"article\" \/>\n<meta property=\"og:title\" content=\"Aplique lector ZANZIBAR 3W de Mantra\" \/>\n<meta property=\"og:description\" content=\"Aplique lector ZANZIBAR 3W de Mantra. Cargador inal\u00e1mbrico de inducci\u00f3n, ideal para ahorrar espacio en dormitorios y habitaciones de hotel.\" \/>\n<meta property=\"og:url\" content=\"https:\/\/ledsolintel.com\/fr\/produit-2\/aplique-lector-zanzibar-3w-de-mantra\/\" \/>\n<meta property=\"og:site_name\" content=\"Ledsolintel\" \/>\n<meta property=\"article:publisher\" content=\"http:\/\/www.facebook.com\/webmenaje\" \/>\n<meta property=\"og:image\" content=\"https:\/\/ledsolintel.com\/wp-content\/uploads\/2022\/12\/20056-Aplique-lector-ZANZIBAR-3W-de-Mantra.jpg\" \/>\n\t<meta property=\"og:image:width\" content=\"1\" \/>\n\t<meta property=\"og:image:height\" content=\"1\" \/>\n\t<meta property=\"og:image:type\" content=\"image\/jpeg\" \/>\n<meta name=\"twitter:card\" content=\"summary_large_image\" \/>\n<meta name=\"twitter:site\" content=\"@webmenaje\" \/>\n<script type=\"application\/ld+json\" class=\"yoast-schema-graph\">{\"@context\":\"https:\\\/\\\/schema.org\",\"@graph\":[{\"@type\":\"WebPage\",\"@id\":\"https:\\\/\\\/ledsolintel.com\\\/product\\\/aplique-lector-zanzibar-3w-de-mantra\\\/\",\"url\":\"https:\\\/\\\/ledsolintel.com\\\/product\\\/aplique-lector-zanzibar-3w-de-mantra\\\/\",\"name\":\"Aplique lector ZANZIBAR 3W de Mantra\",\"isPartOf\":{\"@id\":\"https:\\\/\\\/ledsolintel.com\\\/#website\"},\"primaryImageOfPage\":{\"@id\":\"https:\\\/\\\/ledsolintel.com\\\/product\\\/aplique-lector-zanzibar-3w-de-mantra\\\/#primaryimage\"},\"image\":{\"@id\":\"https:\\\/\\\/ledsolintel.com\\\/product\\\/aplique-lector-zanzibar-3w-de-mantra\\\/#primaryimage\"},\"thumbnailUrl\":\"https:\\\/\\\/ledsolintel.com\\\/wp-content\\\/uploads\\\/2022\\\/12\\\/20056-Aplique-lector-ZANZIBAR-3W-de-Mantra.jpg\",\"datePublished\":\"2022-12-20T08:31:33+00:00\",\"description\":\"Aplique lector ZANZIBAR 3W de Mantra. Cargador inal\u00e1mbrico de inducci\u00f3n, ideal para ahorrar espacio en dormitorios y habitaciones de hotel.\",\"breadcrumb\":{\"@id\":\"https:\\\/\\\/ledsolintel.com\\\/product\\\/aplique-lector-zanzibar-3w-de-mantra\\\/#breadcrumb\"},\"inLanguage\":\"fr-FR\",\"potentialAction\":[{\"@type\":\"ReadAction\",\"target\":[\"https:\\\/\\\/ledsolintel.com\\\/product\\\/aplique-lector-zanzibar-3w-de-mantra\\\/\"]}]},{\"@type\":\"ImageObject\",\"inLanguage\":\"fr-FR\",\"@id\":\"https:\\\/\\\/ledsolintel.com\\\/product\\\/aplique-lector-zanzibar-3w-de-mantra\\\/#primaryimage\",\"url\":\"https:\\\/\\\/ledsolintel.com\\\/wp-content\\\/uploads\\\/2022\\\/12\\\/20056-Aplique-lector-ZANZIBAR-3W-de-Mantra.jpg\",\"contentUrl\":\"https:\\\/\\\/ledsolintel.com\\\/wp-content\\\/uploads\\\/2022\\\/12\\\/20056-Aplique-lector-ZANZIBAR-3W-de-Mantra.jpg\",\"caption\":\"Aplique lector ZANZIBAR 3W de Mantra\"},{\"@type\":\"BreadcrumbList\",\"@id\":\"https:\\\/\\\/ledsolintel.com\\\/product\\\/aplique-lector-zanzibar-3w-de-mantra\\\/#breadcrumb\",\"itemListElement\":[{\"@type\":\"ListItem\",\"position\":1,\"name\":\"Portada\",\"item\":\"https:\\\/\\\/ledsolintel.com\\\/fr\\\/\"},{\"@type\":\"ListItem\",\"position\":2,\"name\":\"Tienda\",\"item\":\"https:\\\/\\\/ledsolintel.com\\\/tienda\\\/\"},{\"@type\":\"ListItem\",\"position\":3,\"name\":\"Aplique lector ZANZIBAR 3W de Mantra\"}]},{\"@type\":\"WebSite\",\"@id\":\"https:\\\/\\\/ledsolintel.com\\\/#website\",\"url\":\"https:\\\/\\\/ledsolintel.com\\\/\",\"name\":\"Webmenaje\",\"description\":\"Tienda de bombillas y l\u00e1mparas LED para profesionales\",\"publisher\":{\"@id\":\"https:\\\/\\\/ledsolintel.com\\\/#organization\"},\"potentialAction\":[{\"@type\":\"SearchAction\",\"target\":{\"@type\":\"EntryPoint\",\"urlTemplate\":\"https:\\\/\\\/ledsolintel.com\\\/?s={search_term_string}\"},\"query-input\":{\"@type\":\"PropertyValueSpecification\",\"valueRequired\":true,\"valueName\":\"search_term_string\"}}],\"inLanguage\":\"fr-FR\"},{\"@type\":\"Organization\",\"@id\":\"https:\\\/\\\/ledsolintel.com\\\/#organization\",\"name\":\"Solintel Noroeste, S.L.\",\"url\":\"https:\\\/\\\/ledsolintel.com\\\/\",\"logo\":{\"@type\":\"ImageObject\",\"inLanguage\":\"fr-FR\",\"@id\":\"https:\\\/\\\/ledsolintel.com\\\/#\\\/schema\\\/logo\\\/image\\\/\",\"url\":\"https:\\\/\\\/ledsolintel.com\\\/wp-content\\\/uploads\\\/2024\\\/11\\\/webmenaje-logo-1508269066.jpg\",\"contentUrl\":\"https:\\\/\\\/ledsolintel.com\\\/wp-content\\\/uploads\\\/2024\\\/11\\\/webmenaje-logo-1508269066.jpg\",\"width\":370,\"height\":90,\"caption\":\"Solintel Noroeste, S.L.\"},\"image\":{\"@id\":\"https:\\\/\\\/ledsolintel.com\\\/#\\\/schema\\\/logo\\\/image\\\/\"},\"sameAs\":[\"http:\\\/\\\/www.facebook.com\\\/webmenaje\",\"https:\\\/\\\/x.com\\\/webmenaje\",\"https:\\\/\\\/www.youtube.com\\\/channel\\\/UCX2KoVoeCG4LocZjUc6LmSQ\",\"http:\\\/\\\/www.pinterest.com\\\/webmenaje\"]}]}<\/script>\n<!-- \/ Yoast SEO plugin. -->","yoast_head_json":{"title":"Mantra ZANZIBAR 3W applique murale lecteur","description":"Lampe murale Mantra ZANZIBAR 3W. Chargeur sans fil \u00e0 induction, id\u00e9al pour \u00e9conomiser de l'espace dans les chambres \u00e0 coucher et les chambres d'h\u00f4tel.","robots":{"index":"index","follow":"follow","max-snippet":"max-snippet:-1","max-image-preview":"max-image-preview:large","max-video-preview":"max-video-preview:-1"},"canonical":"https:\/\/ledsolintel.com\/fr\/produit-2\/aplique-lector-zanzibar-3w-de-mantra\/","og_locale":"fr_FR","og_type":"article","og_title":"Aplique lector ZANZIBAR 3W de Mantra","og_description":"Aplique lector ZANZIBAR 3W de Mantra. Cargador inal\u00e1mbrico de inducci\u00f3n, ideal para ahorrar espacio en dormitorios y habitaciones de hotel.","og_url":"https:\/\/ledsolintel.com\/fr\/produit-2\/aplique-lector-zanzibar-3w-de-mantra\/","og_site_name":"Ledsolintel","article_publisher":"http:\/\/www.facebook.com\/webmenaje","og_image":[{"url":"https:\/\/ledsolintel.com\/wp-content\/uploads\/2022\/12\/20056-Aplique-lector-ZANZIBAR-3W-de-Mantra.jpg","width":1,"height":1,"type":"image\/jpeg"}],"twitter_card":"summary_large_image","twitter_site":"@webmenaje","schema":{"@context":"https:\/\/schema.org","@graph":[{"@type":"WebPage","@id":"https:\/\/ledsolintel.com\/product\/aplique-lector-zanzibar-3w-de-mantra\/","url":"https:\/\/ledsolintel.com\/product\/aplique-lector-zanzibar-3w-de-mantra\/","name":"Mantra ZANZIBAR 3W applique murale lecteur","isPartOf":{"@id":"https:\/\/ledsolintel.com\/#website"},"primaryImageOfPage":{"@id":"https:\/\/ledsolintel.com\/product\/aplique-lector-zanzibar-3w-de-mantra\/#primaryimage"},"image":{"@id":"https:\/\/ledsolintel.com\/product\/aplique-lector-zanzibar-3w-de-mantra\/#primaryimage"},"thumbnailUrl":"https:\/\/ledsolintel.com\/wp-content\/uploads\/2022\/12\/20056-Aplique-lector-ZANZIBAR-3W-de-Mantra.jpg","datePublished":"2022-12-20T08:31:33+00:00","description":"Lampe murale Mantra ZANZIBAR 3W. Chargeur sans fil \u00e0 induction, id\u00e9al pour \u00e9conomiser de l'espace dans les chambres \u00e0 coucher et les chambres d'h\u00f4tel.","breadcrumb":{"@id":"https:\/\/ledsolintel.com\/product\/aplique-lector-zanzibar-3w-de-mantra\/#breadcrumb"},"inLanguage":"fr-FR","potentialAction":[{"@type":"ReadAction","target":["https:\/\/ledsolintel.com\/product\/aplique-lector-zanzibar-3w-de-mantra\/"]}]},{"@type":"ImageObject","inLanguage":"fr-FR","@id":"https:\/\/ledsolintel.com\/product\/aplique-lector-zanzibar-3w-de-mantra\/#primaryimage","url":"https:\/\/ledsolintel.com\/wp-content\/uploads\/2022\/12\/20056-Aplique-lector-ZANZIBAR-3W-de-Mantra.jpg","contentUrl":"https:\/\/ledsolintel.com\/wp-content\/uploads\/2022\/12\/20056-Aplique-lector-ZANZIBAR-3W-de-Mantra.jpg","caption":"Aplique lector ZANZIBAR 3W de Mantra"},{"@type":"BreadcrumbList","@id":"https:\/\/ledsolintel.com\/product\/aplique-lector-zanzibar-3w-de-mantra\/#breadcrumb","itemListElement":[{"@type":"ListItem","position":1,"name":"Portada","item":"https:\/\/ledsolintel.com\/fr\/"},{"@type":"ListItem","position":2,"name":"Tienda","item":"https:\/\/ledsolintel.com\/tienda\/"},{"@type":"ListItem","position":3,"name":"Aplique lector ZANZIBAR 3W de Mantra"}]},{"@type":"WebSite","@id":"https:\/\/ledsolintel.com\/#website","url":"https:\/\/ledsolintel.com\/","name":"Webmenaje","description":"Magasin d'ampoules et de lampes LED pour les professionnels","publisher":{"@id":"https:\/\/ledsolintel.com\/#organization"},"potentialAction":[{"@type":"SearchAction","target":{"@type":"EntryPoint","urlTemplate":"https:\/\/ledsolintel.com\/?s={search_term_string}"},"query-input":{"@type":"PropertyValueSpecification","valueRequired":true,"valueName":"search_term_string"}}],"inLanguage":"fr-FR"},{"@type":"Organization","@id":"https:\/\/ledsolintel.com\/#organization","name":"Solintel Noroeste, S.L.","url":"https:\/\/ledsolintel.com\/","logo":{"@type":"ImageObject","inLanguage":"fr-FR","@id":"https:\/\/ledsolintel.com\/#\/schema\/logo\/image\/","url":"https:\/\/ledsolintel.com\/wp-content\/uploads\/2024\/11\/webmenaje-logo-1508269066.jpg","contentUrl":"https:\/\/ledsolintel.com\/wp-content\/uploads\/2024\/11\/webmenaje-logo-1508269066.jpg","width":370,"height":90,"caption":"Solintel Noroeste, S.L."},"image":{"@id":"https:\/\/ledsolintel.com\/#\/schema\/logo\/image\/"},"sameAs":["http:\/\/www.facebook.com\/webmenaje","https:\/\/x.com\/webmenaje","https:\/\/www.youtube.com\/channel\/UCX2KoVoeCG4LocZjUc6LmSQ","http:\/\/www.pinterest.com\/webmenaje"]}]}},"_links":{"self":[{"href":"https:\/\/ledsolintel.com\/fr\/wp-json\/wp\/v2\/product\/245887","targetHints":{"allow":["GET"]}}],"collection":[{"href":"https:\/\/ledsolintel.com\/fr\/wp-json\/wp\/v2\/product"}],"about":[{"href":"https:\/\/ledsolintel.com\/fr\/wp-json\/wp\/v2\/types\/product"}],"version-history":[{"count":0,"href":"https:\/\/ledsolintel.com\/fr\/wp-json\/wp\/v2\/product\/245887\/revisions"}],"wp:featuredmedia":[{"embeddable":true,"href":"https:\/\/ledsolintel.com\/fr\/wp-json\/wp\/v2\/media\/245884"}],"wp:attachment":[{"href":"https:\/\/ledsolintel.com\/fr\/wp-json\/wp\/v2\/media?parent=245887"}],"wp:term":[{"taxonomy":"product_brand","embeddable":true,"href":"https:\/\/ledsolintel.com\/fr\/wp-json\/wp\/v2\/product_brand?post=245887"},{"taxonomy":"product_cat","embeddable":true,"href":"https:\/\/ledsolintel.com\/fr\/wp-json\/wp\/v2\/product_cat?post=245887"},{"taxonomy":"product_tag","embeddable":true,"href":"https:\/\/ledsolintel.com\/fr\/wp-json\/wp\/v2\/product_tag?post=245887"}],"curies":[{"name":"wp","href":"https:\/\/api.w.org\/{rel}","templated":true}]}}