{"id":245857,"date":"2022-12-20T09:31:33","date_gmt":"2022-12-20T08:31:33","guid":{"rendered":"https:\/\/nueva.ledsolintel.com\/product\/plafon-led-con-ventilador-tibet-de-mantra\/"},"modified":"2022-12-20T09:31:33","modified_gmt":"2022-12-20T08:31:33","slug":"tibet-led-ceiling-lamp-with-fan-by-mantra","status":"publish","type":"product","link":"https:\/\/ledsolintel.com\/fr\/produit-2\/tibet-led-ceiling-lamp-with-fan-by-mantra\/","title":{"rendered":"TIBET Plafonnier LED avec ventilateur par Mantra"},"content":{"rendered":"<p>TIBET Plafonnier LED avec ventilateur par Mantra<\/p>\n<p>\u00a0<\/p>\n<ul>\n<li>Puissance des LED : 70 W (avec variateur)<\/li>\n<li>Puissance du ventilateur : 35 W<\/li>\n<li>Luminance : 3900 lm<\/li>\n<li>CCT : 2700-5000 K (r\u00e9glable)<\/li>\n<li>Dur\u00e9e de vie des LED : 25 000 h<\/li>\n<li>Contr\u00f4le : t\u00e9l\u00e9commande<\/li>\n<li>Diam\u00e8tre : 65 cm<\/li>\n<li>Protection IP20<\/li>\n<\/ul>","protected":false},"excerpt":{"rendered":"<p>Plafonnier LED TIBET avec ventilateur par Mantra. Lumi\u00e8re haute puissance \u00e0 intensit\u00e9 variable, pour \u00e9clairer et ventiler les int\u00e9rieurs. Id\u00e9al pour les r\u00e9novations et les projets architecturaux.<\/p>","protected":false},"featured_media":245852,"template":"","meta":[],"product_brand":[99385],"product_cat":[99587,99881,99643],"product_tag":[],"class_list":{"0":"post-245857","1":"product","2":"type-product","3":"status-publish","4":"has-post-thumbnail","6":"product_brand-mantra","7":"product_cat-ventiladores","8":"product_cat-ventiladores-con-luz-medianos","9":"product_cat-ventiladores-medianos","10":"pa_acabado-blanco","11":"pa_acabado-blancoymadera","12":"pa_acabado-negroymadera","13":"pa_acabado-plata","16":"instock","17":"taxable","18":"shipping-taxable","19":"purchasable","20":"product-type-variable","21":"has-default-attributes"},"yoast_head":"<!-- This site is optimized with the Yoast SEO plugin v27.4 - https:\/\/yoast.com\/product\/yoast-seo-wordpress\/ -->\n<title>Plaf\u00f3n LED con ventilador TIBET de Mantra<\/title>\n<meta name=\"description\" content=\"Plaf\u00f3n LED con ventilador TIBET de Mantra. Luz regulable de alta potencia, para iluminar y ventilar interiores. Ideal para reformas y proyectos de arquitectura.\" \/>\n<meta name=\"robots\" content=\"index, follow, max-snippet:-1, max-image-preview:large, max-video-preview:-1\" \/>\n<link rel=\"canonical\" href=\"https:\/\/ledsolintel.com\/fr\/produit-2\/tibet-led-ceiling-lamp-with-fan-by-mantra\/\" \/>\n<meta property=\"og:locale\" content=\"fr_FR\" \/>\n<meta property=\"og:type\" content=\"article\" \/>\n<meta property=\"og:title\" content=\"Plaf\u00f3n LED con ventilador TIBET de Mantra\" \/>\n<meta property=\"og:description\" content=\"Plaf\u00f3n LED con ventilador TIBET de Mantra. Luz regulable de alta potencia, para iluminar y ventilar interiores. Ideal para reformas y proyectos de arquitectura.\" \/>\n<meta property=\"og:url\" content=\"https:\/\/ledsolintel.com\/fr\/produit-2\/tibet-led-ceiling-lamp-with-fan-by-mantra\/\" \/>\n<meta property=\"og:site_name\" content=\"Ledsolintel\" \/>\n<meta property=\"article:publisher\" content=\"http:\/\/www.facebook.com\/webmenaje\" \/>\n<meta property=\"og:image\" content=\"https:\/\/ledsolintel.com\/wp-content\/uploads\/2022\/12\/20281-Plafon-LED-con-ventilador-TIBET-de-Mantra.jpg\" \/>\n\t<meta property=\"og:image:width\" content=\"1\" \/>\n\t<meta property=\"og:image:height\" content=\"1\" \/>\n\t<meta property=\"og:image:type\" content=\"image\/jpeg\" \/>\n<meta name=\"twitter:card\" content=\"summary_large_image\" \/>\n<meta name=\"twitter:site\" content=\"@webmenaje\" \/>\n<script type=\"application\/ld+json\" class=\"yoast-schema-graph\">{\"@context\":\"https:\\\/\\\/schema.org\",\"@graph\":[{\"@type\":\"WebPage\",\"@id\":\"https:\\\/\\\/ledsolintel.com\\\/product\\\/plafon-led-con-ventilador-tibet-de-mantra\\\/\",\"url\":\"https:\\\/\\\/ledsolintel.com\\\/product\\\/plafon-led-con-ventilador-tibet-de-mantra\\\/\",\"name\":\"Plaf\u00f3n LED con ventilador TIBET de Mantra\",\"isPartOf\":{\"@id\":\"https:\\\/\\\/ledsolintel.com\\\/#website\"},\"primaryImageOfPage\":{\"@id\":\"https:\\\/\\\/ledsolintel.com\\\/product\\\/plafon-led-con-ventilador-tibet-de-mantra\\\/#primaryimage\"},\"image\":{\"@id\":\"https:\\\/\\\/ledsolintel.com\\\/product\\\/plafon-led-con-ventilador-tibet-de-mantra\\\/#primaryimage\"},\"thumbnailUrl\":\"https:\\\/\\\/ledsolintel.com\\\/wp-content\\\/uploads\\\/2022\\\/12\\\/20281-Plafon-LED-con-ventilador-TIBET-de-Mantra.jpg\",\"datePublished\":\"2022-12-20T08:31:33+00:00\",\"description\":\"Plaf\u00f3n LED con ventilador TIBET de Mantra. Luz regulable de alta potencia, para iluminar y ventilar interiores. Ideal para reformas y proyectos de arquitectura.\",\"breadcrumb\":{\"@id\":\"https:\\\/\\\/ledsolintel.com\\\/product\\\/plafon-led-con-ventilador-tibet-de-mantra\\\/#breadcrumb\"},\"inLanguage\":\"fr-FR\",\"potentialAction\":[{\"@type\":\"ReadAction\",\"target\":[\"https:\\\/\\\/ledsolintel.com\\\/product\\\/plafon-led-con-ventilador-tibet-de-mantra\\\/\"]}]},{\"@type\":\"ImageObject\",\"inLanguage\":\"fr-FR\",\"@id\":\"https:\\\/\\\/ledsolintel.com\\\/product\\\/plafon-led-con-ventilador-tibet-de-mantra\\\/#primaryimage\",\"url\":\"https:\\\/\\\/ledsolintel.com\\\/wp-content\\\/uploads\\\/2022\\\/12\\\/20281-Plafon-LED-con-ventilador-TIBET-de-Mantra.jpg\",\"contentUrl\":\"https:\\\/\\\/ledsolintel.com\\\/wp-content\\\/uploads\\\/2022\\\/12\\\/20281-Plafon-LED-con-ventilador-TIBET-de-Mantra.jpg\",\"caption\":\"Plaf\u00f3n LED con ventilador TIBET de Mantra\"},{\"@type\":\"BreadcrumbList\",\"@id\":\"https:\\\/\\\/ledsolintel.com\\\/product\\\/plafon-led-con-ventilador-tibet-de-mantra\\\/#breadcrumb\",\"itemListElement\":[{\"@type\":\"ListItem\",\"position\":1,\"name\":\"Portada\",\"item\":\"https:\\\/\\\/ledsolintel.com\\\/fr\\\/\"},{\"@type\":\"ListItem\",\"position\":2,\"name\":\"Tienda\",\"item\":\"https:\\\/\\\/ledsolintel.com\\\/tienda\\\/\"},{\"@type\":\"ListItem\",\"position\":3,\"name\":\"Plaf\u00f3n LED con ventilador TIBET de Mantra\"}]},{\"@type\":\"WebSite\",\"@id\":\"https:\\\/\\\/ledsolintel.com\\\/#website\",\"url\":\"https:\\\/\\\/ledsolintel.com\\\/\",\"name\":\"Webmenaje\",\"description\":\"Tienda de bombillas y l\u00e1mparas LED para profesionales\",\"publisher\":{\"@id\":\"https:\\\/\\\/ledsolintel.com\\\/#organization\"},\"potentialAction\":[{\"@type\":\"SearchAction\",\"target\":{\"@type\":\"EntryPoint\",\"urlTemplate\":\"https:\\\/\\\/ledsolintel.com\\\/?s={search_term_string}\"},\"query-input\":{\"@type\":\"PropertyValueSpecification\",\"valueRequired\":true,\"valueName\":\"search_term_string\"}}],\"inLanguage\":\"fr-FR\"},{\"@type\":\"Organization\",\"@id\":\"https:\\\/\\\/ledsolintel.com\\\/#organization\",\"name\":\"Solintel Noroeste, S.L.\",\"url\":\"https:\\\/\\\/ledsolintel.com\\\/\",\"logo\":{\"@type\":\"ImageObject\",\"inLanguage\":\"fr-FR\",\"@id\":\"https:\\\/\\\/ledsolintel.com\\\/#\\\/schema\\\/logo\\\/image\\\/\",\"url\":\"https:\\\/\\\/ledsolintel.com\\\/wp-content\\\/uploads\\\/2024\\\/11\\\/webmenaje-logo-1508269066.jpg\",\"contentUrl\":\"https:\\\/\\\/ledsolintel.com\\\/wp-content\\\/uploads\\\/2024\\\/11\\\/webmenaje-logo-1508269066.jpg\",\"width\":370,\"height\":90,\"caption\":\"Solintel Noroeste, S.L.\"},\"image\":{\"@id\":\"https:\\\/\\\/ledsolintel.com\\\/#\\\/schema\\\/logo\\\/image\\\/\"},\"sameAs\":[\"http:\\\/\\\/www.facebook.com\\\/webmenaje\",\"https:\\\/\\\/x.com\\\/webmenaje\",\"https:\\\/\\\/www.youtube.com\\\/channel\\\/UCX2KoVoeCG4LocZjUc6LmSQ\",\"http:\\\/\\\/www.pinterest.com\\\/webmenaje\"]}]}<\/script>\n<!-- \/ Yoast SEO plugin. -->","yoast_head_json":{"title":"TIBET Plafonnier LED avec ventilateur par Mantra","description":"Plafonnier LED TIBET avec ventilateur par Mantra. Lumi\u00e8re haute puissance \u00e0 intensit\u00e9 variable, pour \u00e9clairer et ventiler les int\u00e9rieurs. Id\u00e9al pour les r\u00e9novations et les projets architecturaux.","robots":{"index":"index","follow":"follow","max-snippet":"max-snippet:-1","max-image-preview":"max-image-preview:large","max-video-preview":"max-video-preview:-1"},"canonical":"https:\/\/ledsolintel.com\/fr\/produit-2\/tibet-led-ceiling-lamp-with-fan-by-mantra\/","og_locale":"fr_FR","og_type":"article","og_title":"Plaf\u00f3n LED con ventilador TIBET de Mantra","og_description":"Plaf\u00f3n LED con ventilador TIBET de Mantra. Luz regulable de alta potencia, para iluminar y ventilar interiores. Ideal para reformas y proyectos de arquitectura.","og_url":"https:\/\/ledsolintel.com\/fr\/produit-2\/tibet-led-ceiling-lamp-with-fan-by-mantra\/","og_site_name":"Ledsolintel","article_publisher":"http:\/\/www.facebook.com\/webmenaje","og_image":[{"url":"https:\/\/ledsolintel.com\/wp-content\/uploads\/2022\/12\/20281-Plafon-LED-con-ventilador-TIBET-de-Mantra.jpg","width":1,"height":1,"type":"image\/jpeg"}],"twitter_card":"summary_large_image","twitter_site":"@webmenaje","schema":{"@context":"https:\/\/schema.org","@graph":[{"@type":"WebPage","@id":"https:\/\/ledsolintel.com\/product\/plafon-led-con-ventilador-tibet-de-mantra\/","url":"https:\/\/ledsolintel.com\/product\/plafon-led-con-ventilador-tibet-de-mantra\/","name":"TIBET Plafonnier LED avec ventilateur par Mantra","isPartOf":{"@id":"https:\/\/ledsolintel.com\/#website"},"primaryImageOfPage":{"@id":"https:\/\/ledsolintel.com\/product\/plafon-led-con-ventilador-tibet-de-mantra\/#primaryimage"},"image":{"@id":"https:\/\/ledsolintel.com\/product\/plafon-led-con-ventilador-tibet-de-mantra\/#primaryimage"},"thumbnailUrl":"https:\/\/ledsolintel.com\/wp-content\/uploads\/2022\/12\/20281-Plafon-LED-con-ventilador-TIBET-de-Mantra.jpg","datePublished":"2022-12-20T08:31:33+00:00","description":"Plafonnier LED TIBET avec ventilateur par Mantra. Lumi\u00e8re haute puissance \u00e0 intensit\u00e9 variable, pour \u00e9clairer et ventiler les int\u00e9rieurs. Id\u00e9al pour les r\u00e9novations et les projets architecturaux.","breadcrumb":{"@id":"https:\/\/ledsolintel.com\/product\/plafon-led-con-ventilador-tibet-de-mantra\/#breadcrumb"},"inLanguage":"fr-FR","potentialAction":[{"@type":"ReadAction","target":["https:\/\/ledsolintel.com\/product\/plafon-led-con-ventilador-tibet-de-mantra\/"]}]},{"@type":"ImageObject","inLanguage":"fr-FR","@id":"https:\/\/ledsolintel.com\/product\/plafon-led-con-ventilador-tibet-de-mantra\/#primaryimage","url":"https:\/\/ledsolintel.com\/wp-content\/uploads\/2022\/12\/20281-Plafon-LED-con-ventilador-TIBET-de-Mantra.jpg","contentUrl":"https:\/\/ledsolintel.com\/wp-content\/uploads\/2022\/12\/20281-Plafon-LED-con-ventilador-TIBET-de-Mantra.jpg","caption":"Plaf\u00f3n LED con ventilador TIBET de Mantra"},{"@type":"BreadcrumbList","@id":"https:\/\/ledsolintel.com\/product\/plafon-led-con-ventilador-tibet-de-mantra\/#breadcrumb","itemListElement":[{"@type":"ListItem","position":1,"name":"Portada","item":"https:\/\/ledsolintel.com\/fr\/"},{"@type":"ListItem","position":2,"name":"Tienda","item":"https:\/\/ledsolintel.com\/tienda\/"},{"@type":"ListItem","position":3,"name":"Plaf\u00f3n LED con ventilador TIBET de Mantra"}]},{"@type":"WebSite","@id":"https:\/\/ledsolintel.com\/#website","url":"https:\/\/ledsolintel.com\/","name":"Webmenaje","description":"Magasin d'ampoules et de lampes LED pour les professionnels","publisher":{"@id":"https:\/\/ledsolintel.com\/#organization"},"potentialAction":[{"@type":"SearchAction","target":{"@type":"EntryPoint","urlTemplate":"https:\/\/ledsolintel.com\/?s={search_term_string}"},"query-input":{"@type":"PropertyValueSpecification","valueRequired":true,"valueName":"search_term_string"}}],"inLanguage":"fr-FR"},{"@type":"Organization","@id":"https:\/\/ledsolintel.com\/#organization","name":"Solintel Noroeste, S.L.","url":"https:\/\/ledsolintel.com\/","logo":{"@type":"ImageObject","inLanguage":"fr-FR","@id":"https:\/\/ledsolintel.com\/#\/schema\/logo\/image\/","url":"https:\/\/ledsolintel.com\/wp-content\/uploads\/2024\/11\/webmenaje-logo-1508269066.jpg","contentUrl":"https:\/\/ledsolintel.com\/wp-content\/uploads\/2024\/11\/webmenaje-logo-1508269066.jpg","width":370,"height":90,"caption":"Solintel Noroeste, S.L."},"image":{"@id":"https:\/\/ledsolintel.com\/#\/schema\/logo\/image\/"},"sameAs":["http:\/\/www.facebook.com\/webmenaje","https:\/\/x.com\/webmenaje","https:\/\/www.youtube.com\/channel\/UCX2KoVoeCG4LocZjUc6LmSQ","http:\/\/www.pinterest.com\/webmenaje"]}]}},"_links":{"self":[{"href":"https:\/\/ledsolintel.com\/fr\/wp-json\/wp\/v2\/product\/245857","targetHints":{"allow":["GET"]}}],"collection":[{"href":"https:\/\/ledsolintel.com\/fr\/wp-json\/wp\/v2\/product"}],"about":[{"href":"https:\/\/ledsolintel.com\/fr\/wp-json\/wp\/v2\/types\/product"}],"version-history":[{"count":0,"href":"https:\/\/ledsolintel.com\/fr\/wp-json\/wp\/v2\/product\/245857\/revisions"}],"wp:featuredmedia":[{"embeddable":true,"href":"https:\/\/ledsolintel.com\/fr\/wp-json\/wp\/v2\/media\/245852"}],"wp:attachment":[{"href":"https:\/\/ledsolintel.com\/fr\/wp-json\/wp\/v2\/media?parent=245857"}],"wp:term":[{"taxonomy":"product_brand","embeddable":true,"href":"https:\/\/ledsolintel.com\/fr\/wp-json\/wp\/v2\/product_brand?post=245857"},{"taxonomy":"product_cat","embeddable":true,"href":"https:\/\/ledsolintel.com\/fr\/wp-json\/wp\/v2\/product_cat?post=245857"},{"taxonomy":"product_tag","embeddable":true,"href":"https:\/\/ledsolintel.com\/fr\/wp-json\/wp\/v2\/product_tag?post=245857"}],"curies":[{"name":"wp","href":"https:\/\/api.w.org\/{rel}","templated":true}]}}