{"id":245658,"date":"2022-10-17T17:40:30","date_gmt":"2022-10-17T15:40:30","guid":{"rendered":"https:\/\/nueva.ledsolintel.com\/product\/baliza-led-750mm-ip54-9w-nina\/"},"modified":"2022-10-17T17:40:30","modified_gmt":"2022-10-17T15:40:30","slug":"baliza-led-750mm-ip54-9w-nina","status":"publish","type":"product","link":"https:\/\/ledsolintel.com\/fr\/produit-2\/baliza-led-750mm-ip54-9w-nina\/","title":{"rendered":"Sulion Balise LED NINA 75 cm"},"content":{"rendered":"<p>Baliza de la familia Nina con estructura cil\u00edndrica, tiene una luz bidireccional e indirectas. Su dise\u00f1o moderno y su efecto lum\u00ednico hacen que la luminaria encaje perfectamente en cualquier jard\u00edn o zona de paso.<\/p>","protected":false},"excerpt":{"rendered":"<p>Baliza LED NINA 75 cm de Sulion. 9W, iluminaci\u00f3n eficiente para jardines y exteriores.<\/p>","protected":false},"featured_media":245653,"template":"","meta":[],"product_brand":[99383],"product_cat":[99633,99575],"product_tag":[],"class_list":{"0":"post-245658","1":"product","2":"type-product","3":"status-publish","4":"has-post-thumbnail","6":"product_brand-sulion","7":"product_cat-balizas-sobremuros-y-farolas","8":"product_cat-iluminacion-para-jardines-y-exteriores","9":"pa_altura-750mm","10":"pa_cct-3000k","11":"pa_clase-i","12":"pa_cri-101172","13":"pa_cuerpo-metal","14":"pa_difusor-cristal","15":"pa_frecuencia-50_60hz","16":"pa_luminosidad-600lm","17":"pa_optica-101176","18":"pa_potencia-9w","19":"pa_proteccionik-ik06","20":"pa_proteccionip-ip54","21":"pa_vidautil-20000h","22":"pa_voltaje-100_240v","25":"instock","26":"taxable","27":"shipping-taxable","28":"purchasable","29":"product-type-simple"},"yoast_head":"<!-- This site is optimized with the Yoast SEO plugin v26.6 - https:\/\/yoast.com\/wordpress\/plugins\/seo\/ -->\n<title>Baliza LED NINA 75 cm de Sulion - Ledsolintel<\/title>\n<meta name=\"robots\" content=\"index, follow, max-snippet:-1, max-image-preview:large, max-video-preview:-1\" \/>\n<link rel=\"canonical\" href=\"https:\/\/ledsolintel.com\/fr\/produit-2\/baliza-led-750mm-ip54-9w-nina\/\" \/>\n<meta property=\"og:locale\" content=\"fr_FR\" \/>\n<meta property=\"og:type\" content=\"article\" \/>\n<meta property=\"og:title\" content=\"Baliza LED NINA 75 cm de Sulion - Ledsolintel\" \/>\n<meta property=\"og:description\" content=\"Baliza LED NINA 75 cm de Sulion. 9W, iluminaci\u00f3n eficiente para jardines y exteriores.\" \/>\n<meta property=\"og:url\" content=\"https:\/\/ledsolintel.com\/fr\/produit-2\/baliza-led-750mm-ip54-9w-nina\/\" \/>\n<meta property=\"og:site_name\" content=\"Ledsolintel\" \/>\n<meta property=\"article:publisher\" content=\"http:\/\/www.facebook.com\/webmenaje\" \/>\n<meta property=\"og:image\" content=\"https:\/\/ledsolintel.com\/wp-content\/uploads\/2022\/10\/18001-Baliza-LED-NINA-75-cm-de-Sulion.jpg\" \/>\n\t<meta property=\"og:image:width\" content=\"1\" \/>\n\t<meta property=\"og:image:height\" content=\"1\" \/>\n\t<meta property=\"og:image:type\" content=\"image\/jpeg\" \/>\n<meta name=\"twitter:card\" content=\"summary_large_image\" \/>\n<meta name=\"twitter:site\" content=\"@webmenaje\" \/>\n<script type=\"application\/ld+json\" class=\"yoast-schema-graph\">{\"@context\":\"https:\/\/schema.org\",\"@graph\":[{\"@type\":\"WebPage\",\"@id\":\"https:\/\/ledsolintel.com\/product\/baliza-led-750mm-ip54-9w-nina\/\",\"url\":\"https:\/\/ledsolintel.com\/product\/baliza-led-750mm-ip54-9w-nina\/\",\"name\":\"Baliza LED NINA 75 cm de Sulion - Ledsolintel\",\"isPartOf\":{\"@id\":\"https:\/\/ledsolintel.com\/#website\"},\"primaryImageOfPage\":{\"@id\":\"https:\/\/ledsolintel.com\/product\/baliza-led-750mm-ip54-9w-nina\/#primaryimage\"},\"image\":{\"@id\":\"https:\/\/ledsolintel.com\/product\/baliza-led-750mm-ip54-9w-nina\/#primaryimage\"},\"thumbnailUrl\":\"https:\/\/ledsolintel.com\/wp-content\/uploads\/2022\/10\/18001-Baliza-LED-NINA-75-cm-de-Sulion.jpg\",\"datePublished\":\"2022-10-17T15:40:30+00:00\",\"breadcrumb\":{\"@id\":\"https:\/\/ledsolintel.com\/product\/baliza-led-750mm-ip54-9w-nina\/#breadcrumb\"},\"inLanguage\":\"fr-FR\",\"potentialAction\":[{\"@type\":\"ReadAction\",\"target\":[\"https:\/\/ledsolintel.com\/product\/baliza-led-750mm-ip54-9w-nina\/\"]}]},{\"@type\":\"ImageObject\",\"inLanguage\":\"fr-FR\",\"@id\":\"https:\/\/ledsolintel.com\/product\/baliza-led-750mm-ip54-9w-nina\/#primaryimage\",\"url\":\"https:\/\/ledsolintel.com\/wp-content\/uploads\/2022\/10\/18001-Baliza-LED-NINA-75-cm-de-Sulion.jpg\",\"contentUrl\":\"https:\/\/ledsolintel.com\/wp-content\/uploads\/2022\/10\/18001-Baliza-LED-NINA-75-cm-de-Sulion.jpg\",\"caption\":\"Baliza LED NINA 75 cm de Sulion\"},{\"@type\":\"BreadcrumbList\",\"@id\":\"https:\/\/ledsolintel.com\/product\/baliza-led-750mm-ip54-9w-nina\/#breadcrumb\",\"itemListElement\":[{\"@type\":\"ListItem\",\"position\":1,\"name\":\"Portada\",\"item\":\"https:\/\/ledsolintel.com\/fr\/\"},{\"@type\":\"ListItem\",\"position\":2,\"name\":\"Tienda\",\"item\":\"https:\/\/ledsolintel.com\/tienda\/\"},{\"@type\":\"ListItem\",\"position\":3,\"name\":\"Baliza LED NINA 75 cm de Sulion\"}]},{\"@type\":\"WebSite\",\"@id\":\"https:\/\/ledsolintel.com\/#website\",\"url\":\"https:\/\/ledsolintel.com\/\",\"name\":\"Webmenaje\",\"description\":\"Tienda de bombillas y l\u00e1mparas LED para profesionales\",\"publisher\":{\"@id\":\"https:\/\/ledsolintel.com\/#organization\"},\"potentialAction\":[{\"@type\":\"SearchAction\",\"target\":{\"@type\":\"EntryPoint\",\"urlTemplate\":\"https:\/\/ledsolintel.com\/?s={search_term_string}\"},\"query-input\":{\"@type\":\"PropertyValueSpecification\",\"valueRequired\":true,\"valueName\":\"search_term_string\"}}],\"inLanguage\":\"fr-FR\"},{\"@type\":\"Organization\",\"@id\":\"https:\/\/ledsolintel.com\/#organization\",\"name\":\"Solintel Noroeste, S.L.\",\"url\":\"https:\/\/ledsolintel.com\/\",\"logo\":{\"@type\":\"ImageObject\",\"inLanguage\":\"fr-FR\",\"@id\":\"https:\/\/ledsolintel.com\/#\/schema\/logo\/image\/\",\"url\":\"https:\/\/ledsolintel.com\/wp-content\/uploads\/2024\/11\/webmenaje-logo-1508269066.jpg\",\"contentUrl\":\"https:\/\/ledsolintel.com\/wp-content\/uploads\/2024\/11\/webmenaje-logo-1508269066.jpg\",\"width\":370,\"height\":90,\"caption\":\"Solintel Noroeste, S.L.\"},\"image\":{\"@id\":\"https:\/\/ledsolintel.com\/#\/schema\/logo\/image\/\"},\"sameAs\":[\"http:\/\/www.facebook.com\/webmenaje\",\"https:\/\/x.com\/webmenaje\",\"https:\/\/www.youtube.com\/channel\/UCX2KoVoeCG4LocZjUc6LmSQ\",\"http:\/\/www.pinterest.com\/webmenaje\"]}]}<\/script>\n<!-- \/ Yoast SEO plugin. -->","yoast_head_json":{"title":"Baliza LED NINA 75 cm de Sulion - Ledsolintel","robots":{"index":"index","follow":"follow","max-snippet":"max-snippet:-1","max-image-preview":"max-image-preview:large","max-video-preview":"max-video-preview:-1"},"canonical":"https:\/\/ledsolintel.com\/fr\/produit-2\/baliza-led-750mm-ip54-9w-nina\/","og_locale":"fr_FR","og_type":"article","og_title":"Baliza LED NINA 75 cm de Sulion - Ledsolintel","og_description":"Baliza LED NINA 75 cm de Sulion. 9W, iluminaci\u00f3n eficiente para jardines y exteriores.","og_url":"https:\/\/ledsolintel.com\/fr\/produit-2\/baliza-led-750mm-ip54-9w-nina\/","og_site_name":"Ledsolintel","article_publisher":"http:\/\/www.facebook.com\/webmenaje","og_image":[{"url":"https:\/\/ledsolintel.com\/wp-content\/uploads\/2022\/10\/18001-Baliza-LED-NINA-75-cm-de-Sulion.jpg","width":1,"height":1,"type":"image\/jpeg"}],"twitter_card":"summary_large_image","twitter_site":"@webmenaje","schema":{"@context":"https:\/\/schema.org","@graph":[{"@type":"WebPage","@id":"https:\/\/ledsolintel.com\/product\/baliza-led-750mm-ip54-9w-nina\/","url":"https:\/\/ledsolintel.com\/product\/baliza-led-750mm-ip54-9w-nina\/","name":"Baliza LED NINA 75 cm de Sulion - Ledsolintel","isPartOf":{"@id":"https:\/\/ledsolintel.com\/#website"},"primaryImageOfPage":{"@id":"https:\/\/ledsolintel.com\/product\/baliza-led-750mm-ip54-9w-nina\/#primaryimage"},"image":{"@id":"https:\/\/ledsolintel.com\/product\/baliza-led-750mm-ip54-9w-nina\/#primaryimage"},"thumbnailUrl":"https:\/\/ledsolintel.com\/wp-content\/uploads\/2022\/10\/18001-Baliza-LED-NINA-75-cm-de-Sulion.jpg","datePublished":"2022-10-17T15:40:30+00:00","breadcrumb":{"@id":"https:\/\/ledsolintel.com\/product\/baliza-led-750mm-ip54-9w-nina\/#breadcrumb"},"inLanguage":"fr-FR","potentialAction":[{"@type":"ReadAction","target":["https:\/\/ledsolintel.com\/product\/baliza-led-750mm-ip54-9w-nina\/"]}]},{"@type":"ImageObject","inLanguage":"fr-FR","@id":"https:\/\/ledsolintel.com\/product\/baliza-led-750mm-ip54-9w-nina\/#primaryimage","url":"https:\/\/ledsolintel.com\/wp-content\/uploads\/2022\/10\/18001-Baliza-LED-NINA-75-cm-de-Sulion.jpg","contentUrl":"https:\/\/ledsolintel.com\/wp-content\/uploads\/2022\/10\/18001-Baliza-LED-NINA-75-cm-de-Sulion.jpg","caption":"Baliza LED NINA 75 cm de Sulion"},{"@type":"BreadcrumbList","@id":"https:\/\/ledsolintel.com\/product\/baliza-led-750mm-ip54-9w-nina\/#breadcrumb","itemListElement":[{"@type":"ListItem","position":1,"name":"Portada","item":"https:\/\/ledsolintel.com\/fr\/"},{"@type":"ListItem","position":2,"name":"Tienda","item":"https:\/\/ledsolintel.com\/tienda\/"},{"@type":"ListItem","position":3,"name":"Baliza LED NINA 75 cm de Sulion"}]},{"@type":"WebSite","@id":"https:\/\/ledsolintel.com\/#website","url":"https:\/\/ledsolintel.com\/","name":"Webmenaje","description":"Magasin d'ampoules et de lampes LED pour les professionnels","publisher":{"@id":"https:\/\/ledsolintel.com\/#organization"},"potentialAction":[{"@type":"SearchAction","target":{"@type":"EntryPoint","urlTemplate":"https:\/\/ledsolintel.com\/?s={search_term_string}"},"query-input":{"@type":"PropertyValueSpecification","valueRequired":true,"valueName":"search_term_string"}}],"inLanguage":"fr-FR"},{"@type":"Organization","@id":"https:\/\/ledsolintel.com\/#organization","name":"Solintel Noroeste, S.L.","url":"https:\/\/ledsolintel.com\/","logo":{"@type":"ImageObject","inLanguage":"fr-FR","@id":"https:\/\/ledsolintel.com\/#\/schema\/logo\/image\/","url":"https:\/\/ledsolintel.com\/wp-content\/uploads\/2024\/11\/webmenaje-logo-1508269066.jpg","contentUrl":"https:\/\/ledsolintel.com\/wp-content\/uploads\/2024\/11\/webmenaje-logo-1508269066.jpg","width":370,"height":90,"caption":"Solintel Noroeste, S.L."},"image":{"@id":"https:\/\/ledsolintel.com\/#\/schema\/logo\/image\/"},"sameAs":["http:\/\/www.facebook.com\/webmenaje","https:\/\/x.com\/webmenaje","https:\/\/www.youtube.com\/channel\/UCX2KoVoeCG4LocZjUc6LmSQ","http:\/\/www.pinterest.com\/webmenaje"]}]}},"_links":{"self":[{"href":"https:\/\/ledsolintel.com\/fr\/wp-json\/wp\/v2\/product\/245658","targetHints":{"allow":["GET"]}}],"collection":[{"href":"https:\/\/ledsolintel.com\/fr\/wp-json\/wp\/v2\/product"}],"about":[{"href":"https:\/\/ledsolintel.com\/fr\/wp-json\/wp\/v2\/types\/product"}],"version-history":[{"count":0,"href":"https:\/\/ledsolintel.com\/fr\/wp-json\/wp\/v2\/product\/245658\/revisions"}],"wp:featuredmedia":[{"embeddable":true,"href":"https:\/\/ledsolintel.com\/fr\/wp-json\/wp\/v2\/media\/245653"}],"wp:attachment":[{"href":"https:\/\/ledsolintel.com\/fr\/wp-json\/wp\/v2\/media?parent=245658"}],"wp:term":[{"taxonomy":"product_brand","embeddable":true,"href":"https:\/\/ledsolintel.com\/fr\/wp-json\/wp\/v2\/product_brand?post=245658"},{"taxonomy":"product_cat","embeddable":true,"href":"https:\/\/ledsolintel.com\/fr\/wp-json\/wp\/v2\/product_cat?post=245658"},{"taxonomy":"product_tag","embeddable":true,"href":"https:\/\/ledsolintel.com\/fr\/wp-json\/wp\/v2\/product_tag?post=245658"}],"curies":[{"name":"wp","href":"https:\/\/api.w.org\/{rel}","templated":true}]}}