{"id":245646,"date":"2022-10-17T17:40:30","date_gmt":"2022-10-17T15:40:30","guid":{"rendered":"https:\/\/nueva.ledsolintel.com\/product\/aplique-led-ip54-9w-nina\/"},"modified":"2022-10-17T17:40:30","modified_gmt":"2022-10-17T15:40:30","slug":"aplique-led-ip54-9w-nina","status":"publish","type":"product","link":"https:\/\/ledsolintel.com\/fr\/produit-2\/aplique-led-ip54-9w-nina\/","title":{"rendered":"Sulion NINA Applique LED 9W"},"content":{"rendered":"<p>Aplique de la familia Nina con estructura cil\u00edndrica, tiene una luz bidireccional e indirectas. Su dise\u00f1o moderno y su efecto lum\u00ednico hacen que la luminaria encaje perfectamente en cualquier jard\u00edn o zona de paso.<\/p>","protected":false},"excerpt":{"rendered":"<p>Aplique para exterior LED NINA 9W de Sulion. Protegido contra el agua, para iluminaci\u00f3n de fachadas y terrazas.<\/p>","protected":false},"featured_media":245641,"template":"","meta":[],"product_brand":[99383],"product_cat":[99603,99575],"product_tag":[],"class_list":{"0":"post-245646","1":"product","2":"type-product","3":"status-publish","4":"has-post-thumbnail","6":"product_brand-sulion","7":"product_cat-apliques-para-exterior","8":"product_cat-iluminacion-para-jardines-y-exteriores","9":"pa_bombilla-integrada","10":"pa_cct-3000k","11":"pa_clase-i","12":"pa_cri-101172","13":"pa_cuerpo-metal","14":"pa_difusor-cristal","15":"pa_frecuencia-50_60hz","16":"pa_luminosidad-600lm","17":"pa_optica-101176","18":"pa_potencia-9w","19":"pa_proteccionik-ik06","20":"pa_proteccionip-ip54","21":"pa_vidautil-20000h","22":"pa_voltaje-100_240v","25":"instock","26":"taxable","27":"shipping-taxable","28":"purchasable","29":"product-type-simple"},"yoast_head":"<!-- This site is optimized with the Yoast SEO plugin v27.4 - https:\/\/yoast.com\/product\/yoast-seo-wordpress\/ -->\n<title>Aplique exterior LED NINA 9W de Sulion<\/title>\n<meta name=\"description\" content=\"Aplique para exterior LED NINA 9W de Sulion. Protegido contra el agua, para iluminaci\u00f3n de fachadas y terrazas.\" \/>\n<meta name=\"robots\" content=\"index, follow, max-snippet:-1, max-image-preview:large, max-video-preview:-1\" \/>\n<link rel=\"canonical\" href=\"https:\/\/ledsolintel.com\/fr\/produit-2\/aplique-led-ip54-9w-nina\/\" \/>\n<meta property=\"og:locale\" content=\"fr_FR\" \/>\n<meta property=\"og:type\" content=\"article\" \/>\n<meta property=\"og:title\" content=\"Aplique exterior LED NINA 9W de Sulion\" \/>\n<meta property=\"og:description\" content=\"Aplique para exterior LED NINA 9W de Sulion. Protegido contra el agua, para iluminaci\u00f3n de fachadas y terrazas.\" \/>\n<meta property=\"og:url\" content=\"https:\/\/ledsolintel.com\/fr\/produit-2\/aplique-led-ip54-9w-nina\/\" \/>\n<meta property=\"og:site_name\" content=\"Ledsolintel\" \/>\n<meta property=\"article:publisher\" content=\"http:\/\/www.facebook.com\/webmenaje\" \/>\n<meta property=\"og:image\" content=\"https:\/\/ledsolintel.com\/wp-content\/uploads\/2022\/10\/17979-Aplique-LED-NINA-9W-de-Sulion.jpg\" \/>\n\t<meta property=\"og:image:width\" content=\"1\" \/>\n\t<meta property=\"og:image:height\" content=\"1\" \/>\n\t<meta property=\"og:image:type\" content=\"image\/jpeg\" \/>\n<meta name=\"twitter:card\" content=\"summary_large_image\" \/>\n<meta name=\"twitter:site\" content=\"@webmenaje\" \/>\n<script type=\"application\/ld+json\" class=\"yoast-schema-graph\">{\"@context\":\"https:\\\/\\\/schema.org\",\"@graph\":[{\"@type\":\"WebPage\",\"@id\":\"https:\\\/\\\/ledsolintel.com\\\/product\\\/aplique-led-ip54-9w-nina\\\/\",\"url\":\"https:\\\/\\\/ledsolintel.com\\\/product\\\/aplique-led-ip54-9w-nina\\\/\",\"name\":\"Aplique exterior LED NINA 9W de Sulion\",\"isPartOf\":{\"@id\":\"https:\\\/\\\/ledsolintel.com\\\/#website\"},\"primaryImageOfPage\":{\"@id\":\"https:\\\/\\\/ledsolintel.com\\\/product\\\/aplique-led-ip54-9w-nina\\\/#primaryimage\"},\"image\":{\"@id\":\"https:\\\/\\\/ledsolintel.com\\\/product\\\/aplique-led-ip54-9w-nina\\\/#primaryimage\"},\"thumbnailUrl\":\"https:\\\/\\\/ledsolintel.com\\\/wp-content\\\/uploads\\\/2022\\\/10\\\/17979-Aplique-LED-NINA-9W-de-Sulion.jpg\",\"datePublished\":\"2022-10-17T15:40:30+00:00\",\"description\":\"Aplique para exterior LED NINA 9W de Sulion. Protegido contra el agua, para iluminaci\u00f3n de fachadas y terrazas.\",\"breadcrumb\":{\"@id\":\"https:\\\/\\\/ledsolintel.com\\\/product\\\/aplique-led-ip54-9w-nina\\\/#breadcrumb\"},\"inLanguage\":\"fr-FR\",\"potentialAction\":[{\"@type\":\"ReadAction\",\"target\":[\"https:\\\/\\\/ledsolintel.com\\\/product\\\/aplique-led-ip54-9w-nina\\\/\"]}]},{\"@type\":\"ImageObject\",\"inLanguage\":\"fr-FR\",\"@id\":\"https:\\\/\\\/ledsolintel.com\\\/product\\\/aplique-led-ip54-9w-nina\\\/#primaryimage\",\"url\":\"https:\\\/\\\/ledsolintel.com\\\/wp-content\\\/uploads\\\/2022\\\/10\\\/17979-Aplique-LED-NINA-9W-de-Sulion.jpg\",\"contentUrl\":\"https:\\\/\\\/ledsolintel.com\\\/wp-content\\\/uploads\\\/2022\\\/10\\\/17979-Aplique-LED-NINA-9W-de-Sulion.jpg\",\"caption\":\"Aplique LED NINA 9W de Sulion\"},{\"@type\":\"BreadcrumbList\",\"@id\":\"https:\\\/\\\/ledsolintel.com\\\/product\\\/aplique-led-ip54-9w-nina\\\/#breadcrumb\",\"itemListElement\":[{\"@type\":\"ListItem\",\"position\":1,\"name\":\"Portada\",\"item\":\"https:\\\/\\\/ledsolintel.com\\\/fr\\\/\"},{\"@type\":\"ListItem\",\"position\":2,\"name\":\"Tienda\",\"item\":\"https:\\\/\\\/ledsolintel.com\\\/tienda\\\/\"},{\"@type\":\"ListItem\",\"position\":3,\"name\":\"Aplique LED NINA 9W de Sulion\"}]},{\"@type\":\"WebSite\",\"@id\":\"https:\\\/\\\/ledsolintel.com\\\/#website\",\"url\":\"https:\\\/\\\/ledsolintel.com\\\/\",\"name\":\"Webmenaje\",\"description\":\"Tienda de bombillas y l\u00e1mparas LED para profesionales\",\"publisher\":{\"@id\":\"https:\\\/\\\/ledsolintel.com\\\/#organization\"},\"potentialAction\":[{\"@type\":\"SearchAction\",\"target\":{\"@type\":\"EntryPoint\",\"urlTemplate\":\"https:\\\/\\\/ledsolintel.com\\\/?s={search_term_string}\"},\"query-input\":{\"@type\":\"PropertyValueSpecification\",\"valueRequired\":true,\"valueName\":\"search_term_string\"}}],\"inLanguage\":\"fr-FR\"},{\"@type\":\"Organization\",\"@id\":\"https:\\\/\\\/ledsolintel.com\\\/#organization\",\"name\":\"Solintel Noroeste, S.L.\",\"url\":\"https:\\\/\\\/ledsolintel.com\\\/\",\"logo\":{\"@type\":\"ImageObject\",\"inLanguage\":\"fr-FR\",\"@id\":\"https:\\\/\\\/ledsolintel.com\\\/#\\\/schema\\\/logo\\\/image\\\/\",\"url\":\"https:\\\/\\\/ledsolintel.com\\\/wp-content\\\/uploads\\\/2024\\\/11\\\/webmenaje-logo-1508269066.jpg\",\"contentUrl\":\"https:\\\/\\\/ledsolintel.com\\\/wp-content\\\/uploads\\\/2024\\\/11\\\/webmenaje-logo-1508269066.jpg\",\"width\":370,\"height\":90,\"caption\":\"Solintel Noroeste, S.L.\"},\"image\":{\"@id\":\"https:\\\/\\\/ledsolintel.com\\\/#\\\/schema\\\/logo\\\/image\\\/\"},\"sameAs\":[\"http:\\\/\\\/www.facebook.com\\\/webmenaje\",\"https:\\\/\\\/x.com\\\/webmenaje\",\"https:\\\/\\\/www.youtube.com\\\/channel\\\/UCX2KoVoeCG4LocZjUc6LmSQ\",\"http:\\\/\\\/www.pinterest.com\\\/webmenaje\"]}]}<\/script>\n<!-- \/ Yoast SEO plugin. -->","yoast_head_json":{"title":"Aplique exterior LED NINA 9W de Sulion","description":"Aplique para exterior LED NINA 9W de Sulion. Protegido contra el agua, para iluminaci\u00f3n de fachadas y terrazas.","robots":{"index":"index","follow":"follow","max-snippet":"max-snippet:-1","max-image-preview":"max-image-preview:large","max-video-preview":"max-video-preview:-1"},"canonical":"https:\/\/ledsolintel.com\/fr\/produit-2\/aplique-led-ip54-9w-nina\/","og_locale":"fr_FR","og_type":"article","og_title":"Aplique exterior LED NINA 9W de Sulion","og_description":"Aplique para exterior LED NINA 9W de Sulion. Protegido contra el agua, para iluminaci\u00f3n de fachadas y terrazas.","og_url":"https:\/\/ledsolintel.com\/fr\/produit-2\/aplique-led-ip54-9w-nina\/","og_site_name":"Ledsolintel","article_publisher":"http:\/\/www.facebook.com\/webmenaje","og_image":[{"url":"https:\/\/ledsolintel.com\/wp-content\/uploads\/2022\/10\/17979-Aplique-LED-NINA-9W-de-Sulion.jpg","width":1,"height":1,"type":"image\/jpeg"}],"twitter_card":"summary_large_image","twitter_site":"@webmenaje","schema":{"@context":"https:\/\/schema.org","@graph":[{"@type":"WebPage","@id":"https:\/\/ledsolintel.com\/product\/aplique-led-ip54-9w-nina\/","url":"https:\/\/ledsolintel.com\/product\/aplique-led-ip54-9w-nina\/","name":"Aplique exterior LED NINA 9W de Sulion","isPartOf":{"@id":"https:\/\/ledsolintel.com\/#website"},"primaryImageOfPage":{"@id":"https:\/\/ledsolintel.com\/product\/aplique-led-ip54-9w-nina\/#primaryimage"},"image":{"@id":"https:\/\/ledsolintel.com\/product\/aplique-led-ip54-9w-nina\/#primaryimage"},"thumbnailUrl":"https:\/\/ledsolintel.com\/wp-content\/uploads\/2022\/10\/17979-Aplique-LED-NINA-9W-de-Sulion.jpg","datePublished":"2022-10-17T15:40:30+00:00","description":"Aplique para exterior LED NINA 9W de Sulion. Protegido contra el agua, para iluminaci\u00f3n de fachadas y terrazas.","breadcrumb":{"@id":"https:\/\/ledsolintel.com\/product\/aplique-led-ip54-9w-nina\/#breadcrumb"},"inLanguage":"fr-FR","potentialAction":[{"@type":"ReadAction","target":["https:\/\/ledsolintel.com\/product\/aplique-led-ip54-9w-nina\/"]}]},{"@type":"ImageObject","inLanguage":"fr-FR","@id":"https:\/\/ledsolintel.com\/product\/aplique-led-ip54-9w-nina\/#primaryimage","url":"https:\/\/ledsolintel.com\/wp-content\/uploads\/2022\/10\/17979-Aplique-LED-NINA-9W-de-Sulion.jpg","contentUrl":"https:\/\/ledsolintel.com\/wp-content\/uploads\/2022\/10\/17979-Aplique-LED-NINA-9W-de-Sulion.jpg","caption":"Aplique LED NINA 9W de Sulion"},{"@type":"BreadcrumbList","@id":"https:\/\/ledsolintel.com\/product\/aplique-led-ip54-9w-nina\/#breadcrumb","itemListElement":[{"@type":"ListItem","position":1,"name":"Portada","item":"https:\/\/ledsolintel.com\/fr\/"},{"@type":"ListItem","position":2,"name":"Tienda","item":"https:\/\/ledsolintel.com\/tienda\/"},{"@type":"ListItem","position":3,"name":"Aplique LED NINA 9W de Sulion"}]},{"@type":"WebSite","@id":"https:\/\/ledsolintel.com\/#website","url":"https:\/\/ledsolintel.com\/","name":"Webmenaje","description":"Magasin d'ampoules et de lampes LED pour les professionnels","publisher":{"@id":"https:\/\/ledsolintel.com\/#organization"},"potentialAction":[{"@type":"SearchAction","target":{"@type":"EntryPoint","urlTemplate":"https:\/\/ledsolintel.com\/?s={search_term_string}"},"query-input":{"@type":"PropertyValueSpecification","valueRequired":true,"valueName":"search_term_string"}}],"inLanguage":"fr-FR"},{"@type":"Organization","@id":"https:\/\/ledsolintel.com\/#organization","name":"Solintel Noroeste, S.L.","url":"https:\/\/ledsolintel.com\/","logo":{"@type":"ImageObject","inLanguage":"fr-FR","@id":"https:\/\/ledsolintel.com\/#\/schema\/logo\/image\/","url":"https:\/\/ledsolintel.com\/wp-content\/uploads\/2024\/11\/webmenaje-logo-1508269066.jpg","contentUrl":"https:\/\/ledsolintel.com\/wp-content\/uploads\/2024\/11\/webmenaje-logo-1508269066.jpg","width":370,"height":90,"caption":"Solintel Noroeste, S.L."},"image":{"@id":"https:\/\/ledsolintel.com\/#\/schema\/logo\/image\/"},"sameAs":["http:\/\/www.facebook.com\/webmenaje","https:\/\/x.com\/webmenaje","https:\/\/www.youtube.com\/channel\/UCX2KoVoeCG4LocZjUc6LmSQ","http:\/\/www.pinterest.com\/webmenaje"]}]}},"_links":{"self":[{"href":"https:\/\/ledsolintel.com\/fr\/wp-json\/wp\/v2\/product\/245646","targetHints":{"allow":["GET"]}}],"collection":[{"href":"https:\/\/ledsolintel.com\/fr\/wp-json\/wp\/v2\/product"}],"about":[{"href":"https:\/\/ledsolintel.com\/fr\/wp-json\/wp\/v2\/types\/product"}],"version-history":[{"count":0,"href":"https:\/\/ledsolintel.com\/fr\/wp-json\/wp\/v2\/product\/245646\/revisions"}],"wp:featuredmedia":[{"embeddable":true,"href":"https:\/\/ledsolintel.com\/fr\/wp-json\/wp\/v2\/media\/245641"}],"wp:attachment":[{"href":"https:\/\/ledsolintel.com\/fr\/wp-json\/wp\/v2\/media?parent=245646"}],"wp:term":[{"taxonomy":"product_brand","embeddable":true,"href":"https:\/\/ledsolintel.com\/fr\/wp-json\/wp\/v2\/product_brand?post=245646"},{"taxonomy":"product_cat","embeddable":true,"href":"https:\/\/ledsolintel.com\/fr\/wp-json\/wp\/v2\/product_cat?post=245646"},{"taxonomy":"product_tag","embeddable":true,"href":"https:\/\/ledsolintel.com\/fr\/wp-json\/wp\/v2\/product_tag?post=245646"}],"curies":[{"name":"wp","href":"https:\/\/api.w.org\/{rel}","templated":true}]}}