{"id":245629,"date":"2022-10-17T17:40:30","date_gmt":"2022-10-17T15:40:30","guid":{"rendered":"https:\/\/nueva.ledsolintel.com\/product\/aplique-led-tisa-12w-de-sulion\/"},"modified":"2022-10-17T17:40:30","modified_gmt":"2022-10-17T15:40:30","slug":"sulion-led-wall-lamp-tisa-12w","status":"publish","type":"product","link":"https:\/\/ledsolintel.com\/fr\/produit-2\/sulion-led-wall-lamp-tisa-12w\/","title":{"rendered":"Sulion TISA Applique LED 12W"},"content":{"rendered":"<p>Applique murale \u00e0 haute efficacit\u00e9 au design moderne. Elle \u00e9met de la lumi\u00e8re vers le bas, cr\u00e9ant un effet mural tr\u00e8s attrayant. Gr\u00e2ce \u00e0 son indice de protection IP65, elle peut \u00eatre install\u00e9e dans un grand nombre d'espaces ext\u00e9rieurs.<\/p>","protected":false},"excerpt":{"rendered":"<p>Sulion TISA Applique LED 12W. Design simple et minimaliste. Eclairage ext\u00e9rieur \u00e9tanche pour fa\u00e7ades et terrasses.<\/p>","protected":false},"featured_media":245624,"template":"","meta":[],"product_brand":[99383],"product_cat":[99603,99575],"product_tag":[],"class_list":{"0":"post-245629","1":"product","2":"type-product","3":"status-publish","4":"has-post-thumbnail","6":"product_brand-sulion","7":"product_cat-apliques-para-exterior","8":"product_cat-iluminacion-para-jardines-y-exteriores","9":"pa_acabado-corten","10":"pa_acabado-gris","11":"pa_acabado-grisantracita","12":"pa_cct-3000k","13":"pa_cct-4000k","16":"instock","17":"taxable","18":"shipping-taxable","19":"purchasable","20":"product-type-variable","21":"has-default-attributes"},"yoast_head":"<!-- This site is optimized with the Yoast SEO plugin v27.4 - https:\/\/yoast.com\/product\/yoast-seo-wordpress\/ -->\n<title>Aplique LED TISA 12W de Sulion<\/title>\n<meta name=\"description\" content=\"Aplique LED TISA 12W de Sulion. Dise\u00f1o sencillo y minimalista. Protegido contra el agua, iluminaci\u00f3n exterior para fachadas y terrazas.\" \/>\n<meta name=\"robots\" content=\"index, follow, max-snippet:-1, max-image-preview:large, max-video-preview:-1\" \/>\n<link rel=\"canonical\" href=\"https:\/\/ledsolintel.com\/fr\/produit-2\/sulion-led-wall-lamp-tisa-12w\/\" \/>\n<meta property=\"og:locale\" content=\"fr_FR\" \/>\n<meta property=\"og:type\" content=\"article\" \/>\n<meta property=\"og:title\" content=\"Aplique LED TISA 12W de Sulion\" \/>\n<meta property=\"og:description\" content=\"Aplique LED TISA 12W de Sulion. Dise\u00f1o sencillo y minimalista. Protegido contra el agua, iluminaci\u00f3n exterior para fachadas y terrazas.\" \/>\n<meta property=\"og:url\" content=\"https:\/\/ledsolintel.com\/fr\/produit-2\/sulion-led-wall-lamp-tisa-12w\/\" \/>\n<meta property=\"og:site_name\" content=\"Ledsolintel\" \/>\n<meta property=\"article:publisher\" content=\"http:\/\/www.facebook.com\/webmenaje\" \/>\n<meta property=\"og:image\" content=\"https:\/\/ledsolintel.com\/wp-content\/uploads\/2022\/10\/17856-Aplique-LED-TISA-12W-de-Sulion.jpg\" \/>\n\t<meta property=\"og:image:width\" content=\"1\" \/>\n\t<meta property=\"og:image:height\" content=\"1\" \/>\n\t<meta property=\"og:image:type\" content=\"image\/jpeg\" \/>\n<meta name=\"twitter:card\" content=\"summary_large_image\" \/>\n<meta name=\"twitter:site\" content=\"@webmenaje\" \/>\n<script type=\"application\/ld+json\" class=\"yoast-schema-graph\">{\"@context\":\"https:\\\/\\\/schema.org\",\"@graph\":[{\"@type\":\"WebPage\",\"@id\":\"https:\\\/\\\/ledsolintel.com\\\/product\\\/aplique-led-tisa-12w-de-sulion\\\/\",\"url\":\"https:\\\/\\\/ledsolintel.com\\\/product\\\/aplique-led-tisa-12w-de-sulion\\\/\",\"name\":\"Aplique LED TISA 12W de Sulion\",\"isPartOf\":{\"@id\":\"https:\\\/\\\/ledsolintel.com\\\/#website\"},\"primaryImageOfPage\":{\"@id\":\"https:\\\/\\\/ledsolintel.com\\\/product\\\/aplique-led-tisa-12w-de-sulion\\\/#primaryimage\"},\"image\":{\"@id\":\"https:\\\/\\\/ledsolintel.com\\\/product\\\/aplique-led-tisa-12w-de-sulion\\\/#primaryimage\"},\"thumbnailUrl\":\"https:\\\/\\\/ledsolintel.com\\\/wp-content\\\/uploads\\\/2022\\\/10\\\/17856-Aplique-LED-TISA-12W-de-Sulion.jpg\",\"datePublished\":\"2022-10-17T15:40:30+00:00\",\"description\":\"Aplique LED TISA 12W de Sulion. Dise\u00f1o sencillo y minimalista. Protegido contra el agua, iluminaci\u00f3n exterior para fachadas y terrazas.\",\"breadcrumb\":{\"@id\":\"https:\\\/\\\/ledsolintel.com\\\/product\\\/aplique-led-tisa-12w-de-sulion\\\/#breadcrumb\"},\"inLanguage\":\"fr-FR\",\"potentialAction\":[{\"@type\":\"ReadAction\",\"target\":[\"https:\\\/\\\/ledsolintel.com\\\/product\\\/aplique-led-tisa-12w-de-sulion\\\/\"]}]},{\"@type\":\"ImageObject\",\"inLanguage\":\"fr-FR\",\"@id\":\"https:\\\/\\\/ledsolintel.com\\\/product\\\/aplique-led-tisa-12w-de-sulion\\\/#primaryimage\",\"url\":\"https:\\\/\\\/ledsolintel.com\\\/wp-content\\\/uploads\\\/2022\\\/10\\\/17856-Aplique-LED-TISA-12W-de-Sulion.jpg\",\"contentUrl\":\"https:\\\/\\\/ledsolintel.com\\\/wp-content\\\/uploads\\\/2022\\\/10\\\/17856-Aplique-LED-TISA-12W-de-Sulion.jpg\",\"caption\":\"Aplique LED TISA 12W de Sulion\"},{\"@type\":\"BreadcrumbList\",\"@id\":\"https:\\\/\\\/ledsolintel.com\\\/product\\\/aplique-led-tisa-12w-de-sulion\\\/#breadcrumb\",\"itemListElement\":[{\"@type\":\"ListItem\",\"position\":1,\"name\":\"Portada\",\"item\":\"https:\\\/\\\/ledsolintel.com\\\/fr\\\/\"},{\"@type\":\"ListItem\",\"position\":2,\"name\":\"Tienda\",\"item\":\"https:\\\/\\\/ledsolintel.com\\\/tienda\\\/\"},{\"@type\":\"ListItem\",\"position\":3,\"name\":\"Aplique LED TISA 12W de Sulion\"}]},{\"@type\":\"WebSite\",\"@id\":\"https:\\\/\\\/ledsolintel.com\\\/#website\",\"url\":\"https:\\\/\\\/ledsolintel.com\\\/\",\"name\":\"Webmenaje\",\"description\":\"Tienda de bombillas y l\u00e1mparas LED para profesionales\",\"publisher\":{\"@id\":\"https:\\\/\\\/ledsolintel.com\\\/#organization\"},\"potentialAction\":[{\"@type\":\"SearchAction\",\"target\":{\"@type\":\"EntryPoint\",\"urlTemplate\":\"https:\\\/\\\/ledsolintel.com\\\/?s={search_term_string}\"},\"query-input\":{\"@type\":\"PropertyValueSpecification\",\"valueRequired\":true,\"valueName\":\"search_term_string\"}}],\"inLanguage\":\"fr-FR\"},{\"@type\":\"Organization\",\"@id\":\"https:\\\/\\\/ledsolintel.com\\\/#organization\",\"name\":\"Solintel Noroeste, S.L.\",\"url\":\"https:\\\/\\\/ledsolintel.com\\\/\",\"logo\":{\"@type\":\"ImageObject\",\"inLanguage\":\"fr-FR\",\"@id\":\"https:\\\/\\\/ledsolintel.com\\\/#\\\/schema\\\/logo\\\/image\\\/\",\"url\":\"https:\\\/\\\/ledsolintel.com\\\/wp-content\\\/uploads\\\/2024\\\/11\\\/webmenaje-logo-1508269066.jpg\",\"contentUrl\":\"https:\\\/\\\/ledsolintel.com\\\/wp-content\\\/uploads\\\/2024\\\/11\\\/webmenaje-logo-1508269066.jpg\",\"width\":370,\"height\":90,\"caption\":\"Solintel Noroeste, S.L.\"},\"image\":{\"@id\":\"https:\\\/\\\/ledsolintel.com\\\/#\\\/schema\\\/logo\\\/image\\\/\"},\"sameAs\":[\"http:\\\/\\\/www.facebook.com\\\/webmenaje\",\"https:\\\/\\\/x.com\\\/webmenaje\",\"https:\\\/\\\/www.youtube.com\\\/channel\\\/UCX2KoVoeCG4LocZjUc6LmSQ\",\"http:\\\/\\\/www.pinterest.com\\\/webmenaje\"]}]}<\/script>\n<!-- \/ Yoast SEO plugin. -->","yoast_head_json":{"title":"Sulion TISA Applique LED 12W","description":"Sulion TISA Applique LED 12W. Design simple et minimaliste. Eclairage ext\u00e9rieur \u00e9tanche pour fa\u00e7ades et terrasses.","robots":{"index":"index","follow":"follow","max-snippet":"max-snippet:-1","max-image-preview":"max-image-preview:large","max-video-preview":"max-video-preview:-1"},"canonical":"https:\/\/ledsolintel.com\/fr\/produit-2\/sulion-led-wall-lamp-tisa-12w\/","og_locale":"fr_FR","og_type":"article","og_title":"Aplique LED TISA 12W de Sulion","og_description":"Aplique LED TISA 12W de Sulion. Dise\u00f1o sencillo y minimalista. Protegido contra el agua, iluminaci\u00f3n exterior para fachadas y terrazas.","og_url":"https:\/\/ledsolintel.com\/fr\/produit-2\/sulion-led-wall-lamp-tisa-12w\/","og_site_name":"Ledsolintel","article_publisher":"http:\/\/www.facebook.com\/webmenaje","og_image":[{"url":"https:\/\/ledsolintel.com\/wp-content\/uploads\/2022\/10\/17856-Aplique-LED-TISA-12W-de-Sulion.jpg","width":1,"height":1,"type":"image\/jpeg"}],"twitter_card":"summary_large_image","twitter_site":"@webmenaje","schema":{"@context":"https:\/\/schema.org","@graph":[{"@type":"WebPage","@id":"https:\/\/ledsolintel.com\/product\/aplique-led-tisa-12w-de-sulion\/","url":"https:\/\/ledsolintel.com\/product\/aplique-led-tisa-12w-de-sulion\/","name":"Sulion TISA Applique LED 12W","isPartOf":{"@id":"https:\/\/ledsolintel.com\/#website"},"primaryImageOfPage":{"@id":"https:\/\/ledsolintel.com\/product\/aplique-led-tisa-12w-de-sulion\/#primaryimage"},"image":{"@id":"https:\/\/ledsolintel.com\/product\/aplique-led-tisa-12w-de-sulion\/#primaryimage"},"thumbnailUrl":"https:\/\/ledsolintel.com\/wp-content\/uploads\/2022\/10\/17856-Aplique-LED-TISA-12W-de-Sulion.jpg","datePublished":"2022-10-17T15:40:30+00:00","description":"Sulion TISA Applique LED 12W. Design simple et minimaliste. Eclairage ext\u00e9rieur \u00e9tanche pour fa\u00e7ades et terrasses.","breadcrumb":{"@id":"https:\/\/ledsolintel.com\/product\/aplique-led-tisa-12w-de-sulion\/#breadcrumb"},"inLanguage":"fr-FR","potentialAction":[{"@type":"ReadAction","target":["https:\/\/ledsolintel.com\/product\/aplique-led-tisa-12w-de-sulion\/"]}]},{"@type":"ImageObject","inLanguage":"fr-FR","@id":"https:\/\/ledsolintel.com\/product\/aplique-led-tisa-12w-de-sulion\/#primaryimage","url":"https:\/\/ledsolintel.com\/wp-content\/uploads\/2022\/10\/17856-Aplique-LED-TISA-12W-de-Sulion.jpg","contentUrl":"https:\/\/ledsolintel.com\/wp-content\/uploads\/2022\/10\/17856-Aplique-LED-TISA-12W-de-Sulion.jpg","caption":"Aplique LED TISA 12W de Sulion"},{"@type":"BreadcrumbList","@id":"https:\/\/ledsolintel.com\/product\/aplique-led-tisa-12w-de-sulion\/#breadcrumb","itemListElement":[{"@type":"ListItem","position":1,"name":"Portada","item":"https:\/\/ledsolintel.com\/fr\/"},{"@type":"ListItem","position":2,"name":"Tienda","item":"https:\/\/ledsolintel.com\/tienda\/"},{"@type":"ListItem","position":3,"name":"Aplique LED TISA 12W de Sulion"}]},{"@type":"WebSite","@id":"https:\/\/ledsolintel.com\/#website","url":"https:\/\/ledsolintel.com\/","name":"Webmenaje","description":"Magasin d'ampoules et de lampes LED pour les professionnels","publisher":{"@id":"https:\/\/ledsolintel.com\/#organization"},"potentialAction":[{"@type":"SearchAction","target":{"@type":"EntryPoint","urlTemplate":"https:\/\/ledsolintel.com\/?s={search_term_string}"},"query-input":{"@type":"PropertyValueSpecification","valueRequired":true,"valueName":"search_term_string"}}],"inLanguage":"fr-FR"},{"@type":"Organization","@id":"https:\/\/ledsolintel.com\/#organization","name":"Solintel Noroeste, S.L.","url":"https:\/\/ledsolintel.com\/","logo":{"@type":"ImageObject","inLanguage":"fr-FR","@id":"https:\/\/ledsolintel.com\/#\/schema\/logo\/image\/","url":"https:\/\/ledsolintel.com\/wp-content\/uploads\/2024\/11\/webmenaje-logo-1508269066.jpg","contentUrl":"https:\/\/ledsolintel.com\/wp-content\/uploads\/2024\/11\/webmenaje-logo-1508269066.jpg","width":370,"height":90,"caption":"Solintel Noroeste, S.L."},"image":{"@id":"https:\/\/ledsolintel.com\/#\/schema\/logo\/image\/"},"sameAs":["http:\/\/www.facebook.com\/webmenaje","https:\/\/x.com\/webmenaje","https:\/\/www.youtube.com\/channel\/UCX2KoVoeCG4LocZjUc6LmSQ","http:\/\/www.pinterest.com\/webmenaje"]}]}},"_links":{"self":[{"href":"https:\/\/ledsolintel.com\/fr\/wp-json\/wp\/v2\/product\/245629","targetHints":{"allow":["GET"]}}],"collection":[{"href":"https:\/\/ledsolintel.com\/fr\/wp-json\/wp\/v2\/product"}],"about":[{"href":"https:\/\/ledsolintel.com\/fr\/wp-json\/wp\/v2\/types\/product"}],"version-history":[{"count":0,"href":"https:\/\/ledsolintel.com\/fr\/wp-json\/wp\/v2\/product\/245629\/revisions"}],"wp:featuredmedia":[{"embeddable":true,"href":"https:\/\/ledsolintel.com\/fr\/wp-json\/wp\/v2\/media\/245624"}],"wp:attachment":[{"href":"https:\/\/ledsolintel.com\/fr\/wp-json\/wp\/v2\/media?parent=245629"}],"wp:term":[{"taxonomy":"product_brand","embeddable":true,"href":"https:\/\/ledsolintel.com\/fr\/wp-json\/wp\/v2\/product_brand?post=245629"},{"taxonomy":"product_cat","embeddable":true,"href":"https:\/\/ledsolintel.com\/fr\/wp-json\/wp\/v2\/product_cat?post=245629"},{"taxonomy":"product_tag","embeddable":true,"href":"https:\/\/ledsolintel.com\/fr\/wp-json\/wp\/v2\/product_tag?post=245629"}],"curies":[{"name":"wp","href":"https:\/\/api.w.org\/{rel}","templated":true}]}}