{"id":245575,"date":"2022-10-17T17:06:20","date_gmt":"2022-10-17T15:06:20","guid":{"rendered":"https:\/\/nueva.ledsolintel.com\/product\/empotrable-mini-dotfix-3w-de-sulion\/"},"modified":"2022-10-17T17:06:20","modified_gmt":"2022-10-17T15:06:20","slug":"empotrable-mini-dotfix-3w-de-sulion","status":"publish","type":"product","link":"https:\/\/ledsolintel.com\/fr\/produit-2\/empotrable-mini-dotfix-3w-de-sulion\/","title":{"rendered":"Sulion DOTFIX 3W mini luminaire encastr\u00e9"},"content":{"rendered":"<p>Empotrable de la familia DOTFIX con acabado blanco mate y de dise\u00f1o compacto. Con su temperatura c\u00e1lida y su haz de luz muy focalizado, ideal para iluminar sin deslumbrar y pasar desapercebido gracias a sus dimensiones muy peque\u00f1as.<\/p>","protected":false},"excerpt":{"rendered":"<p>Empotrable mini DOTFIX 3W de Sulion. Iluminaci\u00f3n focalizada y de peque\u00f1o tama\u00f1o, para pasillos e iluminaci\u00f3n de detalles. Ideal para proyectos de arquitectura.<\/p>","protected":false},"featured_media":245569,"template":"","meta":[],"product_brand":[99383],"product_cat":[99697,99573,99679],"product_tag":[],"class_list":{"0":"post-245575","1":"product","2":"type-product","3":"status-publish","4":"has-post-thumbnail","6":"product_brand-sulion","7":"product_cat-downlights-de-empotrar","8":"product_cat-iluminacion-interior","9":"product_cat-lamparas-de-techo","10":"pa_acabado-blanco","11":"pa_acabado-negro","12":"pa_bombilla-integrada","13":"pa_cct-4000k","14":"pa_cct-2700k","15":"pa_clase-ii","16":"pa_cri-101174","17":"pa_cuerpo-aluminio","18":"pa_dimensiones-40x30mm","19":"pa_dimensioneshueco-35mm","20":"pa_frecuencia-50_60hz","21":"pa_luminosidad-150lm","22":"pa_optica-100946","23":"pa_optica-100969","24":"pa_optica-100970","25":"pa_potencia-3w","26":"pa_proteccionip-ip20","27":"pa_puntosdeluz-101122","28":"pa_regulacion-noregulable","29":"pa_vidautil-50000h","30":"pa_voltaje-220_240v","33":"instock","34":"taxable","35":"shipping-taxable","36":"purchasable","37":"product-type-variable","38":"has-default-attributes"},"yoast_head":"<!-- This site is optimized with the Yoast SEO plugin v26.6 - https:\/\/yoast.com\/wordpress\/plugins\/seo\/ -->\n<title>Empotrable mini DOTFIX 3W de Sulion<\/title>\n<meta name=\"description\" content=\"Empotrable mini DOTFIX 3W de Sulion. Iluminaci\u00f3n focalizada y de peque\u00f1o tama\u00f1o, para pasillos e iluminaci\u00f3n de detalles. Ideal para proyectos de arquitectura.\" \/>\n<meta name=\"robots\" content=\"index, follow, max-snippet:-1, max-image-preview:large, max-video-preview:-1\" \/>\n<link rel=\"canonical\" href=\"https:\/\/ledsolintel.com\/fr\/produit-2\/empotrable-mini-dotfix-3w-de-sulion\/\" \/>\n<meta property=\"og:locale\" content=\"fr_FR\" \/>\n<meta property=\"og:type\" content=\"article\" \/>\n<meta property=\"og:title\" content=\"Empotrable mini DOTFIX 3W de Sulion\" \/>\n<meta property=\"og:description\" content=\"Empotrable mini DOTFIX 3W de Sulion. Iluminaci\u00f3n focalizada y de peque\u00f1o tama\u00f1o, para pasillos e iluminaci\u00f3n de detalles. Ideal para proyectos de arquitectura.\" \/>\n<meta property=\"og:url\" content=\"https:\/\/ledsolintel.com\/fr\/produit-2\/empotrable-mini-dotfix-3w-de-sulion\/\" \/>\n<meta property=\"og:site_name\" content=\"Ledsolintel\" \/>\n<meta property=\"article:publisher\" content=\"http:\/\/www.facebook.com\/webmenaje\" \/>\n<meta property=\"og:image\" content=\"https:\/\/ledsolintel.com\/wp-content\/uploads\/2022\/10\/16898-Empotrable-mini-DOTFIX-3W-de-Sulion.jpg\" \/>\n\t<meta property=\"og:image:width\" content=\"1\" \/>\n\t<meta property=\"og:image:height\" content=\"1\" \/>\n\t<meta property=\"og:image:type\" content=\"image\/jpeg\" \/>\n<meta name=\"twitter:card\" content=\"summary_large_image\" \/>\n<meta name=\"twitter:site\" content=\"@webmenaje\" \/>\n<script type=\"application\/ld+json\" class=\"yoast-schema-graph\">{\"@context\":\"https:\/\/schema.org\",\"@graph\":[{\"@type\":\"WebPage\",\"@id\":\"https:\/\/ledsolintel.com\/product\/empotrable-mini-dotfix-3w-de-sulion\/\",\"url\":\"https:\/\/ledsolintel.com\/product\/empotrable-mini-dotfix-3w-de-sulion\/\",\"name\":\"Empotrable mini DOTFIX 3W de Sulion\",\"isPartOf\":{\"@id\":\"https:\/\/ledsolintel.com\/#website\"},\"primaryImageOfPage\":{\"@id\":\"https:\/\/ledsolintel.com\/product\/empotrable-mini-dotfix-3w-de-sulion\/#primaryimage\"},\"image\":{\"@id\":\"https:\/\/ledsolintel.com\/product\/empotrable-mini-dotfix-3w-de-sulion\/#primaryimage\"},\"thumbnailUrl\":\"https:\/\/ledsolintel.com\/wp-content\/uploads\/2022\/10\/16898-Empotrable-mini-DOTFIX-3W-de-Sulion.jpg\",\"datePublished\":\"2022-10-17T15:06:20+00:00\",\"description\":\"Empotrable mini DOTFIX 3W de Sulion. Iluminaci\u00f3n focalizada y de peque\u00f1o tama\u00f1o, para pasillos e iluminaci\u00f3n de detalles. Ideal para proyectos de arquitectura.\",\"breadcrumb\":{\"@id\":\"https:\/\/ledsolintel.com\/product\/empotrable-mini-dotfix-3w-de-sulion\/#breadcrumb\"},\"inLanguage\":\"fr-FR\",\"potentialAction\":[{\"@type\":\"ReadAction\",\"target\":[\"https:\/\/ledsolintel.com\/product\/empotrable-mini-dotfix-3w-de-sulion\/\"]}]},{\"@type\":\"ImageObject\",\"inLanguage\":\"fr-FR\",\"@id\":\"https:\/\/ledsolintel.com\/product\/empotrable-mini-dotfix-3w-de-sulion\/#primaryimage\",\"url\":\"https:\/\/ledsolintel.com\/wp-content\/uploads\/2022\/10\/16898-Empotrable-mini-DOTFIX-3W-de-Sulion.jpg\",\"contentUrl\":\"https:\/\/ledsolintel.com\/wp-content\/uploads\/2022\/10\/16898-Empotrable-mini-DOTFIX-3W-de-Sulion.jpg\",\"caption\":\"Empotrable mini DOTFIX 3W de Sulion\"},{\"@type\":\"BreadcrumbList\",\"@id\":\"https:\/\/ledsolintel.com\/product\/empotrable-mini-dotfix-3w-de-sulion\/#breadcrumb\",\"itemListElement\":[{\"@type\":\"ListItem\",\"position\":1,\"name\":\"Portada\",\"item\":\"https:\/\/ledsolintel.com\/fr\/\"},{\"@type\":\"ListItem\",\"position\":2,\"name\":\"Tienda\",\"item\":\"https:\/\/ledsolintel.com\/tienda\/\"},{\"@type\":\"ListItem\",\"position\":3,\"name\":\"Empotrable mini DOTFIX 3W de Sulion\"}]},{\"@type\":\"WebSite\",\"@id\":\"https:\/\/ledsolintel.com\/#website\",\"url\":\"https:\/\/ledsolintel.com\/\",\"name\":\"Webmenaje\",\"description\":\"Tienda de bombillas y l\u00e1mparas LED para profesionales\",\"publisher\":{\"@id\":\"https:\/\/ledsolintel.com\/#organization\"},\"potentialAction\":[{\"@type\":\"SearchAction\",\"target\":{\"@type\":\"EntryPoint\",\"urlTemplate\":\"https:\/\/ledsolintel.com\/?s={search_term_string}\"},\"query-input\":{\"@type\":\"PropertyValueSpecification\",\"valueRequired\":true,\"valueName\":\"search_term_string\"}}],\"inLanguage\":\"fr-FR\"},{\"@type\":\"Organization\",\"@id\":\"https:\/\/ledsolintel.com\/#organization\",\"name\":\"Solintel Noroeste, S.L.\",\"url\":\"https:\/\/ledsolintel.com\/\",\"logo\":{\"@type\":\"ImageObject\",\"inLanguage\":\"fr-FR\",\"@id\":\"https:\/\/ledsolintel.com\/#\/schema\/logo\/image\/\",\"url\":\"https:\/\/ledsolintel.com\/wp-content\/uploads\/2024\/11\/webmenaje-logo-1508269066.jpg\",\"contentUrl\":\"https:\/\/ledsolintel.com\/wp-content\/uploads\/2024\/11\/webmenaje-logo-1508269066.jpg\",\"width\":370,\"height\":90,\"caption\":\"Solintel Noroeste, S.L.\"},\"image\":{\"@id\":\"https:\/\/ledsolintel.com\/#\/schema\/logo\/image\/\"},\"sameAs\":[\"http:\/\/www.facebook.com\/webmenaje\",\"https:\/\/x.com\/webmenaje\",\"https:\/\/www.youtube.com\/channel\/UCX2KoVoeCG4LocZjUc6LmSQ\",\"http:\/\/www.pinterest.com\/webmenaje\"]}]}<\/script>\n<!-- \/ Yoast SEO plugin. -->","yoast_head_json":{"title":"Sulion DOTFIX 3W mini luminaire encastr\u00e9","description":"Empotrable mini DOTFIX 3W de Sulion. Iluminaci\u00f3n focalizada y de peque\u00f1o tama\u00f1o, para pasillos e iluminaci\u00f3n de detalles. Ideal para proyectos de arquitectura.","robots":{"index":"index","follow":"follow","max-snippet":"max-snippet:-1","max-image-preview":"max-image-preview:large","max-video-preview":"max-video-preview:-1"},"canonical":"https:\/\/ledsolintel.com\/fr\/produit-2\/empotrable-mini-dotfix-3w-de-sulion\/","og_locale":"fr_FR","og_type":"article","og_title":"Empotrable mini DOTFIX 3W de Sulion","og_description":"Empotrable mini DOTFIX 3W de Sulion. Iluminaci\u00f3n focalizada y de peque\u00f1o tama\u00f1o, para pasillos e iluminaci\u00f3n de detalles. Ideal para proyectos de arquitectura.","og_url":"https:\/\/ledsolintel.com\/fr\/produit-2\/empotrable-mini-dotfix-3w-de-sulion\/","og_site_name":"Ledsolintel","article_publisher":"http:\/\/www.facebook.com\/webmenaje","og_image":[{"url":"https:\/\/ledsolintel.com\/wp-content\/uploads\/2022\/10\/16898-Empotrable-mini-DOTFIX-3W-de-Sulion.jpg","width":1,"height":1,"type":"image\/jpeg"}],"twitter_card":"summary_large_image","twitter_site":"@webmenaje","schema":{"@context":"https:\/\/schema.org","@graph":[{"@type":"WebPage","@id":"https:\/\/ledsolintel.com\/product\/empotrable-mini-dotfix-3w-de-sulion\/","url":"https:\/\/ledsolintel.com\/product\/empotrable-mini-dotfix-3w-de-sulion\/","name":"Sulion DOTFIX 3W mini luminaire encastr\u00e9","isPartOf":{"@id":"https:\/\/ledsolintel.com\/#website"},"primaryImageOfPage":{"@id":"https:\/\/ledsolintel.com\/product\/empotrable-mini-dotfix-3w-de-sulion\/#primaryimage"},"image":{"@id":"https:\/\/ledsolintel.com\/product\/empotrable-mini-dotfix-3w-de-sulion\/#primaryimage"},"thumbnailUrl":"https:\/\/ledsolintel.com\/wp-content\/uploads\/2022\/10\/16898-Empotrable-mini-DOTFIX-3W-de-Sulion.jpg","datePublished":"2022-10-17T15:06:20+00:00","description":"Empotrable mini DOTFIX 3W de Sulion. Iluminaci\u00f3n focalizada y de peque\u00f1o tama\u00f1o, para pasillos e iluminaci\u00f3n de detalles. Ideal para proyectos de arquitectura.","breadcrumb":{"@id":"https:\/\/ledsolintel.com\/product\/empotrable-mini-dotfix-3w-de-sulion\/#breadcrumb"},"inLanguage":"fr-FR","potentialAction":[{"@type":"ReadAction","target":["https:\/\/ledsolintel.com\/product\/empotrable-mini-dotfix-3w-de-sulion\/"]}]},{"@type":"ImageObject","inLanguage":"fr-FR","@id":"https:\/\/ledsolintel.com\/product\/empotrable-mini-dotfix-3w-de-sulion\/#primaryimage","url":"https:\/\/ledsolintel.com\/wp-content\/uploads\/2022\/10\/16898-Empotrable-mini-DOTFIX-3W-de-Sulion.jpg","contentUrl":"https:\/\/ledsolintel.com\/wp-content\/uploads\/2022\/10\/16898-Empotrable-mini-DOTFIX-3W-de-Sulion.jpg","caption":"Empotrable mini DOTFIX 3W de Sulion"},{"@type":"BreadcrumbList","@id":"https:\/\/ledsolintel.com\/product\/empotrable-mini-dotfix-3w-de-sulion\/#breadcrumb","itemListElement":[{"@type":"ListItem","position":1,"name":"Portada","item":"https:\/\/ledsolintel.com\/fr\/"},{"@type":"ListItem","position":2,"name":"Tienda","item":"https:\/\/ledsolintel.com\/tienda\/"},{"@type":"ListItem","position":3,"name":"Empotrable mini DOTFIX 3W de Sulion"}]},{"@type":"WebSite","@id":"https:\/\/ledsolintel.com\/#website","url":"https:\/\/ledsolintel.com\/","name":"Webmenaje","description":"Magasin d'ampoules et de lampes LED pour les professionnels","publisher":{"@id":"https:\/\/ledsolintel.com\/#organization"},"potentialAction":[{"@type":"SearchAction","target":{"@type":"EntryPoint","urlTemplate":"https:\/\/ledsolintel.com\/?s={search_term_string}"},"query-input":{"@type":"PropertyValueSpecification","valueRequired":true,"valueName":"search_term_string"}}],"inLanguage":"fr-FR"},{"@type":"Organization","@id":"https:\/\/ledsolintel.com\/#organization","name":"Solintel Noroeste, S.L.","url":"https:\/\/ledsolintel.com\/","logo":{"@type":"ImageObject","inLanguage":"fr-FR","@id":"https:\/\/ledsolintel.com\/#\/schema\/logo\/image\/","url":"https:\/\/ledsolintel.com\/wp-content\/uploads\/2024\/11\/webmenaje-logo-1508269066.jpg","contentUrl":"https:\/\/ledsolintel.com\/wp-content\/uploads\/2024\/11\/webmenaje-logo-1508269066.jpg","width":370,"height":90,"caption":"Solintel Noroeste, S.L."},"image":{"@id":"https:\/\/ledsolintel.com\/#\/schema\/logo\/image\/"},"sameAs":["http:\/\/www.facebook.com\/webmenaje","https:\/\/x.com\/webmenaje","https:\/\/www.youtube.com\/channel\/UCX2KoVoeCG4LocZjUc6LmSQ","http:\/\/www.pinterest.com\/webmenaje"]}]}},"_links":{"self":[{"href":"https:\/\/ledsolintel.com\/fr\/wp-json\/wp\/v2\/product\/245575","targetHints":{"allow":["GET"]}}],"collection":[{"href":"https:\/\/ledsolintel.com\/fr\/wp-json\/wp\/v2\/product"}],"about":[{"href":"https:\/\/ledsolintel.com\/fr\/wp-json\/wp\/v2\/types\/product"}],"version-history":[{"count":0,"href":"https:\/\/ledsolintel.com\/fr\/wp-json\/wp\/v2\/product\/245575\/revisions"}],"wp:featuredmedia":[{"embeddable":true,"href":"https:\/\/ledsolintel.com\/fr\/wp-json\/wp\/v2\/media\/245569"}],"wp:attachment":[{"href":"https:\/\/ledsolintel.com\/fr\/wp-json\/wp\/v2\/media?parent=245575"}],"wp:term":[{"taxonomy":"product_brand","embeddable":true,"href":"https:\/\/ledsolintel.com\/fr\/wp-json\/wp\/v2\/product_brand?post=245575"},{"taxonomy":"product_cat","embeddable":true,"href":"https:\/\/ledsolintel.com\/fr\/wp-json\/wp\/v2\/product_cat?post=245575"},{"taxonomy":"product_tag","embeddable":true,"href":"https:\/\/ledsolintel.com\/fr\/wp-json\/wp\/v2\/product_tag?post=245575"}],"curies":[{"name":"wp","href":"https:\/\/api.w.org\/{rel}","templated":true}]}}