{"id":245507,"date":"2022-10-17T17:06:20","date_gmt":"2022-10-17T15:06:20","guid":{"rendered":"https:\/\/nueva.ledsolintel.com\/product\/lampara-de-pie-bea-de-sulion\/"},"modified":"2022-10-17T17:06:20","modified_gmt":"2022-10-17T15:06:20","slug":"lampara-de-pie-bea-de-sulion","status":"publish","type":"product","link":"https:\/\/ledsolintel.com\/fr\/produit-2\/lampara-de-pie-bea-de-sulion\/","title":{"rendered":"Lampadaire BEA de Sulion"},"content":{"rendered":"<p>L\u00e1mpara de pie de sal\u00f3n con estructura de tr\u00edpode de madera y pantalla de tela. Este pie de estilo n\u00f3rdico combinado con su monumental pantalla, quedar\u00e1 ideal en cualquier rinc\u00f3n de nuestro hogar. Su personalidad y presencia completan cualquier estilo decorativo d\u00e1ndole un aire m\u00e1s acogedor y moderno. Tiene un original cable en tela de nailon. Cuenta con interruptor de pie y tiene casquillo E27.<\/p>","protected":false},"excerpt":{"rendered":"<p>L\u00e1mpara de pie BEA de Sulion. Tr\u00edpode de madera y pantalla de tela. L\u00e1mpara de estilo n\u00f3rdico para salones y zonas de lectura.<\/p>","protected":false},"featured_media":245500,"template":"","meta":[],"product_brand":[99383],"product_cat":[99573,99669],"product_tag":[],"class_list":{"0":"post-245507","1":"product","2":"type-product","3":"status-publish","4":"has-post-thumbnail","6":"product_brand-sulion","7":"product_cat-iluminacion-interior","8":"product_cat-flexos-lamparas-de-pie-y-de-mesa","9":"pa_acabado-beige","10":"pa_acabado-gris","11":"pa_altura-1520mm","12":"pa_bombilla-noincluida","13":"pa_casquillo-e27","14":"pa_clase-i","15":"pa_cuerpo-madera","16":"pa_diametro-62cm","17":"pa_frecuencia-50_60hz","18":"pa_longituddecable-2000mm","19":"pa_pantalla-textil","20":"pa_potencia-40w","21":"pa_proteccionip-ip20","22":"pa_puntosdeluz-101122","23":"pa_voltaje-220_240v","26":"instock","27":"taxable","28":"shipping-taxable","29":"purchasable","30":"product-type-variable","31":"has-default-attributes"},"yoast_head":"<!-- This site is optimized with the Yoast SEO plugin v26.6 - https:\/\/yoast.com\/wordpress\/plugins\/seo\/ -->\n<title>L\u00e1mpara de pie BEA de Sulion<\/title>\n<meta name=\"description\" content=\"L\u00e1mpara de pie BEA de Sulion. Tr\u00edpode de madera y pantalla de tela. L\u00e1mpara de estilo n\u00f3rdico para salones y zonas de lectura.\" \/>\n<meta name=\"robots\" content=\"index, follow, max-snippet:-1, max-image-preview:large, max-video-preview:-1\" \/>\n<link rel=\"canonical\" href=\"https:\/\/ledsolintel.com\/fr\/produit-2\/lampara-de-pie-bea-de-sulion\/\" \/>\n<meta property=\"og:locale\" content=\"fr_FR\" \/>\n<meta property=\"og:type\" content=\"article\" \/>\n<meta property=\"og:title\" content=\"L\u00e1mpara de pie BEA de Sulion\" \/>\n<meta property=\"og:description\" content=\"L\u00e1mpara de pie BEA de Sulion. Tr\u00edpode de madera y pantalla de tela. L\u00e1mpara de estilo n\u00f3rdico para salones y zonas de lectura.\" \/>\n<meta property=\"og:url\" content=\"https:\/\/ledsolintel.com\/fr\/produit-2\/lampara-de-pie-bea-de-sulion\/\" \/>\n<meta property=\"og:site_name\" content=\"Ledsolintel\" \/>\n<meta property=\"article:publisher\" content=\"http:\/\/www.facebook.com\/webmenaje\" \/>\n<meta property=\"og:image\" content=\"https:\/\/ledsolintel.com\/wp-content\/uploads\/2022\/10\/16208-Lampara-de-pie-BEA-de-Sulion.jpg\" \/>\n\t<meta property=\"og:image:width\" content=\"1\" \/>\n\t<meta property=\"og:image:height\" content=\"1\" \/>\n\t<meta property=\"og:image:type\" content=\"image\/jpeg\" \/>\n<meta name=\"twitter:card\" content=\"summary_large_image\" \/>\n<meta name=\"twitter:site\" content=\"@webmenaje\" \/>\n<script type=\"application\/ld+json\" class=\"yoast-schema-graph\">{\"@context\":\"https:\/\/schema.org\",\"@graph\":[{\"@type\":\"WebPage\",\"@id\":\"https:\/\/ledsolintel.com\/product\/lampara-de-pie-bea-de-sulion\/\",\"url\":\"https:\/\/ledsolintel.com\/product\/lampara-de-pie-bea-de-sulion\/\",\"name\":\"L\u00e1mpara de pie BEA de Sulion\",\"isPartOf\":{\"@id\":\"https:\/\/ledsolintel.com\/#website\"},\"primaryImageOfPage\":{\"@id\":\"https:\/\/ledsolintel.com\/product\/lampara-de-pie-bea-de-sulion\/#primaryimage\"},\"image\":{\"@id\":\"https:\/\/ledsolintel.com\/product\/lampara-de-pie-bea-de-sulion\/#primaryimage\"},\"thumbnailUrl\":\"https:\/\/ledsolintel.com\/wp-content\/uploads\/2022\/10\/16208-Lampara-de-pie-BEA-de-Sulion.jpg\",\"datePublished\":\"2022-10-17T15:06:20+00:00\",\"description\":\"L\u00e1mpara de pie BEA de Sulion. Tr\u00edpode de madera y pantalla de tela. L\u00e1mpara de estilo n\u00f3rdico para salones y zonas de lectura.\",\"breadcrumb\":{\"@id\":\"https:\/\/ledsolintel.com\/product\/lampara-de-pie-bea-de-sulion\/#breadcrumb\"},\"inLanguage\":\"fr-FR\",\"potentialAction\":[{\"@type\":\"ReadAction\",\"target\":[\"https:\/\/ledsolintel.com\/product\/lampara-de-pie-bea-de-sulion\/\"]}]},{\"@type\":\"ImageObject\",\"inLanguage\":\"fr-FR\",\"@id\":\"https:\/\/ledsolintel.com\/product\/lampara-de-pie-bea-de-sulion\/#primaryimage\",\"url\":\"https:\/\/ledsolintel.com\/wp-content\/uploads\/2022\/10\/16208-Lampara-de-pie-BEA-de-Sulion.jpg\",\"contentUrl\":\"https:\/\/ledsolintel.com\/wp-content\/uploads\/2022\/10\/16208-Lampara-de-pie-BEA-de-Sulion.jpg\",\"caption\":\"L\u00e1mpara de pie BEA de Sulion\"},{\"@type\":\"BreadcrumbList\",\"@id\":\"https:\/\/ledsolintel.com\/product\/lampara-de-pie-bea-de-sulion\/#breadcrumb\",\"itemListElement\":[{\"@type\":\"ListItem\",\"position\":1,\"name\":\"Portada\",\"item\":\"https:\/\/ledsolintel.com\/fr\/\"},{\"@type\":\"ListItem\",\"position\":2,\"name\":\"Tienda\",\"item\":\"https:\/\/ledsolintel.com\/tienda\/\"},{\"@type\":\"ListItem\",\"position\":3,\"name\":\"L\u00e1mpara de pie BEA de Sulion\"}]},{\"@type\":\"WebSite\",\"@id\":\"https:\/\/ledsolintel.com\/#website\",\"url\":\"https:\/\/ledsolintel.com\/\",\"name\":\"Webmenaje\",\"description\":\"Tienda de bombillas y l\u00e1mparas LED para profesionales\",\"publisher\":{\"@id\":\"https:\/\/ledsolintel.com\/#organization\"},\"potentialAction\":[{\"@type\":\"SearchAction\",\"target\":{\"@type\":\"EntryPoint\",\"urlTemplate\":\"https:\/\/ledsolintel.com\/?s={search_term_string}\"},\"query-input\":{\"@type\":\"PropertyValueSpecification\",\"valueRequired\":true,\"valueName\":\"search_term_string\"}}],\"inLanguage\":\"fr-FR\"},{\"@type\":\"Organization\",\"@id\":\"https:\/\/ledsolintel.com\/#organization\",\"name\":\"Solintel Noroeste, S.L.\",\"url\":\"https:\/\/ledsolintel.com\/\",\"logo\":{\"@type\":\"ImageObject\",\"inLanguage\":\"fr-FR\",\"@id\":\"https:\/\/ledsolintel.com\/#\/schema\/logo\/image\/\",\"url\":\"https:\/\/ledsolintel.com\/wp-content\/uploads\/2024\/11\/webmenaje-logo-1508269066.jpg\",\"contentUrl\":\"https:\/\/ledsolintel.com\/wp-content\/uploads\/2024\/11\/webmenaje-logo-1508269066.jpg\",\"width\":370,\"height\":90,\"caption\":\"Solintel Noroeste, S.L.\"},\"image\":{\"@id\":\"https:\/\/ledsolintel.com\/#\/schema\/logo\/image\/\"},\"sameAs\":[\"http:\/\/www.facebook.com\/webmenaje\",\"https:\/\/x.com\/webmenaje\",\"https:\/\/www.youtube.com\/channel\/UCX2KoVoeCG4LocZjUc6LmSQ\",\"http:\/\/www.pinterest.com\/webmenaje\"]}]}<\/script>\n<!-- \/ Yoast SEO plugin. -->","yoast_head_json":{"title":"Lampadaire BEA de Sulion","description":"L\u00e1mpara de pie BEA de Sulion. Tr\u00edpode de madera y pantalla de tela. L\u00e1mpara de estilo n\u00f3rdico para salones y zonas de lectura.","robots":{"index":"index","follow":"follow","max-snippet":"max-snippet:-1","max-image-preview":"max-image-preview:large","max-video-preview":"max-video-preview:-1"},"canonical":"https:\/\/ledsolintel.com\/fr\/produit-2\/lampara-de-pie-bea-de-sulion\/","og_locale":"fr_FR","og_type":"article","og_title":"L\u00e1mpara de pie BEA de Sulion","og_description":"L\u00e1mpara de pie BEA de Sulion. Tr\u00edpode de madera y pantalla de tela. L\u00e1mpara de estilo n\u00f3rdico para salones y zonas de lectura.","og_url":"https:\/\/ledsolintel.com\/fr\/produit-2\/lampara-de-pie-bea-de-sulion\/","og_site_name":"Ledsolintel","article_publisher":"http:\/\/www.facebook.com\/webmenaje","og_image":[{"url":"https:\/\/ledsolintel.com\/wp-content\/uploads\/2022\/10\/16208-Lampara-de-pie-BEA-de-Sulion.jpg","width":1,"height":1,"type":"image\/jpeg"}],"twitter_card":"summary_large_image","twitter_site":"@webmenaje","schema":{"@context":"https:\/\/schema.org","@graph":[{"@type":"WebPage","@id":"https:\/\/ledsolintel.com\/product\/lampara-de-pie-bea-de-sulion\/","url":"https:\/\/ledsolintel.com\/product\/lampara-de-pie-bea-de-sulion\/","name":"Lampadaire BEA de Sulion","isPartOf":{"@id":"https:\/\/ledsolintel.com\/#website"},"primaryImageOfPage":{"@id":"https:\/\/ledsolintel.com\/product\/lampara-de-pie-bea-de-sulion\/#primaryimage"},"image":{"@id":"https:\/\/ledsolintel.com\/product\/lampara-de-pie-bea-de-sulion\/#primaryimage"},"thumbnailUrl":"https:\/\/ledsolintel.com\/wp-content\/uploads\/2022\/10\/16208-Lampara-de-pie-BEA-de-Sulion.jpg","datePublished":"2022-10-17T15:06:20+00:00","description":"L\u00e1mpara de pie BEA de Sulion. Tr\u00edpode de madera y pantalla de tela. L\u00e1mpara de estilo n\u00f3rdico para salones y zonas de lectura.","breadcrumb":{"@id":"https:\/\/ledsolintel.com\/product\/lampara-de-pie-bea-de-sulion\/#breadcrumb"},"inLanguage":"fr-FR","potentialAction":[{"@type":"ReadAction","target":["https:\/\/ledsolintel.com\/product\/lampara-de-pie-bea-de-sulion\/"]}]},{"@type":"ImageObject","inLanguage":"fr-FR","@id":"https:\/\/ledsolintel.com\/product\/lampara-de-pie-bea-de-sulion\/#primaryimage","url":"https:\/\/ledsolintel.com\/wp-content\/uploads\/2022\/10\/16208-Lampara-de-pie-BEA-de-Sulion.jpg","contentUrl":"https:\/\/ledsolintel.com\/wp-content\/uploads\/2022\/10\/16208-Lampara-de-pie-BEA-de-Sulion.jpg","caption":"L\u00e1mpara de pie BEA de Sulion"},{"@type":"BreadcrumbList","@id":"https:\/\/ledsolintel.com\/product\/lampara-de-pie-bea-de-sulion\/#breadcrumb","itemListElement":[{"@type":"ListItem","position":1,"name":"Portada","item":"https:\/\/ledsolintel.com\/fr\/"},{"@type":"ListItem","position":2,"name":"Tienda","item":"https:\/\/ledsolintel.com\/tienda\/"},{"@type":"ListItem","position":3,"name":"L\u00e1mpara de pie BEA de Sulion"}]},{"@type":"WebSite","@id":"https:\/\/ledsolintel.com\/#website","url":"https:\/\/ledsolintel.com\/","name":"Webmenaje","description":"Magasin d'ampoules et de lampes LED pour les professionnels","publisher":{"@id":"https:\/\/ledsolintel.com\/#organization"},"potentialAction":[{"@type":"SearchAction","target":{"@type":"EntryPoint","urlTemplate":"https:\/\/ledsolintel.com\/?s={search_term_string}"},"query-input":{"@type":"PropertyValueSpecification","valueRequired":true,"valueName":"search_term_string"}}],"inLanguage":"fr-FR"},{"@type":"Organization","@id":"https:\/\/ledsolintel.com\/#organization","name":"Solintel Noroeste, S.L.","url":"https:\/\/ledsolintel.com\/","logo":{"@type":"ImageObject","inLanguage":"fr-FR","@id":"https:\/\/ledsolintel.com\/#\/schema\/logo\/image\/","url":"https:\/\/ledsolintel.com\/wp-content\/uploads\/2024\/11\/webmenaje-logo-1508269066.jpg","contentUrl":"https:\/\/ledsolintel.com\/wp-content\/uploads\/2024\/11\/webmenaje-logo-1508269066.jpg","width":370,"height":90,"caption":"Solintel Noroeste, S.L."},"image":{"@id":"https:\/\/ledsolintel.com\/#\/schema\/logo\/image\/"},"sameAs":["http:\/\/www.facebook.com\/webmenaje","https:\/\/x.com\/webmenaje","https:\/\/www.youtube.com\/channel\/UCX2KoVoeCG4LocZjUc6LmSQ","http:\/\/www.pinterest.com\/webmenaje"]}]}},"_links":{"self":[{"href":"https:\/\/ledsolintel.com\/fr\/wp-json\/wp\/v2\/product\/245507","targetHints":{"allow":["GET"]}}],"collection":[{"href":"https:\/\/ledsolintel.com\/fr\/wp-json\/wp\/v2\/product"}],"about":[{"href":"https:\/\/ledsolintel.com\/fr\/wp-json\/wp\/v2\/types\/product"}],"version-history":[{"count":0,"href":"https:\/\/ledsolintel.com\/fr\/wp-json\/wp\/v2\/product\/245507\/revisions"}],"wp:featuredmedia":[{"embeddable":true,"href":"https:\/\/ledsolintel.com\/fr\/wp-json\/wp\/v2\/media\/245500"}],"wp:attachment":[{"href":"https:\/\/ledsolintel.com\/fr\/wp-json\/wp\/v2\/media?parent=245507"}],"wp:term":[{"taxonomy":"product_brand","embeddable":true,"href":"https:\/\/ledsolintel.com\/fr\/wp-json\/wp\/v2\/product_brand?post=245507"},{"taxonomy":"product_cat","embeddable":true,"href":"https:\/\/ledsolintel.com\/fr\/wp-json\/wp\/v2\/product_cat?post=245507"},{"taxonomy":"product_tag","embeddable":true,"href":"https:\/\/ledsolintel.com\/fr\/wp-json\/wp\/v2\/product_tag?post=245507"}],"curies":[{"name":"wp","href":"https:\/\/api.w.org\/{rel}","templated":true}]}}