{"id":245499,"date":"2022-10-17T16:52:33","date_gmt":"2022-10-17T14:52:33","guid":{"rendered":"https:\/\/nueva.ledsolintel.com\/product\/lampara-de-mesa-lisboa-de-sulion\/"},"modified":"2022-10-17T16:52:33","modified_gmt":"2022-10-17T14:52:33","slug":"lampara-de-mesa-lisboa-de-sulion","status":"publish","type":"product","link":"https:\/\/ledsolintel.com\/fr\/produit-2\/lampara-de-mesa-lisboa-de-sulion\/","title":{"rendered":"Lampe \u00e0 poser LISBOA de Sulion"},"content":{"rendered":"<p>L\u00e1mpara de sobremesa en acabado blanco arenado. Pieza de iluminaci\u00f3n de corte minimalista, que combinar\u00e1 a la perfecci\u00f3n con cualquier estilo decorativo. Este sobremesa sencillo y vers\u00e1til posee un aire vanguardista que otorgar\u00e1 modernidad al ambiente. El cono met\u00e1lico de su tulipa es orientable para adaptarse a la perfecci\u00f3n a tus necesidades.Sus l\u00edneas puras y limpias, ser\u00e1n el complemento ideal para tu habitaci\u00f3n, estudio o sal\u00f3n. Funciona con casquillo E27<\/p>","protected":false},"excerpt":{"rendered":"<p>L\u00e1mpara de mesa LISBOA de Sulion. Cuerpo met\u00e1lico, estilo limpio y geom\u00e9trico, para interiores minimalistas. Ideal para proyectos de arquitectura e interiorismo.<\/p>","protected":false},"featured_media":245494,"template":"","meta":[],"product_brand":[99383],"product_cat":[99573,99649],"product_tag":[],"class_list":{"0":"post-245499","1":"product","2":"type-product","3":"status-publish","4":"has-post-thumbnail","6":"product_brand-sulion","7":"product_cat-iluminacion-interior","8":"product_cat-lamparas-de-mesa-y-flexos","9":"pa_altura-45cm","10":"pa_bombilla-noincluida","11":"pa_casquillo-e27","12":"pa_clase-i","13":"pa_cuerpo-metal","14":"pa_frecuencia-50_60hz","15":"pa_longituddecable-1500mm","16":"pa_orientable-si","17":"pa_pantalla-metal","18":"pa_potencia-40w","19":"pa_proteccionip-ip20","20":"pa_puntosdeluz-101122","21":"pa_voltaje-220_240v","24":"instock","25":"taxable","26":"shipping-taxable","27":"purchasable","28":"product-type-simple"},"yoast_head":"<!-- This site is optimized with the Yoast SEO plugin v27.4 - https:\/\/yoast.com\/product\/yoast-seo-wordpress\/ -->\n<title>L\u00e1mpara de mesa LISBOA de Sulion<\/title>\n<meta name=\"description\" content=\"L\u00e1mpara de mesa LISBOA de Sulion. Cuerpo met\u00e1lico, estilo limpio y geom\u00e9trico, para interiores minimalistas. Ideal para proyectos de arquitectura e interiorismo\" \/>\n<meta name=\"robots\" content=\"index, follow, max-snippet:-1, max-image-preview:large, max-video-preview:-1\" \/>\n<link rel=\"canonical\" href=\"https:\/\/ledsolintel.com\/fr\/produit-2\/lampara-de-mesa-lisboa-de-sulion\/\" \/>\n<meta property=\"og:locale\" content=\"fr_FR\" \/>\n<meta property=\"og:type\" content=\"article\" \/>\n<meta property=\"og:title\" content=\"L\u00e1mpara de mesa LISBOA de Sulion\" \/>\n<meta property=\"og:description\" content=\"L\u00e1mpara de mesa LISBOA de Sulion. Cuerpo met\u00e1lico, estilo limpio y geom\u00e9trico, para interiores minimalistas. Ideal para proyectos de arquitectura e interiorismo\" \/>\n<meta property=\"og:url\" content=\"https:\/\/ledsolintel.com\/fr\/produit-2\/lampara-de-mesa-lisboa-de-sulion\/\" \/>\n<meta property=\"og:site_name\" content=\"Ledsolintel\" \/>\n<meta property=\"article:publisher\" content=\"http:\/\/www.facebook.com\/webmenaje\" \/>\n<meta property=\"og:image\" content=\"https:\/\/ledsolintel.com\/wp-content\/uploads\/2022\/10\/16127-Lampara-de-mesa-LISBOA-de-Sulion.jpg\" \/>\n\t<meta property=\"og:image:width\" content=\"1\" \/>\n\t<meta property=\"og:image:height\" content=\"1\" \/>\n\t<meta property=\"og:image:type\" content=\"image\/jpeg\" \/>\n<meta name=\"twitter:card\" content=\"summary_large_image\" \/>\n<meta name=\"twitter:site\" content=\"@webmenaje\" \/>\n<script type=\"application\/ld+json\" class=\"yoast-schema-graph\">{\"@context\":\"https:\\\/\\\/schema.org\",\"@graph\":[{\"@type\":\"WebPage\",\"@id\":\"https:\\\/\\\/ledsolintel.com\\\/product\\\/lampara-de-mesa-lisboa-de-sulion\\\/\",\"url\":\"https:\\\/\\\/ledsolintel.com\\\/product\\\/lampara-de-mesa-lisboa-de-sulion\\\/\",\"name\":\"L\u00e1mpara de mesa LISBOA de Sulion\",\"isPartOf\":{\"@id\":\"https:\\\/\\\/ledsolintel.com\\\/#website\"},\"primaryImageOfPage\":{\"@id\":\"https:\\\/\\\/ledsolintel.com\\\/product\\\/lampara-de-mesa-lisboa-de-sulion\\\/#primaryimage\"},\"image\":{\"@id\":\"https:\\\/\\\/ledsolintel.com\\\/product\\\/lampara-de-mesa-lisboa-de-sulion\\\/#primaryimage\"},\"thumbnailUrl\":\"https:\\\/\\\/ledsolintel.com\\\/wp-content\\\/uploads\\\/2022\\\/10\\\/16127-Lampara-de-mesa-LISBOA-de-Sulion.jpg\",\"datePublished\":\"2022-10-17T14:52:33+00:00\",\"description\":\"L\u00e1mpara de mesa LISBOA de Sulion. Cuerpo met\u00e1lico, estilo limpio y geom\u00e9trico, para interiores minimalistas. Ideal para proyectos de arquitectura e interiorismo\",\"breadcrumb\":{\"@id\":\"https:\\\/\\\/ledsolintel.com\\\/product\\\/lampara-de-mesa-lisboa-de-sulion\\\/#breadcrumb\"},\"inLanguage\":\"fr-FR\",\"potentialAction\":[{\"@type\":\"ReadAction\",\"target\":[\"https:\\\/\\\/ledsolintel.com\\\/product\\\/lampara-de-mesa-lisboa-de-sulion\\\/\"]}]},{\"@type\":\"ImageObject\",\"inLanguage\":\"fr-FR\",\"@id\":\"https:\\\/\\\/ledsolintel.com\\\/product\\\/lampara-de-mesa-lisboa-de-sulion\\\/#primaryimage\",\"url\":\"https:\\\/\\\/ledsolintel.com\\\/wp-content\\\/uploads\\\/2022\\\/10\\\/16127-Lampara-de-mesa-LISBOA-de-Sulion.jpg\",\"contentUrl\":\"https:\\\/\\\/ledsolintel.com\\\/wp-content\\\/uploads\\\/2022\\\/10\\\/16127-Lampara-de-mesa-LISBOA-de-Sulion.jpg\",\"caption\":\"L\u00e1mpara de mesa LISBOA de Sulion\"},{\"@type\":\"BreadcrumbList\",\"@id\":\"https:\\\/\\\/ledsolintel.com\\\/product\\\/lampara-de-mesa-lisboa-de-sulion\\\/#breadcrumb\",\"itemListElement\":[{\"@type\":\"ListItem\",\"position\":1,\"name\":\"Portada\",\"item\":\"https:\\\/\\\/ledsolintel.com\\\/fr\\\/\"},{\"@type\":\"ListItem\",\"position\":2,\"name\":\"Tienda\",\"item\":\"https:\\\/\\\/ledsolintel.com\\\/tienda\\\/\"},{\"@type\":\"ListItem\",\"position\":3,\"name\":\"L\u00e1mpara de mesa LISBOA de Sulion\"}]},{\"@type\":\"WebSite\",\"@id\":\"https:\\\/\\\/ledsolintel.com\\\/#website\",\"url\":\"https:\\\/\\\/ledsolintel.com\\\/\",\"name\":\"Webmenaje\",\"description\":\"Tienda de bombillas y l\u00e1mparas LED para profesionales\",\"publisher\":{\"@id\":\"https:\\\/\\\/ledsolintel.com\\\/#organization\"},\"potentialAction\":[{\"@type\":\"SearchAction\",\"target\":{\"@type\":\"EntryPoint\",\"urlTemplate\":\"https:\\\/\\\/ledsolintel.com\\\/?s={search_term_string}\"},\"query-input\":{\"@type\":\"PropertyValueSpecification\",\"valueRequired\":true,\"valueName\":\"search_term_string\"}}],\"inLanguage\":\"fr-FR\"},{\"@type\":\"Organization\",\"@id\":\"https:\\\/\\\/ledsolintel.com\\\/#organization\",\"name\":\"Solintel Noroeste, S.L.\",\"url\":\"https:\\\/\\\/ledsolintel.com\\\/\",\"logo\":{\"@type\":\"ImageObject\",\"inLanguage\":\"fr-FR\",\"@id\":\"https:\\\/\\\/ledsolintel.com\\\/#\\\/schema\\\/logo\\\/image\\\/\",\"url\":\"https:\\\/\\\/ledsolintel.com\\\/wp-content\\\/uploads\\\/2024\\\/11\\\/webmenaje-logo-1508269066.jpg\",\"contentUrl\":\"https:\\\/\\\/ledsolintel.com\\\/wp-content\\\/uploads\\\/2024\\\/11\\\/webmenaje-logo-1508269066.jpg\",\"width\":370,\"height\":90,\"caption\":\"Solintel Noroeste, S.L.\"},\"image\":{\"@id\":\"https:\\\/\\\/ledsolintel.com\\\/#\\\/schema\\\/logo\\\/image\\\/\"},\"sameAs\":[\"http:\\\/\\\/www.facebook.com\\\/webmenaje\",\"https:\\\/\\\/x.com\\\/webmenaje\",\"https:\\\/\\\/www.youtube.com\\\/channel\\\/UCX2KoVoeCG4LocZjUc6LmSQ\",\"http:\\\/\\\/www.pinterest.com\\\/webmenaje\"]}]}<\/script>\n<!-- \/ Yoast SEO plugin. -->","yoast_head_json":{"title":"Lampe \u00e0 poser LISBOA de Sulion","description":"L\u00e1mpara de mesa LISBOA de Sulion. Cuerpo met\u00e1lico, estilo limpio y geom\u00e9trico, para interiores minimalistas. Ideal para proyectos de arquitectura e interiorismo","robots":{"index":"index","follow":"follow","max-snippet":"max-snippet:-1","max-image-preview":"max-image-preview:large","max-video-preview":"max-video-preview:-1"},"canonical":"https:\/\/ledsolintel.com\/fr\/produit-2\/lampara-de-mesa-lisboa-de-sulion\/","og_locale":"fr_FR","og_type":"article","og_title":"L\u00e1mpara de mesa LISBOA de Sulion","og_description":"L\u00e1mpara de mesa LISBOA de Sulion. Cuerpo met\u00e1lico, estilo limpio y geom\u00e9trico, para interiores minimalistas. Ideal para proyectos de arquitectura e interiorismo","og_url":"https:\/\/ledsolintel.com\/fr\/produit-2\/lampara-de-mesa-lisboa-de-sulion\/","og_site_name":"Ledsolintel","article_publisher":"http:\/\/www.facebook.com\/webmenaje","og_image":[{"url":"https:\/\/ledsolintel.com\/wp-content\/uploads\/2022\/10\/16127-Lampara-de-mesa-LISBOA-de-Sulion.jpg","width":1,"height":1,"type":"image\/jpeg"}],"twitter_card":"summary_large_image","twitter_site":"@webmenaje","schema":{"@context":"https:\/\/schema.org","@graph":[{"@type":"WebPage","@id":"https:\/\/ledsolintel.com\/product\/lampara-de-mesa-lisboa-de-sulion\/","url":"https:\/\/ledsolintel.com\/product\/lampara-de-mesa-lisboa-de-sulion\/","name":"Lampe \u00e0 poser LISBOA de Sulion","isPartOf":{"@id":"https:\/\/ledsolintel.com\/#website"},"primaryImageOfPage":{"@id":"https:\/\/ledsolintel.com\/product\/lampara-de-mesa-lisboa-de-sulion\/#primaryimage"},"image":{"@id":"https:\/\/ledsolintel.com\/product\/lampara-de-mesa-lisboa-de-sulion\/#primaryimage"},"thumbnailUrl":"https:\/\/ledsolintel.com\/wp-content\/uploads\/2022\/10\/16127-Lampara-de-mesa-LISBOA-de-Sulion.jpg","datePublished":"2022-10-17T14:52:33+00:00","description":"L\u00e1mpara de mesa LISBOA de Sulion. Cuerpo met\u00e1lico, estilo limpio y geom\u00e9trico, para interiores minimalistas. Ideal para proyectos de arquitectura e interiorismo","breadcrumb":{"@id":"https:\/\/ledsolintel.com\/product\/lampara-de-mesa-lisboa-de-sulion\/#breadcrumb"},"inLanguage":"fr-FR","potentialAction":[{"@type":"ReadAction","target":["https:\/\/ledsolintel.com\/product\/lampara-de-mesa-lisboa-de-sulion\/"]}]},{"@type":"ImageObject","inLanguage":"fr-FR","@id":"https:\/\/ledsolintel.com\/product\/lampara-de-mesa-lisboa-de-sulion\/#primaryimage","url":"https:\/\/ledsolintel.com\/wp-content\/uploads\/2022\/10\/16127-Lampara-de-mesa-LISBOA-de-Sulion.jpg","contentUrl":"https:\/\/ledsolintel.com\/wp-content\/uploads\/2022\/10\/16127-Lampara-de-mesa-LISBOA-de-Sulion.jpg","caption":"L\u00e1mpara de mesa LISBOA de Sulion"},{"@type":"BreadcrumbList","@id":"https:\/\/ledsolintel.com\/product\/lampara-de-mesa-lisboa-de-sulion\/#breadcrumb","itemListElement":[{"@type":"ListItem","position":1,"name":"Portada","item":"https:\/\/ledsolintel.com\/fr\/"},{"@type":"ListItem","position":2,"name":"Tienda","item":"https:\/\/ledsolintel.com\/tienda\/"},{"@type":"ListItem","position":3,"name":"L\u00e1mpara de mesa LISBOA de Sulion"}]},{"@type":"WebSite","@id":"https:\/\/ledsolintel.com\/#website","url":"https:\/\/ledsolintel.com\/","name":"Webmenaje","description":"Magasin d'ampoules et de lampes LED pour les professionnels","publisher":{"@id":"https:\/\/ledsolintel.com\/#organization"},"potentialAction":[{"@type":"SearchAction","target":{"@type":"EntryPoint","urlTemplate":"https:\/\/ledsolintel.com\/?s={search_term_string}"},"query-input":{"@type":"PropertyValueSpecification","valueRequired":true,"valueName":"search_term_string"}}],"inLanguage":"fr-FR"},{"@type":"Organization","@id":"https:\/\/ledsolintel.com\/#organization","name":"Solintel Noroeste, S.L.","url":"https:\/\/ledsolintel.com\/","logo":{"@type":"ImageObject","inLanguage":"fr-FR","@id":"https:\/\/ledsolintel.com\/#\/schema\/logo\/image\/","url":"https:\/\/ledsolintel.com\/wp-content\/uploads\/2024\/11\/webmenaje-logo-1508269066.jpg","contentUrl":"https:\/\/ledsolintel.com\/wp-content\/uploads\/2024\/11\/webmenaje-logo-1508269066.jpg","width":370,"height":90,"caption":"Solintel Noroeste, S.L."},"image":{"@id":"https:\/\/ledsolintel.com\/#\/schema\/logo\/image\/"},"sameAs":["http:\/\/www.facebook.com\/webmenaje","https:\/\/x.com\/webmenaje","https:\/\/www.youtube.com\/channel\/UCX2KoVoeCG4LocZjUc6LmSQ","http:\/\/www.pinterest.com\/webmenaje"]}]}},"_links":{"self":[{"href":"https:\/\/ledsolintel.com\/fr\/wp-json\/wp\/v2\/product\/245499","targetHints":{"allow":["GET"]}}],"collection":[{"href":"https:\/\/ledsolintel.com\/fr\/wp-json\/wp\/v2\/product"}],"about":[{"href":"https:\/\/ledsolintel.com\/fr\/wp-json\/wp\/v2\/types\/product"}],"version-history":[{"count":0,"href":"https:\/\/ledsolintel.com\/fr\/wp-json\/wp\/v2\/product\/245499\/revisions"}],"wp:featuredmedia":[{"embeddable":true,"href":"https:\/\/ledsolintel.com\/fr\/wp-json\/wp\/v2\/media\/245494"}],"wp:attachment":[{"href":"https:\/\/ledsolintel.com\/fr\/wp-json\/wp\/v2\/media?parent=245499"}],"wp:term":[{"taxonomy":"product_brand","embeddable":true,"href":"https:\/\/ledsolintel.com\/fr\/wp-json\/wp\/v2\/product_brand?post=245499"},{"taxonomy":"product_cat","embeddable":true,"href":"https:\/\/ledsolintel.com\/fr\/wp-json\/wp\/v2\/product_cat?post=245499"},{"taxonomy":"product_tag","embeddable":true,"href":"https:\/\/ledsolintel.com\/fr\/wp-json\/wp\/v2\/product_tag?post=245499"}],"curies":[{"name":"wp","href":"https:\/\/api.w.org\/{rel}","templated":true}]}}