{"id":245488,"date":"2022-10-17T16:52:33","date_gmt":"2022-10-17T14:52:33","guid":{"rendered":"https:\/\/nueva.ledsolintel.com\/product\/plafon-de-aluminio-blanco-60cm-lobby\/"},"modified":"2022-10-17T16:52:33","modified_gmt":"2022-10-17T14:52:33","slug":"plafon-de-aluminio-blanco-60cm-lobby","status":"publish","type":"product","link":"https:\/\/ledsolintel.com\/fr\/produit-2\/plafon-de-aluminio-blanco-60cm-lobby\/","title":{"rendered":"LOBBY 60 cm plafonnier de Sulion"},"content":{"rendered":"<p>Plaf\u00f3n LED circular blanco de 60 cm de di\u00e1metro, con interior de madera y funci\u00f3n de cambio de temperatura. Elegante, vers\u00e1til y con luz uniforme, este plaf\u00f3n ser\u00e1 el gran protagonista de la estancia. Gracias a su funci\u00f3n CCT podr\u00e1s ajustar la temperatura de la luz a las necesidades de cada momento. Acabado profesional, dise\u00f1o moderno y con temporizador.<\/p>","protected":false},"excerpt":{"rendered":"<p>Plaf\u00f3n LOBBY 60 cm de Sulion. Temperatura de color regulable, ideal para proyectos de interiorismo en espacios actuales y minimalistas<\/p>","protected":false},"featured_media":245483,"template":"","meta":[],"product_brand":[99383],"product_cat":[99573,99679,99909],"product_tag":[],"class_list":{"0":"post-245488","1":"product","2":"type-product","3":"status-publish","4":"has-post-thumbnail","6":"product_brand-sulion","7":"product_cat-iluminacion-interior","8":"product_cat-lamparas-de-techo","9":"product_cat-plafones-de-superficie","10":"pa_bombilla-integrada","11":"pa_cct-regulable","12":"pa_cri-101174","13":"pa_cuerpo-aluminio","14":"pa_diametro-60cm","15":"pa_frecuencia-50_60hz","16":"pa_luminosidad-3500lm","17":"pa_optica-101175","18":"pa_potencia-50w","19":"pa_proteccionip-ip20","20":"pa_regulacion-noregulable","21":"pa_vidautil-30000h","22":"pa_voltaje-200_240v","25":"instock","26":"taxable","27":"shipping-taxable","28":"purchasable","29":"product-type-simple"},"yoast_head":"<!-- This site is optimized with the Yoast SEO plugin v26.6 - https:\/\/yoast.com\/wordpress\/plugins\/seo\/ -->\n<title>Plaf\u00f3n LOBBY 60 cm de Sulion<\/title>\n<meta name=\"description\" content=\"Plaf\u00f3n LOBBY 60 cm de Sulion. Temperatura de color regulable, ideal para proyectos de interiorismo en espacios actuales y minimalistas\" \/>\n<meta name=\"robots\" content=\"index, follow, max-snippet:-1, max-image-preview:large, max-video-preview:-1\" \/>\n<link rel=\"canonical\" href=\"https:\/\/ledsolintel.com\/fr\/produit-2\/plafon-de-aluminio-blanco-60cm-lobby\/\" \/>\n<meta property=\"og:locale\" content=\"fr_FR\" \/>\n<meta property=\"og:type\" content=\"article\" \/>\n<meta property=\"og:title\" content=\"Plaf\u00f3n LOBBY 60 cm de Sulion\" \/>\n<meta property=\"og:description\" content=\"Plaf\u00f3n LOBBY 60 cm de Sulion. Temperatura de color regulable, ideal para proyectos de interiorismo en espacios actuales y minimalistas\" \/>\n<meta property=\"og:url\" content=\"https:\/\/ledsolintel.com\/fr\/produit-2\/plafon-de-aluminio-blanco-60cm-lobby\/\" \/>\n<meta property=\"og:site_name\" content=\"Ledsolintel\" \/>\n<meta property=\"article:publisher\" content=\"http:\/\/www.facebook.com\/webmenaje\" \/>\n<meta property=\"og:image\" content=\"https:\/\/ledsolintel.com\/wp-content\/uploads\/2022\/10\/16048-Plafon-LOBBY-60-cm-de-Sulion.jpg\" \/>\n\t<meta property=\"og:image:width\" content=\"1\" \/>\n\t<meta property=\"og:image:height\" content=\"1\" \/>\n\t<meta property=\"og:image:type\" content=\"image\/jpeg\" \/>\n<meta name=\"twitter:card\" content=\"summary_large_image\" \/>\n<meta name=\"twitter:site\" content=\"@webmenaje\" \/>\n<script type=\"application\/ld+json\" class=\"yoast-schema-graph\">{\"@context\":\"https:\/\/schema.org\",\"@graph\":[{\"@type\":\"WebPage\",\"@id\":\"https:\/\/ledsolintel.com\/product\/plafon-de-aluminio-blanco-60cm-lobby\/\",\"url\":\"https:\/\/ledsolintel.com\/product\/plafon-de-aluminio-blanco-60cm-lobby\/\",\"name\":\"Plaf\u00f3n LOBBY 60 cm de Sulion\",\"isPartOf\":{\"@id\":\"https:\/\/ledsolintel.com\/#website\"},\"primaryImageOfPage\":{\"@id\":\"https:\/\/ledsolintel.com\/product\/plafon-de-aluminio-blanco-60cm-lobby\/#primaryimage\"},\"image\":{\"@id\":\"https:\/\/ledsolintel.com\/product\/plafon-de-aluminio-blanco-60cm-lobby\/#primaryimage\"},\"thumbnailUrl\":\"https:\/\/ledsolintel.com\/wp-content\/uploads\/2022\/10\/16048-Plafon-LOBBY-60-cm-de-Sulion.jpg\",\"datePublished\":\"2022-10-17T14:52:33+00:00\",\"description\":\"Plaf\u00f3n LOBBY 60 cm de Sulion. Temperatura de color regulable, ideal para proyectos de interiorismo en espacios actuales y minimalistas\",\"breadcrumb\":{\"@id\":\"https:\/\/ledsolintel.com\/product\/plafon-de-aluminio-blanco-60cm-lobby\/#breadcrumb\"},\"inLanguage\":\"fr-FR\",\"potentialAction\":[{\"@type\":\"ReadAction\",\"target\":[\"https:\/\/ledsolintel.com\/product\/plafon-de-aluminio-blanco-60cm-lobby\/\"]}]},{\"@type\":\"ImageObject\",\"inLanguage\":\"fr-FR\",\"@id\":\"https:\/\/ledsolintel.com\/product\/plafon-de-aluminio-blanco-60cm-lobby\/#primaryimage\",\"url\":\"https:\/\/ledsolintel.com\/wp-content\/uploads\/2022\/10\/16048-Plafon-LOBBY-60-cm-de-Sulion.jpg\",\"contentUrl\":\"https:\/\/ledsolintel.com\/wp-content\/uploads\/2022\/10\/16048-Plafon-LOBBY-60-cm-de-Sulion.jpg\",\"caption\":\"Plaf\u00f3n LOBBY 60 cm de Sulion\"},{\"@type\":\"BreadcrumbList\",\"@id\":\"https:\/\/ledsolintel.com\/product\/plafon-de-aluminio-blanco-60cm-lobby\/#breadcrumb\",\"itemListElement\":[{\"@type\":\"ListItem\",\"position\":1,\"name\":\"Portada\",\"item\":\"https:\/\/ledsolintel.com\/fr\/\"},{\"@type\":\"ListItem\",\"position\":2,\"name\":\"Tienda\",\"item\":\"https:\/\/ledsolintel.com\/tienda\/\"},{\"@type\":\"ListItem\",\"position\":3,\"name\":\"Plaf\u00f3n LOBBY 60 cm de Sulion\"}]},{\"@type\":\"WebSite\",\"@id\":\"https:\/\/ledsolintel.com\/#website\",\"url\":\"https:\/\/ledsolintel.com\/\",\"name\":\"Webmenaje\",\"description\":\"Tienda de bombillas y l\u00e1mparas LED para profesionales\",\"publisher\":{\"@id\":\"https:\/\/ledsolintel.com\/#organization\"},\"potentialAction\":[{\"@type\":\"SearchAction\",\"target\":{\"@type\":\"EntryPoint\",\"urlTemplate\":\"https:\/\/ledsolintel.com\/?s={search_term_string}\"},\"query-input\":{\"@type\":\"PropertyValueSpecification\",\"valueRequired\":true,\"valueName\":\"search_term_string\"}}],\"inLanguage\":\"fr-FR\"},{\"@type\":\"Organization\",\"@id\":\"https:\/\/ledsolintel.com\/#organization\",\"name\":\"Solintel Noroeste, S.L.\",\"url\":\"https:\/\/ledsolintel.com\/\",\"logo\":{\"@type\":\"ImageObject\",\"inLanguage\":\"fr-FR\",\"@id\":\"https:\/\/ledsolintel.com\/#\/schema\/logo\/image\/\",\"url\":\"https:\/\/ledsolintel.com\/wp-content\/uploads\/2024\/11\/webmenaje-logo-1508269066.jpg\",\"contentUrl\":\"https:\/\/ledsolintel.com\/wp-content\/uploads\/2024\/11\/webmenaje-logo-1508269066.jpg\",\"width\":370,\"height\":90,\"caption\":\"Solintel Noroeste, S.L.\"},\"image\":{\"@id\":\"https:\/\/ledsolintel.com\/#\/schema\/logo\/image\/\"},\"sameAs\":[\"http:\/\/www.facebook.com\/webmenaje\",\"https:\/\/x.com\/webmenaje\",\"https:\/\/www.youtube.com\/channel\/UCX2KoVoeCG4LocZjUc6LmSQ\",\"http:\/\/www.pinterest.com\/webmenaje\"]}]}<\/script>\n<!-- \/ Yoast SEO plugin. -->","yoast_head_json":{"title":"LOBBY 60 cm plafonnier de Sulion","description":"Plaf\u00f3n LOBBY 60 cm de Sulion. Temperatura de color regulable, ideal para proyectos de interiorismo en espacios actuales y minimalistas","robots":{"index":"index","follow":"follow","max-snippet":"max-snippet:-1","max-image-preview":"max-image-preview:large","max-video-preview":"max-video-preview:-1"},"canonical":"https:\/\/ledsolintel.com\/fr\/produit-2\/plafon-de-aluminio-blanco-60cm-lobby\/","og_locale":"fr_FR","og_type":"article","og_title":"Plaf\u00f3n LOBBY 60 cm de Sulion","og_description":"Plaf\u00f3n LOBBY 60 cm de Sulion. Temperatura de color regulable, ideal para proyectos de interiorismo en espacios actuales y minimalistas","og_url":"https:\/\/ledsolintel.com\/fr\/produit-2\/plafon-de-aluminio-blanco-60cm-lobby\/","og_site_name":"Ledsolintel","article_publisher":"http:\/\/www.facebook.com\/webmenaje","og_image":[{"url":"https:\/\/ledsolintel.com\/wp-content\/uploads\/2022\/10\/16048-Plafon-LOBBY-60-cm-de-Sulion.jpg","width":1,"height":1,"type":"image\/jpeg"}],"twitter_card":"summary_large_image","twitter_site":"@webmenaje","schema":{"@context":"https:\/\/schema.org","@graph":[{"@type":"WebPage","@id":"https:\/\/ledsolintel.com\/product\/plafon-de-aluminio-blanco-60cm-lobby\/","url":"https:\/\/ledsolintel.com\/product\/plafon-de-aluminio-blanco-60cm-lobby\/","name":"LOBBY 60 cm plafonnier de Sulion","isPartOf":{"@id":"https:\/\/ledsolintel.com\/#website"},"primaryImageOfPage":{"@id":"https:\/\/ledsolintel.com\/product\/plafon-de-aluminio-blanco-60cm-lobby\/#primaryimage"},"image":{"@id":"https:\/\/ledsolintel.com\/product\/plafon-de-aluminio-blanco-60cm-lobby\/#primaryimage"},"thumbnailUrl":"https:\/\/ledsolintel.com\/wp-content\/uploads\/2022\/10\/16048-Plafon-LOBBY-60-cm-de-Sulion.jpg","datePublished":"2022-10-17T14:52:33+00:00","description":"Plaf\u00f3n LOBBY 60 cm de Sulion. Temperatura de color regulable, ideal para proyectos de interiorismo en espacios actuales y minimalistas","breadcrumb":{"@id":"https:\/\/ledsolintel.com\/product\/plafon-de-aluminio-blanco-60cm-lobby\/#breadcrumb"},"inLanguage":"fr-FR","potentialAction":[{"@type":"ReadAction","target":["https:\/\/ledsolintel.com\/product\/plafon-de-aluminio-blanco-60cm-lobby\/"]}]},{"@type":"ImageObject","inLanguage":"fr-FR","@id":"https:\/\/ledsolintel.com\/product\/plafon-de-aluminio-blanco-60cm-lobby\/#primaryimage","url":"https:\/\/ledsolintel.com\/wp-content\/uploads\/2022\/10\/16048-Plafon-LOBBY-60-cm-de-Sulion.jpg","contentUrl":"https:\/\/ledsolintel.com\/wp-content\/uploads\/2022\/10\/16048-Plafon-LOBBY-60-cm-de-Sulion.jpg","caption":"Plaf\u00f3n LOBBY 60 cm de Sulion"},{"@type":"BreadcrumbList","@id":"https:\/\/ledsolintel.com\/product\/plafon-de-aluminio-blanco-60cm-lobby\/#breadcrumb","itemListElement":[{"@type":"ListItem","position":1,"name":"Portada","item":"https:\/\/ledsolintel.com\/fr\/"},{"@type":"ListItem","position":2,"name":"Tienda","item":"https:\/\/ledsolintel.com\/tienda\/"},{"@type":"ListItem","position":3,"name":"Plaf\u00f3n LOBBY 60 cm de Sulion"}]},{"@type":"WebSite","@id":"https:\/\/ledsolintel.com\/#website","url":"https:\/\/ledsolintel.com\/","name":"Webmenaje","description":"Magasin d'ampoules et de lampes LED pour les professionnels","publisher":{"@id":"https:\/\/ledsolintel.com\/#organization"},"potentialAction":[{"@type":"SearchAction","target":{"@type":"EntryPoint","urlTemplate":"https:\/\/ledsolintel.com\/?s={search_term_string}"},"query-input":{"@type":"PropertyValueSpecification","valueRequired":true,"valueName":"search_term_string"}}],"inLanguage":"fr-FR"},{"@type":"Organization","@id":"https:\/\/ledsolintel.com\/#organization","name":"Solintel Noroeste, S.L.","url":"https:\/\/ledsolintel.com\/","logo":{"@type":"ImageObject","inLanguage":"fr-FR","@id":"https:\/\/ledsolintel.com\/#\/schema\/logo\/image\/","url":"https:\/\/ledsolintel.com\/wp-content\/uploads\/2024\/11\/webmenaje-logo-1508269066.jpg","contentUrl":"https:\/\/ledsolintel.com\/wp-content\/uploads\/2024\/11\/webmenaje-logo-1508269066.jpg","width":370,"height":90,"caption":"Solintel Noroeste, S.L."},"image":{"@id":"https:\/\/ledsolintel.com\/#\/schema\/logo\/image\/"},"sameAs":["http:\/\/www.facebook.com\/webmenaje","https:\/\/x.com\/webmenaje","https:\/\/www.youtube.com\/channel\/UCX2KoVoeCG4LocZjUc6LmSQ","http:\/\/www.pinterest.com\/webmenaje"]}]}},"_links":{"self":[{"href":"https:\/\/ledsolintel.com\/fr\/wp-json\/wp\/v2\/product\/245488","targetHints":{"allow":["GET"]}}],"collection":[{"href":"https:\/\/ledsolintel.com\/fr\/wp-json\/wp\/v2\/product"}],"about":[{"href":"https:\/\/ledsolintel.com\/fr\/wp-json\/wp\/v2\/types\/product"}],"version-history":[{"count":0,"href":"https:\/\/ledsolintel.com\/fr\/wp-json\/wp\/v2\/product\/245488\/revisions"}],"wp:featuredmedia":[{"embeddable":true,"href":"https:\/\/ledsolintel.com\/fr\/wp-json\/wp\/v2\/media\/245483"}],"wp:attachment":[{"href":"https:\/\/ledsolintel.com\/fr\/wp-json\/wp\/v2\/media?parent=245488"}],"wp:term":[{"taxonomy":"product_brand","embeddable":true,"href":"https:\/\/ledsolintel.com\/fr\/wp-json\/wp\/v2\/product_brand?post=245488"},{"taxonomy":"product_cat","embeddable":true,"href":"https:\/\/ledsolintel.com\/fr\/wp-json\/wp\/v2\/product_cat?post=245488"},{"taxonomy":"product_tag","embeddable":true,"href":"https:\/\/ledsolintel.com\/fr\/wp-json\/wp\/v2\/product_tag?post=245488"}],"curies":[{"name":"wp","href":"https:\/\/api.w.org\/{rel}","templated":true}]}}