{"id":245476,"date":"2022-10-17T16:52:33","date_gmt":"2022-10-17T14:52:33","guid":{"rendered":"https:\/\/nueva.ledsolintel.com\/product\/lampara-de-techo-de-3-bolas-de-yeso-negro-y-vidrio-eclipse\/"},"modified":"2022-10-17T16:52:33","modified_gmt":"2022-10-17T14:52:33","slug":"lampara-de-techo-de-3-bolas-de-yeso-negro-y-vidrio-eclipse","status":"publish","type":"product","link":"https:\/\/ledsolintel.com\/fr\/produit-2\/lampara-de-techo-de-3-bolas-de-yeso-negro-y-vidrio-eclipse\/","title":{"rendered":"Suspension \u00e0 3 boules ECLIPSE de Sulion"},"content":{"rendered":"<p>L\u00e1mpara de techo con 3 esferas de yeso negro y vidrio opal. El yeso se ha impuesto como uno de los materiales de moda para vestir interiores. Esta pieza est\u00e1 formada por 3 esferas colgantes con un acabado pulido impecable y elegante, ideal para dar personalidad a cualquier estancia. Uso de casquillo E27 y cable de nailon negro. Posee unos enganches para el techo con los que podr\u00e1s jugar con distintas alturas y formas. Deja que las fases de ECLIPSE iluminen tu hogar.<\/p>","protected":false},"excerpt":{"rendered":"<p>L\u00e1mpara colgante 3 bolas ECLIPSE de Sulion. Tres puntos de luz para jugar con alturas y \u00e1ngulos. Ideal para proyectos de arquitectura e interiorismo.<\/p>","protected":false},"featured_media":245471,"template":"","meta":[],"product_brand":[99383],"product_cat":[99573,99883,99679],"product_tag":[],"class_list":{"0":"post-245476","1":"product","2":"type-product","3":"status-publish","4":"has-post-thumbnail","6":"product_brand-sulion","7":"product_cat-iluminacion-interior","8":"product_cat-apliques-y-lamparas-de-techo","9":"product_cat-lamparas-de-techo","10":"pa_bombilla-noincluida","11":"pa_casquillo-e27","12":"pa_clase-i","13":"pa_cuerpo-yeso","14":"pa_diametro-15cm","15":"pa_difusor-vidrio","16":"pa_frecuencia-50_60hz","17":"pa_longituddecable-1000mm","18":"pa_potencia-40w","19":"pa_proteccionip-ip20","20":"pa_puntosdeluz-101123","21":"pa_voltaje-110_240v","24":"instock","25":"taxable","26":"shipping-taxable","27":"purchasable","28":"product-type-simple"},"yoast_head":"<!-- This site is optimized with the Yoast SEO plugin v26.6 - https:\/\/yoast.com\/wordpress\/plugins\/seo\/ -->\n<title>L\u00e1mpara colgante 3 bolas ECLIPSE de Sulion<\/title>\n<meta name=\"description\" content=\"L\u00e1mpara colgante 3 bolas ECLIPSE de Sulion. Tres puntos de luz para jugar con alturas y \u00e1ngulos. Ideal para proyectos de arquitectura e interiorismo.\" \/>\n<meta name=\"robots\" content=\"index, follow, max-snippet:-1, max-image-preview:large, max-video-preview:-1\" \/>\n<link rel=\"canonical\" href=\"https:\/\/ledsolintel.com\/fr\/produit-2\/lampara-de-techo-de-3-bolas-de-yeso-negro-y-vidrio-eclipse\/\" \/>\n<meta property=\"og:locale\" content=\"fr_FR\" \/>\n<meta property=\"og:type\" content=\"article\" \/>\n<meta property=\"og:title\" content=\"L\u00e1mpara colgante 3 bolas ECLIPSE de Sulion\" \/>\n<meta property=\"og:description\" content=\"L\u00e1mpara colgante 3 bolas ECLIPSE de Sulion. Tres puntos de luz para jugar con alturas y \u00e1ngulos. Ideal para proyectos de arquitectura e interiorismo.\" \/>\n<meta property=\"og:url\" content=\"https:\/\/ledsolintel.com\/fr\/produit-2\/lampara-de-techo-de-3-bolas-de-yeso-negro-y-vidrio-eclipse\/\" \/>\n<meta property=\"og:site_name\" content=\"Ledsolintel\" \/>\n<meta property=\"article:publisher\" content=\"http:\/\/www.facebook.com\/webmenaje\" \/>\n<meta property=\"og:image\" content=\"https:\/\/ledsolintel.com\/wp-content\/uploads\/2022\/10\/16010-Lampara-colgante-3-bolas-ECLIPSE-de-Sulion.jpg\" \/>\n\t<meta property=\"og:image:width\" content=\"1\" \/>\n\t<meta property=\"og:image:height\" content=\"1\" \/>\n\t<meta property=\"og:image:type\" content=\"image\/jpeg\" \/>\n<meta name=\"twitter:card\" content=\"summary_large_image\" \/>\n<meta name=\"twitter:site\" content=\"@webmenaje\" \/>\n<script type=\"application\/ld+json\" class=\"yoast-schema-graph\">{\"@context\":\"https:\/\/schema.org\",\"@graph\":[{\"@type\":\"WebPage\",\"@id\":\"https:\/\/ledsolintel.com\/product\/lampara-de-techo-de-3-bolas-de-yeso-negro-y-vidrio-eclipse\/\",\"url\":\"https:\/\/ledsolintel.com\/product\/lampara-de-techo-de-3-bolas-de-yeso-negro-y-vidrio-eclipse\/\",\"name\":\"L\u00e1mpara colgante 3 bolas ECLIPSE de Sulion\",\"isPartOf\":{\"@id\":\"https:\/\/ledsolintel.com\/#website\"},\"primaryImageOfPage\":{\"@id\":\"https:\/\/ledsolintel.com\/product\/lampara-de-techo-de-3-bolas-de-yeso-negro-y-vidrio-eclipse\/#primaryimage\"},\"image\":{\"@id\":\"https:\/\/ledsolintel.com\/product\/lampara-de-techo-de-3-bolas-de-yeso-negro-y-vidrio-eclipse\/#primaryimage\"},\"thumbnailUrl\":\"https:\/\/ledsolintel.com\/wp-content\/uploads\/2022\/10\/16010-Lampara-colgante-3-bolas-ECLIPSE-de-Sulion.jpg\",\"datePublished\":\"2022-10-17T14:52:33+00:00\",\"description\":\"L\u00e1mpara colgante 3 bolas ECLIPSE de Sulion. Tres puntos de luz para jugar con alturas y \u00e1ngulos. Ideal para proyectos de arquitectura e interiorismo.\",\"breadcrumb\":{\"@id\":\"https:\/\/ledsolintel.com\/product\/lampara-de-techo-de-3-bolas-de-yeso-negro-y-vidrio-eclipse\/#breadcrumb\"},\"inLanguage\":\"fr-FR\",\"potentialAction\":[{\"@type\":\"ReadAction\",\"target\":[\"https:\/\/ledsolintel.com\/product\/lampara-de-techo-de-3-bolas-de-yeso-negro-y-vidrio-eclipse\/\"]}]},{\"@type\":\"ImageObject\",\"inLanguage\":\"fr-FR\",\"@id\":\"https:\/\/ledsolintel.com\/product\/lampara-de-techo-de-3-bolas-de-yeso-negro-y-vidrio-eclipse\/#primaryimage\",\"url\":\"https:\/\/ledsolintel.com\/wp-content\/uploads\/2022\/10\/16010-Lampara-colgante-3-bolas-ECLIPSE-de-Sulion.jpg\",\"contentUrl\":\"https:\/\/ledsolintel.com\/wp-content\/uploads\/2022\/10\/16010-Lampara-colgante-3-bolas-ECLIPSE-de-Sulion.jpg\",\"caption\":\"L\u00e1mpara colgante 3 bolas ECLIPSE de Sulion\"},{\"@type\":\"BreadcrumbList\",\"@id\":\"https:\/\/ledsolintel.com\/product\/lampara-de-techo-de-3-bolas-de-yeso-negro-y-vidrio-eclipse\/#breadcrumb\",\"itemListElement\":[{\"@type\":\"ListItem\",\"position\":1,\"name\":\"Portada\",\"item\":\"https:\/\/ledsolintel.com\/fr\/\"},{\"@type\":\"ListItem\",\"position\":2,\"name\":\"Tienda\",\"item\":\"https:\/\/ledsolintel.com\/tienda\/\"},{\"@type\":\"ListItem\",\"position\":3,\"name\":\"L\u00e1mpara colgante 3 bolas ECLIPSE de Sulion\"}]},{\"@type\":\"WebSite\",\"@id\":\"https:\/\/ledsolintel.com\/#website\",\"url\":\"https:\/\/ledsolintel.com\/\",\"name\":\"Webmenaje\",\"description\":\"Tienda de bombillas y l\u00e1mparas LED para profesionales\",\"publisher\":{\"@id\":\"https:\/\/ledsolintel.com\/#organization\"},\"potentialAction\":[{\"@type\":\"SearchAction\",\"target\":{\"@type\":\"EntryPoint\",\"urlTemplate\":\"https:\/\/ledsolintel.com\/?s={search_term_string}\"},\"query-input\":{\"@type\":\"PropertyValueSpecification\",\"valueRequired\":true,\"valueName\":\"search_term_string\"}}],\"inLanguage\":\"fr-FR\"},{\"@type\":\"Organization\",\"@id\":\"https:\/\/ledsolintel.com\/#organization\",\"name\":\"Solintel Noroeste, S.L.\",\"url\":\"https:\/\/ledsolintel.com\/\",\"logo\":{\"@type\":\"ImageObject\",\"inLanguage\":\"fr-FR\",\"@id\":\"https:\/\/ledsolintel.com\/#\/schema\/logo\/image\/\",\"url\":\"https:\/\/ledsolintel.com\/wp-content\/uploads\/2024\/11\/webmenaje-logo-1508269066.jpg\",\"contentUrl\":\"https:\/\/ledsolintel.com\/wp-content\/uploads\/2024\/11\/webmenaje-logo-1508269066.jpg\",\"width\":370,\"height\":90,\"caption\":\"Solintel Noroeste, S.L.\"},\"image\":{\"@id\":\"https:\/\/ledsolintel.com\/#\/schema\/logo\/image\/\"},\"sameAs\":[\"http:\/\/www.facebook.com\/webmenaje\",\"https:\/\/x.com\/webmenaje\",\"https:\/\/www.youtube.com\/channel\/UCX2KoVoeCG4LocZjUc6LmSQ\",\"http:\/\/www.pinterest.com\/webmenaje\"]}]}<\/script>\n<!-- \/ Yoast SEO plugin. -->","yoast_head_json":{"title":"Suspension \u00e0 3 boules ECLIPSE de Sulion","description":"L\u00e1mpara colgante 3 bolas ECLIPSE de Sulion. Tres puntos de luz para jugar con alturas y \u00e1ngulos. Ideal para proyectos de arquitectura e interiorismo.","robots":{"index":"index","follow":"follow","max-snippet":"max-snippet:-1","max-image-preview":"max-image-preview:large","max-video-preview":"max-video-preview:-1"},"canonical":"https:\/\/ledsolintel.com\/fr\/produit-2\/lampara-de-techo-de-3-bolas-de-yeso-negro-y-vidrio-eclipse\/","og_locale":"fr_FR","og_type":"article","og_title":"L\u00e1mpara colgante 3 bolas ECLIPSE de Sulion","og_description":"L\u00e1mpara colgante 3 bolas ECLIPSE de Sulion. Tres puntos de luz para jugar con alturas y \u00e1ngulos. Ideal para proyectos de arquitectura e interiorismo.","og_url":"https:\/\/ledsolintel.com\/fr\/produit-2\/lampara-de-techo-de-3-bolas-de-yeso-negro-y-vidrio-eclipse\/","og_site_name":"Ledsolintel","article_publisher":"http:\/\/www.facebook.com\/webmenaje","og_image":[{"url":"https:\/\/ledsolintel.com\/wp-content\/uploads\/2022\/10\/16010-Lampara-colgante-3-bolas-ECLIPSE-de-Sulion.jpg","width":1,"height":1,"type":"image\/jpeg"}],"twitter_card":"summary_large_image","twitter_site":"@webmenaje","schema":{"@context":"https:\/\/schema.org","@graph":[{"@type":"WebPage","@id":"https:\/\/ledsolintel.com\/product\/lampara-de-techo-de-3-bolas-de-yeso-negro-y-vidrio-eclipse\/","url":"https:\/\/ledsolintel.com\/product\/lampara-de-techo-de-3-bolas-de-yeso-negro-y-vidrio-eclipse\/","name":"Suspension \u00e0 3 boules ECLIPSE de Sulion","isPartOf":{"@id":"https:\/\/ledsolintel.com\/#website"},"primaryImageOfPage":{"@id":"https:\/\/ledsolintel.com\/product\/lampara-de-techo-de-3-bolas-de-yeso-negro-y-vidrio-eclipse\/#primaryimage"},"image":{"@id":"https:\/\/ledsolintel.com\/product\/lampara-de-techo-de-3-bolas-de-yeso-negro-y-vidrio-eclipse\/#primaryimage"},"thumbnailUrl":"https:\/\/ledsolintel.com\/wp-content\/uploads\/2022\/10\/16010-Lampara-colgante-3-bolas-ECLIPSE-de-Sulion.jpg","datePublished":"2022-10-17T14:52:33+00:00","description":"L\u00e1mpara colgante 3 bolas ECLIPSE de Sulion. Tres puntos de luz para jugar con alturas y \u00e1ngulos. Ideal para proyectos de arquitectura e interiorismo.","breadcrumb":{"@id":"https:\/\/ledsolintel.com\/product\/lampara-de-techo-de-3-bolas-de-yeso-negro-y-vidrio-eclipse\/#breadcrumb"},"inLanguage":"fr-FR","potentialAction":[{"@type":"ReadAction","target":["https:\/\/ledsolintel.com\/product\/lampara-de-techo-de-3-bolas-de-yeso-negro-y-vidrio-eclipse\/"]}]},{"@type":"ImageObject","inLanguage":"fr-FR","@id":"https:\/\/ledsolintel.com\/product\/lampara-de-techo-de-3-bolas-de-yeso-negro-y-vidrio-eclipse\/#primaryimage","url":"https:\/\/ledsolintel.com\/wp-content\/uploads\/2022\/10\/16010-Lampara-colgante-3-bolas-ECLIPSE-de-Sulion.jpg","contentUrl":"https:\/\/ledsolintel.com\/wp-content\/uploads\/2022\/10\/16010-Lampara-colgante-3-bolas-ECLIPSE-de-Sulion.jpg","caption":"L\u00e1mpara colgante 3 bolas ECLIPSE de Sulion"},{"@type":"BreadcrumbList","@id":"https:\/\/ledsolintel.com\/product\/lampara-de-techo-de-3-bolas-de-yeso-negro-y-vidrio-eclipse\/#breadcrumb","itemListElement":[{"@type":"ListItem","position":1,"name":"Portada","item":"https:\/\/ledsolintel.com\/fr\/"},{"@type":"ListItem","position":2,"name":"Tienda","item":"https:\/\/ledsolintel.com\/tienda\/"},{"@type":"ListItem","position":3,"name":"L\u00e1mpara colgante 3 bolas ECLIPSE de Sulion"}]},{"@type":"WebSite","@id":"https:\/\/ledsolintel.com\/#website","url":"https:\/\/ledsolintel.com\/","name":"Webmenaje","description":"Magasin d'ampoules et de lampes LED pour les professionnels","publisher":{"@id":"https:\/\/ledsolintel.com\/#organization"},"potentialAction":[{"@type":"SearchAction","target":{"@type":"EntryPoint","urlTemplate":"https:\/\/ledsolintel.com\/?s={search_term_string}"},"query-input":{"@type":"PropertyValueSpecification","valueRequired":true,"valueName":"search_term_string"}}],"inLanguage":"fr-FR"},{"@type":"Organization","@id":"https:\/\/ledsolintel.com\/#organization","name":"Solintel Noroeste, S.L.","url":"https:\/\/ledsolintel.com\/","logo":{"@type":"ImageObject","inLanguage":"fr-FR","@id":"https:\/\/ledsolintel.com\/#\/schema\/logo\/image\/","url":"https:\/\/ledsolintel.com\/wp-content\/uploads\/2024\/11\/webmenaje-logo-1508269066.jpg","contentUrl":"https:\/\/ledsolintel.com\/wp-content\/uploads\/2024\/11\/webmenaje-logo-1508269066.jpg","width":370,"height":90,"caption":"Solintel Noroeste, S.L."},"image":{"@id":"https:\/\/ledsolintel.com\/#\/schema\/logo\/image\/"},"sameAs":["http:\/\/www.facebook.com\/webmenaje","https:\/\/x.com\/webmenaje","https:\/\/www.youtube.com\/channel\/UCX2KoVoeCG4LocZjUc6LmSQ","http:\/\/www.pinterest.com\/webmenaje"]}]}},"_links":{"self":[{"href":"https:\/\/ledsolintel.com\/fr\/wp-json\/wp\/v2\/product\/245476","targetHints":{"allow":["GET"]}}],"collection":[{"href":"https:\/\/ledsolintel.com\/fr\/wp-json\/wp\/v2\/product"}],"about":[{"href":"https:\/\/ledsolintel.com\/fr\/wp-json\/wp\/v2\/types\/product"}],"version-history":[{"count":0,"href":"https:\/\/ledsolintel.com\/fr\/wp-json\/wp\/v2\/product\/245476\/revisions"}],"wp:featuredmedia":[{"embeddable":true,"href":"https:\/\/ledsolintel.com\/fr\/wp-json\/wp\/v2\/media\/245471"}],"wp:attachment":[{"href":"https:\/\/ledsolintel.com\/fr\/wp-json\/wp\/v2\/media?parent=245476"}],"wp:term":[{"taxonomy":"product_brand","embeddable":true,"href":"https:\/\/ledsolintel.com\/fr\/wp-json\/wp\/v2\/product_brand?post=245476"},{"taxonomy":"product_cat","embeddable":true,"href":"https:\/\/ledsolintel.com\/fr\/wp-json\/wp\/v2\/product_cat?post=245476"},{"taxonomy":"product_tag","embeddable":true,"href":"https:\/\/ledsolintel.com\/fr\/wp-json\/wp\/v2\/product_tag?post=245476"}],"curies":[{"name":"wp","href":"https:\/\/api.w.org\/{rel}","templated":true}]}}