{"id":245383,"date":"2022-10-17T16:52:33","date_gmt":"2022-10-17T14:52:33","guid":{"rendered":"https:\/\/nueva.ledsolintel.com\/product\/plafon-de-bano-congo-de-sulion\/"},"modified":"2022-10-17T16:52:33","modified_gmt":"2022-10-17T14:52:33","slug":"plafon-de-bano-congo-de-sulion","status":"publish","type":"product","link":"https:\/\/ledsolintel.com\/fr\/produit-2\/plafon-de-bano-congo-de-sulion\/","title":{"rendered":"Plafonnier de salle de bains CONGO de Sulion"},"content":{"rendered":"<p>Congo es un plaf\u00f3n coqueto y original. Su difusor de acr\u00edlico reparte la iluminaci\u00f3n de manera homog\u00e9nea creando un efecto casi m\u00e1gico que se ve potenciado por la luz reflejada en su acabado interior. Tambi\u00e9n se puede disponer a modo de aplique y combinar una o varias piezas, jugando con la composici\u00f3n y la luz. Su fin\u00edsimo acabado a juego con el interior, sus 6W de led y su discreta torniller\u00eda allen hacen de este producto un verdadero tesoro. Adem\u00e1s nos permite elegir la temperatura de color antes de su instalaci\u00f3n (3000-4000k). *Este producto es ideal para ba\u00f1os por su \u00edndice de protecci\u00f3n frente a la humedad pero puede usarse en cualquier estancia.<\/p>","protected":false},"excerpt":{"rendered":"<p>Plaf\u00f3n de ba\u00f1o CONGO de Sulion. Luz difusa para una iluminaci\u00f3n suave. Protecci\u00f3n IP44, ideal para ba\u00f1os y ambientes h\u00famedos.<\/p>","protected":false},"featured_media":245375,"template":"","meta":[],"product_brand":[99383],"product_cat":[99573,99637],"product_tag":[],"class_list":{"0":"post-245383","1":"product","2":"type-product","3":"status-publish","4":"has-post-thumbnail","6":"product_brand-sulion","7":"product_cat-iluminacion-interior","8":"product_cat-lamparas-de-bano","9":"pa_acabado-cromo","10":"pa_acabado-laton","11":"pa_acabado-negro","12":"pa_altura-88mm","13":"pa_bombilla-integrada","14":"pa_cct-3000_4000kregulable","15":"pa_clase-i","16":"pa_cri-101172","17":"pa_cuerpo-metal","18":"pa_diametro-100mm","19":"pa_difusor-acrilico","20":"pa_frecuencia-50_60hz","21":"pa_luminosidad-350lm","22":"pa_optica-100960","23":"pa_potencia-6w","24":"pa_proteccionip-ip44","25":"pa_regulacion-noregulable","26":"pa_vidautil-20000h","27":"pa_voltaje-200_240v","30":"instock","31":"taxable","32":"shipping-taxable","33":"purchasable","34":"product-type-variable","35":"has-default-attributes"},"yoast_head":"<!-- This site is optimized with the Yoast SEO plugin v26.6 - https:\/\/yoast.com\/wordpress\/plugins\/seo\/ -->\n<title>Plaf\u00f3n de ba\u00f1o CONGO de Sulion<\/title>\n<meta name=\"description\" content=\"Plaf\u00f3n de ba\u00f1o CONGO de Sulion. Luz difusa para una iluminaci\u00f3n suave. Protecci\u00f3n IP44, ideal para ba\u00f1os y ambientes h\u00famedos.\" \/>\n<meta name=\"robots\" content=\"index, follow, max-snippet:-1, max-image-preview:large, max-video-preview:-1\" \/>\n<link rel=\"canonical\" href=\"https:\/\/ledsolintel.com\/fr\/produit-2\/plafon-de-bano-congo-de-sulion\/\" \/>\n<meta property=\"og:locale\" content=\"fr_FR\" \/>\n<meta property=\"og:type\" content=\"article\" \/>\n<meta property=\"og:title\" content=\"Plaf\u00f3n de ba\u00f1o CONGO de Sulion\" \/>\n<meta property=\"og:description\" content=\"Plaf\u00f3n de ba\u00f1o CONGO de Sulion. Luz difusa para una iluminaci\u00f3n suave. Protecci\u00f3n IP44, ideal para ba\u00f1os y ambientes h\u00famedos.\" \/>\n<meta property=\"og:url\" content=\"https:\/\/ledsolintel.com\/fr\/produit-2\/plafon-de-bano-congo-de-sulion\/\" \/>\n<meta property=\"og:site_name\" content=\"Ledsolintel\" \/>\n<meta property=\"article:publisher\" content=\"http:\/\/www.facebook.com\/webmenaje\" \/>\n<meta property=\"og:image\" content=\"https:\/\/ledsolintel.com\/wp-content\/uploads\/2022\/10\/18891-Plafon-de-bano-CONGO-de-Sulion.jpg\" \/>\n\t<meta property=\"og:image:width\" content=\"1\" \/>\n\t<meta property=\"og:image:height\" content=\"1\" \/>\n\t<meta property=\"og:image:type\" content=\"image\/jpeg\" \/>\n<meta name=\"twitter:card\" content=\"summary_large_image\" \/>\n<meta name=\"twitter:site\" content=\"@webmenaje\" \/>\n<meta name=\"twitter:label1\" content=\"Dur\u00e9e de lecture estim\u00e9e\" \/>\n\t<meta name=\"twitter:data1\" content=\"1 minute\" \/>\n<script type=\"application\/ld+json\" class=\"yoast-schema-graph\">{\"@context\":\"https:\/\/schema.org\",\"@graph\":[{\"@type\":\"WebPage\",\"@id\":\"https:\/\/ledsolintel.com\/product\/plafon-de-bano-congo-de-sulion\/\",\"url\":\"https:\/\/ledsolintel.com\/product\/plafon-de-bano-congo-de-sulion\/\",\"name\":\"Plaf\u00f3n de ba\u00f1o CONGO de Sulion\",\"isPartOf\":{\"@id\":\"https:\/\/ledsolintel.com\/#website\"},\"primaryImageOfPage\":{\"@id\":\"https:\/\/ledsolintel.com\/product\/plafon-de-bano-congo-de-sulion\/#primaryimage\"},\"image\":{\"@id\":\"https:\/\/ledsolintel.com\/product\/plafon-de-bano-congo-de-sulion\/#primaryimage\"},\"thumbnailUrl\":\"https:\/\/ledsolintel.com\/wp-content\/uploads\/2022\/10\/18891-Plafon-de-bano-CONGO-de-Sulion.jpg\",\"datePublished\":\"2022-10-17T14:52:33+00:00\",\"description\":\"Plaf\u00f3n de ba\u00f1o CONGO de Sulion. Luz difusa para una iluminaci\u00f3n suave. Protecci\u00f3n IP44, ideal para ba\u00f1os y ambientes h\u00famedos.\",\"breadcrumb\":{\"@id\":\"https:\/\/ledsolintel.com\/product\/plafon-de-bano-congo-de-sulion\/#breadcrumb\"},\"inLanguage\":\"fr-FR\",\"potentialAction\":[{\"@type\":\"ReadAction\",\"target\":[\"https:\/\/ledsolintel.com\/product\/plafon-de-bano-congo-de-sulion\/\"]}]},{\"@type\":\"ImageObject\",\"inLanguage\":\"fr-FR\",\"@id\":\"https:\/\/ledsolintel.com\/product\/plafon-de-bano-congo-de-sulion\/#primaryimage\",\"url\":\"https:\/\/ledsolintel.com\/wp-content\/uploads\/2022\/10\/18891-Plafon-de-bano-CONGO-de-Sulion.jpg\",\"contentUrl\":\"https:\/\/ledsolintel.com\/wp-content\/uploads\/2022\/10\/18891-Plafon-de-bano-CONGO-de-Sulion.jpg\",\"caption\":\"Plaf\u00f3n de ba\u00f1o CONGO de Sulion\"},{\"@type\":\"BreadcrumbList\",\"@id\":\"https:\/\/ledsolintel.com\/product\/plafon-de-bano-congo-de-sulion\/#breadcrumb\",\"itemListElement\":[{\"@type\":\"ListItem\",\"position\":1,\"name\":\"Portada\",\"item\":\"https:\/\/ledsolintel.com\/fr\/\"},{\"@type\":\"ListItem\",\"position\":2,\"name\":\"Tienda\",\"item\":\"https:\/\/ledsolintel.com\/tienda\/\"},{\"@type\":\"ListItem\",\"position\":3,\"name\":\"Plaf\u00f3n de ba\u00f1o CONGO de Sulion\"}]},{\"@type\":\"WebSite\",\"@id\":\"https:\/\/ledsolintel.com\/#website\",\"url\":\"https:\/\/ledsolintel.com\/\",\"name\":\"Webmenaje\",\"description\":\"Tienda de bombillas y l\u00e1mparas LED para profesionales\",\"publisher\":{\"@id\":\"https:\/\/ledsolintel.com\/#organization\"},\"potentialAction\":[{\"@type\":\"SearchAction\",\"target\":{\"@type\":\"EntryPoint\",\"urlTemplate\":\"https:\/\/ledsolintel.com\/?s={search_term_string}\"},\"query-input\":{\"@type\":\"PropertyValueSpecification\",\"valueRequired\":true,\"valueName\":\"search_term_string\"}}],\"inLanguage\":\"fr-FR\"},{\"@type\":\"Organization\",\"@id\":\"https:\/\/ledsolintel.com\/#organization\",\"name\":\"Solintel Noroeste, S.L.\",\"url\":\"https:\/\/ledsolintel.com\/\",\"logo\":{\"@type\":\"ImageObject\",\"inLanguage\":\"fr-FR\",\"@id\":\"https:\/\/ledsolintel.com\/#\/schema\/logo\/image\/\",\"url\":\"https:\/\/ledsolintel.com\/wp-content\/uploads\/2024\/11\/webmenaje-logo-1508269066.jpg\",\"contentUrl\":\"https:\/\/ledsolintel.com\/wp-content\/uploads\/2024\/11\/webmenaje-logo-1508269066.jpg\",\"width\":370,\"height\":90,\"caption\":\"Solintel Noroeste, S.L.\"},\"image\":{\"@id\":\"https:\/\/ledsolintel.com\/#\/schema\/logo\/image\/\"},\"sameAs\":[\"http:\/\/www.facebook.com\/webmenaje\",\"https:\/\/x.com\/webmenaje\",\"https:\/\/www.youtube.com\/channel\/UCX2KoVoeCG4LocZjUc6LmSQ\",\"http:\/\/www.pinterest.com\/webmenaje\"]}]}<\/script>\n<!-- \/ Yoast SEO plugin. -->","yoast_head_json":{"title":"Plafonnier de salle de bains CONGO de Sulion","description":"Plaf\u00f3n de ba\u00f1o CONGO de Sulion. Luz difusa para una iluminaci\u00f3n suave. Protecci\u00f3n IP44, ideal para ba\u00f1os y ambientes h\u00famedos.","robots":{"index":"index","follow":"follow","max-snippet":"max-snippet:-1","max-image-preview":"max-image-preview:large","max-video-preview":"max-video-preview:-1"},"canonical":"https:\/\/ledsolintel.com\/fr\/produit-2\/plafon-de-bano-congo-de-sulion\/","og_locale":"fr_FR","og_type":"article","og_title":"Plaf\u00f3n de ba\u00f1o CONGO de Sulion","og_description":"Plaf\u00f3n de ba\u00f1o CONGO de Sulion. Luz difusa para una iluminaci\u00f3n suave. Protecci\u00f3n IP44, ideal para ba\u00f1os y ambientes h\u00famedos.","og_url":"https:\/\/ledsolintel.com\/fr\/produit-2\/plafon-de-bano-congo-de-sulion\/","og_site_name":"Ledsolintel","article_publisher":"http:\/\/www.facebook.com\/webmenaje","og_image":[{"url":"https:\/\/ledsolintel.com\/wp-content\/uploads\/2022\/10\/18891-Plafon-de-bano-CONGO-de-Sulion.jpg","width":1,"height":1,"type":"image\/jpeg"}],"twitter_card":"summary_large_image","twitter_site":"@webmenaje","twitter_misc":{"Dur\u00e9e de lecture estim\u00e9e":"1 minute"},"schema":{"@context":"https:\/\/schema.org","@graph":[{"@type":"WebPage","@id":"https:\/\/ledsolintel.com\/product\/plafon-de-bano-congo-de-sulion\/","url":"https:\/\/ledsolintel.com\/product\/plafon-de-bano-congo-de-sulion\/","name":"Plafonnier de salle de bains CONGO de Sulion","isPartOf":{"@id":"https:\/\/ledsolintel.com\/#website"},"primaryImageOfPage":{"@id":"https:\/\/ledsolintel.com\/product\/plafon-de-bano-congo-de-sulion\/#primaryimage"},"image":{"@id":"https:\/\/ledsolintel.com\/product\/plafon-de-bano-congo-de-sulion\/#primaryimage"},"thumbnailUrl":"https:\/\/ledsolintel.com\/wp-content\/uploads\/2022\/10\/18891-Plafon-de-bano-CONGO-de-Sulion.jpg","datePublished":"2022-10-17T14:52:33+00:00","description":"Plaf\u00f3n de ba\u00f1o CONGO de Sulion. Luz difusa para una iluminaci\u00f3n suave. Protecci\u00f3n IP44, ideal para ba\u00f1os y ambientes h\u00famedos.","breadcrumb":{"@id":"https:\/\/ledsolintel.com\/product\/plafon-de-bano-congo-de-sulion\/#breadcrumb"},"inLanguage":"fr-FR","potentialAction":[{"@type":"ReadAction","target":["https:\/\/ledsolintel.com\/product\/plafon-de-bano-congo-de-sulion\/"]}]},{"@type":"ImageObject","inLanguage":"fr-FR","@id":"https:\/\/ledsolintel.com\/product\/plafon-de-bano-congo-de-sulion\/#primaryimage","url":"https:\/\/ledsolintel.com\/wp-content\/uploads\/2022\/10\/18891-Plafon-de-bano-CONGO-de-Sulion.jpg","contentUrl":"https:\/\/ledsolintel.com\/wp-content\/uploads\/2022\/10\/18891-Plafon-de-bano-CONGO-de-Sulion.jpg","caption":"Plaf\u00f3n de ba\u00f1o CONGO de Sulion"},{"@type":"BreadcrumbList","@id":"https:\/\/ledsolintel.com\/product\/plafon-de-bano-congo-de-sulion\/#breadcrumb","itemListElement":[{"@type":"ListItem","position":1,"name":"Portada","item":"https:\/\/ledsolintel.com\/fr\/"},{"@type":"ListItem","position":2,"name":"Tienda","item":"https:\/\/ledsolintel.com\/tienda\/"},{"@type":"ListItem","position":3,"name":"Plaf\u00f3n de ba\u00f1o CONGO de Sulion"}]},{"@type":"WebSite","@id":"https:\/\/ledsolintel.com\/#website","url":"https:\/\/ledsolintel.com\/","name":"Webmenaje","description":"Magasin d'ampoules et de lampes LED pour les professionnels","publisher":{"@id":"https:\/\/ledsolintel.com\/#organization"},"potentialAction":[{"@type":"SearchAction","target":{"@type":"EntryPoint","urlTemplate":"https:\/\/ledsolintel.com\/?s={search_term_string}"},"query-input":{"@type":"PropertyValueSpecification","valueRequired":true,"valueName":"search_term_string"}}],"inLanguage":"fr-FR"},{"@type":"Organization","@id":"https:\/\/ledsolintel.com\/#organization","name":"Solintel Noroeste, S.L.","url":"https:\/\/ledsolintel.com\/","logo":{"@type":"ImageObject","inLanguage":"fr-FR","@id":"https:\/\/ledsolintel.com\/#\/schema\/logo\/image\/","url":"https:\/\/ledsolintel.com\/wp-content\/uploads\/2024\/11\/webmenaje-logo-1508269066.jpg","contentUrl":"https:\/\/ledsolintel.com\/wp-content\/uploads\/2024\/11\/webmenaje-logo-1508269066.jpg","width":370,"height":90,"caption":"Solintel Noroeste, S.L."},"image":{"@id":"https:\/\/ledsolintel.com\/#\/schema\/logo\/image\/"},"sameAs":["http:\/\/www.facebook.com\/webmenaje","https:\/\/x.com\/webmenaje","https:\/\/www.youtube.com\/channel\/UCX2KoVoeCG4LocZjUc6LmSQ","http:\/\/www.pinterest.com\/webmenaje"]}]}},"_links":{"self":[{"href":"https:\/\/ledsolintel.com\/fr\/wp-json\/wp\/v2\/product\/245383","targetHints":{"allow":["GET"]}}],"collection":[{"href":"https:\/\/ledsolintel.com\/fr\/wp-json\/wp\/v2\/product"}],"about":[{"href":"https:\/\/ledsolintel.com\/fr\/wp-json\/wp\/v2\/types\/product"}],"version-history":[{"count":0,"href":"https:\/\/ledsolintel.com\/fr\/wp-json\/wp\/v2\/product\/245383\/revisions"}],"wp:featuredmedia":[{"embeddable":true,"href":"https:\/\/ledsolintel.com\/fr\/wp-json\/wp\/v2\/media\/245375"}],"wp:attachment":[{"href":"https:\/\/ledsolintel.com\/fr\/wp-json\/wp\/v2\/media?parent=245383"}],"wp:term":[{"taxonomy":"product_brand","embeddable":true,"href":"https:\/\/ledsolintel.com\/fr\/wp-json\/wp\/v2\/product_brand?post=245383"},{"taxonomy":"product_cat","embeddable":true,"href":"https:\/\/ledsolintel.com\/fr\/wp-json\/wp\/v2\/product_cat?post=245383"},{"taxonomy":"product_tag","embeddable":true,"href":"https:\/\/ledsolintel.com\/fr\/wp-json\/wp\/v2\/product_tag?post=245383"}],"curies":[{"name":"wp","href":"https:\/\/api.w.org\/{rel}","templated":true}]}}