{"id":245359,"date":"2022-10-17T16:52:33","date_gmt":"2022-10-17T14:52:33","guid":{"rendered":"https:\/\/nueva.ledsolintel.com\/product\/iluminaespe-egeo-ip44-l350-egeo\/"},"modified":"2022-10-17T16:52:33","modified_gmt":"2022-10-17T14:52:33","slug":"iluminaespe-egeo-ip44-l350-egeo","status":"publish","type":"product","link":"https:\/\/ledsolintel.com\/fr\/produit-2\/iluminaespe-egeo-ip44-l350-egeo\/","title":{"rendered":"Lampe miroir Sulion EGEO"},"content":{"rendered":"<p>Egeo es sin\u00f3nimo de elegancia. Esta pieza atemporal es ideal para complementar la iluminaci\u00f3n de nuestro cuarto de ba\u00f1o d\u00e1ndole un aire distinguido. Cabe destacar su exquisito acabado y el acr\u00edlico de sus difusores, en apariencia id\u00e9ntica al vidrio pero m\u00e1s resistente y duradero. Este aplique led (6W) puede ser dispuesto de manera vertical (a ambos lados de nuestro espejo) u horizontal (sobre \u00e9ste), seg\u00fan nuestras preferencias. Adem\u00e1s, podr\u00e1s elegir la temperatura que m\u00e1s vaya contigo antes de su instalaci\u00f3n (3000-4000k). Todo ello, unido detalle de sus discretos tornillos allen, hacen de esta pieza una aut\u00e9ntica joya de luz. *Este producto es ideal para ba\u00f1os por su \u00edndice de protecci\u00f3n frente a la humedad pero puede usarse en cualquier estancia.<\/p>","protected":false},"excerpt":{"rendered":"<p>Aplique bidireccional con LED integrado. Protegida contra el agua, para iluminaci\u00f3n de espejos en cuartos de ba\u00f1o y otras zonas h\u00famedas.<\/p>","protected":false},"featured_media":245351,"template":"","meta":[],"product_brand":[99383],"product_cat":[99573,99637],"product_tag":[],"class_list":{"0":"post-245359","1":"product","2":"type-product","3":"status-publish","4":"has-post-thumbnail","6":"product_brand-sulion","7":"product_cat-iluminacion-interior","8":"product_cat-lamparas-de-bano","9":"pa_acabado-bronce","10":"pa_acabado-cromo","11":"pa_acabado-negro","12":"pa_bombilla-integrada","13":"pa_cct-3000_4000kregulable","14":"pa_clase-i","15":"pa_cri-101172","16":"pa_cuerpo-metal","17":"pa_difusor-acrilico","18":"pa_dimensiones-350x85x50mm","19":"pa_frecuencia-50_60hz","20":"pa_luminosidad-480lm","21":"pa_optica-100960","22":"pa_potencia-6w","23":"pa_regulacion-noregulable","24":"pa_vidautil-20000h","25":"pa_voltaje-200_240v","28":"instock","29":"taxable","30":"shipping-taxable","31":"purchasable","32":"product-type-variable","33":"has-default-attributes"},"yoast_head":"<!-- This site is optimized with the Yoast SEO plugin v26.6 - https:\/\/yoast.com\/wordpress\/plugins\/seo\/ -->\n<title>L\u00e1mpara de espejo EGEO de Sulion - Ledsolintel<\/title>\n<meta name=\"robots\" content=\"index, follow, max-snippet:-1, max-image-preview:large, max-video-preview:-1\" \/>\n<link rel=\"canonical\" href=\"https:\/\/ledsolintel.com\/fr\/produit-2\/iluminaespe-egeo-ip44-l350-egeo\/\" \/>\n<meta property=\"og:locale\" content=\"fr_FR\" \/>\n<meta property=\"og:type\" content=\"article\" \/>\n<meta property=\"og:title\" content=\"L\u00e1mpara de espejo EGEO de Sulion - Ledsolintel\" \/>\n<meta property=\"og:description\" content=\"Aplique bidireccional con LED integrado. Protegida contra el agua, para iluminaci\u00f3n de espejos en cuartos de ba\u00f1o y otras zonas h\u00famedas.\" \/>\n<meta property=\"og:url\" content=\"https:\/\/ledsolintel.com\/fr\/produit-2\/iluminaespe-egeo-ip44-l350-egeo\/\" \/>\n<meta property=\"og:site_name\" content=\"Ledsolintel\" \/>\n<meta property=\"article:publisher\" content=\"http:\/\/www.facebook.com\/webmenaje\" \/>\n<meta property=\"og:image\" content=\"https:\/\/ledsolintel.com\/wp-content\/uploads\/2022\/10\/18896-Lampara-de-espejo-EGEO-de-Sulion.jpg\" \/>\n\t<meta property=\"og:image:width\" content=\"1\" \/>\n\t<meta property=\"og:image:height\" content=\"1\" \/>\n\t<meta property=\"og:image:type\" content=\"image\/jpeg\" \/>\n<meta name=\"twitter:card\" content=\"summary_large_image\" \/>\n<meta name=\"twitter:site\" content=\"@webmenaje\" \/>\n<meta name=\"twitter:label1\" content=\"Dur\u00e9e de lecture estim\u00e9e\" \/>\n\t<meta name=\"twitter:data1\" content=\"1 minute\" \/>\n<script type=\"application\/ld+json\" class=\"yoast-schema-graph\">{\"@context\":\"https:\/\/schema.org\",\"@graph\":[{\"@type\":\"WebPage\",\"@id\":\"https:\/\/ledsolintel.com\/product\/iluminaespe-egeo-ip44-l350-egeo\/\",\"url\":\"https:\/\/ledsolintel.com\/product\/iluminaespe-egeo-ip44-l350-egeo\/\",\"name\":\"L\u00e1mpara de espejo EGEO de Sulion - Ledsolintel\",\"isPartOf\":{\"@id\":\"https:\/\/ledsolintel.com\/#website\"},\"primaryImageOfPage\":{\"@id\":\"https:\/\/ledsolintel.com\/product\/iluminaespe-egeo-ip44-l350-egeo\/#primaryimage\"},\"image\":{\"@id\":\"https:\/\/ledsolintel.com\/product\/iluminaespe-egeo-ip44-l350-egeo\/#primaryimage\"},\"thumbnailUrl\":\"https:\/\/ledsolintel.com\/wp-content\/uploads\/2022\/10\/18896-Lampara-de-espejo-EGEO-de-Sulion.jpg\",\"datePublished\":\"2022-10-17T14:52:33+00:00\",\"breadcrumb\":{\"@id\":\"https:\/\/ledsolintel.com\/product\/iluminaespe-egeo-ip44-l350-egeo\/#breadcrumb\"},\"inLanguage\":\"fr-FR\",\"potentialAction\":[{\"@type\":\"ReadAction\",\"target\":[\"https:\/\/ledsolintel.com\/product\/iluminaespe-egeo-ip44-l350-egeo\/\"]}]},{\"@type\":\"ImageObject\",\"inLanguage\":\"fr-FR\",\"@id\":\"https:\/\/ledsolintel.com\/product\/iluminaespe-egeo-ip44-l350-egeo\/#primaryimage\",\"url\":\"https:\/\/ledsolintel.com\/wp-content\/uploads\/2022\/10\/18896-Lampara-de-espejo-EGEO-de-Sulion.jpg\",\"contentUrl\":\"https:\/\/ledsolintel.com\/wp-content\/uploads\/2022\/10\/18896-Lampara-de-espejo-EGEO-de-Sulion.jpg\",\"caption\":\"L\u00e1mpara de espejo EGEO de Sulion\"},{\"@type\":\"BreadcrumbList\",\"@id\":\"https:\/\/ledsolintel.com\/product\/iluminaespe-egeo-ip44-l350-egeo\/#breadcrumb\",\"itemListElement\":[{\"@type\":\"ListItem\",\"position\":1,\"name\":\"Portada\",\"item\":\"https:\/\/ledsolintel.com\/fr\/\"},{\"@type\":\"ListItem\",\"position\":2,\"name\":\"Tienda\",\"item\":\"https:\/\/ledsolintel.com\/tienda\/\"},{\"@type\":\"ListItem\",\"position\":3,\"name\":\"L\u00e1mpara de espejo EGEO de Sulion\"}]},{\"@type\":\"WebSite\",\"@id\":\"https:\/\/ledsolintel.com\/#website\",\"url\":\"https:\/\/ledsolintel.com\/\",\"name\":\"Webmenaje\",\"description\":\"Tienda de bombillas y l\u00e1mparas LED para profesionales\",\"publisher\":{\"@id\":\"https:\/\/ledsolintel.com\/#organization\"},\"potentialAction\":[{\"@type\":\"SearchAction\",\"target\":{\"@type\":\"EntryPoint\",\"urlTemplate\":\"https:\/\/ledsolintel.com\/?s={search_term_string}\"},\"query-input\":{\"@type\":\"PropertyValueSpecification\",\"valueRequired\":true,\"valueName\":\"search_term_string\"}}],\"inLanguage\":\"fr-FR\"},{\"@type\":\"Organization\",\"@id\":\"https:\/\/ledsolintel.com\/#organization\",\"name\":\"Solintel Noroeste, S.L.\",\"url\":\"https:\/\/ledsolintel.com\/\",\"logo\":{\"@type\":\"ImageObject\",\"inLanguage\":\"fr-FR\",\"@id\":\"https:\/\/ledsolintel.com\/#\/schema\/logo\/image\/\",\"url\":\"https:\/\/ledsolintel.com\/wp-content\/uploads\/2024\/11\/webmenaje-logo-1508269066.jpg\",\"contentUrl\":\"https:\/\/ledsolintel.com\/wp-content\/uploads\/2024\/11\/webmenaje-logo-1508269066.jpg\",\"width\":370,\"height\":90,\"caption\":\"Solintel Noroeste, S.L.\"},\"image\":{\"@id\":\"https:\/\/ledsolintel.com\/#\/schema\/logo\/image\/\"},\"sameAs\":[\"http:\/\/www.facebook.com\/webmenaje\",\"https:\/\/x.com\/webmenaje\",\"https:\/\/www.youtube.com\/channel\/UCX2KoVoeCG4LocZjUc6LmSQ\",\"http:\/\/www.pinterest.com\/webmenaje\"]}]}<\/script>\n<!-- \/ Yoast SEO plugin. -->","yoast_head_json":{"title":"L\u00e1mpara de espejo EGEO de Sulion - Ledsolintel","robots":{"index":"index","follow":"follow","max-snippet":"max-snippet:-1","max-image-preview":"max-image-preview:large","max-video-preview":"max-video-preview:-1"},"canonical":"https:\/\/ledsolintel.com\/fr\/produit-2\/iluminaespe-egeo-ip44-l350-egeo\/","og_locale":"fr_FR","og_type":"article","og_title":"L\u00e1mpara de espejo EGEO de Sulion - Ledsolintel","og_description":"Aplique bidireccional con LED integrado. Protegida contra el agua, para iluminaci\u00f3n de espejos en cuartos de ba\u00f1o y otras zonas h\u00famedas.","og_url":"https:\/\/ledsolintel.com\/fr\/produit-2\/iluminaespe-egeo-ip44-l350-egeo\/","og_site_name":"Ledsolintel","article_publisher":"http:\/\/www.facebook.com\/webmenaje","og_image":[{"url":"https:\/\/ledsolintel.com\/wp-content\/uploads\/2022\/10\/18896-Lampara-de-espejo-EGEO-de-Sulion.jpg","width":1,"height":1,"type":"image\/jpeg"}],"twitter_card":"summary_large_image","twitter_site":"@webmenaje","twitter_misc":{"Dur\u00e9e de lecture estim\u00e9e":"1 minute"},"schema":{"@context":"https:\/\/schema.org","@graph":[{"@type":"WebPage","@id":"https:\/\/ledsolintel.com\/product\/iluminaespe-egeo-ip44-l350-egeo\/","url":"https:\/\/ledsolintel.com\/product\/iluminaespe-egeo-ip44-l350-egeo\/","name":"L\u00e1mpara de espejo EGEO de Sulion - Ledsolintel","isPartOf":{"@id":"https:\/\/ledsolintel.com\/#website"},"primaryImageOfPage":{"@id":"https:\/\/ledsolintel.com\/product\/iluminaespe-egeo-ip44-l350-egeo\/#primaryimage"},"image":{"@id":"https:\/\/ledsolintel.com\/product\/iluminaespe-egeo-ip44-l350-egeo\/#primaryimage"},"thumbnailUrl":"https:\/\/ledsolintel.com\/wp-content\/uploads\/2022\/10\/18896-Lampara-de-espejo-EGEO-de-Sulion.jpg","datePublished":"2022-10-17T14:52:33+00:00","breadcrumb":{"@id":"https:\/\/ledsolintel.com\/product\/iluminaespe-egeo-ip44-l350-egeo\/#breadcrumb"},"inLanguage":"fr-FR","potentialAction":[{"@type":"ReadAction","target":["https:\/\/ledsolintel.com\/product\/iluminaespe-egeo-ip44-l350-egeo\/"]}]},{"@type":"ImageObject","inLanguage":"fr-FR","@id":"https:\/\/ledsolintel.com\/product\/iluminaespe-egeo-ip44-l350-egeo\/#primaryimage","url":"https:\/\/ledsolintel.com\/wp-content\/uploads\/2022\/10\/18896-Lampara-de-espejo-EGEO-de-Sulion.jpg","contentUrl":"https:\/\/ledsolintel.com\/wp-content\/uploads\/2022\/10\/18896-Lampara-de-espejo-EGEO-de-Sulion.jpg","caption":"L\u00e1mpara de espejo EGEO de Sulion"},{"@type":"BreadcrumbList","@id":"https:\/\/ledsolintel.com\/product\/iluminaespe-egeo-ip44-l350-egeo\/#breadcrumb","itemListElement":[{"@type":"ListItem","position":1,"name":"Portada","item":"https:\/\/ledsolintel.com\/fr\/"},{"@type":"ListItem","position":2,"name":"Tienda","item":"https:\/\/ledsolintel.com\/tienda\/"},{"@type":"ListItem","position":3,"name":"L\u00e1mpara de espejo EGEO de Sulion"}]},{"@type":"WebSite","@id":"https:\/\/ledsolintel.com\/#website","url":"https:\/\/ledsolintel.com\/","name":"Webmenaje","description":"Magasin d'ampoules et de lampes LED pour les professionnels","publisher":{"@id":"https:\/\/ledsolintel.com\/#organization"},"potentialAction":[{"@type":"SearchAction","target":{"@type":"EntryPoint","urlTemplate":"https:\/\/ledsolintel.com\/?s={search_term_string}"},"query-input":{"@type":"PropertyValueSpecification","valueRequired":true,"valueName":"search_term_string"}}],"inLanguage":"fr-FR"},{"@type":"Organization","@id":"https:\/\/ledsolintel.com\/#organization","name":"Solintel Noroeste, S.L.","url":"https:\/\/ledsolintel.com\/","logo":{"@type":"ImageObject","inLanguage":"fr-FR","@id":"https:\/\/ledsolintel.com\/#\/schema\/logo\/image\/","url":"https:\/\/ledsolintel.com\/wp-content\/uploads\/2024\/11\/webmenaje-logo-1508269066.jpg","contentUrl":"https:\/\/ledsolintel.com\/wp-content\/uploads\/2024\/11\/webmenaje-logo-1508269066.jpg","width":370,"height":90,"caption":"Solintel Noroeste, S.L."},"image":{"@id":"https:\/\/ledsolintel.com\/#\/schema\/logo\/image\/"},"sameAs":["http:\/\/www.facebook.com\/webmenaje","https:\/\/x.com\/webmenaje","https:\/\/www.youtube.com\/channel\/UCX2KoVoeCG4LocZjUc6LmSQ","http:\/\/www.pinterest.com\/webmenaje"]}]}},"_links":{"self":[{"href":"https:\/\/ledsolintel.com\/fr\/wp-json\/wp\/v2\/product\/245359","targetHints":{"allow":["GET"]}}],"collection":[{"href":"https:\/\/ledsolintel.com\/fr\/wp-json\/wp\/v2\/product"}],"about":[{"href":"https:\/\/ledsolintel.com\/fr\/wp-json\/wp\/v2\/types\/product"}],"version-history":[{"count":0,"href":"https:\/\/ledsolintel.com\/fr\/wp-json\/wp\/v2\/product\/245359\/revisions"}],"wp:featuredmedia":[{"embeddable":true,"href":"https:\/\/ledsolintel.com\/fr\/wp-json\/wp\/v2\/media\/245351"}],"wp:attachment":[{"href":"https:\/\/ledsolintel.com\/fr\/wp-json\/wp\/v2\/media?parent=245359"}],"wp:term":[{"taxonomy":"product_brand","embeddable":true,"href":"https:\/\/ledsolintel.com\/fr\/wp-json\/wp\/v2\/product_brand?post=245359"},{"taxonomy":"product_cat","embeddable":true,"href":"https:\/\/ledsolintel.com\/fr\/wp-json\/wp\/v2\/product_cat?post=245359"},{"taxonomy":"product_tag","embeddable":true,"href":"https:\/\/ledsolintel.com\/fr\/wp-json\/wp\/v2\/product_tag?post=245359"}],"curies":[{"name":"wp","href":"https:\/\/api.w.org\/{rel}","templated":true}]}}