{"id":245325,"date":"2022-06-27T12:48:06","date_gmt":"2022-06-27T10:48:06","guid":{"rendered":"https:\/\/nueva.ledsolintel.com\/product\/tira-led-dotfree-18w-cct-regulable-de-roblan\/"},"modified":"2022-06-27T12:48:06","modified_gmt":"2022-06-27T10:48:06","slug":"tira-led-dotfree-18w-cct-regulable-de-roblan","status":"publish","type":"product","link":"https:\/\/ledsolintel.com\/fr\/produit-2\/tira-led-dotfree-18w-cct-regulable-de-roblan\/","title":{"rendered":"Roblan DOTFREE 18W CCT Dimmable LED Strip"},"content":{"rendered":"<h2>Roblan DOTFREE 18W CCT Dimmable LED Strip<\/h2>\n<p>\u00a0<\/p>\n<ul>\n<li>Potencia: 18 W\/m<\/li>\n<li>Tensi\u00f3n: 24 V DC<\/li>\n<li>Luminosidad: 1230 lm\/m (max)<\/li>\n<li>CCT :<\/li>\n<ul>\n<li>3000 K<\/li>\n<li>4000 K<\/li>\n<li>6000 K<\/li>\n<\/ul>\n<li>Factor de potencia &gt; 0.75<\/li>\n<li>IP20<\/li>\n<li>Dur\u00e9e de vie : 50 000 h<\/li>\n<\/ul>\n<p>\u00a0<\/p>\n<p>El precio se calcula por 5 metros<\/p>","protected":false},"excerpt":{"rendered":"<p>Tira LED DOTFREE de Roblan. Luz continua y uniforme, sin puntos separados. Alta fidelidad en los colores, ideal para iluminaci\u00f3n profesional en tiendas de ropa y otros comercios.<\/p>","protected":false},"featured_media":245323,"template":"","meta":[],"product_brand":[99355],"product_cat":[99581],"product_tag":[],"class_list":{"0":"post-245325","1":"product","2":"type-product","3":"status-publish","4":"has-post-thumbnail","6":"product_brand-roblan","7":"product_cat-tiras-de-led-perfiles-drivers-y-accesorios","10":"instock","11":"taxable","12":"shipping-taxable","13":"purchasable","14":"product-type-simple"},"yoast_head":"<!-- This site is optimized with the Yoast SEO plugin v26.6 - https:\/\/yoast.com\/wordpress\/plugins\/seo\/ -->\n<title>Tira LED DOTFREE 18W CCT REGULABLE de Roblan<\/title>\n<meta name=\"description\" content=\"Tira LED DOTFREE de Roblan. Luz continua. Alta fidelidad en los colores, iluminaci\u00f3n profesional en tiendas de ropa joyer\u00edas tiendas de alimentaci\u00f3n comercios.\" \/>\n<meta name=\"robots\" content=\"index, follow, max-snippet:-1, max-image-preview:large, max-video-preview:-1\" \/>\n<link rel=\"canonical\" href=\"https:\/\/ledsolintel.com\/fr\/produit-2\/tira-led-dotfree-18w-cct-regulable-de-roblan\/\" \/>\n<meta property=\"og:locale\" content=\"fr_FR\" \/>\n<meta property=\"og:type\" content=\"article\" \/>\n<meta property=\"og:title\" content=\"Tira LED DOTFREE 18W CCT REGULABLE de Roblan\" \/>\n<meta property=\"og:description\" content=\"Tira LED DOTFREE de Roblan. Luz continua. Alta fidelidad en los colores, iluminaci\u00f3n profesional en tiendas de ropa joyer\u00edas tiendas de alimentaci\u00f3n comercios.\" \/>\n<meta property=\"og:url\" content=\"https:\/\/ledsolintel.com\/fr\/produit-2\/tira-led-dotfree-18w-cct-regulable-de-roblan\/\" \/>\n<meta property=\"og:site_name\" content=\"Ledsolintel\" \/>\n<meta property=\"article:publisher\" content=\"http:\/\/www.facebook.com\/webmenaje\" \/>\n<meta property=\"og:image\" content=\"https:\/\/ledsolintel.com\/wp-content\/uploads\/2022\/06\/13684-Tira-LED-DOTFREE-18W-CCT-REGULABLE-de-Roblan.jpg\" \/>\n\t<meta property=\"og:image:width\" content=\"1\" \/>\n\t<meta property=\"og:image:height\" content=\"1\" \/>\n\t<meta property=\"og:image:type\" content=\"image\/jpeg\" \/>\n<meta name=\"twitter:card\" content=\"summary_large_image\" \/>\n<meta name=\"twitter:site\" content=\"@webmenaje\" \/>\n<script type=\"application\/ld+json\" class=\"yoast-schema-graph\">{\"@context\":\"https:\/\/schema.org\",\"@graph\":[{\"@type\":\"WebPage\",\"@id\":\"https:\/\/ledsolintel.com\/product\/tira-led-dotfree-18w-cct-regulable-de-roblan\/\",\"url\":\"https:\/\/ledsolintel.com\/product\/tira-led-dotfree-18w-cct-regulable-de-roblan\/\",\"name\":\"Tira LED DOTFREE 18W CCT REGULABLE de Roblan\",\"isPartOf\":{\"@id\":\"https:\/\/ledsolintel.com\/#website\"},\"primaryImageOfPage\":{\"@id\":\"https:\/\/ledsolintel.com\/product\/tira-led-dotfree-18w-cct-regulable-de-roblan\/#primaryimage\"},\"image\":{\"@id\":\"https:\/\/ledsolintel.com\/product\/tira-led-dotfree-18w-cct-regulable-de-roblan\/#primaryimage\"},\"thumbnailUrl\":\"https:\/\/ledsolintel.com\/wp-content\/uploads\/2022\/06\/13684-Tira-LED-DOTFREE-18W-CCT-REGULABLE-de-Roblan.jpg\",\"datePublished\":\"2022-06-27T10:48:06+00:00\",\"description\":\"Tira LED DOTFREE de Roblan. Luz continua. Alta fidelidad en los colores, iluminaci\u00f3n profesional en tiendas de ropa joyer\u00edas tiendas de alimentaci\u00f3n comercios.\",\"breadcrumb\":{\"@id\":\"https:\/\/ledsolintel.com\/product\/tira-led-dotfree-18w-cct-regulable-de-roblan\/#breadcrumb\"},\"inLanguage\":\"fr-FR\",\"potentialAction\":[{\"@type\":\"ReadAction\",\"target\":[\"https:\/\/ledsolintel.com\/product\/tira-led-dotfree-18w-cct-regulable-de-roblan\/\"]}]},{\"@type\":\"ImageObject\",\"inLanguage\":\"fr-FR\",\"@id\":\"https:\/\/ledsolintel.com\/product\/tira-led-dotfree-18w-cct-regulable-de-roblan\/#primaryimage\",\"url\":\"https:\/\/ledsolintel.com\/wp-content\/uploads\/2022\/06\/13684-Tira-LED-DOTFREE-18W-CCT-REGULABLE-de-Roblan.jpg\",\"contentUrl\":\"https:\/\/ledsolintel.com\/wp-content\/uploads\/2022\/06\/13684-Tira-LED-DOTFREE-18W-CCT-REGULABLE-de-Roblan.jpg\",\"caption\":\"Tira LED DOTFREE 18W CCT REGULABLE de Roblan\"},{\"@type\":\"BreadcrumbList\",\"@id\":\"https:\/\/ledsolintel.com\/product\/tira-led-dotfree-18w-cct-regulable-de-roblan\/#breadcrumb\",\"itemListElement\":[{\"@type\":\"ListItem\",\"position\":1,\"name\":\"Portada\",\"item\":\"https:\/\/ledsolintel.com\/fr\/\"},{\"@type\":\"ListItem\",\"position\":2,\"name\":\"Tienda\",\"item\":\"https:\/\/ledsolintel.com\/tienda\/\"},{\"@type\":\"ListItem\",\"position\":3,\"name\":\"Tira LED DOTFREE 18W CCT REGULABLE de Roblan\"}]},{\"@type\":\"WebSite\",\"@id\":\"https:\/\/ledsolintel.com\/#website\",\"url\":\"https:\/\/ledsolintel.com\/\",\"name\":\"Webmenaje\",\"description\":\"Tienda de bombillas y l\u00e1mparas LED para profesionales\",\"publisher\":{\"@id\":\"https:\/\/ledsolintel.com\/#organization\"},\"potentialAction\":[{\"@type\":\"SearchAction\",\"target\":{\"@type\":\"EntryPoint\",\"urlTemplate\":\"https:\/\/ledsolintel.com\/?s={search_term_string}\"},\"query-input\":{\"@type\":\"PropertyValueSpecification\",\"valueRequired\":true,\"valueName\":\"search_term_string\"}}],\"inLanguage\":\"fr-FR\"},{\"@type\":\"Organization\",\"@id\":\"https:\/\/ledsolintel.com\/#organization\",\"name\":\"Solintel Noroeste, S.L.\",\"url\":\"https:\/\/ledsolintel.com\/\",\"logo\":{\"@type\":\"ImageObject\",\"inLanguage\":\"fr-FR\",\"@id\":\"https:\/\/ledsolintel.com\/#\/schema\/logo\/image\/\",\"url\":\"https:\/\/ledsolintel.com\/wp-content\/uploads\/2024\/11\/webmenaje-logo-1508269066.jpg\",\"contentUrl\":\"https:\/\/ledsolintel.com\/wp-content\/uploads\/2024\/11\/webmenaje-logo-1508269066.jpg\",\"width\":370,\"height\":90,\"caption\":\"Solintel Noroeste, S.L.\"},\"image\":{\"@id\":\"https:\/\/ledsolintel.com\/#\/schema\/logo\/image\/\"},\"sameAs\":[\"http:\/\/www.facebook.com\/webmenaje\",\"https:\/\/x.com\/webmenaje\",\"https:\/\/www.youtube.com\/channel\/UCX2KoVoeCG4LocZjUc6LmSQ\",\"http:\/\/www.pinterest.com\/webmenaje\"]}]}<\/script>\n<!-- \/ Yoast SEO plugin. -->","yoast_head_json":{"title":"Roblan DOTFREE 18W CCT Dimmable LED Strip","description":"Tira LED DOTFREE de Roblan. Luz continua. Alta fidelidad en los colores, iluminaci\u00f3n profesional en tiendas de ropa joyer\u00edas tiendas de alimentaci\u00f3n comercios.","robots":{"index":"index","follow":"follow","max-snippet":"max-snippet:-1","max-image-preview":"max-image-preview:large","max-video-preview":"max-video-preview:-1"},"canonical":"https:\/\/ledsolintel.com\/fr\/produit-2\/tira-led-dotfree-18w-cct-regulable-de-roblan\/","og_locale":"fr_FR","og_type":"article","og_title":"Tira LED DOTFREE 18W CCT REGULABLE de Roblan","og_description":"Tira LED DOTFREE de Roblan. Luz continua. Alta fidelidad en los colores, iluminaci\u00f3n profesional en tiendas de ropa joyer\u00edas tiendas de alimentaci\u00f3n comercios.","og_url":"https:\/\/ledsolintel.com\/fr\/produit-2\/tira-led-dotfree-18w-cct-regulable-de-roblan\/","og_site_name":"Ledsolintel","article_publisher":"http:\/\/www.facebook.com\/webmenaje","og_image":[{"url":"https:\/\/ledsolintel.com\/wp-content\/uploads\/2022\/06\/13684-Tira-LED-DOTFREE-18W-CCT-REGULABLE-de-Roblan.jpg","width":1,"height":1,"type":"image\/jpeg"}],"twitter_card":"summary_large_image","twitter_site":"@webmenaje","schema":{"@context":"https:\/\/schema.org","@graph":[{"@type":"WebPage","@id":"https:\/\/ledsolintel.com\/product\/tira-led-dotfree-18w-cct-regulable-de-roblan\/","url":"https:\/\/ledsolintel.com\/product\/tira-led-dotfree-18w-cct-regulable-de-roblan\/","name":"Roblan DOTFREE 18W CCT Dimmable LED Strip","isPartOf":{"@id":"https:\/\/ledsolintel.com\/#website"},"primaryImageOfPage":{"@id":"https:\/\/ledsolintel.com\/product\/tira-led-dotfree-18w-cct-regulable-de-roblan\/#primaryimage"},"image":{"@id":"https:\/\/ledsolintel.com\/product\/tira-led-dotfree-18w-cct-regulable-de-roblan\/#primaryimage"},"thumbnailUrl":"https:\/\/ledsolintel.com\/wp-content\/uploads\/2022\/06\/13684-Tira-LED-DOTFREE-18W-CCT-REGULABLE-de-Roblan.jpg","datePublished":"2022-06-27T10:48:06+00:00","description":"Tira LED DOTFREE de Roblan. Luz continua. Alta fidelidad en los colores, iluminaci\u00f3n profesional en tiendas de ropa joyer\u00edas tiendas de alimentaci\u00f3n comercios.","breadcrumb":{"@id":"https:\/\/ledsolintel.com\/product\/tira-led-dotfree-18w-cct-regulable-de-roblan\/#breadcrumb"},"inLanguage":"fr-FR","potentialAction":[{"@type":"ReadAction","target":["https:\/\/ledsolintel.com\/product\/tira-led-dotfree-18w-cct-regulable-de-roblan\/"]}]},{"@type":"ImageObject","inLanguage":"fr-FR","@id":"https:\/\/ledsolintel.com\/product\/tira-led-dotfree-18w-cct-regulable-de-roblan\/#primaryimage","url":"https:\/\/ledsolintel.com\/wp-content\/uploads\/2022\/06\/13684-Tira-LED-DOTFREE-18W-CCT-REGULABLE-de-Roblan.jpg","contentUrl":"https:\/\/ledsolintel.com\/wp-content\/uploads\/2022\/06\/13684-Tira-LED-DOTFREE-18W-CCT-REGULABLE-de-Roblan.jpg","caption":"Tira LED DOTFREE 18W CCT REGULABLE de Roblan"},{"@type":"BreadcrumbList","@id":"https:\/\/ledsolintel.com\/product\/tira-led-dotfree-18w-cct-regulable-de-roblan\/#breadcrumb","itemListElement":[{"@type":"ListItem","position":1,"name":"Portada","item":"https:\/\/ledsolintel.com\/fr\/"},{"@type":"ListItem","position":2,"name":"Tienda","item":"https:\/\/ledsolintel.com\/tienda\/"},{"@type":"ListItem","position":3,"name":"Tira LED DOTFREE 18W CCT REGULABLE de Roblan"}]},{"@type":"WebSite","@id":"https:\/\/ledsolintel.com\/#website","url":"https:\/\/ledsolintel.com\/","name":"Webmenaje","description":"Magasin d'ampoules et de lampes LED pour les professionnels","publisher":{"@id":"https:\/\/ledsolintel.com\/#organization"},"potentialAction":[{"@type":"SearchAction","target":{"@type":"EntryPoint","urlTemplate":"https:\/\/ledsolintel.com\/?s={search_term_string}"},"query-input":{"@type":"PropertyValueSpecification","valueRequired":true,"valueName":"search_term_string"}}],"inLanguage":"fr-FR"},{"@type":"Organization","@id":"https:\/\/ledsolintel.com\/#organization","name":"Solintel Noroeste, S.L.","url":"https:\/\/ledsolintel.com\/","logo":{"@type":"ImageObject","inLanguage":"fr-FR","@id":"https:\/\/ledsolintel.com\/#\/schema\/logo\/image\/","url":"https:\/\/ledsolintel.com\/wp-content\/uploads\/2024\/11\/webmenaje-logo-1508269066.jpg","contentUrl":"https:\/\/ledsolintel.com\/wp-content\/uploads\/2024\/11\/webmenaje-logo-1508269066.jpg","width":370,"height":90,"caption":"Solintel Noroeste, S.L."},"image":{"@id":"https:\/\/ledsolintel.com\/#\/schema\/logo\/image\/"},"sameAs":["http:\/\/www.facebook.com\/webmenaje","https:\/\/x.com\/webmenaje","https:\/\/www.youtube.com\/channel\/UCX2KoVoeCG4LocZjUc6LmSQ","http:\/\/www.pinterest.com\/webmenaje"]}]}},"_links":{"self":[{"href":"https:\/\/ledsolintel.com\/fr\/wp-json\/wp\/v2\/product\/245325","targetHints":{"allow":["GET"]}}],"collection":[{"href":"https:\/\/ledsolintel.com\/fr\/wp-json\/wp\/v2\/product"}],"about":[{"href":"https:\/\/ledsolintel.com\/fr\/wp-json\/wp\/v2\/types\/product"}],"version-history":[{"count":0,"href":"https:\/\/ledsolintel.com\/fr\/wp-json\/wp\/v2\/product\/245325\/revisions"}],"wp:featuredmedia":[{"embeddable":true,"href":"https:\/\/ledsolintel.com\/fr\/wp-json\/wp\/v2\/media\/245323"}],"wp:attachment":[{"href":"https:\/\/ledsolintel.com\/fr\/wp-json\/wp\/v2\/media?parent=245325"}],"wp:term":[{"taxonomy":"product_brand","embeddable":true,"href":"https:\/\/ledsolintel.com\/fr\/wp-json\/wp\/v2\/product_brand?post=245325"},{"taxonomy":"product_cat","embeddable":true,"href":"https:\/\/ledsolintel.com\/fr\/wp-json\/wp\/v2\/product_cat?post=245325"},{"taxonomy":"product_tag","embeddable":true,"href":"https:\/\/ledsolintel.com\/fr\/wp-json\/wp\/v2\/product_tag?post=245325"}],"curies":[{"name":"wp","href":"https:\/\/api.w.org\/{rel}","templated":true}]}}