{"id":245160,"date":"2022-06-07T17:26:55","date_gmt":"2022-06-07T15:26:55","guid":{"rendered":"https:\/\/nueva.ledsolintel.com\/product\/proyector-led-mhl-v-de-roblan\/"},"modified":"2022-06-07T17:26:55","modified_gmt":"2022-06-07T15:26:55","slug":"proyector-led-mhl-v-de-roblan","status":"publish","type":"product","link":"https:\/\/ledsolintel.com\/fr\/produit-2\/proyector-led-mhl-v-de-roblan\/","title":{"rendered":"Projecteur LED Roblan MHL V"},"content":{"rendered":"<h1>Proyector LED V HIGH de Roblan<\/h1>\n<p>\u00a0<\/p>\n<h3>LED V 80W de Roblan<\/h3>\n<ul>\n<li>Puissance : 80 W<\/li>\n<li>Tension : 200-240 V<\/li>\n<li>Luminosidad: 8800 &#8211; 10 400 lm<\/li>\n<li>Temp\u00e9rature de couleur :<\/li>\n<ul>\n<li>Blanc chaud 3000 K<\/li>\n<li>Blanc naturel 4000 K<\/li>\n<li>Blanc froid 6500 K<\/li>\n<\/ul>\n<li>Optique : 120\u00ba.<\/li>\n<li>IRC &gt; 80<\/li>\n<li>Protection IP65<\/li>\n<li>Facteur de puissance &gt; 0,9<\/li>\n<li>Dur\u00e9e de vie : 50 000 heures<\/li>\n<\/ul>\n<p>\u00a0<\/p>\n<h3>LED V 100W de Roblan<\/h3>\n<ul>\n<li>Puissance : 100 W<\/li>\n<li>Tension : 200-240 V<\/li>\n<li>Luminosidad: 12 000 &#8211; 13 000 lm<\/li>\n<li>Temp\u00e9rature de couleur :<\/li>\n<ul>\n<li>Blanc chaud 3000 K<\/li>\n<li>Blanc naturel 4000 K<\/li>\n<li>Blanc froid 6500 K<\/li>\n<\/ul>\n<li>Optique : 120\u00ba.<\/li>\n<li>IRC &gt; 80<\/li>\n<li>Protection IP65<\/li>\n<li>Facteur de puissance &gt; 0,9<\/li>\n<li>Dur\u00e9e de vie : 50 000 heures<\/li>\n<\/ul>\n<p>\u00a0<\/p>\n<h3>LED V 150W de Roblan<\/h3>\n<ul>\n<li>Potencia: 150\u00a0W<\/li>\n<li>Tension : 200-240 V<\/li>\n<li>Luminosidad: 16 500 &#8211; 19 500 lm<\/li>\n<li>Temp\u00e9rature de couleur :<\/li>\n<ul>\n<li>Blanc chaud 3000 K<\/li>\n<li>Blanc naturel 4000 K<\/li>\n<li>Blanc froid 6500 K<\/li>\n<\/ul>\n<li>Optique : 120\u00ba.<\/li>\n<li>IRC &gt; 80<\/li>\n<li>Protection IP65<\/li>\n<li>Facteur de puissance &gt; 0,9<\/li>\n<li>Dur\u00e9e de vie : 50 000 heures<\/li>\n<\/ul>\n<p>\u00a0<\/p>\n<h3>LED V 200W de Roblan<\/h3>\n<ul>\n<li>Potencia: 200\u00a0W<\/li>\n<li>Tension : 200-240 V<\/li>\n<li>Luminosidad: 22 000 &#8211; 26 000 lm<\/li>\n<li>Temp\u00e9rature de couleur :<\/li>\n<ul>\n<li>Blanc chaud 3000 K<\/li>\n<li>Blanc naturel 4000 K<\/li>\n<li>Blanc froid 6500 K<\/li>\n<\/ul>\n<li>Optique : 120\u00ba.<\/li>\n<li>IRC &gt; 80<\/li>\n<li>Protection IP65<\/li>\n<li>Facteur de puissance &gt; 0,9<\/li>\n<li>Dur\u00e9e de vie : 50 000 heures<\/li>\n<\/ul>","protected":false},"excerpt":{"rendered":"<p>La gama LED V de Roblan ofrece proyectores econ\u00f3micos con una alta relaci\u00f3n calidad-precio. Se trata de una iluminaci\u00f3n adecuada para el uso dom\u00e9stico, perfecta para el alumbrado de jardines y otras zonas exteriores.<\/p>\n<p>Disponible en 3 teintes de lumi\u00e8re<\/p>","protected":false},"featured_media":245159,"template":"","meta":[],"product_brand":[99355],"product_cat":[99575,99691],"product_tag":[],"class_list":{"0":"post-245160","1":"product","2":"type-product","3":"status-publish","4":"has-post-thumbnail","6":"product_brand-roblan","7":"product_cat-iluminacion-para-jardines-y-exteriores","8":"product_cat-proyectores-para-exterior-y-transporte","9":"pa_cct-3000k","10":"pa_cct-4000k","11":"pa_cct-6500k","12":"pa_potencia-80w","13":"pa_potencia-100w","14":"pa_potencia-200w","15":"pa_potencia-150w","18":"instock","19":"taxable","20":"shipping-taxable","21":"purchasable","22":"product-type-variable","23":"has-default-attributes"},"yoast_head":"<!-- This site is optimized with the Yoast SEO plugin v26.6 - https:\/\/yoast.com\/wordpress\/plugins\/seo\/ -->\n<title>Proyector LED MHL V de Roblan<\/title>\n<meta name=\"description\" content=\"La gama LED V de Roblan ofrece proyectores baratos de alta calidad para uso dom\u00e9stico alumbrado de jardines y exteriores iluminaci\u00f3n LED econ\u00f3mica\" \/>\n<meta name=\"robots\" content=\"index, follow, max-snippet:-1, max-image-preview:large, max-video-preview:-1\" \/>\n<link rel=\"canonical\" href=\"https:\/\/ledsolintel.com\/fr\/produit-2\/proyector-led-mhl-v-de-roblan\/\" \/>\n<meta property=\"og:locale\" content=\"fr_FR\" \/>\n<meta property=\"og:type\" content=\"article\" \/>\n<meta property=\"og:title\" content=\"Proyector LED MHL V de Roblan\" \/>\n<meta property=\"og:description\" content=\"La gama LED V de Roblan ofrece proyectores baratos de alta calidad para uso dom\u00e9stico alumbrado de jardines y exteriores iluminaci\u00f3n LED econ\u00f3mica\" \/>\n<meta property=\"og:url\" content=\"https:\/\/ledsolintel.com\/fr\/produit-2\/proyector-led-mhl-v-de-roblan\/\" \/>\n<meta property=\"og:site_name\" content=\"Ledsolintel\" \/>\n<meta property=\"article:publisher\" content=\"http:\/\/www.facebook.com\/webmenaje\" \/>\n<meta property=\"og:image\" content=\"https:\/\/ledsolintel.com\/wp-content\/uploads\/2022\/06\/13523-Proyector-LED-MHL-V-de-Roblan.jpg\" \/>\n\t<meta property=\"og:image:width\" content=\"1\" \/>\n\t<meta property=\"og:image:height\" content=\"1\" \/>\n\t<meta property=\"og:image:type\" content=\"image\/jpeg\" \/>\n<meta name=\"twitter:card\" content=\"summary_large_image\" \/>\n<meta name=\"twitter:site\" content=\"@webmenaje\" \/>\n<meta name=\"twitter:label1\" content=\"Dur\u00e9e de lecture estim\u00e9e\" \/>\n\t<meta name=\"twitter:data1\" content=\"1 minute\" \/>\n<script type=\"application\/ld+json\" class=\"yoast-schema-graph\">{\"@context\":\"https:\/\/schema.org\",\"@graph\":[{\"@type\":\"WebPage\",\"@id\":\"https:\/\/ledsolintel.com\/product\/proyector-led-mhl-v-de-roblan\/\",\"url\":\"https:\/\/ledsolintel.com\/product\/proyector-led-mhl-v-de-roblan\/\",\"name\":\"Proyector LED MHL V de Roblan\",\"isPartOf\":{\"@id\":\"https:\/\/ledsolintel.com\/#website\"},\"primaryImageOfPage\":{\"@id\":\"https:\/\/ledsolintel.com\/product\/proyector-led-mhl-v-de-roblan\/#primaryimage\"},\"image\":{\"@id\":\"https:\/\/ledsolintel.com\/product\/proyector-led-mhl-v-de-roblan\/#primaryimage\"},\"thumbnailUrl\":\"https:\/\/ledsolintel.com\/wp-content\/uploads\/2022\/06\/13523-Proyector-LED-MHL-V-de-Roblan.jpg\",\"datePublished\":\"2022-06-07T15:26:55+00:00\",\"description\":\"La gama LED V de Roblan ofrece proyectores baratos de alta calidad para uso dom\u00e9stico alumbrado de jardines y exteriores iluminaci\u00f3n LED econ\u00f3mica\",\"breadcrumb\":{\"@id\":\"https:\/\/ledsolintel.com\/product\/proyector-led-mhl-v-de-roblan\/#breadcrumb\"},\"inLanguage\":\"fr-FR\",\"potentialAction\":[{\"@type\":\"ReadAction\",\"target\":[\"https:\/\/ledsolintel.com\/product\/proyector-led-mhl-v-de-roblan\/\"]}]},{\"@type\":\"ImageObject\",\"inLanguage\":\"fr-FR\",\"@id\":\"https:\/\/ledsolintel.com\/product\/proyector-led-mhl-v-de-roblan\/#primaryimage\",\"url\":\"https:\/\/ledsolintel.com\/wp-content\/uploads\/2022\/06\/13523-Proyector-LED-MHL-V-de-Roblan.jpg\",\"contentUrl\":\"https:\/\/ledsolintel.com\/wp-content\/uploads\/2022\/06\/13523-Proyector-LED-MHL-V-de-Roblan.jpg\",\"caption\":\"Proyector LED MHL V de Roblan\"},{\"@type\":\"BreadcrumbList\",\"@id\":\"https:\/\/ledsolintel.com\/product\/proyector-led-mhl-v-de-roblan\/#breadcrumb\",\"itemListElement\":[{\"@type\":\"ListItem\",\"position\":1,\"name\":\"Portada\",\"item\":\"https:\/\/ledsolintel.com\/fr\/\"},{\"@type\":\"ListItem\",\"position\":2,\"name\":\"Tienda\",\"item\":\"https:\/\/ledsolintel.com\/tienda\/\"},{\"@type\":\"ListItem\",\"position\":3,\"name\":\"Proyector LED MHL V de Roblan\"}]},{\"@type\":\"WebSite\",\"@id\":\"https:\/\/ledsolintel.com\/#website\",\"url\":\"https:\/\/ledsolintel.com\/\",\"name\":\"Webmenaje\",\"description\":\"Tienda de bombillas y l\u00e1mparas LED para profesionales\",\"publisher\":{\"@id\":\"https:\/\/ledsolintel.com\/#organization\"},\"potentialAction\":[{\"@type\":\"SearchAction\",\"target\":{\"@type\":\"EntryPoint\",\"urlTemplate\":\"https:\/\/ledsolintel.com\/?s={search_term_string}\"},\"query-input\":{\"@type\":\"PropertyValueSpecification\",\"valueRequired\":true,\"valueName\":\"search_term_string\"}}],\"inLanguage\":\"fr-FR\"},{\"@type\":\"Organization\",\"@id\":\"https:\/\/ledsolintel.com\/#organization\",\"name\":\"Solintel Noroeste, S.L.\",\"url\":\"https:\/\/ledsolintel.com\/\",\"logo\":{\"@type\":\"ImageObject\",\"inLanguage\":\"fr-FR\",\"@id\":\"https:\/\/ledsolintel.com\/#\/schema\/logo\/image\/\",\"url\":\"https:\/\/ledsolintel.com\/wp-content\/uploads\/2024\/11\/webmenaje-logo-1508269066.jpg\",\"contentUrl\":\"https:\/\/ledsolintel.com\/wp-content\/uploads\/2024\/11\/webmenaje-logo-1508269066.jpg\",\"width\":370,\"height\":90,\"caption\":\"Solintel Noroeste, S.L.\"},\"image\":{\"@id\":\"https:\/\/ledsolintel.com\/#\/schema\/logo\/image\/\"},\"sameAs\":[\"http:\/\/www.facebook.com\/webmenaje\",\"https:\/\/x.com\/webmenaje\",\"https:\/\/www.youtube.com\/channel\/UCX2KoVoeCG4LocZjUc6LmSQ\",\"http:\/\/www.pinterest.com\/webmenaje\"]}]}<\/script>\n<!-- \/ Yoast SEO plugin. -->","yoast_head_json":{"title":"Projecteur LED Roblan MHL V","description":"La gama LED V de Roblan ofrece proyectores baratos de alta calidad para uso dom\u00e9stico alumbrado de jardines y exteriores iluminaci\u00f3n LED econ\u00f3mica","robots":{"index":"index","follow":"follow","max-snippet":"max-snippet:-1","max-image-preview":"max-image-preview:large","max-video-preview":"max-video-preview:-1"},"canonical":"https:\/\/ledsolintel.com\/fr\/produit-2\/proyector-led-mhl-v-de-roblan\/","og_locale":"fr_FR","og_type":"article","og_title":"Proyector LED MHL V de Roblan","og_description":"La gama LED V de Roblan ofrece proyectores baratos de alta calidad para uso dom\u00e9stico alumbrado de jardines y exteriores iluminaci\u00f3n LED econ\u00f3mica","og_url":"https:\/\/ledsolintel.com\/fr\/produit-2\/proyector-led-mhl-v-de-roblan\/","og_site_name":"Ledsolintel","article_publisher":"http:\/\/www.facebook.com\/webmenaje","og_image":[{"url":"https:\/\/ledsolintel.com\/wp-content\/uploads\/2022\/06\/13523-Proyector-LED-MHL-V-de-Roblan.jpg","width":1,"height":1,"type":"image\/jpeg"}],"twitter_card":"summary_large_image","twitter_site":"@webmenaje","twitter_misc":{"Dur\u00e9e de lecture estim\u00e9e":"1 minute"},"schema":{"@context":"https:\/\/schema.org","@graph":[{"@type":"WebPage","@id":"https:\/\/ledsolintel.com\/product\/proyector-led-mhl-v-de-roblan\/","url":"https:\/\/ledsolintel.com\/product\/proyector-led-mhl-v-de-roblan\/","name":"Projecteur LED Roblan MHL V","isPartOf":{"@id":"https:\/\/ledsolintel.com\/#website"},"primaryImageOfPage":{"@id":"https:\/\/ledsolintel.com\/product\/proyector-led-mhl-v-de-roblan\/#primaryimage"},"image":{"@id":"https:\/\/ledsolintel.com\/product\/proyector-led-mhl-v-de-roblan\/#primaryimage"},"thumbnailUrl":"https:\/\/ledsolintel.com\/wp-content\/uploads\/2022\/06\/13523-Proyector-LED-MHL-V-de-Roblan.jpg","datePublished":"2022-06-07T15:26:55+00:00","description":"La gama LED V de Roblan ofrece proyectores baratos de alta calidad para uso dom\u00e9stico alumbrado de jardines y exteriores iluminaci\u00f3n LED econ\u00f3mica","breadcrumb":{"@id":"https:\/\/ledsolintel.com\/product\/proyector-led-mhl-v-de-roblan\/#breadcrumb"},"inLanguage":"fr-FR","potentialAction":[{"@type":"ReadAction","target":["https:\/\/ledsolintel.com\/product\/proyector-led-mhl-v-de-roblan\/"]}]},{"@type":"ImageObject","inLanguage":"fr-FR","@id":"https:\/\/ledsolintel.com\/product\/proyector-led-mhl-v-de-roblan\/#primaryimage","url":"https:\/\/ledsolintel.com\/wp-content\/uploads\/2022\/06\/13523-Proyector-LED-MHL-V-de-Roblan.jpg","contentUrl":"https:\/\/ledsolintel.com\/wp-content\/uploads\/2022\/06\/13523-Proyector-LED-MHL-V-de-Roblan.jpg","caption":"Proyector LED MHL V de Roblan"},{"@type":"BreadcrumbList","@id":"https:\/\/ledsolintel.com\/product\/proyector-led-mhl-v-de-roblan\/#breadcrumb","itemListElement":[{"@type":"ListItem","position":1,"name":"Portada","item":"https:\/\/ledsolintel.com\/fr\/"},{"@type":"ListItem","position":2,"name":"Tienda","item":"https:\/\/ledsolintel.com\/tienda\/"},{"@type":"ListItem","position":3,"name":"Proyector LED MHL V de Roblan"}]},{"@type":"WebSite","@id":"https:\/\/ledsolintel.com\/#website","url":"https:\/\/ledsolintel.com\/","name":"Webmenaje","description":"Magasin d'ampoules et de lampes LED pour les professionnels","publisher":{"@id":"https:\/\/ledsolintel.com\/#organization"},"potentialAction":[{"@type":"SearchAction","target":{"@type":"EntryPoint","urlTemplate":"https:\/\/ledsolintel.com\/?s={search_term_string}"},"query-input":{"@type":"PropertyValueSpecification","valueRequired":true,"valueName":"search_term_string"}}],"inLanguage":"fr-FR"},{"@type":"Organization","@id":"https:\/\/ledsolintel.com\/#organization","name":"Solintel Noroeste, S.L.","url":"https:\/\/ledsolintel.com\/","logo":{"@type":"ImageObject","inLanguage":"fr-FR","@id":"https:\/\/ledsolintel.com\/#\/schema\/logo\/image\/","url":"https:\/\/ledsolintel.com\/wp-content\/uploads\/2024\/11\/webmenaje-logo-1508269066.jpg","contentUrl":"https:\/\/ledsolintel.com\/wp-content\/uploads\/2024\/11\/webmenaje-logo-1508269066.jpg","width":370,"height":90,"caption":"Solintel Noroeste, S.L."},"image":{"@id":"https:\/\/ledsolintel.com\/#\/schema\/logo\/image\/"},"sameAs":["http:\/\/www.facebook.com\/webmenaje","https:\/\/x.com\/webmenaje","https:\/\/www.youtube.com\/channel\/UCX2KoVoeCG4LocZjUc6LmSQ","http:\/\/www.pinterest.com\/webmenaje"]}]}},"_links":{"self":[{"href":"https:\/\/ledsolintel.com\/fr\/wp-json\/wp\/v2\/product\/245160","targetHints":{"allow":["GET"]}}],"collection":[{"href":"https:\/\/ledsolintel.com\/fr\/wp-json\/wp\/v2\/product"}],"about":[{"href":"https:\/\/ledsolintel.com\/fr\/wp-json\/wp\/v2\/types\/product"}],"version-history":[{"count":0,"href":"https:\/\/ledsolintel.com\/fr\/wp-json\/wp\/v2\/product\/245160\/revisions"}],"wp:featuredmedia":[{"embeddable":true,"href":"https:\/\/ledsolintel.com\/fr\/wp-json\/wp\/v2\/media\/245159"}],"wp:attachment":[{"href":"https:\/\/ledsolintel.com\/fr\/wp-json\/wp\/v2\/media?parent=245160"}],"wp:term":[{"taxonomy":"product_brand","embeddable":true,"href":"https:\/\/ledsolintel.com\/fr\/wp-json\/wp\/v2\/product_brand?post=245160"},{"taxonomy":"product_cat","embeddable":true,"href":"https:\/\/ledsolintel.com\/fr\/wp-json\/wp\/v2\/product_cat?post=245160"},{"taxonomy":"product_tag","embeddable":true,"href":"https:\/\/ledsolintel.com\/fr\/wp-json\/wp\/v2\/product_tag?post=245160"}],"curies":[{"name":"wp","href":"https:\/\/api.w.org\/{rel}","templated":true}]}}