{"id":245014,"date":"2022-04-01T12:55:00","date_gmt":"2022-04-01T10:55:00","guid":{"rendered":"https:\/\/nueva.ledsolintel.com\/product\/pantalla-con-balasto-jx-39-60cm-de-roblan\/"},"modified":"2022-04-01T12:55:00","modified_gmt":"2022-04-01T10:55:00","slug":"pantalla-con-balasto-jx-39-60cm-de-roblan","status":"publish","type":"product","link":"https:\/\/ledsolintel.com\/fr\/produit-2\/pantalla-con-balasto-jx-39-60cm-de-roblan\/","title":{"rendered":"Roblan JX 39 60cm abat-jour lest\u00e9 JX 39 60cm"},"content":{"rendered":"<h1>Ecran lest\u00e9 Roblan JX 39 PC-ABS 60cm JX 39 PC-ABS 60cm<\/h1>\n<p>\u00a0<\/p>\n<ul>\n<li>Puissance : 18 W<\/li>\n<li>Tension : 220-240 V \/ 50 Hz<\/li>\n<li>Facteur de puissance &gt; 0,95<\/li>\n<li>Ip65<\/li>\n<li>IK07<\/li>\n<li>Dimensions : 85 x 665 x 73 mm<\/li>\n<\/ul>","protected":false},"excerpt":{"rendered":"<p>Roblan JX 39 PC-ABS Abat-jour de 60 cm. Comprend une pince en acier et un ballast avec fonction de pr\u00e9chauffage pour les tubes fluorescents. Eclairage professionnel dans les parkings et les entrep\u00f4ts.<\/p>","protected":false},"featured_media":245013,"template":"","meta":[],"product_brand":[99355],"product_cat":[99573,99877],"product_tag":[],"class_list":{"0":"post-245014","1":"product","2":"type-product","3":"status-publish","4":"has-post-thumbnail","6":"product_brand-roblan","7":"product_cat-iluminacion-interior","8":"product_cat-pantallas-estancas","9":"pa_numerodelamparas-1tubo","10":"pa_numerodelamparas-2tubos","13":"instock","14":"taxable","15":"shipping-taxable","16":"purchasable","17":"product-type-variable","18":"has-default-attributes"},"yoast_head":"<!-- This site is optimized with the Yoast SEO plugin v27.4 - https:\/\/yoast.com\/product\/yoast-seo-wordpress\/ -->\n<title>Pantalla con balasto JX 39 60cm de Roblan<\/title>\n<meta name=\"description\" content=\"Pantalla JX 39 PC-ABS 60cm de Roblan con clip y balasto con funci\u00f3n de precaldeo para tubos fluorescentes. Iluminaci\u00f3n profesional en parkings y almacenes.\" \/>\n<meta name=\"robots\" content=\"index, follow, max-snippet:-1, max-image-preview:large, max-video-preview:-1\" \/>\n<link rel=\"canonical\" href=\"https:\/\/ledsolintel.com\/fr\/produit-2\/pantalla-con-balasto-jx-39-60cm-de-roblan\/\" \/>\n<meta property=\"og:locale\" content=\"fr_FR\" \/>\n<meta property=\"og:type\" content=\"article\" \/>\n<meta property=\"og:title\" content=\"Pantalla con balasto JX 39 60cm de Roblan\" \/>\n<meta property=\"og:description\" content=\"Pantalla JX 39 PC-ABS 60cm de Roblan con clip y balasto con funci\u00f3n de precaldeo para tubos fluorescentes. Iluminaci\u00f3n profesional en parkings y almacenes.\" \/>\n<meta property=\"og:url\" content=\"https:\/\/ledsolintel.com\/fr\/produit-2\/pantalla-con-balasto-jx-39-60cm-de-roblan\/\" \/>\n<meta property=\"og:site_name\" content=\"Ledsolintel\" \/>\n<meta property=\"article:publisher\" content=\"http:\/\/www.facebook.com\/webmenaje\" \/>\n<meta property=\"og:image\" content=\"https:\/\/ledsolintel.com\/wp-content\/uploads\/2022\/04\/13450-Pantalla-con-balasto-JX-39-60cm-de-Roblan.jpg\" \/>\n\t<meta property=\"og:image:width\" content=\"1\" \/>\n\t<meta property=\"og:image:height\" content=\"1\" \/>\n\t<meta property=\"og:image:type\" content=\"image\/jpeg\" \/>\n<meta name=\"twitter:card\" content=\"summary_large_image\" \/>\n<meta name=\"twitter:site\" content=\"@webmenaje\" \/>\n<script type=\"application\/ld+json\" class=\"yoast-schema-graph\">{\"@context\":\"https:\\\/\\\/schema.org\",\"@graph\":[{\"@type\":\"WebPage\",\"@id\":\"https:\\\/\\\/ledsolintel.com\\\/product\\\/pantalla-con-balasto-jx-39-60cm-de-roblan\\\/\",\"url\":\"https:\\\/\\\/ledsolintel.com\\\/product\\\/pantalla-con-balasto-jx-39-60cm-de-roblan\\\/\",\"name\":\"Pantalla con balasto JX 39 60cm de Roblan\",\"isPartOf\":{\"@id\":\"https:\\\/\\\/ledsolintel.com\\\/#website\"},\"primaryImageOfPage\":{\"@id\":\"https:\\\/\\\/ledsolintel.com\\\/product\\\/pantalla-con-balasto-jx-39-60cm-de-roblan\\\/#primaryimage\"},\"image\":{\"@id\":\"https:\\\/\\\/ledsolintel.com\\\/product\\\/pantalla-con-balasto-jx-39-60cm-de-roblan\\\/#primaryimage\"},\"thumbnailUrl\":\"https:\\\/\\\/ledsolintel.com\\\/wp-content\\\/uploads\\\/2022\\\/04\\\/13450-Pantalla-con-balasto-JX-39-60cm-de-Roblan.jpg\",\"datePublished\":\"2022-04-01T10:55:00+00:00\",\"description\":\"Pantalla JX 39 PC-ABS 60cm de Roblan con clip y balasto con funci\u00f3n de precaldeo para tubos fluorescentes. Iluminaci\u00f3n profesional en parkings y almacenes.\",\"breadcrumb\":{\"@id\":\"https:\\\/\\\/ledsolintel.com\\\/product\\\/pantalla-con-balasto-jx-39-60cm-de-roblan\\\/#breadcrumb\"},\"inLanguage\":\"fr-FR\",\"potentialAction\":[{\"@type\":\"ReadAction\",\"target\":[\"https:\\\/\\\/ledsolintel.com\\\/product\\\/pantalla-con-balasto-jx-39-60cm-de-roblan\\\/\"]}]},{\"@type\":\"ImageObject\",\"inLanguage\":\"fr-FR\",\"@id\":\"https:\\\/\\\/ledsolintel.com\\\/product\\\/pantalla-con-balasto-jx-39-60cm-de-roblan\\\/#primaryimage\",\"url\":\"https:\\\/\\\/ledsolintel.com\\\/wp-content\\\/uploads\\\/2022\\\/04\\\/13450-Pantalla-con-balasto-JX-39-60cm-de-Roblan.jpg\",\"contentUrl\":\"https:\\\/\\\/ledsolintel.com\\\/wp-content\\\/uploads\\\/2022\\\/04\\\/13450-Pantalla-con-balasto-JX-39-60cm-de-Roblan.jpg\",\"caption\":\"Pantalla con balasto JX 39 60cm de Roblan\"},{\"@type\":\"BreadcrumbList\",\"@id\":\"https:\\\/\\\/ledsolintel.com\\\/product\\\/pantalla-con-balasto-jx-39-60cm-de-roblan\\\/#breadcrumb\",\"itemListElement\":[{\"@type\":\"ListItem\",\"position\":1,\"name\":\"Portada\",\"item\":\"https:\\\/\\\/ledsolintel.com\\\/fr\\\/\"},{\"@type\":\"ListItem\",\"position\":2,\"name\":\"Tienda\",\"item\":\"https:\\\/\\\/ledsolintel.com\\\/tienda\\\/\"},{\"@type\":\"ListItem\",\"position\":3,\"name\":\"Pantalla con balasto JX 39 60cm de Roblan\"}]},{\"@type\":\"WebSite\",\"@id\":\"https:\\\/\\\/ledsolintel.com\\\/#website\",\"url\":\"https:\\\/\\\/ledsolintel.com\\\/\",\"name\":\"Webmenaje\",\"description\":\"Tienda de bombillas y l\u00e1mparas LED para profesionales\",\"publisher\":{\"@id\":\"https:\\\/\\\/ledsolintel.com\\\/#organization\"},\"potentialAction\":[{\"@type\":\"SearchAction\",\"target\":{\"@type\":\"EntryPoint\",\"urlTemplate\":\"https:\\\/\\\/ledsolintel.com\\\/?s={search_term_string}\"},\"query-input\":{\"@type\":\"PropertyValueSpecification\",\"valueRequired\":true,\"valueName\":\"search_term_string\"}}],\"inLanguage\":\"fr-FR\"},{\"@type\":\"Organization\",\"@id\":\"https:\\\/\\\/ledsolintel.com\\\/#organization\",\"name\":\"Solintel Noroeste, S.L.\",\"url\":\"https:\\\/\\\/ledsolintel.com\\\/\",\"logo\":{\"@type\":\"ImageObject\",\"inLanguage\":\"fr-FR\",\"@id\":\"https:\\\/\\\/ledsolintel.com\\\/#\\\/schema\\\/logo\\\/image\\\/\",\"url\":\"https:\\\/\\\/ledsolintel.com\\\/wp-content\\\/uploads\\\/2024\\\/11\\\/webmenaje-logo-1508269066.jpg\",\"contentUrl\":\"https:\\\/\\\/ledsolintel.com\\\/wp-content\\\/uploads\\\/2024\\\/11\\\/webmenaje-logo-1508269066.jpg\",\"width\":370,\"height\":90,\"caption\":\"Solintel Noroeste, S.L.\"},\"image\":{\"@id\":\"https:\\\/\\\/ledsolintel.com\\\/#\\\/schema\\\/logo\\\/image\\\/\"},\"sameAs\":[\"http:\\\/\\\/www.facebook.com\\\/webmenaje\",\"https:\\\/\\\/x.com\\\/webmenaje\",\"https:\\\/\\\/www.youtube.com\\\/channel\\\/UCX2KoVoeCG4LocZjUc6LmSQ\",\"http:\\\/\\\/www.pinterest.com\\\/webmenaje\"]}]}<\/script>\n<!-- \/ Yoast SEO plugin. -->","yoast_head_json":{"title":"Roblan JX 39 60cm abat-jour lest\u00e9 JX 39 60cm","description":"Pantalla JX 39 PC-ABS 60cm de Roblan con clip y balasto con funci\u00f3n de precaldeo para tubos fluorescentes. Iluminaci\u00f3n profesional en parkings y almacenes.","robots":{"index":"index","follow":"follow","max-snippet":"max-snippet:-1","max-image-preview":"max-image-preview:large","max-video-preview":"max-video-preview:-1"},"canonical":"https:\/\/ledsolintel.com\/fr\/produit-2\/pantalla-con-balasto-jx-39-60cm-de-roblan\/","og_locale":"fr_FR","og_type":"article","og_title":"Pantalla con balasto JX 39 60cm de Roblan","og_description":"Pantalla JX 39 PC-ABS 60cm de Roblan con clip y balasto con funci\u00f3n de precaldeo para tubos fluorescentes. Iluminaci\u00f3n profesional en parkings y almacenes.","og_url":"https:\/\/ledsolintel.com\/fr\/produit-2\/pantalla-con-balasto-jx-39-60cm-de-roblan\/","og_site_name":"Ledsolintel","article_publisher":"http:\/\/www.facebook.com\/webmenaje","og_image":[{"url":"https:\/\/ledsolintel.com\/wp-content\/uploads\/2022\/04\/13450-Pantalla-con-balasto-JX-39-60cm-de-Roblan.jpg","width":1,"height":1,"type":"image\/jpeg"}],"twitter_card":"summary_large_image","twitter_site":"@webmenaje","schema":{"@context":"https:\/\/schema.org","@graph":[{"@type":"WebPage","@id":"https:\/\/ledsolintel.com\/product\/pantalla-con-balasto-jx-39-60cm-de-roblan\/","url":"https:\/\/ledsolintel.com\/product\/pantalla-con-balasto-jx-39-60cm-de-roblan\/","name":"Roblan JX 39 60cm abat-jour lest\u00e9 JX 39 60cm","isPartOf":{"@id":"https:\/\/ledsolintel.com\/#website"},"primaryImageOfPage":{"@id":"https:\/\/ledsolintel.com\/product\/pantalla-con-balasto-jx-39-60cm-de-roblan\/#primaryimage"},"image":{"@id":"https:\/\/ledsolintel.com\/product\/pantalla-con-balasto-jx-39-60cm-de-roblan\/#primaryimage"},"thumbnailUrl":"https:\/\/ledsolintel.com\/wp-content\/uploads\/2022\/04\/13450-Pantalla-con-balasto-JX-39-60cm-de-Roblan.jpg","datePublished":"2022-04-01T10:55:00+00:00","description":"Pantalla JX 39 PC-ABS 60cm de Roblan con clip y balasto con funci\u00f3n de precaldeo para tubos fluorescentes. Iluminaci\u00f3n profesional en parkings y almacenes.","breadcrumb":{"@id":"https:\/\/ledsolintel.com\/product\/pantalla-con-balasto-jx-39-60cm-de-roblan\/#breadcrumb"},"inLanguage":"fr-FR","potentialAction":[{"@type":"ReadAction","target":["https:\/\/ledsolintel.com\/product\/pantalla-con-balasto-jx-39-60cm-de-roblan\/"]}]},{"@type":"ImageObject","inLanguage":"fr-FR","@id":"https:\/\/ledsolintel.com\/product\/pantalla-con-balasto-jx-39-60cm-de-roblan\/#primaryimage","url":"https:\/\/ledsolintel.com\/wp-content\/uploads\/2022\/04\/13450-Pantalla-con-balasto-JX-39-60cm-de-Roblan.jpg","contentUrl":"https:\/\/ledsolintel.com\/wp-content\/uploads\/2022\/04\/13450-Pantalla-con-balasto-JX-39-60cm-de-Roblan.jpg","caption":"Pantalla con balasto JX 39 60cm de Roblan"},{"@type":"BreadcrumbList","@id":"https:\/\/ledsolintel.com\/product\/pantalla-con-balasto-jx-39-60cm-de-roblan\/#breadcrumb","itemListElement":[{"@type":"ListItem","position":1,"name":"Portada","item":"https:\/\/ledsolintel.com\/fr\/"},{"@type":"ListItem","position":2,"name":"Tienda","item":"https:\/\/ledsolintel.com\/tienda\/"},{"@type":"ListItem","position":3,"name":"Pantalla con balasto JX 39 60cm de Roblan"}]},{"@type":"WebSite","@id":"https:\/\/ledsolintel.com\/#website","url":"https:\/\/ledsolintel.com\/","name":"Webmenaje","description":"Magasin d'ampoules et de lampes LED pour les professionnels","publisher":{"@id":"https:\/\/ledsolintel.com\/#organization"},"potentialAction":[{"@type":"SearchAction","target":{"@type":"EntryPoint","urlTemplate":"https:\/\/ledsolintel.com\/?s={search_term_string}"},"query-input":{"@type":"PropertyValueSpecification","valueRequired":true,"valueName":"search_term_string"}}],"inLanguage":"fr-FR"},{"@type":"Organization","@id":"https:\/\/ledsolintel.com\/#organization","name":"Solintel Noroeste, S.L.","url":"https:\/\/ledsolintel.com\/","logo":{"@type":"ImageObject","inLanguage":"fr-FR","@id":"https:\/\/ledsolintel.com\/#\/schema\/logo\/image\/","url":"https:\/\/ledsolintel.com\/wp-content\/uploads\/2024\/11\/webmenaje-logo-1508269066.jpg","contentUrl":"https:\/\/ledsolintel.com\/wp-content\/uploads\/2024\/11\/webmenaje-logo-1508269066.jpg","width":370,"height":90,"caption":"Solintel Noroeste, S.L."},"image":{"@id":"https:\/\/ledsolintel.com\/#\/schema\/logo\/image\/"},"sameAs":["http:\/\/www.facebook.com\/webmenaje","https:\/\/x.com\/webmenaje","https:\/\/www.youtube.com\/channel\/UCX2KoVoeCG4LocZjUc6LmSQ","http:\/\/www.pinterest.com\/webmenaje"]}]}},"_links":{"self":[{"href":"https:\/\/ledsolintel.com\/fr\/wp-json\/wp\/v2\/product\/245014","targetHints":{"allow":["GET"]}}],"collection":[{"href":"https:\/\/ledsolintel.com\/fr\/wp-json\/wp\/v2\/product"}],"about":[{"href":"https:\/\/ledsolintel.com\/fr\/wp-json\/wp\/v2\/types\/product"}],"version-history":[{"count":0,"href":"https:\/\/ledsolintel.com\/fr\/wp-json\/wp\/v2\/product\/245014\/revisions"}],"wp:featuredmedia":[{"embeddable":true,"href":"https:\/\/ledsolintel.com\/fr\/wp-json\/wp\/v2\/media\/245013"}],"wp:attachment":[{"href":"https:\/\/ledsolintel.com\/fr\/wp-json\/wp\/v2\/media?parent=245014"}],"wp:term":[{"taxonomy":"product_brand","embeddable":true,"href":"https:\/\/ledsolintel.com\/fr\/wp-json\/wp\/v2\/product_brand?post=245014"},{"taxonomy":"product_cat","embeddable":true,"href":"https:\/\/ledsolintel.com\/fr\/wp-json\/wp\/v2\/product_cat?post=245014"},{"taxonomy":"product_tag","embeddable":true,"href":"https:\/\/ledsolintel.com\/fr\/wp-json\/wp\/v2\/product_tag?post=245014"}],"curies":[{"name":"wp","href":"https:\/\/api.w.org\/{rel}","templated":true}]}}