{"id":244972,"date":"2022-03-16T16:53:31","date_gmt":"2022-03-16T15:53:31","guid":{"rendered":"https:\/\/nueva.ledsolintel.com\/product\/aplique-exterior-led-blis-redondo-15w-de-beneito-faure\/"},"modified":"2022-03-16T16:53:31","modified_gmt":"2022-03-16T15:53:31","slug":"beneito-faure-round-blis-led-outdoor-wall-lamp-15w","status":"publish","type":"product","link":"https:\/\/ledsolintel.com\/fr\/produit-2\/beneito-faure-round-blis-led-outdoor-wall-lamp-15w\/","title":{"rendered":"CCT SWITCH 15W ampoule murale LED ronde BLIS par Beneito Faure"},"content":{"rendered":"<h1>Beneito Faure BLIS CCT SWITCH lampe murale ext\u00e9rieure LED 15W ronde<\/h1>\n<p>\u00a0<\/p>\n<ul>\n<li>Puissance : 15 W<\/li>\n<li>Tension : 220-240 V \/ 50-60 Hz<\/li>\n<li>CCT : INTERRUPTEUR (2700\/3200\/4000 K)<\/li>\n<li>Luminance : 1470 lm<\/li>\n<li>Facteur de puissance &gt; 0,6<\/li>\n<li>Optique : 180<\/li>\n<li>Dur\u00e9e de vie : 25 000 h<\/li>\n<li>IRC &gt; 80<\/li>\n<li>IP65<\/li>\n<li>IK04<\/li>\n<\/ul>","protected":false},"excerpt":{"rendered":"<p>Beneito Faure BLIS applique murale LED ronde 15W. Pour un \u00e9clairage professionnel des fa\u00e7ades, des porches et autres espaces ext\u00e9rieurs. Disponible en trois finitions. Temp\u00e9rature de couleur r\u00e9glable par interrupteur.<\/p>","protected":false},"featured_media":244967,"template":"","meta":[],"product_brand":[99357],"product_cat":[99603,99575],"product_tag":[],"class_list":{"0":"post-244972","1":"product","2":"type-product","3":"status-publish","4":"has-post-thumbnail","6":"product_brand-beneito-faure","7":"product_cat-apliques-para-exterior","8":"product_cat-iluminacion-para-jardines-y-exteriores","9":"pa_acabado-blanco","10":"pa_acabado-negro","11":"pa_acabado-corten","14":"instock","15":"taxable","16":"shipping-taxable","17":"purchasable","18":"product-type-variable","19":"has-default-attributes"},"yoast_head":"<!-- This site is optimized with the Yoast SEO plugin v26.6 - https:\/\/yoast.com\/wordpress\/plugins\/seo\/ -->\n<title>Aplique exterior LED BLIS 15W de Beneito Faure<\/title>\n<meta name=\"description\" content=\"Aplique LED BLIS redondo 15W de Beneito Faure. Para iluminado profesional en fachadas, porches y otros espacios exteriores. Disponible en tres acabados.\" \/>\n<meta name=\"robots\" content=\"index, follow, max-snippet:-1, max-image-preview:large, max-video-preview:-1\" \/>\n<link rel=\"canonical\" href=\"https:\/\/ledsolintel.com\/fr\/produit-2\/beneito-faure-round-blis-led-outdoor-wall-lamp-15w\/\" \/>\n<meta property=\"og:locale\" content=\"fr_FR\" \/>\n<meta property=\"og:type\" content=\"article\" \/>\n<meta property=\"og:title\" content=\"Aplique exterior LED BLIS 15W de Beneito Faure\" \/>\n<meta property=\"og:description\" content=\"Aplique LED BLIS redondo 15W de Beneito Faure. Para iluminado profesional en fachadas, porches y otros espacios exteriores. Disponible en tres acabados.\" \/>\n<meta property=\"og:url\" content=\"https:\/\/ledsolintel.com\/fr\/produit-2\/beneito-faure-round-blis-led-outdoor-wall-lamp-15w\/\" \/>\n<meta property=\"og:site_name\" content=\"Ledsolintel\" \/>\n<meta property=\"article:publisher\" content=\"http:\/\/www.facebook.com\/webmenaje\" \/>\n<meta property=\"og:image\" content=\"https:\/\/ledsolintel.com\/wp-content\/uploads\/2022\/03\/18932-Aplique-LED-BLIS-redondo-CCT-SWITCH-15W-de-Beneito-Faure.jpg\" \/>\n\t<meta property=\"og:image:width\" content=\"1\" \/>\n\t<meta property=\"og:image:height\" content=\"1\" \/>\n\t<meta property=\"og:image:type\" content=\"image\/jpeg\" \/>\n<meta name=\"twitter:card\" content=\"summary_large_image\" \/>\n<meta name=\"twitter:site\" content=\"@webmenaje\" \/>\n<script type=\"application\/ld+json\" class=\"yoast-schema-graph\">{\"@context\":\"https:\/\/schema.org\",\"@graph\":[{\"@type\":\"WebPage\",\"@id\":\"https:\/\/ledsolintel.com\/product\/aplique-exterior-led-blis-redondo-15w-de-beneito-faure\/\",\"url\":\"https:\/\/ledsolintel.com\/product\/aplique-exterior-led-blis-redondo-15w-de-beneito-faure\/\",\"name\":\"Aplique exterior LED BLIS 15W de Beneito Faure\",\"isPartOf\":{\"@id\":\"https:\/\/ledsolintel.com\/#website\"},\"primaryImageOfPage\":{\"@id\":\"https:\/\/ledsolintel.com\/product\/aplique-exterior-led-blis-redondo-15w-de-beneito-faure\/#primaryimage\"},\"image\":{\"@id\":\"https:\/\/ledsolintel.com\/product\/aplique-exterior-led-blis-redondo-15w-de-beneito-faure\/#primaryimage\"},\"thumbnailUrl\":\"https:\/\/ledsolintel.com\/wp-content\/uploads\/2022\/03\/18932-Aplique-LED-BLIS-redondo-CCT-SWITCH-15W-de-Beneito-Faure.jpg\",\"datePublished\":\"2022-03-16T15:53:31+00:00\",\"description\":\"Aplique LED BLIS redondo 15W de Beneito Faure. Para iluminado profesional en fachadas, porches y otros espacios exteriores. Disponible en tres acabados.\",\"breadcrumb\":{\"@id\":\"https:\/\/ledsolintel.com\/product\/aplique-exterior-led-blis-redondo-15w-de-beneito-faure\/#breadcrumb\"},\"inLanguage\":\"fr-FR\",\"potentialAction\":[{\"@type\":\"ReadAction\",\"target\":[\"https:\/\/ledsolintel.com\/product\/aplique-exterior-led-blis-redondo-15w-de-beneito-faure\/\"]}]},{\"@type\":\"ImageObject\",\"inLanguage\":\"fr-FR\",\"@id\":\"https:\/\/ledsolintel.com\/product\/aplique-exterior-led-blis-redondo-15w-de-beneito-faure\/#primaryimage\",\"url\":\"https:\/\/ledsolintel.com\/wp-content\/uploads\/2022\/03\/18932-Aplique-LED-BLIS-redondo-CCT-SWITCH-15W-de-Beneito-Faure.jpg\",\"contentUrl\":\"https:\/\/ledsolintel.com\/wp-content\/uploads\/2022\/03\/18932-Aplique-LED-BLIS-redondo-CCT-SWITCH-15W-de-Beneito-Faure.jpg\",\"caption\":\"Aplique LED BLIS redondo CCT SWITCH 15W de Beneito Faure\"},{\"@type\":\"BreadcrumbList\",\"@id\":\"https:\/\/ledsolintel.com\/product\/aplique-exterior-led-blis-redondo-15w-de-beneito-faure\/#breadcrumb\",\"itemListElement\":[{\"@type\":\"ListItem\",\"position\":1,\"name\":\"Portada\",\"item\":\"https:\/\/ledsolintel.com\/fr\/\"},{\"@type\":\"ListItem\",\"position\":2,\"name\":\"Tienda\",\"item\":\"https:\/\/ledsolintel.com\/tienda\/\"},{\"@type\":\"ListItem\",\"position\":3,\"name\":\"Aplique LED BLIS redondo CCT SWITCH 15W de Beneito Faure\"}]},{\"@type\":\"WebSite\",\"@id\":\"https:\/\/ledsolintel.com\/#website\",\"url\":\"https:\/\/ledsolintel.com\/\",\"name\":\"Webmenaje\",\"description\":\"Tienda de bombillas y l\u00e1mparas LED para profesionales\",\"publisher\":{\"@id\":\"https:\/\/ledsolintel.com\/#organization\"},\"potentialAction\":[{\"@type\":\"SearchAction\",\"target\":{\"@type\":\"EntryPoint\",\"urlTemplate\":\"https:\/\/ledsolintel.com\/?s={search_term_string}\"},\"query-input\":{\"@type\":\"PropertyValueSpecification\",\"valueRequired\":true,\"valueName\":\"search_term_string\"}}],\"inLanguage\":\"fr-FR\"},{\"@type\":\"Organization\",\"@id\":\"https:\/\/ledsolintel.com\/#organization\",\"name\":\"Solintel Noroeste, S.L.\",\"url\":\"https:\/\/ledsolintel.com\/\",\"logo\":{\"@type\":\"ImageObject\",\"inLanguage\":\"fr-FR\",\"@id\":\"https:\/\/ledsolintel.com\/#\/schema\/logo\/image\/\",\"url\":\"https:\/\/ledsolintel.com\/wp-content\/uploads\/2024\/11\/webmenaje-logo-1508269066.jpg\",\"contentUrl\":\"https:\/\/ledsolintel.com\/wp-content\/uploads\/2024\/11\/webmenaje-logo-1508269066.jpg\",\"width\":370,\"height\":90,\"caption\":\"Solintel Noroeste, S.L.\"},\"image\":{\"@id\":\"https:\/\/ledsolintel.com\/#\/schema\/logo\/image\/\"},\"sameAs\":[\"http:\/\/www.facebook.com\/webmenaje\",\"https:\/\/x.com\/webmenaje\",\"https:\/\/www.youtube.com\/channel\/UCX2KoVoeCG4LocZjUc6LmSQ\",\"http:\/\/www.pinterest.com\/webmenaje\"]}]}<\/script>\n<!-- \/ Yoast SEO plugin. -->","yoast_head_json":{"title":"Beneito Faure BLIS Applique ext\u00e9rieure LED 15W","description":"Beneito Faure BLIS applique murale LED ronde 15W. Pour un \u00e9clairage professionnel des fa\u00e7ades, des porches et autres espaces ext\u00e9rieurs. Disponible en trois finitions.","robots":{"index":"index","follow":"follow","max-snippet":"max-snippet:-1","max-image-preview":"max-image-preview:large","max-video-preview":"max-video-preview:-1"},"canonical":"https:\/\/ledsolintel.com\/fr\/produit-2\/beneito-faure-round-blis-led-outdoor-wall-lamp-15w\/","og_locale":"fr_FR","og_type":"article","og_title":"Aplique exterior LED BLIS 15W de Beneito Faure","og_description":"Aplique LED BLIS redondo 15W de Beneito Faure. Para iluminado profesional en fachadas, porches y otros espacios exteriores. Disponible en tres acabados.","og_url":"https:\/\/ledsolintel.com\/fr\/produit-2\/beneito-faure-round-blis-led-outdoor-wall-lamp-15w\/","og_site_name":"Ledsolintel","article_publisher":"http:\/\/www.facebook.com\/webmenaje","og_image":[{"url":"https:\/\/ledsolintel.com\/wp-content\/uploads\/2022\/03\/18932-Aplique-LED-BLIS-redondo-CCT-SWITCH-15W-de-Beneito-Faure.jpg","width":1,"height":1,"type":"image\/jpeg"}],"twitter_card":"summary_large_image","twitter_site":"@webmenaje","schema":{"@context":"https:\/\/schema.org","@graph":[{"@type":"WebPage","@id":"https:\/\/ledsolintel.com\/product\/aplique-exterior-led-blis-redondo-15w-de-beneito-faure\/","url":"https:\/\/ledsolintel.com\/product\/aplique-exterior-led-blis-redondo-15w-de-beneito-faure\/","name":"Beneito Faure BLIS Applique ext\u00e9rieure LED 15W","isPartOf":{"@id":"https:\/\/ledsolintel.com\/#website"},"primaryImageOfPage":{"@id":"https:\/\/ledsolintel.com\/product\/aplique-exterior-led-blis-redondo-15w-de-beneito-faure\/#primaryimage"},"image":{"@id":"https:\/\/ledsolintel.com\/product\/aplique-exterior-led-blis-redondo-15w-de-beneito-faure\/#primaryimage"},"thumbnailUrl":"https:\/\/ledsolintel.com\/wp-content\/uploads\/2022\/03\/18932-Aplique-LED-BLIS-redondo-CCT-SWITCH-15W-de-Beneito-Faure.jpg","datePublished":"2022-03-16T15:53:31+00:00","description":"Beneito Faure BLIS applique murale LED ronde 15W. Pour un \u00e9clairage professionnel des fa\u00e7ades, des porches et autres espaces ext\u00e9rieurs. Disponible en trois finitions.","breadcrumb":{"@id":"https:\/\/ledsolintel.com\/product\/aplique-exterior-led-blis-redondo-15w-de-beneito-faure\/#breadcrumb"},"inLanguage":"fr-FR","potentialAction":[{"@type":"ReadAction","target":["https:\/\/ledsolintel.com\/product\/aplique-exterior-led-blis-redondo-15w-de-beneito-faure\/"]}]},{"@type":"ImageObject","inLanguage":"fr-FR","@id":"https:\/\/ledsolintel.com\/product\/aplique-exterior-led-blis-redondo-15w-de-beneito-faure\/#primaryimage","url":"https:\/\/ledsolintel.com\/wp-content\/uploads\/2022\/03\/18932-Aplique-LED-BLIS-redondo-CCT-SWITCH-15W-de-Beneito-Faure.jpg","contentUrl":"https:\/\/ledsolintel.com\/wp-content\/uploads\/2022\/03\/18932-Aplique-LED-BLIS-redondo-CCT-SWITCH-15W-de-Beneito-Faure.jpg","caption":"Aplique LED BLIS redondo CCT SWITCH 15W de Beneito Faure"},{"@type":"BreadcrumbList","@id":"https:\/\/ledsolintel.com\/product\/aplique-exterior-led-blis-redondo-15w-de-beneito-faure\/#breadcrumb","itemListElement":[{"@type":"ListItem","position":1,"name":"Portada","item":"https:\/\/ledsolintel.com\/fr\/"},{"@type":"ListItem","position":2,"name":"Tienda","item":"https:\/\/ledsolintel.com\/tienda\/"},{"@type":"ListItem","position":3,"name":"Aplique LED BLIS redondo CCT SWITCH 15W de Beneito Faure"}]},{"@type":"WebSite","@id":"https:\/\/ledsolintel.com\/#website","url":"https:\/\/ledsolintel.com\/","name":"Webmenaje","description":"Magasin d'ampoules et de lampes LED pour les professionnels","publisher":{"@id":"https:\/\/ledsolintel.com\/#organization"},"potentialAction":[{"@type":"SearchAction","target":{"@type":"EntryPoint","urlTemplate":"https:\/\/ledsolintel.com\/?s={search_term_string}"},"query-input":{"@type":"PropertyValueSpecification","valueRequired":true,"valueName":"search_term_string"}}],"inLanguage":"fr-FR"},{"@type":"Organization","@id":"https:\/\/ledsolintel.com\/#organization","name":"Solintel Noroeste, S.L.","url":"https:\/\/ledsolintel.com\/","logo":{"@type":"ImageObject","inLanguage":"fr-FR","@id":"https:\/\/ledsolintel.com\/#\/schema\/logo\/image\/","url":"https:\/\/ledsolintel.com\/wp-content\/uploads\/2024\/11\/webmenaje-logo-1508269066.jpg","contentUrl":"https:\/\/ledsolintel.com\/wp-content\/uploads\/2024\/11\/webmenaje-logo-1508269066.jpg","width":370,"height":90,"caption":"Solintel Noroeste, S.L."},"image":{"@id":"https:\/\/ledsolintel.com\/#\/schema\/logo\/image\/"},"sameAs":["http:\/\/www.facebook.com\/webmenaje","https:\/\/x.com\/webmenaje","https:\/\/www.youtube.com\/channel\/UCX2KoVoeCG4LocZjUc6LmSQ","http:\/\/www.pinterest.com\/webmenaje"]}]}},"_links":{"self":[{"href":"https:\/\/ledsolintel.com\/fr\/wp-json\/wp\/v2\/product\/244972","targetHints":{"allow":["GET"]}}],"collection":[{"href":"https:\/\/ledsolintel.com\/fr\/wp-json\/wp\/v2\/product"}],"about":[{"href":"https:\/\/ledsolintel.com\/fr\/wp-json\/wp\/v2\/types\/product"}],"version-history":[{"count":0,"href":"https:\/\/ledsolintel.com\/fr\/wp-json\/wp\/v2\/product\/244972\/revisions"}],"wp:featuredmedia":[{"embeddable":true,"href":"https:\/\/ledsolintel.com\/fr\/wp-json\/wp\/v2\/media\/244967"}],"wp:attachment":[{"href":"https:\/\/ledsolintel.com\/fr\/wp-json\/wp\/v2\/media?parent=244972"}],"wp:term":[{"taxonomy":"product_brand","embeddable":true,"href":"https:\/\/ledsolintel.com\/fr\/wp-json\/wp\/v2\/product_brand?post=244972"},{"taxonomy":"product_cat","embeddable":true,"href":"https:\/\/ledsolintel.com\/fr\/wp-json\/wp\/v2\/product_cat?post=244972"},{"taxonomy":"product_tag","embeddable":true,"href":"https:\/\/ledsolintel.com\/fr\/wp-json\/wp\/v2\/product_tag?post=244972"}],"curies":[{"name":"wp","href":"https:\/\/api.w.org\/{rel}","templated":true}]}}