{"id":244934,"date":"2022-03-04T15:54:21","date_gmt":"2022-03-04T14:54:21","guid":{"rendered":"https:\/\/nueva.ledsolintel.com\/product\/lampara-colgante-haka-250-mm-de-faro-barcelona-2\/"},"modified":"2022-03-04T15:54:21","modified_gmt":"2022-03-04T14:54:21","slug":"lampara-colgante-haka-250-mm-de-faro-barcelona-2","status":"publish","type":"product","link":"https:\/\/ledsolintel.com\/fr\/produit-2\/lampara-colgante-haka-250-mm-de-faro-barcelona-2\/","title":{"rendered":"L\u00e1mpara colgante HAKA 300 mm de Faro Barcelona"},"content":{"rendered":"<h1>L\u00e1mpara colgante HAKA 300 mm de Faro Barcelona<\/h1>\n<p>\u00a0<\/p>\n<ul>\n<li>Puissance (max) : 15 W<\/li>\n<li>Tension : 100-240 V, 50-60 Hz<\/li>\n<li>C\u00e2ble : 2000 mm<\/li>\n<li>Base : E27<\/li>\n<\/ul>\n<p>\u00a0<\/p>\n<p><video width=\"400\" height=\"400\" controls=\"controls\"><source src=\"https:\/\/player.vimeo.com\/progressive_redirect\/playback\/658535716\/rendition\/720p\/720p.mp4?loc=external&#038;signature=eba66ea7a61dfe9b6c42351d05d82abea2282e9de6cebc78a35698e8f8810936\" type=\"video\/mp4\" \/><\/video><\/p>","protected":false},"excerpt":{"rendered":"<p>L\u00e1mpara colgante HAKA de Faro Barcelona. Pantalla de rat\u00e1n. Aspecto natural y org\u00e1nico, ideal para decoraci\u00f3n de interiores en hoteles y hosteler\u00eda.<\/p>\n<p>Ampoule non incluse.<\/p>","protected":false},"featured_media":244930,"template":"","meta":[],"product_brand":[99359],"product_cat":[99573,99883,99679],"product_tag":[],"class_list":{"0":"post-244934","1":"product","2":"type-product","3":"status-publish","4":"has-post-thumbnail","6":"product_brand-faro-barcelona","7":"product_cat-iluminacion-interior","8":"product_cat-apliques-y-lamparas-de-techo","9":"product_cat-lamparas-de-techo","12":"instock","13":"taxable","14":"shipping-taxable","15":"purchasable","16":"product-type-simple"},"yoast_head":"<!-- This site is optimized with the Yoast SEO plugin v26.6 - https:\/\/yoast.com\/wordpress\/plugins\/seo\/ -->\n<title>L\u00e1mpara colgante HAKA 250 mm de Faro Barcelona<\/title>\n<meta name=\"description\" content=\"L\u00e1mpara colgante HAKA 250 mm de Faro Barcelona. Pantalla de rat\u00e1n. Aspecto natural y org\u00e1nico, iluminaci\u00f3n profesional decoraci\u00f3n en hoteles y hosteler\u00eda.\" \/>\n<meta name=\"robots\" content=\"index, follow, max-snippet:-1, max-image-preview:large, max-video-preview:-1\" \/>\n<link rel=\"canonical\" href=\"https:\/\/ledsolintel.com\/fr\/produit-2\/lampara-colgante-haka-250-mm-de-faro-barcelona-2\/\" \/>\n<meta property=\"og:locale\" content=\"fr_FR\" \/>\n<meta property=\"og:type\" content=\"article\" \/>\n<meta property=\"og:title\" content=\"L\u00e1mpara colgante HAKA 250 mm de Faro Barcelona\" \/>\n<meta property=\"og:description\" content=\"L\u00e1mpara colgante HAKA 250 mm de Faro Barcelona. Pantalla de rat\u00e1n. Aspecto natural y org\u00e1nico, iluminaci\u00f3n profesional decoraci\u00f3n en hoteles y hosteler\u00eda.\" \/>\n<meta property=\"og:url\" content=\"https:\/\/ledsolintel.com\/fr\/produit-2\/lampara-colgante-haka-250-mm-de-faro-barcelona-2\/\" \/>\n<meta property=\"og:site_name\" content=\"Ledsolintel\" \/>\n<meta property=\"article:publisher\" content=\"http:\/\/www.facebook.com\/webmenaje\" \/>\n<meta property=\"og:image\" content=\"https:\/\/ledsolintel.com\/wp-content\/uploads\/2022\/03\/13370-Lampara-colgante-HAKA-250-mm-de-Faro-Barcelona.jpg\" \/>\n\t<meta property=\"og:image:width\" content=\"1\" \/>\n\t<meta property=\"og:image:height\" content=\"1\" \/>\n\t<meta property=\"og:image:type\" content=\"image\/jpeg\" \/>\n<meta name=\"twitter:card\" content=\"summary_large_image\" \/>\n<meta name=\"twitter:site\" content=\"@webmenaje\" \/>\n<script type=\"application\/ld+json\" class=\"yoast-schema-graph\">{\"@context\":\"https:\/\/schema.org\",\"@graph\":[{\"@type\":\"WebPage\",\"@id\":\"https:\/\/ledsolintel.com\/product\/lampara-colgante-haka-250-mm-de-faro-barcelona-2\/\",\"url\":\"https:\/\/ledsolintel.com\/product\/lampara-colgante-haka-250-mm-de-faro-barcelona-2\/\",\"name\":\"L\u00e1mpara colgante HAKA 250 mm de Faro Barcelona\",\"isPartOf\":{\"@id\":\"https:\/\/ledsolintel.com\/#website\"},\"primaryImageOfPage\":{\"@id\":\"https:\/\/ledsolintel.com\/product\/lampara-colgante-haka-250-mm-de-faro-barcelona-2\/#primaryimage\"},\"image\":{\"@id\":\"https:\/\/ledsolintel.com\/product\/lampara-colgante-haka-250-mm-de-faro-barcelona-2\/#primaryimage\"},\"thumbnailUrl\":\"https:\/\/ledsolintel.com\/wp-content\/uploads\/2022\/03\/13370-Lampara-colgante-HAKA-250-mm-de-Faro-Barcelona.jpg\",\"datePublished\":\"2022-03-04T14:54:21+00:00\",\"description\":\"L\u00e1mpara colgante HAKA 250 mm de Faro Barcelona. Pantalla de rat\u00e1n. Aspecto natural y org\u00e1nico, iluminaci\u00f3n profesional decoraci\u00f3n en hoteles y hosteler\u00eda.\",\"breadcrumb\":{\"@id\":\"https:\/\/ledsolintel.com\/product\/lampara-colgante-haka-250-mm-de-faro-barcelona-2\/#breadcrumb\"},\"inLanguage\":\"fr-FR\",\"potentialAction\":[{\"@type\":\"ReadAction\",\"target\":[\"https:\/\/ledsolintel.com\/product\/lampara-colgante-haka-250-mm-de-faro-barcelona-2\/\"]}]},{\"@type\":\"ImageObject\",\"inLanguage\":\"fr-FR\",\"@id\":\"https:\/\/ledsolintel.com\/product\/lampara-colgante-haka-250-mm-de-faro-barcelona-2\/#primaryimage\",\"url\":\"https:\/\/ledsolintel.com\/wp-content\/uploads\/2022\/03\/13370-Lampara-colgante-HAKA-250-mm-de-Faro-Barcelona.jpg\",\"contentUrl\":\"https:\/\/ledsolintel.com\/wp-content\/uploads\/2022\/03\/13370-Lampara-colgante-HAKA-250-mm-de-Faro-Barcelona.jpg\",\"caption\":\"L\u00e1mpara colgante HAKA 250 mm de Faro Barcelona\"},{\"@type\":\"BreadcrumbList\",\"@id\":\"https:\/\/ledsolintel.com\/product\/lampara-colgante-haka-250-mm-de-faro-barcelona-2\/#breadcrumb\",\"itemListElement\":[{\"@type\":\"ListItem\",\"position\":1,\"name\":\"Portada\",\"item\":\"https:\/\/ledsolintel.com\/fr\/\"},{\"@type\":\"ListItem\",\"position\":2,\"name\":\"Tienda\",\"item\":\"https:\/\/ledsolintel.com\/tienda\/\"},{\"@type\":\"ListItem\",\"position\":3,\"name\":\"L\u00e1mpara colgante HAKA 300 mm de Faro Barcelona\"}]},{\"@type\":\"WebSite\",\"@id\":\"https:\/\/ledsolintel.com\/#website\",\"url\":\"https:\/\/ledsolintel.com\/\",\"name\":\"Webmenaje\",\"description\":\"Tienda de bombillas y l\u00e1mparas LED para profesionales\",\"publisher\":{\"@id\":\"https:\/\/ledsolintel.com\/#organization\"},\"potentialAction\":[{\"@type\":\"SearchAction\",\"target\":{\"@type\":\"EntryPoint\",\"urlTemplate\":\"https:\/\/ledsolintel.com\/?s={search_term_string}\"},\"query-input\":{\"@type\":\"PropertyValueSpecification\",\"valueRequired\":true,\"valueName\":\"search_term_string\"}}],\"inLanguage\":\"fr-FR\"},{\"@type\":\"Organization\",\"@id\":\"https:\/\/ledsolintel.com\/#organization\",\"name\":\"Solintel Noroeste, S.L.\",\"url\":\"https:\/\/ledsolintel.com\/\",\"logo\":{\"@type\":\"ImageObject\",\"inLanguage\":\"fr-FR\",\"@id\":\"https:\/\/ledsolintel.com\/#\/schema\/logo\/image\/\",\"url\":\"https:\/\/ledsolintel.com\/wp-content\/uploads\/2024\/11\/webmenaje-logo-1508269066.jpg\",\"contentUrl\":\"https:\/\/ledsolintel.com\/wp-content\/uploads\/2024\/11\/webmenaje-logo-1508269066.jpg\",\"width\":370,\"height\":90,\"caption\":\"Solintel Noroeste, S.L.\"},\"image\":{\"@id\":\"https:\/\/ledsolintel.com\/#\/schema\/logo\/image\/\"},\"sameAs\":[\"http:\/\/www.facebook.com\/webmenaje\",\"https:\/\/x.com\/webmenaje\",\"https:\/\/www.youtube.com\/channel\/UCX2KoVoeCG4LocZjUc6LmSQ\",\"http:\/\/www.pinterest.com\/webmenaje\"]}]}<\/script>\n<!-- \/ Yoast SEO plugin. -->","yoast_head_json":{"title":"L\u00e1mpara colgante HAKA 250 mm de Faro Barcelona","description":"L\u00e1mpara colgante HAKA 250 mm de Faro Barcelona. Pantalla de rat\u00e1n. Aspecto natural y org\u00e1nico, iluminaci\u00f3n profesional decoraci\u00f3n en hoteles y hosteler\u00eda.","robots":{"index":"index","follow":"follow","max-snippet":"max-snippet:-1","max-image-preview":"max-image-preview:large","max-video-preview":"max-video-preview:-1"},"canonical":"https:\/\/ledsolintel.com\/fr\/produit-2\/lampara-colgante-haka-250-mm-de-faro-barcelona-2\/","og_locale":"fr_FR","og_type":"article","og_title":"L\u00e1mpara colgante HAKA 250 mm de Faro Barcelona","og_description":"L\u00e1mpara colgante HAKA 250 mm de Faro Barcelona. Pantalla de rat\u00e1n. Aspecto natural y org\u00e1nico, iluminaci\u00f3n profesional decoraci\u00f3n en hoteles y hosteler\u00eda.","og_url":"https:\/\/ledsolintel.com\/fr\/produit-2\/lampara-colgante-haka-250-mm-de-faro-barcelona-2\/","og_site_name":"Ledsolintel","article_publisher":"http:\/\/www.facebook.com\/webmenaje","og_image":[{"url":"https:\/\/ledsolintel.com\/wp-content\/uploads\/2022\/03\/13370-Lampara-colgante-HAKA-250-mm-de-Faro-Barcelona.jpg","width":1,"height":1,"type":"image\/jpeg"}],"twitter_card":"summary_large_image","twitter_site":"@webmenaje","schema":{"@context":"https:\/\/schema.org","@graph":[{"@type":"WebPage","@id":"https:\/\/ledsolintel.com\/product\/lampara-colgante-haka-250-mm-de-faro-barcelona-2\/","url":"https:\/\/ledsolintel.com\/product\/lampara-colgante-haka-250-mm-de-faro-barcelona-2\/","name":"L\u00e1mpara colgante HAKA 250 mm de Faro Barcelona","isPartOf":{"@id":"https:\/\/ledsolintel.com\/#website"},"primaryImageOfPage":{"@id":"https:\/\/ledsolintel.com\/product\/lampara-colgante-haka-250-mm-de-faro-barcelona-2\/#primaryimage"},"image":{"@id":"https:\/\/ledsolintel.com\/product\/lampara-colgante-haka-250-mm-de-faro-barcelona-2\/#primaryimage"},"thumbnailUrl":"https:\/\/ledsolintel.com\/wp-content\/uploads\/2022\/03\/13370-Lampara-colgante-HAKA-250-mm-de-Faro-Barcelona.jpg","datePublished":"2022-03-04T14:54:21+00:00","description":"L\u00e1mpara colgante HAKA 250 mm de Faro Barcelona. Pantalla de rat\u00e1n. Aspecto natural y org\u00e1nico, iluminaci\u00f3n profesional decoraci\u00f3n en hoteles y hosteler\u00eda.","breadcrumb":{"@id":"https:\/\/ledsolintel.com\/product\/lampara-colgante-haka-250-mm-de-faro-barcelona-2\/#breadcrumb"},"inLanguage":"fr-FR","potentialAction":[{"@type":"ReadAction","target":["https:\/\/ledsolintel.com\/product\/lampara-colgante-haka-250-mm-de-faro-barcelona-2\/"]}]},{"@type":"ImageObject","inLanguage":"fr-FR","@id":"https:\/\/ledsolintel.com\/product\/lampara-colgante-haka-250-mm-de-faro-barcelona-2\/#primaryimage","url":"https:\/\/ledsolintel.com\/wp-content\/uploads\/2022\/03\/13370-Lampara-colgante-HAKA-250-mm-de-Faro-Barcelona.jpg","contentUrl":"https:\/\/ledsolintel.com\/wp-content\/uploads\/2022\/03\/13370-Lampara-colgante-HAKA-250-mm-de-Faro-Barcelona.jpg","caption":"L\u00e1mpara colgante HAKA 250 mm de Faro Barcelona"},{"@type":"BreadcrumbList","@id":"https:\/\/ledsolintel.com\/product\/lampara-colgante-haka-250-mm-de-faro-barcelona-2\/#breadcrumb","itemListElement":[{"@type":"ListItem","position":1,"name":"Portada","item":"https:\/\/ledsolintel.com\/fr\/"},{"@type":"ListItem","position":2,"name":"Tienda","item":"https:\/\/ledsolintel.com\/tienda\/"},{"@type":"ListItem","position":3,"name":"L\u00e1mpara colgante HAKA 300 mm de Faro Barcelona"}]},{"@type":"WebSite","@id":"https:\/\/ledsolintel.com\/#website","url":"https:\/\/ledsolintel.com\/","name":"Webmenaje","description":"Magasin d'ampoules et de lampes LED pour les professionnels","publisher":{"@id":"https:\/\/ledsolintel.com\/#organization"},"potentialAction":[{"@type":"SearchAction","target":{"@type":"EntryPoint","urlTemplate":"https:\/\/ledsolintel.com\/?s={search_term_string}"},"query-input":{"@type":"PropertyValueSpecification","valueRequired":true,"valueName":"search_term_string"}}],"inLanguage":"fr-FR"},{"@type":"Organization","@id":"https:\/\/ledsolintel.com\/#organization","name":"Solintel Noroeste, S.L.","url":"https:\/\/ledsolintel.com\/","logo":{"@type":"ImageObject","inLanguage":"fr-FR","@id":"https:\/\/ledsolintel.com\/#\/schema\/logo\/image\/","url":"https:\/\/ledsolintel.com\/wp-content\/uploads\/2024\/11\/webmenaje-logo-1508269066.jpg","contentUrl":"https:\/\/ledsolintel.com\/wp-content\/uploads\/2024\/11\/webmenaje-logo-1508269066.jpg","width":370,"height":90,"caption":"Solintel Noroeste, S.L."},"image":{"@id":"https:\/\/ledsolintel.com\/#\/schema\/logo\/image\/"},"sameAs":["http:\/\/www.facebook.com\/webmenaje","https:\/\/x.com\/webmenaje","https:\/\/www.youtube.com\/channel\/UCX2KoVoeCG4LocZjUc6LmSQ","http:\/\/www.pinterest.com\/webmenaje"]}]}},"_links":{"self":[{"href":"https:\/\/ledsolintel.com\/fr\/wp-json\/wp\/v2\/product\/244934","targetHints":{"allow":["GET"]}}],"collection":[{"href":"https:\/\/ledsolintel.com\/fr\/wp-json\/wp\/v2\/product"}],"about":[{"href":"https:\/\/ledsolintel.com\/fr\/wp-json\/wp\/v2\/types\/product"}],"version-history":[{"count":0,"href":"https:\/\/ledsolintel.com\/fr\/wp-json\/wp\/v2\/product\/244934\/revisions"}],"wp:featuredmedia":[{"embeddable":true,"href":"https:\/\/ledsolintel.com\/fr\/wp-json\/wp\/v2\/media\/244930"}],"wp:attachment":[{"href":"https:\/\/ledsolintel.com\/fr\/wp-json\/wp\/v2\/media?parent=244934"}],"wp:term":[{"taxonomy":"product_brand","embeddable":true,"href":"https:\/\/ledsolintel.com\/fr\/wp-json\/wp\/v2\/product_brand?post=244934"},{"taxonomy":"product_cat","embeddable":true,"href":"https:\/\/ledsolintel.com\/fr\/wp-json\/wp\/v2\/product_cat?post=244934"},{"taxonomy":"product_tag","embeddable":true,"href":"https:\/\/ledsolintel.com\/fr\/wp-json\/wp\/v2\/product_tag?post=244934"}],"curies":[{"name":"wp","href":"https:\/\/api.w.org\/{rel}","templated":true}]}}