{"id":244804,"date":"2022-02-18T13:37:56","date_gmt":"2022-02-18T12:37:56","guid":{"rendered":"https:\/\/nueva.ledsolintel.com\/product\/carril-trifasico-superficie-de-beneito-faure\/"},"modified":"2022-02-18T13:37:56","modified_gmt":"2022-02-18T12:37:56","slug":"carril-trifasico-superficie-de-beneito-faure","status":"publish","type":"product","link":"https:\/\/ledsolintel.com\/fr\/produit-2\/carril-trifasico-superficie-de-beneito-faure\/","title":{"rendered":"Rail de surface triphas\u00e9 Beneito Faure"},"content":{"rendered":"<h1>Rail de surface triphas\u00e9 Beneito Faure<\/h1>\n<p>\u00a0<\/p>\n<p>Carril trif\u00e1sico\u00a0de Beneito Faure\u00a0con protecci\u00f3n frente a sobretensiones. Disponible en blanco o negro y en medidas de 1, 2 y 3 metros.<\/p>\n<p>Comprend l'alimentateur et l'embout.<\/p>","protected":false},"excerpt":{"rendered":"<p>Carril trif\u00e1sico\u00a0de Beneito Faure con protecci\u00f3n frente a sobretensiones. Disponible en blanco o negro y en medidas de 1, 2 y 3 metros.<\/p>\n<p>Comprend l'alimentateur et l'embout.<\/p>","protected":false},"featured_media":244801,"template":"","meta":[],"product_brand":[99357],"product_cat":[100463,99891],"product_tag":[],"class_list":{"0":"post-244804","1":"product","2":"type-product","3":"status-publish","4":"has-post-thumbnail","6":"product_brand-beneito-faure","7":"product_cat-carriles-y-accesorios-focos-de-carril","8":"product_cat-focos-de-carril","9":"pa_acabado-blanco","10":"pa_acabado-negro","11":"pa_tamano-1metro","12":"pa_tamano-2metros","13":"pa_tamano-3metros","16":"instock","17":"taxable","18":"shipping-taxable","19":"purchasable","20":"product-type-variable","21":"has-default-attributes"},"yoast_head":"<!-- This site is optimized with the Yoast SEO plugin v26.6 - https:\/\/yoast.com\/wordpress\/plugins\/seo\/ -->\n<title>Carril trif\u00e1sico de superficie de Beneito Faure<\/title>\n<meta name=\"description\" content=\"Carril trif\u00e1sico de Beneito Faure con protecci\u00f3n frente a sobretensiones. Disponible en blanco o negro. Incluye alimentador y tapa final.\" \/>\n<meta name=\"robots\" content=\"index, follow, max-snippet:-1, max-image-preview:large, max-video-preview:-1\" \/>\n<link rel=\"canonical\" href=\"https:\/\/ledsolintel.com\/fr\/produit-2\/carril-trifasico-superficie-de-beneito-faure\/\" \/>\n<meta property=\"og:locale\" content=\"fr_FR\" \/>\n<meta property=\"og:type\" content=\"article\" \/>\n<meta property=\"og:title\" content=\"Carril trif\u00e1sico de superficie de Beneito Faure\" \/>\n<meta property=\"og:description\" content=\"Carril trif\u00e1sico de Beneito Faure con protecci\u00f3n frente a sobretensiones. Disponible en blanco o negro. Incluye alimentador y tapa final.\" \/>\n<meta property=\"og:url\" content=\"https:\/\/ledsolintel.com\/fr\/produit-2\/carril-trifasico-superficie-de-beneito-faure\/\" \/>\n<meta property=\"og:site_name\" content=\"Ledsolintel\" \/>\n<meta property=\"article:publisher\" content=\"http:\/\/www.facebook.com\/webmenaje\" \/>\n<meta property=\"og:image\" content=\"https:\/\/ledsolintel.com\/wp-content\/uploads\/2022\/02\/13258-Carril-trifasico-de-superficie-de-Beneito-Faure.jpg\" \/>\n\t<meta property=\"og:image:width\" content=\"1\" \/>\n\t<meta property=\"og:image:height\" content=\"1\" \/>\n\t<meta property=\"og:image:type\" content=\"image\/jpeg\" \/>\n<meta name=\"twitter:card\" content=\"summary_large_image\" \/>\n<meta name=\"twitter:site\" content=\"@webmenaje\" \/>\n<script type=\"application\/ld+json\" class=\"yoast-schema-graph\">{\"@context\":\"https:\/\/schema.org\",\"@graph\":[{\"@type\":\"WebPage\",\"@id\":\"https:\/\/ledsolintel.com\/product\/carril-trifasico-superficie-de-beneito-faure\/\",\"url\":\"https:\/\/ledsolintel.com\/product\/carril-trifasico-superficie-de-beneito-faure\/\",\"name\":\"Carril trif\u00e1sico de superficie de Beneito Faure\",\"isPartOf\":{\"@id\":\"https:\/\/ledsolintel.com\/#website\"},\"primaryImageOfPage\":{\"@id\":\"https:\/\/ledsolintel.com\/product\/carril-trifasico-superficie-de-beneito-faure\/#primaryimage\"},\"image\":{\"@id\":\"https:\/\/ledsolintel.com\/product\/carril-trifasico-superficie-de-beneito-faure\/#primaryimage\"},\"thumbnailUrl\":\"https:\/\/ledsolintel.com\/wp-content\/uploads\/2022\/02\/13258-Carril-trifasico-de-superficie-de-Beneito-Faure.jpg\",\"datePublished\":\"2022-02-18T12:37:56+00:00\",\"description\":\"Carril trif\u00e1sico de Beneito Faure con protecci\u00f3n frente a sobretensiones. Disponible en blanco o negro. Incluye alimentador y tapa final.\",\"breadcrumb\":{\"@id\":\"https:\/\/ledsolintel.com\/product\/carril-trifasico-superficie-de-beneito-faure\/#breadcrumb\"},\"inLanguage\":\"fr-FR\",\"potentialAction\":[{\"@type\":\"ReadAction\",\"target\":[\"https:\/\/ledsolintel.com\/product\/carril-trifasico-superficie-de-beneito-faure\/\"]}]},{\"@type\":\"ImageObject\",\"inLanguage\":\"fr-FR\",\"@id\":\"https:\/\/ledsolintel.com\/product\/carril-trifasico-superficie-de-beneito-faure\/#primaryimage\",\"url\":\"https:\/\/ledsolintel.com\/wp-content\/uploads\/2022\/02\/13258-Carril-trifasico-de-superficie-de-Beneito-Faure.jpg\",\"contentUrl\":\"https:\/\/ledsolintel.com\/wp-content\/uploads\/2022\/02\/13258-Carril-trifasico-de-superficie-de-Beneito-Faure.jpg\",\"caption\":\"Carril trif\u00e1sico de superficie de Beneito Faure\"},{\"@type\":\"BreadcrumbList\",\"@id\":\"https:\/\/ledsolintel.com\/product\/carril-trifasico-superficie-de-beneito-faure\/#breadcrumb\",\"itemListElement\":[{\"@type\":\"ListItem\",\"position\":1,\"name\":\"Portada\",\"item\":\"https:\/\/ledsolintel.com\/fr\/\"},{\"@type\":\"ListItem\",\"position\":2,\"name\":\"Tienda\",\"item\":\"https:\/\/ledsolintel.com\/tienda\/\"},{\"@type\":\"ListItem\",\"position\":3,\"name\":\"Carril trif\u00e1sico de superficie de Beneito Faure\"}]},{\"@type\":\"WebSite\",\"@id\":\"https:\/\/ledsolintel.com\/#website\",\"url\":\"https:\/\/ledsolintel.com\/\",\"name\":\"Webmenaje\",\"description\":\"Tienda de bombillas y l\u00e1mparas LED para profesionales\",\"publisher\":{\"@id\":\"https:\/\/ledsolintel.com\/#organization\"},\"potentialAction\":[{\"@type\":\"SearchAction\",\"target\":{\"@type\":\"EntryPoint\",\"urlTemplate\":\"https:\/\/ledsolintel.com\/?s={search_term_string}\"},\"query-input\":{\"@type\":\"PropertyValueSpecification\",\"valueRequired\":true,\"valueName\":\"search_term_string\"}}],\"inLanguage\":\"fr-FR\"},{\"@type\":\"Organization\",\"@id\":\"https:\/\/ledsolintel.com\/#organization\",\"name\":\"Solintel Noroeste, S.L.\",\"url\":\"https:\/\/ledsolintel.com\/\",\"logo\":{\"@type\":\"ImageObject\",\"inLanguage\":\"fr-FR\",\"@id\":\"https:\/\/ledsolintel.com\/#\/schema\/logo\/image\/\",\"url\":\"https:\/\/ledsolintel.com\/wp-content\/uploads\/2024\/11\/webmenaje-logo-1508269066.jpg\",\"contentUrl\":\"https:\/\/ledsolintel.com\/wp-content\/uploads\/2024\/11\/webmenaje-logo-1508269066.jpg\",\"width\":370,\"height\":90,\"caption\":\"Solintel Noroeste, S.L.\"},\"image\":{\"@id\":\"https:\/\/ledsolintel.com\/#\/schema\/logo\/image\/\"},\"sameAs\":[\"http:\/\/www.facebook.com\/webmenaje\",\"https:\/\/x.com\/webmenaje\",\"https:\/\/www.youtube.com\/channel\/UCX2KoVoeCG4LocZjUc6LmSQ\",\"http:\/\/www.pinterest.com\/webmenaje\"]}]}<\/script>\n<!-- \/ Yoast SEO plugin. -->","yoast_head_json":{"title":"Rail de surface triphas\u00e9 Beneito Faure","description":"Carril trif\u00e1sico de Beneito Faure con protecci\u00f3n frente a sobretensiones. Disponible en blanco o negro. Incluye alimentador y tapa final.","robots":{"index":"index","follow":"follow","max-snippet":"max-snippet:-1","max-image-preview":"max-image-preview:large","max-video-preview":"max-video-preview:-1"},"canonical":"https:\/\/ledsolintel.com\/fr\/produit-2\/carril-trifasico-superficie-de-beneito-faure\/","og_locale":"fr_FR","og_type":"article","og_title":"Carril trif\u00e1sico de superficie de Beneito Faure","og_description":"Carril trif\u00e1sico de Beneito Faure con protecci\u00f3n frente a sobretensiones. Disponible en blanco o negro. Incluye alimentador y tapa final.","og_url":"https:\/\/ledsolintel.com\/fr\/produit-2\/carril-trifasico-superficie-de-beneito-faure\/","og_site_name":"Ledsolintel","article_publisher":"http:\/\/www.facebook.com\/webmenaje","og_image":[{"url":"https:\/\/ledsolintel.com\/wp-content\/uploads\/2022\/02\/13258-Carril-trifasico-de-superficie-de-Beneito-Faure.jpg","width":1,"height":1,"type":"image\/jpeg"}],"twitter_card":"summary_large_image","twitter_site":"@webmenaje","schema":{"@context":"https:\/\/schema.org","@graph":[{"@type":"WebPage","@id":"https:\/\/ledsolintel.com\/product\/carril-trifasico-superficie-de-beneito-faure\/","url":"https:\/\/ledsolintel.com\/product\/carril-trifasico-superficie-de-beneito-faure\/","name":"Rail de surface triphas\u00e9 Beneito Faure","isPartOf":{"@id":"https:\/\/ledsolintel.com\/#website"},"primaryImageOfPage":{"@id":"https:\/\/ledsolintel.com\/product\/carril-trifasico-superficie-de-beneito-faure\/#primaryimage"},"image":{"@id":"https:\/\/ledsolintel.com\/product\/carril-trifasico-superficie-de-beneito-faure\/#primaryimage"},"thumbnailUrl":"https:\/\/ledsolintel.com\/wp-content\/uploads\/2022\/02\/13258-Carril-trifasico-de-superficie-de-Beneito-Faure.jpg","datePublished":"2022-02-18T12:37:56+00:00","description":"Carril trif\u00e1sico de Beneito Faure con protecci\u00f3n frente a sobretensiones. Disponible en blanco o negro. Incluye alimentador y tapa final.","breadcrumb":{"@id":"https:\/\/ledsolintel.com\/product\/carril-trifasico-superficie-de-beneito-faure\/#breadcrumb"},"inLanguage":"fr-FR","potentialAction":[{"@type":"ReadAction","target":["https:\/\/ledsolintel.com\/product\/carril-trifasico-superficie-de-beneito-faure\/"]}]},{"@type":"ImageObject","inLanguage":"fr-FR","@id":"https:\/\/ledsolintel.com\/product\/carril-trifasico-superficie-de-beneito-faure\/#primaryimage","url":"https:\/\/ledsolintel.com\/wp-content\/uploads\/2022\/02\/13258-Carril-trifasico-de-superficie-de-Beneito-Faure.jpg","contentUrl":"https:\/\/ledsolintel.com\/wp-content\/uploads\/2022\/02\/13258-Carril-trifasico-de-superficie-de-Beneito-Faure.jpg","caption":"Carril trif\u00e1sico de superficie de Beneito Faure"},{"@type":"BreadcrumbList","@id":"https:\/\/ledsolintel.com\/product\/carril-trifasico-superficie-de-beneito-faure\/#breadcrumb","itemListElement":[{"@type":"ListItem","position":1,"name":"Portada","item":"https:\/\/ledsolintel.com\/fr\/"},{"@type":"ListItem","position":2,"name":"Tienda","item":"https:\/\/ledsolintel.com\/tienda\/"},{"@type":"ListItem","position":3,"name":"Carril trif\u00e1sico de superficie de Beneito Faure"}]},{"@type":"WebSite","@id":"https:\/\/ledsolintel.com\/#website","url":"https:\/\/ledsolintel.com\/","name":"Webmenaje","description":"Magasin d'ampoules et de lampes LED pour les professionnels","publisher":{"@id":"https:\/\/ledsolintel.com\/#organization"},"potentialAction":[{"@type":"SearchAction","target":{"@type":"EntryPoint","urlTemplate":"https:\/\/ledsolintel.com\/?s={search_term_string}"},"query-input":{"@type":"PropertyValueSpecification","valueRequired":true,"valueName":"search_term_string"}}],"inLanguage":"fr-FR"},{"@type":"Organization","@id":"https:\/\/ledsolintel.com\/#organization","name":"Solintel Noroeste, S.L.","url":"https:\/\/ledsolintel.com\/","logo":{"@type":"ImageObject","inLanguage":"fr-FR","@id":"https:\/\/ledsolintel.com\/#\/schema\/logo\/image\/","url":"https:\/\/ledsolintel.com\/wp-content\/uploads\/2024\/11\/webmenaje-logo-1508269066.jpg","contentUrl":"https:\/\/ledsolintel.com\/wp-content\/uploads\/2024\/11\/webmenaje-logo-1508269066.jpg","width":370,"height":90,"caption":"Solintel Noroeste, S.L."},"image":{"@id":"https:\/\/ledsolintel.com\/#\/schema\/logo\/image\/"},"sameAs":["http:\/\/www.facebook.com\/webmenaje","https:\/\/x.com\/webmenaje","https:\/\/www.youtube.com\/channel\/UCX2KoVoeCG4LocZjUc6LmSQ","http:\/\/www.pinterest.com\/webmenaje"]}]}},"_links":{"self":[{"href":"https:\/\/ledsolintel.com\/fr\/wp-json\/wp\/v2\/product\/244804","targetHints":{"allow":["GET"]}}],"collection":[{"href":"https:\/\/ledsolintel.com\/fr\/wp-json\/wp\/v2\/product"}],"about":[{"href":"https:\/\/ledsolintel.com\/fr\/wp-json\/wp\/v2\/types\/product"}],"version-history":[{"count":0,"href":"https:\/\/ledsolintel.com\/fr\/wp-json\/wp\/v2\/product\/244804\/revisions"}],"wp:featuredmedia":[{"embeddable":true,"href":"https:\/\/ledsolintel.com\/fr\/wp-json\/wp\/v2\/media\/244801"}],"wp:attachment":[{"href":"https:\/\/ledsolintel.com\/fr\/wp-json\/wp\/v2\/media?parent=244804"}],"wp:term":[{"taxonomy":"product_brand","embeddable":true,"href":"https:\/\/ledsolintel.com\/fr\/wp-json\/wp\/v2\/product_brand?post=244804"},{"taxonomy":"product_cat","embeddable":true,"href":"https:\/\/ledsolintel.com\/fr\/wp-json\/wp\/v2\/product_cat?post=244804"},{"taxonomy":"product_tag","embeddable":true,"href":"https:\/\/ledsolintel.com\/fr\/wp-json\/wp\/v2\/product_tag?post=244804"}],"curies":[{"name":"wp","href":"https:\/\/api.w.org\/{rel}","templated":true}]}}