{"id":244770,"date":"2022-01-12T22:02:25","date_gmt":"2022-01-12T21:02:25","guid":{"rendered":"https:\/\/nueva.ledsolintel.com\/product\/take-away-led-lampara-portatil-negra-de-faro\/"},"modified":"2022-01-12T22:02:25","modified_gmt":"2022-01-12T21:02:25","slug":"lampe-frontale-portable-a-led-noire-a-emporter","status":"publish","type":"product","link":"https:\/\/ledsolintel.com\/fr\/produit-2\/lampe-frontale-portable-a-led-noire-a-emporter\/","title":{"rendered":"Lampe portable LED TAKE AWAY de Faro Barcelona"},"content":{"rendered":"<div data-mas=\"Ver m\u00e1s\" data-menos=\"Ver menos\" s_see_more-data=\"6,6,6,6\" data-lines=\"21\" data-altura=\"28\" data-alturaoriginal=\"588\" class=\"s_see_more-content\" s_see_more-height=\"588\"><\/div>\n<div data-mas=\"Ver m\u00e1s\" data-menos=\"Ver menos\" s_see_more-data=\"6,6,6,6\" data-lines=\"21\" data-altura=\"28\" data-alturaoriginal=\"588\" class=\"s_see_more-content\" s_see_more-height=\"588\">Cette lampe d'int\u00e9rieur est con\u00e7ue \u00e0 cet effet. Elle est dot\u00e9e d'une poign\u00e9e pour faciliter son transport, d'une base en bois sur laquelle elle repose et d'une lumi\u00e8re chaude r\u00e9glable en trois intensit\u00e9s diff\u00e9rentes. L'allumer et l'\u00e9teindre est \u00e9galement tr\u00e8s facile, il suffit d'appuyer l\u00e9g\u00e8rement sur le diffuseur en fonction de l'intensit\u00e9 souhait\u00e9e. Comme il est portable, il peut \u00eatre recharg\u00e9 \u00e0 l'aide d'un c\u00e2ble mini USB et son autonomie d\u00e9pend de la consommation : - 0,5W autonomie de 20 heures. - 1W autonomie de 10 heures. - 1\u20195W autonomie de 5 heures. Placez-la o\u00f9 vous voulez : dans la chambre des enfants pour la lecture et le jeu, dans l'entr\u00e9e comme lampe d'appoint, sur une table ou m\u00eame dans la salle de bain ! Tous les coins sont bons pour TAKE AWAY et son design ludique. Une lampe que vous trouverez \u00e9galement en version blanche et que vous emporterez partout avec vous.<\/div>\n<footer><a class=\"s_see_more-trigger m-more m-button open\"><\/a><\/footer>\n<p>CARACT\u00c9RISTIQUES<\/p>\n<ul>\n<li>TENSION : 5V DC<\/li>\n<li>PUISSANCE MAXIMALE (W) : 1,5W<\/li>\n<li>IP : 20<\/li>\n<li>CLASSE : III<\/li>\n<li>TYPE DE CHARGEMENT : DC5V-1A<\/li>\n<li>BATTERIE INCLUSE : OUI<\/li>\n<li>TYPE D'INTERRUPTEUR : POUSSOIR<\/li>\n<li>FIXATION : SUR TABLE<\/li>\n<li><span>Longueur : 118,00<\/span><br \/><span>Hauteur : 200,00<\/span><\/li>\n<\/ul>","protected":false},"excerpt":{"rendered":"<p><span>TAKE AWAY est une lampe portable con\u00e7ue par Nahtrang, l\u00e9g\u00e8re, de style moderne et de petite taille. Dans un monde en constante \u00e9volution et aux espaces r\u00e9duits, nous avons besoin d'objets qui s'adaptent \u00e0 chaque moment et \u00e0 chaque besoin.<\/span><\/p>","protected":false},"featured_media":244767,"template":"","meta":[],"product_brand":[99359],"product_cat":[99583],"product_tag":[],"class_list":{"0":"post-244770","1":"product","2":"type-product","3":"status-publish","4":"has-post-thumbnail","6":"product_brand-faro-barcelona","7":"product_cat-lamparas-portatiles","8":"pa_acabado-blanco","9":"pa_acabado-negro","12":"instock","13":"taxable","14":"shipping-taxable","15":"purchasable","16":"product-type-variable","17":"has-default-attributes"},"yoast_head":"<!-- This site is optimized with the Yoast SEO plugin v27.4 - https:\/\/yoast.com\/product\/yoast-seo-wordpress\/ -->\n<title>TAKE AWAY LED L\u00e1mpara port\u00e1til negra de Faro<\/title>\n<meta name=\"robots\" content=\"index, follow, max-snippet:-1, max-image-preview:large, max-video-preview:-1\" \/>\n<link rel=\"canonical\" href=\"https:\/\/ledsolintel.com\/fr\/produit-2\/lampe-frontale-portable-a-led-noire-a-emporter\/\" \/>\n<meta property=\"og:locale\" content=\"fr_FR\" \/>\n<meta property=\"og:type\" content=\"article\" \/>\n<meta property=\"og:title\" content=\"TAKE AWAY LED L\u00e1mpara port\u00e1til negra de Faro\" \/>\n<meta property=\"og:description\" content=\"TAKE AWAY es una l\u00e1mpara port\u00e1til dise\u00f1ada por Nahtrang, ligera, de estilo moderno y tama\u00f1o peque\u00f1o. En un mundo r\u00e1pido, de cambio continuo y espacios reducidos, necesitamos que los objetos se adapten a cada momento y necesidad.\" \/>\n<meta property=\"og:url\" content=\"https:\/\/ledsolintel.com\/fr\/produit-2\/lampe-frontale-portable-a-led-noire-a-emporter\/\" \/>\n<meta property=\"og:site_name\" content=\"Ledsolintel\" \/>\n<meta property=\"article:publisher\" content=\"http:\/\/www.facebook.com\/webmenaje\" \/>\n<meta property=\"og:image\" content=\"https:\/\/ledsolintel.com\/wp-content\/uploads\/2022\/01\/21267-Lampara-portatil-LED-TAKE-AWAY-de-Faro-Barcelona.jpg\" \/>\n\t<meta property=\"og:image:width\" content=\"1\" \/>\n\t<meta property=\"og:image:height\" content=\"1\" \/>\n\t<meta property=\"og:image:type\" content=\"image\/jpeg\" \/>\n<meta name=\"twitter:card\" content=\"summary_large_image\" \/>\n<meta name=\"twitter:site\" content=\"@webmenaje\" \/>\n<meta name=\"twitter:label1\" content=\"Dur\u00e9e de lecture estim\u00e9e\" \/>\n\t<meta name=\"twitter:data1\" content=\"1 minute\" \/>\n<script type=\"application\/ld+json\" class=\"yoast-schema-graph\">{\"@context\":\"https:\\\/\\\/schema.org\",\"@graph\":[{\"@type\":\"WebPage\",\"@id\":\"https:\\\/\\\/ledsolintel.com\\\/product\\\/take-away-led-lampara-portatil-negra-de-faro\\\/\",\"url\":\"https:\\\/\\\/ledsolintel.com\\\/product\\\/take-away-led-lampara-portatil-negra-de-faro\\\/\",\"name\":\"TAKE AWAY LED L\u00e1mpara port\u00e1til negra de Faro\",\"isPartOf\":{\"@id\":\"https:\\\/\\\/ledsolintel.com\\\/#website\"},\"primaryImageOfPage\":{\"@id\":\"https:\\\/\\\/ledsolintel.com\\\/product\\\/take-away-led-lampara-portatil-negra-de-faro\\\/#primaryimage\"},\"image\":{\"@id\":\"https:\\\/\\\/ledsolintel.com\\\/product\\\/take-away-led-lampara-portatil-negra-de-faro\\\/#primaryimage\"},\"thumbnailUrl\":\"https:\\\/\\\/ledsolintel.com\\\/wp-content\\\/uploads\\\/2022\\\/01\\\/21267-Lampara-portatil-LED-TAKE-AWAY-de-Faro-Barcelona.jpg\",\"datePublished\":\"2022-01-12T21:02:25+00:00\",\"breadcrumb\":{\"@id\":\"https:\\\/\\\/ledsolintel.com\\\/product\\\/take-away-led-lampara-portatil-negra-de-faro\\\/#breadcrumb\"},\"inLanguage\":\"fr-FR\",\"potentialAction\":[{\"@type\":\"ReadAction\",\"target\":[\"https:\\\/\\\/ledsolintel.com\\\/product\\\/take-away-led-lampara-portatil-negra-de-faro\\\/\"]}]},{\"@type\":\"ImageObject\",\"inLanguage\":\"fr-FR\",\"@id\":\"https:\\\/\\\/ledsolintel.com\\\/product\\\/take-away-led-lampara-portatil-negra-de-faro\\\/#primaryimage\",\"url\":\"https:\\\/\\\/ledsolintel.com\\\/wp-content\\\/uploads\\\/2022\\\/01\\\/21267-Lampara-portatil-LED-TAKE-AWAY-de-Faro-Barcelona.jpg\",\"contentUrl\":\"https:\\\/\\\/ledsolintel.com\\\/wp-content\\\/uploads\\\/2022\\\/01\\\/21267-Lampara-portatil-LED-TAKE-AWAY-de-Faro-Barcelona.jpg\",\"caption\":\"L\u00e1mpara port\u00e1til LED TAKE AWAY de Faro Barcelona\"},{\"@type\":\"BreadcrumbList\",\"@id\":\"https:\\\/\\\/ledsolintel.com\\\/product\\\/take-away-led-lampara-portatil-negra-de-faro\\\/#breadcrumb\",\"itemListElement\":[{\"@type\":\"ListItem\",\"position\":1,\"name\":\"Portada\",\"item\":\"https:\\\/\\\/ledsolintel.com\\\/fr\\\/\"},{\"@type\":\"ListItem\",\"position\":2,\"name\":\"Tienda\",\"item\":\"https:\\\/\\\/ledsolintel.com\\\/tienda\\\/\"},{\"@type\":\"ListItem\",\"position\":3,\"name\":\"L\u00e1mpara port\u00e1til LED TAKE AWAY de Faro Barcelona\"}]},{\"@type\":\"WebSite\",\"@id\":\"https:\\\/\\\/ledsolintel.com\\\/#website\",\"url\":\"https:\\\/\\\/ledsolintel.com\\\/\",\"name\":\"Webmenaje\",\"description\":\"Tienda de bombillas y l\u00e1mparas LED para profesionales\",\"publisher\":{\"@id\":\"https:\\\/\\\/ledsolintel.com\\\/#organization\"},\"potentialAction\":[{\"@type\":\"SearchAction\",\"target\":{\"@type\":\"EntryPoint\",\"urlTemplate\":\"https:\\\/\\\/ledsolintel.com\\\/?s={search_term_string}\"},\"query-input\":{\"@type\":\"PropertyValueSpecification\",\"valueRequired\":true,\"valueName\":\"search_term_string\"}}],\"inLanguage\":\"fr-FR\"},{\"@type\":\"Organization\",\"@id\":\"https:\\\/\\\/ledsolintel.com\\\/#organization\",\"name\":\"Solintel Noroeste, S.L.\",\"url\":\"https:\\\/\\\/ledsolintel.com\\\/\",\"logo\":{\"@type\":\"ImageObject\",\"inLanguage\":\"fr-FR\",\"@id\":\"https:\\\/\\\/ledsolintel.com\\\/#\\\/schema\\\/logo\\\/image\\\/\",\"url\":\"https:\\\/\\\/ledsolintel.com\\\/wp-content\\\/uploads\\\/2024\\\/11\\\/webmenaje-logo-1508269066.jpg\",\"contentUrl\":\"https:\\\/\\\/ledsolintel.com\\\/wp-content\\\/uploads\\\/2024\\\/11\\\/webmenaje-logo-1508269066.jpg\",\"width\":370,\"height\":90,\"caption\":\"Solintel Noroeste, S.L.\"},\"image\":{\"@id\":\"https:\\\/\\\/ledsolintel.com\\\/#\\\/schema\\\/logo\\\/image\\\/\"},\"sameAs\":[\"http:\\\/\\\/www.facebook.com\\\/webmenaje\",\"https:\\\/\\\/x.com\\\/webmenaje\",\"https:\\\/\\\/www.youtube.com\\\/channel\\\/UCX2KoVoeCG4LocZjUc6LmSQ\",\"http:\\\/\\\/www.pinterest.com\\\/webmenaje\"]}]}<\/script>\n<!-- \/ Yoast SEO plugin. -->","yoast_head_json":{"title":"TAKE AWAY LED Lampe portable noire de Faro","robots":{"index":"index","follow":"follow","max-snippet":"max-snippet:-1","max-image-preview":"max-image-preview:large","max-video-preview":"max-video-preview:-1"},"canonical":"https:\/\/ledsolintel.com\/fr\/produit-2\/lampe-frontale-portable-a-led-noire-a-emporter\/","og_locale":"fr_FR","og_type":"article","og_title":"TAKE AWAY LED L\u00e1mpara port\u00e1til negra de Faro","og_description":"TAKE AWAY es una l\u00e1mpara port\u00e1til dise\u00f1ada por Nahtrang, ligera, de estilo moderno y tama\u00f1o peque\u00f1o. En un mundo r\u00e1pido, de cambio continuo y espacios reducidos, necesitamos que los objetos se adapten a cada momento y necesidad.","og_url":"https:\/\/ledsolintel.com\/fr\/produit-2\/lampe-frontale-portable-a-led-noire-a-emporter\/","og_site_name":"Ledsolintel","article_publisher":"http:\/\/www.facebook.com\/webmenaje","og_image":[{"url":"https:\/\/ledsolintel.com\/wp-content\/uploads\/2022\/01\/21267-Lampara-portatil-LED-TAKE-AWAY-de-Faro-Barcelona.jpg","width":1,"height":1,"type":"image\/jpeg"}],"twitter_card":"summary_large_image","twitter_site":"@webmenaje","twitter_misc":{"Dur\u00e9e de lecture estim\u00e9e":"1 minute"},"schema":{"@context":"https:\/\/schema.org","@graph":[{"@type":"WebPage","@id":"https:\/\/ledsolintel.com\/product\/take-away-led-lampara-portatil-negra-de-faro\/","url":"https:\/\/ledsolintel.com\/product\/take-away-led-lampara-portatil-negra-de-faro\/","name":"TAKE AWAY LED Lampe portable noire de Faro","isPartOf":{"@id":"https:\/\/ledsolintel.com\/#website"},"primaryImageOfPage":{"@id":"https:\/\/ledsolintel.com\/product\/take-away-led-lampara-portatil-negra-de-faro\/#primaryimage"},"image":{"@id":"https:\/\/ledsolintel.com\/product\/take-away-led-lampara-portatil-negra-de-faro\/#primaryimage"},"thumbnailUrl":"https:\/\/ledsolintel.com\/wp-content\/uploads\/2022\/01\/21267-Lampara-portatil-LED-TAKE-AWAY-de-Faro-Barcelona.jpg","datePublished":"2022-01-12T21:02:25+00:00","breadcrumb":{"@id":"https:\/\/ledsolintel.com\/product\/take-away-led-lampara-portatil-negra-de-faro\/#breadcrumb"},"inLanguage":"fr-FR","potentialAction":[{"@type":"ReadAction","target":["https:\/\/ledsolintel.com\/product\/take-away-led-lampara-portatil-negra-de-faro\/"]}]},{"@type":"ImageObject","inLanguage":"fr-FR","@id":"https:\/\/ledsolintel.com\/product\/take-away-led-lampara-portatil-negra-de-faro\/#primaryimage","url":"https:\/\/ledsolintel.com\/wp-content\/uploads\/2022\/01\/21267-Lampara-portatil-LED-TAKE-AWAY-de-Faro-Barcelona.jpg","contentUrl":"https:\/\/ledsolintel.com\/wp-content\/uploads\/2022\/01\/21267-Lampara-portatil-LED-TAKE-AWAY-de-Faro-Barcelona.jpg","caption":"L\u00e1mpara port\u00e1til LED TAKE AWAY de Faro Barcelona"},{"@type":"BreadcrumbList","@id":"https:\/\/ledsolintel.com\/product\/take-away-led-lampara-portatil-negra-de-faro\/#breadcrumb","itemListElement":[{"@type":"ListItem","position":1,"name":"Portada","item":"https:\/\/ledsolintel.com\/fr\/"},{"@type":"ListItem","position":2,"name":"Tienda","item":"https:\/\/ledsolintel.com\/tienda\/"},{"@type":"ListItem","position":3,"name":"L\u00e1mpara port\u00e1til LED TAKE AWAY de Faro Barcelona"}]},{"@type":"WebSite","@id":"https:\/\/ledsolintel.com\/#website","url":"https:\/\/ledsolintel.com\/","name":"Webmenaje","description":"Magasin d'ampoules et de lampes LED pour les professionnels","publisher":{"@id":"https:\/\/ledsolintel.com\/#organization"},"potentialAction":[{"@type":"SearchAction","target":{"@type":"EntryPoint","urlTemplate":"https:\/\/ledsolintel.com\/?s={search_term_string}"},"query-input":{"@type":"PropertyValueSpecification","valueRequired":true,"valueName":"search_term_string"}}],"inLanguage":"fr-FR"},{"@type":"Organization","@id":"https:\/\/ledsolintel.com\/#organization","name":"Solintel Noroeste, S.L.","url":"https:\/\/ledsolintel.com\/","logo":{"@type":"ImageObject","inLanguage":"fr-FR","@id":"https:\/\/ledsolintel.com\/#\/schema\/logo\/image\/","url":"https:\/\/ledsolintel.com\/wp-content\/uploads\/2024\/11\/webmenaje-logo-1508269066.jpg","contentUrl":"https:\/\/ledsolintel.com\/wp-content\/uploads\/2024\/11\/webmenaje-logo-1508269066.jpg","width":370,"height":90,"caption":"Solintel Noroeste, S.L."},"image":{"@id":"https:\/\/ledsolintel.com\/#\/schema\/logo\/image\/"},"sameAs":["http:\/\/www.facebook.com\/webmenaje","https:\/\/x.com\/webmenaje","https:\/\/www.youtube.com\/channel\/UCX2KoVoeCG4LocZjUc6LmSQ","http:\/\/www.pinterest.com\/webmenaje"]}]}},"_links":{"self":[{"href":"https:\/\/ledsolintel.com\/fr\/wp-json\/wp\/v2\/product\/244770","targetHints":{"allow":["GET"]}}],"collection":[{"href":"https:\/\/ledsolintel.com\/fr\/wp-json\/wp\/v2\/product"}],"about":[{"href":"https:\/\/ledsolintel.com\/fr\/wp-json\/wp\/v2\/types\/product"}],"version-history":[{"count":0,"href":"https:\/\/ledsolintel.com\/fr\/wp-json\/wp\/v2\/product\/244770\/revisions"}],"wp:featuredmedia":[{"embeddable":true,"href":"https:\/\/ledsolintel.com\/fr\/wp-json\/wp\/v2\/media\/244767"}],"wp:attachment":[{"href":"https:\/\/ledsolintel.com\/fr\/wp-json\/wp\/v2\/media?parent=244770"}],"wp:term":[{"taxonomy":"product_brand","embeddable":true,"href":"https:\/\/ledsolintel.com\/fr\/wp-json\/wp\/v2\/product_brand?post=244770"},{"taxonomy":"product_cat","embeddable":true,"href":"https:\/\/ledsolintel.com\/fr\/wp-json\/wp\/v2\/product_cat?post=244770"},{"taxonomy":"product_tag","embeddable":true,"href":"https:\/\/ledsolintel.com\/fr\/wp-json\/wp\/v2\/product_tag?post=244770"}],"curies":[{"name":"wp","href":"https:\/\/api.w.org\/{rel}","templated":true}]}}