{"id":244762,"date":"2022-01-12T21:48:33","date_gmt":"2022-01-12T20:48:33","guid":{"rendered":"https:\/\/nueva.ledsolintel.com\/product\/ten-lampara-sobremesa-negra-de-faro\/"},"modified":"2022-01-12T21:48:33","modified_gmt":"2022-01-12T20:48:33","slug":"ten-lampara-sobremesa-negra-de-faro","status":"publish","type":"product","link":"https:\/\/ledsolintel.com\/fr\/produit-2\/ten-lampara-sobremesa-negra-de-faro\/","title":{"rendered":"TEN Lampe \u00e0 poser noire de Faro"},"content":{"rendered":"<p>CARACT\u00c9RISTIQUES<\/p>\n<ul>\n<li>VOLTAJE : 100V-240V<\/li>\n<li>IP : 20<\/li>\n<li>CLASE : II<\/li>\n<li>TIPO DE INTERRUPTOR : ON\/OFF<\/li>\n<li>LONGITUD DEL CABLE EL\u00c9CTRICO (MM): 1500mm<\/li>\n<li>FIXATION : SUR TABLE<\/li>\n<li>POTENCIA M\u00c1XIMA (W): 15W<\/li>\n<li>HERCIOS : 50\/60HZ<\/li>\n<li><span>Largo: 90,00<\/span><br \/><span>Alto: 75,00<\/span><br \/><span>Ancho: 90,00<\/span><br \/><span>Di\u00e1metro: 60,00<\/span><\/li>\n<\/ul>","protected":false},"excerpt":{"rendered":"<article>\n<section>\n<div>\n<div class=\"sta-see_more\">\n<div data-mas=\"Ver m\u00e1s\" data-menos=\"Ver menos\" s_see_more-data=\"6,6,6,6\" data-lines=\"4\" data-altura=\"28\" data-alturaoriginal=\"112\" class=\"s_see_more-content\">Sobremesa de dise\u00f1o negro vers\u00e1til creada por Faro Team. Su estilo minimalista encaja tanto en ambientes n\u00f3rdicos como modernos. El protagonismo de la l\u00e1mpara recae en la bombilla.<\/div>\n<footer><\/footer>\n<\/div><\/div>\n<\/section>\n<\/article>\n<div class=\"m-cntimages gallery-images\"><a href=\"https:\/\/faro.es\/content\/thumbs\/x\/extaHR0cHM6Ly9kN3JoNXMzbnhtcHk0LmNsb3VkZnJvbnQubmV0L0NNUDQxMTQvUFIyODY2NEJJMTAyMThfNjIxNjlfVEVOX1NPQlJFTUVTQV9ORUdST18xWEUyN19TWjIuanBn\" class=\"open-gallery\" data-size=\"1870x944\" data-galmobile=\"\/content\/thumbs\/640_\/extaHR0cHM6Ly9kN3JoNXMzbnhtcHk0LmNsb3VkZnJvbnQubmV0L0NNUDQxMTQvUFIyODY2NEJJMTAyMThfNjIxNjlfVEVOX1NPQlJFTUVTQV9ORUdST18xWEUyN19TWjIuanBn\" title=\"TEN L\u00e1mpara sobremesa negra\" data-no=\"0\"><\/a><span><\/span> <\/p>\n<div class=\"m-modalimages\" data-slide=\"{                     &quot;desktop&quot;:{                         &quot;pager&quot;               : &quot;false&quot;,                         &quot;controls&quot;            : &quot;false&quot;,                         &quot;infiniteLoop&quot;        : &quot;false&quot;, \t\t\t\t\t\t&quot;hideControlOnEnd&quot;    : &quot;true&quot;,                         &quot;slideWidth&quot;          : &quot;78&quot;,                         &quot;slideMargin&quot;         : &quot;10&quot;,                         &quot;minSlides&quot;           : &quot;3&quot;,                         &quot;maxSlides&quot;           : &quot;3&quot;,                         &quot;moveSlides&quot;          : &quot;3&quot;, \t\t\t\t\t\t&quot;adaptiveHeight&quot;\t: &quot;true&quot;,                         &quot;nextText&quot;            : &quot;q&quot;,                         &quot;prevText&quot;            : &quot;r&quot;},                     &quot;laptop&quot;:{                         &quot;pager&quot;               : &quot;false&quot;, \t\t\t\t\t\t&quot;hideControlOnEnd&quot;    : &quot;true&quot;,                         &quot;controls&quot;            : &quot;false&quot;,                         &quot;infiniteLoop&quot;        : &quot;false&quot;,                         &quot;slideWidth&quot;          : &quot;56&quot;,                         &quot;slideMargin&quot;         : &quot;10&quot;,                         &quot;minSlides&quot;           : &quot;3&quot;,                         &quot;maxSlides&quot;           : &quot;3&quot;,                         &quot;moveSlides&quot;          : &quot;3&quot;,                         &quot;nextText&quot;            : &quot;q&quot;,                         &quot;prevText&quot;            : &quot;r&quot;},                    &quot;tablet&quot;:{                          &quot;pager&quot;               : &quot;false&quot;,                         &quot;controls&quot;            : &quot;false&quot;,                         &quot;infiniteLoop&quot;        : &quot;false&quot;,                        &quot;touchEnabled&quot;\t\t\t: &quot;true&quot;,                                                &quot;nextText&quot;            : &quot;q&quot;,                         &quot;prevText&quot;            : &quot;r&quot;},                     &quot;mobile&quot;:{                          &quot;pager&quot;               : &quot;false&quot;,                         &quot;controls&quot;            : &quot;false&quot;,                         &quot;infiniteLoop&quot;        : &quot;false&quot;,                        &quot;touchEnabled&quot;\t\t\t: &quot;true&quot;,                         &quot;nextText&quot;            : &quot;q&quot;,                         &quot;prevText&quot;            : &quot;r&quot;}                                                  }\"><\/div>\n<\/p><\/div>","protected":false},"featured_media":244760,"template":"","meta":[],"product_brand":[99359],"product_cat":[99573,99649],"product_tag":[],"class_list":{"0":"post-244762","1":"product","2":"type-product","3":"status-publish","4":"has-post-thumbnail","6":"product_brand-faro-barcelona","7":"product_cat-iluminacion-interior","8":"product_cat-lamparas-de-mesa-y-flexos","11":"instock","12":"taxable","13":"shipping-taxable","14":"purchasable","15":"product-type-simple"},"yoast_head":"<!-- This site is optimized with the Yoast SEO plugin v26.6 - https:\/\/yoast.com\/wordpress\/plugins\/seo\/ -->\n<title>TEN L\u00e1mpara sobremesa negra de Faro<\/title>\n<meta name=\"robots\" content=\"index, follow, max-snippet:-1, max-image-preview:large, max-video-preview:-1\" \/>\n<link rel=\"canonical\" href=\"https:\/\/ledsolintel.com\/fr\/produit-2\/ten-lampara-sobremesa-negra-de-faro\/\" \/>\n<meta property=\"og:locale\" content=\"fr_FR\" \/>\n<meta property=\"og:type\" content=\"article\" \/>\n<meta property=\"og:title\" content=\"TEN L\u00e1mpara sobremesa negra de Faro\" \/>\n<meta property=\"og:description\" content=\"Sobremesa de dise\u00f1o negro vers\u00e1til creada por Faro Team. Su estilo minimalista encaja tanto en ambientes n\u00f3rdicos como modernos. El protagonismo de la l\u00e1mpara recae en la bombilla.\" \/>\n<meta property=\"og:url\" content=\"https:\/\/ledsolintel.com\/fr\/produit-2\/ten-lampara-sobremesa-negra-de-faro\/\" \/>\n<meta property=\"og:site_name\" content=\"Ledsolintel\" \/>\n<meta property=\"article:publisher\" content=\"http:\/\/www.facebook.com\/webmenaje\" \/>\n<meta property=\"og:image\" content=\"https:\/\/ledsolintel.com\/wp-content\/uploads\/2022\/01\/13215-TEN-Lampara-sobremesa-negra-de-Faro.jpg\" \/>\n\t<meta property=\"og:image:width\" content=\"1\" \/>\n\t<meta property=\"og:image:height\" content=\"1\" \/>\n\t<meta property=\"og:image:type\" content=\"image\/jpeg\" \/>\n<meta name=\"twitter:card\" content=\"summary_large_image\" \/>\n<meta name=\"twitter:site\" content=\"@webmenaje\" \/>\n<script type=\"application\/ld+json\" class=\"yoast-schema-graph\">{\"@context\":\"https:\/\/schema.org\",\"@graph\":[{\"@type\":\"WebPage\",\"@id\":\"https:\/\/ledsolintel.com\/product\/ten-lampara-sobremesa-negra-de-faro\/\",\"url\":\"https:\/\/ledsolintel.com\/product\/ten-lampara-sobremesa-negra-de-faro\/\",\"name\":\"TEN L\u00e1mpara sobremesa negra de Faro\",\"isPartOf\":{\"@id\":\"https:\/\/ledsolintel.com\/#website\"},\"primaryImageOfPage\":{\"@id\":\"https:\/\/ledsolintel.com\/product\/ten-lampara-sobremesa-negra-de-faro\/#primaryimage\"},\"image\":{\"@id\":\"https:\/\/ledsolintel.com\/product\/ten-lampara-sobremesa-negra-de-faro\/#primaryimage\"},\"thumbnailUrl\":\"https:\/\/ledsolintel.com\/wp-content\/uploads\/2022\/01\/13215-TEN-Lampara-sobremesa-negra-de-Faro.jpg\",\"datePublished\":\"2022-01-12T20:48:33+00:00\",\"breadcrumb\":{\"@id\":\"https:\/\/ledsolintel.com\/product\/ten-lampara-sobremesa-negra-de-faro\/#breadcrumb\"},\"inLanguage\":\"fr-FR\",\"potentialAction\":[{\"@type\":\"ReadAction\",\"target\":[\"https:\/\/ledsolintel.com\/product\/ten-lampara-sobremesa-negra-de-faro\/\"]}]},{\"@type\":\"ImageObject\",\"inLanguage\":\"fr-FR\",\"@id\":\"https:\/\/ledsolintel.com\/product\/ten-lampara-sobremesa-negra-de-faro\/#primaryimage\",\"url\":\"https:\/\/ledsolintel.com\/wp-content\/uploads\/2022\/01\/13215-TEN-Lampara-sobremesa-negra-de-Faro.jpg\",\"contentUrl\":\"https:\/\/ledsolintel.com\/wp-content\/uploads\/2022\/01\/13215-TEN-Lampara-sobremesa-negra-de-Faro.jpg\",\"caption\":\"TEN L\u00e1mpara sobremesa negra de Faro\"},{\"@type\":\"BreadcrumbList\",\"@id\":\"https:\/\/ledsolintel.com\/product\/ten-lampara-sobremesa-negra-de-faro\/#breadcrumb\",\"itemListElement\":[{\"@type\":\"ListItem\",\"position\":1,\"name\":\"Portada\",\"item\":\"https:\/\/ledsolintel.com\/fr\/\"},{\"@type\":\"ListItem\",\"position\":2,\"name\":\"Tienda\",\"item\":\"https:\/\/ledsolintel.com\/tienda\/\"},{\"@type\":\"ListItem\",\"position\":3,\"name\":\"TEN L\u00e1mpara sobremesa negra de Faro\"}]},{\"@type\":\"WebSite\",\"@id\":\"https:\/\/ledsolintel.com\/#website\",\"url\":\"https:\/\/ledsolintel.com\/\",\"name\":\"Webmenaje\",\"description\":\"Tienda de bombillas y l\u00e1mparas LED para profesionales\",\"publisher\":{\"@id\":\"https:\/\/ledsolintel.com\/#organization\"},\"potentialAction\":[{\"@type\":\"SearchAction\",\"target\":{\"@type\":\"EntryPoint\",\"urlTemplate\":\"https:\/\/ledsolintel.com\/?s={search_term_string}\"},\"query-input\":{\"@type\":\"PropertyValueSpecification\",\"valueRequired\":true,\"valueName\":\"search_term_string\"}}],\"inLanguage\":\"fr-FR\"},{\"@type\":\"Organization\",\"@id\":\"https:\/\/ledsolintel.com\/#organization\",\"name\":\"Solintel Noroeste, S.L.\",\"url\":\"https:\/\/ledsolintel.com\/\",\"logo\":{\"@type\":\"ImageObject\",\"inLanguage\":\"fr-FR\",\"@id\":\"https:\/\/ledsolintel.com\/#\/schema\/logo\/image\/\",\"url\":\"https:\/\/ledsolintel.com\/wp-content\/uploads\/2024\/11\/webmenaje-logo-1508269066.jpg\",\"contentUrl\":\"https:\/\/ledsolintel.com\/wp-content\/uploads\/2024\/11\/webmenaje-logo-1508269066.jpg\",\"width\":370,\"height\":90,\"caption\":\"Solintel Noroeste, S.L.\"},\"image\":{\"@id\":\"https:\/\/ledsolintel.com\/#\/schema\/logo\/image\/\"},\"sameAs\":[\"http:\/\/www.facebook.com\/webmenaje\",\"https:\/\/x.com\/webmenaje\",\"https:\/\/www.youtube.com\/channel\/UCX2KoVoeCG4LocZjUc6LmSQ\",\"http:\/\/www.pinterest.com\/webmenaje\"]}]}<\/script>\n<!-- \/ Yoast SEO plugin. -->","yoast_head_json":{"title":"TEN Lampe \u00e0 poser noire de Faro","robots":{"index":"index","follow":"follow","max-snippet":"max-snippet:-1","max-image-preview":"max-image-preview:large","max-video-preview":"max-video-preview:-1"},"canonical":"https:\/\/ledsolintel.com\/fr\/produit-2\/ten-lampara-sobremesa-negra-de-faro\/","og_locale":"fr_FR","og_type":"article","og_title":"TEN L\u00e1mpara sobremesa negra de Faro","og_description":"Sobremesa de dise\u00f1o negro vers\u00e1til creada por Faro Team. Su estilo minimalista encaja tanto en ambientes n\u00f3rdicos como modernos. El protagonismo de la l\u00e1mpara recae en la bombilla.","og_url":"https:\/\/ledsolintel.com\/fr\/produit-2\/ten-lampara-sobremesa-negra-de-faro\/","og_site_name":"Ledsolintel","article_publisher":"http:\/\/www.facebook.com\/webmenaje","og_image":[{"url":"https:\/\/ledsolintel.com\/wp-content\/uploads\/2022\/01\/13215-TEN-Lampara-sobremesa-negra-de-Faro.jpg","width":1,"height":1,"type":"image\/jpeg"}],"twitter_card":"summary_large_image","twitter_site":"@webmenaje","schema":{"@context":"https:\/\/schema.org","@graph":[{"@type":"WebPage","@id":"https:\/\/ledsolintel.com\/product\/ten-lampara-sobremesa-negra-de-faro\/","url":"https:\/\/ledsolintel.com\/product\/ten-lampara-sobremesa-negra-de-faro\/","name":"TEN Lampe \u00e0 poser noire de Faro","isPartOf":{"@id":"https:\/\/ledsolintel.com\/#website"},"primaryImageOfPage":{"@id":"https:\/\/ledsolintel.com\/product\/ten-lampara-sobremesa-negra-de-faro\/#primaryimage"},"image":{"@id":"https:\/\/ledsolintel.com\/product\/ten-lampara-sobremesa-negra-de-faro\/#primaryimage"},"thumbnailUrl":"https:\/\/ledsolintel.com\/wp-content\/uploads\/2022\/01\/13215-TEN-Lampara-sobremesa-negra-de-Faro.jpg","datePublished":"2022-01-12T20:48:33+00:00","breadcrumb":{"@id":"https:\/\/ledsolintel.com\/product\/ten-lampara-sobremesa-negra-de-faro\/#breadcrumb"},"inLanguage":"fr-FR","potentialAction":[{"@type":"ReadAction","target":["https:\/\/ledsolintel.com\/product\/ten-lampara-sobremesa-negra-de-faro\/"]}]},{"@type":"ImageObject","inLanguage":"fr-FR","@id":"https:\/\/ledsolintel.com\/product\/ten-lampara-sobremesa-negra-de-faro\/#primaryimage","url":"https:\/\/ledsolintel.com\/wp-content\/uploads\/2022\/01\/13215-TEN-Lampara-sobremesa-negra-de-Faro.jpg","contentUrl":"https:\/\/ledsolintel.com\/wp-content\/uploads\/2022\/01\/13215-TEN-Lampara-sobremesa-negra-de-Faro.jpg","caption":"TEN L\u00e1mpara sobremesa negra de Faro"},{"@type":"BreadcrumbList","@id":"https:\/\/ledsolintel.com\/product\/ten-lampara-sobremesa-negra-de-faro\/#breadcrumb","itemListElement":[{"@type":"ListItem","position":1,"name":"Portada","item":"https:\/\/ledsolintel.com\/fr\/"},{"@type":"ListItem","position":2,"name":"Tienda","item":"https:\/\/ledsolintel.com\/tienda\/"},{"@type":"ListItem","position":3,"name":"TEN L\u00e1mpara sobremesa negra de Faro"}]},{"@type":"WebSite","@id":"https:\/\/ledsolintel.com\/#website","url":"https:\/\/ledsolintel.com\/","name":"Webmenaje","description":"Magasin d'ampoules et de lampes LED pour les professionnels","publisher":{"@id":"https:\/\/ledsolintel.com\/#organization"},"potentialAction":[{"@type":"SearchAction","target":{"@type":"EntryPoint","urlTemplate":"https:\/\/ledsolintel.com\/?s={search_term_string}"},"query-input":{"@type":"PropertyValueSpecification","valueRequired":true,"valueName":"search_term_string"}}],"inLanguage":"fr-FR"},{"@type":"Organization","@id":"https:\/\/ledsolintel.com\/#organization","name":"Solintel Noroeste, S.L.","url":"https:\/\/ledsolintel.com\/","logo":{"@type":"ImageObject","inLanguage":"fr-FR","@id":"https:\/\/ledsolintel.com\/#\/schema\/logo\/image\/","url":"https:\/\/ledsolintel.com\/wp-content\/uploads\/2024\/11\/webmenaje-logo-1508269066.jpg","contentUrl":"https:\/\/ledsolintel.com\/wp-content\/uploads\/2024\/11\/webmenaje-logo-1508269066.jpg","width":370,"height":90,"caption":"Solintel Noroeste, S.L."},"image":{"@id":"https:\/\/ledsolintel.com\/#\/schema\/logo\/image\/"},"sameAs":["http:\/\/www.facebook.com\/webmenaje","https:\/\/x.com\/webmenaje","https:\/\/www.youtube.com\/channel\/UCX2KoVoeCG4LocZjUc6LmSQ","http:\/\/www.pinterest.com\/webmenaje"]}]}},"_links":{"self":[{"href":"https:\/\/ledsolintel.com\/fr\/wp-json\/wp\/v2\/product\/244762","targetHints":{"allow":["GET"]}}],"collection":[{"href":"https:\/\/ledsolintel.com\/fr\/wp-json\/wp\/v2\/product"}],"about":[{"href":"https:\/\/ledsolintel.com\/fr\/wp-json\/wp\/v2\/types\/product"}],"version-history":[{"count":0,"href":"https:\/\/ledsolintel.com\/fr\/wp-json\/wp\/v2\/product\/244762\/revisions"}],"wp:featuredmedia":[{"embeddable":true,"href":"https:\/\/ledsolintel.com\/fr\/wp-json\/wp\/v2\/media\/244760"}],"wp:attachment":[{"href":"https:\/\/ledsolintel.com\/fr\/wp-json\/wp\/v2\/media?parent=244762"}],"wp:term":[{"taxonomy":"product_brand","embeddable":true,"href":"https:\/\/ledsolintel.com\/fr\/wp-json\/wp\/v2\/product_brand?post=244762"},{"taxonomy":"product_cat","embeddable":true,"href":"https:\/\/ledsolintel.com\/fr\/wp-json\/wp\/v2\/product_cat?post=244762"},{"taxonomy":"product_tag","embeddable":true,"href":"https:\/\/ledsolintel.com\/fr\/wp-json\/wp\/v2\/product_tag?post=244762"}],"curies":[{"name":"wp","href":"https:\/\/api.w.org\/{rel}","templated":true}]}}