{"id":244746,"date":"2022-01-11T11:49:00","date_gmt":"2022-01-11T10:49:00","guid":{"rendered":"https:\/\/nueva.ledsolintel.com\/product\/foco-de-carril-magnetico-line-15w-de-beneito-faure\/"},"modified":"2022-01-11T11:49:00","modified_gmt":"2022-01-11T10:49:00","slug":"spot-magnetique-de-piste-15w-de-beneito-faure","status":"publish","type":"product","link":"https:\/\/ledsolintel.com\/fr\/produit-2\/spot-magnetique-de-piste-15w-de-beneito-faure\/","title":{"rendered":"LINE 15W spot magn\u00e9tique sur rail par Beneito Faure"},"content":{"rendered":"<h1>LINE 15W spot magn\u00e9tique sur rail par Beneito Faure<\/h1>\n<p>\u00a0<\/p>\n<ul>\n<li>Puissance : 15 W<\/li>\n<li>Tension : 48 V \/ 50-60 Hz<\/li>\n<li>Luminance : 760 lm<\/li>\n<li>CCT : 3000 K<\/li>\n<li>Optique : 100<\/li>\n<li>IRC &gt; 90<\/li>\n<li>PF &gt; 0,5<\/li>\n<li>UGR &lt; 19<\/li>\n<li>Dur\u00e9e de vie : 26 000 h<\/li>\n<li>IP20<\/li>\n<\/ul>","protected":false},"excerpt":{"rendered":"<p>Beneito Faure LINE 15W spot magn\u00e9tique sur rail. 48V, facile \u00e0 installer sans n\u00e9cessiter d'installations. Int\u00e9gr\u00e9 dans le rail, id\u00e9al pour la d\u00e9coration int\u00e9rieure.<\/p>","protected":false},"featured_media":244742,"template":"","meta":[],"product_brand":[99357],"product_cat":[99609,99931,99573,99915],"product_tag":[],"class_list":{"0":"post-244746","1":"product","2":"type-product","3":"status-publish","4":"has-post-thumbnail","6":"product_brand-beneito-faure","7":"product_cat-iluminacion-tecnica","8":"product_cat-luminarias-de-carril-magnetico","9":"product_cat-iluminacion-interior","10":"product_cat-carril-magnetico","13":"instock","14":"taxable","15":"shipping-taxable","16":"purchasable","17":"product-type-simple"},"yoast_head":"<!-- This site is optimized with the Yoast SEO plugin v26.6 - https:\/\/yoast.com\/wordpress\/plugins\/seo\/ -->\n<title>Foco de carril magn\u00e9tico LINE 15W de Beneito Faure<\/title>\n<meta name=\"description\" content=\"Foco de carril magn\u00e9tico LINE 15W de Beneito Faure, colocaci\u00f3n sencilla sin necesidad de instalaciones. Para proyectos de arquitectura e interiorismo\" \/>\n<meta name=\"robots\" content=\"index, follow, max-snippet:-1, max-image-preview:large, max-video-preview:-1\" \/>\n<link rel=\"canonical\" href=\"https:\/\/ledsolintel.com\/fr\/produit-2\/spot-magnetique-de-piste-15w-de-beneito-faure\/\" \/>\n<meta property=\"og:locale\" content=\"fr_FR\" \/>\n<meta property=\"og:type\" content=\"article\" \/>\n<meta property=\"og:title\" content=\"Foco de carril magn\u00e9tico LINE 15W de Beneito Faure\" \/>\n<meta property=\"og:description\" content=\"Foco de carril magn\u00e9tico LINE 15W de Beneito Faure, colocaci\u00f3n sencilla sin necesidad de instalaciones. Para proyectos de arquitectura e interiorismo\" \/>\n<meta property=\"og:url\" content=\"https:\/\/ledsolintel.com\/fr\/produit-2\/spot-magnetique-de-piste-15w-de-beneito-faure\/\" \/>\n<meta property=\"og:site_name\" content=\"Ledsolintel\" \/>\n<meta property=\"article:publisher\" content=\"http:\/\/www.facebook.com\/webmenaje\" \/>\n<meta property=\"og:image\" content=\"https:\/\/ledsolintel.com\/wp-content\/uploads\/2022\/01\/13190-Foco-de-carril-magnetico-LINE-15W-de-Beneito-Faure.jpg\" \/>\n\t<meta property=\"og:image:width\" content=\"1\" \/>\n\t<meta property=\"og:image:height\" content=\"1\" \/>\n\t<meta property=\"og:image:type\" content=\"image\/jpeg\" \/>\n<meta name=\"twitter:card\" content=\"summary_large_image\" \/>\n<meta name=\"twitter:site\" content=\"@webmenaje\" \/>\n<script type=\"application\/ld+json\" class=\"yoast-schema-graph\">{\"@context\":\"https:\/\/schema.org\",\"@graph\":[{\"@type\":\"WebPage\",\"@id\":\"https:\/\/ledsolintel.com\/product\/foco-de-carril-magnetico-line-15w-de-beneito-faure\/\",\"url\":\"https:\/\/ledsolintel.com\/product\/foco-de-carril-magnetico-line-15w-de-beneito-faure\/\",\"name\":\"Foco de carril magn\u00e9tico LINE 15W de Beneito Faure\",\"isPartOf\":{\"@id\":\"https:\/\/ledsolintel.com\/#website\"},\"primaryImageOfPage\":{\"@id\":\"https:\/\/ledsolintel.com\/product\/foco-de-carril-magnetico-line-15w-de-beneito-faure\/#primaryimage\"},\"image\":{\"@id\":\"https:\/\/ledsolintel.com\/product\/foco-de-carril-magnetico-line-15w-de-beneito-faure\/#primaryimage\"},\"thumbnailUrl\":\"https:\/\/ledsolintel.com\/wp-content\/uploads\/2022\/01\/13190-Foco-de-carril-magnetico-LINE-15W-de-Beneito-Faure.jpg\",\"datePublished\":\"2022-01-11T10:49:00+00:00\",\"description\":\"Foco de carril magn\u00e9tico LINE 15W de Beneito Faure, colocaci\u00f3n sencilla sin necesidad de instalaciones. Para proyectos de arquitectura e interiorismo\",\"breadcrumb\":{\"@id\":\"https:\/\/ledsolintel.com\/product\/foco-de-carril-magnetico-line-15w-de-beneito-faure\/#breadcrumb\"},\"inLanguage\":\"fr-FR\",\"potentialAction\":[{\"@type\":\"ReadAction\",\"target\":[\"https:\/\/ledsolintel.com\/product\/foco-de-carril-magnetico-line-15w-de-beneito-faure\/\"]}]},{\"@type\":\"ImageObject\",\"inLanguage\":\"fr-FR\",\"@id\":\"https:\/\/ledsolintel.com\/product\/foco-de-carril-magnetico-line-15w-de-beneito-faure\/#primaryimage\",\"url\":\"https:\/\/ledsolintel.com\/wp-content\/uploads\/2022\/01\/13190-Foco-de-carril-magnetico-LINE-15W-de-Beneito-Faure.jpg\",\"contentUrl\":\"https:\/\/ledsolintel.com\/wp-content\/uploads\/2022\/01\/13190-Foco-de-carril-magnetico-LINE-15W-de-Beneito-Faure.jpg\",\"caption\":\"Foco de carril magn\u00e9tico LINE 15W de Beneito Faure\"},{\"@type\":\"BreadcrumbList\",\"@id\":\"https:\/\/ledsolintel.com\/product\/foco-de-carril-magnetico-line-15w-de-beneito-faure\/#breadcrumb\",\"itemListElement\":[{\"@type\":\"ListItem\",\"position\":1,\"name\":\"Portada\",\"item\":\"https:\/\/ledsolintel.com\/fr\/\"},{\"@type\":\"ListItem\",\"position\":2,\"name\":\"Tienda\",\"item\":\"https:\/\/ledsolintel.com\/tienda\/\"},{\"@type\":\"ListItem\",\"position\":3,\"name\":\"Foco de carril magn\u00e9tico LINE 15W de Beneito Faure\"}]},{\"@type\":\"WebSite\",\"@id\":\"https:\/\/ledsolintel.com\/#website\",\"url\":\"https:\/\/ledsolintel.com\/\",\"name\":\"Webmenaje\",\"description\":\"Tienda de bombillas y l\u00e1mparas LED para profesionales\",\"publisher\":{\"@id\":\"https:\/\/ledsolintel.com\/#organization\"},\"potentialAction\":[{\"@type\":\"SearchAction\",\"target\":{\"@type\":\"EntryPoint\",\"urlTemplate\":\"https:\/\/ledsolintel.com\/?s={search_term_string}\"},\"query-input\":{\"@type\":\"PropertyValueSpecification\",\"valueRequired\":true,\"valueName\":\"search_term_string\"}}],\"inLanguage\":\"fr-FR\"},{\"@type\":\"Organization\",\"@id\":\"https:\/\/ledsolintel.com\/#organization\",\"name\":\"Solintel Noroeste, S.L.\",\"url\":\"https:\/\/ledsolintel.com\/\",\"logo\":{\"@type\":\"ImageObject\",\"inLanguage\":\"fr-FR\",\"@id\":\"https:\/\/ledsolintel.com\/#\/schema\/logo\/image\/\",\"url\":\"https:\/\/ledsolintel.com\/wp-content\/uploads\/2024\/11\/webmenaje-logo-1508269066.jpg\",\"contentUrl\":\"https:\/\/ledsolintel.com\/wp-content\/uploads\/2024\/11\/webmenaje-logo-1508269066.jpg\",\"width\":370,\"height\":90,\"caption\":\"Solintel Noroeste, S.L.\"},\"image\":{\"@id\":\"https:\/\/ledsolintel.com\/#\/schema\/logo\/image\/\"},\"sameAs\":[\"http:\/\/www.facebook.com\/webmenaje\",\"https:\/\/x.com\/webmenaje\",\"https:\/\/www.youtube.com\/channel\/UCX2KoVoeCG4LocZjUc6LmSQ\",\"http:\/\/www.pinterest.com\/webmenaje\"]}]}<\/script>\n<!-- \/ Yoast SEO plugin. -->","yoast_head_json":{"title":"LINE 15W spot magn\u00e9tique sur rail par Beneito Faure","description":"LINE 15W spot magn\u00e9tique sur rail de Beneito Faure, facile \u00e0 installer sans n\u00e9cessiter d'installation. Pour les projets d'architecture et de d\u00e9coration d'int\u00e9rieur","robots":{"index":"index","follow":"follow","max-snippet":"max-snippet:-1","max-image-preview":"max-image-preview:large","max-video-preview":"max-video-preview:-1"},"canonical":"https:\/\/ledsolintel.com\/fr\/produit-2\/spot-magnetique-de-piste-15w-de-beneito-faure\/","og_locale":"fr_FR","og_type":"article","og_title":"Foco de carril magn\u00e9tico LINE 15W de Beneito Faure","og_description":"Foco de carril magn\u00e9tico LINE 15W de Beneito Faure, colocaci\u00f3n sencilla sin necesidad de instalaciones. Para proyectos de arquitectura e interiorismo","og_url":"https:\/\/ledsolintel.com\/fr\/produit-2\/spot-magnetique-de-piste-15w-de-beneito-faure\/","og_site_name":"Ledsolintel","article_publisher":"http:\/\/www.facebook.com\/webmenaje","og_image":[{"url":"https:\/\/ledsolintel.com\/wp-content\/uploads\/2022\/01\/13190-Foco-de-carril-magnetico-LINE-15W-de-Beneito-Faure.jpg","width":1,"height":1,"type":"image\/jpeg"}],"twitter_card":"summary_large_image","twitter_site":"@webmenaje","schema":{"@context":"https:\/\/schema.org","@graph":[{"@type":"WebPage","@id":"https:\/\/ledsolintel.com\/product\/foco-de-carril-magnetico-line-15w-de-beneito-faure\/","url":"https:\/\/ledsolintel.com\/product\/foco-de-carril-magnetico-line-15w-de-beneito-faure\/","name":"LINE 15W spot magn\u00e9tique sur rail par Beneito Faure","isPartOf":{"@id":"https:\/\/ledsolintel.com\/#website"},"primaryImageOfPage":{"@id":"https:\/\/ledsolintel.com\/product\/foco-de-carril-magnetico-line-15w-de-beneito-faure\/#primaryimage"},"image":{"@id":"https:\/\/ledsolintel.com\/product\/foco-de-carril-magnetico-line-15w-de-beneito-faure\/#primaryimage"},"thumbnailUrl":"https:\/\/ledsolintel.com\/wp-content\/uploads\/2022\/01\/13190-Foco-de-carril-magnetico-LINE-15W-de-Beneito-Faure.jpg","datePublished":"2022-01-11T10:49:00+00:00","description":"LINE 15W spot magn\u00e9tique sur rail de Beneito Faure, facile \u00e0 installer sans n\u00e9cessiter d'installation. Pour les projets d'architecture et de d\u00e9coration d'int\u00e9rieur","breadcrumb":{"@id":"https:\/\/ledsolintel.com\/product\/foco-de-carril-magnetico-line-15w-de-beneito-faure\/#breadcrumb"},"inLanguage":"fr-FR","potentialAction":[{"@type":"ReadAction","target":["https:\/\/ledsolintel.com\/product\/foco-de-carril-magnetico-line-15w-de-beneito-faure\/"]}]},{"@type":"ImageObject","inLanguage":"fr-FR","@id":"https:\/\/ledsolintel.com\/product\/foco-de-carril-magnetico-line-15w-de-beneito-faure\/#primaryimage","url":"https:\/\/ledsolintel.com\/wp-content\/uploads\/2022\/01\/13190-Foco-de-carril-magnetico-LINE-15W-de-Beneito-Faure.jpg","contentUrl":"https:\/\/ledsolintel.com\/wp-content\/uploads\/2022\/01\/13190-Foco-de-carril-magnetico-LINE-15W-de-Beneito-Faure.jpg","caption":"Foco de carril magn\u00e9tico LINE 15W de Beneito Faure"},{"@type":"BreadcrumbList","@id":"https:\/\/ledsolintel.com\/product\/foco-de-carril-magnetico-line-15w-de-beneito-faure\/#breadcrumb","itemListElement":[{"@type":"ListItem","position":1,"name":"Portada","item":"https:\/\/ledsolintel.com\/fr\/"},{"@type":"ListItem","position":2,"name":"Tienda","item":"https:\/\/ledsolintel.com\/tienda\/"},{"@type":"ListItem","position":3,"name":"Foco de carril magn\u00e9tico LINE 15W de Beneito Faure"}]},{"@type":"WebSite","@id":"https:\/\/ledsolintel.com\/#website","url":"https:\/\/ledsolintel.com\/","name":"Webmenaje","description":"Magasin d'ampoules et de lampes LED pour les professionnels","publisher":{"@id":"https:\/\/ledsolintel.com\/#organization"},"potentialAction":[{"@type":"SearchAction","target":{"@type":"EntryPoint","urlTemplate":"https:\/\/ledsolintel.com\/?s={search_term_string}"},"query-input":{"@type":"PropertyValueSpecification","valueRequired":true,"valueName":"search_term_string"}}],"inLanguage":"fr-FR"},{"@type":"Organization","@id":"https:\/\/ledsolintel.com\/#organization","name":"Solintel Noroeste, S.L.","url":"https:\/\/ledsolintel.com\/","logo":{"@type":"ImageObject","inLanguage":"fr-FR","@id":"https:\/\/ledsolintel.com\/#\/schema\/logo\/image\/","url":"https:\/\/ledsolintel.com\/wp-content\/uploads\/2024\/11\/webmenaje-logo-1508269066.jpg","contentUrl":"https:\/\/ledsolintel.com\/wp-content\/uploads\/2024\/11\/webmenaje-logo-1508269066.jpg","width":370,"height":90,"caption":"Solintel Noroeste, S.L."},"image":{"@id":"https:\/\/ledsolintel.com\/#\/schema\/logo\/image\/"},"sameAs":["http:\/\/www.facebook.com\/webmenaje","https:\/\/x.com\/webmenaje","https:\/\/www.youtube.com\/channel\/UCX2KoVoeCG4LocZjUc6LmSQ","http:\/\/www.pinterest.com\/webmenaje"]}]}},"_links":{"self":[{"href":"https:\/\/ledsolintel.com\/fr\/wp-json\/wp\/v2\/product\/244746","targetHints":{"allow":["GET"]}}],"collection":[{"href":"https:\/\/ledsolintel.com\/fr\/wp-json\/wp\/v2\/product"}],"about":[{"href":"https:\/\/ledsolintel.com\/fr\/wp-json\/wp\/v2\/types\/product"}],"version-history":[{"count":0,"href":"https:\/\/ledsolintel.com\/fr\/wp-json\/wp\/v2\/product\/244746\/revisions"}],"wp:featuredmedia":[{"embeddable":true,"href":"https:\/\/ledsolintel.com\/fr\/wp-json\/wp\/v2\/media\/244742"}],"wp:attachment":[{"href":"https:\/\/ledsolintel.com\/fr\/wp-json\/wp\/v2\/media?parent=244746"}],"wp:term":[{"taxonomy":"product_brand","embeddable":true,"href":"https:\/\/ledsolintel.com\/fr\/wp-json\/wp\/v2\/product_brand?post=244746"},{"taxonomy":"product_cat","embeddable":true,"href":"https:\/\/ledsolintel.com\/fr\/wp-json\/wp\/v2\/product_cat?post=244746"},{"taxonomy":"product_tag","embeddable":true,"href":"https:\/\/ledsolintel.com\/fr\/wp-json\/wp\/v2\/product_tag?post=244746"}],"curies":[{"name":"wp","href":"https:\/\/api.w.org\/{rel}","templated":true}]}}