{"id":244631,"date":"2021-10-18T16:36:08","date_gmt":"2021-10-18T14:36:08","guid":{"rendered":"https:\/\/nueva.ledsolintel.com\/product\/lampara-vial-solar-viasol-40w-de-roblan\/"},"modified":"2021-10-18T16:36:08","modified_gmt":"2021-10-18T14:36:08","slug":"lampara-vial-solar-viasol-40w-de-roblan","status":"publish","type":"product","link":"https:\/\/ledsolintel.com\/fr\/produit-2\/lampara-vial-solar-viasol-40w-de-roblan\/","title":{"rendered":"Roblan VIASOL DIMMABLE Solar Roadway Light (feu de signalisation solaire)"},"content":{"rendered":"<h1>Feu de route solaire Roblan VIASOL<\/h1>\n<p>\u00a0<\/p>\n<ul>\n<li>Puissance :\u00a0<\/li>\n<\/ul>\n<blockquote>\n<ol>\n<li>40 W<\/li>\n<li>80 W<\/li>\n<li>120 W<\/li>\n<\/ol>\n<\/blockquote>\n<ul>\n<li>Tension : 220-240 V<\/li>\n<li>Luminosit\u00e9 :<\/li>\n<\/ul>\n<blockquote>\n<ol>\n<li>4800 lm<\/li>\n<li>12 000 lm<\/li>\n<li>18 000 lm<\/li>\n<\/ol>\n<\/blockquote>\n<ul>\n<li>Angle : 120\u00ba Angle : 120\u00ba Angle : 120\u00ba Angle : 120\u00ba Angle : 120\u00ba Angle : 120\u00ba Angle : 120<\/li>\n<li>CCT : 4000 K<\/li>\n<li>IP65<\/li>\n<li>Batterie : 120<span>00 mah \/ 9,6 V<\/span><\/li>\n<li><span>Dimmable<\/span><\/li>\n<li>Deux modes d'\u00e9clairage :<\/li>\n<ul>\n<li>\u00c9clairage continu : maintient l'intensit\u00e9 lumineuse du 60% pendant les 4 premi\u00e8res heures d'utilisation, puis passe en mode capteur.<\/li>\n<li>Mode capteur : s'allume \u00e0 une intensit\u00e9 de 100% lorsqu'un mouvement est d\u00e9tect\u00e9, et revient \u00e0 un mode d'\u00e9conomie de luminosit\u00e9 de 30% apr\u00e8s 20 secondes d'inactivit\u00e9.<\/li>\n<\/ul>\n<\/ul>","protected":false},"excerpt":{"rendered":"<p>Le lampadaire VIASOL de Roblan. Il int\u00e8gre un panneau solaire et une batterie pour un \u00e9clairage urbain efficace et \u00e9cologique. Il est \u00e9quip\u00e9 d'un capteur qui permet d'autor\u00e9guler l'intensit\u00e9 lumineuse en fonction du trafic dans la rue.<\/p>","protected":false},"featured_media":244630,"template":"","meta":[],"product_brand":[99355],"product_cat":[99579,99589],"product_tag":[],"class_list":{"0":"post-244631","1":"product","2":"type-product","3":"status-publish","4":"has-post-thumbnail","6":"product_brand-roblan","7":"product_cat-iluminacion-vial","8":"product_cat-lamparas-solares","9":"pa_potencia-40w","10":"pa_potencia-80w","11":"pa_potencia-120w","14":"instock","15":"taxable","16":"shipping-taxable","17":"purchasable","18":"product-type-variable","19":"has-default-attributes"},"yoast_head":"<!-- This site is optimized with the Yoast SEO plugin v26.6 - https:\/\/yoast.com\/wordpress\/plugins\/seo\/ -->\n<title>L\u00e1mpara vial solar VIASOL dimmable de Roblan<\/title>\n<meta name=\"description\" content=\"L\u00e1mpara vial solar VIASOL de Roblan. placa solar y bater\u00eda para un alumbrado urbano eficiente y ecol\u00f3gico. Sensor para autorregular la intensidad luminosa\" \/>\n<meta name=\"robots\" content=\"index, follow, max-snippet:-1, max-image-preview:large, max-video-preview:-1\" \/>\n<link rel=\"canonical\" href=\"https:\/\/ledsolintel.com\/fr\/produit-2\/lampara-vial-solar-viasol-40w-de-roblan\/\" \/>\n<meta property=\"og:locale\" content=\"fr_FR\" \/>\n<meta property=\"og:type\" content=\"article\" \/>\n<meta property=\"og:title\" content=\"L\u00e1mpara vial solar VIASOL dimmable de Roblan\" \/>\n<meta property=\"og:description\" content=\"L\u00e1mpara vial solar VIASOL de Roblan. placa solar y bater\u00eda para un alumbrado urbano eficiente y ecol\u00f3gico. Sensor para autorregular la intensidad luminosa\" \/>\n<meta property=\"og:url\" content=\"https:\/\/ledsolintel.com\/fr\/produit-2\/lampara-vial-solar-viasol-40w-de-roblan\/\" \/>\n<meta property=\"og:site_name\" content=\"Ledsolintel\" \/>\n<meta property=\"article:publisher\" content=\"http:\/\/www.facebook.com\/webmenaje\" \/>\n<meta property=\"og:image\" content=\"https:\/\/ledsolintel.com\/wp-content\/uploads\/2021\/10\/13602-Lampara-vial-solar-VIASOL-DIMMABLE-de-Roblan.jpg\" \/>\n\t<meta property=\"og:image:width\" content=\"1\" \/>\n\t<meta property=\"og:image:height\" content=\"1\" \/>\n\t<meta property=\"og:image:type\" content=\"image\/jpeg\" \/>\n<meta name=\"twitter:card\" content=\"summary_large_image\" \/>\n<meta name=\"twitter:site\" content=\"@webmenaje\" \/>\n<script type=\"application\/ld+json\" class=\"yoast-schema-graph\">{\"@context\":\"https:\/\/schema.org\",\"@graph\":[{\"@type\":\"WebPage\",\"@id\":\"https:\/\/ledsolintel.com\/product\/lampara-vial-solar-viasol-40w-de-roblan\/\",\"url\":\"https:\/\/ledsolintel.com\/product\/lampara-vial-solar-viasol-40w-de-roblan\/\",\"name\":\"L\u00e1mpara vial solar VIASOL dimmable de Roblan\",\"isPartOf\":{\"@id\":\"https:\/\/ledsolintel.com\/#website\"},\"primaryImageOfPage\":{\"@id\":\"https:\/\/ledsolintel.com\/product\/lampara-vial-solar-viasol-40w-de-roblan\/#primaryimage\"},\"image\":{\"@id\":\"https:\/\/ledsolintel.com\/product\/lampara-vial-solar-viasol-40w-de-roblan\/#primaryimage\"},\"thumbnailUrl\":\"https:\/\/ledsolintel.com\/wp-content\/uploads\/2021\/10\/13602-Lampara-vial-solar-VIASOL-DIMMABLE-de-Roblan.jpg\",\"datePublished\":\"2021-10-18T14:36:08+00:00\",\"description\":\"L\u00e1mpara vial solar VIASOL de Roblan. placa solar y bater\u00eda para un alumbrado urbano eficiente y ecol\u00f3gico. Sensor para autorregular la intensidad luminosa\",\"breadcrumb\":{\"@id\":\"https:\/\/ledsolintel.com\/product\/lampara-vial-solar-viasol-40w-de-roblan\/#breadcrumb\"},\"inLanguage\":\"fr-FR\",\"potentialAction\":[{\"@type\":\"ReadAction\",\"target\":[\"https:\/\/ledsolintel.com\/product\/lampara-vial-solar-viasol-40w-de-roblan\/\"]}]},{\"@type\":\"ImageObject\",\"inLanguage\":\"fr-FR\",\"@id\":\"https:\/\/ledsolintel.com\/product\/lampara-vial-solar-viasol-40w-de-roblan\/#primaryimage\",\"url\":\"https:\/\/ledsolintel.com\/wp-content\/uploads\/2021\/10\/13602-Lampara-vial-solar-VIASOL-DIMMABLE-de-Roblan.jpg\",\"contentUrl\":\"https:\/\/ledsolintel.com\/wp-content\/uploads\/2021\/10\/13602-Lampara-vial-solar-VIASOL-DIMMABLE-de-Roblan.jpg\",\"caption\":\"L\u00e1mpara vial solar VIASOL DIMMABLE de Roblan\"},{\"@type\":\"BreadcrumbList\",\"@id\":\"https:\/\/ledsolintel.com\/product\/lampara-vial-solar-viasol-40w-de-roblan\/#breadcrumb\",\"itemListElement\":[{\"@type\":\"ListItem\",\"position\":1,\"name\":\"Portada\",\"item\":\"https:\/\/ledsolintel.com\/fr\/\"},{\"@type\":\"ListItem\",\"position\":2,\"name\":\"Tienda\",\"item\":\"https:\/\/ledsolintel.com\/tienda\/\"},{\"@type\":\"ListItem\",\"position\":3,\"name\":\"L\u00e1mpara vial solar VIASOL DIMMABLE de Roblan\"}]},{\"@type\":\"WebSite\",\"@id\":\"https:\/\/ledsolintel.com\/#website\",\"url\":\"https:\/\/ledsolintel.com\/\",\"name\":\"Webmenaje\",\"description\":\"Tienda de bombillas y l\u00e1mparas LED para profesionales\",\"publisher\":{\"@id\":\"https:\/\/ledsolintel.com\/#organization\"},\"potentialAction\":[{\"@type\":\"SearchAction\",\"target\":{\"@type\":\"EntryPoint\",\"urlTemplate\":\"https:\/\/ledsolintel.com\/?s={search_term_string}\"},\"query-input\":{\"@type\":\"PropertyValueSpecification\",\"valueRequired\":true,\"valueName\":\"search_term_string\"}}],\"inLanguage\":\"fr-FR\"},{\"@type\":\"Organization\",\"@id\":\"https:\/\/ledsolintel.com\/#organization\",\"name\":\"Solintel Noroeste, S.L.\",\"url\":\"https:\/\/ledsolintel.com\/\",\"logo\":{\"@type\":\"ImageObject\",\"inLanguage\":\"fr-FR\",\"@id\":\"https:\/\/ledsolintel.com\/#\/schema\/logo\/image\/\",\"url\":\"https:\/\/ledsolintel.com\/wp-content\/uploads\/2024\/11\/webmenaje-logo-1508269066.jpg\",\"contentUrl\":\"https:\/\/ledsolintel.com\/wp-content\/uploads\/2024\/11\/webmenaje-logo-1508269066.jpg\",\"width\":370,\"height\":90,\"caption\":\"Solintel Noroeste, S.L.\"},\"image\":{\"@id\":\"https:\/\/ledsolintel.com\/#\/schema\/logo\/image\/\"},\"sameAs\":[\"http:\/\/www.facebook.com\/webmenaje\",\"https:\/\/x.com\/webmenaje\",\"https:\/\/www.youtube.com\/channel\/UCX2KoVoeCG4LocZjUc6LmSQ\",\"http:\/\/www.pinterest.com\/webmenaje\"]}]}<\/script>\n<!-- \/ Yoast SEO plugin. -->","yoast_head_json":{"title":"L\u00e1mpara vial solar VIASOL dimmable de Roblan","description":"L\u00e1mpara vial solar VIASOL de Roblan. placa solar y bater\u00eda para un alumbrado urbano eficiente y ecol\u00f3gico. Sensor para autorregular la intensidad luminosa","robots":{"index":"index","follow":"follow","max-snippet":"max-snippet:-1","max-image-preview":"max-image-preview:large","max-video-preview":"max-video-preview:-1"},"canonical":"https:\/\/ledsolintel.com\/fr\/produit-2\/lampara-vial-solar-viasol-40w-de-roblan\/","og_locale":"fr_FR","og_type":"article","og_title":"L\u00e1mpara vial solar VIASOL dimmable de Roblan","og_description":"L\u00e1mpara vial solar VIASOL de Roblan. placa solar y bater\u00eda para un alumbrado urbano eficiente y ecol\u00f3gico. Sensor para autorregular la intensidad luminosa","og_url":"https:\/\/ledsolintel.com\/fr\/produit-2\/lampara-vial-solar-viasol-40w-de-roblan\/","og_site_name":"Ledsolintel","article_publisher":"http:\/\/www.facebook.com\/webmenaje","og_image":[{"url":"https:\/\/ledsolintel.com\/wp-content\/uploads\/2021\/10\/13602-Lampara-vial-solar-VIASOL-DIMMABLE-de-Roblan.jpg","width":1,"height":1,"type":"image\/jpeg"}],"twitter_card":"summary_large_image","twitter_site":"@webmenaje","schema":{"@context":"https:\/\/schema.org","@graph":[{"@type":"WebPage","@id":"https:\/\/ledsolintel.com\/product\/lampara-vial-solar-viasol-40w-de-roblan\/","url":"https:\/\/ledsolintel.com\/product\/lampara-vial-solar-viasol-40w-de-roblan\/","name":"L\u00e1mpara vial solar VIASOL dimmable de Roblan","isPartOf":{"@id":"https:\/\/ledsolintel.com\/#website"},"primaryImageOfPage":{"@id":"https:\/\/ledsolintel.com\/product\/lampara-vial-solar-viasol-40w-de-roblan\/#primaryimage"},"image":{"@id":"https:\/\/ledsolintel.com\/product\/lampara-vial-solar-viasol-40w-de-roblan\/#primaryimage"},"thumbnailUrl":"https:\/\/ledsolintel.com\/wp-content\/uploads\/2021\/10\/13602-Lampara-vial-solar-VIASOL-DIMMABLE-de-Roblan.jpg","datePublished":"2021-10-18T14:36:08+00:00","description":"L\u00e1mpara vial solar VIASOL de Roblan. placa solar y bater\u00eda para un alumbrado urbano eficiente y ecol\u00f3gico. Sensor para autorregular la intensidad luminosa","breadcrumb":{"@id":"https:\/\/ledsolintel.com\/product\/lampara-vial-solar-viasol-40w-de-roblan\/#breadcrumb"},"inLanguage":"fr-FR","potentialAction":[{"@type":"ReadAction","target":["https:\/\/ledsolintel.com\/product\/lampara-vial-solar-viasol-40w-de-roblan\/"]}]},{"@type":"ImageObject","inLanguage":"fr-FR","@id":"https:\/\/ledsolintel.com\/product\/lampara-vial-solar-viasol-40w-de-roblan\/#primaryimage","url":"https:\/\/ledsolintel.com\/wp-content\/uploads\/2021\/10\/13602-Lampara-vial-solar-VIASOL-DIMMABLE-de-Roblan.jpg","contentUrl":"https:\/\/ledsolintel.com\/wp-content\/uploads\/2021\/10\/13602-Lampara-vial-solar-VIASOL-DIMMABLE-de-Roblan.jpg","caption":"L\u00e1mpara vial solar VIASOL DIMMABLE de Roblan"},{"@type":"BreadcrumbList","@id":"https:\/\/ledsolintel.com\/product\/lampara-vial-solar-viasol-40w-de-roblan\/#breadcrumb","itemListElement":[{"@type":"ListItem","position":1,"name":"Portada","item":"https:\/\/ledsolintel.com\/fr\/"},{"@type":"ListItem","position":2,"name":"Tienda","item":"https:\/\/ledsolintel.com\/tienda\/"},{"@type":"ListItem","position":3,"name":"L\u00e1mpara vial solar VIASOL DIMMABLE de Roblan"}]},{"@type":"WebSite","@id":"https:\/\/ledsolintel.com\/#website","url":"https:\/\/ledsolintel.com\/","name":"Webmenaje","description":"Magasin d'ampoules et de lampes LED pour les professionnels","publisher":{"@id":"https:\/\/ledsolintel.com\/#organization"},"potentialAction":[{"@type":"SearchAction","target":{"@type":"EntryPoint","urlTemplate":"https:\/\/ledsolintel.com\/?s={search_term_string}"},"query-input":{"@type":"PropertyValueSpecification","valueRequired":true,"valueName":"search_term_string"}}],"inLanguage":"fr-FR"},{"@type":"Organization","@id":"https:\/\/ledsolintel.com\/#organization","name":"Solintel Noroeste, S.L.","url":"https:\/\/ledsolintel.com\/","logo":{"@type":"ImageObject","inLanguage":"fr-FR","@id":"https:\/\/ledsolintel.com\/#\/schema\/logo\/image\/","url":"https:\/\/ledsolintel.com\/wp-content\/uploads\/2024\/11\/webmenaje-logo-1508269066.jpg","contentUrl":"https:\/\/ledsolintel.com\/wp-content\/uploads\/2024\/11\/webmenaje-logo-1508269066.jpg","width":370,"height":90,"caption":"Solintel Noroeste, S.L."},"image":{"@id":"https:\/\/ledsolintel.com\/#\/schema\/logo\/image\/"},"sameAs":["http:\/\/www.facebook.com\/webmenaje","https:\/\/x.com\/webmenaje","https:\/\/www.youtube.com\/channel\/UCX2KoVoeCG4LocZjUc6LmSQ","http:\/\/www.pinterest.com\/webmenaje"]}]}},"_links":{"self":[{"href":"https:\/\/ledsolintel.com\/fr\/wp-json\/wp\/v2\/product\/244631","targetHints":{"allow":["GET"]}}],"collection":[{"href":"https:\/\/ledsolintel.com\/fr\/wp-json\/wp\/v2\/product"}],"about":[{"href":"https:\/\/ledsolintel.com\/fr\/wp-json\/wp\/v2\/types\/product"}],"version-history":[{"count":0,"href":"https:\/\/ledsolintel.com\/fr\/wp-json\/wp\/v2\/product\/244631\/revisions"}],"wp:featuredmedia":[{"embeddable":true,"href":"https:\/\/ledsolintel.com\/fr\/wp-json\/wp\/v2\/media\/244630"}],"wp:attachment":[{"href":"https:\/\/ledsolintel.com\/fr\/wp-json\/wp\/v2\/media?parent=244631"}],"wp:term":[{"taxonomy":"product_brand","embeddable":true,"href":"https:\/\/ledsolintel.com\/fr\/wp-json\/wp\/v2\/product_brand?post=244631"},{"taxonomy":"product_cat","embeddable":true,"href":"https:\/\/ledsolintel.com\/fr\/wp-json\/wp\/v2\/product_cat?post=244631"},{"taxonomy":"product_tag","embeddable":true,"href":"https:\/\/ledsolintel.com\/fr\/wp-json\/wp\/v2\/product_tag?post=244631"}],"curies":[{"name":"wp","href":"https:\/\/api.w.org\/{rel}","templated":true}]}}