{"id":244625,"date":"2021-09-21T12:22:41","date_gmt":"2021-09-21T10:22:41","guid":{"rendered":"https:\/\/nueva.ledsolintel.com\/product\/campana-industrial-ufo-compact-de-yld\/"},"modified":"2021-09-21T12:22:41","modified_gmt":"2021-09-21T10:22:41","slug":"campana-industrial-ufo-compact-de-yld","status":"publish","type":"product","link":"https:\/\/ledsolintel.com\/fr\/produit-2\/campana-industrial-ufo-compact-de-yld\/","title":{"rendered":"YLD UFO COMPACT Capot industriel UFO COMPACT"},"content":{"rendered":"<h1>Campana industrial LED UFO COMPACT\u00a0de\u00a0YLD<\/h1>\n<h1><\/h1>\n<h2>LED\u00a0UFO COMPACT 150W de YLD:<\/h2>\n<ul>\n<li><strong>Puissance : 150 W<\/strong><\/li>\n<li>Voltaje:\u00a090-305 V<\/li>\n<li>Fr\u00e9quence : 50-60 Hz<\/li>\n<li><strong>Luminosidad:\u00a021 000\u00a0lm<\/strong><\/li>\n<li>Optique : 120\u00ba.<\/li>\n<li>CCT: 5000 K<\/li>\n<li>Protection IP65<\/li>\n<li>Protection IK08<\/li>\n<li>IRC &gt; 70<\/li>\n<li>Facteur de puissance &gt; 0,95<\/li>\n<li>Dimensiones:\u00a0215 x 161\u00a0mm<\/li>\n<li>Dimmable: 0-10 V<\/li>\n<\/ul>\n<p>\u00a0<\/p>\n<h2>LED\u00a0UFO COMPACT 200W de YLD:<\/h2>\n<ul>\n<li><strong>Puissance : 200 W<\/strong><\/li>\n<li>Voltaje:\u00a090-305\u00a0V<\/li>\n<li>Fr\u00e9quence : 50-60 Hz<\/li>\n<li><strong>Luminosidad:\u00a028 000\u00a0lm<\/strong><\/li>\n<li>Optique : 120\u00ba.<\/li>\n<li>CCT: 5000 K<\/li>\n<li>Protection IP65<\/li>\n<li>Protection IK08<\/li>\n<li>IRC &gt; 70<\/li>\n<li>Facteur de puissance &gt; 0,95<\/li>\n<li>Dimensiones:\u00a0245 x 172 mm<\/li>\n<li>Dimmable: 0-10 V<\/li>\n<\/ul>","protected":false},"excerpt":{"rendered":"<p>Campana industrial\u00a0UFO COMPACT de YLD.\u00a0Alta\u00a0eficiencia y gran durabilidad, resistente a\u00a0golpes, agua y polvo, con una vida \u00fatil de 50 000 horas.<\/p>\n<p>Opci\u00f3n econ\u00f3mica para iluminaci\u00f3n profesional en\u00a0naves industriales, zonas de transporte y otros lugares con altas exigencias de luz.<\/p>\n<p>Instalaci\u00f3n suspendida o\u00a0superficie.<\/p>","protected":false},"featured_media":244624,"template":"","meta":[],"product_brand":[99375],"product_cat":[99611,99577],"product_tag":[],"class_list":{"0":"post-244625","1":"product","2":"type-product","3":"status-publish","4":"has-post-thumbnail","6":"product_brand-yld","7":"product_cat-campanas-industriales-led","8":"product_cat-iluminacion-industrial-y-comercial","9":"pa_potencia-200w","10":"pa_potencia-150w","13":"instock","14":"taxable","15":"shipping-taxable","16":"purchasable","17":"product-type-variable","18":"has-default-attributes"},"yoast_head":"<!-- This site is optimized with the Yoast SEO plugin v26.6 - https:\/\/yoast.com\/wordpress\/plugins\/seo\/ -->\n<title>Campana industrial UFO COMPACT de YLD<\/title>\n<meta name=\"description\" content=\"Campana industrial UFO COMPACT de YLD. Alta eficiencia. Iluminaci\u00f3n profesional en naves industriales y otros espacios con altas exigencias de luz. Dimmable\" \/>\n<meta name=\"robots\" content=\"index, follow, max-snippet:-1, max-image-preview:large, max-video-preview:-1\" \/>\n<link rel=\"canonical\" href=\"https:\/\/ledsolintel.com\/fr\/produit-2\/campana-industrial-ufo-compact-de-yld\/\" \/>\n<meta property=\"og:locale\" content=\"fr_FR\" \/>\n<meta property=\"og:type\" content=\"article\" \/>\n<meta property=\"og:title\" content=\"Campana industrial UFO COMPACT de YLD\" \/>\n<meta property=\"og:description\" content=\"Campana industrial UFO COMPACT de YLD. Alta eficiencia. Iluminaci\u00f3n profesional en naves industriales y otros espacios con altas exigencias de luz. Dimmable\" \/>\n<meta property=\"og:url\" content=\"https:\/\/ledsolintel.com\/fr\/produit-2\/campana-industrial-ufo-compact-de-yld\/\" \/>\n<meta property=\"og:site_name\" content=\"Ledsolintel\" \/>\n<meta property=\"article:publisher\" content=\"http:\/\/www.facebook.com\/webmenaje\" \/>\n<meta property=\"og:image\" content=\"https:\/\/ledsolintel.com\/wp-content\/uploads\/2021\/09\/13094-Campana-industrial-UFO-COMPACT-de-YLD.jpg\" \/>\n\t<meta property=\"og:image:width\" content=\"1\" \/>\n\t<meta property=\"og:image:height\" content=\"1\" \/>\n\t<meta property=\"og:image:type\" content=\"image\/jpeg\" \/>\n<meta name=\"twitter:card\" content=\"summary_large_image\" \/>\n<meta name=\"twitter:site\" content=\"@webmenaje\" \/>\n<script type=\"application\/ld+json\" class=\"yoast-schema-graph\">{\"@context\":\"https:\/\/schema.org\",\"@graph\":[{\"@type\":\"WebPage\",\"@id\":\"https:\/\/ledsolintel.com\/product\/campana-industrial-ufo-compact-de-yld\/\",\"url\":\"https:\/\/ledsolintel.com\/product\/campana-industrial-ufo-compact-de-yld\/\",\"name\":\"Campana industrial UFO COMPACT de YLD\",\"isPartOf\":{\"@id\":\"https:\/\/ledsolintel.com\/#website\"},\"primaryImageOfPage\":{\"@id\":\"https:\/\/ledsolintel.com\/product\/campana-industrial-ufo-compact-de-yld\/#primaryimage\"},\"image\":{\"@id\":\"https:\/\/ledsolintel.com\/product\/campana-industrial-ufo-compact-de-yld\/#primaryimage\"},\"thumbnailUrl\":\"https:\/\/ledsolintel.com\/wp-content\/uploads\/2021\/09\/13094-Campana-industrial-UFO-COMPACT-de-YLD.jpg\",\"datePublished\":\"2021-09-21T10:22:41+00:00\",\"description\":\"Campana industrial UFO COMPACT de YLD. Alta eficiencia. Iluminaci\u00f3n profesional en naves industriales y otros espacios con altas exigencias de luz. Dimmable\",\"breadcrumb\":{\"@id\":\"https:\/\/ledsolintel.com\/product\/campana-industrial-ufo-compact-de-yld\/#breadcrumb\"},\"inLanguage\":\"fr-FR\",\"potentialAction\":[{\"@type\":\"ReadAction\",\"target\":[\"https:\/\/ledsolintel.com\/product\/campana-industrial-ufo-compact-de-yld\/\"]}]},{\"@type\":\"ImageObject\",\"inLanguage\":\"fr-FR\",\"@id\":\"https:\/\/ledsolintel.com\/product\/campana-industrial-ufo-compact-de-yld\/#primaryimage\",\"url\":\"https:\/\/ledsolintel.com\/wp-content\/uploads\/2021\/09\/13094-Campana-industrial-UFO-COMPACT-de-YLD.jpg\",\"contentUrl\":\"https:\/\/ledsolintel.com\/wp-content\/uploads\/2021\/09\/13094-Campana-industrial-UFO-COMPACT-de-YLD.jpg\",\"caption\":\"Campana industrial UFO COMPACT de YLD\"},{\"@type\":\"BreadcrumbList\",\"@id\":\"https:\/\/ledsolintel.com\/product\/campana-industrial-ufo-compact-de-yld\/#breadcrumb\",\"itemListElement\":[{\"@type\":\"ListItem\",\"position\":1,\"name\":\"Portada\",\"item\":\"https:\/\/ledsolintel.com\/fr\/\"},{\"@type\":\"ListItem\",\"position\":2,\"name\":\"Tienda\",\"item\":\"https:\/\/ledsolintel.com\/tienda\/\"},{\"@type\":\"ListItem\",\"position\":3,\"name\":\"Campana industrial UFO COMPACT de YLD\"}]},{\"@type\":\"WebSite\",\"@id\":\"https:\/\/ledsolintel.com\/#website\",\"url\":\"https:\/\/ledsolintel.com\/\",\"name\":\"Webmenaje\",\"description\":\"Tienda de bombillas y l\u00e1mparas LED para profesionales\",\"publisher\":{\"@id\":\"https:\/\/ledsolintel.com\/#organization\"},\"potentialAction\":[{\"@type\":\"SearchAction\",\"target\":{\"@type\":\"EntryPoint\",\"urlTemplate\":\"https:\/\/ledsolintel.com\/?s={search_term_string}\"},\"query-input\":{\"@type\":\"PropertyValueSpecification\",\"valueRequired\":true,\"valueName\":\"search_term_string\"}}],\"inLanguage\":\"fr-FR\"},{\"@type\":\"Organization\",\"@id\":\"https:\/\/ledsolintel.com\/#organization\",\"name\":\"Solintel Noroeste, S.L.\",\"url\":\"https:\/\/ledsolintel.com\/\",\"logo\":{\"@type\":\"ImageObject\",\"inLanguage\":\"fr-FR\",\"@id\":\"https:\/\/ledsolintel.com\/#\/schema\/logo\/image\/\",\"url\":\"https:\/\/ledsolintel.com\/wp-content\/uploads\/2024\/11\/webmenaje-logo-1508269066.jpg\",\"contentUrl\":\"https:\/\/ledsolintel.com\/wp-content\/uploads\/2024\/11\/webmenaje-logo-1508269066.jpg\",\"width\":370,\"height\":90,\"caption\":\"Solintel Noroeste, S.L.\"},\"image\":{\"@id\":\"https:\/\/ledsolintel.com\/#\/schema\/logo\/image\/\"},\"sameAs\":[\"http:\/\/www.facebook.com\/webmenaje\",\"https:\/\/x.com\/webmenaje\",\"https:\/\/www.youtube.com\/channel\/UCX2KoVoeCG4LocZjUc6LmSQ\",\"http:\/\/www.pinterest.com\/webmenaje\"]}]}<\/script>\n<!-- \/ Yoast SEO plugin. -->","yoast_head_json":{"title":"YLD UFO COMPACT Capot industriel UFO COMPACT","description":"Campana industrial UFO COMPACT de YLD. Alta eficiencia. Iluminaci\u00f3n profesional en naves industriales y otros espacios con altas exigencias de luz. Dimmable","robots":{"index":"index","follow":"follow","max-snippet":"max-snippet:-1","max-image-preview":"max-image-preview:large","max-video-preview":"max-video-preview:-1"},"canonical":"https:\/\/ledsolintel.com\/fr\/produit-2\/campana-industrial-ufo-compact-de-yld\/","og_locale":"fr_FR","og_type":"article","og_title":"Campana industrial UFO COMPACT de YLD","og_description":"Campana industrial UFO COMPACT de YLD. Alta eficiencia. Iluminaci\u00f3n profesional en naves industriales y otros espacios con altas exigencias de luz. Dimmable","og_url":"https:\/\/ledsolintel.com\/fr\/produit-2\/campana-industrial-ufo-compact-de-yld\/","og_site_name":"Ledsolintel","article_publisher":"http:\/\/www.facebook.com\/webmenaje","og_image":[{"url":"https:\/\/ledsolintel.com\/wp-content\/uploads\/2021\/09\/13094-Campana-industrial-UFO-COMPACT-de-YLD.jpg","width":1,"height":1,"type":"image\/jpeg"}],"twitter_card":"summary_large_image","twitter_site":"@webmenaje","schema":{"@context":"https:\/\/schema.org","@graph":[{"@type":"WebPage","@id":"https:\/\/ledsolintel.com\/product\/campana-industrial-ufo-compact-de-yld\/","url":"https:\/\/ledsolintel.com\/product\/campana-industrial-ufo-compact-de-yld\/","name":"YLD UFO COMPACT Capot industriel UFO COMPACT","isPartOf":{"@id":"https:\/\/ledsolintel.com\/#website"},"primaryImageOfPage":{"@id":"https:\/\/ledsolintel.com\/product\/campana-industrial-ufo-compact-de-yld\/#primaryimage"},"image":{"@id":"https:\/\/ledsolintel.com\/product\/campana-industrial-ufo-compact-de-yld\/#primaryimage"},"thumbnailUrl":"https:\/\/ledsolintel.com\/wp-content\/uploads\/2021\/09\/13094-Campana-industrial-UFO-COMPACT-de-YLD.jpg","datePublished":"2021-09-21T10:22:41+00:00","description":"Campana industrial UFO COMPACT de YLD. Alta eficiencia. Iluminaci\u00f3n profesional en naves industriales y otros espacios con altas exigencias de luz. Dimmable","breadcrumb":{"@id":"https:\/\/ledsolintel.com\/product\/campana-industrial-ufo-compact-de-yld\/#breadcrumb"},"inLanguage":"fr-FR","potentialAction":[{"@type":"ReadAction","target":["https:\/\/ledsolintel.com\/product\/campana-industrial-ufo-compact-de-yld\/"]}]},{"@type":"ImageObject","inLanguage":"fr-FR","@id":"https:\/\/ledsolintel.com\/product\/campana-industrial-ufo-compact-de-yld\/#primaryimage","url":"https:\/\/ledsolintel.com\/wp-content\/uploads\/2021\/09\/13094-Campana-industrial-UFO-COMPACT-de-YLD.jpg","contentUrl":"https:\/\/ledsolintel.com\/wp-content\/uploads\/2021\/09\/13094-Campana-industrial-UFO-COMPACT-de-YLD.jpg","caption":"Campana industrial UFO COMPACT de YLD"},{"@type":"BreadcrumbList","@id":"https:\/\/ledsolintel.com\/product\/campana-industrial-ufo-compact-de-yld\/#breadcrumb","itemListElement":[{"@type":"ListItem","position":1,"name":"Portada","item":"https:\/\/ledsolintel.com\/fr\/"},{"@type":"ListItem","position":2,"name":"Tienda","item":"https:\/\/ledsolintel.com\/tienda\/"},{"@type":"ListItem","position":3,"name":"Campana industrial UFO COMPACT de YLD"}]},{"@type":"WebSite","@id":"https:\/\/ledsolintel.com\/#website","url":"https:\/\/ledsolintel.com\/","name":"Webmenaje","description":"Magasin d'ampoules et de lampes LED pour les professionnels","publisher":{"@id":"https:\/\/ledsolintel.com\/#organization"},"potentialAction":[{"@type":"SearchAction","target":{"@type":"EntryPoint","urlTemplate":"https:\/\/ledsolintel.com\/?s={search_term_string}"},"query-input":{"@type":"PropertyValueSpecification","valueRequired":true,"valueName":"search_term_string"}}],"inLanguage":"fr-FR"},{"@type":"Organization","@id":"https:\/\/ledsolintel.com\/#organization","name":"Solintel Noroeste, S.L.","url":"https:\/\/ledsolintel.com\/","logo":{"@type":"ImageObject","inLanguage":"fr-FR","@id":"https:\/\/ledsolintel.com\/#\/schema\/logo\/image\/","url":"https:\/\/ledsolintel.com\/wp-content\/uploads\/2024\/11\/webmenaje-logo-1508269066.jpg","contentUrl":"https:\/\/ledsolintel.com\/wp-content\/uploads\/2024\/11\/webmenaje-logo-1508269066.jpg","width":370,"height":90,"caption":"Solintel Noroeste, S.L."},"image":{"@id":"https:\/\/ledsolintel.com\/#\/schema\/logo\/image\/"},"sameAs":["http:\/\/www.facebook.com\/webmenaje","https:\/\/x.com\/webmenaje","https:\/\/www.youtube.com\/channel\/UCX2KoVoeCG4LocZjUc6LmSQ","http:\/\/www.pinterest.com\/webmenaje"]}]}},"_links":{"self":[{"href":"https:\/\/ledsolintel.com\/fr\/wp-json\/wp\/v2\/product\/244625","targetHints":{"allow":["GET"]}}],"collection":[{"href":"https:\/\/ledsolintel.com\/fr\/wp-json\/wp\/v2\/product"}],"about":[{"href":"https:\/\/ledsolintel.com\/fr\/wp-json\/wp\/v2\/types\/product"}],"version-history":[{"count":0,"href":"https:\/\/ledsolintel.com\/fr\/wp-json\/wp\/v2\/product\/244625\/revisions"}],"wp:featuredmedia":[{"embeddable":true,"href":"https:\/\/ledsolintel.com\/fr\/wp-json\/wp\/v2\/media\/244624"}],"wp:attachment":[{"href":"https:\/\/ledsolintel.com\/fr\/wp-json\/wp\/v2\/media?parent=244625"}],"wp:term":[{"taxonomy":"product_brand","embeddable":true,"href":"https:\/\/ledsolintel.com\/fr\/wp-json\/wp\/v2\/product_brand?post=244625"},{"taxonomy":"product_cat","embeddable":true,"href":"https:\/\/ledsolintel.com\/fr\/wp-json\/wp\/v2\/product_cat?post=244625"},{"taxonomy":"product_tag","embeddable":true,"href":"https:\/\/ledsolintel.com\/fr\/wp-json\/wp\/v2\/product_tag?post=244625"}],"curies":[{"name":"wp","href":"https:\/\/api.w.org\/{rel}","templated":true}]}}