{"id":244594,"date":"2021-08-27T18:42:39","date_gmt":"2021-08-27T16:42:39","guid":{"rendered":"https:\/\/nueva.ledsolintel.com\/product\/campana-industrial-led-quark-d2-200w-de-roblan\/"},"modified":"2021-08-27T18:42:39","modified_gmt":"2021-08-27T16:42:39","slug":"campana-industrial-led-quark-d2-200w-de-roblan","status":"publish","type":"product","link":"https:\/\/ledsolintel.com\/fr\/produit-2\/campana-industrial-led-quark-d2-200w-de-roblan\/","title":{"rendered":"Roblan QUARK D2 200W LED hotte industrielle"},"content":{"rendered":"<h1>Roblan QUARK D2 200W LED hotte industrielle<\/h1>\n<ul>\n<li>Puissance : 200 W<\/li>\n<li>Tension : 220 - 240 V<\/li>\n<li>Fr\u00e9quence : 50-60 Hz<\/li>\n<li>Luminance : 26 000 lm<\/li>\n<li>Optique : 120\u00ba.<\/li>\n<li>CCT :\n<ul>\n<li>4000 K<\/li>\n<li>6000 K<\/li>\n<\/ul>\n<\/li>\n<li>Protection IP65<\/li>\n<li>Protection IK08<\/li>\n<li>IRC &gt; 80<\/li>\n<li>Facteur de puissance &gt; 0,90<\/li>\n<li>Dimensions : 136 x 310 mm<\/li>\n<\/ul>","protected":false},"excerpt":{"rendered":"<p>Hotte industrielle Roblan QUARK D2 LED. Efficacit\u00e9 \u00e9norme pour les endroits o\u00f9 les besoins en lumi\u00e8re sont \u00e9lev\u00e9s. Grande durabilit\u00e9 gr\u00e2ce \u00e0 sa r\u00e9sistance aux chocs, \u00e0 l'eau et \u00e0 la poussi\u00e8re, et \u00e0 sa dur\u00e9e de vie de 50 000 heures.\u00a0<\/p>\n<p>Il peut \u00eatre suspendu ou mont\u00e9 en surface.<\/p>\n<p>La gamme la plus \u00e9conomique de hottes \u00e0 LED.<\/p>","protected":false},"featured_media":244592,"template":"","meta":[],"product_brand":[99355],"product_cat":[99611,99577],"product_tag":[],"class_list":{"0":"post-244594","1":"product","2":"type-product","3":"status-publish","4":"has-post-thumbnail","6":"product_brand-roblan","7":"product_cat-campanas-industriales-led","8":"product_cat-iluminacion-industrial-y-comercial","9":"pa_cct-4000k","10":"pa_cct-6000k","13":"instock","14":"taxable","15":"shipping-taxable","16":"purchasable","17":"product-type-variable","18":"has-default-attributes"},"yoast_head":"<!-- This site is optimized with the Yoast SEO plugin v26.6 - https:\/\/yoast.com\/wordpress\/plugins\/seo\/ -->\n<title>Campana industrial LED QUARK D2 200W de Roblan<\/title>\n<meta name=\"description\" content=\"Campana industrial LED QUARK D2 de Roblan. 200W, 26000 l\u00famenes gran eficiencia para iluminaci\u00f3n profesional con altas exigencias de luz\" \/>\n<meta name=\"robots\" content=\"index, follow, max-snippet:-1, max-image-preview:large, max-video-preview:-1\" \/>\n<link rel=\"canonical\" href=\"https:\/\/ledsolintel.com\/fr\/produit-2\/campana-industrial-led-quark-d2-200w-de-roblan\/\" \/>\n<meta property=\"og:locale\" content=\"fr_FR\" \/>\n<meta property=\"og:type\" content=\"article\" \/>\n<meta property=\"og:title\" content=\"Campana industrial LED QUARK D2 200W de Roblan\" \/>\n<meta property=\"og:description\" content=\"Campana industrial LED QUARK D2 de Roblan. 200W, 26000 l\u00famenes gran eficiencia para iluminaci\u00f3n profesional con altas exigencias de luz\" \/>\n<meta property=\"og:url\" content=\"https:\/\/ledsolintel.com\/fr\/produit-2\/campana-industrial-led-quark-d2-200w-de-roblan\/\" \/>\n<meta property=\"og:site_name\" content=\"Ledsolintel\" \/>\n<meta property=\"article:publisher\" content=\"http:\/\/www.facebook.com\/webmenaje\" \/>\n<meta property=\"og:image\" content=\"https:\/\/ledsolintel.com\/wp-content\/uploads\/2021\/08\/20432-Campana-industrial-LED-QUARK-D2-200W-de-Roblan.jpg\" \/>\n\t<meta property=\"og:image:width\" content=\"1\" \/>\n\t<meta property=\"og:image:height\" content=\"1\" \/>\n\t<meta property=\"og:image:type\" content=\"image\/jpeg\" \/>\n<meta name=\"twitter:card\" content=\"summary_large_image\" \/>\n<meta name=\"twitter:site\" content=\"@webmenaje\" \/>\n<script type=\"application\/ld+json\" class=\"yoast-schema-graph\">{\"@context\":\"https:\/\/schema.org\",\"@graph\":[{\"@type\":\"WebPage\",\"@id\":\"https:\/\/ledsolintel.com\/product\/campana-industrial-led-quark-d2-200w-de-roblan\/\",\"url\":\"https:\/\/ledsolintel.com\/product\/campana-industrial-led-quark-d2-200w-de-roblan\/\",\"name\":\"Campana industrial LED QUARK D2 200W de Roblan\",\"isPartOf\":{\"@id\":\"https:\/\/ledsolintel.com\/#website\"},\"primaryImageOfPage\":{\"@id\":\"https:\/\/ledsolintel.com\/product\/campana-industrial-led-quark-d2-200w-de-roblan\/#primaryimage\"},\"image\":{\"@id\":\"https:\/\/ledsolintel.com\/product\/campana-industrial-led-quark-d2-200w-de-roblan\/#primaryimage\"},\"thumbnailUrl\":\"https:\/\/ledsolintel.com\/wp-content\/uploads\/2021\/08\/20432-Campana-industrial-LED-QUARK-D2-200W-de-Roblan.jpg\",\"datePublished\":\"2021-08-27T16:42:39+00:00\",\"description\":\"Campana industrial LED QUARK D2 de Roblan. 200W, 26000 l\u00famenes gran eficiencia para iluminaci\u00f3n profesional con altas exigencias de luz\",\"breadcrumb\":{\"@id\":\"https:\/\/ledsolintel.com\/product\/campana-industrial-led-quark-d2-200w-de-roblan\/#breadcrumb\"},\"inLanguage\":\"fr-FR\",\"potentialAction\":[{\"@type\":\"ReadAction\",\"target\":[\"https:\/\/ledsolintel.com\/product\/campana-industrial-led-quark-d2-200w-de-roblan\/\"]}]},{\"@type\":\"ImageObject\",\"inLanguage\":\"fr-FR\",\"@id\":\"https:\/\/ledsolintel.com\/product\/campana-industrial-led-quark-d2-200w-de-roblan\/#primaryimage\",\"url\":\"https:\/\/ledsolintel.com\/wp-content\/uploads\/2021\/08\/20432-Campana-industrial-LED-QUARK-D2-200W-de-Roblan.jpg\",\"contentUrl\":\"https:\/\/ledsolintel.com\/wp-content\/uploads\/2021\/08\/20432-Campana-industrial-LED-QUARK-D2-200W-de-Roblan.jpg\",\"caption\":\"Campana industrial LED QUARK D2 200W de Roblan\"},{\"@type\":\"BreadcrumbList\",\"@id\":\"https:\/\/ledsolintel.com\/product\/campana-industrial-led-quark-d2-200w-de-roblan\/#breadcrumb\",\"itemListElement\":[{\"@type\":\"ListItem\",\"position\":1,\"name\":\"Portada\",\"item\":\"https:\/\/ledsolintel.com\/fr\/\"},{\"@type\":\"ListItem\",\"position\":2,\"name\":\"Tienda\",\"item\":\"https:\/\/ledsolintel.com\/tienda\/\"},{\"@type\":\"ListItem\",\"position\":3,\"name\":\"Campana industrial LED QUARK D2 200W de Roblan\"}]},{\"@type\":\"WebSite\",\"@id\":\"https:\/\/ledsolintel.com\/#website\",\"url\":\"https:\/\/ledsolintel.com\/\",\"name\":\"Webmenaje\",\"description\":\"Tienda de bombillas y l\u00e1mparas LED para profesionales\",\"publisher\":{\"@id\":\"https:\/\/ledsolintel.com\/#organization\"},\"potentialAction\":[{\"@type\":\"SearchAction\",\"target\":{\"@type\":\"EntryPoint\",\"urlTemplate\":\"https:\/\/ledsolintel.com\/?s={search_term_string}\"},\"query-input\":{\"@type\":\"PropertyValueSpecification\",\"valueRequired\":true,\"valueName\":\"search_term_string\"}}],\"inLanguage\":\"fr-FR\"},{\"@type\":\"Organization\",\"@id\":\"https:\/\/ledsolintel.com\/#organization\",\"name\":\"Solintel Noroeste, S.L.\",\"url\":\"https:\/\/ledsolintel.com\/\",\"logo\":{\"@type\":\"ImageObject\",\"inLanguage\":\"fr-FR\",\"@id\":\"https:\/\/ledsolintel.com\/#\/schema\/logo\/image\/\",\"url\":\"https:\/\/ledsolintel.com\/wp-content\/uploads\/2024\/11\/webmenaje-logo-1508269066.jpg\",\"contentUrl\":\"https:\/\/ledsolintel.com\/wp-content\/uploads\/2024\/11\/webmenaje-logo-1508269066.jpg\",\"width\":370,\"height\":90,\"caption\":\"Solintel Noroeste, S.L.\"},\"image\":{\"@id\":\"https:\/\/ledsolintel.com\/#\/schema\/logo\/image\/\"},\"sameAs\":[\"http:\/\/www.facebook.com\/webmenaje\",\"https:\/\/x.com\/webmenaje\",\"https:\/\/www.youtube.com\/channel\/UCX2KoVoeCG4LocZjUc6LmSQ\",\"http:\/\/www.pinterest.com\/webmenaje\"]}]}<\/script>\n<!-- \/ Yoast SEO plugin. -->","yoast_head_json":{"title":"Roblan QUARK D2 200W LED hotte industrielle","description":"Campana industrial LED QUARK D2 de Roblan. 200W, 26000 l\u00famenes gran eficiencia para iluminaci\u00f3n profesional con altas exigencias de luz","robots":{"index":"index","follow":"follow","max-snippet":"max-snippet:-1","max-image-preview":"max-image-preview:large","max-video-preview":"max-video-preview:-1"},"canonical":"https:\/\/ledsolintel.com\/fr\/produit-2\/campana-industrial-led-quark-d2-200w-de-roblan\/","og_locale":"fr_FR","og_type":"article","og_title":"Campana industrial LED QUARK D2 200W de Roblan","og_description":"Campana industrial LED QUARK D2 de Roblan. 200W, 26000 l\u00famenes gran eficiencia para iluminaci\u00f3n profesional con altas exigencias de luz","og_url":"https:\/\/ledsolintel.com\/fr\/produit-2\/campana-industrial-led-quark-d2-200w-de-roblan\/","og_site_name":"Ledsolintel","article_publisher":"http:\/\/www.facebook.com\/webmenaje","og_image":[{"url":"https:\/\/ledsolintel.com\/wp-content\/uploads\/2021\/08\/20432-Campana-industrial-LED-QUARK-D2-200W-de-Roblan.jpg","width":1,"height":1,"type":"image\/jpeg"}],"twitter_card":"summary_large_image","twitter_site":"@webmenaje","schema":{"@context":"https:\/\/schema.org","@graph":[{"@type":"WebPage","@id":"https:\/\/ledsolintel.com\/product\/campana-industrial-led-quark-d2-200w-de-roblan\/","url":"https:\/\/ledsolintel.com\/product\/campana-industrial-led-quark-d2-200w-de-roblan\/","name":"Roblan QUARK D2 200W LED hotte industrielle","isPartOf":{"@id":"https:\/\/ledsolintel.com\/#website"},"primaryImageOfPage":{"@id":"https:\/\/ledsolintel.com\/product\/campana-industrial-led-quark-d2-200w-de-roblan\/#primaryimage"},"image":{"@id":"https:\/\/ledsolintel.com\/product\/campana-industrial-led-quark-d2-200w-de-roblan\/#primaryimage"},"thumbnailUrl":"https:\/\/ledsolintel.com\/wp-content\/uploads\/2021\/08\/20432-Campana-industrial-LED-QUARK-D2-200W-de-Roblan.jpg","datePublished":"2021-08-27T16:42:39+00:00","description":"Campana industrial LED QUARK D2 de Roblan. 200W, 26000 l\u00famenes gran eficiencia para iluminaci\u00f3n profesional con altas exigencias de luz","breadcrumb":{"@id":"https:\/\/ledsolintel.com\/product\/campana-industrial-led-quark-d2-200w-de-roblan\/#breadcrumb"},"inLanguage":"fr-FR","potentialAction":[{"@type":"ReadAction","target":["https:\/\/ledsolintel.com\/product\/campana-industrial-led-quark-d2-200w-de-roblan\/"]}]},{"@type":"ImageObject","inLanguage":"fr-FR","@id":"https:\/\/ledsolintel.com\/product\/campana-industrial-led-quark-d2-200w-de-roblan\/#primaryimage","url":"https:\/\/ledsolintel.com\/wp-content\/uploads\/2021\/08\/20432-Campana-industrial-LED-QUARK-D2-200W-de-Roblan.jpg","contentUrl":"https:\/\/ledsolintel.com\/wp-content\/uploads\/2021\/08\/20432-Campana-industrial-LED-QUARK-D2-200W-de-Roblan.jpg","caption":"Campana industrial LED QUARK D2 200W de Roblan"},{"@type":"BreadcrumbList","@id":"https:\/\/ledsolintel.com\/product\/campana-industrial-led-quark-d2-200w-de-roblan\/#breadcrumb","itemListElement":[{"@type":"ListItem","position":1,"name":"Portada","item":"https:\/\/ledsolintel.com\/fr\/"},{"@type":"ListItem","position":2,"name":"Tienda","item":"https:\/\/ledsolintel.com\/tienda\/"},{"@type":"ListItem","position":3,"name":"Campana industrial LED QUARK D2 200W de Roblan"}]},{"@type":"WebSite","@id":"https:\/\/ledsolintel.com\/#website","url":"https:\/\/ledsolintel.com\/","name":"Webmenaje","description":"Magasin d'ampoules et de lampes LED pour les professionnels","publisher":{"@id":"https:\/\/ledsolintel.com\/#organization"},"potentialAction":[{"@type":"SearchAction","target":{"@type":"EntryPoint","urlTemplate":"https:\/\/ledsolintel.com\/?s={search_term_string}"},"query-input":{"@type":"PropertyValueSpecification","valueRequired":true,"valueName":"search_term_string"}}],"inLanguage":"fr-FR"},{"@type":"Organization","@id":"https:\/\/ledsolintel.com\/#organization","name":"Solintel Noroeste, S.L.","url":"https:\/\/ledsolintel.com\/","logo":{"@type":"ImageObject","inLanguage":"fr-FR","@id":"https:\/\/ledsolintel.com\/#\/schema\/logo\/image\/","url":"https:\/\/ledsolintel.com\/wp-content\/uploads\/2024\/11\/webmenaje-logo-1508269066.jpg","contentUrl":"https:\/\/ledsolintel.com\/wp-content\/uploads\/2024\/11\/webmenaje-logo-1508269066.jpg","width":370,"height":90,"caption":"Solintel Noroeste, S.L."},"image":{"@id":"https:\/\/ledsolintel.com\/#\/schema\/logo\/image\/"},"sameAs":["http:\/\/www.facebook.com\/webmenaje","https:\/\/x.com\/webmenaje","https:\/\/www.youtube.com\/channel\/UCX2KoVoeCG4LocZjUc6LmSQ","http:\/\/www.pinterest.com\/webmenaje"]}]}},"_links":{"self":[{"href":"https:\/\/ledsolintel.com\/fr\/wp-json\/wp\/v2\/product\/244594","targetHints":{"allow":["GET"]}}],"collection":[{"href":"https:\/\/ledsolintel.com\/fr\/wp-json\/wp\/v2\/product"}],"about":[{"href":"https:\/\/ledsolintel.com\/fr\/wp-json\/wp\/v2\/types\/product"}],"version-history":[{"count":0,"href":"https:\/\/ledsolintel.com\/fr\/wp-json\/wp\/v2\/product\/244594\/revisions"}],"wp:featuredmedia":[{"embeddable":true,"href":"https:\/\/ledsolintel.com\/fr\/wp-json\/wp\/v2\/media\/244592"}],"wp:attachment":[{"href":"https:\/\/ledsolintel.com\/fr\/wp-json\/wp\/v2\/media?parent=244594"}],"wp:term":[{"taxonomy":"product_brand","embeddable":true,"href":"https:\/\/ledsolintel.com\/fr\/wp-json\/wp\/v2\/product_brand?post=244594"},{"taxonomy":"product_cat","embeddable":true,"href":"https:\/\/ledsolintel.com\/fr\/wp-json\/wp\/v2\/product_cat?post=244594"},{"taxonomy":"product_tag","embeddable":true,"href":"https:\/\/ledsolintel.com\/fr\/wp-json\/wp\/v2\/product_tag?post=244594"}],"curies":[{"name":"wp","href":"https:\/\/api.w.org\/{rel}","templated":true}]}}