{"id":244591,"date":"2021-08-05T11:14:50","date_gmt":"2021-08-05T09:14:50","guid":{"rendered":"https:\/\/nueva.ledsolintel.com\/product\/baliza-emergencia-led-de-unifersa\/"},"modified":"2025-12-12T17:19:34","modified_gmt":"2025-12-12T16:19:34","slug":"baliza-emergencia-led-de-unifersa","status":"publish","type":"product","link":"https:\/\/ledsolintel.com\/fr\/produit-2\/baliza-emergencia-led-de-unifersa\/","title":{"rendered":"BALISE DE D\u00c9TRESSE UNIFERSA LED"},"content":{"rendered":"<p><span>BALISE DE D\u00c9TRESSE UNIFERSA LED<\/span><\/p>\n<p><span>Homologado de conformidad con la Normativa de Seguridad Vial vigente para V16 con el n\u00famero IDIADA PC20070125 incorporado en la misma carcasa, seg\u00fan marca norma.<\/span><br \/><span>Patrones de destello: destello triple con luz amarillo auto; luz blanca 360\u00b0; off.<\/span><br \/><span>Color de leds: amarillo auto y blanco 360\u00b0<\/span><br \/><span>N\u00ba de leds: 12xLED<\/span><br \/><span>Alimentaci\u00f3n: bater\u00eda 9V 6LR61 (inclu\u00edda).<\/span><br \/><span>Caracter\u00edsticas: m\u00e1xima comodidad y sencillez de uso; visible a 1 km y en 360\u00ba; ligero, compacto y f\u00e1cil de guardar; aut\u00f3nomo y sin cables; IP55.<\/span><\/p>","protected":false},"excerpt":{"rendered":"<p><span>BALISE DE D\u00c9TRESSE UNIFERSA LED<\/span><\/p>\n<p><span>Patrones de destello: destello triple con luz amarillo auto; luz blanca 360\u00b0; off.<\/span><br \/><span>Color de leds: amarillo auto y blanco 360\u00b0<\/span><br \/><span>N\u00ba de leds: 12xLED<\/span><br \/><span>Alimentaci\u00f3n: bater\u00eda 9V 6LR61 (inclu\u00edda).<\/span><br \/><span>Caracter\u00edsticas: m\u00e1xima comodidad y sencillez de uso; visible a 1 km y en 360\u00ba; ligero, compacto y f\u00e1cil de guardar; aut\u00f3nomo y sin cables; IP55.<\/span><\/p>","protected":false},"featured_media":244590,"template":"","meta":[],"product_brand":[],"product_cat":[99579,99603,99571,99675,99655,99575,99577,99573,99591,99595,99593,99583,99585,99581,99587],"product_tag":[],"class_list":{"0":"post-244591","1":"product","2":"type-product","3":"status-publish","4":"has-post-thumbnail","6":"product_cat-iluminacion-vial","7":"product_cat-apliques-para-exterior","8":"product_cat-bombillas-led","9":"product_cat-bombillas-r7s","10":"product_cat-drivers-y-accesorios-para-tiras-de-led","11":"product_cat-iluminacion-para-jardines-y-exteriores","12":"product_cat-iluminacion-industrial-y-comercial","13":"product_cat-iluminacion-interior","14":"product_cat-lamparas-con-cargador","15":"product_cat-lamparas-con-color-de-luz-regulable","16":"product_cat-lamparas-dimmables","17":"product_cat-lamparas-portatiles","18":"product_cat-luces-de-emergencia","19":"product_cat-tiras-de-led-perfiles-drivers-y-accesorios","20":"product_cat-ventiladores","23":"outofstock","24":"taxable","25":"shipping-taxable","26":"purchasable","27":"product-type-simple"},"yoast_head":"<!-- This site is optimized with the Yoast SEO plugin v26.6 - https:\/\/yoast.com\/wordpress\/plugins\/seo\/ -->\n<title>BALIZA EMERGENCIA LED DE UNIFERSA<\/title>\n<meta name=\"robots\" content=\"index, follow, max-snippet:-1, max-image-preview:large, max-video-preview:-1\" \/>\n<link rel=\"canonical\" href=\"https:\/\/ledsolintel.com\/fr\/produit-2\/baliza-emergencia-led-de-unifersa\/\" \/>\n<meta property=\"og:locale\" content=\"fr_FR\" \/>\n<meta property=\"og:type\" content=\"article\" \/>\n<meta property=\"og:title\" content=\"BALIZA EMERGENCIA LED DE UNIFERSA\" \/>\n<meta property=\"og:description\" content=\"BALIZA EMERGENCIA LED DE UNIFERSA Patrones de destello: destello triple con luz amarillo auto; luz blanca 360\u00b0; off.Color de leds: amarillo auto y blanco 360\u00b0N\u00ba de leds: 12xLEDAlimentaci\u00f3n: bater\u00eda 9V 6LR61 (inclu\u00edda).Caracter\u00edsticas: m\u00e1xima comodidad y sencillez de uso; visible a 1 km y en 360\u00ba; ligero, compacto y f\u00e1cil de guardar; aut\u00f3nomo y sin cables; IP55.\" \/>\n<meta property=\"og:url\" content=\"https:\/\/ledsolintel.com\/fr\/produit-2\/baliza-emergencia-led-de-unifersa\/\" \/>\n<meta property=\"og:site_name\" content=\"Ledsolintel\" \/>\n<meta property=\"article:publisher\" content=\"http:\/\/www.facebook.com\/webmenaje\" \/>\n<meta property=\"article:modified_time\" content=\"2025-12-12T16:19:34+00:00\" \/>\n<meta property=\"og:image\" content=\"https:\/\/ledsolintel.com\/wp-content\/uploads\/2021\/08\/12711-BALIZA-EMERGENCIA-LED-DE-UNIFERSA.jpg\" \/>\n\t<meta property=\"og:image:width\" content=\"1\" \/>\n\t<meta property=\"og:image:height\" content=\"1\" \/>\n\t<meta property=\"og:image:type\" content=\"image\/jpeg\" \/>\n<meta name=\"twitter:card\" content=\"summary_large_image\" \/>\n<meta name=\"twitter:site\" content=\"@webmenaje\" \/>\n<script type=\"application\/ld+json\" class=\"yoast-schema-graph\">{\"@context\":\"https:\/\/schema.org\",\"@graph\":[{\"@type\":\"WebPage\",\"@id\":\"https:\/\/ledsolintel.com\/product\/baliza-emergencia-led-de-unifersa\/\",\"url\":\"https:\/\/ledsolintel.com\/product\/baliza-emergencia-led-de-unifersa\/\",\"name\":\"BALIZA EMERGENCIA LED DE UNIFERSA\",\"isPartOf\":{\"@id\":\"https:\/\/ledsolintel.com\/#website\"},\"primaryImageOfPage\":{\"@id\":\"https:\/\/ledsolintel.com\/product\/baliza-emergencia-led-de-unifersa\/#primaryimage\"},\"image\":{\"@id\":\"https:\/\/ledsolintel.com\/product\/baliza-emergencia-led-de-unifersa\/#primaryimage\"},\"thumbnailUrl\":\"https:\/\/ledsolintel.com\/wp-content\/uploads\/2021\/08\/12711-BALIZA-EMERGENCIA-LED-DE-UNIFERSA.jpg\",\"datePublished\":\"2021-08-05T09:14:50+00:00\",\"dateModified\":\"2025-12-12T16:19:34+00:00\",\"breadcrumb\":{\"@id\":\"https:\/\/ledsolintel.com\/product\/baliza-emergencia-led-de-unifersa\/#breadcrumb\"},\"inLanguage\":\"fr-FR\",\"potentialAction\":[{\"@type\":\"ReadAction\",\"target\":[\"https:\/\/ledsolintel.com\/product\/baliza-emergencia-led-de-unifersa\/\"]}]},{\"@type\":\"ImageObject\",\"inLanguage\":\"fr-FR\",\"@id\":\"https:\/\/ledsolintel.com\/product\/baliza-emergencia-led-de-unifersa\/#primaryimage\",\"url\":\"https:\/\/ledsolintel.com\/wp-content\/uploads\/2021\/08\/12711-BALIZA-EMERGENCIA-LED-DE-UNIFERSA.jpg\",\"contentUrl\":\"https:\/\/ledsolintel.com\/wp-content\/uploads\/2021\/08\/12711-BALIZA-EMERGENCIA-LED-DE-UNIFERSA.jpg\",\"caption\":\"BALIZA EMERGENCIA LED DE UNIFERSA\"},{\"@type\":\"BreadcrumbList\",\"@id\":\"https:\/\/ledsolintel.com\/product\/baliza-emergencia-led-de-unifersa\/#breadcrumb\",\"itemListElement\":[{\"@type\":\"ListItem\",\"position\":1,\"name\":\"Portada\",\"item\":\"https:\/\/ledsolintel.com\/fr\/\"},{\"@type\":\"ListItem\",\"position\":2,\"name\":\"Tienda\",\"item\":\"https:\/\/ledsolintel.com\/tienda\/\"},{\"@type\":\"ListItem\",\"position\":3,\"name\":\"BALIZA EMERGENCIA LED DE UNIFERSA\"}]},{\"@type\":\"WebSite\",\"@id\":\"https:\/\/ledsolintel.com\/#website\",\"url\":\"https:\/\/ledsolintel.com\/\",\"name\":\"Webmenaje\",\"description\":\"Tienda de bombillas y l\u00e1mparas LED para profesionales\",\"publisher\":{\"@id\":\"https:\/\/ledsolintel.com\/#organization\"},\"potentialAction\":[{\"@type\":\"SearchAction\",\"target\":{\"@type\":\"EntryPoint\",\"urlTemplate\":\"https:\/\/ledsolintel.com\/?s={search_term_string}\"},\"query-input\":{\"@type\":\"PropertyValueSpecification\",\"valueRequired\":true,\"valueName\":\"search_term_string\"}}],\"inLanguage\":\"fr-FR\"},{\"@type\":\"Organization\",\"@id\":\"https:\/\/ledsolintel.com\/#organization\",\"name\":\"Solintel Noroeste, S.L.\",\"url\":\"https:\/\/ledsolintel.com\/\",\"logo\":{\"@type\":\"ImageObject\",\"inLanguage\":\"fr-FR\",\"@id\":\"https:\/\/ledsolintel.com\/#\/schema\/logo\/image\/\",\"url\":\"https:\/\/ledsolintel.com\/wp-content\/uploads\/2024\/11\/webmenaje-logo-1508269066.jpg\",\"contentUrl\":\"https:\/\/ledsolintel.com\/wp-content\/uploads\/2024\/11\/webmenaje-logo-1508269066.jpg\",\"width\":370,\"height\":90,\"caption\":\"Solintel Noroeste, S.L.\"},\"image\":{\"@id\":\"https:\/\/ledsolintel.com\/#\/schema\/logo\/image\/\"},\"sameAs\":[\"http:\/\/www.facebook.com\/webmenaje\",\"https:\/\/x.com\/webmenaje\",\"https:\/\/www.youtube.com\/channel\/UCX2KoVoeCG4LocZjUc6LmSQ\",\"http:\/\/www.pinterest.com\/webmenaje\"]}]}<\/script>\n<!-- \/ Yoast SEO plugin. -->","yoast_head_json":{"title":"BALISE DE D\u00c9TRESSE UNIFERSA LED","robots":{"index":"index","follow":"follow","max-snippet":"max-snippet:-1","max-image-preview":"max-image-preview:large","max-video-preview":"max-video-preview:-1"},"canonical":"https:\/\/ledsolintel.com\/fr\/produit-2\/baliza-emergencia-led-de-unifersa\/","og_locale":"fr_FR","og_type":"article","og_title":"BALIZA EMERGENCIA LED DE UNIFERSA","og_description":"BALIZA EMERGENCIA LED DE UNIFERSA Patrones de destello: destello triple con luz amarillo auto; luz blanca 360\u00b0; off.Color de leds: amarillo auto y blanco 360\u00b0N\u00ba de leds: 12xLEDAlimentaci\u00f3n: bater\u00eda 9V 6LR61 (inclu\u00edda).Caracter\u00edsticas: m\u00e1xima comodidad y sencillez de uso; visible a 1 km y en 360\u00ba; ligero, compacto y f\u00e1cil de guardar; aut\u00f3nomo y sin cables; IP55.","og_url":"https:\/\/ledsolintel.com\/fr\/produit-2\/baliza-emergencia-led-de-unifersa\/","og_site_name":"Ledsolintel","article_publisher":"http:\/\/www.facebook.com\/webmenaje","article_modified_time":"2025-12-12T16:19:34+00:00","og_image":[{"url":"https:\/\/ledsolintel.com\/wp-content\/uploads\/2021\/08\/12711-BALIZA-EMERGENCIA-LED-DE-UNIFERSA.jpg","width":1,"height":1,"type":"image\/jpeg"}],"twitter_card":"summary_large_image","twitter_site":"@webmenaje","schema":{"@context":"https:\/\/schema.org","@graph":[{"@type":"WebPage","@id":"https:\/\/ledsolintel.com\/product\/baliza-emergencia-led-de-unifersa\/","url":"https:\/\/ledsolintel.com\/product\/baliza-emergencia-led-de-unifersa\/","name":"BALISE DE D\u00c9TRESSE UNIFERSA LED","isPartOf":{"@id":"https:\/\/ledsolintel.com\/#website"},"primaryImageOfPage":{"@id":"https:\/\/ledsolintel.com\/product\/baliza-emergencia-led-de-unifersa\/#primaryimage"},"image":{"@id":"https:\/\/ledsolintel.com\/product\/baliza-emergencia-led-de-unifersa\/#primaryimage"},"thumbnailUrl":"https:\/\/ledsolintel.com\/wp-content\/uploads\/2021\/08\/12711-BALIZA-EMERGENCIA-LED-DE-UNIFERSA.jpg","datePublished":"2021-08-05T09:14:50+00:00","dateModified":"2025-12-12T16:19:34+00:00","breadcrumb":{"@id":"https:\/\/ledsolintel.com\/product\/baliza-emergencia-led-de-unifersa\/#breadcrumb"},"inLanguage":"fr-FR","potentialAction":[{"@type":"ReadAction","target":["https:\/\/ledsolintel.com\/product\/baliza-emergencia-led-de-unifersa\/"]}]},{"@type":"ImageObject","inLanguage":"fr-FR","@id":"https:\/\/ledsolintel.com\/product\/baliza-emergencia-led-de-unifersa\/#primaryimage","url":"https:\/\/ledsolintel.com\/wp-content\/uploads\/2021\/08\/12711-BALIZA-EMERGENCIA-LED-DE-UNIFERSA.jpg","contentUrl":"https:\/\/ledsolintel.com\/wp-content\/uploads\/2021\/08\/12711-BALIZA-EMERGENCIA-LED-DE-UNIFERSA.jpg","caption":"BALIZA EMERGENCIA LED DE UNIFERSA"},{"@type":"BreadcrumbList","@id":"https:\/\/ledsolintel.com\/product\/baliza-emergencia-led-de-unifersa\/#breadcrumb","itemListElement":[{"@type":"ListItem","position":1,"name":"Portada","item":"https:\/\/ledsolintel.com\/fr\/"},{"@type":"ListItem","position":2,"name":"Tienda","item":"https:\/\/ledsolintel.com\/tienda\/"},{"@type":"ListItem","position":3,"name":"BALIZA EMERGENCIA LED DE UNIFERSA"}]},{"@type":"WebSite","@id":"https:\/\/ledsolintel.com\/#website","url":"https:\/\/ledsolintel.com\/","name":"Webmenaje","description":"Magasin d'ampoules et de lampes LED pour les professionnels","publisher":{"@id":"https:\/\/ledsolintel.com\/#organization"},"potentialAction":[{"@type":"SearchAction","target":{"@type":"EntryPoint","urlTemplate":"https:\/\/ledsolintel.com\/?s={search_term_string}"},"query-input":{"@type":"PropertyValueSpecification","valueRequired":true,"valueName":"search_term_string"}}],"inLanguage":"fr-FR"},{"@type":"Organization","@id":"https:\/\/ledsolintel.com\/#organization","name":"Solintel Noroeste, S.L.","url":"https:\/\/ledsolintel.com\/","logo":{"@type":"ImageObject","inLanguage":"fr-FR","@id":"https:\/\/ledsolintel.com\/#\/schema\/logo\/image\/","url":"https:\/\/ledsolintel.com\/wp-content\/uploads\/2024\/11\/webmenaje-logo-1508269066.jpg","contentUrl":"https:\/\/ledsolintel.com\/wp-content\/uploads\/2024\/11\/webmenaje-logo-1508269066.jpg","width":370,"height":90,"caption":"Solintel Noroeste, S.L."},"image":{"@id":"https:\/\/ledsolintel.com\/#\/schema\/logo\/image\/"},"sameAs":["http:\/\/www.facebook.com\/webmenaje","https:\/\/x.com\/webmenaje","https:\/\/www.youtube.com\/channel\/UCX2KoVoeCG4LocZjUc6LmSQ","http:\/\/www.pinterest.com\/webmenaje"]}]}},"_links":{"self":[{"href":"https:\/\/ledsolintel.com\/fr\/wp-json\/wp\/v2\/product\/244591","targetHints":{"allow":["GET"]}}],"collection":[{"href":"https:\/\/ledsolintel.com\/fr\/wp-json\/wp\/v2\/product"}],"about":[{"href":"https:\/\/ledsolintel.com\/fr\/wp-json\/wp\/v2\/types\/product"}],"version-history":[{"count":1,"href":"https:\/\/ledsolintel.com\/fr\/wp-json\/wp\/v2\/product\/244591\/revisions"}],"predecessor-version":[{"id":269576,"href":"https:\/\/ledsolintel.com\/fr\/wp-json\/wp\/v2\/product\/244591\/revisions\/269576"}],"wp:featuredmedia":[{"embeddable":true,"href":"https:\/\/ledsolintel.com\/fr\/wp-json\/wp\/v2\/media\/244590"}],"wp:attachment":[{"href":"https:\/\/ledsolintel.com\/fr\/wp-json\/wp\/v2\/media?parent=244591"}],"wp:term":[{"taxonomy":"product_brand","embeddable":true,"href":"https:\/\/ledsolintel.com\/fr\/wp-json\/wp\/v2\/product_brand?post=244591"},{"taxonomy":"product_cat","embeddable":true,"href":"https:\/\/ledsolintel.com\/fr\/wp-json\/wp\/v2\/product_cat?post=244591"},{"taxonomy":"product_tag","embeddable":true,"href":"https:\/\/ledsolintel.com\/fr\/wp-json\/wp\/v2\/product_tag?post=244591"}],"curies":[{"name":"wp","href":"https:\/\/api.w.org\/{rel}","templated":true}]}}