{"id":244589,"date":"2021-08-04T17:22:31","date_gmt":"2021-08-04T15:22:31","guid":{"rendered":"https:\/\/nueva.ledsolintel.com\/product\/aplique-led-con-lector-y-usb-renoir-5w-de-cristal-record\/"},"modified":"2021-08-04T17:22:31","modified_gmt":"2021-08-04T15:22:31","slug":"aplique-led-con-lector-y-usb-renoir-5w-de-cristal-record","status":"publish","type":"product","link":"https:\/\/ledsolintel.com\/fr\/produit-2\/aplique-led-con-lector-y-usb-renoir-5w-de-cristal-record\/","title":{"rendered":"Applique avec lecteur et USB RENOIR 5W by Record Glass"},"content":{"rendered":"<h1>RENOIR Applique LED 5W avec lecteur et USB en verre Record<\/h1>\n<p>\u00a0<\/p>\n<ul>\n<li>Mat\u00e9riau : aluminium et bois<\/li>\n<li>Puissance : 5 + 3 W<\/li>\n<li>Tension : 100-250 V \/ 50-60 Hz<\/li>\n<li>CCT : 3000 K<\/li>\n<li>Luminance : 210 + 43 lm<\/li>\n<li>IP20<\/li>\n<li>IRC (Ra) &gt; 80<\/li>\n<li>PF &gt; 0,5<\/li>\n<li>Dimensions :\u00a0<span>400 x 80 x 55 mm<\/span><\/li>\n<\/ul>","protected":false},"excerpt":{"rendered":"<p>Applique RENOIR 5W LED avec lecteur et USB par Cristal Record. Fabriqu\u00e9e en aluminium et en bois, elle int\u00e8gre une bande LED pour un \u00e9clairage indirect et une lampe de lecture. Prise de recharge USB, id\u00e9ale pour les h\u00f4tels et les chambres.<\/p>","protected":false},"featured_media":244585,"template":"","meta":[],"product_brand":[99361],"product_cat":[99573,99887,99903,99591],"product_tag":[],"class_list":{"0":"post-244589","1":"product","2":"type-product","3":"status-publish","4":"has-post-thumbnail","6":"product_brand-cristalrecord","7":"product_cat-iluminacion-interior","8":"product_cat-lamparas-de-lectura","9":"product_cat-apliques-y-lamparas-de-techo-lamparas-de-pared","10":"product_cat-lamparas-con-cargador","13":"instock","14":"taxable","15":"shipping-taxable","16":"purchasable","17":"product-type-simple"},"yoast_head":"<!-- This site is optimized with the Yoast SEO plugin v26.6 - https:\/\/yoast.com\/wordpress\/plugins\/seo\/ -->\n<title>Aplique LED con lector y USB RENOIR 5W de Cristal Record<\/title>\n<meta name=\"description\" content=\"Aplique LED con lector y USB RENOIR 5W de Cristal Record. LED para iluminaci\u00f3n indirecta y l\u00e1mpara de lectura. Punto de carga USB para hoteles y habitaciones.\" \/>\n<meta name=\"robots\" content=\"index, follow, max-snippet:-1, max-image-preview:large, max-video-preview:-1\" \/>\n<link rel=\"canonical\" href=\"https:\/\/ledsolintel.com\/fr\/produit-2\/aplique-led-con-lector-y-usb-renoir-5w-de-cristal-record\/\" \/>\n<meta property=\"og:locale\" content=\"fr_FR\" \/>\n<meta property=\"og:type\" content=\"article\" \/>\n<meta property=\"og:title\" content=\"Aplique LED con lector y USB RENOIR 5W de Cristal Record\" \/>\n<meta property=\"og:description\" content=\"Aplique LED con lector y USB RENOIR 5W de Cristal Record. LED para iluminaci\u00f3n indirecta y l\u00e1mpara de lectura. Punto de carga USB para hoteles y habitaciones.\" \/>\n<meta property=\"og:url\" content=\"https:\/\/ledsolintel.com\/fr\/produit-2\/aplique-led-con-lector-y-usb-renoir-5w-de-cristal-record\/\" \/>\n<meta property=\"og:site_name\" content=\"Ledsolintel\" \/>\n<meta property=\"article:publisher\" content=\"http:\/\/www.facebook.com\/webmenaje\" \/>\n<meta property=\"og:image\" content=\"https:\/\/ledsolintel.com\/wp-content\/uploads\/2021\/08\/12696-Aplique-con-lector-y-USB-RENOIR-5W-de-Cristal-Record.jpg\" \/>\n\t<meta property=\"og:image:width\" content=\"1\" \/>\n\t<meta property=\"og:image:height\" content=\"1\" \/>\n\t<meta property=\"og:image:type\" content=\"image\/jpeg\" \/>\n<meta name=\"twitter:card\" content=\"summary_large_image\" \/>\n<meta name=\"twitter:site\" content=\"@webmenaje\" \/>\n<script type=\"application\/ld+json\" class=\"yoast-schema-graph\">{\"@context\":\"https:\/\/schema.org\",\"@graph\":[{\"@type\":\"WebPage\",\"@id\":\"https:\/\/ledsolintel.com\/product\/aplique-led-con-lector-y-usb-renoir-5w-de-cristal-record\/\",\"url\":\"https:\/\/ledsolintel.com\/product\/aplique-led-con-lector-y-usb-renoir-5w-de-cristal-record\/\",\"name\":\"Aplique LED con lector y USB RENOIR 5W de Cristal Record\",\"isPartOf\":{\"@id\":\"https:\/\/ledsolintel.com\/#website\"},\"primaryImageOfPage\":{\"@id\":\"https:\/\/ledsolintel.com\/product\/aplique-led-con-lector-y-usb-renoir-5w-de-cristal-record\/#primaryimage\"},\"image\":{\"@id\":\"https:\/\/ledsolintel.com\/product\/aplique-led-con-lector-y-usb-renoir-5w-de-cristal-record\/#primaryimage\"},\"thumbnailUrl\":\"https:\/\/ledsolintel.com\/wp-content\/uploads\/2021\/08\/12696-Aplique-con-lector-y-USB-RENOIR-5W-de-Cristal-Record.jpg\",\"datePublished\":\"2021-08-04T15:22:31+00:00\",\"description\":\"Aplique LED con lector y USB RENOIR 5W de Cristal Record. LED para iluminaci\u00f3n indirecta y l\u00e1mpara de lectura. Punto de carga USB para hoteles y habitaciones.\",\"breadcrumb\":{\"@id\":\"https:\/\/ledsolintel.com\/product\/aplique-led-con-lector-y-usb-renoir-5w-de-cristal-record\/#breadcrumb\"},\"inLanguage\":\"fr-FR\",\"potentialAction\":[{\"@type\":\"ReadAction\",\"target\":[\"https:\/\/ledsolintel.com\/product\/aplique-led-con-lector-y-usb-renoir-5w-de-cristal-record\/\"]}]},{\"@type\":\"ImageObject\",\"inLanguage\":\"fr-FR\",\"@id\":\"https:\/\/ledsolintel.com\/product\/aplique-led-con-lector-y-usb-renoir-5w-de-cristal-record\/#primaryimage\",\"url\":\"https:\/\/ledsolintel.com\/wp-content\/uploads\/2021\/08\/12696-Aplique-con-lector-y-USB-RENOIR-5W-de-Cristal-Record.jpg\",\"contentUrl\":\"https:\/\/ledsolintel.com\/wp-content\/uploads\/2021\/08\/12696-Aplique-con-lector-y-USB-RENOIR-5W-de-Cristal-Record.jpg\",\"caption\":\"Aplique con lector y USB RENOIR 5W de Cristal Record\"},{\"@type\":\"BreadcrumbList\",\"@id\":\"https:\/\/ledsolintel.com\/product\/aplique-led-con-lector-y-usb-renoir-5w-de-cristal-record\/#breadcrumb\",\"itemListElement\":[{\"@type\":\"ListItem\",\"position\":1,\"name\":\"Portada\",\"item\":\"https:\/\/ledsolintel.com\/fr\/\"},{\"@type\":\"ListItem\",\"position\":2,\"name\":\"Tienda\",\"item\":\"https:\/\/ledsolintel.com\/tienda\/\"},{\"@type\":\"ListItem\",\"position\":3,\"name\":\"Aplique con lector y USB RENOIR 5W de Cristal Record\"}]},{\"@type\":\"WebSite\",\"@id\":\"https:\/\/ledsolintel.com\/#website\",\"url\":\"https:\/\/ledsolintel.com\/\",\"name\":\"Webmenaje\",\"description\":\"Tienda de bombillas y l\u00e1mparas LED para profesionales\",\"publisher\":{\"@id\":\"https:\/\/ledsolintel.com\/#organization\"},\"potentialAction\":[{\"@type\":\"SearchAction\",\"target\":{\"@type\":\"EntryPoint\",\"urlTemplate\":\"https:\/\/ledsolintel.com\/?s={search_term_string}\"},\"query-input\":{\"@type\":\"PropertyValueSpecification\",\"valueRequired\":true,\"valueName\":\"search_term_string\"}}],\"inLanguage\":\"fr-FR\"},{\"@type\":\"Organization\",\"@id\":\"https:\/\/ledsolintel.com\/#organization\",\"name\":\"Solintel Noroeste, S.L.\",\"url\":\"https:\/\/ledsolintel.com\/\",\"logo\":{\"@type\":\"ImageObject\",\"inLanguage\":\"fr-FR\",\"@id\":\"https:\/\/ledsolintel.com\/#\/schema\/logo\/image\/\",\"url\":\"https:\/\/ledsolintel.com\/wp-content\/uploads\/2024\/11\/webmenaje-logo-1508269066.jpg\",\"contentUrl\":\"https:\/\/ledsolintel.com\/wp-content\/uploads\/2024\/11\/webmenaje-logo-1508269066.jpg\",\"width\":370,\"height\":90,\"caption\":\"Solintel Noroeste, S.L.\"},\"image\":{\"@id\":\"https:\/\/ledsolintel.com\/#\/schema\/logo\/image\/\"},\"sameAs\":[\"http:\/\/www.facebook.com\/webmenaje\",\"https:\/\/x.com\/webmenaje\",\"https:\/\/www.youtube.com\/channel\/UCX2KoVoeCG4LocZjUc6LmSQ\",\"http:\/\/www.pinterest.com\/webmenaje\"]}]}<\/script>\n<!-- \/ Yoast SEO plugin. -->","yoast_head_json":{"title":"RENOIR Applique LED 5W avec lecteur et USB en verre Record","description":"Aplique LED con lector y USB RENOIR 5W de Cristal Record. LED para iluminaci\u00f3n indirecta y l\u00e1mpara de lectura. Punto de carga USB para hoteles y habitaciones.","robots":{"index":"index","follow":"follow","max-snippet":"max-snippet:-1","max-image-preview":"max-image-preview:large","max-video-preview":"max-video-preview:-1"},"canonical":"https:\/\/ledsolintel.com\/fr\/produit-2\/aplique-led-con-lector-y-usb-renoir-5w-de-cristal-record\/","og_locale":"fr_FR","og_type":"article","og_title":"Aplique LED con lector y USB RENOIR 5W de Cristal Record","og_description":"Aplique LED con lector y USB RENOIR 5W de Cristal Record. LED para iluminaci\u00f3n indirecta y l\u00e1mpara de lectura. Punto de carga USB para hoteles y habitaciones.","og_url":"https:\/\/ledsolintel.com\/fr\/produit-2\/aplique-led-con-lector-y-usb-renoir-5w-de-cristal-record\/","og_site_name":"Ledsolintel","article_publisher":"http:\/\/www.facebook.com\/webmenaje","og_image":[{"url":"https:\/\/ledsolintel.com\/wp-content\/uploads\/2021\/08\/12696-Aplique-con-lector-y-USB-RENOIR-5W-de-Cristal-Record.jpg","width":1,"height":1,"type":"image\/jpeg"}],"twitter_card":"summary_large_image","twitter_site":"@webmenaje","schema":{"@context":"https:\/\/schema.org","@graph":[{"@type":"WebPage","@id":"https:\/\/ledsolintel.com\/product\/aplique-led-con-lector-y-usb-renoir-5w-de-cristal-record\/","url":"https:\/\/ledsolintel.com\/product\/aplique-led-con-lector-y-usb-renoir-5w-de-cristal-record\/","name":"RENOIR Applique LED 5W avec lecteur et USB en verre Record","isPartOf":{"@id":"https:\/\/ledsolintel.com\/#website"},"primaryImageOfPage":{"@id":"https:\/\/ledsolintel.com\/product\/aplique-led-con-lector-y-usb-renoir-5w-de-cristal-record\/#primaryimage"},"image":{"@id":"https:\/\/ledsolintel.com\/product\/aplique-led-con-lector-y-usb-renoir-5w-de-cristal-record\/#primaryimage"},"thumbnailUrl":"https:\/\/ledsolintel.com\/wp-content\/uploads\/2021\/08\/12696-Aplique-con-lector-y-USB-RENOIR-5W-de-Cristal-Record.jpg","datePublished":"2021-08-04T15:22:31+00:00","description":"Aplique LED con lector y USB RENOIR 5W de Cristal Record. LED para iluminaci\u00f3n indirecta y l\u00e1mpara de lectura. Punto de carga USB para hoteles y habitaciones.","breadcrumb":{"@id":"https:\/\/ledsolintel.com\/product\/aplique-led-con-lector-y-usb-renoir-5w-de-cristal-record\/#breadcrumb"},"inLanguage":"fr-FR","potentialAction":[{"@type":"ReadAction","target":["https:\/\/ledsolintel.com\/product\/aplique-led-con-lector-y-usb-renoir-5w-de-cristal-record\/"]}]},{"@type":"ImageObject","inLanguage":"fr-FR","@id":"https:\/\/ledsolintel.com\/product\/aplique-led-con-lector-y-usb-renoir-5w-de-cristal-record\/#primaryimage","url":"https:\/\/ledsolintel.com\/wp-content\/uploads\/2021\/08\/12696-Aplique-con-lector-y-USB-RENOIR-5W-de-Cristal-Record.jpg","contentUrl":"https:\/\/ledsolintel.com\/wp-content\/uploads\/2021\/08\/12696-Aplique-con-lector-y-USB-RENOIR-5W-de-Cristal-Record.jpg","caption":"Aplique con lector y USB RENOIR 5W de Cristal Record"},{"@type":"BreadcrumbList","@id":"https:\/\/ledsolintel.com\/product\/aplique-led-con-lector-y-usb-renoir-5w-de-cristal-record\/#breadcrumb","itemListElement":[{"@type":"ListItem","position":1,"name":"Portada","item":"https:\/\/ledsolintel.com\/fr\/"},{"@type":"ListItem","position":2,"name":"Tienda","item":"https:\/\/ledsolintel.com\/tienda\/"},{"@type":"ListItem","position":3,"name":"Aplique con lector y USB RENOIR 5W de Cristal Record"}]},{"@type":"WebSite","@id":"https:\/\/ledsolintel.com\/#website","url":"https:\/\/ledsolintel.com\/","name":"Webmenaje","description":"Magasin d'ampoules et de lampes LED pour les professionnels","publisher":{"@id":"https:\/\/ledsolintel.com\/#organization"},"potentialAction":[{"@type":"SearchAction","target":{"@type":"EntryPoint","urlTemplate":"https:\/\/ledsolintel.com\/?s={search_term_string}"},"query-input":{"@type":"PropertyValueSpecification","valueRequired":true,"valueName":"search_term_string"}}],"inLanguage":"fr-FR"},{"@type":"Organization","@id":"https:\/\/ledsolintel.com\/#organization","name":"Solintel Noroeste, S.L.","url":"https:\/\/ledsolintel.com\/","logo":{"@type":"ImageObject","inLanguage":"fr-FR","@id":"https:\/\/ledsolintel.com\/#\/schema\/logo\/image\/","url":"https:\/\/ledsolintel.com\/wp-content\/uploads\/2024\/11\/webmenaje-logo-1508269066.jpg","contentUrl":"https:\/\/ledsolintel.com\/wp-content\/uploads\/2024\/11\/webmenaje-logo-1508269066.jpg","width":370,"height":90,"caption":"Solintel Noroeste, S.L."},"image":{"@id":"https:\/\/ledsolintel.com\/#\/schema\/logo\/image\/"},"sameAs":["http:\/\/www.facebook.com\/webmenaje","https:\/\/x.com\/webmenaje","https:\/\/www.youtube.com\/channel\/UCX2KoVoeCG4LocZjUc6LmSQ","http:\/\/www.pinterest.com\/webmenaje"]}]}},"_links":{"self":[{"href":"https:\/\/ledsolintel.com\/fr\/wp-json\/wp\/v2\/product\/244589","targetHints":{"allow":["GET"]}}],"collection":[{"href":"https:\/\/ledsolintel.com\/fr\/wp-json\/wp\/v2\/product"}],"about":[{"href":"https:\/\/ledsolintel.com\/fr\/wp-json\/wp\/v2\/types\/product"}],"version-history":[{"count":0,"href":"https:\/\/ledsolintel.com\/fr\/wp-json\/wp\/v2\/product\/244589\/revisions"}],"wp:featuredmedia":[{"embeddable":true,"href":"https:\/\/ledsolintel.com\/fr\/wp-json\/wp\/v2\/media\/244585"}],"wp:attachment":[{"href":"https:\/\/ledsolintel.com\/fr\/wp-json\/wp\/v2\/media?parent=244589"}],"wp:term":[{"taxonomy":"product_brand","embeddable":true,"href":"https:\/\/ledsolintel.com\/fr\/wp-json\/wp\/v2\/product_brand?post=244589"},{"taxonomy":"product_cat","embeddable":true,"href":"https:\/\/ledsolintel.com\/fr\/wp-json\/wp\/v2\/product_cat?post=244589"},{"taxonomy":"product_tag","embeddable":true,"href":"https:\/\/ledsolintel.com\/fr\/wp-json\/wp\/v2\/product_tag?post=244589"}],"curies":[{"name":"wp","href":"https:\/\/api.w.org\/{rel}","templated":true}]}}