{"id":244360,"date":"2021-03-15T14:07:58","date_gmt":"2021-03-15T13:07:58","guid":{"rendered":"https:\/\/nueva.ledsolintel.com\/product\/proyector-led-x-150w-sea-de-roblan\/"},"modified":"2021-03-15T14:07:58","modified_gmt":"2021-03-15T13:07:58","slug":"spot-led-x-150w-sea-de-roblan","status":"publish","type":"product","link":"https:\/\/ledsolintel.com\/fr\/produit-2\/spot-led-x-150w-sea-de-roblan\/","title":{"rendered":"Roblan MHL X SEA Projecteur marin \u00e0 LED MHL X SEA"},"content":{"rendered":"<h1>Roblan MHL X SEA Projecteur marin \u00e0 LED MHL X SEA<\/h1>\n<p>\u00a0<\/p>\n<h3>Roblan MHL X SEA 50W<\/h3>\n<ul>\n<li>Puissance : 50 W<\/li>\n<li>Tension : 100-277 V \/ 50-60 Hz<\/li>\n<li>Luminance : 6000 lm<\/li>\n<li>CCT : 6500 K<\/li>\n<li>Optique : 120\u00ba.<\/li>\n<li>IP66<\/li>\n<li>IRC &gt; 80<\/li>\n<li>Protection IP66<\/li>\n<li>Facteur de puissance &gt; 0,9<\/li>\n<li>Dur\u00e9e de vie : 50 000 heures<\/li>\n<\/ul>\n<p>\u00a0<\/p>\n<h3>Roblan MHL X SEA 150W<\/h3>\n<ul>\n<li>Puissance : 150 W<\/li>\n<li>Tension : 100-277 V \/ 50-60 Hz<\/li>\n<li>Luminance : 21 000 lm<\/li>\n<li>CCT : 6500 K<\/li>\n<li>Optique : 120\u00ba.<\/li>\n<li>IP66<\/li>\n<li>IRC &gt; 80<\/li>\n<li>Protection IP66<\/li>\n<li>Facteur de puissance &gt; 0,9<\/li>\n<li>Dur\u00e9e de vie : 50 000 heures<\/li>\n<\/ul>\n<p>\u00a0<\/p>\n<h3>Roblan MHL X SEA 200W<\/h3>\n<ul>\n<li>Puissance : 200 W<\/li>\n<li>Tension : 100-277 V \/ 50-60 Hz<\/li>\n<li>Luminosit\u00e9 : 28 000 lm<\/li>\n<li>CCT : 6500 K<\/li>\n<li>Optique : 120\u00ba.<\/li>\n<li>IP66<\/li>\n<li>IRC &gt; 80<\/li>\n<li>Protection IP66<\/li>\n<li>Facteur de puissance &gt; 0,9<\/li>\n<li>Dur\u00e9e de vie : 50 000 heures<\/li>\n<\/ul>","protected":false},"excerpt":{"rendered":"<p>La gamme LED X SEA de Roblan offre des projecteurs de haute qualit\u00e9 pour l'\u00e9clairage professionnel en milieu marin, gr\u00e2ce \u00e0 leur traitement anticorrosion. Particuli\u00e8rement adapt\u00e9s aux ports, plages, march\u00e9s aux poissons et autres zones maritimes.<\/p>","protected":false},"featured_media":244359,"template":"","meta":[],"product_brand":[99355],"product_cat":[99575,99691],"product_tag":[],"class_list":{"0":"post-244360","1":"product","2":"type-product","3":"status-publish","4":"has-post-thumbnail","6":"product_brand-roblan","7":"product_cat-iluminacion-para-jardines-y-exteriores","8":"product_cat-proyectores-para-exterior-y-transporte","9":"pa_potencia-150w","10":"pa_potencia-200w","11":"pa_potencia-50w","14":"instock","15":"taxable","16":"shipping-taxable","17":"purchasable","18":"product-type-variable","19":"has-default-attributes"},"yoast_head":"<!-- This site is optimized with the Yoast SEO plugin v27.4 - https:\/\/yoast.com\/product\/yoast-seo-wordpress\/ -->\n<title>Proyector LED X 150W SEA de Roblan<\/title>\n<meta name=\"description\" content=\"Gama LED X SEA iluminaci\u00f3n profesional en entornos marinos, tratamiento anticorrosi\u00f3n. Especialmente indicada para puertos, playas, lonjas y otras zonas de mar\" \/>\n<meta name=\"robots\" content=\"index, follow, max-snippet:-1, max-image-preview:large, max-video-preview:-1\" \/>\n<link rel=\"canonical\" href=\"https:\/\/ledsolintel.com\/fr\/produit-2\/spot-led-x-150w-sea-de-roblan\/\" \/>\n<meta property=\"og:locale\" content=\"fr_FR\" \/>\n<meta property=\"og:type\" content=\"article\" \/>\n<meta property=\"og:title\" content=\"Proyector LED X 150W SEA de Roblan\" \/>\n<meta property=\"og:description\" content=\"Gama LED X SEA iluminaci\u00f3n profesional en entornos marinos, tratamiento anticorrosi\u00f3n. Especialmente indicada para puertos, playas, lonjas y otras zonas de mar\" \/>\n<meta property=\"og:url\" content=\"https:\/\/ledsolintel.com\/fr\/produit-2\/spot-led-x-150w-sea-de-roblan\/\" \/>\n<meta property=\"og:site_name\" content=\"Ledsolintel\" \/>\n<meta property=\"article:publisher\" content=\"http:\/\/www.facebook.com\/webmenaje\" \/>\n<meta property=\"og:image\" content=\"https:\/\/ledsolintel.com\/wp-content\/uploads\/2021\/03\/13511-Proyector-marino-LED-MHL-X-SEA-de-Roblan.jpg\" \/>\n\t<meta property=\"og:image:width\" content=\"1\" \/>\n\t<meta property=\"og:image:height\" content=\"1\" \/>\n\t<meta property=\"og:image:type\" content=\"image\/jpeg\" \/>\n<meta name=\"twitter:card\" content=\"summary_large_image\" \/>\n<meta name=\"twitter:site\" content=\"@webmenaje\" \/>\n<meta name=\"twitter:label1\" content=\"Dur\u00e9e de lecture estim\u00e9e\" \/>\n\t<meta name=\"twitter:data1\" content=\"1 minute\" \/>\n<script type=\"application\/ld+json\" class=\"yoast-schema-graph\">{\"@context\":\"https:\\\/\\\/schema.org\",\"@graph\":[{\"@type\":\"WebPage\",\"@id\":\"https:\\\/\\\/ledsolintel.com\\\/product\\\/proyector-led-x-150w-sea-de-roblan\\\/\",\"url\":\"https:\\\/\\\/ledsolintel.com\\\/product\\\/proyector-led-x-150w-sea-de-roblan\\\/\",\"name\":\"Proyector LED X 150W SEA de Roblan\",\"isPartOf\":{\"@id\":\"https:\\\/\\\/ledsolintel.com\\\/#website\"},\"primaryImageOfPage\":{\"@id\":\"https:\\\/\\\/ledsolintel.com\\\/product\\\/proyector-led-x-150w-sea-de-roblan\\\/#primaryimage\"},\"image\":{\"@id\":\"https:\\\/\\\/ledsolintel.com\\\/product\\\/proyector-led-x-150w-sea-de-roblan\\\/#primaryimage\"},\"thumbnailUrl\":\"https:\\\/\\\/ledsolintel.com\\\/wp-content\\\/uploads\\\/2021\\\/03\\\/13511-Proyector-marino-LED-MHL-X-SEA-de-Roblan.jpg\",\"datePublished\":\"2021-03-15T13:07:58+00:00\",\"description\":\"Gama LED X SEA iluminaci\u00f3n profesional en entornos marinos, tratamiento anticorrosi\u00f3n. Especialmente indicada para puertos, playas, lonjas y otras zonas de mar\",\"breadcrumb\":{\"@id\":\"https:\\\/\\\/ledsolintel.com\\\/product\\\/proyector-led-x-150w-sea-de-roblan\\\/#breadcrumb\"},\"inLanguage\":\"fr-FR\",\"potentialAction\":[{\"@type\":\"ReadAction\",\"target\":[\"https:\\\/\\\/ledsolintel.com\\\/product\\\/proyector-led-x-150w-sea-de-roblan\\\/\"]}]},{\"@type\":\"ImageObject\",\"inLanguage\":\"fr-FR\",\"@id\":\"https:\\\/\\\/ledsolintel.com\\\/product\\\/proyector-led-x-150w-sea-de-roblan\\\/#primaryimage\",\"url\":\"https:\\\/\\\/ledsolintel.com\\\/wp-content\\\/uploads\\\/2021\\\/03\\\/13511-Proyector-marino-LED-MHL-X-SEA-de-Roblan.jpg\",\"contentUrl\":\"https:\\\/\\\/ledsolintel.com\\\/wp-content\\\/uploads\\\/2021\\\/03\\\/13511-Proyector-marino-LED-MHL-X-SEA-de-Roblan.jpg\",\"caption\":\"Proyector marino LED MHL X SEA de Roblan\"},{\"@type\":\"BreadcrumbList\",\"@id\":\"https:\\\/\\\/ledsolintel.com\\\/product\\\/proyector-led-x-150w-sea-de-roblan\\\/#breadcrumb\",\"itemListElement\":[{\"@type\":\"ListItem\",\"position\":1,\"name\":\"Portada\",\"item\":\"https:\\\/\\\/ledsolintel.com\\\/fr\\\/\"},{\"@type\":\"ListItem\",\"position\":2,\"name\":\"Tienda\",\"item\":\"https:\\\/\\\/ledsolintel.com\\\/tienda\\\/\"},{\"@type\":\"ListItem\",\"position\":3,\"name\":\"Proyector marino LED MHL X SEA de Roblan\"}]},{\"@type\":\"WebSite\",\"@id\":\"https:\\\/\\\/ledsolintel.com\\\/#website\",\"url\":\"https:\\\/\\\/ledsolintel.com\\\/\",\"name\":\"Webmenaje\",\"description\":\"Tienda de bombillas y l\u00e1mparas LED para profesionales\",\"publisher\":{\"@id\":\"https:\\\/\\\/ledsolintel.com\\\/#organization\"},\"potentialAction\":[{\"@type\":\"SearchAction\",\"target\":{\"@type\":\"EntryPoint\",\"urlTemplate\":\"https:\\\/\\\/ledsolintel.com\\\/?s={search_term_string}\"},\"query-input\":{\"@type\":\"PropertyValueSpecification\",\"valueRequired\":true,\"valueName\":\"search_term_string\"}}],\"inLanguage\":\"fr-FR\"},{\"@type\":\"Organization\",\"@id\":\"https:\\\/\\\/ledsolintel.com\\\/#organization\",\"name\":\"Solintel Noroeste, S.L.\",\"url\":\"https:\\\/\\\/ledsolintel.com\\\/\",\"logo\":{\"@type\":\"ImageObject\",\"inLanguage\":\"fr-FR\",\"@id\":\"https:\\\/\\\/ledsolintel.com\\\/#\\\/schema\\\/logo\\\/image\\\/\",\"url\":\"https:\\\/\\\/ledsolintel.com\\\/wp-content\\\/uploads\\\/2024\\\/11\\\/webmenaje-logo-1508269066.jpg\",\"contentUrl\":\"https:\\\/\\\/ledsolintel.com\\\/wp-content\\\/uploads\\\/2024\\\/11\\\/webmenaje-logo-1508269066.jpg\",\"width\":370,\"height\":90,\"caption\":\"Solintel Noroeste, S.L.\"},\"image\":{\"@id\":\"https:\\\/\\\/ledsolintel.com\\\/#\\\/schema\\\/logo\\\/image\\\/\"},\"sameAs\":[\"http:\\\/\\\/www.facebook.com\\\/webmenaje\",\"https:\\\/\\\/x.com\\\/webmenaje\",\"https:\\\/\\\/www.youtube.com\\\/channel\\\/UCX2KoVoeCG4LocZjUc6LmSQ\",\"http:\\\/\\\/www.pinterest.com\\\/webmenaje\"]}]}<\/script>\n<!-- \/ Yoast SEO plugin. -->","yoast_head_json":{"title":"Projecteur LED Roblan X 150W SEA","description":"Gamme LED X SEA \u00e9clairage professionnel en milieu marin, traitement anti-corrosion. Particuli\u00e8rement adapt\u00e9e aux ports, plages, cri\u00e9es et autres zones maritimes.","robots":{"index":"index","follow":"follow","max-snippet":"max-snippet:-1","max-image-preview":"max-image-preview:large","max-video-preview":"max-video-preview:-1"},"canonical":"https:\/\/ledsolintel.com\/fr\/produit-2\/spot-led-x-150w-sea-de-roblan\/","og_locale":"fr_FR","og_type":"article","og_title":"Proyector LED X 150W SEA de Roblan","og_description":"Gama LED X SEA iluminaci\u00f3n profesional en entornos marinos, tratamiento anticorrosi\u00f3n. Especialmente indicada para puertos, playas, lonjas y otras zonas de mar","og_url":"https:\/\/ledsolintel.com\/fr\/produit-2\/spot-led-x-150w-sea-de-roblan\/","og_site_name":"Ledsolintel","article_publisher":"http:\/\/www.facebook.com\/webmenaje","og_image":[{"url":"https:\/\/ledsolintel.com\/wp-content\/uploads\/2021\/03\/13511-Proyector-marino-LED-MHL-X-SEA-de-Roblan.jpg","width":1,"height":1,"type":"image\/jpeg"}],"twitter_card":"summary_large_image","twitter_site":"@webmenaje","twitter_misc":{"Dur\u00e9e de lecture estim\u00e9e":"1 minute"},"schema":{"@context":"https:\/\/schema.org","@graph":[{"@type":"WebPage","@id":"https:\/\/ledsolintel.com\/product\/proyector-led-x-150w-sea-de-roblan\/","url":"https:\/\/ledsolintel.com\/product\/proyector-led-x-150w-sea-de-roblan\/","name":"Projecteur LED Roblan X 150W SEA","isPartOf":{"@id":"https:\/\/ledsolintel.com\/#website"},"primaryImageOfPage":{"@id":"https:\/\/ledsolintel.com\/product\/proyector-led-x-150w-sea-de-roblan\/#primaryimage"},"image":{"@id":"https:\/\/ledsolintel.com\/product\/proyector-led-x-150w-sea-de-roblan\/#primaryimage"},"thumbnailUrl":"https:\/\/ledsolintel.com\/wp-content\/uploads\/2021\/03\/13511-Proyector-marino-LED-MHL-X-SEA-de-Roblan.jpg","datePublished":"2021-03-15T13:07:58+00:00","description":"Gamme LED X SEA \u00e9clairage professionnel en milieu marin, traitement anti-corrosion. Particuli\u00e8rement adapt\u00e9e aux ports, plages, cri\u00e9es et autres zones maritimes.","breadcrumb":{"@id":"https:\/\/ledsolintel.com\/product\/proyector-led-x-150w-sea-de-roblan\/#breadcrumb"},"inLanguage":"fr-FR","potentialAction":[{"@type":"ReadAction","target":["https:\/\/ledsolintel.com\/product\/proyector-led-x-150w-sea-de-roblan\/"]}]},{"@type":"ImageObject","inLanguage":"fr-FR","@id":"https:\/\/ledsolintel.com\/product\/proyector-led-x-150w-sea-de-roblan\/#primaryimage","url":"https:\/\/ledsolintel.com\/wp-content\/uploads\/2021\/03\/13511-Proyector-marino-LED-MHL-X-SEA-de-Roblan.jpg","contentUrl":"https:\/\/ledsolintel.com\/wp-content\/uploads\/2021\/03\/13511-Proyector-marino-LED-MHL-X-SEA-de-Roblan.jpg","caption":"Proyector marino LED MHL X SEA de Roblan"},{"@type":"BreadcrumbList","@id":"https:\/\/ledsolintel.com\/product\/proyector-led-x-150w-sea-de-roblan\/#breadcrumb","itemListElement":[{"@type":"ListItem","position":1,"name":"Portada","item":"https:\/\/ledsolintel.com\/fr\/"},{"@type":"ListItem","position":2,"name":"Tienda","item":"https:\/\/ledsolintel.com\/tienda\/"},{"@type":"ListItem","position":3,"name":"Proyector marino LED MHL X SEA de Roblan"}]},{"@type":"WebSite","@id":"https:\/\/ledsolintel.com\/#website","url":"https:\/\/ledsolintel.com\/","name":"Webmenaje","description":"Magasin d'ampoules et de lampes LED pour les professionnels","publisher":{"@id":"https:\/\/ledsolintel.com\/#organization"},"potentialAction":[{"@type":"SearchAction","target":{"@type":"EntryPoint","urlTemplate":"https:\/\/ledsolintel.com\/?s={search_term_string}"},"query-input":{"@type":"PropertyValueSpecification","valueRequired":true,"valueName":"search_term_string"}}],"inLanguage":"fr-FR"},{"@type":"Organization","@id":"https:\/\/ledsolintel.com\/#organization","name":"Solintel Noroeste, S.L.","url":"https:\/\/ledsolintel.com\/","logo":{"@type":"ImageObject","inLanguage":"fr-FR","@id":"https:\/\/ledsolintel.com\/#\/schema\/logo\/image\/","url":"https:\/\/ledsolintel.com\/wp-content\/uploads\/2024\/11\/webmenaje-logo-1508269066.jpg","contentUrl":"https:\/\/ledsolintel.com\/wp-content\/uploads\/2024\/11\/webmenaje-logo-1508269066.jpg","width":370,"height":90,"caption":"Solintel Noroeste, S.L."},"image":{"@id":"https:\/\/ledsolintel.com\/#\/schema\/logo\/image\/"},"sameAs":["http:\/\/www.facebook.com\/webmenaje","https:\/\/x.com\/webmenaje","https:\/\/www.youtube.com\/channel\/UCX2KoVoeCG4LocZjUc6LmSQ","http:\/\/www.pinterest.com\/webmenaje"]}]}},"_links":{"self":[{"href":"https:\/\/ledsolintel.com\/fr\/wp-json\/wp\/v2\/product\/244360","targetHints":{"allow":["GET"]}}],"collection":[{"href":"https:\/\/ledsolintel.com\/fr\/wp-json\/wp\/v2\/product"}],"about":[{"href":"https:\/\/ledsolintel.com\/fr\/wp-json\/wp\/v2\/types\/product"}],"version-history":[{"count":0,"href":"https:\/\/ledsolintel.com\/fr\/wp-json\/wp\/v2\/product\/244360\/revisions"}],"wp:featuredmedia":[{"embeddable":true,"href":"https:\/\/ledsolintel.com\/fr\/wp-json\/wp\/v2\/media\/244359"}],"wp:attachment":[{"href":"https:\/\/ledsolintel.com\/fr\/wp-json\/wp\/v2\/media?parent=244360"}],"wp:term":[{"taxonomy":"product_brand","embeddable":true,"href":"https:\/\/ledsolintel.com\/fr\/wp-json\/wp\/v2\/product_brand?post=244360"},{"taxonomy":"product_cat","embeddable":true,"href":"https:\/\/ledsolintel.com\/fr\/wp-json\/wp\/v2\/product_cat?post=244360"},{"taxonomy":"product_tag","embeddable":true,"href":"https:\/\/ledsolintel.com\/fr\/wp-json\/wp\/v2\/product_tag?post=244360"}],"curies":[{"name":"wp","href":"https:\/\/api.w.org\/{rel}","templated":true}]}}