{"id":244295,"date":"2021-03-10T13:58:55","date_gmt":"2021-03-10T12:58:55","guid":{"rendered":"https:\/\/nueva.ledsolintel.com\/product\/tram-5-10w-de-beneito-faure\/"},"modified":"2021-03-10T13:58:55","modified_gmt":"2021-03-10T12:58:55","slug":"tram-5-10w-de-beneito-faure","status":"publish","type":"product","link":"https:\/\/ledsolintel.com\/fr\/produit-2\/tram-5-10w-de-beneito-faure\/","title":{"rendered":"TRAM 5 10W par Beneito Faure"},"content":{"rendered":"<h1>TRAM 5 10W lumi\u00e8re encastr\u00e9e par Beneito Faure<\/h1>\n<p>\u00a0<\/p>\n<ul>\n<li>Puissance : 10 W<\/li>\n<li>Tension : 220-240 V \/ 50-60 Hz<\/li>\n<li>Luminance : 500 lm<\/li>\n<li>CCT : 2700-6000 K<\/li>\n<li>Optique : 30<\/li>\n<li>IRC &gt; 90<\/li>\n<li>UGR &lt; 14<\/li>\n<li>IP20<\/li>\n<li>IK06<\/li>\n<li>Dur\u00e9e de vie : 30 000 h<\/li>\n<li>IoT Tuya<\/li>\n<\/ul>","protected":false},"excerpt":{"rendered":"<p>Luminaire encastr\u00e9 TRAM 5 10W de Beneito Faure. Combinable avec d'autres mod\u00e8les. Reproduction chromatique pr\u00e9cise pour l'\u00e9clairage des magasins de mode, bijouteries, galeries, armoires, etc.<\/p>\n<p>Contr\u00f4le IoT avec le syst\u00e8me Tuya.<\/p>","protected":false},"featured_media":244292,"template":"","meta":[],"product_brand":[99357],"product_cat":[99713,99609,99573],"product_tag":[],"class_list":{"0":"post-244295","1":"product","2":"type-product","3":"status-publish","4":"has-post-thumbnail","6":"product_brand-beneito-faure","7":"product_cat-aros-cardans-y-estructuras-empotrables","8":"product_cat-iluminacion-tecnica","9":"product_cat-iluminacion-interior","10":"pa_acabado-blanco","11":"pa_acabado-negro","14":"instock","15":"taxable","16":"shipping-taxable","17":"purchasable","18":"product-type-variable","19":"has-default-attributes"},"yoast_head":"<!-- This site is optimized with the Yoast SEO plugin v26.6 - https:\/\/yoast.com\/wordpress\/plugins\/seo\/ -->\n<title>TRAM 5 10W de Beneito Faure<\/title>\n<meta name=\"description\" content=\"L\u00e1mpara empotrable TRAM 5 10W de Beneito Faure. Reproducci\u00f3n crom\u00e1tica precisa para iluminaci\u00f3n de tiendas de moda, joyer\u00edas, galer\u00edas, armarios, etc.\" \/>\n<meta name=\"robots\" content=\"index, follow, max-snippet:-1, max-image-preview:large, max-video-preview:-1\" \/>\n<link rel=\"canonical\" href=\"https:\/\/ledsolintel.com\/fr\/produit-2\/tram-5-10w-de-beneito-faure\/\" \/>\n<meta property=\"og:locale\" content=\"fr_FR\" \/>\n<meta property=\"og:type\" content=\"article\" \/>\n<meta property=\"og:title\" content=\"TRAM 5 10W de Beneito Faure\" \/>\n<meta property=\"og:description\" content=\"L\u00e1mpara empotrable TRAM 5 10W de Beneito Faure. Reproducci\u00f3n crom\u00e1tica precisa para iluminaci\u00f3n de tiendas de moda, joyer\u00edas, galer\u00edas, armarios, etc.\" \/>\n<meta property=\"og:url\" content=\"https:\/\/ledsolintel.com\/fr\/produit-2\/tram-5-10w-de-beneito-faure\/\" \/>\n<meta property=\"og:site_name\" content=\"Ledsolintel\" \/>\n<meta property=\"article:publisher\" content=\"http:\/\/www.facebook.com\/webmenaje\" \/>\n<meta property=\"og:image\" content=\"https:\/\/ledsolintel.com\/wp-content\/uploads\/2021\/03\/12432-TRAM-5-10W-de-Beneito-Faure.jpg\" \/>\n\t<meta property=\"og:image:width\" content=\"1\" \/>\n\t<meta property=\"og:image:height\" content=\"1\" \/>\n\t<meta property=\"og:image:type\" content=\"image\/jpeg\" \/>\n<meta name=\"twitter:card\" content=\"summary_large_image\" \/>\n<meta name=\"twitter:site\" content=\"@webmenaje\" \/>\n<script type=\"application\/ld+json\" class=\"yoast-schema-graph\">{\"@context\":\"https:\/\/schema.org\",\"@graph\":[{\"@type\":\"WebPage\",\"@id\":\"https:\/\/ledsolintel.com\/product\/tram-5-10w-de-beneito-faure\/\",\"url\":\"https:\/\/ledsolintel.com\/product\/tram-5-10w-de-beneito-faure\/\",\"name\":\"TRAM 5 10W de Beneito Faure\",\"isPartOf\":{\"@id\":\"https:\/\/ledsolintel.com\/#website\"},\"primaryImageOfPage\":{\"@id\":\"https:\/\/ledsolintel.com\/product\/tram-5-10w-de-beneito-faure\/#primaryimage\"},\"image\":{\"@id\":\"https:\/\/ledsolintel.com\/product\/tram-5-10w-de-beneito-faure\/#primaryimage\"},\"thumbnailUrl\":\"https:\/\/ledsolintel.com\/wp-content\/uploads\/2021\/03\/12432-TRAM-5-10W-de-Beneito-Faure.jpg\",\"datePublished\":\"2021-03-10T12:58:55+00:00\",\"description\":\"L\u00e1mpara empotrable TRAM 5 10W de Beneito Faure. Reproducci\u00f3n crom\u00e1tica precisa para iluminaci\u00f3n de tiendas de moda, joyer\u00edas, galer\u00edas, armarios, etc.\",\"breadcrumb\":{\"@id\":\"https:\/\/ledsolintel.com\/product\/tram-5-10w-de-beneito-faure\/#breadcrumb\"},\"inLanguage\":\"fr-FR\",\"potentialAction\":[{\"@type\":\"ReadAction\",\"target\":[\"https:\/\/ledsolintel.com\/product\/tram-5-10w-de-beneito-faure\/\"]}]},{\"@type\":\"ImageObject\",\"inLanguage\":\"fr-FR\",\"@id\":\"https:\/\/ledsolintel.com\/product\/tram-5-10w-de-beneito-faure\/#primaryimage\",\"url\":\"https:\/\/ledsolintel.com\/wp-content\/uploads\/2021\/03\/12432-TRAM-5-10W-de-Beneito-Faure.jpg\",\"contentUrl\":\"https:\/\/ledsolintel.com\/wp-content\/uploads\/2021\/03\/12432-TRAM-5-10W-de-Beneito-Faure.jpg\",\"caption\":\"TRAM 5 10W de Beneito Faure\"},{\"@type\":\"BreadcrumbList\",\"@id\":\"https:\/\/ledsolintel.com\/product\/tram-5-10w-de-beneito-faure\/#breadcrumb\",\"itemListElement\":[{\"@type\":\"ListItem\",\"position\":1,\"name\":\"Portada\",\"item\":\"https:\/\/ledsolintel.com\/fr\/\"},{\"@type\":\"ListItem\",\"position\":2,\"name\":\"Tienda\",\"item\":\"https:\/\/ledsolintel.com\/tienda\/\"},{\"@type\":\"ListItem\",\"position\":3,\"name\":\"TRAM 5 10W de Beneito Faure\"}]},{\"@type\":\"WebSite\",\"@id\":\"https:\/\/ledsolintel.com\/#website\",\"url\":\"https:\/\/ledsolintel.com\/\",\"name\":\"Webmenaje\",\"description\":\"Tienda de bombillas y l\u00e1mparas LED para profesionales\",\"publisher\":{\"@id\":\"https:\/\/ledsolintel.com\/#organization\"},\"potentialAction\":[{\"@type\":\"SearchAction\",\"target\":{\"@type\":\"EntryPoint\",\"urlTemplate\":\"https:\/\/ledsolintel.com\/?s={search_term_string}\"},\"query-input\":{\"@type\":\"PropertyValueSpecification\",\"valueRequired\":true,\"valueName\":\"search_term_string\"}}],\"inLanguage\":\"fr-FR\"},{\"@type\":\"Organization\",\"@id\":\"https:\/\/ledsolintel.com\/#organization\",\"name\":\"Solintel Noroeste, S.L.\",\"url\":\"https:\/\/ledsolintel.com\/\",\"logo\":{\"@type\":\"ImageObject\",\"inLanguage\":\"fr-FR\",\"@id\":\"https:\/\/ledsolintel.com\/#\/schema\/logo\/image\/\",\"url\":\"https:\/\/ledsolintel.com\/wp-content\/uploads\/2024\/11\/webmenaje-logo-1508269066.jpg\",\"contentUrl\":\"https:\/\/ledsolintel.com\/wp-content\/uploads\/2024\/11\/webmenaje-logo-1508269066.jpg\",\"width\":370,\"height\":90,\"caption\":\"Solintel Noroeste, S.L.\"},\"image\":{\"@id\":\"https:\/\/ledsolintel.com\/#\/schema\/logo\/image\/\"},\"sameAs\":[\"http:\/\/www.facebook.com\/webmenaje\",\"https:\/\/x.com\/webmenaje\",\"https:\/\/www.youtube.com\/channel\/UCX2KoVoeCG4LocZjUc6LmSQ\",\"http:\/\/www.pinterest.com\/webmenaje\"]}]}<\/script>\n<!-- \/ Yoast SEO plugin. -->","yoast_head_json":{"title":"TRAM 5 10W par Beneito Faure","description":"L\u00e1mpara empotrable TRAM 5 10W de Beneito Faure. Reproducci\u00f3n crom\u00e1tica precisa para iluminaci\u00f3n de tiendas de moda, joyer\u00edas, galer\u00edas, armarios, etc.","robots":{"index":"index","follow":"follow","max-snippet":"max-snippet:-1","max-image-preview":"max-image-preview:large","max-video-preview":"max-video-preview:-1"},"canonical":"https:\/\/ledsolintel.com\/fr\/produit-2\/tram-5-10w-de-beneito-faure\/","og_locale":"fr_FR","og_type":"article","og_title":"TRAM 5 10W de Beneito Faure","og_description":"L\u00e1mpara empotrable TRAM 5 10W de Beneito Faure. Reproducci\u00f3n crom\u00e1tica precisa para iluminaci\u00f3n de tiendas de moda, joyer\u00edas, galer\u00edas, armarios, etc.","og_url":"https:\/\/ledsolintel.com\/fr\/produit-2\/tram-5-10w-de-beneito-faure\/","og_site_name":"Ledsolintel","article_publisher":"http:\/\/www.facebook.com\/webmenaje","og_image":[{"url":"https:\/\/ledsolintel.com\/wp-content\/uploads\/2021\/03\/12432-TRAM-5-10W-de-Beneito-Faure.jpg","width":1,"height":1,"type":"image\/jpeg"}],"twitter_card":"summary_large_image","twitter_site":"@webmenaje","schema":{"@context":"https:\/\/schema.org","@graph":[{"@type":"WebPage","@id":"https:\/\/ledsolintel.com\/product\/tram-5-10w-de-beneito-faure\/","url":"https:\/\/ledsolintel.com\/product\/tram-5-10w-de-beneito-faure\/","name":"TRAM 5 10W par Beneito Faure","isPartOf":{"@id":"https:\/\/ledsolintel.com\/#website"},"primaryImageOfPage":{"@id":"https:\/\/ledsolintel.com\/product\/tram-5-10w-de-beneito-faure\/#primaryimage"},"image":{"@id":"https:\/\/ledsolintel.com\/product\/tram-5-10w-de-beneito-faure\/#primaryimage"},"thumbnailUrl":"https:\/\/ledsolintel.com\/wp-content\/uploads\/2021\/03\/12432-TRAM-5-10W-de-Beneito-Faure.jpg","datePublished":"2021-03-10T12:58:55+00:00","description":"L\u00e1mpara empotrable TRAM 5 10W de Beneito Faure. Reproducci\u00f3n crom\u00e1tica precisa para iluminaci\u00f3n de tiendas de moda, joyer\u00edas, galer\u00edas, armarios, etc.","breadcrumb":{"@id":"https:\/\/ledsolintel.com\/product\/tram-5-10w-de-beneito-faure\/#breadcrumb"},"inLanguage":"fr-FR","potentialAction":[{"@type":"ReadAction","target":["https:\/\/ledsolintel.com\/product\/tram-5-10w-de-beneito-faure\/"]}]},{"@type":"ImageObject","inLanguage":"fr-FR","@id":"https:\/\/ledsolintel.com\/product\/tram-5-10w-de-beneito-faure\/#primaryimage","url":"https:\/\/ledsolintel.com\/wp-content\/uploads\/2021\/03\/12432-TRAM-5-10W-de-Beneito-Faure.jpg","contentUrl":"https:\/\/ledsolintel.com\/wp-content\/uploads\/2021\/03\/12432-TRAM-5-10W-de-Beneito-Faure.jpg","caption":"TRAM 5 10W de Beneito Faure"},{"@type":"BreadcrumbList","@id":"https:\/\/ledsolintel.com\/product\/tram-5-10w-de-beneito-faure\/#breadcrumb","itemListElement":[{"@type":"ListItem","position":1,"name":"Portada","item":"https:\/\/ledsolintel.com\/fr\/"},{"@type":"ListItem","position":2,"name":"Tienda","item":"https:\/\/ledsolintel.com\/tienda\/"},{"@type":"ListItem","position":3,"name":"TRAM 5 10W de Beneito Faure"}]},{"@type":"WebSite","@id":"https:\/\/ledsolintel.com\/#website","url":"https:\/\/ledsolintel.com\/","name":"Webmenaje","description":"Magasin d'ampoules et de lampes LED pour les professionnels","publisher":{"@id":"https:\/\/ledsolintel.com\/#organization"},"potentialAction":[{"@type":"SearchAction","target":{"@type":"EntryPoint","urlTemplate":"https:\/\/ledsolintel.com\/?s={search_term_string}"},"query-input":{"@type":"PropertyValueSpecification","valueRequired":true,"valueName":"search_term_string"}}],"inLanguage":"fr-FR"},{"@type":"Organization","@id":"https:\/\/ledsolintel.com\/#organization","name":"Solintel Noroeste, S.L.","url":"https:\/\/ledsolintel.com\/","logo":{"@type":"ImageObject","inLanguage":"fr-FR","@id":"https:\/\/ledsolintel.com\/#\/schema\/logo\/image\/","url":"https:\/\/ledsolintel.com\/wp-content\/uploads\/2024\/11\/webmenaje-logo-1508269066.jpg","contentUrl":"https:\/\/ledsolintel.com\/wp-content\/uploads\/2024\/11\/webmenaje-logo-1508269066.jpg","width":370,"height":90,"caption":"Solintel Noroeste, S.L."},"image":{"@id":"https:\/\/ledsolintel.com\/#\/schema\/logo\/image\/"},"sameAs":["http:\/\/www.facebook.com\/webmenaje","https:\/\/x.com\/webmenaje","https:\/\/www.youtube.com\/channel\/UCX2KoVoeCG4LocZjUc6LmSQ","http:\/\/www.pinterest.com\/webmenaje"]}]}},"_links":{"self":[{"href":"https:\/\/ledsolintel.com\/fr\/wp-json\/wp\/v2\/product\/244295","targetHints":{"allow":["GET"]}}],"collection":[{"href":"https:\/\/ledsolintel.com\/fr\/wp-json\/wp\/v2\/product"}],"about":[{"href":"https:\/\/ledsolintel.com\/fr\/wp-json\/wp\/v2\/types\/product"}],"version-history":[{"count":0,"href":"https:\/\/ledsolintel.com\/fr\/wp-json\/wp\/v2\/product\/244295\/revisions"}],"wp:featuredmedia":[{"embeddable":true,"href":"https:\/\/ledsolintel.com\/fr\/wp-json\/wp\/v2\/media\/244292"}],"wp:attachment":[{"href":"https:\/\/ledsolintel.com\/fr\/wp-json\/wp\/v2\/media?parent=244295"}],"wp:term":[{"taxonomy":"product_brand","embeddable":true,"href":"https:\/\/ledsolintel.com\/fr\/wp-json\/wp\/v2\/product_brand?post=244295"},{"taxonomy":"product_cat","embeddable":true,"href":"https:\/\/ledsolintel.com\/fr\/wp-json\/wp\/v2\/product_cat?post=244295"},{"taxonomy":"product_tag","embeddable":true,"href":"https:\/\/ledsolintel.com\/fr\/wp-json\/wp\/v2\/product_tag?post=244295"}],"curies":[{"name":"wp","href":"https:\/\/api.w.org\/{rel}","templated":true}]}}