{"id":244283,"date":"2021-03-10T12:25:32","date_gmt":"2021-03-10T11:25:32","guid":{"rendered":"https:\/\/nueva.ledsolintel.com\/product\/sono-60w-iot-de-beneito-faure\/"},"modified":"2021-03-10T12:25:32","modified_gmt":"2021-03-10T11:25:32","slug":"sono-60w-iot-de-beneito-faure","status":"publish","type":"product","link":"https:\/\/ledsolintel.com\/fr\/produit-2\/sono-60w-iot-de-beneito-faure\/","title":{"rendered":"SONO 60W IoT par Beneito Faure"},"content":{"rendered":"<h1>SONO 60W spot sur rail par Beneito Faure<\/h1>\n<p>\u00a0<\/p>\n<ul>\n<li>Puissance : 60 W<\/li>\n<li>Tension : 220-240 V \/ 50-60 Hz<\/li>\n<li>Luminance : 4390 lm<\/li>\n<li>CCT (r\u00e9glable) : 2600-4000 K<\/li>\n<li>Optique : 30<\/li>\n<li>IRC &gt; 98<\/li>\n<li>UGR &lt; 19<\/li>\n<li>IP20<\/li>\n<li>IK06<\/li>\n<li>Dur\u00e9e de vie : 30 000 h<\/li>\n<li>IoT Tuya<\/li>\n<\/ul>","protected":false},"excerpt":{"rendered":"<p>Spot sur rail SONO 60W de Beneito Faure. Connexion IoT avec le syst\u00e8me Tuya. Luminosit\u00e9 et efficacit\u00e9 \u00e9lev\u00e9es. Rendu pr\u00e9cis des couleurs pour les magasins de v\u00eatements, la mode, les bijouteries, les revendeurs ou les galeries.<\/p>\n<p>Tonalit\u00e9 lumineuse r\u00e9glable.<\/p>","protected":false},"featured_media":244280,"template":"","meta":[],"product_brand":[99357],"product_cat":[99929,99609,99573,99891,99595],"product_tag":[],"class_list":{"0":"post-244283","1":"product","2":"type-product","3":"status-publish","4":"has-post-thumbnail","6":"product_brand-beneito-faure","7":"product_cat-focos-de-carril-de-superficie-y-empotrables-focos-de-carril","8":"product_cat-iluminacion-tecnica","9":"product_cat-iluminacion-interior","10":"product_cat-focos-de-carril","11":"product_cat-lamparas-con-color-de-luz-regulable","12":"pa_acabado-blanco","13":"pa_acabado-negro","16":"instock","17":"taxable","18":"shipping-taxable","19":"purchasable","20":"product-type-variable","21":"has-default-attributes"},"yoast_head":"<!-- This site is optimized with the Yoast SEO plugin v26.6 - https:\/\/yoast.com\/wordpress\/plugins\/seo\/ -->\n<title>SONO 60W IoT de Beneito Faure<\/title>\n<meta name=\"description\" content=\"Foco de carril SONO 60W de Beneito Faure. IoT Tuya. Alta luminosidad y eficiencia. Reproducci\u00f3n crom\u00e1tica precisa para moda, joyer\u00edas, concesionarios o galer\u00edas\" \/>\n<meta name=\"robots\" content=\"index, follow, max-snippet:-1, max-image-preview:large, max-video-preview:-1\" \/>\n<link rel=\"canonical\" href=\"https:\/\/ledsolintel.com\/fr\/produit-2\/sono-60w-iot-de-beneito-faure\/\" \/>\n<meta property=\"og:locale\" content=\"fr_FR\" \/>\n<meta property=\"og:type\" content=\"article\" \/>\n<meta property=\"og:title\" content=\"SONO 60W IoT de Beneito Faure\" \/>\n<meta property=\"og:description\" content=\"Foco de carril SONO 60W de Beneito Faure. IoT Tuya. Alta luminosidad y eficiencia. Reproducci\u00f3n crom\u00e1tica precisa para moda, joyer\u00edas, concesionarios o galer\u00edas\" \/>\n<meta property=\"og:url\" content=\"https:\/\/ledsolintel.com\/fr\/produit-2\/sono-60w-iot-de-beneito-faure\/\" \/>\n<meta property=\"og:site_name\" content=\"Ledsolintel\" \/>\n<meta property=\"article:publisher\" content=\"http:\/\/www.facebook.com\/webmenaje\" \/>\n<meta property=\"og:image\" content=\"https:\/\/ledsolintel.com\/wp-content\/uploads\/2021\/03\/12420-SONO-60W-IoT-de-Beneito-Faure.jpg\" \/>\n\t<meta property=\"og:image:width\" content=\"1\" \/>\n\t<meta property=\"og:image:height\" content=\"1\" \/>\n\t<meta property=\"og:image:type\" content=\"image\/jpeg\" \/>\n<meta name=\"twitter:card\" content=\"summary_large_image\" \/>\n<meta name=\"twitter:site\" content=\"@webmenaje\" \/>\n<script type=\"application\/ld+json\" class=\"yoast-schema-graph\">{\"@context\":\"https:\/\/schema.org\",\"@graph\":[{\"@type\":\"WebPage\",\"@id\":\"https:\/\/ledsolintel.com\/product\/sono-60w-iot-de-beneito-faure\/\",\"url\":\"https:\/\/ledsolintel.com\/product\/sono-60w-iot-de-beneito-faure\/\",\"name\":\"SONO 60W IoT de Beneito Faure\",\"isPartOf\":{\"@id\":\"https:\/\/ledsolintel.com\/#website\"},\"primaryImageOfPage\":{\"@id\":\"https:\/\/ledsolintel.com\/product\/sono-60w-iot-de-beneito-faure\/#primaryimage\"},\"image\":{\"@id\":\"https:\/\/ledsolintel.com\/product\/sono-60w-iot-de-beneito-faure\/#primaryimage\"},\"thumbnailUrl\":\"https:\/\/ledsolintel.com\/wp-content\/uploads\/2021\/03\/12420-SONO-60W-IoT-de-Beneito-Faure.jpg\",\"datePublished\":\"2021-03-10T11:25:32+00:00\",\"description\":\"Foco de carril SONO 60W de Beneito Faure. IoT Tuya. Alta luminosidad y eficiencia. Reproducci\u00f3n crom\u00e1tica precisa para moda, joyer\u00edas, concesionarios o galer\u00edas\",\"breadcrumb\":{\"@id\":\"https:\/\/ledsolintel.com\/product\/sono-60w-iot-de-beneito-faure\/#breadcrumb\"},\"inLanguage\":\"fr-FR\",\"potentialAction\":[{\"@type\":\"ReadAction\",\"target\":[\"https:\/\/ledsolintel.com\/product\/sono-60w-iot-de-beneito-faure\/\"]}]},{\"@type\":\"ImageObject\",\"inLanguage\":\"fr-FR\",\"@id\":\"https:\/\/ledsolintel.com\/product\/sono-60w-iot-de-beneito-faure\/#primaryimage\",\"url\":\"https:\/\/ledsolintel.com\/wp-content\/uploads\/2021\/03\/12420-SONO-60W-IoT-de-Beneito-Faure.jpg\",\"contentUrl\":\"https:\/\/ledsolintel.com\/wp-content\/uploads\/2021\/03\/12420-SONO-60W-IoT-de-Beneito-Faure.jpg\",\"caption\":\"SONO 60W IoT de Beneito Faure\"},{\"@type\":\"BreadcrumbList\",\"@id\":\"https:\/\/ledsolintel.com\/product\/sono-60w-iot-de-beneito-faure\/#breadcrumb\",\"itemListElement\":[{\"@type\":\"ListItem\",\"position\":1,\"name\":\"Portada\",\"item\":\"https:\/\/ledsolintel.com\/fr\/\"},{\"@type\":\"ListItem\",\"position\":2,\"name\":\"Tienda\",\"item\":\"https:\/\/ledsolintel.com\/tienda\/\"},{\"@type\":\"ListItem\",\"position\":3,\"name\":\"SONO 60W IoT de Beneito Faure\"}]},{\"@type\":\"WebSite\",\"@id\":\"https:\/\/ledsolintel.com\/#website\",\"url\":\"https:\/\/ledsolintel.com\/\",\"name\":\"Webmenaje\",\"description\":\"Tienda de bombillas y l\u00e1mparas LED para profesionales\",\"publisher\":{\"@id\":\"https:\/\/ledsolintel.com\/#organization\"},\"potentialAction\":[{\"@type\":\"SearchAction\",\"target\":{\"@type\":\"EntryPoint\",\"urlTemplate\":\"https:\/\/ledsolintel.com\/?s={search_term_string}\"},\"query-input\":{\"@type\":\"PropertyValueSpecification\",\"valueRequired\":true,\"valueName\":\"search_term_string\"}}],\"inLanguage\":\"fr-FR\"},{\"@type\":\"Organization\",\"@id\":\"https:\/\/ledsolintel.com\/#organization\",\"name\":\"Solintel Noroeste, S.L.\",\"url\":\"https:\/\/ledsolintel.com\/\",\"logo\":{\"@type\":\"ImageObject\",\"inLanguage\":\"fr-FR\",\"@id\":\"https:\/\/ledsolintel.com\/#\/schema\/logo\/image\/\",\"url\":\"https:\/\/ledsolintel.com\/wp-content\/uploads\/2024\/11\/webmenaje-logo-1508269066.jpg\",\"contentUrl\":\"https:\/\/ledsolintel.com\/wp-content\/uploads\/2024\/11\/webmenaje-logo-1508269066.jpg\",\"width\":370,\"height\":90,\"caption\":\"Solintel Noroeste, S.L.\"},\"image\":{\"@id\":\"https:\/\/ledsolintel.com\/#\/schema\/logo\/image\/\"},\"sameAs\":[\"http:\/\/www.facebook.com\/webmenaje\",\"https:\/\/x.com\/webmenaje\",\"https:\/\/www.youtube.com\/channel\/UCX2KoVoeCG4LocZjUc6LmSQ\",\"http:\/\/www.pinterest.com\/webmenaje\"]}]}<\/script>\n<!-- \/ Yoast SEO plugin. -->","yoast_head_json":{"title":"SONO 60W IoT par Beneito Faure","description":"SONO 60W track spotlight by Beneito Faure. IoT Tuya. Luminosit\u00e9 et efficacit\u00e9 \u00e9lev\u00e9es. Rendu pr\u00e9cis des couleurs pour les boutiques de mode, les bijouteries, les revendeurs ou les galeries.","robots":{"index":"index","follow":"follow","max-snippet":"max-snippet:-1","max-image-preview":"max-image-preview:large","max-video-preview":"max-video-preview:-1"},"canonical":"https:\/\/ledsolintel.com\/fr\/produit-2\/sono-60w-iot-de-beneito-faure\/","og_locale":"fr_FR","og_type":"article","og_title":"SONO 60W IoT de Beneito Faure","og_description":"Foco de carril SONO 60W de Beneito Faure. IoT Tuya. Alta luminosidad y eficiencia. Reproducci\u00f3n crom\u00e1tica precisa para moda, joyer\u00edas, concesionarios o galer\u00edas","og_url":"https:\/\/ledsolintel.com\/fr\/produit-2\/sono-60w-iot-de-beneito-faure\/","og_site_name":"Ledsolintel","article_publisher":"http:\/\/www.facebook.com\/webmenaje","og_image":[{"url":"https:\/\/ledsolintel.com\/wp-content\/uploads\/2021\/03\/12420-SONO-60W-IoT-de-Beneito-Faure.jpg","width":1,"height":1,"type":"image\/jpeg"}],"twitter_card":"summary_large_image","twitter_site":"@webmenaje","schema":{"@context":"https:\/\/schema.org","@graph":[{"@type":"WebPage","@id":"https:\/\/ledsolintel.com\/product\/sono-60w-iot-de-beneito-faure\/","url":"https:\/\/ledsolintel.com\/product\/sono-60w-iot-de-beneito-faure\/","name":"SONO 60W IoT par Beneito Faure","isPartOf":{"@id":"https:\/\/ledsolintel.com\/#website"},"primaryImageOfPage":{"@id":"https:\/\/ledsolintel.com\/product\/sono-60w-iot-de-beneito-faure\/#primaryimage"},"image":{"@id":"https:\/\/ledsolintel.com\/product\/sono-60w-iot-de-beneito-faure\/#primaryimage"},"thumbnailUrl":"https:\/\/ledsolintel.com\/wp-content\/uploads\/2021\/03\/12420-SONO-60W-IoT-de-Beneito-Faure.jpg","datePublished":"2021-03-10T11:25:32+00:00","description":"SONO 60W track spotlight by Beneito Faure. IoT Tuya. Luminosit\u00e9 et efficacit\u00e9 \u00e9lev\u00e9es. Rendu pr\u00e9cis des couleurs pour les boutiques de mode, les bijouteries, les revendeurs ou les galeries.","breadcrumb":{"@id":"https:\/\/ledsolintel.com\/product\/sono-60w-iot-de-beneito-faure\/#breadcrumb"},"inLanguage":"fr-FR","potentialAction":[{"@type":"ReadAction","target":["https:\/\/ledsolintel.com\/product\/sono-60w-iot-de-beneito-faure\/"]}]},{"@type":"ImageObject","inLanguage":"fr-FR","@id":"https:\/\/ledsolintel.com\/product\/sono-60w-iot-de-beneito-faure\/#primaryimage","url":"https:\/\/ledsolintel.com\/wp-content\/uploads\/2021\/03\/12420-SONO-60W-IoT-de-Beneito-Faure.jpg","contentUrl":"https:\/\/ledsolintel.com\/wp-content\/uploads\/2021\/03\/12420-SONO-60W-IoT-de-Beneito-Faure.jpg","caption":"SONO 60W IoT de Beneito Faure"},{"@type":"BreadcrumbList","@id":"https:\/\/ledsolintel.com\/product\/sono-60w-iot-de-beneito-faure\/#breadcrumb","itemListElement":[{"@type":"ListItem","position":1,"name":"Portada","item":"https:\/\/ledsolintel.com\/fr\/"},{"@type":"ListItem","position":2,"name":"Tienda","item":"https:\/\/ledsolintel.com\/tienda\/"},{"@type":"ListItem","position":3,"name":"SONO 60W IoT de Beneito Faure"}]},{"@type":"WebSite","@id":"https:\/\/ledsolintel.com\/#website","url":"https:\/\/ledsolintel.com\/","name":"Webmenaje","description":"Magasin d'ampoules et de lampes LED pour les professionnels","publisher":{"@id":"https:\/\/ledsolintel.com\/#organization"},"potentialAction":[{"@type":"SearchAction","target":{"@type":"EntryPoint","urlTemplate":"https:\/\/ledsolintel.com\/?s={search_term_string}"},"query-input":{"@type":"PropertyValueSpecification","valueRequired":true,"valueName":"search_term_string"}}],"inLanguage":"fr-FR"},{"@type":"Organization","@id":"https:\/\/ledsolintel.com\/#organization","name":"Solintel Noroeste, S.L.","url":"https:\/\/ledsolintel.com\/","logo":{"@type":"ImageObject","inLanguage":"fr-FR","@id":"https:\/\/ledsolintel.com\/#\/schema\/logo\/image\/","url":"https:\/\/ledsolintel.com\/wp-content\/uploads\/2024\/11\/webmenaje-logo-1508269066.jpg","contentUrl":"https:\/\/ledsolintel.com\/wp-content\/uploads\/2024\/11\/webmenaje-logo-1508269066.jpg","width":370,"height":90,"caption":"Solintel Noroeste, S.L."},"image":{"@id":"https:\/\/ledsolintel.com\/#\/schema\/logo\/image\/"},"sameAs":["http:\/\/www.facebook.com\/webmenaje","https:\/\/x.com\/webmenaje","https:\/\/www.youtube.com\/channel\/UCX2KoVoeCG4LocZjUc6LmSQ","http:\/\/www.pinterest.com\/webmenaje"]}]}},"_links":{"self":[{"href":"https:\/\/ledsolintel.com\/fr\/wp-json\/wp\/v2\/product\/244283","targetHints":{"allow":["GET"]}}],"collection":[{"href":"https:\/\/ledsolintel.com\/fr\/wp-json\/wp\/v2\/product"}],"about":[{"href":"https:\/\/ledsolintel.com\/fr\/wp-json\/wp\/v2\/types\/product"}],"version-history":[{"count":0,"href":"https:\/\/ledsolintel.com\/fr\/wp-json\/wp\/v2\/product\/244283\/revisions"}],"wp:featuredmedia":[{"embeddable":true,"href":"https:\/\/ledsolintel.com\/fr\/wp-json\/wp\/v2\/media\/244280"}],"wp:attachment":[{"href":"https:\/\/ledsolintel.com\/fr\/wp-json\/wp\/v2\/media?parent=244283"}],"wp:term":[{"taxonomy":"product_brand","embeddable":true,"href":"https:\/\/ledsolintel.com\/fr\/wp-json\/wp\/v2\/product_brand?post=244283"},{"taxonomy":"product_cat","embeddable":true,"href":"https:\/\/ledsolintel.com\/fr\/wp-json\/wp\/v2\/product_cat?post=244283"},{"taxonomy":"product_tag","embeddable":true,"href":"https:\/\/ledsolintel.com\/fr\/wp-json\/wp\/v2\/product_tag?post=244283"}],"curies":[{"name":"wp","href":"https:\/\/api.w.org\/{rel}","templated":true}]}}