{"id":244228,"date":"2021-03-08T18:10:51","date_gmt":"2021-03-08T17:10:51","guid":{"rendered":"https:\/\/nueva.ledsolintel.com\/product\/led-sky-switch-20w-de-beneito-faure\/"},"modified":"2021-03-08T18:10:51","modified_gmt":"2021-03-08T17:10:51","slug":"interrupteur-led-sky-20w-de-beneito-faure","status":"publish","type":"product","link":"https:\/\/ledsolintel.com\/fr\/produit-2\/interrupteur-led-sky-20w-de-beneito-faure\/","title":{"rendered":"LED SKY SWITCH 20W de Beneito Faure"},"content":{"rendered":"<h1>Beneito Faure Spot LED SKY 20W SWITCH<\/h1>\n<h1><\/h1>\n<ul>\n<li>Puissance : 20 W<\/li>\n<li>Tension : 220 - 240V AC<\/li>\n<li>Raccordement \u00e9tanche<\/li>\n<li>CCT : 3000 K - 4000 K - 5000 K (dimmable avec le syst\u00e8me d'interrupteur)<\/li>\n<li>Flux lumineux : 2400 lm<\/li>\n<li>Optique : 110\u00ba.<\/li>\n<li>Protection IP65<\/li>\n<li>Protection IK08<\/li>\n<li>C.R.I. &gt; 80<\/li>\n<li>Facteur de puissance &gt; 0,9<\/li>\n<li>Peinture anticorrosion<\/li>\n<li>Protection contre les surcharges &gt; 1 kW<\/li>\n<\/ul>","protected":false},"excerpt":{"rendered":"<p>La gamme SKY de Beneito Faure offre des projecteurs de haute qualit\u00e9 et efficaces. Avec un facteur de puissance optimis\u00e9, ils \u00e9mettent une lumi\u00e8re tr\u00e8s puissante avec une tr\u00e8s faible consommation. Pour l'\u00e9clairage ext\u00e9rieur.<\/p>\n<p>Syst\u00e8me de commutation pour changer la CCT (temp\u00e9rature de couleur)<\/p>","protected":false},"featured_media":244224,"template":"","meta":[],"product_brand":[99357],"product_cat":[99691,99595],"product_tag":[],"class_list":{"0":"post-244228","1":"product","2":"type-product","3":"status-publish","4":"has-post-thumbnail","6":"product_brand-beneito-faure","7":"product_cat-proyectores-para-exterior-y-transporte","8":"product_cat-lamparas-con-color-de-luz-regulable","9":"pa_acabado-blanco","10":"pa_acabado-gris","11":"pa_acabado-negro","14":"instock","15":"taxable","16":"shipping-taxable","17":"purchasable","18":"product-type-variable","19":"has-default-attributes"},"yoast_head":"<!-- This site is optimized with the Yoast SEO plugin v26.6 - https:\/\/yoast.com\/wordpress\/plugins\/seo\/ -->\n<title>LED SKY SWITCH 20W de Beneito Faure<\/title>\n<meta name=\"description\" content=\"La gama Sky de Beneito Faure. Proyectores de calidad y eficiencia. Factor de potencia optimizado, bajo consumo. CCT regulable con sistema switch\" \/>\n<meta name=\"robots\" content=\"index, follow, max-snippet:-1, max-image-preview:large, max-video-preview:-1\" \/>\n<link rel=\"canonical\" href=\"https:\/\/ledsolintel.com\/fr\/produit-2\/interrupteur-led-sky-20w-de-beneito-faure\/\" \/>\n<meta property=\"og:locale\" content=\"fr_FR\" \/>\n<meta property=\"og:type\" content=\"article\" \/>\n<meta property=\"og:title\" content=\"LED SKY SWITCH 20W de Beneito Faure\" \/>\n<meta property=\"og:description\" content=\"La gama Sky de Beneito Faure. Proyectores de calidad y eficiencia. Factor de potencia optimizado, bajo consumo. CCT regulable con sistema switch\" \/>\n<meta property=\"og:url\" content=\"https:\/\/ledsolintel.com\/fr\/produit-2\/interrupteur-led-sky-20w-de-beneito-faure\/\" \/>\n<meta property=\"og:site_name\" content=\"Ledsolintel\" \/>\n<meta property=\"article:publisher\" content=\"http:\/\/www.facebook.com\/webmenaje\" \/>\n<meta property=\"og:image\" content=\"https:\/\/ledsolintel.com\/wp-content\/uploads\/2021\/03\/12389-LED-SKY-SWITCH-20W-de-Beneito-Faure.jpg\" \/>\n\t<meta property=\"og:image:width\" content=\"1\" \/>\n\t<meta property=\"og:image:height\" content=\"1\" \/>\n\t<meta property=\"og:image:type\" content=\"image\/jpeg\" \/>\n<meta name=\"twitter:card\" content=\"summary_large_image\" \/>\n<meta name=\"twitter:site\" content=\"@webmenaje\" \/>\n<script type=\"application\/ld+json\" class=\"yoast-schema-graph\">{\"@context\":\"https:\/\/schema.org\",\"@graph\":[{\"@type\":\"WebPage\",\"@id\":\"https:\/\/ledsolintel.com\/product\/led-sky-switch-20w-de-beneito-faure\/\",\"url\":\"https:\/\/ledsolintel.com\/product\/led-sky-switch-20w-de-beneito-faure\/\",\"name\":\"LED SKY SWITCH 20W de Beneito Faure\",\"isPartOf\":{\"@id\":\"https:\/\/ledsolintel.com\/#website\"},\"primaryImageOfPage\":{\"@id\":\"https:\/\/ledsolintel.com\/product\/led-sky-switch-20w-de-beneito-faure\/#primaryimage\"},\"image\":{\"@id\":\"https:\/\/ledsolintel.com\/product\/led-sky-switch-20w-de-beneito-faure\/#primaryimage\"},\"thumbnailUrl\":\"https:\/\/ledsolintel.com\/wp-content\/uploads\/2021\/03\/12389-LED-SKY-SWITCH-20W-de-Beneito-Faure.jpg\",\"datePublished\":\"2021-03-08T17:10:51+00:00\",\"description\":\"La gama Sky de Beneito Faure. Proyectores de calidad y eficiencia. Factor de potencia optimizado, bajo consumo. CCT regulable con sistema switch\",\"breadcrumb\":{\"@id\":\"https:\/\/ledsolintel.com\/product\/led-sky-switch-20w-de-beneito-faure\/#breadcrumb\"},\"inLanguage\":\"fr-FR\",\"potentialAction\":[{\"@type\":\"ReadAction\",\"target\":[\"https:\/\/ledsolintel.com\/product\/led-sky-switch-20w-de-beneito-faure\/\"]}]},{\"@type\":\"ImageObject\",\"inLanguage\":\"fr-FR\",\"@id\":\"https:\/\/ledsolintel.com\/product\/led-sky-switch-20w-de-beneito-faure\/#primaryimage\",\"url\":\"https:\/\/ledsolintel.com\/wp-content\/uploads\/2021\/03\/12389-LED-SKY-SWITCH-20W-de-Beneito-Faure.jpg\",\"contentUrl\":\"https:\/\/ledsolintel.com\/wp-content\/uploads\/2021\/03\/12389-LED-SKY-SWITCH-20W-de-Beneito-Faure.jpg\",\"caption\":\"LED SKY SWITCH 20W de Beneito Faure\"},{\"@type\":\"BreadcrumbList\",\"@id\":\"https:\/\/ledsolintel.com\/product\/led-sky-switch-20w-de-beneito-faure\/#breadcrumb\",\"itemListElement\":[{\"@type\":\"ListItem\",\"position\":1,\"name\":\"Portada\",\"item\":\"https:\/\/ledsolintel.com\/fr\/\"},{\"@type\":\"ListItem\",\"position\":2,\"name\":\"Tienda\",\"item\":\"https:\/\/ledsolintel.com\/tienda\/\"},{\"@type\":\"ListItem\",\"position\":3,\"name\":\"LED SKY SWITCH 20W de Beneito Faure\"}]},{\"@type\":\"WebSite\",\"@id\":\"https:\/\/ledsolintel.com\/#website\",\"url\":\"https:\/\/ledsolintel.com\/\",\"name\":\"Webmenaje\",\"description\":\"Tienda de bombillas y l\u00e1mparas LED para profesionales\",\"publisher\":{\"@id\":\"https:\/\/ledsolintel.com\/#organization\"},\"potentialAction\":[{\"@type\":\"SearchAction\",\"target\":{\"@type\":\"EntryPoint\",\"urlTemplate\":\"https:\/\/ledsolintel.com\/?s={search_term_string}\"},\"query-input\":{\"@type\":\"PropertyValueSpecification\",\"valueRequired\":true,\"valueName\":\"search_term_string\"}}],\"inLanguage\":\"fr-FR\"},{\"@type\":\"Organization\",\"@id\":\"https:\/\/ledsolintel.com\/#organization\",\"name\":\"Solintel Noroeste, S.L.\",\"url\":\"https:\/\/ledsolintel.com\/\",\"logo\":{\"@type\":\"ImageObject\",\"inLanguage\":\"fr-FR\",\"@id\":\"https:\/\/ledsolintel.com\/#\/schema\/logo\/image\/\",\"url\":\"https:\/\/ledsolintel.com\/wp-content\/uploads\/2024\/11\/webmenaje-logo-1508269066.jpg\",\"contentUrl\":\"https:\/\/ledsolintel.com\/wp-content\/uploads\/2024\/11\/webmenaje-logo-1508269066.jpg\",\"width\":370,\"height\":90,\"caption\":\"Solintel Noroeste, S.L.\"},\"image\":{\"@id\":\"https:\/\/ledsolintel.com\/#\/schema\/logo\/image\/\"},\"sameAs\":[\"http:\/\/www.facebook.com\/webmenaje\",\"https:\/\/x.com\/webmenaje\",\"https:\/\/www.youtube.com\/channel\/UCX2KoVoeCG4LocZjUc6LmSQ\",\"http:\/\/www.pinterest.com\/webmenaje\"]}]}<\/script>\n<!-- \/ Yoast SEO plugin. -->","yoast_head_json":{"title":"LED SKY SWITCH 20W de Beneito Faure","description":"La gamme Sky de Beneito Faure. Des projecteurs de qualit\u00e9 et d'efficacit\u00e9. Facteur de puissance optimis\u00e9, faible consommation. CCT dimmable avec syst\u00e8me de commutation","robots":{"index":"index","follow":"follow","max-snippet":"max-snippet:-1","max-image-preview":"max-image-preview:large","max-video-preview":"max-video-preview:-1"},"canonical":"https:\/\/ledsolintel.com\/fr\/produit-2\/interrupteur-led-sky-20w-de-beneito-faure\/","og_locale":"fr_FR","og_type":"article","og_title":"LED SKY SWITCH 20W de Beneito Faure","og_description":"La gama Sky de Beneito Faure. Proyectores de calidad y eficiencia. Factor de potencia optimizado, bajo consumo. CCT regulable con sistema switch","og_url":"https:\/\/ledsolintel.com\/fr\/produit-2\/interrupteur-led-sky-20w-de-beneito-faure\/","og_site_name":"Ledsolintel","article_publisher":"http:\/\/www.facebook.com\/webmenaje","og_image":[{"url":"https:\/\/ledsolintel.com\/wp-content\/uploads\/2021\/03\/12389-LED-SKY-SWITCH-20W-de-Beneito-Faure.jpg","width":1,"height":1,"type":"image\/jpeg"}],"twitter_card":"summary_large_image","twitter_site":"@webmenaje","schema":{"@context":"https:\/\/schema.org","@graph":[{"@type":"WebPage","@id":"https:\/\/ledsolintel.com\/product\/led-sky-switch-20w-de-beneito-faure\/","url":"https:\/\/ledsolintel.com\/product\/led-sky-switch-20w-de-beneito-faure\/","name":"LED SKY SWITCH 20W de Beneito Faure","isPartOf":{"@id":"https:\/\/ledsolintel.com\/#website"},"primaryImageOfPage":{"@id":"https:\/\/ledsolintel.com\/product\/led-sky-switch-20w-de-beneito-faure\/#primaryimage"},"image":{"@id":"https:\/\/ledsolintel.com\/product\/led-sky-switch-20w-de-beneito-faure\/#primaryimage"},"thumbnailUrl":"https:\/\/ledsolintel.com\/wp-content\/uploads\/2021\/03\/12389-LED-SKY-SWITCH-20W-de-Beneito-Faure.jpg","datePublished":"2021-03-08T17:10:51+00:00","description":"La gamme Sky de Beneito Faure. Des projecteurs de qualit\u00e9 et d'efficacit\u00e9. Facteur de puissance optimis\u00e9, faible consommation. CCT dimmable avec syst\u00e8me de commutation","breadcrumb":{"@id":"https:\/\/ledsolintel.com\/product\/led-sky-switch-20w-de-beneito-faure\/#breadcrumb"},"inLanguage":"fr-FR","potentialAction":[{"@type":"ReadAction","target":["https:\/\/ledsolintel.com\/product\/led-sky-switch-20w-de-beneito-faure\/"]}]},{"@type":"ImageObject","inLanguage":"fr-FR","@id":"https:\/\/ledsolintel.com\/product\/led-sky-switch-20w-de-beneito-faure\/#primaryimage","url":"https:\/\/ledsolintel.com\/wp-content\/uploads\/2021\/03\/12389-LED-SKY-SWITCH-20W-de-Beneito-Faure.jpg","contentUrl":"https:\/\/ledsolintel.com\/wp-content\/uploads\/2021\/03\/12389-LED-SKY-SWITCH-20W-de-Beneito-Faure.jpg","caption":"LED SKY SWITCH 20W de Beneito Faure"},{"@type":"BreadcrumbList","@id":"https:\/\/ledsolintel.com\/product\/led-sky-switch-20w-de-beneito-faure\/#breadcrumb","itemListElement":[{"@type":"ListItem","position":1,"name":"Portada","item":"https:\/\/ledsolintel.com\/fr\/"},{"@type":"ListItem","position":2,"name":"Tienda","item":"https:\/\/ledsolintel.com\/tienda\/"},{"@type":"ListItem","position":3,"name":"LED SKY SWITCH 20W de Beneito Faure"}]},{"@type":"WebSite","@id":"https:\/\/ledsolintel.com\/#website","url":"https:\/\/ledsolintel.com\/","name":"Webmenaje","description":"Magasin d'ampoules et de lampes LED pour les professionnels","publisher":{"@id":"https:\/\/ledsolintel.com\/#organization"},"potentialAction":[{"@type":"SearchAction","target":{"@type":"EntryPoint","urlTemplate":"https:\/\/ledsolintel.com\/?s={search_term_string}"},"query-input":{"@type":"PropertyValueSpecification","valueRequired":true,"valueName":"search_term_string"}}],"inLanguage":"fr-FR"},{"@type":"Organization","@id":"https:\/\/ledsolintel.com\/#organization","name":"Solintel Noroeste, S.L.","url":"https:\/\/ledsolintel.com\/","logo":{"@type":"ImageObject","inLanguage":"fr-FR","@id":"https:\/\/ledsolintel.com\/#\/schema\/logo\/image\/","url":"https:\/\/ledsolintel.com\/wp-content\/uploads\/2024\/11\/webmenaje-logo-1508269066.jpg","contentUrl":"https:\/\/ledsolintel.com\/wp-content\/uploads\/2024\/11\/webmenaje-logo-1508269066.jpg","width":370,"height":90,"caption":"Solintel Noroeste, S.L."},"image":{"@id":"https:\/\/ledsolintel.com\/#\/schema\/logo\/image\/"},"sameAs":["http:\/\/www.facebook.com\/webmenaje","https:\/\/x.com\/webmenaje","https:\/\/www.youtube.com\/channel\/UCX2KoVoeCG4LocZjUc6LmSQ","http:\/\/www.pinterest.com\/webmenaje"]}]}},"_links":{"self":[{"href":"https:\/\/ledsolintel.com\/fr\/wp-json\/wp\/v2\/product\/244228","targetHints":{"allow":["GET"]}}],"collection":[{"href":"https:\/\/ledsolintel.com\/fr\/wp-json\/wp\/v2\/product"}],"about":[{"href":"https:\/\/ledsolintel.com\/fr\/wp-json\/wp\/v2\/types\/product"}],"version-history":[{"count":0,"href":"https:\/\/ledsolintel.com\/fr\/wp-json\/wp\/v2\/product\/244228\/revisions"}],"wp:featuredmedia":[{"embeddable":true,"href":"https:\/\/ledsolintel.com\/fr\/wp-json\/wp\/v2\/media\/244224"}],"wp:attachment":[{"href":"https:\/\/ledsolintel.com\/fr\/wp-json\/wp\/v2\/media?parent=244228"}],"wp:term":[{"taxonomy":"product_brand","embeddable":true,"href":"https:\/\/ledsolintel.com\/fr\/wp-json\/wp\/v2\/product_brand?post=244228"},{"taxonomy":"product_cat","embeddable":true,"href":"https:\/\/ledsolintel.com\/fr\/wp-json\/wp\/v2\/product_cat?post=244228"},{"taxonomy":"product_tag","embeddable":true,"href":"https:\/\/ledsolintel.com\/fr\/wp-json\/wp\/v2\/product_tag?post=244228"}],"curies":[{"name":"wp","href":"https:\/\/api.w.org\/{rel}","templated":true}]}}