{"id":244212,"date":"2021-03-08T17:27:18","date_gmt":"2021-03-08T16:27:18","guid":{"rendered":"https:\/\/nueva.ledsolintel.com\/product\/narrow-dimmable-7w-gu10-led-de-beneito-faure\/"},"modified":"2021-03-08T17:27:18","modified_gmt":"2021-03-08T16:27:18","slug":"led-de-beneito-faure-7w-gu10-dimmable-etroit","status":"publish","type":"product","link":"https:\/\/ledsolintel.com\/fr\/produit-2\/led-de-beneito-faure-7w-gu10-dimmable-etroit\/","title":{"rendered":"NARROW 7W GU10 LED dimmable par Beneito Faure"},"content":{"rendered":"<h1>NARROW 7W GU10 LED dimmable par Beneito Faure<\/h1>\n<\/p>\n<ul>\n<li>Puissance : 7 W (avec variateur)<\/li>\n<li>Tension : 220-240 V \/ 50-60 Hz<\/li>\n<li>Luminosit\u00e9 : 400-420 lm<\/li>\n<li>Optique : 15<\/li>\n<li>CCT :\n<ul>\n<li>2700 K<\/li>\n<li>3000 K<\/li>\n<\/ul>\n<\/li>\n<li>Dur\u00e9e de vie : 25 000 heures<\/li>\n<li>IP40<\/li>\n<li>C.R.I. &gt;80<\/li>\n<li>Dimensions : 50\u00d750 mm<\/li>\n<li>PF &gt; 0,8<\/li>\n<li>Douille : GU10<\/li>\n<\/ul>","protected":false},"excerpt":{"rendered":"<p>NARROW dimmable 7W GU10 LED dichro\u00efque par Beneito Faure. Angle tr\u00e8s concentr\u00e9 pour l'\u00e9clairage d'objets sp\u00e9cifiques tels que des tableaux ou des vitrines. Temp\u00e9rature de couleur chaude pour les zones de repos. Parfait pour les restaurants, les salons et les salles d'attente (Temporairement en rupture de stock ; remplacement pr\u00e9vu fin janvier).<\/p>","protected":false},"featured_media":244211,"template":"","meta":[],"product_brand":[99357],"product_cat":[99695,99571],"product_tag":[],"class_list":{"0":"post-244212","1":"product","2":"type-product","3":"status-publish","4":"has-post-thumbnail","6":"product_brand-beneito-faure","7":"product_cat-bombillas-con-conexion-gu10-directas-a-220v","8":"product_cat-bombillas-led","9":"pa_cct-calido3000k","10":"pa_cct-muycalido2700k","13":"instock","14":"taxable","15":"shipping-taxable","16":"purchasable","17":"product-type-variable","18":"has-default-attributes"},"yoast_head":"<!-- This site is optimized with the Yoast SEO plugin v26.6 - https:\/\/yoast.com\/wordpress\/plugins\/seo\/ -->\n<title>NARROW dimmable 7W GU10 LED de Beneito Faure<\/title>\n<meta name=\"description\" content=\"NARROW dimmable 7W GU10 LED de Beneito Faure. \u00c1ngulo concentrado iluminaci\u00f3n de objetos espec\u00edficos como cuadros o vitrinas. Temperatura de color muy c\u00e1lida\" \/>\n<meta name=\"robots\" content=\"index, follow, max-snippet:-1, max-image-preview:large, max-video-preview:-1\" \/>\n<link rel=\"canonical\" href=\"https:\/\/ledsolintel.com\/fr\/produit-2\/led-de-beneito-faure-7w-gu10-dimmable-etroit\/\" \/>\n<meta property=\"og:locale\" content=\"fr_FR\" \/>\n<meta property=\"og:type\" content=\"article\" \/>\n<meta property=\"og:title\" content=\"NARROW dimmable 7W GU10 LED de Beneito Faure\" \/>\n<meta property=\"og:description\" content=\"NARROW dimmable 7W GU10 LED de Beneito Faure. \u00c1ngulo concentrado iluminaci\u00f3n de objetos espec\u00edficos como cuadros o vitrinas. Temperatura de color muy c\u00e1lida\" \/>\n<meta property=\"og:url\" content=\"https:\/\/ledsolintel.com\/fr\/produit-2\/led-de-beneito-faure-7w-gu10-dimmable-etroit\/\" \/>\n<meta property=\"og:site_name\" content=\"Ledsolintel\" \/>\n<meta property=\"article:publisher\" content=\"http:\/\/www.facebook.com\/webmenaje\" \/>\n<meta property=\"og:image\" content=\"https:\/\/ledsolintel.com\/wp-content\/uploads\/2021\/03\/12383-NARROW-dimmable-7W-GU10-LED-de-Beneito-Faure.jpg\" \/>\n\t<meta property=\"og:image:width\" content=\"1\" \/>\n\t<meta property=\"og:image:height\" content=\"1\" \/>\n\t<meta property=\"og:image:type\" content=\"image\/jpeg\" \/>\n<meta name=\"twitter:card\" content=\"summary_large_image\" \/>\n<meta name=\"twitter:site\" content=\"@webmenaje\" \/>\n<script type=\"application\/ld+json\" class=\"yoast-schema-graph\">{\"@context\":\"https:\/\/schema.org\",\"@graph\":[{\"@type\":\"WebPage\",\"@id\":\"https:\/\/ledsolintel.com\/product\/narrow-dimmable-7w-gu10-led-de-beneito-faure\/\",\"url\":\"https:\/\/ledsolintel.com\/product\/narrow-dimmable-7w-gu10-led-de-beneito-faure\/\",\"name\":\"NARROW dimmable 7W GU10 LED de Beneito Faure\",\"isPartOf\":{\"@id\":\"https:\/\/ledsolintel.com\/#website\"},\"primaryImageOfPage\":{\"@id\":\"https:\/\/ledsolintel.com\/product\/narrow-dimmable-7w-gu10-led-de-beneito-faure\/#primaryimage\"},\"image\":{\"@id\":\"https:\/\/ledsolintel.com\/product\/narrow-dimmable-7w-gu10-led-de-beneito-faure\/#primaryimage\"},\"thumbnailUrl\":\"https:\/\/ledsolintel.com\/wp-content\/uploads\/2021\/03\/12383-NARROW-dimmable-7W-GU10-LED-de-Beneito-Faure.jpg\",\"datePublished\":\"2021-03-08T16:27:18+00:00\",\"description\":\"NARROW dimmable 7W GU10 LED de Beneito Faure. \u00c1ngulo concentrado iluminaci\u00f3n de objetos espec\u00edficos como cuadros o vitrinas. Temperatura de color muy c\u00e1lida\",\"breadcrumb\":{\"@id\":\"https:\/\/ledsolintel.com\/product\/narrow-dimmable-7w-gu10-led-de-beneito-faure\/#breadcrumb\"},\"inLanguage\":\"fr-FR\",\"potentialAction\":[{\"@type\":\"ReadAction\",\"target\":[\"https:\/\/ledsolintel.com\/product\/narrow-dimmable-7w-gu10-led-de-beneito-faure\/\"]}]},{\"@type\":\"ImageObject\",\"inLanguage\":\"fr-FR\",\"@id\":\"https:\/\/ledsolintel.com\/product\/narrow-dimmable-7w-gu10-led-de-beneito-faure\/#primaryimage\",\"url\":\"https:\/\/ledsolintel.com\/wp-content\/uploads\/2021\/03\/12383-NARROW-dimmable-7W-GU10-LED-de-Beneito-Faure.jpg\",\"contentUrl\":\"https:\/\/ledsolintel.com\/wp-content\/uploads\/2021\/03\/12383-NARROW-dimmable-7W-GU10-LED-de-Beneito-Faure.jpg\",\"caption\":\"NARROW dimmable 7W GU10 LED de Beneito Faure\"},{\"@type\":\"BreadcrumbList\",\"@id\":\"https:\/\/ledsolintel.com\/product\/narrow-dimmable-7w-gu10-led-de-beneito-faure\/#breadcrumb\",\"itemListElement\":[{\"@type\":\"ListItem\",\"position\":1,\"name\":\"Portada\",\"item\":\"https:\/\/ledsolintel.com\/fr\/\"},{\"@type\":\"ListItem\",\"position\":2,\"name\":\"Tienda\",\"item\":\"https:\/\/ledsolintel.com\/tienda\/\"},{\"@type\":\"ListItem\",\"position\":3,\"name\":\"NARROW 7W GU10 LED dimmable de Beneito Faure\"}]},{\"@type\":\"WebSite\",\"@id\":\"https:\/\/ledsolintel.com\/#website\",\"url\":\"https:\/\/ledsolintel.com\/\",\"name\":\"Webmenaje\",\"description\":\"Tienda de bombillas y l\u00e1mparas LED para profesionales\",\"publisher\":{\"@id\":\"https:\/\/ledsolintel.com\/#organization\"},\"potentialAction\":[{\"@type\":\"SearchAction\",\"target\":{\"@type\":\"EntryPoint\",\"urlTemplate\":\"https:\/\/ledsolintel.com\/?s={search_term_string}\"},\"query-input\":{\"@type\":\"PropertyValueSpecification\",\"valueRequired\":true,\"valueName\":\"search_term_string\"}}],\"inLanguage\":\"fr-FR\"},{\"@type\":\"Organization\",\"@id\":\"https:\/\/ledsolintel.com\/#organization\",\"name\":\"Solintel Noroeste, S.L.\",\"url\":\"https:\/\/ledsolintel.com\/\",\"logo\":{\"@type\":\"ImageObject\",\"inLanguage\":\"fr-FR\",\"@id\":\"https:\/\/ledsolintel.com\/#\/schema\/logo\/image\/\",\"url\":\"https:\/\/ledsolintel.com\/wp-content\/uploads\/2024\/11\/webmenaje-logo-1508269066.jpg\",\"contentUrl\":\"https:\/\/ledsolintel.com\/wp-content\/uploads\/2024\/11\/webmenaje-logo-1508269066.jpg\",\"width\":370,\"height\":90,\"caption\":\"Solintel Noroeste, S.L.\"},\"image\":{\"@id\":\"https:\/\/ledsolintel.com\/#\/schema\/logo\/image\/\"},\"sameAs\":[\"http:\/\/www.facebook.com\/webmenaje\",\"https:\/\/x.com\/webmenaje\",\"https:\/\/www.youtube.com\/channel\/UCX2KoVoeCG4LocZjUc6LmSQ\",\"http:\/\/www.pinterest.com\/webmenaje\"]}]}<\/script>\n<!-- \/ Yoast SEO plugin. -->","yoast_head_json":{"title":"NARROW 7W GU10 LED dimmable par Beneito Faure","description":"NARROW 7W GU10 LED dimmable de Beneito Faure. Angle d'\u00e9clairage concentr\u00e9 pour des objets sp\u00e9cifiques tels que des tableaux ou des vitrines. Temp\u00e9rature de couleur tr\u00e8s chaude","robots":{"index":"index","follow":"follow","max-snippet":"max-snippet:-1","max-image-preview":"max-image-preview:large","max-video-preview":"max-video-preview:-1"},"canonical":"https:\/\/ledsolintel.com\/fr\/produit-2\/led-de-beneito-faure-7w-gu10-dimmable-etroit\/","og_locale":"fr_FR","og_type":"article","og_title":"NARROW dimmable 7W GU10 LED de Beneito Faure","og_description":"NARROW dimmable 7W GU10 LED de Beneito Faure. \u00c1ngulo concentrado iluminaci\u00f3n de objetos espec\u00edficos como cuadros o vitrinas. Temperatura de color muy c\u00e1lida","og_url":"https:\/\/ledsolintel.com\/fr\/produit-2\/led-de-beneito-faure-7w-gu10-dimmable-etroit\/","og_site_name":"Ledsolintel","article_publisher":"http:\/\/www.facebook.com\/webmenaje","og_image":[{"url":"https:\/\/ledsolintel.com\/wp-content\/uploads\/2021\/03\/12383-NARROW-dimmable-7W-GU10-LED-de-Beneito-Faure.jpg","width":1,"height":1,"type":"image\/jpeg"}],"twitter_card":"summary_large_image","twitter_site":"@webmenaje","schema":{"@context":"https:\/\/schema.org","@graph":[{"@type":"WebPage","@id":"https:\/\/ledsolintel.com\/product\/narrow-dimmable-7w-gu10-led-de-beneito-faure\/","url":"https:\/\/ledsolintel.com\/product\/narrow-dimmable-7w-gu10-led-de-beneito-faure\/","name":"NARROW 7W GU10 LED dimmable par Beneito Faure","isPartOf":{"@id":"https:\/\/ledsolintel.com\/#website"},"primaryImageOfPage":{"@id":"https:\/\/ledsolintel.com\/product\/narrow-dimmable-7w-gu10-led-de-beneito-faure\/#primaryimage"},"image":{"@id":"https:\/\/ledsolintel.com\/product\/narrow-dimmable-7w-gu10-led-de-beneito-faure\/#primaryimage"},"thumbnailUrl":"https:\/\/ledsolintel.com\/wp-content\/uploads\/2021\/03\/12383-NARROW-dimmable-7W-GU10-LED-de-Beneito-Faure.jpg","datePublished":"2021-03-08T16:27:18+00:00","description":"NARROW 7W GU10 LED dimmable de Beneito Faure. Angle d'\u00e9clairage concentr\u00e9 pour des objets sp\u00e9cifiques tels que des tableaux ou des vitrines. Temp\u00e9rature de couleur tr\u00e8s chaude","breadcrumb":{"@id":"https:\/\/ledsolintel.com\/product\/narrow-dimmable-7w-gu10-led-de-beneito-faure\/#breadcrumb"},"inLanguage":"fr-FR","potentialAction":[{"@type":"ReadAction","target":["https:\/\/ledsolintel.com\/product\/narrow-dimmable-7w-gu10-led-de-beneito-faure\/"]}]},{"@type":"ImageObject","inLanguage":"fr-FR","@id":"https:\/\/ledsolintel.com\/product\/narrow-dimmable-7w-gu10-led-de-beneito-faure\/#primaryimage","url":"https:\/\/ledsolintel.com\/wp-content\/uploads\/2021\/03\/12383-NARROW-dimmable-7W-GU10-LED-de-Beneito-Faure.jpg","contentUrl":"https:\/\/ledsolintel.com\/wp-content\/uploads\/2021\/03\/12383-NARROW-dimmable-7W-GU10-LED-de-Beneito-Faure.jpg","caption":"NARROW dimmable 7W GU10 LED de Beneito Faure"},{"@type":"BreadcrumbList","@id":"https:\/\/ledsolintel.com\/product\/narrow-dimmable-7w-gu10-led-de-beneito-faure\/#breadcrumb","itemListElement":[{"@type":"ListItem","position":1,"name":"Portada","item":"https:\/\/ledsolintel.com\/fr\/"},{"@type":"ListItem","position":2,"name":"Tienda","item":"https:\/\/ledsolintel.com\/tienda\/"},{"@type":"ListItem","position":3,"name":"NARROW 7W GU10 LED dimmable de Beneito Faure"}]},{"@type":"WebSite","@id":"https:\/\/ledsolintel.com\/#website","url":"https:\/\/ledsolintel.com\/","name":"Webmenaje","description":"Magasin d'ampoules et de lampes LED pour les professionnels","publisher":{"@id":"https:\/\/ledsolintel.com\/#organization"},"potentialAction":[{"@type":"SearchAction","target":{"@type":"EntryPoint","urlTemplate":"https:\/\/ledsolintel.com\/?s={search_term_string}"},"query-input":{"@type":"PropertyValueSpecification","valueRequired":true,"valueName":"search_term_string"}}],"inLanguage":"fr-FR"},{"@type":"Organization","@id":"https:\/\/ledsolintel.com\/#organization","name":"Solintel Noroeste, S.L.","url":"https:\/\/ledsolintel.com\/","logo":{"@type":"ImageObject","inLanguage":"fr-FR","@id":"https:\/\/ledsolintel.com\/#\/schema\/logo\/image\/","url":"https:\/\/ledsolintel.com\/wp-content\/uploads\/2024\/11\/webmenaje-logo-1508269066.jpg","contentUrl":"https:\/\/ledsolintel.com\/wp-content\/uploads\/2024\/11\/webmenaje-logo-1508269066.jpg","width":370,"height":90,"caption":"Solintel Noroeste, S.L."},"image":{"@id":"https:\/\/ledsolintel.com\/#\/schema\/logo\/image\/"},"sameAs":["http:\/\/www.facebook.com\/webmenaje","https:\/\/x.com\/webmenaje","https:\/\/www.youtube.com\/channel\/UCX2KoVoeCG4LocZjUc6LmSQ","http:\/\/www.pinterest.com\/webmenaje"]}]}},"_links":{"self":[{"href":"https:\/\/ledsolintel.com\/fr\/wp-json\/wp\/v2\/product\/244212","targetHints":{"allow":["GET"]}}],"collection":[{"href":"https:\/\/ledsolintel.com\/fr\/wp-json\/wp\/v2\/product"}],"about":[{"href":"https:\/\/ledsolintel.com\/fr\/wp-json\/wp\/v2\/types\/product"}],"version-history":[{"count":0,"href":"https:\/\/ledsolintel.com\/fr\/wp-json\/wp\/v2\/product\/244212\/revisions"}],"wp:featuredmedia":[{"embeddable":true,"href":"https:\/\/ledsolintel.com\/fr\/wp-json\/wp\/v2\/media\/244211"}],"wp:attachment":[{"href":"https:\/\/ledsolintel.com\/fr\/wp-json\/wp\/v2\/media?parent=244212"}],"wp:term":[{"taxonomy":"product_brand","embeddable":true,"href":"https:\/\/ledsolintel.com\/fr\/wp-json\/wp\/v2\/product_brand?post=244212"},{"taxonomy":"product_cat","embeddable":true,"href":"https:\/\/ledsolintel.com\/fr\/wp-json\/wp\/v2\/product_cat?post=244212"},{"taxonomy":"product_tag","embeddable":true,"href":"https:\/\/ledsolintel.com\/fr\/wp-json\/wp\/v2\/product_tag?post=244212"}],"curies":[{"name":"wp","href":"https:\/\/api.w.org\/{rel}","templated":true}]}}