{"id":244187,"date":"2021-01-20T17:30:18","date_gmt":"2021-01-20T16:30:18","guid":{"rendered":"https:\/\/nueva.ledsolintel.com\/product\/aplique-con-lector-led-klee-de-faro-barcelona\/"},"modified":"2021-01-20T17:30:18","modified_gmt":"2021-01-20T16:30:18","slug":"lampe-murale-avec-lecteur-led-klee-de-faro-barcelona","status":"publish","type":"product","link":"https:\/\/ledsolintel.com\/fr\/produit-2\/lampe-murale-avec-lecteur-led-klee-de-faro-barcelona\/","title":{"rendered":"Applique KLEE avec lecteur par Faro Barcelona"},"content":{"rendered":"<h1>Applique KLEE avec lecteur LED par Faro Barcelona<\/h1>\n<\/p>\n<ul>\n<li>En acier et m\u00e9lamine, avec diffuseur en PMMA opale.\u00a0<\/li>\n<li>Puissance : 10 W + 3 W<\/li>\n<li>Tension : 100-240 V \/ 50-60 Hz<\/li>\n<li>Luminance : 221 + 85 lm\u00a0<\/li>\n<li>Optique : 45<\/li>\n<li>CCT : 3000 K + 2700 K<\/li>\n<li>Protection IP20<\/li>\n<li>Dimensions : 210\u00d7130 mm<\/li>\n<\/ul>","protected":false},"excerpt":{"rendered":"<p>Applique KLEE de Faro Barcelona. Elle int\u00e8gre une lampe de lecture et une lumi\u00e8re indirecte r\u00e9glable pour un \u00e9clairage d'ambiance. Son design innovant en fait un \u00e9l\u00e9ment d\u00e9coratif id\u00e9al pour les environnements contemporains, les h\u00f4tels et la d\u00e9coration d'int\u00e9rieur.\u00a0<\/p>","protected":false},"featured_media":244183,"template":"","meta":[],"product_brand":[99359],"product_cat":[99573,99887,99903],"product_tag":[],"class_list":{"0":"post-244187","1":"product","2":"type-product","3":"status-publish","4":"has-post-thumbnail","6":"product_brand-faro-barcelona","7":"product_cat-iluminacion-interior","8":"product_cat-lamparas-de-lectura","9":"product_cat-apliques-y-lamparas-de-techo-lamparas-de-pared","10":"pa_acabado-gris","11":"pa_acabado-negro","12":"pa_forma-izquierda","13":"pa_forma-derecha","16":"instock","17":"taxable","18":"shipping-taxable","19":"purchasable","20":"product-type-variable","21":"has-default-attributes"},"yoast_head":"<!-- This site is optimized with the Yoast SEO plugin v26.6 - https:\/\/yoast.com\/wordpress\/plugins\/seo\/ -->\n<title>Aplique con lector LED KLEE de Faro Barcelona<\/title>\n<meta name=\"description\" content=\"Aplique KLEE de Faro Barcelona. Incorpora una l\u00e1mpara lectora y una luz indirecta regulable para iluminaci\u00f3n ambiental. Para hoteles e interiorismo\" \/>\n<meta name=\"robots\" content=\"index, follow, max-snippet:-1, max-image-preview:large, max-video-preview:-1\" \/>\n<link rel=\"canonical\" href=\"https:\/\/ledsolintel.com\/fr\/produit-2\/lampe-murale-avec-lecteur-led-klee-de-faro-barcelona\/\" \/>\n<meta property=\"og:locale\" content=\"fr_FR\" \/>\n<meta property=\"og:type\" content=\"article\" \/>\n<meta property=\"og:title\" content=\"Aplique con lector LED KLEE de Faro Barcelona\" \/>\n<meta property=\"og:description\" content=\"Aplique KLEE de Faro Barcelona. Incorpora una l\u00e1mpara lectora y una luz indirecta regulable para iluminaci\u00f3n ambiental. Para hoteles e interiorismo\" \/>\n<meta property=\"og:url\" content=\"https:\/\/ledsolintel.com\/fr\/produit-2\/lampe-murale-avec-lecteur-led-klee-de-faro-barcelona\/\" \/>\n<meta property=\"og:site_name\" content=\"Ledsolintel\" \/>\n<meta property=\"article:publisher\" content=\"http:\/\/www.facebook.com\/webmenaje\" \/>\n<meta property=\"og:image\" content=\"https:\/\/ledsolintel.com\/wp-content\/uploads\/2021\/01\/12366-Aplique-con-lector-KLEE-de-Faro-Barcelona.jpg\" \/>\n\t<meta property=\"og:image:width\" content=\"1\" \/>\n\t<meta property=\"og:image:height\" content=\"1\" \/>\n\t<meta property=\"og:image:type\" content=\"image\/jpeg\" \/>\n<meta name=\"twitter:card\" content=\"summary_large_image\" \/>\n<meta name=\"twitter:site\" content=\"@webmenaje\" \/>\n<script type=\"application\/ld+json\" class=\"yoast-schema-graph\">{\"@context\":\"https:\/\/schema.org\",\"@graph\":[{\"@type\":\"WebPage\",\"@id\":\"https:\/\/ledsolintel.com\/product\/aplique-con-lector-led-klee-de-faro-barcelona\/\",\"url\":\"https:\/\/ledsolintel.com\/product\/aplique-con-lector-led-klee-de-faro-barcelona\/\",\"name\":\"Aplique con lector LED KLEE de Faro Barcelona\",\"isPartOf\":{\"@id\":\"https:\/\/ledsolintel.com\/#website\"},\"primaryImageOfPage\":{\"@id\":\"https:\/\/ledsolintel.com\/product\/aplique-con-lector-led-klee-de-faro-barcelona\/#primaryimage\"},\"image\":{\"@id\":\"https:\/\/ledsolintel.com\/product\/aplique-con-lector-led-klee-de-faro-barcelona\/#primaryimage\"},\"thumbnailUrl\":\"https:\/\/ledsolintel.com\/wp-content\/uploads\/2021\/01\/12366-Aplique-con-lector-KLEE-de-Faro-Barcelona.jpg\",\"datePublished\":\"2021-01-20T16:30:18+00:00\",\"description\":\"Aplique KLEE de Faro Barcelona. Incorpora una l\u00e1mpara lectora y una luz indirecta regulable para iluminaci\u00f3n ambiental. Para hoteles e interiorismo\",\"breadcrumb\":{\"@id\":\"https:\/\/ledsolintel.com\/product\/aplique-con-lector-led-klee-de-faro-barcelona\/#breadcrumb\"},\"inLanguage\":\"fr-FR\",\"potentialAction\":[{\"@type\":\"ReadAction\",\"target\":[\"https:\/\/ledsolintel.com\/product\/aplique-con-lector-led-klee-de-faro-barcelona\/\"]}]},{\"@type\":\"ImageObject\",\"inLanguage\":\"fr-FR\",\"@id\":\"https:\/\/ledsolintel.com\/product\/aplique-con-lector-led-klee-de-faro-barcelona\/#primaryimage\",\"url\":\"https:\/\/ledsolintel.com\/wp-content\/uploads\/2021\/01\/12366-Aplique-con-lector-KLEE-de-Faro-Barcelona.jpg\",\"contentUrl\":\"https:\/\/ledsolintel.com\/wp-content\/uploads\/2021\/01\/12366-Aplique-con-lector-KLEE-de-Faro-Barcelona.jpg\",\"caption\":\"Aplique con lector KLEE de Faro Barcelona\"},{\"@type\":\"BreadcrumbList\",\"@id\":\"https:\/\/ledsolintel.com\/product\/aplique-con-lector-led-klee-de-faro-barcelona\/#breadcrumb\",\"itemListElement\":[{\"@type\":\"ListItem\",\"position\":1,\"name\":\"Portada\",\"item\":\"https:\/\/ledsolintel.com\/fr\/\"},{\"@type\":\"ListItem\",\"position\":2,\"name\":\"Tienda\",\"item\":\"https:\/\/ledsolintel.com\/tienda\/\"},{\"@type\":\"ListItem\",\"position\":3,\"name\":\"Aplique con lector KLEE de Faro Barcelona\"}]},{\"@type\":\"WebSite\",\"@id\":\"https:\/\/ledsolintel.com\/#website\",\"url\":\"https:\/\/ledsolintel.com\/\",\"name\":\"Webmenaje\",\"description\":\"Tienda de bombillas y l\u00e1mparas LED para profesionales\",\"publisher\":{\"@id\":\"https:\/\/ledsolintel.com\/#organization\"},\"potentialAction\":[{\"@type\":\"SearchAction\",\"target\":{\"@type\":\"EntryPoint\",\"urlTemplate\":\"https:\/\/ledsolintel.com\/?s={search_term_string}\"},\"query-input\":{\"@type\":\"PropertyValueSpecification\",\"valueRequired\":true,\"valueName\":\"search_term_string\"}}],\"inLanguage\":\"fr-FR\"},{\"@type\":\"Organization\",\"@id\":\"https:\/\/ledsolintel.com\/#organization\",\"name\":\"Solintel Noroeste, S.L.\",\"url\":\"https:\/\/ledsolintel.com\/\",\"logo\":{\"@type\":\"ImageObject\",\"inLanguage\":\"fr-FR\",\"@id\":\"https:\/\/ledsolintel.com\/#\/schema\/logo\/image\/\",\"url\":\"https:\/\/ledsolintel.com\/wp-content\/uploads\/2024\/11\/webmenaje-logo-1508269066.jpg\",\"contentUrl\":\"https:\/\/ledsolintel.com\/wp-content\/uploads\/2024\/11\/webmenaje-logo-1508269066.jpg\",\"width\":370,\"height\":90,\"caption\":\"Solintel Noroeste, S.L.\"},\"image\":{\"@id\":\"https:\/\/ledsolintel.com\/#\/schema\/logo\/image\/\"},\"sameAs\":[\"http:\/\/www.facebook.com\/webmenaje\",\"https:\/\/x.com\/webmenaje\",\"https:\/\/www.youtube.com\/channel\/UCX2KoVoeCG4LocZjUc6LmSQ\",\"http:\/\/www.pinterest.com\/webmenaje\"]}]}<\/script>\n<!-- \/ Yoast SEO plugin. -->","yoast_head_json":{"title":"Applique KLEE avec lecteur LED par Faro Barcelona","description":"Applique KLEE de Faro Barcelona. Elle int\u00e8gre une lampe de lecture et une lumi\u00e8re indirecte r\u00e9glable pour un \u00e9clairage d'ambiance. Pour les h\u00f4tels et la d\u00e9coration d'int\u00e9rieur","robots":{"index":"index","follow":"follow","max-snippet":"max-snippet:-1","max-image-preview":"max-image-preview:large","max-video-preview":"max-video-preview:-1"},"canonical":"https:\/\/ledsolintel.com\/fr\/produit-2\/lampe-murale-avec-lecteur-led-klee-de-faro-barcelona\/","og_locale":"fr_FR","og_type":"article","og_title":"Aplique con lector LED KLEE de Faro Barcelona","og_description":"Aplique KLEE de Faro Barcelona. Incorpora una l\u00e1mpara lectora y una luz indirecta regulable para iluminaci\u00f3n ambiental. Para hoteles e interiorismo","og_url":"https:\/\/ledsolintel.com\/fr\/produit-2\/lampe-murale-avec-lecteur-led-klee-de-faro-barcelona\/","og_site_name":"Ledsolintel","article_publisher":"http:\/\/www.facebook.com\/webmenaje","og_image":[{"url":"https:\/\/ledsolintel.com\/wp-content\/uploads\/2021\/01\/12366-Aplique-con-lector-KLEE-de-Faro-Barcelona.jpg","width":1,"height":1,"type":"image\/jpeg"}],"twitter_card":"summary_large_image","twitter_site":"@webmenaje","schema":{"@context":"https:\/\/schema.org","@graph":[{"@type":"WebPage","@id":"https:\/\/ledsolintel.com\/product\/aplique-con-lector-led-klee-de-faro-barcelona\/","url":"https:\/\/ledsolintel.com\/product\/aplique-con-lector-led-klee-de-faro-barcelona\/","name":"Applique KLEE avec lecteur LED par Faro Barcelona","isPartOf":{"@id":"https:\/\/ledsolintel.com\/#website"},"primaryImageOfPage":{"@id":"https:\/\/ledsolintel.com\/product\/aplique-con-lector-led-klee-de-faro-barcelona\/#primaryimage"},"image":{"@id":"https:\/\/ledsolintel.com\/product\/aplique-con-lector-led-klee-de-faro-barcelona\/#primaryimage"},"thumbnailUrl":"https:\/\/ledsolintel.com\/wp-content\/uploads\/2021\/01\/12366-Aplique-con-lector-KLEE-de-Faro-Barcelona.jpg","datePublished":"2021-01-20T16:30:18+00:00","description":"Applique KLEE de Faro Barcelona. Elle int\u00e8gre une lampe de lecture et une lumi\u00e8re indirecte r\u00e9glable pour un \u00e9clairage d'ambiance. Pour les h\u00f4tels et la d\u00e9coration d'int\u00e9rieur","breadcrumb":{"@id":"https:\/\/ledsolintel.com\/product\/aplique-con-lector-led-klee-de-faro-barcelona\/#breadcrumb"},"inLanguage":"fr-FR","potentialAction":[{"@type":"ReadAction","target":["https:\/\/ledsolintel.com\/product\/aplique-con-lector-led-klee-de-faro-barcelona\/"]}]},{"@type":"ImageObject","inLanguage":"fr-FR","@id":"https:\/\/ledsolintel.com\/product\/aplique-con-lector-led-klee-de-faro-barcelona\/#primaryimage","url":"https:\/\/ledsolintel.com\/wp-content\/uploads\/2021\/01\/12366-Aplique-con-lector-KLEE-de-Faro-Barcelona.jpg","contentUrl":"https:\/\/ledsolintel.com\/wp-content\/uploads\/2021\/01\/12366-Aplique-con-lector-KLEE-de-Faro-Barcelona.jpg","caption":"Aplique con lector KLEE de Faro Barcelona"},{"@type":"BreadcrumbList","@id":"https:\/\/ledsolintel.com\/product\/aplique-con-lector-led-klee-de-faro-barcelona\/#breadcrumb","itemListElement":[{"@type":"ListItem","position":1,"name":"Portada","item":"https:\/\/ledsolintel.com\/fr\/"},{"@type":"ListItem","position":2,"name":"Tienda","item":"https:\/\/ledsolintel.com\/tienda\/"},{"@type":"ListItem","position":3,"name":"Aplique con lector KLEE de Faro Barcelona"}]},{"@type":"WebSite","@id":"https:\/\/ledsolintel.com\/#website","url":"https:\/\/ledsolintel.com\/","name":"Webmenaje","description":"Magasin d'ampoules et de lampes LED pour les professionnels","publisher":{"@id":"https:\/\/ledsolintel.com\/#organization"},"potentialAction":[{"@type":"SearchAction","target":{"@type":"EntryPoint","urlTemplate":"https:\/\/ledsolintel.com\/?s={search_term_string}"},"query-input":{"@type":"PropertyValueSpecification","valueRequired":true,"valueName":"search_term_string"}}],"inLanguage":"fr-FR"},{"@type":"Organization","@id":"https:\/\/ledsolintel.com\/#organization","name":"Solintel Noroeste, S.L.","url":"https:\/\/ledsolintel.com\/","logo":{"@type":"ImageObject","inLanguage":"fr-FR","@id":"https:\/\/ledsolintel.com\/#\/schema\/logo\/image\/","url":"https:\/\/ledsolintel.com\/wp-content\/uploads\/2024\/11\/webmenaje-logo-1508269066.jpg","contentUrl":"https:\/\/ledsolintel.com\/wp-content\/uploads\/2024\/11\/webmenaje-logo-1508269066.jpg","width":370,"height":90,"caption":"Solintel Noroeste, S.L."},"image":{"@id":"https:\/\/ledsolintel.com\/#\/schema\/logo\/image\/"},"sameAs":["http:\/\/www.facebook.com\/webmenaje","https:\/\/x.com\/webmenaje","https:\/\/www.youtube.com\/channel\/UCX2KoVoeCG4LocZjUc6LmSQ","http:\/\/www.pinterest.com\/webmenaje"]}]}},"_links":{"self":[{"href":"https:\/\/ledsolintel.com\/fr\/wp-json\/wp\/v2\/product\/244187","targetHints":{"allow":["GET"]}}],"collection":[{"href":"https:\/\/ledsolintel.com\/fr\/wp-json\/wp\/v2\/product"}],"about":[{"href":"https:\/\/ledsolintel.com\/fr\/wp-json\/wp\/v2\/types\/product"}],"version-history":[{"count":0,"href":"https:\/\/ledsolintel.com\/fr\/wp-json\/wp\/v2\/product\/244187\/revisions"}],"wp:featuredmedia":[{"embeddable":true,"href":"https:\/\/ledsolintel.com\/fr\/wp-json\/wp\/v2\/media\/244183"}],"wp:attachment":[{"href":"https:\/\/ledsolintel.com\/fr\/wp-json\/wp\/v2\/media?parent=244187"}],"wp:term":[{"taxonomy":"product_brand","embeddable":true,"href":"https:\/\/ledsolintel.com\/fr\/wp-json\/wp\/v2\/product_brand?post=244187"},{"taxonomy":"product_cat","embeddable":true,"href":"https:\/\/ledsolintel.com\/fr\/wp-json\/wp\/v2\/product_cat?post=244187"},{"taxonomy":"product_tag","embeddable":true,"href":"https:\/\/ledsolintel.com\/fr\/wp-json\/wp\/v2\/product_tag?post=244187"}],"curies":[{"name":"wp","href":"https:\/\/api.w.org\/{rel}","templated":true}]}}