{"id":244177,"date":"2021-01-19T18:05:42","date_gmt":"2021-01-19T17:05:42","guid":{"rendered":"https:\/\/nueva.ledsolintel.com\/product\/aplique-tou-de-faro-barcelona\/"},"modified":"2021-01-19T18:05:42","modified_gmt":"2021-01-19T17:05:42","slug":"aplique-tou-de-faro-barcelona","status":"publish","type":"product","link":"https:\/\/ledsolintel.com\/fr\/produit-2\/aplique-tou-de-faro-barcelona\/","title":{"rendered":"TOU 8W lampe murale par Faro Barcelona"},"content":{"rendered":"<h1>TOU LED wall lamp by Faro Barcelona<\/h1>\n<p>\u00a0<\/p>\n<ul>\n<li>Mat\u00e9riau : aluminium et mousse, avec diffuseur opale et abat-jour en tissu<\/li>\n<li>Puissance : 8 W<\/li>\n<li>Luminance : 450 lm<\/li>\n<li>CCT : 2700 K<\/li>\n<li>IRC &gt; 80<\/li>\n<li>Tension : 100-240 V<\/li>\n<li>IP20<\/li>\n<li>Diam\u00e8tre : 350 mm<\/li>\n<li>Poids : 2,3 kg<\/li>\n<\/ul>","protected":false},"excerpt":{"rendered":"<p>Applique TOU LED de Faro Barcelona. Avec rev\u00eatement en tissu et en mousse pour une surface douce. Eclairage indirect pour salles de bains avec lumi\u00e8re diffuse. Pour la maison, les espaces professionnels et la d\u00e9coration d'int\u00e9rieur.<\/p>","protected":false},"featured_media":244174,"template":"","meta":[],"product_brand":[99359],"product_cat":[99903,99573],"product_tag":[],"class_list":{"0":"post-244177","1":"product","2":"type-product","3":"status-publish","4":"has-post-thumbnail","6":"product_brand-faro-barcelona","7":"product_cat-apliques-y-lamparas-de-techo-lamparas-de-pared","8":"product_cat-iluminacion-interior","11":"instock","12":"taxable","13":"shipping-taxable","14":"purchasable","15":"product-type-simple"},"yoast_head":"<!-- This site is optimized with the Yoast SEO plugin v26.6 - https:\/\/yoast.com\/wordpress\/plugins\/seo\/ -->\n<title>Aplique TOU de Faro Barcelona<\/title>\n<meta name=\"description\" content=\"Aplique LED TOU de Faro Barcelona. Con recubrimiento de tejido y espuma para una superficie blanda. Para hogares, zonas profesionales y dise\u00f1o de interiores.\" \/>\n<meta name=\"robots\" content=\"index, follow, max-snippet:-1, max-image-preview:large, max-video-preview:-1\" \/>\n<link rel=\"canonical\" href=\"https:\/\/ledsolintel.com\/fr\/produit\/aplique-tou-de-faro-barcelona\/\" \/>\n<meta property=\"og:locale\" content=\"fr_FR\" \/>\n<meta property=\"og:type\" content=\"article\" \/>\n<meta property=\"og:title\" content=\"Aplique TOU de Faro Barcelona\" \/>\n<meta property=\"og:description\" content=\"Aplique LED TOU de Faro Barcelona. Con recubrimiento de tejido y espuma para una superficie blanda. Para hogares, zonas profesionales y dise\u00f1o de interiores.\" \/>\n<meta property=\"og:url\" content=\"https:\/\/ledsolintel.com\/fr\/produit\/aplique-tou-de-faro-barcelona\/\" \/>\n<meta property=\"og:site_name\" content=\"Ledsolintel\" \/>\n<meta property=\"article:publisher\" content=\"http:\/\/www.facebook.com\/webmenaje\" \/>\n<meta property=\"og:image\" content=\"https:\/\/ledsolintel.com\/wp-content\/uploads\/2021\/01\/12363-Aplique-TOU-de-Faro-Barcelona.jpg\" \/>\n\t<meta property=\"og:image:width\" content=\"1\" \/>\n\t<meta property=\"og:image:height\" content=\"1\" \/>\n\t<meta property=\"og:image:type\" content=\"image\/jpeg\" \/>\n<meta name=\"twitter:card\" content=\"summary_large_image\" \/>\n<meta name=\"twitter:site\" content=\"@webmenaje\" \/>\n<script type=\"application\/ld+json\" class=\"yoast-schema-graph\">{\"@context\":\"https:\/\/schema.org\",\"@graph\":[{\"@type\":\"WebPage\",\"@id\":\"https:\/\/ledsolintel.com\/en\/product\/aplique-tou-de-faro-barcelona\/\",\"url\":\"https:\/\/ledsolintel.com\/en\/product\/aplique-tou-de-faro-barcelona\/\",\"name\":\"Aplique TOU de Faro Barcelona\",\"isPartOf\":{\"@id\":\"https:\/\/ledsolintel.com\/#website\"},\"primaryImageOfPage\":{\"@id\":\"https:\/\/ledsolintel.com\/en\/product\/aplique-tou-de-faro-barcelona\/#primaryimage\"},\"image\":{\"@id\":\"https:\/\/ledsolintel.com\/en\/product\/aplique-tou-de-faro-barcelona\/#primaryimage\"},\"thumbnailUrl\":\"https:\/\/ledsolintel.com\/wp-content\/uploads\/2021\/01\/12363-Aplique-TOU-de-Faro-Barcelona.jpg\",\"datePublished\":\"2021-01-19T17:05:42+00:00\",\"description\":\"Aplique LED TOU de Faro Barcelona. Con recubrimiento de tejido y espuma para una superficie blanda. Para hogares, zonas profesionales y dise\u00f1o de interiores.\",\"breadcrumb\":{\"@id\":\"https:\/\/ledsolintel.com\/en\/product\/aplique-tou-de-faro-barcelona\/#breadcrumb\"},\"inLanguage\":\"fr-FR\",\"potentialAction\":[{\"@type\":\"ReadAction\",\"target\":[\"https:\/\/ledsolintel.com\/en\/product\/aplique-tou-de-faro-barcelona\/\"]}]},{\"@type\":\"ImageObject\",\"inLanguage\":\"fr-FR\",\"@id\":\"https:\/\/ledsolintel.com\/en\/product\/aplique-tou-de-faro-barcelona\/#primaryimage\",\"url\":\"https:\/\/ledsolintel.com\/wp-content\/uploads\/2021\/01\/12363-Aplique-TOU-de-Faro-Barcelona.jpg\",\"contentUrl\":\"https:\/\/ledsolintel.com\/wp-content\/uploads\/2021\/01\/12363-Aplique-TOU-de-Faro-Barcelona.jpg\",\"caption\":\"Aplique TOU de Faro Barcelona\"},{\"@type\":\"BreadcrumbList\",\"@id\":\"https:\/\/ledsolintel.com\/en\/product\/aplique-tou-de-faro-barcelona\/#breadcrumb\",\"itemListElement\":[{\"@type\":\"ListItem\",\"position\":1,\"name\":\"Portada\",\"item\":\"https:\/\/ledsolintel.com\/fr\/\"},{\"@type\":\"ListItem\",\"position\":2,\"name\":\"Tienda\",\"item\":\"https:\/\/ledsolintel.com\/tienda\/\"},{\"@type\":\"ListItem\",\"position\":3,\"name\":\"Aplique TOU 8W de Faro Barcelona\"}]},{\"@type\":\"WebSite\",\"@id\":\"https:\/\/ledsolintel.com\/#website\",\"url\":\"https:\/\/ledsolintel.com\/\",\"name\":\"Webmenaje\",\"description\":\"Tienda de bombillas y l\u00e1mparas LED para profesionales\",\"publisher\":{\"@id\":\"https:\/\/ledsolintel.com\/#organization\"},\"potentialAction\":[{\"@type\":\"SearchAction\",\"target\":{\"@type\":\"EntryPoint\",\"urlTemplate\":\"https:\/\/ledsolintel.com\/?s={search_term_string}\"},\"query-input\":{\"@type\":\"PropertyValueSpecification\",\"valueRequired\":true,\"valueName\":\"search_term_string\"}}],\"inLanguage\":\"fr-FR\"},{\"@type\":\"Organization\",\"@id\":\"https:\/\/ledsolintel.com\/#organization\",\"name\":\"Solintel Noroeste, S.L.\",\"url\":\"https:\/\/ledsolintel.com\/\",\"logo\":{\"@type\":\"ImageObject\",\"inLanguage\":\"fr-FR\",\"@id\":\"https:\/\/ledsolintel.com\/#\/schema\/logo\/image\/\",\"url\":\"https:\/\/ledsolintel.com\/wp-content\/uploads\/2024\/11\/webmenaje-logo-1508269066.jpg\",\"contentUrl\":\"https:\/\/ledsolintel.com\/wp-content\/uploads\/2024\/11\/webmenaje-logo-1508269066.jpg\",\"width\":370,\"height\":90,\"caption\":\"Solintel Noroeste, S.L.\"},\"image\":{\"@id\":\"https:\/\/ledsolintel.com\/#\/schema\/logo\/image\/\"},\"sameAs\":[\"http:\/\/www.facebook.com\/webmenaje\",\"https:\/\/x.com\/webmenaje\",\"https:\/\/www.youtube.com\/channel\/UCX2KoVoeCG4LocZjUc6LmSQ\",\"http:\/\/www.pinterest.com\/webmenaje\"]}]}<\/script>\n<!-- \/ Yoast SEO plugin. -->","yoast_head_json":{"title":"Applique TOU de Faro Barcelona","description":"Aplique LED TOU de Faro Barcelona. Con recubrimiento de tejido y espuma para una superficie blanda. Para hogares, zonas profesionales y dise\u00f1o de interiores.","robots":{"index":"index","follow":"follow","max-snippet":"max-snippet:-1","max-image-preview":"max-image-preview:large","max-video-preview":"max-video-preview:-1"},"canonical":"https:\/\/ledsolintel.com\/fr\/produit\/aplique-tou-de-faro-barcelona\/","og_locale":"fr_FR","og_type":"article","og_title":"Aplique TOU de Faro Barcelona","og_description":"Aplique LED TOU de Faro Barcelona. Con recubrimiento de tejido y espuma para una superficie blanda. Para hogares, zonas profesionales y dise\u00f1o de interiores.","og_url":"https:\/\/ledsolintel.com\/fr\/produit\/aplique-tou-de-faro-barcelona\/","og_site_name":"Ledsolintel","article_publisher":"http:\/\/www.facebook.com\/webmenaje","og_image":[{"url":"https:\/\/ledsolintel.com\/wp-content\/uploads\/2021\/01\/12363-Aplique-TOU-de-Faro-Barcelona.jpg","width":1,"height":1,"type":"image\/jpeg"}],"twitter_card":"summary_large_image","twitter_site":"@webmenaje","schema":{"@context":"https:\/\/schema.org","@graph":[{"@type":"WebPage","@id":"https:\/\/ledsolintel.com\/en\/product\/aplique-tou-de-faro-barcelona\/","url":"https:\/\/ledsolintel.com\/en\/product\/aplique-tou-de-faro-barcelona\/","name":"Applique TOU de Faro Barcelona","isPartOf":{"@id":"https:\/\/ledsolintel.com\/#website"},"primaryImageOfPage":{"@id":"https:\/\/ledsolintel.com\/en\/product\/aplique-tou-de-faro-barcelona\/#primaryimage"},"image":{"@id":"https:\/\/ledsolintel.com\/en\/product\/aplique-tou-de-faro-barcelona\/#primaryimage"},"thumbnailUrl":"https:\/\/ledsolintel.com\/wp-content\/uploads\/2021\/01\/12363-Aplique-TOU-de-Faro-Barcelona.jpg","datePublished":"2021-01-19T17:05:42+00:00","description":"Aplique LED TOU de Faro Barcelona. Con recubrimiento de tejido y espuma para una superficie blanda. Para hogares, zonas profesionales y dise\u00f1o de interiores.","breadcrumb":{"@id":"https:\/\/ledsolintel.com\/en\/product\/aplique-tou-de-faro-barcelona\/#breadcrumb"},"inLanguage":"fr-FR","potentialAction":[{"@type":"ReadAction","target":["https:\/\/ledsolintel.com\/en\/product\/aplique-tou-de-faro-barcelona\/"]}]},{"@type":"ImageObject","inLanguage":"fr-FR","@id":"https:\/\/ledsolintel.com\/en\/product\/aplique-tou-de-faro-barcelona\/#primaryimage","url":"https:\/\/ledsolintel.com\/wp-content\/uploads\/2021\/01\/12363-Aplique-TOU-de-Faro-Barcelona.jpg","contentUrl":"https:\/\/ledsolintel.com\/wp-content\/uploads\/2021\/01\/12363-Aplique-TOU-de-Faro-Barcelona.jpg","caption":"Aplique TOU de Faro Barcelona"},{"@type":"BreadcrumbList","@id":"https:\/\/ledsolintel.com\/en\/product\/aplique-tou-de-faro-barcelona\/#breadcrumb","itemListElement":[{"@type":"ListItem","position":1,"name":"Portada","item":"https:\/\/ledsolintel.com\/fr\/"},{"@type":"ListItem","position":2,"name":"Tienda","item":"https:\/\/ledsolintel.com\/tienda\/"},{"@type":"ListItem","position":3,"name":"Aplique TOU 8W de Faro Barcelona"}]},{"@type":"WebSite","@id":"https:\/\/ledsolintel.com\/#website","url":"https:\/\/ledsolintel.com\/","name":"Webmenaje","description":"Magasin d'ampoules et de lampes LED pour les professionnels","publisher":{"@id":"https:\/\/ledsolintel.com\/#organization"},"potentialAction":[{"@type":"SearchAction","target":{"@type":"EntryPoint","urlTemplate":"https:\/\/ledsolintel.com\/?s={search_term_string}"},"query-input":{"@type":"PropertyValueSpecification","valueRequired":true,"valueName":"search_term_string"}}],"inLanguage":"fr-FR"},{"@type":"Organization","@id":"https:\/\/ledsolintel.com\/#organization","name":"Solintel Noroeste, S.L.","url":"https:\/\/ledsolintel.com\/","logo":{"@type":"ImageObject","inLanguage":"fr-FR","@id":"https:\/\/ledsolintel.com\/#\/schema\/logo\/image\/","url":"https:\/\/ledsolintel.com\/wp-content\/uploads\/2024\/11\/webmenaje-logo-1508269066.jpg","contentUrl":"https:\/\/ledsolintel.com\/wp-content\/uploads\/2024\/11\/webmenaje-logo-1508269066.jpg","width":370,"height":90,"caption":"Solintel Noroeste, S.L."},"image":{"@id":"https:\/\/ledsolintel.com\/#\/schema\/logo\/image\/"},"sameAs":["http:\/\/www.facebook.com\/webmenaje","https:\/\/x.com\/webmenaje","https:\/\/www.youtube.com\/channel\/UCX2KoVoeCG4LocZjUc6LmSQ","http:\/\/www.pinterest.com\/webmenaje"]}]}},"_links":{"self":[{"href":"https:\/\/ledsolintel.com\/fr\/wp-json\/wp\/v2\/product\/244177","targetHints":{"allow":["GET"]}}],"collection":[{"href":"https:\/\/ledsolintel.com\/fr\/wp-json\/wp\/v2\/product"}],"about":[{"href":"https:\/\/ledsolintel.com\/fr\/wp-json\/wp\/v2\/types\/product"}],"version-history":[{"count":0,"href":"https:\/\/ledsolintel.com\/fr\/wp-json\/wp\/v2\/product\/244177\/revisions"}],"wp:featuredmedia":[{"embeddable":true,"href":"https:\/\/ledsolintel.com\/fr\/wp-json\/wp\/v2\/media\/244174"}],"wp:attachment":[{"href":"https:\/\/ledsolintel.com\/fr\/wp-json\/wp\/v2\/media?parent=244177"}],"wp:term":[{"taxonomy":"product_brand","embeddable":true,"href":"https:\/\/ledsolintel.com\/fr\/wp-json\/wp\/v2\/product_brand?post=244177"},{"taxonomy":"product_cat","embeddable":true,"href":"https:\/\/ledsolintel.com\/fr\/wp-json\/wp\/v2\/product_cat?post=244177"},{"taxonomy":"product_tag","embeddable":true,"href":"https:\/\/ledsolintel.com\/fr\/wp-json\/wp\/v2\/product_tag?post=244177"}],"curies":[{"name":"wp","href":"https:\/\/api.w.org\/{rel}","templated":true}]}}