{"id":244134,"date":"2021-01-15T18:41:51","date_gmt":"2021-01-15T17:41:51","guid":{"rendered":"https:\/\/nueva.ledsolintel.com\/product\/proyector-magnetico-bora-45-w-de-beneito-faure\/"},"modified":"2021-01-15T18:41:51","modified_gmt":"2021-01-15T17:41:51","slug":"proyector-magnetico-bora-45-w-de-beneito-faure","status":"publish","type":"product","link":"https:\/\/ledsolintel.com\/fr\/produit-2\/proyector-magnetico-bora-45-w-de-beneito-faure\/","title":{"rendered":"Spot magn\u00e9tique BORA 4,5 W de Beneito Faure"},"content":{"rendered":"<h1>BORA MAGNET TRACK 4.5 W by Beneito Faure<\/h1>\n<p>\u00a0<\/p>\n<ul>\n<li>Puissance : 4,5 W<\/li>\n<li>Tension : 48 V - 50\/60 Hz<\/li>\n<li>Luminosit\u00e9 : 315-325 lm<\/li>\n<li>CCT :<\/li>\n<ul>\n<li>2700 K<\/li>\n<li>3000 K<\/li>\n<\/ul>\n<li>Optique : 38<\/li>\n<li>IRC &gt; 93<\/li>\n<li>FP &gt; 0,4<\/li>\n<li>Protection IP20<\/li>\n<li>Dur\u00e9e de vie : 26 000 h<\/li>\n<li>UGR &lt; 10<\/li>\n<li>Installation : sur rail magn\u00e9tique<\/li>\n<\/ul>","protected":false},"excerpt":{"rendered":"<p>Lampe BORA 4,5 W de Beneito Faure. <strong>A utiliser avec le rail magn\u00e9tique 48V<\/strong>. Rendu des couleurs \u00e9lev\u00e9, pour les endroits o\u00f9 des couleurs pr\u00e9cises sont requises. Id\u00e9al pour l'\u00e9clairage d\u00e9coratif dans les magasins, les galeries et les restaurants. UGR&lt;10 pour un confort visuel \u00e9lev\u00e9.<\/p>","protected":false},"featured_media":244129,"template":"","meta":[],"product_brand":[99357],"product_cat":[99609,99931,99573,99915],"product_tag":[],"class_list":{"0":"post-244134","1":"product","2":"type-product","3":"status-publish","4":"has-post-thumbnail","6":"product_brand-beneito-faure","7":"product_cat-iluminacion-tecnica","8":"product_cat-luminarias-de-carril-magnetico","9":"product_cat-iluminacion-interior","10":"product_cat-carril-magnetico","11":"pa_acabado-blanco","12":"pa_acabado-cromo","13":"pa_acabado-negro","14":"pa_acabado-ororosa","15":"pa_cct-calido3000k","16":"pa_cct-muycalido2700k","19":"instock","20":"taxable","21":"shipping-taxable","22":"purchasable","23":"product-type-variable","24":"has-default-attributes"},"yoast_head":"<!-- This site is optimized with the Yoast SEO plugin v26.6 - https:\/\/yoast.com\/wordpress\/plugins\/seo\/ -->\n<title>Proyector magn\u00e9tico BORA 4.5 W de Beneito Faure<\/title>\n<meta name=\"description\" content=\"Proyector magn\u00e9tico BORA 4.5 W de Beneito Faure. Alto rendimiento crom\u00e1tico, Ideal para iluminaci\u00f3n ornamental de comercios, galer\u00edas y restaurantes.\" \/>\n<meta name=\"robots\" content=\"index, follow, max-snippet:-1, max-image-preview:large, max-video-preview:-1\" \/>\n<link rel=\"canonical\" href=\"https:\/\/ledsolintel.com\/fr\/produit-2\/proyector-magnetico-bora-45-w-de-beneito-faure\/\" \/>\n<meta property=\"og:locale\" content=\"fr_FR\" \/>\n<meta property=\"og:type\" content=\"article\" \/>\n<meta property=\"og:title\" content=\"Proyector magn\u00e9tico BORA 4.5 W de Beneito Faure\" \/>\n<meta property=\"og:description\" content=\"Proyector magn\u00e9tico BORA 4.5 W de Beneito Faure. Alto rendimiento crom\u00e1tico, Ideal para iluminaci\u00f3n ornamental de comercios, galer\u00edas y restaurantes.\" \/>\n<meta property=\"og:url\" content=\"https:\/\/ledsolintel.com\/fr\/produit-2\/proyector-magnetico-bora-45-w-de-beneito-faure\/\" \/>\n<meta property=\"og:site_name\" content=\"Ledsolintel\" \/>\n<meta property=\"article:publisher\" content=\"http:\/\/www.facebook.com\/webmenaje\" \/>\n<meta property=\"og:image\" content=\"https:\/\/ledsolintel.com\/wp-content\/uploads\/2021\/01\/12342-Proyector-magnetico-BORA-4.5-W-de-Beneito-Faure.jpg\" \/>\n\t<meta property=\"og:image:width\" content=\"1\" \/>\n\t<meta property=\"og:image:height\" content=\"1\" \/>\n\t<meta property=\"og:image:type\" content=\"image\/jpeg\" \/>\n<meta name=\"twitter:card\" content=\"summary_large_image\" \/>\n<meta name=\"twitter:site\" content=\"@webmenaje\" \/>\n<script type=\"application\/ld+json\" class=\"yoast-schema-graph\">{\"@context\":\"https:\/\/schema.org\",\"@graph\":[{\"@type\":\"WebPage\",\"@id\":\"https:\/\/ledsolintel.com\/product\/proyector-magnetico-bora-45-w-de-beneito-faure\/\",\"url\":\"https:\/\/ledsolintel.com\/product\/proyector-magnetico-bora-45-w-de-beneito-faure\/\",\"name\":\"Proyector magn\u00e9tico BORA 4.5 W de Beneito Faure\",\"isPartOf\":{\"@id\":\"https:\/\/ledsolintel.com\/#website\"},\"primaryImageOfPage\":{\"@id\":\"https:\/\/ledsolintel.com\/product\/proyector-magnetico-bora-45-w-de-beneito-faure\/#primaryimage\"},\"image\":{\"@id\":\"https:\/\/ledsolintel.com\/product\/proyector-magnetico-bora-45-w-de-beneito-faure\/#primaryimage\"},\"thumbnailUrl\":\"https:\/\/ledsolintel.com\/wp-content\/uploads\/2021\/01\/12342-Proyector-magnetico-BORA-4.5-W-de-Beneito-Faure.jpg\",\"datePublished\":\"2021-01-15T17:41:51+00:00\",\"description\":\"Proyector magn\u00e9tico BORA 4.5 W de Beneito Faure. Alto rendimiento crom\u00e1tico, Ideal para iluminaci\u00f3n ornamental de comercios, galer\u00edas y restaurantes.\",\"breadcrumb\":{\"@id\":\"https:\/\/ledsolintel.com\/product\/proyector-magnetico-bora-45-w-de-beneito-faure\/#breadcrumb\"},\"inLanguage\":\"fr-FR\",\"potentialAction\":[{\"@type\":\"ReadAction\",\"target\":[\"https:\/\/ledsolintel.com\/product\/proyector-magnetico-bora-45-w-de-beneito-faure\/\"]}]},{\"@type\":\"ImageObject\",\"inLanguage\":\"fr-FR\",\"@id\":\"https:\/\/ledsolintel.com\/product\/proyector-magnetico-bora-45-w-de-beneito-faure\/#primaryimage\",\"url\":\"https:\/\/ledsolintel.com\/wp-content\/uploads\/2021\/01\/12342-Proyector-magnetico-BORA-4.5-W-de-Beneito-Faure.jpg\",\"contentUrl\":\"https:\/\/ledsolintel.com\/wp-content\/uploads\/2021\/01\/12342-Proyector-magnetico-BORA-4.5-W-de-Beneito-Faure.jpg\",\"caption\":\"Proyector magn\u00e9tico BORA 4.5 W de Beneito Faure\"},{\"@type\":\"BreadcrumbList\",\"@id\":\"https:\/\/ledsolintel.com\/product\/proyector-magnetico-bora-45-w-de-beneito-faure\/#breadcrumb\",\"itemListElement\":[{\"@type\":\"ListItem\",\"position\":1,\"name\":\"Portada\",\"item\":\"https:\/\/ledsolintel.com\/fr\/\"},{\"@type\":\"ListItem\",\"position\":2,\"name\":\"Tienda\",\"item\":\"https:\/\/ledsolintel.com\/tienda\/\"},{\"@type\":\"ListItem\",\"position\":3,\"name\":\"Proyector magn\u00e9tico BORA 4.5 W de Beneito Faure\"}]},{\"@type\":\"WebSite\",\"@id\":\"https:\/\/ledsolintel.com\/#website\",\"url\":\"https:\/\/ledsolintel.com\/\",\"name\":\"Webmenaje\",\"description\":\"Tienda de bombillas y l\u00e1mparas LED para profesionales\",\"publisher\":{\"@id\":\"https:\/\/ledsolintel.com\/#organization\"},\"potentialAction\":[{\"@type\":\"SearchAction\",\"target\":{\"@type\":\"EntryPoint\",\"urlTemplate\":\"https:\/\/ledsolintel.com\/?s={search_term_string}\"},\"query-input\":{\"@type\":\"PropertyValueSpecification\",\"valueRequired\":true,\"valueName\":\"search_term_string\"}}],\"inLanguage\":\"fr-FR\"},{\"@type\":\"Organization\",\"@id\":\"https:\/\/ledsolintel.com\/#organization\",\"name\":\"Solintel Noroeste, S.L.\",\"url\":\"https:\/\/ledsolintel.com\/\",\"logo\":{\"@type\":\"ImageObject\",\"inLanguage\":\"fr-FR\",\"@id\":\"https:\/\/ledsolintel.com\/#\/schema\/logo\/image\/\",\"url\":\"https:\/\/ledsolintel.com\/wp-content\/uploads\/2024\/11\/webmenaje-logo-1508269066.jpg\",\"contentUrl\":\"https:\/\/ledsolintel.com\/wp-content\/uploads\/2024\/11\/webmenaje-logo-1508269066.jpg\",\"width\":370,\"height\":90,\"caption\":\"Solintel Noroeste, S.L.\"},\"image\":{\"@id\":\"https:\/\/ledsolintel.com\/#\/schema\/logo\/image\/\"},\"sameAs\":[\"http:\/\/www.facebook.com\/webmenaje\",\"https:\/\/x.com\/webmenaje\",\"https:\/\/www.youtube.com\/channel\/UCX2KoVoeCG4LocZjUc6LmSQ\",\"http:\/\/www.pinterest.com\/webmenaje\"]}]}<\/script>\n<!-- \/ Yoast SEO plugin. -->","yoast_head_json":{"title":"Spot magn\u00e9tique BORA 4,5 W de Beneito Faure","description":"Proyector magn\u00e9tico BORA 4.5 W de Beneito Faure. Alto rendimiento crom\u00e1tico, Ideal para iluminaci\u00f3n ornamental de comercios, galer\u00edas y restaurantes.","robots":{"index":"index","follow":"follow","max-snippet":"max-snippet:-1","max-image-preview":"max-image-preview:large","max-video-preview":"max-video-preview:-1"},"canonical":"https:\/\/ledsolintel.com\/fr\/produit-2\/proyector-magnetico-bora-45-w-de-beneito-faure\/","og_locale":"fr_FR","og_type":"article","og_title":"Proyector magn\u00e9tico BORA 4.5 W de Beneito Faure","og_description":"Proyector magn\u00e9tico BORA 4.5 W de Beneito Faure. Alto rendimiento crom\u00e1tico, Ideal para iluminaci\u00f3n ornamental de comercios, galer\u00edas y restaurantes.","og_url":"https:\/\/ledsolintel.com\/fr\/produit-2\/proyector-magnetico-bora-45-w-de-beneito-faure\/","og_site_name":"Ledsolintel","article_publisher":"http:\/\/www.facebook.com\/webmenaje","og_image":[{"url":"https:\/\/ledsolintel.com\/wp-content\/uploads\/2021\/01\/12342-Proyector-magnetico-BORA-4.5-W-de-Beneito-Faure.jpg","width":1,"height":1,"type":"image\/jpeg"}],"twitter_card":"summary_large_image","twitter_site":"@webmenaje","schema":{"@context":"https:\/\/schema.org","@graph":[{"@type":"WebPage","@id":"https:\/\/ledsolintel.com\/product\/proyector-magnetico-bora-45-w-de-beneito-faure\/","url":"https:\/\/ledsolintel.com\/product\/proyector-magnetico-bora-45-w-de-beneito-faure\/","name":"Spot magn\u00e9tique BORA 4,5 W de Beneito Faure","isPartOf":{"@id":"https:\/\/ledsolintel.com\/#website"},"primaryImageOfPage":{"@id":"https:\/\/ledsolintel.com\/product\/proyector-magnetico-bora-45-w-de-beneito-faure\/#primaryimage"},"image":{"@id":"https:\/\/ledsolintel.com\/product\/proyector-magnetico-bora-45-w-de-beneito-faure\/#primaryimage"},"thumbnailUrl":"https:\/\/ledsolintel.com\/wp-content\/uploads\/2021\/01\/12342-Proyector-magnetico-BORA-4.5-W-de-Beneito-Faure.jpg","datePublished":"2021-01-15T17:41:51+00:00","description":"Proyector magn\u00e9tico BORA 4.5 W de Beneito Faure. Alto rendimiento crom\u00e1tico, Ideal para iluminaci\u00f3n ornamental de comercios, galer\u00edas y restaurantes.","breadcrumb":{"@id":"https:\/\/ledsolintel.com\/product\/proyector-magnetico-bora-45-w-de-beneito-faure\/#breadcrumb"},"inLanguage":"fr-FR","potentialAction":[{"@type":"ReadAction","target":["https:\/\/ledsolintel.com\/product\/proyector-magnetico-bora-45-w-de-beneito-faure\/"]}]},{"@type":"ImageObject","inLanguage":"fr-FR","@id":"https:\/\/ledsolintel.com\/product\/proyector-magnetico-bora-45-w-de-beneito-faure\/#primaryimage","url":"https:\/\/ledsolintel.com\/wp-content\/uploads\/2021\/01\/12342-Proyector-magnetico-BORA-4.5-W-de-Beneito-Faure.jpg","contentUrl":"https:\/\/ledsolintel.com\/wp-content\/uploads\/2021\/01\/12342-Proyector-magnetico-BORA-4.5-W-de-Beneito-Faure.jpg","caption":"Proyector magn\u00e9tico BORA 4.5 W de Beneito Faure"},{"@type":"BreadcrumbList","@id":"https:\/\/ledsolintel.com\/product\/proyector-magnetico-bora-45-w-de-beneito-faure\/#breadcrumb","itemListElement":[{"@type":"ListItem","position":1,"name":"Portada","item":"https:\/\/ledsolintel.com\/fr\/"},{"@type":"ListItem","position":2,"name":"Tienda","item":"https:\/\/ledsolintel.com\/tienda\/"},{"@type":"ListItem","position":3,"name":"Proyector magn\u00e9tico BORA 4.5 W de Beneito Faure"}]},{"@type":"WebSite","@id":"https:\/\/ledsolintel.com\/#website","url":"https:\/\/ledsolintel.com\/","name":"Webmenaje","description":"Magasin d'ampoules et de lampes LED pour les professionnels","publisher":{"@id":"https:\/\/ledsolintel.com\/#organization"},"potentialAction":[{"@type":"SearchAction","target":{"@type":"EntryPoint","urlTemplate":"https:\/\/ledsolintel.com\/?s={search_term_string}"},"query-input":{"@type":"PropertyValueSpecification","valueRequired":true,"valueName":"search_term_string"}}],"inLanguage":"fr-FR"},{"@type":"Organization","@id":"https:\/\/ledsolintel.com\/#organization","name":"Solintel Noroeste, S.L.","url":"https:\/\/ledsolintel.com\/","logo":{"@type":"ImageObject","inLanguage":"fr-FR","@id":"https:\/\/ledsolintel.com\/#\/schema\/logo\/image\/","url":"https:\/\/ledsolintel.com\/wp-content\/uploads\/2024\/11\/webmenaje-logo-1508269066.jpg","contentUrl":"https:\/\/ledsolintel.com\/wp-content\/uploads\/2024\/11\/webmenaje-logo-1508269066.jpg","width":370,"height":90,"caption":"Solintel Noroeste, S.L."},"image":{"@id":"https:\/\/ledsolintel.com\/#\/schema\/logo\/image\/"},"sameAs":["http:\/\/www.facebook.com\/webmenaje","https:\/\/x.com\/webmenaje","https:\/\/www.youtube.com\/channel\/UCX2KoVoeCG4LocZjUc6LmSQ","http:\/\/www.pinterest.com\/webmenaje"]}]}},"_links":{"self":[{"href":"https:\/\/ledsolintel.com\/fr\/wp-json\/wp\/v2\/product\/244134","targetHints":{"allow":["GET"]}}],"collection":[{"href":"https:\/\/ledsolintel.com\/fr\/wp-json\/wp\/v2\/product"}],"about":[{"href":"https:\/\/ledsolintel.com\/fr\/wp-json\/wp\/v2\/types\/product"}],"version-history":[{"count":0,"href":"https:\/\/ledsolintel.com\/fr\/wp-json\/wp\/v2\/product\/244134\/revisions"}],"wp:featuredmedia":[{"embeddable":true,"href":"https:\/\/ledsolintel.com\/fr\/wp-json\/wp\/v2\/media\/244129"}],"wp:attachment":[{"href":"https:\/\/ledsolintel.com\/fr\/wp-json\/wp\/v2\/media?parent=244134"}],"wp:term":[{"taxonomy":"product_brand","embeddable":true,"href":"https:\/\/ledsolintel.com\/fr\/wp-json\/wp\/v2\/product_brand?post=244134"},{"taxonomy":"product_cat","embeddable":true,"href":"https:\/\/ledsolintel.com\/fr\/wp-json\/wp\/v2\/product_cat?post=244134"},{"taxonomy":"product_tag","embeddable":true,"href":"https:\/\/ledsolintel.com\/fr\/wp-json\/wp\/v2\/product_tag?post=244134"}],"curies":[{"name":"wp","href":"https:\/\/api.w.org\/{rel}","templated":true}]}}