{"id":244118,"date":"2021-01-15T16:48:26","date_gmt":"2021-01-15T15:48:26","guid":{"rendered":"https:\/\/nueva.ledsolintel.com\/product\/carril-magnetico-de-superficie-48v-de-beneito-faure\/"},"modified":"2021-01-15T16:48:26","modified_gmt":"2021-01-15T15:48:26","slug":"carril-magnetico-de-superficie-48v-de-beneito-faure","status":"publish","type":"product","link":"https:\/\/ledsolintel.com\/fr\/produit-2\/carril-magnetico-de-superficie-48v-de-beneito-faure\/","title":{"rendered":"Rail magn\u00e9tique de surface Beneito Faure 48V"},"content":{"rendered":"<h1>Rail magn\u00e9tique de surface Beneito Faure 48V<\/h1>\n<p>\u00a0<\/p>\n<p>Rail magn\u00e9tique de surface de Beneito Faure. Il permet d'ajouter des luminaires \u00e0 l'aide d'un connecteur magn\u00e9tique et les alimente en courant 48V.<\/p>\n<p>Il facilite grandement le travail sur l'\u00e9clairage, car les lampes peuvent \u00eatre install\u00e9es et d\u00e9plac\u00e9es le long du rail sans n\u00e9cessiter d'outils sp\u00e9cifiques.<\/p>\n<p>Id\u00e9al pour une utilisation \u00e0 la maison pour sa commodit\u00e9, et pour une utilisation dans la d\u00e9coration professionnelle pour sa polyvalence.<\/p>\n<p><strong>N\u00e9cessite une alimentation externe (48V).<\/strong><\/p>\n<p><strong>Utilisation exclusive avec les lampes Beneito Faure 48V.<\/strong><\/p>","protected":false},"excerpt":{"rendered":"<p>Rail magn\u00e9tique de surface Beneito Faure 48V. Permet d'ajouter des luminaires \u00e0 l'aide d'un connecteur magn\u00e9tique et de les alimenter en courant 48V.<\/p>\n<\/p>\n<p><strong>A utiliser avec les lampes Beneito Faure 48V.<\/strong><\/p>","protected":false},"featured_media":244117,"template":"","meta":[],"product_brand":[99357],"product_cat":[99915,100461,99891,99573],"product_tag":[],"class_list":{"0":"post-244118","1":"product","2":"type-product","3":"status-publish","4":"has-post-thumbnail","6":"product_brand-beneito-faure","7":"product_cat-carril-magnetico","8":"product_cat-carriles-magneticos-y-accesorios","9":"product_cat-focos-de-carril","10":"product_cat-iluminacion-interior","11":"pa_acabado-blanco","12":"pa_acabado-negro","13":"pa_tamano-1metro","14":"pa_tamano-2metros","17":"instock","18":"taxable","19":"shipping-taxable","20":"purchasable","21":"product-type-variable","22":"has-default-attributes"},"yoast_head":"<!-- This site is optimized with the Yoast SEO plugin v26.6 - https:\/\/yoast.com\/wordpress\/plugins\/seo\/ -->\n<title>Carril magn\u00e9tico de superficie 48V de Beneito Faure<\/title>\n<meta name=\"description\" content=\"Carril magn\u00e9tico de superficie 48V de Beneito Faure. Permite a\u00f1adir luminarias mediante un conector magn\u00e9tico, y las alimenta con una corriente de 48V.\" \/>\n<meta name=\"robots\" content=\"index, follow, max-snippet:-1, max-image-preview:large, max-video-preview:-1\" \/>\n<link rel=\"canonical\" href=\"https:\/\/ledsolintel.com\/fr\/produit-2\/carril-magnetico-de-superficie-48v-de-beneito-faure\/\" \/>\n<meta property=\"og:locale\" content=\"fr_FR\" \/>\n<meta property=\"og:type\" content=\"article\" \/>\n<meta property=\"og:title\" content=\"Carril magn\u00e9tico de superficie 48V de Beneito Faure\" \/>\n<meta property=\"og:description\" content=\"Carril magn\u00e9tico de superficie 48V de Beneito Faure. Permite a\u00f1adir luminarias mediante un conector magn\u00e9tico, y las alimenta con una corriente de 48V.\" \/>\n<meta property=\"og:url\" content=\"https:\/\/ledsolintel.com\/fr\/produit-2\/carril-magnetico-de-superficie-48v-de-beneito-faure\/\" \/>\n<meta property=\"og:site_name\" content=\"Ledsolintel\" \/>\n<meta property=\"article:publisher\" content=\"http:\/\/www.facebook.com\/webmenaje\" \/>\n<meta property=\"og:image\" content=\"https:\/\/ledsolintel.com\/wp-content\/uploads\/2021\/01\/12341-Carril-magnetico-de-superficie-48V-de-Beneito-Faure.jpg\" \/>\n\t<meta property=\"og:image:width\" content=\"1\" \/>\n\t<meta property=\"og:image:height\" content=\"1\" \/>\n\t<meta property=\"og:image:type\" content=\"image\/jpeg\" \/>\n<meta name=\"twitter:card\" content=\"summary_large_image\" \/>\n<meta name=\"twitter:site\" content=\"@webmenaje\" \/>\n<script type=\"application\/ld+json\" class=\"yoast-schema-graph\">{\"@context\":\"https:\/\/schema.org\",\"@graph\":[{\"@type\":\"WebPage\",\"@id\":\"https:\/\/ledsolintel.com\/product\/carril-magnetico-de-superficie-48v-de-beneito-faure\/\",\"url\":\"https:\/\/ledsolintel.com\/product\/carril-magnetico-de-superficie-48v-de-beneito-faure\/\",\"name\":\"Carril magn\u00e9tico de superficie 48V de Beneito Faure\",\"isPartOf\":{\"@id\":\"https:\/\/ledsolintel.com\/#website\"},\"primaryImageOfPage\":{\"@id\":\"https:\/\/ledsolintel.com\/product\/carril-magnetico-de-superficie-48v-de-beneito-faure\/#primaryimage\"},\"image\":{\"@id\":\"https:\/\/ledsolintel.com\/product\/carril-magnetico-de-superficie-48v-de-beneito-faure\/#primaryimage\"},\"thumbnailUrl\":\"https:\/\/ledsolintel.com\/wp-content\/uploads\/2021\/01\/12341-Carril-magnetico-de-superficie-48V-de-Beneito-Faure.jpg\",\"datePublished\":\"2021-01-15T15:48:26+00:00\",\"description\":\"Carril magn\u00e9tico de superficie 48V de Beneito Faure. Permite a\u00f1adir luminarias mediante un conector magn\u00e9tico, y las alimenta con una corriente de 48V.\",\"breadcrumb\":{\"@id\":\"https:\/\/ledsolintel.com\/product\/carril-magnetico-de-superficie-48v-de-beneito-faure\/#breadcrumb\"},\"inLanguage\":\"fr-FR\",\"potentialAction\":[{\"@type\":\"ReadAction\",\"target\":[\"https:\/\/ledsolintel.com\/product\/carril-magnetico-de-superficie-48v-de-beneito-faure\/\"]}]},{\"@type\":\"ImageObject\",\"inLanguage\":\"fr-FR\",\"@id\":\"https:\/\/ledsolintel.com\/product\/carril-magnetico-de-superficie-48v-de-beneito-faure\/#primaryimage\",\"url\":\"https:\/\/ledsolintel.com\/wp-content\/uploads\/2021\/01\/12341-Carril-magnetico-de-superficie-48V-de-Beneito-Faure.jpg\",\"contentUrl\":\"https:\/\/ledsolintel.com\/wp-content\/uploads\/2021\/01\/12341-Carril-magnetico-de-superficie-48V-de-Beneito-Faure.jpg\",\"caption\":\"Carril magn\u00e9tico de superficie 48V de Beneito Faure\"},{\"@type\":\"BreadcrumbList\",\"@id\":\"https:\/\/ledsolintel.com\/product\/carril-magnetico-de-superficie-48v-de-beneito-faure\/#breadcrumb\",\"itemListElement\":[{\"@type\":\"ListItem\",\"position\":1,\"name\":\"Portada\",\"item\":\"https:\/\/ledsolintel.com\/fr\/\"},{\"@type\":\"ListItem\",\"position\":2,\"name\":\"Tienda\",\"item\":\"https:\/\/ledsolintel.com\/tienda\/\"},{\"@type\":\"ListItem\",\"position\":3,\"name\":\"Carril magn\u00e9tico de superficie 48V de Beneito Faure\"}]},{\"@type\":\"WebSite\",\"@id\":\"https:\/\/ledsolintel.com\/#website\",\"url\":\"https:\/\/ledsolintel.com\/\",\"name\":\"Webmenaje\",\"description\":\"Tienda de bombillas y l\u00e1mparas LED para profesionales\",\"publisher\":{\"@id\":\"https:\/\/ledsolintel.com\/#organization\"},\"potentialAction\":[{\"@type\":\"SearchAction\",\"target\":{\"@type\":\"EntryPoint\",\"urlTemplate\":\"https:\/\/ledsolintel.com\/?s={search_term_string}\"},\"query-input\":{\"@type\":\"PropertyValueSpecification\",\"valueRequired\":true,\"valueName\":\"search_term_string\"}}],\"inLanguage\":\"fr-FR\"},{\"@type\":\"Organization\",\"@id\":\"https:\/\/ledsolintel.com\/#organization\",\"name\":\"Solintel Noroeste, S.L.\",\"url\":\"https:\/\/ledsolintel.com\/\",\"logo\":{\"@type\":\"ImageObject\",\"inLanguage\":\"fr-FR\",\"@id\":\"https:\/\/ledsolintel.com\/#\/schema\/logo\/image\/\",\"url\":\"https:\/\/ledsolintel.com\/wp-content\/uploads\/2024\/11\/webmenaje-logo-1508269066.jpg\",\"contentUrl\":\"https:\/\/ledsolintel.com\/wp-content\/uploads\/2024\/11\/webmenaje-logo-1508269066.jpg\",\"width\":370,\"height\":90,\"caption\":\"Solintel Noroeste, S.L.\"},\"image\":{\"@id\":\"https:\/\/ledsolintel.com\/#\/schema\/logo\/image\/\"},\"sameAs\":[\"http:\/\/www.facebook.com\/webmenaje\",\"https:\/\/x.com\/webmenaje\",\"https:\/\/www.youtube.com\/channel\/UCX2KoVoeCG4LocZjUc6LmSQ\",\"http:\/\/www.pinterest.com\/webmenaje\"]}]}<\/script>\n<!-- \/ Yoast SEO plugin. -->","yoast_head_json":{"title":"Rail magn\u00e9tique de surface Beneito Faure 48V","description":"Carril magn\u00e9tico de superficie 48V de Beneito Faure. Permite a\u00f1adir luminarias mediante un conector magn\u00e9tico, y las alimenta con una corriente de 48V.","robots":{"index":"index","follow":"follow","max-snippet":"max-snippet:-1","max-image-preview":"max-image-preview:large","max-video-preview":"max-video-preview:-1"},"canonical":"https:\/\/ledsolintel.com\/fr\/produit-2\/carril-magnetico-de-superficie-48v-de-beneito-faure\/","og_locale":"fr_FR","og_type":"article","og_title":"Carril magn\u00e9tico de superficie 48V de Beneito Faure","og_description":"Carril magn\u00e9tico de superficie 48V de Beneito Faure. Permite a\u00f1adir luminarias mediante un conector magn\u00e9tico, y las alimenta con una corriente de 48V.","og_url":"https:\/\/ledsolintel.com\/fr\/produit-2\/carril-magnetico-de-superficie-48v-de-beneito-faure\/","og_site_name":"Ledsolintel","article_publisher":"http:\/\/www.facebook.com\/webmenaje","og_image":[{"url":"https:\/\/ledsolintel.com\/wp-content\/uploads\/2021\/01\/12341-Carril-magnetico-de-superficie-48V-de-Beneito-Faure.jpg","width":1,"height":1,"type":"image\/jpeg"}],"twitter_card":"summary_large_image","twitter_site":"@webmenaje","schema":{"@context":"https:\/\/schema.org","@graph":[{"@type":"WebPage","@id":"https:\/\/ledsolintel.com\/product\/carril-magnetico-de-superficie-48v-de-beneito-faure\/","url":"https:\/\/ledsolintel.com\/product\/carril-magnetico-de-superficie-48v-de-beneito-faure\/","name":"Rail magn\u00e9tique de surface Beneito Faure 48V","isPartOf":{"@id":"https:\/\/ledsolintel.com\/#website"},"primaryImageOfPage":{"@id":"https:\/\/ledsolintel.com\/product\/carril-magnetico-de-superficie-48v-de-beneito-faure\/#primaryimage"},"image":{"@id":"https:\/\/ledsolintel.com\/product\/carril-magnetico-de-superficie-48v-de-beneito-faure\/#primaryimage"},"thumbnailUrl":"https:\/\/ledsolintel.com\/wp-content\/uploads\/2021\/01\/12341-Carril-magnetico-de-superficie-48V-de-Beneito-Faure.jpg","datePublished":"2021-01-15T15:48:26+00:00","description":"Carril magn\u00e9tico de superficie 48V de Beneito Faure. Permite a\u00f1adir luminarias mediante un conector magn\u00e9tico, y las alimenta con una corriente de 48V.","breadcrumb":{"@id":"https:\/\/ledsolintel.com\/product\/carril-magnetico-de-superficie-48v-de-beneito-faure\/#breadcrumb"},"inLanguage":"fr-FR","potentialAction":[{"@type":"ReadAction","target":["https:\/\/ledsolintel.com\/product\/carril-magnetico-de-superficie-48v-de-beneito-faure\/"]}]},{"@type":"ImageObject","inLanguage":"fr-FR","@id":"https:\/\/ledsolintel.com\/product\/carril-magnetico-de-superficie-48v-de-beneito-faure\/#primaryimage","url":"https:\/\/ledsolintel.com\/wp-content\/uploads\/2021\/01\/12341-Carril-magnetico-de-superficie-48V-de-Beneito-Faure.jpg","contentUrl":"https:\/\/ledsolintel.com\/wp-content\/uploads\/2021\/01\/12341-Carril-magnetico-de-superficie-48V-de-Beneito-Faure.jpg","caption":"Carril magn\u00e9tico de superficie 48V de Beneito Faure"},{"@type":"BreadcrumbList","@id":"https:\/\/ledsolintel.com\/product\/carril-magnetico-de-superficie-48v-de-beneito-faure\/#breadcrumb","itemListElement":[{"@type":"ListItem","position":1,"name":"Portada","item":"https:\/\/ledsolintel.com\/fr\/"},{"@type":"ListItem","position":2,"name":"Tienda","item":"https:\/\/ledsolintel.com\/tienda\/"},{"@type":"ListItem","position":3,"name":"Carril magn\u00e9tico de superficie 48V de Beneito Faure"}]},{"@type":"WebSite","@id":"https:\/\/ledsolintel.com\/#website","url":"https:\/\/ledsolintel.com\/","name":"Webmenaje","description":"Magasin d'ampoules et de lampes LED pour les professionnels","publisher":{"@id":"https:\/\/ledsolintel.com\/#organization"},"potentialAction":[{"@type":"SearchAction","target":{"@type":"EntryPoint","urlTemplate":"https:\/\/ledsolintel.com\/?s={search_term_string}"},"query-input":{"@type":"PropertyValueSpecification","valueRequired":true,"valueName":"search_term_string"}}],"inLanguage":"fr-FR"},{"@type":"Organization","@id":"https:\/\/ledsolintel.com\/#organization","name":"Solintel Noroeste, S.L.","url":"https:\/\/ledsolintel.com\/","logo":{"@type":"ImageObject","inLanguage":"fr-FR","@id":"https:\/\/ledsolintel.com\/#\/schema\/logo\/image\/","url":"https:\/\/ledsolintel.com\/wp-content\/uploads\/2024\/11\/webmenaje-logo-1508269066.jpg","contentUrl":"https:\/\/ledsolintel.com\/wp-content\/uploads\/2024\/11\/webmenaje-logo-1508269066.jpg","width":370,"height":90,"caption":"Solintel Noroeste, S.L."},"image":{"@id":"https:\/\/ledsolintel.com\/#\/schema\/logo\/image\/"},"sameAs":["http:\/\/www.facebook.com\/webmenaje","https:\/\/x.com\/webmenaje","https:\/\/www.youtube.com\/channel\/UCX2KoVoeCG4LocZjUc6LmSQ","http:\/\/www.pinterest.com\/webmenaje"]}]}},"_links":{"self":[{"href":"https:\/\/ledsolintel.com\/fr\/wp-json\/wp\/v2\/product\/244118","targetHints":{"allow":["GET"]}}],"collection":[{"href":"https:\/\/ledsolintel.com\/fr\/wp-json\/wp\/v2\/product"}],"about":[{"href":"https:\/\/ledsolintel.com\/fr\/wp-json\/wp\/v2\/types\/product"}],"version-history":[{"count":0,"href":"https:\/\/ledsolintel.com\/fr\/wp-json\/wp\/v2\/product\/244118\/revisions"}],"wp:featuredmedia":[{"embeddable":true,"href":"https:\/\/ledsolintel.com\/fr\/wp-json\/wp\/v2\/media\/244117"}],"wp:attachment":[{"href":"https:\/\/ledsolintel.com\/fr\/wp-json\/wp\/v2\/media?parent=244118"}],"wp:term":[{"taxonomy":"product_brand","embeddable":true,"href":"https:\/\/ledsolintel.com\/fr\/wp-json\/wp\/v2\/product_brand?post=244118"},{"taxonomy":"product_cat","embeddable":true,"href":"https:\/\/ledsolintel.com\/fr\/wp-json\/wp\/v2\/product_cat?post=244118"},{"taxonomy":"product_tag","embeddable":true,"href":"https:\/\/ledsolintel.com\/fr\/wp-json\/wp\/v2\/product_tag?post=244118"}],"curies":[{"name":"wp","href":"https:\/\/api.w.org\/{rel}","templated":true}]}}