{"id":244008,"date":"2020-10-06T17:06:56","date_gmt":"2020-10-06T15:06:56","guid":{"rendered":"https:\/\/nueva.ledsolintel.com\/product\/foco-de-carril-06-profesional-10-30-w-de-roblan\/"},"modified":"2020-10-06T17:06:56","modified_gmt":"2020-10-06T15:06:56","slug":"foco-de-carril-06-profesional-10-30-w-de-roblan","status":"publish","type":"product","link":"https:\/\/ledsolintel.com\/fr\/produit-2\/foco-de-carril-06-profesional-10-30-w-de-roblan\/","title":{"rendered":"Roblan Professional Track Spotlight 06 CRI97"},"content":{"rendered":"<h1>Foco de carril 06 profesional de Roblan<\/h1>\n<p>\u00a0<\/p>\n<h3><span style=\"text-decoration: underline;\">Foco de carril 06 10W de Roblan<\/span><\/h3>\n<ul>\n<li>Puissance : 10 W<\/li>\n<li>Tension : 220-240V \/ 50-60 Hz<\/li>\n<li>Luminosidad:\u00a0800 lm<\/li>\n<li>Optique : 36<\/li>\n<li>CCT :\u00a0\n<ul>\n<li>Blanc chaud 3000K<\/li>\n<li>Blanc naturel 4000K<\/li>\n<\/ul>\n<\/li>\n<li>Dur\u00e9e de vie : 30 000 h<\/li>\n<li>Protection IP20<\/li>\n<li>Protection IK02<\/li>\n<li>C.R.I. &gt; 97<\/li>\n<li>Facteur de puissance &gt;0,9<\/li>\n<\/ul>\n<p>\u00a0<\/p>\n<h3><span style=\"text-decoration: underline;\">Foco de carril 06 20W de Roblan<\/span><\/h3>\n<ul>\n<li>Puissance : 20 W<\/li>\n<li>Tension : 220-240V \/ 50-60 Hz<\/li>\n<li>Luminosidad:\u00a01600\u00a0lm<\/li>\n<li>Optique : 36<\/li>\n<li>CCT :\u00a0\n<ul>\n<li>Blanc chaud 3000K<\/li>\n<li>Blanc naturel 4000K<\/li>\n<\/ul>\n<\/li>\n<li>Dur\u00e9e de vie : 30 000 h<\/li>\n<li>Protection IP20<\/li>\n<li>Protection IK02<\/li>\n<li>C.R.I. &gt;\u00a097<\/li>\n<li>Facteur de puissance &gt;0,9<\/li>\n<\/ul>\n<p>\u00a0<\/p>\n<h3><span style=\"text-decoration: underline;\">Foco de carril 06 30W de Roblan<\/span><\/h3>\n<ul>\n<li>Puissance : 30 W<\/li>\n<li>Tension : 220-240V \/ 50-60 Hz<\/li>\n<li>Luminosidad: 2400 lm<\/li>\n<li>Optique : 36<\/li>\n<li>CCT :\u00a0\n<ul>\n<li>Blanc chaud 3000K<\/li>\n<li>Blanc naturel 4000K<\/li>\n<\/ul>\n<\/li>\n<li>Dur\u00e9e de vie : 30 000 h<\/li>\n<li>Protection IP20<\/li>\n<li>Protection IK02<\/li>\n<li>C.R.I. &gt;\u00a097<\/li>\n<li>Facteur de puissance &gt;0,9<\/li>\n<\/ul>","protected":false},"excerpt":{"rendered":"<p>Foco de carril 06 profesional de Roblan. Alta luminosidad en un \u00e1ngulo cerrado. Reproducci\u00f3n muy fiel de los colores, para iluminaci\u00f3n en tiendas de moda, joyer\u00eda, concesionarios, galer\u00edas, etc.<\/p>\n<p>Disponible en\u00a0varias potencias.<\/p>","protected":false},"featured_media":244006,"template":"","meta":[],"product_brand":[99355],"product_cat":[99929,99891],"product_tag":[],"class_list":{"0":"post-244008","1":"product","2":"type-product","3":"status-publish","4":"has-post-thumbnail","6":"product_brand-roblan","7":"product_cat-focos-de-carril-de-superficie-y-empotrables-focos-de-carril","8":"product_cat-focos-de-carril","9":"pa_acabado-blanco","10":"pa_acabado-negro","11":"pa_cct-natural4000k","12":"pa_cct-calido3000k","13":"pa_potencia-10w","14":"pa_potencia-20w","15":"pa_potencia-30w","18":"instock","19":"taxable","20":"shipping-taxable","21":"purchasable","22":"product-type-variable","23":"has-default-attributes"},"yoast_head":"<!-- This site is optimized with the Yoast SEO plugin v26.6 - https:\/\/yoast.com\/wordpress\/plugins\/seo\/ -->\n<title>Foco de carril 06 profesional 10-30 W de Roblan<\/title>\n<meta name=\"description\" content=\"Foco de carril 06 profesional de Roblan. Reproducci\u00f3n muy fiel de los colores, para iluminaci\u00f3n en tiendas de moda, joyer\u00eda, concesionarios, galer\u00edas, etc.\" \/>\n<meta name=\"robots\" content=\"index, follow, max-snippet:-1, max-image-preview:large, max-video-preview:-1\" \/>\n<link rel=\"canonical\" href=\"https:\/\/ledsolintel.com\/fr\/produit-2\/foco-de-carril-06-profesional-10-30-w-de-roblan\/\" \/>\n<meta property=\"og:locale\" content=\"fr_FR\" \/>\n<meta property=\"og:type\" content=\"article\" \/>\n<meta property=\"og:title\" content=\"Foco de carril 06 profesional 10-30 W de Roblan\" \/>\n<meta property=\"og:description\" content=\"Foco de carril 06 profesional de Roblan. Reproducci\u00f3n muy fiel de los colores, para iluminaci\u00f3n en tiendas de moda, joyer\u00eda, concesionarios, galer\u00edas, etc.\" \/>\n<meta property=\"og:url\" content=\"https:\/\/ledsolintel.com\/fr\/produit-2\/foco-de-carril-06-profesional-10-30-w-de-roblan\/\" \/>\n<meta property=\"og:site_name\" content=\"Ledsolintel\" \/>\n<meta property=\"article:publisher\" content=\"http:\/\/www.facebook.com\/webmenaje\" \/>\n<meta property=\"og:image\" content=\"https:\/\/ledsolintel.com\/wp-content\/uploads\/2020\/10\/12260-Foco-de-carril-06-profesional-10-30-W-de-Roblan.jpg\" \/>\n\t<meta property=\"og:image:width\" content=\"1\" \/>\n\t<meta property=\"og:image:height\" content=\"1\" \/>\n\t<meta property=\"og:image:type\" content=\"image\/jpeg\" \/>\n<meta name=\"twitter:card\" content=\"summary_large_image\" \/>\n<meta name=\"twitter:site\" content=\"@webmenaje\" \/>\n<meta name=\"twitter:label1\" content=\"Dur\u00e9e de lecture estim\u00e9e\" \/>\n\t<meta name=\"twitter:data1\" content=\"1 minute\" \/>\n<script type=\"application\/ld+json\" class=\"yoast-schema-graph\">{\"@context\":\"https:\/\/schema.org\",\"@graph\":[{\"@type\":\"WebPage\",\"@id\":\"https:\/\/ledsolintel.com\/product\/foco-de-carril-06-profesional-10-30-w-de-roblan\/\",\"url\":\"https:\/\/ledsolintel.com\/product\/foco-de-carril-06-profesional-10-30-w-de-roblan\/\",\"name\":\"Foco de carril 06 profesional 10-30 W de Roblan\",\"isPartOf\":{\"@id\":\"https:\/\/ledsolintel.com\/#website\"},\"primaryImageOfPage\":{\"@id\":\"https:\/\/ledsolintel.com\/product\/foco-de-carril-06-profesional-10-30-w-de-roblan\/#primaryimage\"},\"image\":{\"@id\":\"https:\/\/ledsolintel.com\/product\/foco-de-carril-06-profesional-10-30-w-de-roblan\/#primaryimage\"},\"thumbnailUrl\":\"https:\/\/ledsolintel.com\/wp-content\/uploads\/2020\/10\/12260-Foco-de-carril-06-profesional-10-30-W-de-Roblan.jpg\",\"datePublished\":\"2020-10-06T15:06:56+00:00\",\"description\":\"Foco de carril 06 profesional de Roblan. Reproducci\u00f3n muy fiel de los colores, para iluminaci\u00f3n en tiendas de moda, joyer\u00eda, concesionarios, galer\u00edas, etc.\",\"breadcrumb\":{\"@id\":\"https:\/\/ledsolintel.com\/product\/foco-de-carril-06-profesional-10-30-w-de-roblan\/#breadcrumb\"},\"inLanguage\":\"fr-FR\",\"potentialAction\":[{\"@type\":\"ReadAction\",\"target\":[\"https:\/\/ledsolintel.com\/product\/foco-de-carril-06-profesional-10-30-w-de-roblan\/\"]}]},{\"@type\":\"ImageObject\",\"inLanguage\":\"fr-FR\",\"@id\":\"https:\/\/ledsolintel.com\/product\/foco-de-carril-06-profesional-10-30-w-de-roblan\/#primaryimage\",\"url\":\"https:\/\/ledsolintel.com\/wp-content\/uploads\/2020\/10\/12260-Foco-de-carril-06-profesional-10-30-W-de-Roblan.jpg\",\"contentUrl\":\"https:\/\/ledsolintel.com\/wp-content\/uploads\/2020\/10\/12260-Foco-de-carril-06-profesional-10-30-W-de-Roblan.jpg\",\"caption\":\"Foco de carril 06 profesional 10-30 W de Roblan\"},{\"@type\":\"BreadcrumbList\",\"@id\":\"https:\/\/ledsolintel.com\/product\/foco-de-carril-06-profesional-10-30-w-de-roblan\/#breadcrumb\",\"itemListElement\":[{\"@type\":\"ListItem\",\"position\":1,\"name\":\"Portada\",\"item\":\"https:\/\/ledsolintel.com\/fr\/\"},{\"@type\":\"ListItem\",\"position\":2,\"name\":\"Tienda\",\"item\":\"https:\/\/ledsolintel.com\/tienda\/\"},{\"@type\":\"ListItem\",\"position\":3,\"name\":\"Foco de carril 06 profesional CRI97 de Roblan\"}]},{\"@type\":\"WebSite\",\"@id\":\"https:\/\/ledsolintel.com\/#website\",\"url\":\"https:\/\/ledsolintel.com\/\",\"name\":\"Webmenaje\",\"description\":\"Tienda de bombillas y l\u00e1mparas LED para profesionales\",\"publisher\":{\"@id\":\"https:\/\/ledsolintel.com\/#organization\"},\"potentialAction\":[{\"@type\":\"SearchAction\",\"target\":{\"@type\":\"EntryPoint\",\"urlTemplate\":\"https:\/\/ledsolintel.com\/?s={search_term_string}\"},\"query-input\":{\"@type\":\"PropertyValueSpecification\",\"valueRequired\":true,\"valueName\":\"search_term_string\"}}],\"inLanguage\":\"fr-FR\"},{\"@type\":\"Organization\",\"@id\":\"https:\/\/ledsolintel.com\/#organization\",\"name\":\"Solintel Noroeste, S.L.\",\"url\":\"https:\/\/ledsolintel.com\/\",\"logo\":{\"@type\":\"ImageObject\",\"inLanguage\":\"fr-FR\",\"@id\":\"https:\/\/ledsolintel.com\/#\/schema\/logo\/image\/\",\"url\":\"https:\/\/ledsolintel.com\/wp-content\/uploads\/2024\/11\/webmenaje-logo-1508269066.jpg\",\"contentUrl\":\"https:\/\/ledsolintel.com\/wp-content\/uploads\/2024\/11\/webmenaje-logo-1508269066.jpg\",\"width\":370,\"height\":90,\"caption\":\"Solintel Noroeste, S.L.\"},\"image\":{\"@id\":\"https:\/\/ledsolintel.com\/#\/schema\/logo\/image\/\"},\"sameAs\":[\"http:\/\/www.facebook.com\/webmenaje\",\"https:\/\/x.com\/webmenaje\",\"https:\/\/www.youtube.com\/channel\/UCX2KoVoeCG4LocZjUc6LmSQ\",\"http:\/\/www.pinterest.com\/webmenaje\"]}]}<\/script>\n<!-- \/ Yoast SEO plugin. -->","yoast_head_json":{"title":"Projecteur de piste Roblan 06 professionnel 10-30 W","description":"Foco de carril 06 profesional de Roblan. Reproducci\u00f3n muy fiel de los colores, para iluminaci\u00f3n en tiendas de moda, joyer\u00eda, concesionarios, galer\u00edas, etc.","robots":{"index":"index","follow":"follow","max-snippet":"max-snippet:-1","max-image-preview":"max-image-preview:large","max-video-preview":"max-video-preview:-1"},"canonical":"https:\/\/ledsolintel.com\/fr\/produit-2\/foco-de-carril-06-profesional-10-30-w-de-roblan\/","og_locale":"fr_FR","og_type":"article","og_title":"Foco de carril 06 profesional 10-30 W de Roblan","og_description":"Foco de carril 06 profesional de Roblan. Reproducci\u00f3n muy fiel de los colores, para iluminaci\u00f3n en tiendas de moda, joyer\u00eda, concesionarios, galer\u00edas, etc.","og_url":"https:\/\/ledsolintel.com\/fr\/produit-2\/foco-de-carril-06-profesional-10-30-w-de-roblan\/","og_site_name":"Ledsolintel","article_publisher":"http:\/\/www.facebook.com\/webmenaje","og_image":[{"url":"https:\/\/ledsolintel.com\/wp-content\/uploads\/2020\/10\/12260-Foco-de-carril-06-profesional-10-30-W-de-Roblan.jpg","width":1,"height":1,"type":"image\/jpeg"}],"twitter_card":"summary_large_image","twitter_site":"@webmenaje","twitter_misc":{"Dur\u00e9e de lecture estim\u00e9e":"1 minute"},"schema":{"@context":"https:\/\/schema.org","@graph":[{"@type":"WebPage","@id":"https:\/\/ledsolintel.com\/product\/foco-de-carril-06-profesional-10-30-w-de-roblan\/","url":"https:\/\/ledsolintel.com\/product\/foco-de-carril-06-profesional-10-30-w-de-roblan\/","name":"Projecteur de piste Roblan 06 professionnel 10-30 W","isPartOf":{"@id":"https:\/\/ledsolintel.com\/#website"},"primaryImageOfPage":{"@id":"https:\/\/ledsolintel.com\/product\/foco-de-carril-06-profesional-10-30-w-de-roblan\/#primaryimage"},"image":{"@id":"https:\/\/ledsolintel.com\/product\/foco-de-carril-06-profesional-10-30-w-de-roblan\/#primaryimage"},"thumbnailUrl":"https:\/\/ledsolintel.com\/wp-content\/uploads\/2020\/10\/12260-Foco-de-carril-06-profesional-10-30-W-de-Roblan.jpg","datePublished":"2020-10-06T15:06:56+00:00","description":"Foco de carril 06 profesional de Roblan. Reproducci\u00f3n muy fiel de los colores, para iluminaci\u00f3n en tiendas de moda, joyer\u00eda, concesionarios, galer\u00edas, etc.","breadcrumb":{"@id":"https:\/\/ledsolintel.com\/product\/foco-de-carril-06-profesional-10-30-w-de-roblan\/#breadcrumb"},"inLanguage":"fr-FR","potentialAction":[{"@type":"ReadAction","target":["https:\/\/ledsolintel.com\/product\/foco-de-carril-06-profesional-10-30-w-de-roblan\/"]}]},{"@type":"ImageObject","inLanguage":"fr-FR","@id":"https:\/\/ledsolintel.com\/product\/foco-de-carril-06-profesional-10-30-w-de-roblan\/#primaryimage","url":"https:\/\/ledsolintel.com\/wp-content\/uploads\/2020\/10\/12260-Foco-de-carril-06-profesional-10-30-W-de-Roblan.jpg","contentUrl":"https:\/\/ledsolintel.com\/wp-content\/uploads\/2020\/10\/12260-Foco-de-carril-06-profesional-10-30-W-de-Roblan.jpg","caption":"Foco de carril 06 profesional 10-30 W de Roblan"},{"@type":"BreadcrumbList","@id":"https:\/\/ledsolintel.com\/product\/foco-de-carril-06-profesional-10-30-w-de-roblan\/#breadcrumb","itemListElement":[{"@type":"ListItem","position":1,"name":"Portada","item":"https:\/\/ledsolintel.com\/fr\/"},{"@type":"ListItem","position":2,"name":"Tienda","item":"https:\/\/ledsolintel.com\/tienda\/"},{"@type":"ListItem","position":3,"name":"Foco de carril 06 profesional CRI97 de Roblan"}]},{"@type":"WebSite","@id":"https:\/\/ledsolintel.com\/#website","url":"https:\/\/ledsolintel.com\/","name":"Webmenaje","description":"Magasin d'ampoules et de lampes LED pour les professionnels","publisher":{"@id":"https:\/\/ledsolintel.com\/#organization"},"potentialAction":[{"@type":"SearchAction","target":{"@type":"EntryPoint","urlTemplate":"https:\/\/ledsolintel.com\/?s={search_term_string}"},"query-input":{"@type":"PropertyValueSpecification","valueRequired":true,"valueName":"search_term_string"}}],"inLanguage":"fr-FR"},{"@type":"Organization","@id":"https:\/\/ledsolintel.com\/#organization","name":"Solintel Noroeste, S.L.","url":"https:\/\/ledsolintel.com\/","logo":{"@type":"ImageObject","inLanguage":"fr-FR","@id":"https:\/\/ledsolintel.com\/#\/schema\/logo\/image\/","url":"https:\/\/ledsolintel.com\/wp-content\/uploads\/2024\/11\/webmenaje-logo-1508269066.jpg","contentUrl":"https:\/\/ledsolintel.com\/wp-content\/uploads\/2024\/11\/webmenaje-logo-1508269066.jpg","width":370,"height":90,"caption":"Solintel Noroeste, S.L."},"image":{"@id":"https:\/\/ledsolintel.com\/#\/schema\/logo\/image\/"},"sameAs":["http:\/\/www.facebook.com\/webmenaje","https:\/\/x.com\/webmenaje","https:\/\/www.youtube.com\/channel\/UCX2KoVoeCG4LocZjUc6LmSQ","http:\/\/www.pinterest.com\/webmenaje"]}]}},"_links":{"self":[{"href":"https:\/\/ledsolintel.com\/fr\/wp-json\/wp\/v2\/product\/244008","targetHints":{"allow":["GET"]}}],"collection":[{"href":"https:\/\/ledsolintel.com\/fr\/wp-json\/wp\/v2\/product"}],"about":[{"href":"https:\/\/ledsolintel.com\/fr\/wp-json\/wp\/v2\/types\/product"}],"version-history":[{"count":0,"href":"https:\/\/ledsolintel.com\/fr\/wp-json\/wp\/v2\/product\/244008\/revisions"}],"wp:featuredmedia":[{"embeddable":true,"href":"https:\/\/ledsolintel.com\/fr\/wp-json\/wp\/v2\/media\/244006"}],"wp:attachment":[{"href":"https:\/\/ledsolintel.com\/fr\/wp-json\/wp\/v2\/media?parent=244008"}],"wp:term":[{"taxonomy":"product_brand","embeddable":true,"href":"https:\/\/ledsolintel.com\/fr\/wp-json\/wp\/v2\/product_brand?post=244008"},{"taxonomy":"product_cat","embeddable":true,"href":"https:\/\/ledsolintel.com\/fr\/wp-json\/wp\/v2\/product_cat?post=244008"},{"taxonomy":"product_tag","embeddable":true,"href":"https:\/\/ledsolintel.com\/fr\/wp-json\/wp\/v2\/product_tag?post=244008"}],"curies":[{"name":"wp","href":"https:\/\/api.w.org\/{rel}","templated":true}]}}