{"id":244003,"date":"2020-10-06T13:58:20","date_gmt":"2020-10-06T11:58:20","guid":{"rendered":"https:\/\/nueva.ledsolintel.com\/product\/pantalla-led-v-1200x300-mm-40w-de-roblan\/"},"modified":"2020-10-06T13:58:20","modified_gmt":"2020-10-06T11:58:20","slug":"ecran-led-v-1200x300-mm-40w-by-roblan","status":"publish","type":"product","link":"https:\/\/ledsolintel.com\/fr\/produit-2\/ecran-led-v-1200x300-mm-40w-by-roblan\/","title":{"rendered":"Ecran Roblan LED V 1200\u00d7300 mm 40W"},"content":{"rendered":"<h1>Ecran Roblan LED V 1200\u00d7300 mm 40W<\/h1>\n<p>\u00a0<\/p>\n<ul>\n<li>Puissance : 40 W<\/li>\n<li>Tension : 220-240 V<\/li>\n<li>Dimensions : 1200\u00d7300 mm<\/li>\n<li>CCT :\n<ul>\n<li>4000 K \u00a0<\/li>\n<li>6000 K<\/li>\n<\/ul>\n<\/li>\n<li>Flux lumineux : 3280 lm<\/li>\n<li>IP20<\/li>\n<li>C.R.I. &gt;80<\/li>\n<li>PF &gt; 0,9<\/li>\n<li>Dur\u00e9e de vie : 40 000 heures<\/li>\n<\/ul>","protected":false},"excerpt":{"rendered":"<p>Ecran Roblan LED V 1200\u00d7300 mm 40W. Remplace les \u00e9crans \u00e0 tubes fluorescents. Il peut \u00eatre encastr\u00e9 dans des plafonds \u00e0 panneaux, fix\u00e9 au plafond ou suspendu au moyen de c\u00e2bles. Disponible en lumi\u00e8re froide ou naturelle, avec cadre blanc ou aluminium. Haute luminosit\u00e9 et longue dur\u00e9e de vie.\u00a0<\/p>","protected":false},"featured_media":244002,"template":"","meta":[],"product_brand":[99355],"product_cat":[99895],"product_tag":[],"class_list":{"0":"post-244003","1":"product","2":"type-product","3":"status-publish","4":"has-post-thumbnail","6":"product_brand-roblan","7":"product_cat-paneles-cuadrados-y-rectangulares","8":"pa_cct-frio6000k","9":"pa_cct-natural4000k","12":"instock","13":"taxable","14":"shipping-taxable","15":"purchasable","16":"product-type-variable","17":"has-default-attributes"},"yoast_head":"<!-- This site is optimized with the Yoast SEO plugin v26.6 - https:\/\/yoast.com\/wordpress\/plugins\/seo\/ -->\n<title>Pantalla LED V 1200x300 mm 40W de Roblan<\/title>\n<meta name=\"description\" content=\"Pantalla LED V 1200x300 mm 40W de Roblan. Versi\u00f3n m\u00e1s econ\u00f3mica que otros paneles. Sustituto de las pantallas de tubos fluorescentes\" \/>\n<meta name=\"robots\" content=\"index, follow, max-snippet:-1, max-image-preview:large, max-video-preview:-1\" \/>\n<link rel=\"canonical\" href=\"https:\/\/ledsolintel.com\/fr\/produit-2\/ecran-led-v-1200x300-mm-40w-by-roblan\/\" \/>\n<meta property=\"og:locale\" content=\"fr_FR\" \/>\n<meta property=\"og:type\" content=\"article\" \/>\n<meta property=\"og:title\" content=\"Pantalla LED V 1200x300 mm 40W de Roblan\" \/>\n<meta property=\"og:description\" content=\"Pantalla LED V 1200x300 mm 40W de Roblan. Versi\u00f3n m\u00e1s econ\u00f3mica que otros paneles. Sustituto de las pantallas de tubos fluorescentes\" \/>\n<meta property=\"og:url\" content=\"https:\/\/ledsolintel.com\/fr\/produit-2\/ecran-led-v-1200x300-mm-40w-by-roblan\/\" \/>\n<meta property=\"og:site_name\" content=\"Ledsolintel\" \/>\n<meta property=\"article:publisher\" content=\"http:\/\/www.facebook.com\/webmenaje\" \/>\n<meta property=\"og:image\" content=\"https:\/\/ledsolintel.com\/wp-content\/uploads\/2020\/10\/12259-Pantalla-LED-V-1200x300-mm-40W-de-Roblan.jpg\" \/>\n\t<meta property=\"og:image:width\" content=\"1\" \/>\n\t<meta property=\"og:image:height\" content=\"1\" \/>\n\t<meta property=\"og:image:type\" content=\"image\/jpeg\" \/>\n<meta name=\"twitter:card\" content=\"summary_large_image\" \/>\n<meta name=\"twitter:site\" content=\"@webmenaje\" \/>\n<script type=\"application\/ld+json\" class=\"yoast-schema-graph\">{\"@context\":\"https:\/\/schema.org\",\"@graph\":[{\"@type\":\"WebPage\",\"@id\":\"https:\/\/ledsolintel.com\/product\/pantalla-led-v-1200x300-mm-40w-de-roblan\/\",\"url\":\"https:\/\/ledsolintel.com\/product\/pantalla-led-v-1200x300-mm-40w-de-roblan\/\",\"name\":\"Pantalla LED V 1200x300 mm 40W de Roblan\",\"isPartOf\":{\"@id\":\"https:\/\/ledsolintel.com\/#website\"},\"primaryImageOfPage\":{\"@id\":\"https:\/\/ledsolintel.com\/product\/pantalla-led-v-1200x300-mm-40w-de-roblan\/#primaryimage\"},\"image\":{\"@id\":\"https:\/\/ledsolintel.com\/product\/pantalla-led-v-1200x300-mm-40w-de-roblan\/#primaryimage\"},\"thumbnailUrl\":\"https:\/\/ledsolintel.com\/wp-content\/uploads\/2020\/10\/12259-Pantalla-LED-V-1200x300-mm-40W-de-Roblan.jpg\",\"datePublished\":\"2020-10-06T11:58:20+00:00\",\"description\":\"Pantalla LED V 1200x300 mm 40W de Roblan. Versi\u00f3n m\u00e1s econ\u00f3mica que otros paneles. Sustituto de las pantallas de tubos fluorescentes\",\"breadcrumb\":{\"@id\":\"https:\/\/ledsolintel.com\/product\/pantalla-led-v-1200x300-mm-40w-de-roblan\/#breadcrumb\"},\"inLanguage\":\"fr-FR\",\"potentialAction\":[{\"@type\":\"ReadAction\",\"target\":[\"https:\/\/ledsolintel.com\/product\/pantalla-led-v-1200x300-mm-40w-de-roblan\/\"]}]},{\"@type\":\"ImageObject\",\"inLanguage\":\"fr-FR\",\"@id\":\"https:\/\/ledsolintel.com\/product\/pantalla-led-v-1200x300-mm-40w-de-roblan\/#primaryimage\",\"url\":\"https:\/\/ledsolintel.com\/wp-content\/uploads\/2020\/10\/12259-Pantalla-LED-V-1200x300-mm-40W-de-Roblan.jpg\",\"contentUrl\":\"https:\/\/ledsolintel.com\/wp-content\/uploads\/2020\/10\/12259-Pantalla-LED-V-1200x300-mm-40W-de-Roblan.jpg\",\"caption\":\"Pantalla LED V 1200x300 mm 40W de Roblan\"},{\"@type\":\"BreadcrumbList\",\"@id\":\"https:\/\/ledsolintel.com\/product\/pantalla-led-v-1200x300-mm-40w-de-roblan\/#breadcrumb\",\"itemListElement\":[{\"@type\":\"ListItem\",\"position\":1,\"name\":\"Portada\",\"item\":\"https:\/\/ledsolintel.com\/fr\/\"},{\"@type\":\"ListItem\",\"position\":2,\"name\":\"Tienda\",\"item\":\"https:\/\/ledsolintel.com\/tienda\/\"},{\"@type\":\"ListItem\",\"position\":3,\"name\":\"Pantalla LED V 1200&#215;300 mm 40W de Roblan\"}]},{\"@type\":\"WebSite\",\"@id\":\"https:\/\/ledsolintel.com\/#website\",\"url\":\"https:\/\/ledsolintel.com\/\",\"name\":\"Webmenaje\",\"description\":\"Tienda de bombillas y l\u00e1mparas LED para profesionales\",\"publisher\":{\"@id\":\"https:\/\/ledsolintel.com\/#organization\"},\"potentialAction\":[{\"@type\":\"SearchAction\",\"target\":{\"@type\":\"EntryPoint\",\"urlTemplate\":\"https:\/\/ledsolintel.com\/?s={search_term_string}\"},\"query-input\":{\"@type\":\"PropertyValueSpecification\",\"valueRequired\":true,\"valueName\":\"search_term_string\"}}],\"inLanguage\":\"fr-FR\"},{\"@type\":\"Organization\",\"@id\":\"https:\/\/ledsolintel.com\/#organization\",\"name\":\"Solintel Noroeste, S.L.\",\"url\":\"https:\/\/ledsolintel.com\/\",\"logo\":{\"@type\":\"ImageObject\",\"inLanguage\":\"fr-FR\",\"@id\":\"https:\/\/ledsolintel.com\/#\/schema\/logo\/image\/\",\"url\":\"https:\/\/ledsolintel.com\/wp-content\/uploads\/2024\/11\/webmenaje-logo-1508269066.jpg\",\"contentUrl\":\"https:\/\/ledsolintel.com\/wp-content\/uploads\/2024\/11\/webmenaje-logo-1508269066.jpg\",\"width\":370,\"height\":90,\"caption\":\"Solintel Noroeste, S.L.\"},\"image\":{\"@id\":\"https:\/\/ledsolintel.com\/#\/schema\/logo\/image\/\"},\"sameAs\":[\"http:\/\/www.facebook.com\/webmenaje\",\"https:\/\/x.com\/webmenaje\",\"https:\/\/www.youtube.com\/channel\/UCX2KoVoeCG4LocZjUc6LmSQ\",\"http:\/\/www.pinterest.com\/webmenaje\"]}]}<\/script>\n<!-- \/ Yoast SEO plugin. -->","yoast_head_json":{"title":"Ecran Roblan LED V 1200x300 mm 40W","description":"Ecran Roblan LED V 1200x300 mm 40W. Version plus \u00e9conomique que les autres panneaux. Remplace les \u00e9crans \u00e0 tubes fluorescents.","robots":{"index":"index","follow":"follow","max-snippet":"max-snippet:-1","max-image-preview":"max-image-preview:large","max-video-preview":"max-video-preview:-1"},"canonical":"https:\/\/ledsolintel.com\/fr\/produit-2\/ecran-led-v-1200x300-mm-40w-by-roblan\/","og_locale":"fr_FR","og_type":"article","og_title":"Pantalla LED V 1200x300 mm 40W de Roblan","og_description":"Pantalla LED V 1200x300 mm 40W de Roblan. Versi\u00f3n m\u00e1s econ\u00f3mica que otros paneles. Sustituto de las pantallas de tubos fluorescentes","og_url":"https:\/\/ledsolintel.com\/fr\/produit-2\/ecran-led-v-1200x300-mm-40w-by-roblan\/","og_site_name":"Ledsolintel","article_publisher":"http:\/\/www.facebook.com\/webmenaje","og_image":[{"url":"https:\/\/ledsolintel.com\/wp-content\/uploads\/2020\/10\/12259-Pantalla-LED-V-1200x300-mm-40W-de-Roblan.jpg","width":1,"height":1,"type":"image\/jpeg"}],"twitter_card":"summary_large_image","twitter_site":"@webmenaje","schema":{"@context":"https:\/\/schema.org","@graph":[{"@type":"WebPage","@id":"https:\/\/ledsolintel.com\/product\/pantalla-led-v-1200x300-mm-40w-de-roblan\/","url":"https:\/\/ledsolintel.com\/product\/pantalla-led-v-1200x300-mm-40w-de-roblan\/","name":"Ecran Roblan LED V 1200x300 mm 40W","isPartOf":{"@id":"https:\/\/ledsolintel.com\/#website"},"primaryImageOfPage":{"@id":"https:\/\/ledsolintel.com\/product\/pantalla-led-v-1200x300-mm-40w-de-roblan\/#primaryimage"},"image":{"@id":"https:\/\/ledsolintel.com\/product\/pantalla-led-v-1200x300-mm-40w-de-roblan\/#primaryimage"},"thumbnailUrl":"https:\/\/ledsolintel.com\/wp-content\/uploads\/2020\/10\/12259-Pantalla-LED-V-1200x300-mm-40W-de-Roblan.jpg","datePublished":"2020-10-06T11:58:20+00:00","description":"Ecran Roblan LED V 1200x300 mm 40W. Version plus \u00e9conomique que les autres panneaux. Remplace les \u00e9crans \u00e0 tubes fluorescents.","breadcrumb":{"@id":"https:\/\/ledsolintel.com\/product\/pantalla-led-v-1200x300-mm-40w-de-roblan\/#breadcrumb"},"inLanguage":"fr-FR","potentialAction":[{"@type":"ReadAction","target":["https:\/\/ledsolintel.com\/product\/pantalla-led-v-1200x300-mm-40w-de-roblan\/"]}]},{"@type":"ImageObject","inLanguage":"fr-FR","@id":"https:\/\/ledsolintel.com\/product\/pantalla-led-v-1200x300-mm-40w-de-roblan\/#primaryimage","url":"https:\/\/ledsolintel.com\/wp-content\/uploads\/2020\/10\/12259-Pantalla-LED-V-1200x300-mm-40W-de-Roblan.jpg","contentUrl":"https:\/\/ledsolintel.com\/wp-content\/uploads\/2020\/10\/12259-Pantalla-LED-V-1200x300-mm-40W-de-Roblan.jpg","caption":"Pantalla LED V 1200x300 mm 40W de Roblan"},{"@type":"BreadcrumbList","@id":"https:\/\/ledsolintel.com\/product\/pantalla-led-v-1200x300-mm-40w-de-roblan\/#breadcrumb","itemListElement":[{"@type":"ListItem","position":1,"name":"Portada","item":"https:\/\/ledsolintel.com\/fr\/"},{"@type":"ListItem","position":2,"name":"Tienda","item":"https:\/\/ledsolintel.com\/tienda\/"},{"@type":"ListItem","position":3,"name":"Pantalla LED V 1200&#215;300 mm 40W de Roblan"}]},{"@type":"WebSite","@id":"https:\/\/ledsolintel.com\/#website","url":"https:\/\/ledsolintel.com\/","name":"Webmenaje","description":"Magasin d'ampoules et de lampes LED pour les professionnels","publisher":{"@id":"https:\/\/ledsolintel.com\/#organization"},"potentialAction":[{"@type":"SearchAction","target":{"@type":"EntryPoint","urlTemplate":"https:\/\/ledsolintel.com\/?s={search_term_string}"},"query-input":{"@type":"PropertyValueSpecification","valueRequired":true,"valueName":"search_term_string"}}],"inLanguage":"fr-FR"},{"@type":"Organization","@id":"https:\/\/ledsolintel.com\/#organization","name":"Solintel Noroeste, S.L.","url":"https:\/\/ledsolintel.com\/","logo":{"@type":"ImageObject","inLanguage":"fr-FR","@id":"https:\/\/ledsolintel.com\/#\/schema\/logo\/image\/","url":"https:\/\/ledsolintel.com\/wp-content\/uploads\/2024\/11\/webmenaje-logo-1508269066.jpg","contentUrl":"https:\/\/ledsolintel.com\/wp-content\/uploads\/2024\/11\/webmenaje-logo-1508269066.jpg","width":370,"height":90,"caption":"Solintel Noroeste, S.L."},"image":{"@id":"https:\/\/ledsolintel.com\/#\/schema\/logo\/image\/"},"sameAs":["http:\/\/www.facebook.com\/webmenaje","https:\/\/x.com\/webmenaje","https:\/\/www.youtube.com\/channel\/UCX2KoVoeCG4LocZjUc6LmSQ","http:\/\/www.pinterest.com\/webmenaje"]}]}},"_links":{"self":[{"href":"https:\/\/ledsolintel.com\/fr\/wp-json\/wp\/v2\/product\/244003","targetHints":{"allow":["GET"]}}],"collection":[{"href":"https:\/\/ledsolintel.com\/fr\/wp-json\/wp\/v2\/product"}],"about":[{"href":"https:\/\/ledsolintel.com\/fr\/wp-json\/wp\/v2\/types\/product"}],"version-history":[{"count":0,"href":"https:\/\/ledsolintel.com\/fr\/wp-json\/wp\/v2\/product\/244003\/revisions"}],"wp:featuredmedia":[{"embeddable":true,"href":"https:\/\/ledsolintel.com\/fr\/wp-json\/wp\/v2\/media\/244002"}],"wp:attachment":[{"href":"https:\/\/ledsolintel.com\/fr\/wp-json\/wp\/v2\/media?parent=244003"}],"wp:term":[{"taxonomy":"product_brand","embeddable":true,"href":"https:\/\/ledsolintel.com\/fr\/wp-json\/wp\/v2\/product_brand?post=244003"},{"taxonomy":"product_cat","embeddable":true,"href":"https:\/\/ledsolintel.com\/fr\/wp-json\/wp\/v2\/product_cat?post=244003"},{"taxonomy":"product_tag","embeddable":true,"href":"https:\/\/ledsolintel.com\/fr\/wp-json\/wp\/v2\/product_tag?post=244003"}],"curies":[{"name":"wp","href":"https:\/\/api.w.org\/{rel}","templated":true}]}}