{"id":243979,"date":"2020-10-05T14:16:08","date_gmt":"2020-10-05T12:16:08","guid":{"rendered":"https:\/\/nueva.ledsolintel.com\/product\/luminaria-de-techo-led-sky-wl20-de-roblan\/"},"modified":"2020-10-05T14:16:08","modified_gmt":"2020-10-05T12:16:08","slug":"luminaria-de-techo-led-sky-wl20-de-roblan","status":"publish","type":"product","link":"https:\/\/ledsolintel.com\/fr\/produit-2\/luminaria-de-techo-led-sky-wl20-de-roblan\/","title":{"rendered":"Roblan SKY WL20 Plafonnier LED SKY WL20"},"content":{"rendered":"<h1>Roblan SKY WL20 Plafonnier LED SKY WL20<\/h1>\n<p>\u00a0<\/p>\n<h2>LED SKY WL20 Luminaire \u00e0 LED de 25 W<\/h2>\n<ul>\n<li>Puissance : 25 W<\/li>\n<li>Tension : 220-240 V<\/li>\n<li>Luminosit\u00e9 : 2500 lm<\/li>\n<li>Optique : 120\u00ba.<\/li>\n<li>CCT :<\/li>\n<ul>\n<li>4000 K<\/li>\n<li>6500 K<\/li>\n<\/ul>\n<li>IP20<\/li>\n<li>PF &gt; 0,9<\/li>\n<li>Dur\u00e9e de vie : 30 000 h<\/li>\n<li>Dimensions : 615 x 25 x 130 mm<\/li>\n<\/ul>\n<p>\u00a0<\/p>\n<h2>LED SKY WL20 48 W Luminaire LED<\/h2>\n<ul>\n<li>Puissance : 48 W<\/li>\n<li>Tension : 220-240 V<\/li>\n<li>Luminance : 4800 lm<\/li>\n<li>Optique : 120\u00ba.<\/li>\n<li>CCT :<\/li>\n<ul>\n<li>4000 K<\/li>\n<li>6500 K<\/li>\n<\/ul>\n<li>IP20<\/li>\n<li>PF &gt; 0,9<\/li>\n<li>Dur\u00e9e de vie : 30 000 h<\/li>\n<li>Dimensions : 1215 x 25 x 130<span> <\/span> mm<\/li>\n<\/ul>","protected":false},"excerpt":{"rendered":"<p>Plafonnier \u00e0 LED SKY WL20 de Roblan. Pour l'int\u00e9rieur. Angle ouvert \u00e0 haute luminance pour l'\u00e9clairage g\u00e9n\u00e9ral.<\/p>\n<p>Disponible en deux tailles et deux teintes de blanc.<\/p>","protected":false},"featured_media":243978,"template":"","meta":[],"product_brand":[99355],"product_cat":[99573,99909,99679],"product_tag":[],"class_list":{"0":"post-243979","1":"product","2":"type-product","3":"status-publish","4":"has-post-thumbnail","6":"product_brand-roblan","7":"product_cat-iluminacion-interior","8":"product_cat-plafones-de-superficie","9":"product_cat-lamparas-de-techo","10":"pa_cct-4000k","11":"pa_cct-6500k","12":"pa_potencia-25w","13":"pa_potencia-48w","16":"instock","17":"taxable","18":"shipping-taxable","19":"purchasable","20":"product-type-variable","21":"has-default-attributes"},"yoast_head":"<!-- This site is optimized with the Yoast SEO plugin v26.6 - https:\/\/yoast.com\/wordpress\/plugins\/seo\/ -->\n<title>Luminaria de techo LED SKY WL20 de Roblan<\/title>\n<meta name=\"description\" content=\"Luminaria de techo LED SKY WL20 de Roblan. Para uso en interiores. Alta luminosidad en \u00e1ngulo abierto para alumbrado general.\" \/>\n<meta name=\"robots\" content=\"index, follow, max-snippet:-1, max-image-preview:large, max-video-preview:-1\" \/>\n<link rel=\"canonical\" href=\"https:\/\/ledsolintel.com\/fr\/produit-2\/luminaria-de-techo-led-sky-wl20-de-roblan\/\" \/>\n<meta property=\"og:locale\" content=\"fr_FR\" \/>\n<meta property=\"og:type\" content=\"article\" \/>\n<meta property=\"og:title\" content=\"Luminaria de techo LED SKY WL20 de Roblan\" \/>\n<meta property=\"og:description\" content=\"Luminaria de techo LED SKY WL20 de Roblan. Para uso en interiores. Alta luminosidad en \u00e1ngulo abierto para alumbrado general.\" \/>\n<meta property=\"og:url\" content=\"https:\/\/ledsolintel.com\/fr\/produit-2\/luminaria-de-techo-led-sky-wl20-de-roblan\/\" \/>\n<meta property=\"og:site_name\" content=\"Ledsolintel\" \/>\n<meta property=\"article:publisher\" content=\"http:\/\/www.facebook.com\/webmenaje\" \/>\n<meta property=\"og:image\" content=\"https:\/\/ledsolintel.com\/wp-content\/uploads\/2020\/10\/12248-Luminaria-de-techo-LED-SKY-WL20-de-Roblan.jpg\" \/>\n\t<meta property=\"og:image:width\" content=\"1\" \/>\n\t<meta property=\"og:image:height\" content=\"1\" \/>\n\t<meta property=\"og:image:type\" content=\"image\/jpeg\" \/>\n<meta name=\"twitter:card\" content=\"summary_large_image\" \/>\n<meta name=\"twitter:site\" content=\"@webmenaje\" \/>\n<script type=\"application\/ld+json\" class=\"yoast-schema-graph\">{\"@context\":\"https:\/\/schema.org\",\"@graph\":[{\"@type\":\"WebPage\",\"@id\":\"https:\/\/ledsolintel.com\/product\/luminaria-de-techo-led-sky-wl20-de-roblan\/\",\"url\":\"https:\/\/ledsolintel.com\/product\/luminaria-de-techo-led-sky-wl20-de-roblan\/\",\"name\":\"Luminaria de techo LED SKY WL20 de Roblan\",\"isPartOf\":{\"@id\":\"https:\/\/ledsolintel.com\/#website\"},\"primaryImageOfPage\":{\"@id\":\"https:\/\/ledsolintel.com\/product\/luminaria-de-techo-led-sky-wl20-de-roblan\/#primaryimage\"},\"image\":{\"@id\":\"https:\/\/ledsolintel.com\/product\/luminaria-de-techo-led-sky-wl20-de-roblan\/#primaryimage\"},\"thumbnailUrl\":\"https:\/\/ledsolintel.com\/wp-content\/uploads\/2020\/10\/12248-Luminaria-de-techo-LED-SKY-WL20-de-Roblan.jpg\",\"datePublished\":\"2020-10-05T12:16:08+00:00\",\"description\":\"Luminaria de techo LED SKY WL20 de Roblan. Para uso en interiores. Alta luminosidad en \u00e1ngulo abierto para alumbrado general.\",\"breadcrumb\":{\"@id\":\"https:\/\/ledsolintel.com\/product\/luminaria-de-techo-led-sky-wl20-de-roblan\/#breadcrumb\"},\"inLanguage\":\"fr-FR\",\"potentialAction\":[{\"@type\":\"ReadAction\",\"target\":[\"https:\/\/ledsolintel.com\/product\/luminaria-de-techo-led-sky-wl20-de-roblan\/\"]}]},{\"@type\":\"ImageObject\",\"inLanguage\":\"fr-FR\",\"@id\":\"https:\/\/ledsolintel.com\/product\/luminaria-de-techo-led-sky-wl20-de-roblan\/#primaryimage\",\"url\":\"https:\/\/ledsolintel.com\/wp-content\/uploads\/2020\/10\/12248-Luminaria-de-techo-LED-SKY-WL20-de-Roblan.jpg\",\"contentUrl\":\"https:\/\/ledsolintel.com\/wp-content\/uploads\/2020\/10\/12248-Luminaria-de-techo-LED-SKY-WL20-de-Roblan.jpg\",\"caption\":\"Luminaria de techo LED SKY WL20 de Roblan\"},{\"@type\":\"BreadcrumbList\",\"@id\":\"https:\/\/ledsolintel.com\/product\/luminaria-de-techo-led-sky-wl20-de-roblan\/#breadcrumb\",\"itemListElement\":[{\"@type\":\"ListItem\",\"position\":1,\"name\":\"Portada\",\"item\":\"https:\/\/ledsolintel.com\/fr\/\"},{\"@type\":\"ListItem\",\"position\":2,\"name\":\"Tienda\",\"item\":\"https:\/\/ledsolintel.com\/tienda\/\"},{\"@type\":\"ListItem\",\"position\":3,\"name\":\"Luminaria de techo LED SKY WL20 de Roblan\"}]},{\"@type\":\"WebSite\",\"@id\":\"https:\/\/ledsolintel.com\/#website\",\"url\":\"https:\/\/ledsolintel.com\/\",\"name\":\"Webmenaje\",\"description\":\"Tienda de bombillas y l\u00e1mparas LED para profesionales\",\"publisher\":{\"@id\":\"https:\/\/ledsolintel.com\/#organization\"},\"potentialAction\":[{\"@type\":\"SearchAction\",\"target\":{\"@type\":\"EntryPoint\",\"urlTemplate\":\"https:\/\/ledsolintel.com\/?s={search_term_string}\"},\"query-input\":{\"@type\":\"PropertyValueSpecification\",\"valueRequired\":true,\"valueName\":\"search_term_string\"}}],\"inLanguage\":\"fr-FR\"},{\"@type\":\"Organization\",\"@id\":\"https:\/\/ledsolintel.com\/#organization\",\"name\":\"Solintel Noroeste, S.L.\",\"url\":\"https:\/\/ledsolintel.com\/\",\"logo\":{\"@type\":\"ImageObject\",\"inLanguage\":\"fr-FR\",\"@id\":\"https:\/\/ledsolintel.com\/#\/schema\/logo\/image\/\",\"url\":\"https:\/\/ledsolintel.com\/wp-content\/uploads\/2024\/11\/webmenaje-logo-1508269066.jpg\",\"contentUrl\":\"https:\/\/ledsolintel.com\/wp-content\/uploads\/2024\/11\/webmenaje-logo-1508269066.jpg\",\"width\":370,\"height\":90,\"caption\":\"Solintel Noroeste, S.L.\"},\"image\":{\"@id\":\"https:\/\/ledsolintel.com\/#\/schema\/logo\/image\/\"},\"sameAs\":[\"http:\/\/www.facebook.com\/webmenaje\",\"https:\/\/x.com\/webmenaje\",\"https:\/\/www.youtube.com\/channel\/UCX2KoVoeCG4LocZjUc6LmSQ\",\"http:\/\/www.pinterest.com\/webmenaje\"]}]}<\/script>\n<!-- \/ Yoast SEO plugin. -->","yoast_head_json":{"title":"Roblan SKY WL20 Plafonnier LED SKY WL20","description":"Plafonnier \u00e0 LED SKY WL20 de Roblan. Pour l'int\u00e9rieur. Angle ouvert \u00e0 haute luminance pour l'\u00e9clairage g\u00e9n\u00e9ral.","robots":{"index":"index","follow":"follow","max-snippet":"max-snippet:-1","max-image-preview":"max-image-preview:large","max-video-preview":"max-video-preview:-1"},"canonical":"https:\/\/ledsolintel.com\/fr\/produit-2\/luminaria-de-techo-led-sky-wl20-de-roblan\/","og_locale":"fr_FR","og_type":"article","og_title":"Luminaria de techo LED SKY WL20 de Roblan","og_description":"Luminaria de techo LED SKY WL20 de Roblan. Para uso en interiores. Alta luminosidad en \u00e1ngulo abierto para alumbrado general.","og_url":"https:\/\/ledsolintel.com\/fr\/produit-2\/luminaria-de-techo-led-sky-wl20-de-roblan\/","og_site_name":"Ledsolintel","article_publisher":"http:\/\/www.facebook.com\/webmenaje","og_image":[{"url":"https:\/\/ledsolintel.com\/wp-content\/uploads\/2020\/10\/12248-Luminaria-de-techo-LED-SKY-WL20-de-Roblan.jpg","width":1,"height":1,"type":"image\/jpeg"}],"twitter_card":"summary_large_image","twitter_site":"@webmenaje","schema":{"@context":"https:\/\/schema.org","@graph":[{"@type":"WebPage","@id":"https:\/\/ledsolintel.com\/product\/luminaria-de-techo-led-sky-wl20-de-roblan\/","url":"https:\/\/ledsolintel.com\/product\/luminaria-de-techo-led-sky-wl20-de-roblan\/","name":"Roblan SKY WL20 Plafonnier LED SKY WL20","isPartOf":{"@id":"https:\/\/ledsolintel.com\/#website"},"primaryImageOfPage":{"@id":"https:\/\/ledsolintel.com\/product\/luminaria-de-techo-led-sky-wl20-de-roblan\/#primaryimage"},"image":{"@id":"https:\/\/ledsolintel.com\/product\/luminaria-de-techo-led-sky-wl20-de-roblan\/#primaryimage"},"thumbnailUrl":"https:\/\/ledsolintel.com\/wp-content\/uploads\/2020\/10\/12248-Luminaria-de-techo-LED-SKY-WL20-de-Roblan.jpg","datePublished":"2020-10-05T12:16:08+00:00","description":"Plafonnier \u00e0 LED SKY WL20 de Roblan. Pour l'int\u00e9rieur. Angle ouvert \u00e0 haute luminance pour l'\u00e9clairage g\u00e9n\u00e9ral.","breadcrumb":{"@id":"https:\/\/ledsolintel.com\/product\/luminaria-de-techo-led-sky-wl20-de-roblan\/#breadcrumb"},"inLanguage":"fr-FR","potentialAction":[{"@type":"ReadAction","target":["https:\/\/ledsolintel.com\/product\/luminaria-de-techo-led-sky-wl20-de-roblan\/"]}]},{"@type":"ImageObject","inLanguage":"fr-FR","@id":"https:\/\/ledsolintel.com\/product\/luminaria-de-techo-led-sky-wl20-de-roblan\/#primaryimage","url":"https:\/\/ledsolintel.com\/wp-content\/uploads\/2020\/10\/12248-Luminaria-de-techo-LED-SKY-WL20-de-Roblan.jpg","contentUrl":"https:\/\/ledsolintel.com\/wp-content\/uploads\/2020\/10\/12248-Luminaria-de-techo-LED-SKY-WL20-de-Roblan.jpg","caption":"Luminaria de techo LED SKY WL20 de Roblan"},{"@type":"BreadcrumbList","@id":"https:\/\/ledsolintel.com\/product\/luminaria-de-techo-led-sky-wl20-de-roblan\/#breadcrumb","itemListElement":[{"@type":"ListItem","position":1,"name":"Portada","item":"https:\/\/ledsolintel.com\/fr\/"},{"@type":"ListItem","position":2,"name":"Tienda","item":"https:\/\/ledsolintel.com\/tienda\/"},{"@type":"ListItem","position":3,"name":"Luminaria de techo LED SKY WL20 de Roblan"}]},{"@type":"WebSite","@id":"https:\/\/ledsolintel.com\/#website","url":"https:\/\/ledsolintel.com\/","name":"Webmenaje","description":"Magasin d'ampoules et de lampes LED pour les professionnels","publisher":{"@id":"https:\/\/ledsolintel.com\/#organization"},"potentialAction":[{"@type":"SearchAction","target":{"@type":"EntryPoint","urlTemplate":"https:\/\/ledsolintel.com\/?s={search_term_string}"},"query-input":{"@type":"PropertyValueSpecification","valueRequired":true,"valueName":"search_term_string"}}],"inLanguage":"fr-FR"},{"@type":"Organization","@id":"https:\/\/ledsolintel.com\/#organization","name":"Solintel Noroeste, S.L.","url":"https:\/\/ledsolintel.com\/","logo":{"@type":"ImageObject","inLanguage":"fr-FR","@id":"https:\/\/ledsolintel.com\/#\/schema\/logo\/image\/","url":"https:\/\/ledsolintel.com\/wp-content\/uploads\/2024\/11\/webmenaje-logo-1508269066.jpg","contentUrl":"https:\/\/ledsolintel.com\/wp-content\/uploads\/2024\/11\/webmenaje-logo-1508269066.jpg","width":370,"height":90,"caption":"Solintel Noroeste, S.L."},"image":{"@id":"https:\/\/ledsolintel.com\/#\/schema\/logo\/image\/"},"sameAs":["http:\/\/www.facebook.com\/webmenaje","https:\/\/x.com\/webmenaje","https:\/\/www.youtube.com\/channel\/UCX2KoVoeCG4LocZjUc6LmSQ","http:\/\/www.pinterest.com\/webmenaje"]}]}},"_links":{"self":[{"href":"https:\/\/ledsolintel.com\/fr\/wp-json\/wp\/v2\/product\/243979","targetHints":{"allow":["GET"]}}],"collection":[{"href":"https:\/\/ledsolintel.com\/fr\/wp-json\/wp\/v2\/product"}],"about":[{"href":"https:\/\/ledsolintel.com\/fr\/wp-json\/wp\/v2\/types\/product"}],"version-history":[{"count":0,"href":"https:\/\/ledsolintel.com\/fr\/wp-json\/wp\/v2\/product\/243979\/revisions"}],"wp:featuredmedia":[{"embeddable":true,"href":"https:\/\/ledsolintel.com\/fr\/wp-json\/wp\/v2\/media\/243978"}],"wp:attachment":[{"href":"https:\/\/ledsolintel.com\/fr\/wp-json\/wp\/v2\/media?parent=243979"}],"wp:term":[{"taxonomy":"product_brand","embeddable":true,"href":"https:\/\/ledsolintel.com\/fr\/wp-json\/wp\/v2\/product_brand?post=243979"},{"taxonomy":"product_cat","embeddable":true,"href":"https:\/\/ledsolintel.com\/fr\/wp-json\/wp\/v2\/product_cat?post=243979"},{"taxonomy":"product_tag","embeddable":true,"href":"https:\/\/ledsolintel.com\/fr\/wp-json\/wp\/v2\/product_tag?post=243979"}],"curies":[{"name":"wp","href":"https:\/\/api.w.org\/{rel}","templated":true}]}}