{"id":243881,"date":"2020-08-27T16:55:08","date_gmt":"2020-08-27T14:55:08","guid":{"rendered":"https:\/\/nueva.ledsolintel.com\/product\/aro-decorativo-orientable-cuadrado-nc1860sq-de-yld\/"},"modified":"2020-08-27T16:55:08","modified_gmt":"2020-08-27T14:55:08","slug":"aro-decorativo-orientable-cuadrado-nc1860sq-de-yld","status":"publish","type":"product","link":"https:\/\/ledsolintel.com\/fr\/produit-2\/aro-decorativo-orientable-cuadrado-nc1860sq-de-yld\/","title":{"rendered":"YLD NC1860SQ anneau d\u00e9coratif carr\u00e9 pivotant NC1860SQ"},"content":{"rendered":"<h1>YLD NC1860SQ anneau d\u00e9coratif carr\u00e9 pivotant NC1860SQ<\/h1>\n<p>\u00a0<\/p>\n<ul>\n<li>Dimensiones:\u00a098&#215;98 mm<\/li>\n<li>Douille : GU10<\/li>\n<li>Protection : IP20<\/li>\n<li>Corte:\u00a075 mm<\/li>\n<\/ul>","protected":false},"excerpt":{"rendered":"<p>Aro decorativo orientable cuadrado NC1860SQ de YLD. Disponible en varios colores. Rotaci\u00f3n de 80\u00ba<\/p>","protected":false},"featured_media":243874,"template":"","meta":[],"product_brand":[99375],"product_cat":[99713,99573],"product_tag":[],"class_list":{"0":"post-243881","1":"product","2":"type-product","3":"status-publish","4":"has-post-thumbnail","6":"product_brand-yld","7":"product_cat-aros-cardans-y-estructuras-empotrables","8":"product_cat-iluminacion-interior","9":"pa_acabado-blanco","10":"pa_acabado-bronce","11":"pa_acabado-cobre","12":"pa_acabado-cromobrillo","13":"pa_acabado-cromosatinado","14":"pa_acabado-negrografito","15":"pa_acabado-negrotexturizado","16":"pa_acabado-niquelsatinado","19":"instock","20":"taxable","21":"shipping-taxable","22":"purchasable","23":"product-type-variable","24":"has-default-attributes"},"yoast_head":"<!-- This site is optimized with the Yoast SEO plugin v27.4 - https:\/\/yoast.com\/product\/yoast-seo-wordpress\/ -->\n<title>Aro decorativo orientable cuadrado NC1860SQ de YLD<\/title>\n<meta name=\"description\" content=\"Aro decorativo orientable cuadrado NC1860SQ de YLD. Disponible en varios colores. Rotaci\u00f3n de 80\u00ba\" \/>\n<meta name=\"robots\" content=\"index, follow, max-snippet:-1, max-image-preview:large, max-video-preview:-1\" \/>\n<link rel=\"canonical\" href=\"https:\/\/ledsolintel.com\/fr\/produit-2\/aro-decorativo-orientable-cuadrado-nc1860sq-de-yld\/\" \/>\n<meta property=\"og:locale\" content=\"fr_FR\" \/>\n<meta property=\"og:type\" content=\"article\" \/>\n<meta property=\"og:title\" content=\"Aro decorativo orientable cuadrado NC1860SQ de YLD\" \/>\n<meta property=\"og:description\" content=\"Aro decorativo orientable cuadrado NC1860SQ de YLD. Disponible en varios colores. Rotaci\u00f3n de 80\u00ba\" \/>\n<meta property=\"og:url\" content=\"https:\/\/ledsolintel.com\/fr\/produit-2\/aro-decorativo-orientable-cuadrado-nc1860sq-de-yld\/\" \/>\n<meta property=\"og:site_name\" content=\"Ledsolintel\" \/>\n<meta property=\"article:publisher\" content=\"http:\/\/www.facebook.com\/webmenaje\" \/>\n<meta property=\"og:image\" content=\"https:\/\/ledsolintel.com\/wp-content\/uploads\/2020\/08\/11984-Aro-decorativo-orientable-cuadrado-NC1860SQ-de-YLD.jpg\" \/>\n\t<meta property=\"og:image:width\" content=\"1\" \/>\n\t<meta property=\"og:image:height\" content=\"1\" \/>\n\t<meta property=\"og:image:type\" content=\"image\/jpeg\" \/>\n<meta name=\"twitter:card\" content=\"summary_large_image\" \/>\n<meta name=\"twitter:site\" content=\"@webmenaje\" \/>\n<script type=\"application\/ld+json\" class=\"yoast-schema-graph\">{\"@context\":\"https:\\\/\\\/schema.org\",\"@graph\":[{\"@type\":\"WebPage\",\"@id\":\"https:\\\/\\\/ledsolintel.com\\\/product\\\/aro-decorativo-orientable-cuadrado-nc1860sq-de-yld\\\/\",\"url\":\"https:\\\/\\\/ledsolintel.com\\\/product\\\/aro-decorativo-orientable-cuadrado-nc1860sq-de-yld\\\/\",\"name\":\"Aro decorativo orientable cuadrado NC1860SQ de YLD\",\"isPartOf\":{\"@id\":\"https:\\\/\\\/ledsolintel.com\\\/#website\"},\"primaryImageOfPage\":{\"@id\":\"https:\\\/\\\/ledsolintel.com\\\/product\\\/aro-decorativo-orientable-cuadrado-nc1860sq-de-yld\\\/#primaryimage\"},\"image\":{\"@id\":\"https:\\\/\\\/ledsolintel.com\\\/product\\\/aro-decorativo-orientable-cuadrado-nc1860sq-de-yld\\\/#primaryimage\"},\"thumbnailUrl\":\"https:\\\/\\\/ledsolintel.com\\\/wp-content\\\/uploads\\\/2020\\\/08\\\/11984-Aro-decorativo-orientable-cuadrado-NC1860SQ-de-YLD.jpg\",\"datePublished\":\"2020-08-27T14:55:08+00:00\",\"description\":\"Aro decorativo orientable cuadrado NC1860SQ de YLD. Disponible en varios colores. Rotaci\u00f3n de 80\u00ba\",\"breadcrumb\":{\"@id\":\"https:\\\/\\\/ledsolintel.com\\\/product\\\/aro-decorativo-orientable-cuadrado-nc1860sq-de-yld\\\/#breadcrumb\"},\"inLanguage\":\"fr-FR\",\"potentialAction\":[{\"@type\":\"ReadAction\",\"target\":[\"https:\\\/\\\/ledsolintel.com\\\/product\\\/aro-decorativo-orientable-cuadrado-nc1860sq-de-yld\\\/\"]}]},{\"@type\":\"ImageObject\",\"inLanguage\":\"fr-FR\",\"@id\":\"https:\\\/\\\/ledsolintel.com\\\/product\\\/aro-decorativo-orientable-cuadrado-nc1860sq-de-yld\\\/#primaryimage\",\"url\":\"https:\\\/\\\/ledsolintel.com\\\/wp-content\\\/uploads\\\/2020\\\/08\\\/11984-Aro-decorativo-orientable-cuadrado-NC1860SQ-de-YLD.jpg\",\"contentUrl\":\"https:\\\/\\\/ledsolintel.com\\\/wp-content\\\/uploads\\\/2020\\\/08\\\/11984-Aro-decorativo-orientable-cuadrado-NC1860SQ-de-YLD.jpg\",\"caption\":\"Aro decorativo orientable cuadrado NC1860SQ de YLD\"},{\"@type\":\"BreadcrumbList\",\"@id\":\"https:\\\/\\\/ledsolintel.com\\\/product\\\/aro-decorativo-orientable-cuadrado-nc1860sq-de-yld\\\/#breadcrumb\",\"itemListElement\":[{\"@type\":\"ListItem\",\"position\":1,\"name\":\"Portada\",\"item\":\"https:\\\/\\\/ledsolintel.com\\\/fr\\\/\"},{\"@type\":\"ListItem\",\"position\":2,\"name\":\"Tienda\",\"item\":\"https:\\\/\\\/ledsolintel.com\\\/tienda\\\/\"},{\"@type\":\"ListItem\",\"position\":3,\"name\":\"Aro decorativo orientable cuadrado NC1860SQ de YLD\"}]},{\"@type\":\"WebSite\",\"@id\":\"https:\\\/\\\/ledsolintel.com\\\/#website\",\"url\":\"https:\\\/\\\/ledsolintel.com\\\/\",\"name\":\"Webmenaje\",\"description\":\"Tienda de bombillas y l\u00e1mparas LED para profesionales\",\"publisher\":{\"@id\":\"https:\\\/\\\/ledsolintel.com\\\/#organization\"},\"potentialAction\":[{\"@type\":\"SearchAction\",\"target\":{\"@type\":\"EntryPoint\",\"urlTemplate\":\"https:\\\/\\\/ledsolintel.com\\\/?s={search_term_string}\"},\"query-input\":{\"@type\":\"PropertyValueSpecification\",\"valueRequired\":true,\"valueName\":\"search_term_string\"}}],\"inLanguage\":\"fr-FR\"},{\"@type\":\"Organization\",\"@id\":\"https:\\\/\\\/ledsolintel.com\\\/#organization\",\"name\":\"Solintel Noroeste, S.L.\",\"url\":\"https:\\\/\\\/ledsolintel.com\\\/\",\"logo\":{\"@type\":\"ImageObject\",\"inLanguage\":\"fr-FR\",\"@id\":\"https:\\\/\\\/ledsolintel.com\\\/#\\\/schema\\\/logo\\\/image\\\/\",\"url\":\"https:\\\/\\\/ledsolintel.com\\\/wp-content\\\/uploads\\\/2024\\\/11\\\/webmenaje-logo-1508269066.jpg\",\"contentUrl\":\"https:\\\/\\\/ledsolintel.com\\\/wp-content\\\/uploads\\\/2024\\\/11\\\/webmenaje-logo-1508269066.jpg\",\"width\":370,\"height\":90,\"caption\":\"Solintel Noroeste, S.L.\"},\"image\":{\"@id\":\"https:\\\/\\\/ledsolintel.com\\\/#\\\/schema\\\/logo\\\/image\\\/\"},\"sameAs\":[\"http:\\\/\\\/www.facebook.com\\\/webmenaje\",\"https:\\\/\\\/x.com\\\/webmenaje\",\"https:\\\/\\\/www.youtube.com\\\/channel\\\/UCX2KoVoeCG4LocZjUc6LmSQ\",\"http:\\\/\\\/www.pinterest.com\\\/webmenaje\"]}]}<\/script>\n<!-- \/ Yoast SEO plugin. -->","yoast_head_json":{"title":"YLD NC1860SQ anneau d\u00e9coratif carr\u00e9 pivotant NC1860SQ","description":"Aro decorativo orientable cuadrado NC1860SQ de YLD. Disponible en varios colores. Rotaci\u00f3n de 80\u00ba","robots":{"index":"index","follow":"follow","max-snippet":"max-snippet:-1","max-image-preview":"max-image-preview:large","max-video-preview":"max-video-preview:-1"},"canonical":"https:\/\/ledsolintel.com\/fr\/produit-2\/aro-decorativo-orientable-cuadrado-nc1860sq-de-yld\/","og_locale":"fr_FR","og_type":"article","og_title":"Aro decorativo orientable cuadrado NC1860SQ de YLD","og_description":"Aro decorativo orientable cuadrado NC1860SQ de YLD. Disponible en varios colores. Rotaci\u00f3n de 80\u00ba","og_url":"https:\/\/ledsolintel.com\/fr\/produit-2\/aro-decorativo-orientable-cuadrado-nc1860sq-de-yld\/","og_site_name":"Ledsolintel","article_publisher":"http:\/\/www.facebook.com\/webmenaje","og_image":[{"url":"https:\/\/ledsolintel.com\/wp-content\/uploads\/2020\/08\/11984-Aro-decorativo-orientable-cuadrado-NC1860SQ-de-YLD.jpg","width":1,"height":1,"type":"image\/jpeg"}],"twitter_card":"summary_large_image","twitter_site":"@webmenaje","schema":{"@context":"https:\/\/schema.org","@graph":[{"@type":"WebPage","@id":"https:\/\/ledsolintel.com\/product\/aro-decorativo-orientable-cuadrado-nc1860sq-de-yld\/","url":"https:\/\/ledsolintel.com\/product\/aro-decorativo-orientable-cuadrado-nc1860sq-de-yld\/","name":"YLD NC1860SQ anneau d\u00e9coratif carr\u00e9 pivotant NC1860SQ","isPartOf":{"@id":"https:\/\/ledsolintel.com\/#website"},"primaryImageOfPage":{"@id":"https:\/\/ledsolintel.com\/product\/aro-decorativo-orientable-cuadrado-nc1860sq-de-yld\/#primaryimage"},"image":{"@id":"https:\/\/ledsolintel.com\/product\/aro-decorativo-orientable-cuadrado-nc1860sq-de-yld\/#primaryimage"},"thumbnailUrl":"https:\/\/ledsolintel.com\/wp-content\/uploads\/2020\/08\/11984-Aro-decorativo-orientable-cuadrado-NC1860SQ-de-YLD.jpg","datePublished":"2020-08-27T14:55:08+00:00","description":"Aro decorativo orientable cuadrado NC1860SQ de YLD. Disponible en varios colores. Rotaci\u00f3n de 80\u00ba","breadcrumb":{"@id":"https:\/\/ledsolintel.com\/product\/aro-decorativo-orientable-cuadrado-nc1860sq-de-yld\/#breadcrumb"},"inLanguage":"fr-FR","potentialAction":[{"@type":"ReadAction","target":["https:\/\/ledsolintel.com\/product\/aro-decorativo-orientable-cuadrado-nc1860sq-de-yld\/"]}]},{"@type":"ImageObject","inLanguage":"fr-FR","@id":"https:\/\/ledsolintel.com\/product\/aro-decorativo-orientable-cuadrado-nc1860sq-de-yld\/#primaryimage","url":"https:\/\/ledsolintel.com\/wp-content\/uploads\/2020\/08\/11984-Aro-decorativo-orientable-cuadrado-NC1860SQ-de-YLD.jpg","contentUrl":"https:\/\/ledsolintel.com\/wp-content\/uploads\/2020\/08\/11984-Aro-decorativo-orientable-cuadrado-NC1860SQ-de-YLD.jpg","caption":"Aro decorativo orientable cuadrado NC1860SQ de YLD"},{"@type":"BreadcrumbList","@id":"https:\/\/ledsolintel.com\/product\/aro-decorativo-orientable-cuadrado-nc1860sq-de-yld\/#breadcrumb","itemListElement":[{"@type":"ListItem","position":1,"name":"Portada","item":"https:\/\/ledsolintel.com\/fr\/"},{"@type":"ListItem","position":2,"name":"Tienda","item":"https:\/\/ledsolintel.com\/tienda\/"},{"@type":"ListItem","position":3,"name":"Aro decorativo orientable cuadrado NC1860SQ de YLD"}]},{"@type":"WebSite","@id":"https:\/\/ledsolintel.com\/#website","url":"https:\/\/ledsolintel.com\/","name":"Webmenaje","description":"Magasin d'ampoules et de lampes LED pour les professionnels","publisher":{"@id":"https:\/\/ledsolintel.com\/#organization"},"potentialAction":[{"@type":"SearchAction","target":{"@type":"EntryPoint","urlTemplate":"https:\/\/ledsolintel.com\/?s={search_term_string}"},"query-input":{"@type":"PropertyValueSpecification","valueRequired":true,"valueName":"search_term_string"}}],"inLanguage":"fr-FR"},{"@type":"Organization","@id":"https:\/\/ledsolintel.com\/#organization","name":"Solintel Noroeste, S.L.","url":"https:\/\/ledsolintel.com\/","logo":{"@type":"ImageObject","inLanguage":"fr-FR","@id":"https:\/\/ledsolintel.com\/#\/schema\/logo\/image\/","url":"https:\/\/ledsolintel.com\/wp-content\/uploads\/2024\/11\/webmenaje-logo-1508269066.jpg","contentUrl":"https:\/\/ledsolintel.com\/wp-content\/uploads\/2024\/11\/webmenaje-logo-1508269066.jpg","width":370,"height":90,"caption":"Solintel Noroeste, S.L."},"image":{"@id":"https:\/\/ledsolintel.com\/#\/schema\/logo\/image\/"},"sameAs":["http:\/\/www.facebook.com\/webmenaje","https:\/\/x.com\/webmenaje","https:\/\/www.youtube.com\/channel\/UCX2KoVoeCG4LocZjUc6LmSQ","http:\/\/www.pinterest.com\/webmenaje"]}]}},"_links":{"self":[{"href":"https:\/\/ledsolintel.com\/fr\/wp-json\/wp\/v2\/product\/243881","targetHints":{"allow":["GET"]}}],"collection":[{"href":"https:\/\/ledsolintel.com\/fr\/wp-json\/wp\/v2\/product"}],"about":[{"href":"https:\/\/ledsolintel.com\/fr\/wp-json\/wp\/v2\/types\/product"}],"version-history":[{"count":0,"href":"https:\/\/ledsolintel.com\/fr\/wp-json\/wp\/v2\/product\/243881\/revisions"}],"wp:featuredmedia":[{"embeddable":true,"href":"https:\/\/ledsolintel.com\/fr\/wp-json\/wp\/v2\/media\/243874"}],"wp:attachment":[{"href":"https:\/\/ledsolintel.com\/fr\/wp-json\/wp\/v2\/media?parent=243881"}],"wp:term":[{"taxonomy":"product_brand","embeddable":true,"href":"https:\/\/ledsolintel.com\/fr\/wp-json\/wp\/v2\/product_brand?post=243881"},{"taxonomy":"product_cat","embeddable":true,"href":"https:\/\/ledsolintel.com\/fr\/wp-json\/wp\/v2\/product_cat?post=243881"},{"taxonomy":"product_tag","embeddable":true,"href":"https:\/\/ledsolintel.com\/fr\/wp-json\/wp\/v2\/product_tag?post=243881"}],"curies":[{"name":"wp","href":"https:\/\/api.w.org\/{rel}","templated":true}]}}